{"id":184825,"date":"2022-03-29T13:30:18","date_gmt":"2022-03-29T10:30:19","guid":{"rendered":"https:\/\/storitgroup.com\/?post_type=product&#038;p=184825"},"modified":"2025-02-05T02:00:36","modified_gmt":"2025-02-05T00:00:36","slug":"shkaf-dlya-sushki-obuvi","status":"publish","type":"product","link":"https:\/\/storitgroup.com\/ru\/tovar\/shkaf-dlya-sushki-obuvi\/","title":{"rendered":"\u0428\u043a\u0430\u0444 \u0434\u043b\u044f \u0441\u0443\u0448\u043a\u0438 \u043e\u0431\u0443\u0432\u0438 Storit"},"content":{"rendered":"<p>Kenkien kuivauskaappi on valmistettu galvanoidusta ter\u00e4ksest\u00e4, eik\u00e4 sit\u00e4 ole maalattu. Kaappiin mahtuu 10 paria kenki\u00e4 kuivausta varten. Ihanteellinen k\u00e4ytett\u00e4v\u00e4ksi esimerkiksi p\u00e4iv\u00e4kodissa, hiihtokeskuksessa, rakennusty\u00f6maalla jne.<\/p>\n<p> Kaapissa on:<br \/>&#8212; 20 kuivausputkea kengille,<br \/>&#8212; l\u00e4mmitys- ja tuuletusmoduuli,<br \/>&#8212; kaksi kahva,<br \/>s\u00e4\u00e4dett\u00e4v\u00e4t jalat.<br \/>&lt;br\/ Automaattinen aikakytkin on asetettu l\u00e4mmitt\u00e4m\u00e4\u00e4n 5 tuntia ja j\u00e4\u00e4hdytt\u00e4m\u00e4\u00e4n 10 minuuttia.<\/p>\n","protected":false},"excerpt":{"rendered":"<p>Kenkien kuivauskaappi on valmistettu galvanoidusta ter\u00e4ksest\u00e4, eik\u00e4 sit\u00e4 ole maalattu. Kaappiin mahtuu 10 paria kenki\u00e4 kuivausta varten. Ihanteellinen k\u00e4ytett\u00e4v\u00e4ksi esimerkiksi p\u00e4iv\u00e4kodissa, hiihtokeskuksessa, rakennusty\u00f6maalla jne.<\/p>\n<p> Kaapissa on:<\/p>\n","protected":false},"featured_media":201851,"template":"","meta":{"_acf_changed":false},"product_brand":[],"product_cat":[6894],"product_tag":[],"class_list":{"0":"post-184825","1":"product","2":"type-product","3":"status-publish","4":"has-post-thumbnail","6":"product_room-shkoly-i-detskie-sady","7":"product_room-razvitie-nedvizhimosti","8":"product_room-razdevalka","9":"product_room-masterskaya-i-garazh","10":"product_cat-skafciki-dlya-belyya-susilynie-skafi","12":"first","13":"instock","14":"taxable","15":"shipping-taxable","16":"purchasable","17":"product-type-simple"},"acf":[],"yoast_head":"<!-- This site is optimized with the Yoast SEO plugin v27.3 - https:\/\/yoast.com\/product\/yoast-seo-wordpress\/ -->\n<title>\u0428\u043a\u0430\u0444 \u0434\u043b\u044f \u0441\u0443\u0448\u043a\u0438 \u043e\u0431\u0443\u0432\u0438 Storit &#8226; Storit<\/title>\n<meta name=\"description\" content=\"\u0428\u043a\u0430\u0444 \u0434\u043b\u044f \u0441\u0443\u0448\u043a\u0438 \u043e\u0431\u0443\u0432\u0438 Storit \u2014 \u043f\u043e \u0445\u043e\u0440\u043e\u0448\u0435\u0439 \u0446\u0435\u043d\u0435! \u0414\u043e\u0441\u0442\u0430\u0432\u043a\u0430 \u043f\u043e \u0432\u0441\u0435\u0439 \u042d\u0441\u0442\u043e\u043d\u0438\u0438! \u261b \u041e\u0437\u043d\u0430\u043a\u043e\u043c\u044c\u0441\u044f \u0441 \u0442\u043e\u0432\u0430\u0440\u043e\u043c \u0438 \u0441\u0434\u0435\u043b\u0430\u0439 \u0437\u0430\u043a\u0430\u0437!\" \/>\n<meta name=\"robots\" content=\"index, follow, max-snippet:-1, max-image-preview:large, max-video-preview:-1\" \/>\n<link rel=\"canonical\" href=\"https:\/\/storitgroup.com\/ru\/tovar\/shkaf-dlya-sushki-obuvi\/\" \/>\n<meta property=\"og:locale\" content=\"ru_RU\" \/>\n<meta property=\"og:type\" content=\"article\" \/>\n<meta property=\"og:title\" content=\"\u0428\u043a\u0430\u0444 \u0434\u043b\u044f \u0441\u0443\u0448\u043a\u0438 \u043e\u0431\u0443\u0432\u0438 Storit &#8226; Storit\" \/>\n<meta property=\"og:description\" content=\"\u0428\u043a\u0430\u0444 \u0434\u043b\u044f \u0441\u0443\u0448\u043a\u0438 \u043e\u0431\u0443\u0432\u0438 Storit \u2014 \u043f\u043e \u0445\u043e\u0440\u043e\u0448\u0435\u0439 \u0446\u0435\u043d\u0435! \u0414\u043e\u0441\u0442\u0430\u0432\u043a\u0430 \u043f\u043e \u0432\u0441\u0435\u0439 \u042d\u0441\u0442\u043e\u043d\u0438\u0438! \u261b \u041e\u0437\u043d\u0430\u043a\u043e\u043c\u044c\u0441\u044f \u0441 \u0442\u043e\u0432\u0430\u0440\u043e\u043c \u0438 \u0441\u0434\u0435\u043b\u0430\u0439 \u0437\u0430\u043a\u0430\u0437!\" \/>\n<meta property=\"og:url\" content=\"https:\/\/storitgroup.com\/ru\/tovar\/shkaf-dlya-sushki-obuvi\/\" \/>\n<meta property=\"og:site_name\" content=\"Storit\" \/>\n<meta property=\"article:modified_time\" content=\"2025-02-05T00:00:36+00:00\" \/>\n<meta property=\"og:image\" content=\"https:\/\/storitgroup.com\/uploads\/2022\/03\/119-kuivatuskapp_jalanoudele-1-2.jpg\" \/>\n\t<meta property=\"og:image:width\" content=\"472\" \/>\n\t<meta property=\"og:image:height\" content=\"392\" \/>\n\t<meta property=\"og:image:type\" content=\"image\/jpeg\" \/>\n<meta name=\"twitter:card\" content=\"summary_large_image\" \/>\n<script type=\"application\/ld+json\" class=\"yoast-schema-graph\">{\"@context\":\"https:\\\/\\\/schema.org\",\"@graph\":[{\"@type\":[\"WebPage\",\"ItemPage\"],\"@id\":\"https:\\\/\\\/storitgroup.com\\\/ru\\\/tovar\\\/shkaf-dlya-sushki-obuvi\\\/\",\"url\":\"https:\\\/\\\/storitgroup.com\\\/ru\\\/tovar\\\/shkaf-dlya-sushki-obuvi\\\/\",\"name\":\"\u0428\u043a\u0430\u0444 \u0434\u043b\u044f \u0441\u0443\u0448\u043a\u0438 \u043e\u0431\u0443\u0432\u0438 Storit &#8226; Storit\",\"isPartOf\":{\"@id\":\"https:\\\/\\\/storitgroup.com\\\/ru\\\/#website\"},\"primaryImageOfPage\":{\"@id\":\"https:\\\/\\\/storitgroup.com\\\/ru\\\/tovar\\\/shkaf-dlya-sushki-obuvi\\\/#primaryimage\"},\"image\":{\"@id\":\"https:\\\/\\\/storitgroup.com\\\/ru\\\/tovar\\\/shkaf-dlya-sushki-obuvi\\\/#primaryimage\"},\"thumbnailUrl\":\"https:\\\/\\\/storitgroup.com\\\/uploads\\\/2022\\\/03\\\/119-kuivatuskapp_jalanoudele-1-2.jpg\",\"datePublished\":\"2022-03-29T10:30:19+00:00\",\"dateModified\":\"2025-02-05T00:00:36+00:00\",\"description\":\"\u0428\u043a\u0430\u0444 \u0434\u043b\u044f \u0441\u0443\u0448\u043a\u0438 \u043e\u0431\u0443\u0432\u0438 Storit \u2014 \u043f\u043e \u0445\u043e\u0440\u043e\u0448\u0435\u0439 \u0446\u0435\u043d\u0435! \u0414\u043e\u0441\u0442\u0430\u0432\u043a\u0430 \u043f\u043e \u0432\u0441\u0435\u0439 \u042d\u0441\u0442\u043e\u043d\u0438\u0438! \u261b \u041e\u0437\u043d\u0430\u043a\u043e\u043c\u044c\u0441\u044f \u0441 \u0442\u043e\u0432\u0430\u0440\u043e\u043c \u0438 \u0441\u0434\u0435\u043b\u0430\u0439 \u0437\u0430\u043a\u0430\u0437!\",\"breadcrumb\":{\"@id\":\"https:\\\/\\\/storitgroup.com\\\/ru\\\/tovar\\\/shkaf-dlya-sushki-obuvi\\\/#breadcrumb\"},\"inLanguage\":\"ru-RU\",\"potentialAction\":[{\"@type\":\"ReadAction\",\"target\":[\"https:\\\/\\\/storitgroup.com\\\/ru\\\/tovar\\\/shkaf-dlya-sushki-obuvi\\\/\"]}]},{\"@type\":\"ImageObject\",\"inLanguage\":\"ru-RU\",\"@id\":\"https:\\\/\\\/storitgroup.com\\\/ru\\\/tovar\\\/shkaf-dlya-sushki-obuvi\\\/#primaryimage\",\"url\":\"https:\\\/\\\/storitgroup.com\\\/uploads\\\/2022\\\/03\\\/119-kuivatuskapp_jalanoudele-1-2.jpg\",\"contentUrl\":\"https:\\\/\\\/storitgroup.com\\\/uploads\\\/2022\\\/03\\\/119-kuivatuskapp_jalanoudele-1-2.jpg\",\"width\":472,\"height\":392},{\"@type\":\"BreadcrumbList\",\"@id\":\"https:\\\/\\\/storitgroup.com\\\/ru\\\/tovar\\\/shkaf-dlya-sushki-obuvi\\\/#breadcrumb\",\"itemListElement\":[{\"@type\":\"ListItem\",\"position\":1,\"name\":\"\u0413\u043b\u0430\u0432\u043d\u0430\u044f\",\"item\":\"https:\\\/\\\/storitgroup.com\\\/ru\\\/\"},{\"@type\":\"ListItem\",\"position\":2,\"name\":\"\u041f\u0440\u043e\u0434\u0443\u043a\u0442\u044b\",\"item\":\"https:\\\/\\\/storitgroup.com\\\/ru\\\/produkty\\\/\"},{\"@type\":\"ListItem\",\"position\":3,\"name\":\"\u041c\u0435\u0442\u0430\u043b\u043b\u0438\u0447\u0435\u0441\u043a\u0438\u0435 \u0448\u043a\u0430\u0444\u0447\u0438\u043a\u0438, \u0448\u043a\u0430\u0444\u0447\u0438\u043a\u0438 \u0433\u0430\u0440\u0434\u0435\u0440\u043e\u0431\u043d\u044b\u0435\",\"item\":\"https:\\\/\\\/storitgroup.com\\\/ru\\\/metalliceskie-skafciki-skafciki-garderobnie\\\/\"},{\"@type\":\"ListItem\",\"position\":4,\"name\":\"\u0428\u043a\u0430\u0444\u0447\u0438\u043a\u0438 \u0434\u043b\u044f \u0431\u0435\u043b\u044c\u044f, \u0441\u0443\u0448\u0438\u043b\u044c\u043d\u044b\u0435 \u0448\u043a\u0430\u0444\u044b\",\"item\":\"https:\\\/\\\/storitgroup.com\\\/ru\\\/metalliceskie-skafciki-skafciki-garderobnie\\\/skafciki-dlya-belyya-susilynie-skafi\\\/\"},{\"@type\":\"ListItem\",\"position\":5,\"name\":\"\u0428\u043a\u0430\u0444 \u0434\u043b\u044f \u0441\u0443\u0448\u043a\u0438 \u043e\u0431\u0443\u0432\u0438 Storit\"}]},{\"@type\":\"WebSite\",\"@id\":\"https:\\\/\\\/storitgroup.com\\\/ru\\\/#website\",\"url\":\"https:\\\/\\\/storitgroup.com\\\/ru\\\/\",\"name\":\"Storit\",\"description\":\"\",\"potentialAction\":[{\"@type\":\"SearchAction\",\"target\":{\"@type\":\"EntryPoint\",\"urlTemplate\":\"https:\\\/\\\/storitgroup.com\\\/ru\\\/?s={search_term_string}\"},\"query-input\":{\"@type\":\"PropertyValueSpecification\",\"valueRequired\":true,\"valueName\":\"search_term_string\"}}],\"inLanguage\":\"ru-RU\"}]}<\/script>\n<!-- \/ Yoast SEO plugin. -->","yoast_head_json":{"title":"\u0428\u043a\u0430\u0444 \u0434\u043b\u044f \u0441\u0443\u0448\u043a\u0438 \u043e\u0431\u0443\u0432\u0438 Storit &#8226; Storit","description":"\u0428\u043a\u0430\u0444 \u0434\u043b\u044f \u0441\u0443\u0448\u043a\u0438 \u043e\u0431\u0443\u0432\u0438 Storit \u2014 \u043f\u043e \u0445\u043e\u0440\u043e\u0448\u0435\u0439 \u0446\u0435\u043d\u0435! \u0414\u043e\u0441\u0442\u0430\u0432\u043a\u0430 \u043f\u043e \u0432\u0441\u0435\u0439 \u042d\u0441\u0442\u043e\u043d\u0438\u0438! \u261b \u041e\u0437\u043d\u0430\u043a\u043e\u043c\u044c\u0441\u044f \u0441 \u0442\u043e\u0432\u0430\u0440\u043e\u043c \u0438 \u0441\u0434\u0435\u043b\u0430\u0439 \u0437\u0430\u043a\u0430\u0437!","robots":{"index":"index","follow":"follow","max-snippet":"max-snippet:-1","max-image-preview":"max-image-preview:large","max-video-preview":"max-video-preview:-1"},"canonical":"https:\/\/storitgroup.com\/ru\/tovar\/shkaf-dlya-sushki-obuvi\/","og_locale":"ru_RU","og_type":"article","og_title":"\u0428\u043a\u0430\u0444 \u0434\u043b\u044f \u0441\u0443\u0448\u043a\u0438 \u043e\u0431\u0443\u0432\u0438 Storit &#8226; Storit","og_description":"\u0428\u043a\u0430\u0444 \u0434\u043b\u044f \u0441\u0443\u0448\u043a\u0438 \u043e\u0431\u0443\u0432\u0438 Storit \u2014 \u043f\u043e \u0445\u043e\u0440\u043e\u0448\u0435\u0439 \u0446\u0435\u043d\u0435! \u0414\u043e\u0441\u0442\u0430\u0432\u043a\u0430 \u043f\u043e \u0432\u0441\u0435\u0439 \u042d\u0441\u0442\u043e\u043d\u0438\u0438! \u261b \u041e\u0437\u043d\u0430\u043a\u043e\u043c\u044c\u0441\u044f \u0441 \u0442\u043e\u0432\u0430\u0440\u043e\u043c \u0438 \u0441\u0434\u0435\u043b\u0430\u0439 \u0437\u0430\u043a\u0430\u0437!","og_url":"https:\/\/storitgroup.com\/ru\/tovar\/shkaf-dlya-sushki-obuvi\/","og_site_name":"Storit","article_modified_time":"2025-02-05T00:00:36+00:00","og_image":[{"width":472,"height":392,"url":"https:\/\/storitgroup.com\/uploads\/2022\/03\/119-kuivatuskapp_jalanoudele-1-2.jpg","type":"image\/jpeg"}],"twitter_card":"summary_large_image","schema":{"@context":"https:\/\/schema.org","@graph":[{"@type":["WebPage","ItemPage"],"@id":"https:\/\/storitgroup.com\/ru\/tovar\/shkaf-dlya-sushki-obuvi\/","url":"https:\/\/storitgroup.com\/ru\/tovar\/shkaf-dlya-sushki-obuvi\/","name":"\u0428\u043a\u0430\u0444 \u0434\u043b\u044f \u0441\u0443\u0448\u043a\u0438 \u043e\u0431\u0443\u0432\u0438 Storit &#8226; Storit","isPartOf":{"@id":"https:\/\/storitgroup.com\/ru\/#website"},"primaryImageOfPage":{"@id":"https:\/\/storitgroup.com\/ru\/tovar\/shkaf-dlya-sushki-obuvi\/#primaryimage"},"image":{"@id":"https:\/\/storitgroup.com\/ru\/tovar\/shkaf-dlya-sushki-obuvi\/#primaryimage"},"thumbnailUrl":"https:\/\/storitgroup.com\/uploads\/2022\/03\/119-kuivatuskapp_jalanoudele-1-2.jpg","datePublished":"2022-03-29T10:30:19+00:00","dateModified":"2025-02-05T00:00:36+00:00","description":"\u0428\u043a\u0430\u0444 \u0434\u043b\u044f \u0441\u0443\u0448\u043a\u0438 \u043e\u0431\u0443\u0432\u0438 Storit \u2014 \u043f\u043e \u0445\u043e\u0440\u043e\u0448\u0435\u0439 \u0446\u0435\u043d\u0435! \u0414\u043e\u0441\u0442\u0430\u0432\u043a\u0430 \u043f\u043e \u0432\u0441\u0435\u0439 \u042d\u0441\u0442\u043e\u043d\u0438\u0438! \u261b \u041e\u0437\u043d\u0430\u043a\u043e\u043c\u044c\u0441\u044f \u0441 \u0442\u043e\u0432\u0430\u0440\u043e\u043c \u0438 \u0441\u0434\u0435\u043b\u0430\u0439 \u0437\u0430\u043a\u0430\u0437!","breadcrumb":{"@id":"https:\/\/storitgroup.com\/ru\/tovar\/shkaf-dlya-sushki-obuvi\/#breadcrumb"},"inLanguage":"ru-RU","potentialAction":[{"@type":"ReadAction","target":["https:\/\/storitgroup.com\/ru\/tovar\/shkaf-dlya-sushki-obuvi\/"]}]},{"@type":"ImageObject","inLanguage":"ru-RU","@id":"https:\/\/storitgroup.com\/ru\/tovar\/shkaf-dlya-sushki-obuvi\/#primaryimage","url":"https:\/\/storitgroup.com\/uploads\/2022\/03\/119-kuivatuskapp_jalanoudele-1-2.jpg","contentUrl":"https:\/\/storitgroup.com\/uploads\/2022\/03\/119-kuivatuskapp_jalanoudele-1-2.jpg","width":472,"height":392},{"@type":"BreadcrumbList","@id":"https:\/\/storitgroup.com\/ru\/tovar\/shkaf-dlya-sushki-obuvi\/#breadcrumb","itemListElement":[{"@type":"ListItem","position":1,"name":"\u0413\u043b\u0430\u0432\u043d\u0430\u044f","item":"https:\/\/storitgroup.com\/ru\/"},{"@type":"ListItem","position":2,"name":"\u041f\u0440\u043e\u0434\u0443\u043a\u0442\u044b","item":"https:\/\/storitgroup.com\/ru\/produkty\/"},{"@type":"ListItem","position":3,"name":"\u041c\u0435\u0442\u0430\u043b\u043b\u0438\u0447\u0435\u0441\u043a\u0438\u0435 \u0448\u043a\u0430\u0444\u0447\u0438\u043a\u0438, \u0448\u043a\u0430\u0444\u0447\u0438\u043a\u0438 \u0433\u0430\u0440\u0434\u0435\u0440\u043e\u0431\u043d\u044b\u0435","item":"https:\/\/storitgroup.com\/ru\/metalliceskie-skafciki-skafciki-garderobnie\/"},{"@type":"ListItem","position":4,"name":"\u0428\u043a\u0430\u0444\u0447\u0438\u043a\u0438 \u0434\u043b\u044f \u0431\u0435\u043b\u044c\u044f, \u0441\u0443\u0448\u0438\u043b\u044c\u043d\u044b\u0435 \u0448\u043a\u0430\u0444\u044b","item":"https:\/\/storitgroup.com\/ru\/metalliceskie-skafciki-skafciki-garderobnie\/skafciki-dlya-belyya-susilynie-skafi\/"},{"@type":"ListItem","position":5,"name":"\u0428\u043a\u0430\u0444 \u0434\u043b\u044f \u0441\u0443\u0448\u043a\u0438 \u043e\u0431\u0443\u0432\u0438 Storit"}]},{"@type":"WebSite","@id":"https:\/\/storitgroup.com\/ru\/#website","url":"https:\/\/storitgroup.com\/ru\/","name":"Storit","description":"","potentialAction":[{"@type":"SearchAction","target":{"@type":"EntryPoint","urlTemplate":"https:\/\/storitgroup.com\/ru\/?s={search_term_string}"},"query-input":{"@type":"PropertyValueSpecification","valueRequired":true,"valueName":"search_term_string"}}],"inLanguage":"ru-RU"}]}},"_links":{"self":[{"href":"https:\/\/storitgroup.com\/ru\/wp-json\/wp\/v2\/product\/184825","targetHints":{"allow":["GET"]}}],"collection":[{"href":"https:\/\/storitgroup.com\/ru\/wp-json\/wp\/v2\/product"}],"about":[{"href":"https:\/\/storitgroup.com\/ru\/wp-json\/wp\/v2\/types\/product"}],"wp:featuredmedia":[{"embeddable":true,"href":"https:\/\/storitgroup.com\/ru\/wp-json\/wp\/v2\/media\/201851"}],"wp:attachment":[{"href":"https:\/\/storitgroup.com\/ru\/wp-json\/wp\/v2\/media?parent=184825"}],"wp:term":[{"taxonomy":"product_brand","embeddable":true,"href":"https:\/\/storitgroup.com\/ru\/wp-json\/wp\/v2\/product_brand?post=184825"},{"taxonomy":"product_cat","embeddable":true,"href":"https:\/\/storitgroup.com\/ru\/wp-json\/wp\/v2\/product_cat?post=184825"},{"taxonomy":"product_tag","embeddable":true,"href":"https:\/\/storitgroup.com\/ru\/wp-json\/wp\/v2\/product_tag?post=184825"}],"curies":[{"name":"wp","href":"https:\/\/api.w.org\/{rel}","templated":true}]}}