{"id":218327,"date":"2024-05-21T10:37:03","date_gmt":"2024-05-21T07:37:03","guid":{"rendered":"https:\/\/storitgroup.com\/?post_type=product&#038;p=218327"},"modified":"2024-10-31T09:51:56","modified_gmt":"2024-10-31T07:51:56","slug":"rohla-ar-neilona-riteniem","status":"publish","type":"product","link":"https:\/\/storitgroup.com\/lv\/prece\/rohla-ar-neilona-riteniem\/","title":{"rendered":"Rohla ACBNO ar neilona rite\u0146iem, 2500 kg"},"content":{"rendered":"<p><strong>Rati\u0146u celtsp\u0113ja:<\/strong> 2500 kg<\/p>\n<p><strong>Min\/Max pacel\u0161anas augstums:<\/strong> 85\/205 mm<\/p>\n<p><strong>Dak\u0161u garums:<\/strong> 1150 mm<\/p>\n<p><strong>Dak\u0161u platums:<\/strong> 540 mm<\/p>\n<p><strong>Dak\u0161as izm\u0113rs:<\/strong> 150 x 50 mm<\/p>\n<p><strong>Roktura augstums:<\/strong> 1210 mm<\/p>\n<p><strong>Riten\u012b\u0161i dak\u0161u galos:<\/strong> \u00d8 85 mm (dubultie, kop\u0101 \u010detri)<\/p>\n<p><strong>Galvenais ritenis:<\/strong> \u00d8 150 x 50 mm<\/p>\n<p><strong>Rite\u0146u veids:<\/strong> neilona<\/p>\n<p><strong>Svars:<\/strong> 67,5kg<\/p>\n<p><strong>Kr\u0101sa:<\/strong> oran\u017ea<\/p>\n<p>&#8211; Integr\u0113ts cilindrs<\/p>\n<p>&#8211; Piem\u0113roti standarta EUR palet\u0113m, kuras ir ar izm\u0113ru 800\u00d71200 mm<\/p>\n","protected":false},"excerpt":{"rendered":"<p>Rati\u0146u celtsp\u0113ja: 2500 kg Min\/Max pacel\u0161anas augstums: 85\/205 mm Dak\u0161u garums: 1150 mm Dak\u0161u platums: 540 mm Dak\u0161as izm\u0113rs: 150 x 50 mm Roktura augstums: 1210 mm Riten\u012b\u0161i dak\u0161u galos: \u00d8 85 mm (dubultie, kop\u0101 \u010detri) Galvenais ritenis: \u00d8 150 x 50 mm Rite\u0146u veids: neilona Svars: 67,5kg Kr\u0101sa: oran\u017ea &#8211; Integr\u0113ts cilindrs &#8211; Piem\u0113roti [&hellip;]<\/p>\n","protected":false},"featured_media":199846,"template":"","meta":{"_acf_changed":false},"product_brand":[],"product_cat":[6781],"product_tag":[],"class_list":{"0":"post-218327","1":"product","2":"type-product","3":"status-publish","4":"has-post-thumbnail","6":"product_cat-rehviriiulid","8":"first","9":"instock","10":"sale","11":"taxable","12":"shipping-taxable","13":"purchasable","14":"product-type-simple"},"acf":[],"yoast_head":"<!-- This site is optimized with the Yoast SEO plugin v27.3 - https:\/\/yoast.com\/product\/yoast-seo-wordpress\/ -->\n<title>Rohla ACBNO ar neilona rite\u0146iem, 2500 kg &#8226; Storit<\/title>\n<meta name=\"description\" content=\"Pale\u0161u rati\u0146i \/ rohla ar neilona rite\u0146iem. Kravnes\u012bba 2500 kg. Pieejams uz vietas noliktav\u0101 \u261b Pas\u016bti jau tagad!\" \/>\n<meta name=\"robots\" content=\"index, follow, max-snippet:-1, max-image-preview:large, max-video-preview:-1\" \/>\n<link rel=\"canonical\" href=\"https:\/\/storitgroup.com\/lv\/prece\/rohla-ar-neilona-riteniem\/\" \/>\n<meta property=\"og:locale\" content=\"lv_LV\" \/>\n<meta property=\"og:type\" content=\"article\" \/>\n<meta property=\"og:title\" content=\"Rohla ACBNO ar neilona rite\u0146iem, 2500 kg &#8226; Storit\" \/>\n<meta property=\"og:description\" content=\"Pale\u0161u rati\u0146i \/ rohla ar neilona rite\u0146iem. Kravnes\u012bba 2500 kg. Pieejams uz vietas noliktav\u0101 \u261b Pas\u016bti jau tagad!\" \/>\n<meta property=\"og:url\" content=\"https:\/\/storitgroup.com\/lv\/prece\/rohla-ar-neilona-riteniem\/\" \/>\n<meta property=\"og:site_name\" content=\"Storit\" \/>\n<meta property=\"article:modified_time\" content=\"2024-10-31T07:51:56+00:00\" \/>\n<meta property=\"og:image\" content=\"https:\/\/storitgroup.com\/uploads\/2022\/08\/palesu-ratini-ar-neilona-riteniem-rohla-oranza-acbno-e1716275570812.jpeg\" \/>\n\t<meta property=\"og:image:width\" content=\"433\" \/>\n\t<meta property=\"og:image:height\" content=\"447\" \/>\n\t<meta property=\"og:image:type\" content=\"image\/jpeg\" \/>\n<meta name=\"twitter:card\" content=\"summary_large_image\" \/>\n<script type=\"application\/ld+json\" class=\"yoast-schema-graph\">{\"@context\":\"https:\\\/\\\/schema.org\",\"@graph\":[{\"@type\":[\"WebPage\",\"ItemPage\"],\"@id\":\"https:\\\/\\\/storitgroup.com\\\/lv\\\/prece\\\/rohla-ar-neilona-riteniem\\\/\",\"url\":\"https:\\\/\\\/storitgroup.com\\\/lv\\\/prece\\\/rohla-ar-neilona-riteniem\\\/\",\"name\":\"Rohla ACBNO ar neilona rite\u0146iem, 2500 kg &#8226; Storit\",\"isPartOf\":{\"@id\":\"https:\\\/\\\/storitgroup.com\\\/lv\\\/#website\"},\"primaryImageOfPage\":{\"@id\":\"https:\\\/\\\/storitgroup.com\\\/lv\\\/prece\\\/rohla-ar-neilona-riteniem\\\/#primaryimage\"},\"image\":{\"@id\":\"https:\\\/\\\/storitgroup.com\\\/lv\\\/prece\\\/rohla-ar-neilona-riteniem\\\/#primaryimage\"},\"thumbnailUrl\":\"https:\\\/\\\/storitgroup.com\\\/uploads\\\/2022\\\/08\\\/palesu-ratini-ar-neilona-riteniem-rohla-oranza-acbno-e1716275570812.jpeg\",\"datePublished\":\"2024-05-21T07:37:03+00:00\",\"dateModified\":\"2024-10-31T07:51:56+00:00\",\"description\":\"Pale\u0161u rati\u0146i \\\/ rohla ar neilona rite\u0146iem. Kravnes\u012bba 2500 kg. Pieejams uz vietas noliktav\u0101 \u261b Pas\u016bti jau tagad!\",\"breadcrumb\":{\"@id\":\"https:\\\/\\\/storitgroup.com\\\/lv\\\/prece\\\/rohla-ar-neilona-riteniem\\\/#breadcrumb\"},\"inLanguage\":\"lv-LV\",\"potentialAction\":[{\"@type\":\"ReadAction\",\"target\":[\"https:\\\/\\\/storitgroup.com\\\/lv\\\/prece\\\/rohla-ar-neilona-riteniem\\\/\"]}]},{\"@type\":\"ImageObject\",\"inLanguage\":\"lv-LV\",\"@id\":\"https:\\\/\\\/storitgroup.com\\\/lv\\\/prece\\\/rohla-ar-neilona-riteniem\\\/#primaryimage\",\"url\":\"https:\\\/\\\/storitgroup.com\\\/uploads\\\/2022\\\/08\\\/palesu-ratini-ar-neilona-riteniem-rohla-oranza-acbno-e1716275570812.jpeg\",\"contentUrl\":\"https:\\\/\\\/storitgroup.com\\\/uploads\\\/2022\\\/08\\\/palesu-ratini-ar-neilona-riteniem-rohla-oranza-acbno-e1716275570812.jpeg\",\"width\":433,\"height\":447,\"caption\":\"Rohla ACBNO ar neilona rite\u0146iem\"},{\"@type\":\"BreadcrumbList\",\"@id\":\"https:\\\/\\\/storitgroup.com\\\/lv\\\/prece\\\/rohla-ar-neilona-riteniem\\\/#breadcrumb\",\"itemListElement\":[{\"@type\":\"ListItem\",\"position\":1,\"name\":\"S\u0101kumlapa\",\"item\":\"https:\\\/\\\/storitgroup.com\\\/lv\\\/\"},{\"@type\":\"ListItem\",\"position\":2,\"name\":\"Veikals\",\"item\":\"https:\\\/\\\/storitgroup.com\\\/lv\\\/veikals\\\/\"},{\"@type\":\"ListItem\",\"position\":3,\"name\":\"Rohla ACBNO ar neilona rite\u0146iem, 2500 kg\"}]},{\"@type\":\"WebSite\",\"@id\":\"https:\\\/\\\/storitgroup.com\\\/lv\\\/#website\",\"url\":\"https:\\\/\\\/storitgroup.com\\\/lv\\\/\",\"name\":\"Storit\",\"description\":\"\",\"potentialAction\":[{\"@type\":\"SearchAction\",\"target\":{\"@type\":\"EntryPoint\",\"urlTemplate\":\"https:\\\/\\\/storitgroup.com\\\/lv\\\/?s={search_term_string}\"},\"query-input\":{\"@type\":\"PropertyValueSpecification\",\"valueRequired\":true,\"valueName\":\"search_term_string\"}}],\"inLanguage\":\"lv-LV\"}]}<\/script>\n<!-- \/ Yoast SEO plugin. -->","yoast_head_json":{"title":"Rohla ACBNO ar neilona rite\u0146iem, 2500 kg &#8226; Storit","description":"Pale\u0161u rati\u0146i \/ rohla ar neilona rite\u0146iem. Kravnes\u012bba 2500 kg. Pieejams uz vietas noliktav\u0101 \u261b Pas\u016bti jau tagad!","robots":{"index":"index","follow":"follow","max-snippet":"max-snippet:-1","max-image-preview":"max-image-preview:large","max-video-preview":"max-video-preview:-1"},"canonical":"https:\/\/storitgroup.com\/lv\/prece\/rohla-ar-neilona-riteniem\/","og_locale":"lv_LV","og_type":"article","og_title":"Rohla ACBNO ar neilona rite\u0146iem, 2500 kg &#8226; Storit","og_description":"Pale\u0161u rati\u0146i \/ rohla ar neilona rite\u0146iem. Kravnes\u012bba 2500 kg. Pieejams uz vietas noliktav\u0101 \u261b Pas\u016bti jau tagad!","og_url":"https:\/\/storitgroup.com\/lv\/prece\/rohla-ar-neilona-riteniem\/","og_site_name":"Storit","article_modified_time":"2024-10-31T07:51:56+00:00","og_image":[{"width":433,"height":447,"url":"https:\/\/storitgroup.com\/uploads\/2022\/08\/palesu-ratini-ar-neilona-riteniem-rohla-oranza-acbno-e1716275570812.jpeg","type":"image\/jpeg"}],"twitter_card":"summary_large_image","schema":{"@context":"https:\/\/schema.org","@graph":[{"@type":["WebPage","ItemPage"],"@id":"https:\/\/storitgroup.com\/lv\/prece\/rohla-ar-neilona-riteniem\/","url":"https:\/\/storitgroup.com\/lv\/prece\/rohla-ar-neilona-riteniem\/","name":"Rohla ACBNO ar neilona rite\u0146iem, 2500 kg &#8226; Storit","isPartOf":{"@id":"https:\/\/storitgroup.com\/lv\/#website"},"primaryImageOfPage":{"@id":"https:\/\/storitgroup.com\/lv\/prece\/rohla-ar-neilona-riteniem\/#primaryimage"},"image":{"@id":"https:\/\/storitgroup.com\/lv\/prece\/rohla-ar-neilona-riteniem\/#primaryimage"},"thumbnailUrl":"https:\/\/storitgroup.com\/uploads\/2022\/08\/palesu-ratini-ar-neilona-riteniem-rohla-oranza-acbno-e1716275570812.jpeg","datePublished":"2024-05-21T07:37:03+00:00","dateModified":"2024-10-31T07:51:56+00:00","description":"Pale\u0161u rati\u0146i \/ rohla ar neilona rite\u0146iem. Kravnes\u012bba 2500 kg. Pieejams uz vietas noliktav\u0101 \u261b Pas\u016bti jau tagad!","breadcrumb":{"@id":"https:\/\/storitgroup.com\/lv\/prece\/rohla-ar-neilona-riteniem\/#breadcrumb"},"inLanguage":"lv-LV","potentialAction":[{"@type":"ReadAction","target":["https:\/\/storitgroup.com\/lv\/prece\/rohla-ar-neilona-riteniem\/"]}]},{"@type":"ImageObject","inLanguage":"lv-LV","@id":"https:\/\/storitgroup.com\/lv\/prece\/rohla-ar-neilona-riteniem\/#primaryimage","url":"https:\/\/storitgroup.com\/uploads\/2022\/08\/palesu-ratini-ar-neilona-riteniem-rohla-oranza-acbno-e1716275570812.jpeg","contentUrl":"https:\/\/storitgroup.com\/uploads\/2022\/08\/palesu-ratini-ar-neilona-riteniem-rohla-oranza-acbno-e1716275570812.jpeg","width":433,"height":447,"caption":"Rohla ACBNO ar neilona rite\u0146iem"},{"@type":"BreadcrumbList","@id":"https:\/\/storitgroup.com\/lv\/prece\/rohla-ar-neilona-riteniem\/#breadcrumb","itemListElement":[{"@type":"ListItem","position":1,"name":"S\u0101kumlapa","item":"https:\/\/storitgroup.com\/lv\/"},{"@type":"ListItem","position":2,"name":"Veikals","item":"https:\/\/storitgroup.com\/lv\/veikals\/"},{"@type":"ListItem","position":3,"name":"Rohla ACBNO ar neilona rite\u0146iem, 2500 kg"}]},{"@type":"WebSite","@id":"https:\/\/storitgroup.com\/lv\/#website","url":"https:\/\/storitgroup.com\/lv\/","name":"Storit","description":"","potentialAction":[{"@type":"SearchAction","target":{"@type":"EntryPoint","urlTemplate":"https:\/\/storitgroup.com\/lv\/?s={search_term_string}"},"query-input":{"@type":"PropertyValueSpecification","valueRequired":true,"valueName":"search_term_string"}}],"inLanguage":"lv-LV"}]}},"_links":{"self":[{"href":"https:\/\/storitgroup.com\/lv\/wp-json\/wp\/v2\/product\/218327","targetHints":{"allow":["GET"]}}],"collection":[{"href":"https:\/\/storitgroup.com\/lv\/wp-json\/wp\/v2\/product"}],"about":[{"href":"https:\/\/storitgroup.com\/lv\/wp-json\/wp\/v2\/types\/product"}],"wp:featuredmedia":[{"embeddable":true,"href":"https:\/\/storitgroup.com\/lv\/wp-json\/wp\/v2\/media\/199846"}],"wp:attachment":[{"href":"https:\/\/storitgroup.com\/lv\/wp-json\/wp\/v2\/media?parent=218327"}],"wp:term":[{"taxonomy":"product_brand","embeddable":true,"href":"https:\/\/storitgroup.com\/lv\/wp-json\/wp\/v2\/product_brand?post=218327"},{"taxonomy":"product_cat","embeddable":true,"href":"https:\/\/storitgroup.com\/lv\/wp-json\/wp\/v2\/product_cat?post=218327"},{"taxonomy":"product_tag","embeddable":true,"href":"https:\/\/storitgroup.com\/lv\/wp-json\/wp\/v2\/product_tag?post=218327"}],"curies":[{"name":"wp","href":"https:\/\/api.w.org\/{rel}","templated":true}]}}