{"id":217805,"date":"2024-04-18T12:55:21","date_gmt":"2024-04-18T09:55:21","guid":{"rendered":"https:\/\/storitgroup.com\/?post_type=product&#038;p=217805"},"modified":"2025-01-03T07:56:54","modified_gmt":"2025-01-03T05:56:54","slug":"plaukti-birojam-versa","status":"publish","type":"product","link":"https:\/\/storitgroup.com\/lv\/prece\/plaukti-birojam-versa\/","title":{"rendered":"Plaukti birojam VERSA, H2000x400x1000 mm"},"content":{"rendered":"<p><strong>Plauktu distances ar defektu!<\/strong><\/p>\n<p>&nbsp;<\/p>\n<p>Dzi\u013cums: <strong>400 mm<\/strong><\/p>\n<p>Platums: <strong>1000 mm<\/strong><\/p>\n<p>Augstums: <strong>2000 mm<\/strong><\/p>\n<p>Komplekt\u0101: <strong>5 lamin\u0113tas skaidu pl\u0101tnes<\/strong><\/p>\n<p>Materi\u0101ls: kr\u0101sots met\u0101ls<\/p>\n<p>Konstrukcijas kr\u0101sa: tum\u0161i pel\u0113ka<\/p>\n<p>Plauktu kr\u0101sa: balta<\/p>\n<p>Plauktu l\u012bme\u0146u regul\u0113\u0161anas solis:\u00a040 mm<\/p>\n<p>Katra plauktu l\u012bme\u0146a kravnes\u012bba: 100 kg (vienm\u0113r\u012bgi izklied\u0113ta svara)<\/p>\n","protected":false},"excerpt":{"rendered":"<p>Plauktu distances ar defektu! &nbsp; Dzi\u013cums: 400 mm Platums: 1000 mm Augstums: 2000 mm Komplekt\u0101: 5 lamin\u0113tas skaidu pl\u0101tnes Materi\u0101ls: kr\u0101sots met\u0101ls Konstrukcijas kr\u0101sa: tum\u0161i pel\u0113ka Plauktu kr\u0101sa: balta Plauktu l\u012bme\u0146u regul\u0113\u0161anas solis:\u00a040 mm Katra plauktu l\u012bme\u0146a kravnes\u012bba: 100 kg (vienm\u0113r\u012bgi izklied\u0113ta svara)<\/p>\n","protected":false},"featured_media":217806,"template":"","meta":{"_acf_changed":false},"product_brand":[],"product_cat":[],"product_tag":[],"class_list":{"0":"post-217805","1":"product","2":"type-product","3":"status-publish","4":"has-post-thumbnail","7":"first","8":"instock","9":"taxable","10":"shipping-taxable","11":"purchasable","12":"product-type-simple"},"acf":[],"yoast_head":"<!-- This site is optimized with the Yoast SEO plugin v27.2 - https:\/\/yoast.com\/product\/yoast-seo-wordpress\/ -->\n<title>Plaukti birojam VERSA, H2000x400x1000 mm &#8226; Storit<\/title>\n<meta name=\"description\" content=\"Plaukti birojam VERSA, H2000x400x1000 mm \u2014 ir pieejami uz vietas. Pas\u016bti jau tagadi \u261b Zvanot uz 26599590 vai m\u016bsu m\u0101jaslap\u0101!\" \/>\n<meta name=\"robots\" content=\"index, follow, max-snippet:-1, max-image-preview:large, max-video-preview:-1\" \/>\n<link rel=\"canonical\" href=\"https:\/\/storitgroup.com\/lv\/prece\/plaukti-birojam-versa\/\" \/>\n<meta property=\"og:locale\" content=\"lv_LV\" \/>\n<meta property=\"og:type\" content=\"article\" \/>\n<meta property=\"og:title\" content=\"Plaukti birojam VERSA, H2000x400x1000 mm &#8226; Storit\" \/>\n<meta property=\"og:description\" content=\"Plaukti birojam VERSA, H2000x400x1000 mm \u2014 ir pieejami uz vietas. Pas\u016bti jau tagadi \u261b Zvanot uz 26599590 vai m\u016bsu m\u0101jaslap\u0101!\" \/>\n<meta property=\"og:url\" content=\"https:\/\/storitgroup.com\/lv\/prece\/plaukti-birojam-versa\/\" \/>\n<meta property=\"og:site_name\" content=\"Storit\" \/>\n<meta property=\"article:modified_time\" content=\"2025-01-03T05:56:54+00:00\" \/>\n<meta property=\"og:image\" content=\"https:\/\/storitgroup.com\/uploads\/2024\/04\/plaukti-birojam-versa.jpeg\" \/>\n\t<meta property=\"og:image:width\" content=\"1096\" \/>\n\t<meta property=\"og:image:height\" content=\"1280\" \/>\n\t<meta property=\"og:image:type\" content=\"image\/jpeg\" \/>\n<meta name=\"twitter:card\" content=\"summary_large_image\" \/>\n<script type=\"application\/ld+json\" class=\"yoast-schema-graph\">{\"@context\":\"https:\/\/schema.org\",\"@graph\":[{\"@type\":[\"WebPage\",\"ItemPage\"],\"@id\":\"https:\/\/storitgroup.com\/lv\/prece\/plaukti-birojam-versa\/\",\"url\":\"https:\/\/storitgroup.com\/lv\/prece\/plaukti-birojam-versa\/\",\"name\":\"Plaukti birojam VERSA, H2000x400x1000 mm &#8226; Storit\",\"isPartOf\":{\"@id\":\"https:\/\/storitgroup.com\/lv\/#website\"},\"primaryImageOfPage\":{\"@id\":\"https:\/\/storitgroup.com\/lv\/prece\/plaukti-birojam-versa\/#primaryimage\"},\"image\":{\"@id\":\"https:\/\/storitgroup.com\/lv\/prece\/plaukti-birojam-versa\/#primaryimage\"},\"thumbnailUrl\":\"https:\/\/storitgroup.com\/uploads\/2024\/04\/plaukti-birojam-versa.jpeg\",\"datePublished\":\"2024-04-18T09:55:21+00:00\",\"dateModified\":\"2025-01-03T05:56:54+00:00\",\"description\":\"Plaukti birojam VERSA, H2000x400x1000 mm \u2014 ir pieejami uz vietas. Pas\u016bti jau tagadi \u261b Zvanot uz 26599590 vai m\u016bsu m\u0101jaslap\u0101!\",\"breadcrumb\":{\"@id\":\"https:\/\/storitgroup.com\/lv\/prece\/plaukti-birojam-versa\/#breadcrumb\"},\"inLanguage\":\"lv-LV\",\"potentialAction\":[{\"@type\":\"ReadAction\",\"target\":[\"https:\/\/storitgroup.com\/lv\/prece\/plaukti-birojam-versa\/\"]}]},{\"@type\":\"ImageObject\",\"inLanguage\":\"lv-LV\",\"@id\":\"https:\/\/storitgroup.com\/lv\/prece\/plaukti-birojam-versa\/#primaryimage\",\"url\":\"https:\/\/storitgroup.com\/uploads\/2024\/04\/plaukti-birojam-versa.jpeg\",\"contentUrl\":\"https:\/\/storitgroup.com\/uploads\/2024\/04\/plaukti-birojam-versa.jpeg\",\"width\":1096,\"height\":1280,\"caption\":\"Plaukti birojam Versa, H2000x400x1000 mm\"},{\"@type\":\"BreadcrumbList\",\"@id\":\"https:\/\/storitgroup.com\/lv\/prece\/plaukti-birojam-versa\/#breadcrumb\",\"itemListElement\":[{\"@type\":\"ListItem\",\"position\":1,\"name\":\"S\u0101kumlapa\",\"item\":\"https:\/\/storitgroup.com\/lv\/\"},{\"@type\":\"ListItem\",\"position\":2,\"name\":\"Veikals\",\"item\":\"https:\/\/storitgroup.com\/lv\/veikals\/\"},{\"@type\":\"ListItem\",\"position\":3,\"name\":\"Plaukti birojam VERSA, H2000x400x1000 mm\"}]},{\"@type\":\"WebSite\",\"@id\":\"https:\/\/storitgroup.com\/lv\/#website\",\"url\":\"https:\/\/storitgroup.com\/lv\/\",\"name\":\"Storit\",\"description\":\"\",\"potentialAction\":[{\"@type\":\"SearchAction\",\"target\":{\"@type\":\"EntryPoint\",\"urlTemplate\":\"https:\/\/storitgroup.com\/lv\/?s={search_term_string}\"},\"query-input\":{\"@type\":\"PropertyValueSpecification\",\"valueRequired\":true,\"valueName\":\"search_term_string\"}}],\"inLanguage\":\"lv-LV\"}]}<\/script>\n<!-- \/ Yoast SEO plugin. -->","yoast_head_json":{"title":"Plaukti birojam VERSA, H2000x400x1000 mm &#8226; Storit","description":"Plaukti birojam VERSA, H2000x400x1000 mm \u2014 ir pieejami uz vietas. Pas\u016bti jau tagadi \u261b Zvanot uz 26599590 vai m\u016bsu m\u0101jaslap\u0101!","robots":{"index":"index","follow":"follow","max-snippet":"max-snippet:-1","max-image-preview":"max-image-preview:large","max-video-preview":"max-video-preview:-1"},"canonical":"https:\/\/storitgroup.com\/lv\/prece\/plaukti-birojam-versa\/","og_locale":"lv_LV","og_type":"article","og_title":"Plaukti birojam VERSA, H2000x400x1000 mm &#8226; Storit","og_description":"Plaukti birojam VERSA, H2000x400x1000 mm \u2014 ir pieejami uz vietas. Pas\u016bti jau tagadi \u261b Zvanot uz 26599590 vai m\u016bsu m\u0101jaslap\u0101!","og_url":"https:\/\/storitgroup.com\/lv\/prece\/plaukti-birojam-versa\/","og_site_name":"Storit","article_modified_time":"2025-01-03T05:56:54+00:00","og_image":[{"width":1096,"height":1280,"url":"https:\/\/storitgroup.com\/uploads\/2024\/04\/plaukti-birojam-versa.jpeg","type":"image\/jpeg"}],"twitter_card":"summary_large_image","schema":{"@context":"https:\/\/schema.org","@graph":[{"@type":["WebPage","ItemPage"],"@id":"https:\/\/storitgroup.com\/lv\/prece\/plaukti-birojam-versa\/","url":"https:\/\/storitgroup.com\/lv\/prece\/plaukti-birojam-versa\/","name":"Plaukti birojam VERSA, H2000x400x1000 mm &#8226; Storit","isPartOf":{"@id":"https:\/\/storitgroup.com\/lv\/#website"},"primaryImageOfPage":{"@id":"https:\/\/storitgroup.com\/lv\/prece\/plaukti-birojam-versa\/#primaryimage"},"image":{"@id":"https:\/\/storitgroup.com\/lv\/prece\/plaukti-birojam-versa\/#primaryimage"},"thumbnailUrl":"https:\/\/storitgroup.com\/uploads\/2024\/04\/plaukti-birojam-versa.jpeg","datePublished":"2024-04-18T09:55:21+00:00","dateModified":"2025-01-03T05:56:54+00:00","description":"Plaukti birojam VERSA, H2000x400x1000 mm \u2014 ir pieejami uz vietas. Pas\u016bti jau tagadi \u261b Zvanot uz 26599590 vai m\u016bsu m\u0101jaslap\u0101!","breadcrumb":{"@id":"https:\/\/storitgroup.com\/lv\/prece\/plaukti-birojam-versa\/#breadcrumb"},"inLanguage":"lv-LV","potentialAction":[{"@type":"ReadAction","target":["https:\/\/storitgroup.com\/lv\/prece\/plaukti-birojam-versa\/"]}]},{"@type":"ImageObject","inLanguage":"lv-LV","@id":"https:\/\/storitgroup.com\/lv\/prece\/plaukti-birojam-versa\/#primaryimage","url":"https:\/\/storitgroup.com\/uploads\/2024\/04\/plaukti-birojam-versa.jpeg","contentUrl":"https:\/\/storitgroup.com\/uploads\/2024\/04\/plaukti-birojam-versa.jpeg","width":1096,"height":1280,"caption":"Plaukti birojam Versa, H2000x400x1000 mm"},{"@type":"BreadcrumbList","@id":"https:\/\/storitgroup.com\/lv\/prece\/plaukti-birojam-versa\/#breadcrumb","itemListElement":[{"@type":"ListItem","position":1,"name":"S\u0101kumlapa","item":"https:\/\/storitgroup.com\/lv\/"},{"@type":"ListItem","position":2,"name":"Veikals","item":"https:\/\/storitgroup.com\/lv\/veikals\/"},{"@type":"ListItem","position":3,"name":"Plaukti birojam VERSA, H2000x400x1000 mm"}]},{"@type":"WebSite","@id":"https:\/\/storitgroup.com\/lv\/#website","url":"https:\/\/storitgroup.com\/lv\/","name":"Storit","description":"","potentialAction":[{"@type":"SearchAction","target":{"@type":"EntryPoint","urlTemplate":"https:\/\/storitgroup.com\/lv\/?s={search_term_string}"},"query-input":{"@type":"PropertyValueSpecification","valueRequired":true,"valueName":"search_term_string"}}],"inLanguage":"lv-LV"}]}},"_links":{"self":[{"href":"https:\/\/storitgroup.com\/lv\/wp-json\/wp\/v2\/product\/217805","targetHints":{"allow":["GET"]}}],"collection":[{"href":"https:\/\/storitgroup.com\/lv\/wp-json\/wp\/v2\/product"}],"about":[{"href":"https:\/\/storitgroup.com\/lv\/wp-json\/wp\/v2\/types\/product"}],"wp:featuredmedia":[{"embeddable":true,"href":"https:\/\/storitgroup.com\/lv\/wp-json\/wp\/v2\/media\/217806"}],"wp:attachment":[{"href":"https:\/\/storitgroup.com\/lv\/wp-json\/wp\/v2\/media?parent=217805"}],"wp:term":[{"taxonomy":"product_brand","embeddable":true,"href":"https:\/\/storitgroup.com\/lv\/wp-json\/wp\/v2\/product_brand?post=217805"},{"taxonomy":"product_cat","embeddable":true,"href":"https:\/\/storitgroup.com\/lv\/wp-json\/wp\/v2\/product_cat?post=217805"},{"taxonomy":"product_tag","embeddable":true,"href":"https:\/\/storitgroup.com\/lv\/wp-json\/wp\/v2\/product_tag?post=217805"}],"curies":[{"name":"wp","href":"https:\/\/api.w.org\/{rel}","templated":true}]}}