{"id":217543,"date":"2024-04-17T08:27:51","date_gmt":"2024-04-17T05:27:51","guid":{"rendered":"https:\/\/storitgroup.com\/?post_type=product&#038;p=217543"},"modified":"2025-02-12T13:07:19","modified_gmt":"2025-02-12T11:07:19","slug":"lietoti-garderobes-skapji","status":"publish","type":"product","link":"https:\/\/storitgroup.com\/lv\/prece\/lietoti-garderobes-skapji\/","title":{"rendered":"Lietoti garderobes skapji Triticum, 3&#215;300 mm"},"content":{"rendered":"<p><strong>Augstums:<\/strong> 2070 mm<\/p>\n<p><strong>Dzi\u013cums:<\/strong> 550 mm<\/p>\n<p><strong>Platums:<\/strong> 900 mm<\/p>\n<p><strong>Katram skapim komplekt\u0101cij\u0101 ietilpst:<\/strong><\/p>\n<ul>\n<li>Plaukti\u0146\u0161 cepur\u0113m, stienis pakaramajiem ar \u0101\u0137\u012b\u0161iem dr\u0113b\u0113m.<\/li>\n<li>Cilindra sl\u0113dzene ar atsl\u0113gu.<\/li>\n<li>Durvju atdure 110\u00b0, kas nodro\u0161ina, lai blakus eso\u0161\u0101 durvis nesasistos.<\/li>\n<li>Ventil\u0101cijas atveres pie katr\u0101m durti\u0146\u0101m.<\/li>\n<li>K\u0101ju r\u0101mis.<\/li>\n<li>Sl\u012bpais jumti\u0146\u0161 20\u00b0 le\u0146\u0137\u012b.<\/li>\n<\/ul>\n","protected":false},"excerpt":{"rendered":"<p>Augstums: 2070 mm Dzi\u013cums: 550 mm Platums: 900 mm Katram skapim komplekt\u0101cij\u0101 ietilpst: Plaukti\u0146\u0161 cepur\u0113m, stienis pakaramajiem ar \u0101\u0137\u012b\u0161iem dr\u0113b\u0113m. Cilindra sl\u0113dzene ar atsl\u0113gu. Durvju atdure 110\u00b0, kas nodro\u0161ina, lai blakus eso\u0161\u0101 durvis nesasistos. Ventil\u0101cijas atveres pie katr\u0101m durti\u0146\u0101m. K\u0101ju r\u0101mis. Sl\u012bpais jumti\u0146\u0161 20\u00b0 le\u0146\u0137\u012b.<\/p>\n","protected":false},"featured_media":217544,"template":"","meta":{"_acf_changed":false},"product_brand":[],"product_cat":[],"product_tag":[],"class_list":{"0":"post-217543","1":"product","2":"type-product","3":"status-publish","4":"has-post-thumbnail","7":"first","8":"instock","9":"taxable","10":"shipping-taxable","11":"purchasable","12":"product-type-simple"},"acf":[],"yoast_head":"<!-- This site is optimized with the Yoast SEO plugin v27.3 - https:\/\/yoast.com\/product\/yoast-seo-wordpress\/ -->\n<title>Lietoti garderobes skapji Triticum, 3x300 mm &#8226; Storit<\/title>\n<meta name=\"description\" content=\"Lietoti garderobes skapji Triticum, 3x300 mm \u2014 par izdev\u012bgu cenu. Pas\u016bti jau tagad \u261b Zvanot mums vai m\u016bsu e-veikal\u0101!\" \/>\n<meta name=\"robots\" content=\"index, follow, max-snippet:-1, max-image-preview:large, max-video-preview:-1\" \/>\n<link rel=\"canonical\" href=\"https:\/\/storitgroup.com\/lv\/prece\/lietoti-garderobes-skapji\/\" \/>\n<meta property=\"og:locale\" content=\"lv_LV\" \/>\n<meta property=\"og:type\" content=\"article\" \/>\n<meta property=\"og:title\" content=\"Lietoti garderobes skapji Triticum, 3x300 mm &#8226; Storit\" \/>\n<meta property=\"og:description\" content=\"Lietoti garderobes skapji Triticum, 3x300 mm \u2014 par izdev\u012bgu cenu. Pas\u016bti jau tagad \u261b Zvanot mums vai m\u016bsu e-veikal\u0101!\" \/>\n<meta property=\"og:url\" content=\"https:\/\/storitgroup.com\/lv\/prece\/lietoti-garderobes-skapji\/\" \/>\n<meta property=\"og:site_name\" content=\"Storit\" \/>\n<meta property=\"article:modified_time\" content=\"2025-02-12T11:07:19+00:00\" \/>\n<meta property=\"og:image\" content=\"https:\/\/storitgroup.com\/uploads\/2024\/04\/image.jpeg\" \/>\n\t<meta property=\"og:image:width\" content=\"1010\" \/>\n\t<meta property=\"og:image:height\" content=\"1280\" \/>\n\t<meta property=\"og:image:type\" content=\"image\/jpeg\" \/>\n<meta name=\"twitter:card\" content=\"summary_large_image\" \/>\n<script type=\"application\/ld+json\" class=\"yoast-schema-graph\">{\"@context\":\"https:\\\/\\\/schema.org\",\"@graph\":[{\"@type\":[\"WebPage\",\"ItemPage\"],\"@id\":\"https:\\\/\\\/storitgroup.com\\\/lv\\\/prece\\\/lietoti-garderobes-skapji\\\/\",\"url\":\"https:\\\/\\\/storitgroup.com\\\/lv\\\/prece\\\/lietoti-garderobes-skapji\\\/\",\"name\":\"Lietoti garderobes skapji Triticum, 3x300 mm &#8226; Storit\",\"isPartOf\":{\"@id\":\"https:\\\/\\\/storitgroup.com\\\/lv\\\/#website\"},\"primaryImageOfPage\":{\"@id\":\"https:\\\/\\\/storitgroup.com\\\/lv\\\/prece\\\/lietoti-garderobes-skapji\\\/#primaryimage\"},\"image\":{\"@id\":\"https:\\\/\\\/storitgroup.com\\\/lv\\\/prece\\\/lietoti-garderobes-skapji\\\/#primaryimage\"},\"thumbnailUrl\":\"https:\\\/\\\/storitgroup.com\\\/uploads\\\/2024\\\/04\\\/image.jpeg\",\"datePublished\":\"2024-04-17T05:27:51+00:00\",\"dateModified\":\"2025-02-12T11:07:19+00:00\",\"description\":\"Lietoti garderobes skapji Triticum, 3x300 mm \u2014 par izdev\u012bgu cenu. Pas\u016bti jau tagad \u261b Zvanot mums vai m\u016bsu e-veikal\u0101!\",\"breadcrumb\":{\"@id\":\"https:\\\/\\\/storitgroup.com\\\/lv\\\/prece\\\/lietoti-garderobes-skapji\\\/#breadcrumb\"},\"inLanguage\":\"lv-LV\",\"potentialAction\":[{\"@type\":\"ReadAction\",\"target\":[\"https:\\\/\\\/storitgroup.com\\\/lv\\\/prece\\\/lietoti-garderobes-skapji\\\/\"]}]},{\"@type\":\"ImageObject\",\"inLanguage\":\"lv-LV\",\"@id\":\"https:\\\/\\\/storitgroup.com\\\/lv\\\/prece\\\/lietoti-garderobes-skapji\\\/#primaryimage\",\"url\":\"https:\\\/\\\/storitgroup.com\\\/uploads\\\/2024\\\/04\\\/image.jpeg\",\"contentUrl\":\"https:\\\/\\\/storitgroup.com\\\/uploads\\\/2024\\\/04\\\/image.jpeg\",\"width\":1010,\"height\":1280,\"caption\":\"Lietoti garderobes skapji Triticum\"},{\"@type\":\"BreadcrumbList\",\"@id\":\"https:\\\/\\\/storitgroup.com\\\/lv\\\/prece\\\/lietoti-garderobes-skapji\\\/#breadcrumb\",\"itemListElement\":[{\"@type\":\"ListItem\",\"position\":1,\"name\":\"S\u0101kumlapa\",\"item\":\"https:\\\/\\\/storitgroup.com\\\/lv\\\/\"},{\"@type\":\"ListItem\",\"position\":2,\"name\":\"Veikals\",\"item\":\"https:\\\/\\\/storitgroup.com\\\/lv\\\/veikals\\\/\"},{\"@type\":\"ListItem\",\"position\":3,\"name\":\"Lietoti garderobes skapji Triticum, 3&#215;300 mm\"}]},{\"@type\":\"WebSite\",\"@id\":\"https:\\\/\\\/storitgroup.com\\\/lv\\\/#website\",\"url\":\"https:\\\/\\\/storitgroup.com\\\/lv\\\/\",\"name\":\"Storit\",\"description\":\"\",\"potentialAction\":[{\"@type\":\"SearchAction\",\"target\":{\"@type\":\"EntryPoint\",\"urlTemplate\":\"https:\\\/\\\/storitgroup.com\\\/lv\\\/?s={search_term_string}\"},\"query-input\":{\"@type\":\"PropertyValueSpecification\",\"valueRequired\":true,\"valueName\":\"search_term_string\"}}],\"inLanguage\":\"lv-LV\"}]}<\/script>\n<!-- \/ Yoast SEO plugin. -->","yoast_head_json":{"title":"Lietoti garderobes skapji Triticum, 3x300 mm &#8226; Storit","description":"Lietoti garderobes skapji Triticum, 3x300 mm \u2014 par izdev\u012bgu cenu. Pas\u016bti jau tagad \u261b Zvanot mums vai m\u016bsu e-veikal\u0101!","robots":{"index":"index","follow":"follow","max-snippet":"max-snippet:-1","max-image-preview":"max-image-preview:large","max-video-preview":"max-video-preview:-1"},"canonical":"https:\/\/storitgroup.com\/lv\/prece\/lietoti-garderobes-skapji\/","og_locale":"lv_LV","og_type":"article","og_title":"Lietoti garderobes skapji Triticum, 3x300 mm &#8226; Storit","og_description":"Lietoti garderobes skapji Triticum, 3x300 mm \u2014 par izdev\u012bgu cenu. Pas\u016bti jau tagad \u261b Zvanot mums vai m\u016bsu e-veikal\u0101!","og_url":"https:\/\/storitgroup.com\/lv\/prece\/lietoti-garderobes-skapji\/","og_site_name":"Storit","article_modified_time":"2025-02-12T11:07:19+00:00","og_image":[{"width":1010,"height":1280,"url":"https:\/\/storitgroup.com\/uploads\/2024\/04\/image.jpeg","type":"image\/jpeg"}],"twitter_card":"summary_large_image","schema":{"@context":"https:\/\/schema.org","@graph":[{"@type":["WebPage","ItemPage"],"@id":"https:\/\/storitgroup.com\/lv\/prece\/lietoti-garderobes-skapji\/","url":"https:\/\/storitgroup.com\/lv\/prece\/lietoti-garderobes-skapji\/","name":"Lietoti garderobes skapji Triticum, 3x300 mm &#8226; Storit","isPartOf":{"@id":"https:\/\/storitgroup.com\/lv\/#website"},"primaryImageOfPage":{"@id":"https:\/\/storitgroup.com\/lv\/prece\/lietoti-garderobes-skapji\/#primaryimage"},"image":{"@id":"https:\/\/storitgroup.com\/lv\/prece\/lietoti-garderobes-skapji\/#primaryimage"},"thumbnailUrl":"https:\/\/storitgroup.com\/uploads\/2024\/04\/image.jpeg","datePublished":"2024-04-17T05:27:51+00:00","dateModified":"2025-02-12T11:07:19+00:00","description":"Lietoti garderobes skapji Triticum, 3x300 mm \u2014 par izdev\u012bgu cenu. Pas\u016bti jau tagad \u261b Zvanot mums vai m\u016bsu e-veikal\u0101!","breadcrumb":{"@id":"https:\/\/storitgroup.com\/lv\/prece\/lietoti-garderobes-skapji\/#breadcrumb"},"inLanguage":"lv-LV","potentialAction":[{"@type":"ReadAction","target":["https:\/\/storitgroup.com\/lv\/prece\/lietoti-garderobes-skapji\/"]}]},{"@type":"ImageObject","inLanguage":"lv-LV","@id":"https:\/\/storitgroup.com\/lv\/prece\/lietoti-garderobes-skapji\/#primaryimage","url":"https:\/\/storitgroup.com\/uploads\/2024\/04\/image.jpeg","contentUrl":"https:\/\/storitgroup.com\/uploads\/2024\/04\/image.jpeg","width":1010,"height":1280,"caption":"Lietoti garderobes skapji Triticum"},{"@type":"BreadcrumbList","@id":"https:\/\/storitgroup.com\/lv\/prece\/lietoti-garderobes-skapji\/#breadcrumb","itemListElement":[{"@type":"ListItem","position":1,"name":"S\u0101kumlapa","item":"https:\/\/storitgroup.com\/lv\/"},{"@type":"ListItem","position":2,"name":"Veikals","item":"https:\/\/storitgroup.com\/lv\/veikals\/"},{"@type":"ListItem","position":3,"name":"Lietoti garderobes skapji Triticum, 3&#215;300 mm"}]},{"@type":"WebSite","@id":"https:\/\/storitgroup.com\/lv\/#website","url":"https:\/\/storitgroup.com\/lv\/","name":"Storit","description":"","potentialAction":[{"@type":"SearchAction","target":{"@type":"EntryPoint","urlTemplate":"https:\/\/storitgroup.com\/lv\/?s={search_term_string}"},"query-input":{"@type":"PropertyValueSpecification","valueRequired":true,"valueName":"search_term_string"}}],"inLanguage":"lv-LV"}]}},"_links":{"self":[{"href":"https:\/\/storitgroup.com\/lv\/wp-json\/wp\/v2\/product\/217543","targetHints":{"allow":["GET"]}}],"collection":[{"href":"https:\/\/storitgroup.com\/lv\/wp-json\/wp\/v2\/product"}],"about":[{"href":"https:\/\/storitgroup.com\/lv\/wp-json\/wp\/v2\/types\/product"}],"wp:featuredmedia":[{"embeddable":true,"href":"https:\/\/storitgroup.com\/lv\/wp-json\/wp\/v2\/media\/217544"}],"wp:attachment":[{"href":"https:\/\/storitgroup.com\/lv\/wp-json\/wp\/v2\/media?parent=217543"}],"wp:term":[{"taxonomy":"product_brand","embeddable":true,"href":"https:\/\/storitgroup.com\/lv\/wp-json\/wp\/v2\/product_brand?post=217543"},{"taxonomy":"product_cat","embeddable":true,"href":"https:\/\/storitgroup.com\/lv\/wp-json\/wp\/v2\/product_cat?post=217543"},{"taxonomy":"product_tag","embeddable":true,"href":"https:\/\/storitgroup.com\/lv\/wp-json\/wp\/v2\/product_tag?post=217543"}],"curies":[{"name":"wp","href":"https:\/\/api.w.org\/{rel}","templated":true}]}}