{"id":215631,"date":"2024-02-26T12:12:29","date_gmt":"2024-02-26T10:12:29","guid":{"rendered":"https:\/\/storitgroup.com\/?post_type=product&#038;p=215631"},"modified":"2024-02-26T12:38:01","modified_gmt":"2024-02-26T10:38:01","slug":"sols-garderobes-skapim","status":"publish","type":"product","link":"https:\/\/storitgroup.com\/lv\/prece\/sols-garderobes-skapim\/","title":{"rendered":"Sols garderobes skapim 400 mm, P 411 W"},"content":{"rendered":"<p><strong>Izm\u0113rs:<\/strong> 390 x 745 x 390 mm<\/p>\n<p>&nbsp;<\/p>\n<p>Soli\u0146\u0161 ar met\u0101la k\u0101ju r\u0101mi un priedes koka d\u0113\u013ciem.<\/p>\n<p>Apr\u012bkots ar l\u012bme\u0146o\u0161anas skr\u016bv\u0113m.<\/p>\n<p>Skap\u012bti uzliekot uz sola, ir j\u0101pieskr\u016bv\u0113 ar div\u0101m skr\u016bv\u0113m. Skr\u016bves ietilpst komplekt\u0101cij\u0101.<\/p>\n<p>Ra\u017eots Polij\u0101.<\/p>\n","protected":false},"excerpt":{"rendered":"<p>Izm\u0113rs: 390 x 745 x 390 mm &nbsp; Soli\u0146\u0161 ar met\u0101la k\u0101ju r\u0101mi un priedes koka d\u0113\u013ciem. Apr\u012bkots ar l\u012bme\u0146o\u0161anas skr\u016bv\u0113m. Skap\u012bti uzliekot uz sola, ir j\u0101pieskr\u016bv\u0113 ar div\u0101m skr\u016bv\u0113m. Skr\u016bves ietilpst komplekt\u0101cij\u0101. Ra\u017eots Polij\u0101.<\/p>\n","protected":false},"featured_media":215637,"template":"","meta":{"_acf_changed":false},"product_brand":[],"product_cat":[7117],"product_tag":[],"class_list":{"0":"post-215631","1":"product","2":"type-product","3":"status-publish","4":"has-post-thumbnail","6":"product_cat-metala-skapji","8":"first","9":"instock","10":"taxable","11":"shipping-taxable","12":"purchasable","13":"product-type-simple"},"acf":[],"yoast_head":"<!-- This site is optimized with the Yoast SEO plugin v27.2 - https:\/\/yoast.com\/product\/yoast-seo-wordpress\/ -->\n<title>Sols garderobes skapim 400 mm, P 411 W &#8226; Storit<\/title>\n<meta name=\"description\" content=\"Soli ar koka d\u0113l\u012b\u0161iem \u2014 pieejami uz vietas. Piem\u0113rots garderobes, nodal\u012bjumu un L durvju skapjiem 400 mm platum\u0101. \u261b Pas\u016bti jau tagad, zvanot uz 26599590!\" \/>\n<meta name=\"robots\" content=\"index, follow, max-snippet:-1, max-image-preview:large, max-video-preview:-1\" \/>\n<link rel=\"canonical\" href=\"https:\/\/storitgroup.com\/lv\/prece\/sols-garderobes-skapim\/\" \/>\n<meta property=\"og:locale\" content=\"lv_LV\" \/>\n<meta property=\"og:type\" content=\"article\" \/>\n<meta property=\"og:title\" content=\"Sols garderobes skapim 400 mm, P 411 W &#8226; Storit\" \/>\n<meta property=\"og:description\" content=\"Soli ar koka d\u0113l\u012b\u0161iem \u2014 pieejami uz vietas. Piem\u0113rots garderobes, nodal\u012bjumu un L durvju skapjiem 400 mm platum\u0101. \u261b Pas\u016bti jau tagad, zvanot uz 26599590!\" \/>\n<meta property=\"og:url\" content=\"https:\/\/storitgroup.com\/lv\/prece\/sols-garderobes-skapim\/\" \/>\n<meta property=\"og:site_name\" content=\"Storit\" \/>\n<meta property=\"article:modified_time\" content=\"2024-02-26T10:38:01+00:00\" \/>\n<meta property=\"og:image\" content=\"https:\/\/storitgroup.com\/uploads\/2024\/02\/sols-garderobes-skapim-p411w.jpeg\" \/>\n\t<meta property=\"og:image:width\" content=\"1280\" \/>\n\t<meta property=\"og:image:height\" content=\"1280\" \/>\n\t<meta property=\"og:image:type\" content=\"image\/jpeg\" \/>\n<meta name=\"twitter:card\" content=\"summary_large_image\" \/>\n<script type=\"application\/ld+json\" class=\"yoast-schema-graph\">{\"@context\":\"https:\/\/schema.org\",\"@graph\":[{\"@type\":[\"WebPage\",\"ItemPage\"],\"@id\":\"https:\/\/storitgroup.com\/lv\/prece\/sols-garderobes-skapim\/\",\"url\":\"https:\/\/storitgroup.com\/lv\/prece\/sols-garderobes-skapim\/\",\"name\":\"Sols garderobes skapim 400 mm, P 411 W &#8226; Storit\",\"isPartOf\":{\"@id\":\"https:\/\/storitgroup.com\/lv\/#website\"},\"primaryImageOfPage\":{\"@id\":\"https:\/\/storitgroup.com\/lv\/prece\/sols-garderobes-skapim\/#primaryimage\"},\"image\":{\"@id\":\"https:\/\/storitgroup.com\/lv\/prece\/sols-garderobes-skapim\/#primaryimage\"},\"thumbnailUrl\":\"https:\/\/storitgroup.com\/uploads\/2024\/02\/sols-garderobes-skapim-p411w.jpeg\",\"datePublished\":\"2024-02-26T10:12:29+00:00\",\"dateModified\":\"2024-02-26T10:38:01+00:00\",\"description\":\"Soli ar koka d\u0113l\u012b\u0161iem \u2014 pieejami uz vietas. Piem\u0113rots garderobes, nodal\u012bjumu un L durvju skapjiem 400 mm platum\u0101. \u261b Pas\u016bti jau tagad, zvanot uz 26599590!\",\"breadcrumb\":{\"@id\":\"https:\/\/storitgroup.com\/lv\/prece\/sols-garderobes-skapim\/#breadcrumb\"},\"inLanguage\":\"lv-LV\",\"potentialAction\":[{\"@type\":\"ReadAction\",\"target\":[\"https:\/\/storitgroup.com\/lv\/prece\/sols-garderobes-skapim\/\"]}]},{\"@type\":\"ImageObject\",\"inLanguage\":\"lv-LV\",\"@id\":\"https:\/\/storitgroup.com\/lv\/prece\/sols-garderobes-skapim\/#primaryimage\",\"url\":\"https:\/\/storitgroup.com\/uploads\/2024\/02\/sols-garderobes-skapim-p411w.jpeg\",\"contentUrl\":\"https:\/\/storitgroup.com\/uploads\/2024\/02\/sols-garderobes-skapim-p411w.jpeg\",\"width\":1280,\"height\":1280,\"caption\":\"Sols garderobes skapim, P 411 W\"},{\"@type\":\"BreadcrumbList\",\"@id\":\"https:\/\/storitgroup.com\/lv\/prece\/sols-garderobes-skapim\/#breadcrumb\",\"itemListElement\":[{\"@type\":\"ListItem\",\"position\":1,\"name\":\"S\u0101kumlapa\",\"item\":\"https:\/\/storitgroup.com\/lv\/\"},{\"@type\":\"ListItem\",\"position\":2,\"name\":\"Veikals\",\"item\":\"https:\/\/storitgroup.com\/lv\/veikals\/\"},{\"@type\":\"ListItem\",\"position\":3,\"name\":\"Met\u0101la skapji\",\"item\":\"https:\/\/storitgroup.com\/lv\/metala-skapji\/\"},{\"@type\":\"ListItem\",\"position\":4,\"name\":\"Sols garderobes skapim 400 mm, P 411 W\"}]},{\"@type\":\"WebSite\",\"@id\":\"https:\/\/storitgroup.com\/lv\/#website\",\"url\":\"https:\/\/storitgroup.com\/lv\/\",\"name\":\"Storit\",\"description\":\"\",\"potentialAction\":[{\"@type\":\"SearchAction\",\"target\":{\"@type\":\"EntryPoint\",\"urlTemplate\":\"https:\/\/storitgroup.com\/lv\/?s={search_term_string}\"},\"query-input\":{\"@type\":\"PropertyValueSpecification\",\"valueRequired\":true,\"valueName\":\"search_term_string\"}}],\"inLanguage\":\"lv-LV\"}]}<\/script>\n<!-- \/ Yoast SEO plugin. -->","yoast_head_json":{"title":"Sols garderobes skapim 400 mm, P 411 W &#8226; Storit","description":"Soli ar koka d\u0113l\u012b\u0161iem \u2014 pieejami uz vietas. Piem\u0113rots garderobes, nodal\u012bjumu un L durvju skapjiem 400 mm platum\u0101. \u261b Pas\u016bti jau tagad, zvanot uz 26599590!","robots":{"index":"index","follow":"follow","max-snippet":"max-snippet:-1","max-image-preview":"max-image-preview:large","max-video-preview":"max-video-preview:-1"},"canonical":"https:\/\/storitgroup.com\/lv\/prece\/sols-garderobes-skapim\/","og_locale":"lv_LV","og_type":"article","og_title":"Sols garderobes skapim 400 mm, P 411 W &#8226; Storit","og_description":"Soli ar koka d\u0113l\u012b\u0161iem \u2014 pieejami uz vietas. Piem\u0113rots garderobes, nodal\u012bjumu un L durvju skapjiem 400 mm platum\u0101. \u261b Pas\u016bti jau tagad, zvanot uz 26599590!","og_url":"https:\/\/storitgroup.com\/lv\/prece\/sols-garderobes-skapim\/","og_site_name":"Storit","article_modified_time":"2024-02-26T10:38:01+00:00","og_image":[{"width":1280,"height":1280,"url":"https:\/\/storitgroup.com\/uploads\/2024\/02\/sols-garderobes-skapim-p411w.jpeg","type":"image\/jpeg"}],"twitter_card":"summary_large_image","schema":{"@context":"https:\/\/schema.org","@graph":[{"@type":["WebPage","ItemPage"],"@id":"https:\/\/storitgroup.com\/lv\/prece\/sols-garderobes-skapim\/","url":"https:\/\/storitgroup.com\/lv\/prece\/sols-garderobes-skapim\/","name":"Sols garderobes skapim 400 mm, P 411 W &#8226; Storit","isPartOf":{"@id":"https:\/\/storitgroup.com\/lv\/#website"},"primaryImageOfPage":{"@id":"https:\/\/storitgroup.com\/lv\/prece\/sols-garderobes-skapim\/#primaryimage"},"image":{"@id":"https:\/\/storitgroup.com\/lv\/prece\/sols-garderobes-skapim\/#primaryimage"},"thumbnailUrl":"https:\/\/storitgroup.com\/uploads\/2024\/02\/sols-garderobes-skapim-p411w.jpeg","datePublished":"2024-02-26T10:12:29+00:00","dateModified":"2024-02-26T10:38:01+00:00","description":"Soli ar koka d\u0113l\u012b\u0161iem \u2014 pieejami uz vietas. Piem\u0113rots garderobes, nodal\u012bjumu un L durvju skapjiem 400 mm platum\u0101. \u261b Pas\u016bti jau tagad, zvanot uz 26599590!","breadcrumb":{"@id":"https:\/\/storitgroup.com\/lv\/prece\/sols-garderobes-skapim\/#breadcrumb"},"inLanguage":"lv-LV","potentialAction":[{"@type":"ReadAction","target":["https:\/\/storitgroup.com\/lv\/prece\/sols-garderobes-skapim\/"]}]},{"@type":"ImageObject","inLanguage":"lv-LV","@id":"https:\/\/storitgroup.com\/lv\/prece\/sols-garderobes-skapim\/#primaryimage","url":"https:\/\/storitgroup.com\/uploads\/2024\/02\/sols-garderobes-skapim-p411w.jpeg","contentUrl":"https:\/\/storitgroup.com\/uploads\/2024\/02\/sols-garderobes-skapim-p411w.jpeg","width":1280,"height":1280,"caption":"Sols garderobes skapim, P 411 W"},{"@type":"BreadcrumbList","@id":"https:\/\/storitgroup.com\/lv\/prece\/sols-garderobes-skapim\/#breadcrumb","itemListElement":[{"@type":"ListItem","position":1,"name":"S\u0101kumlapa","item":"https:\/\/storitgroup.com\/lv\/"},{"@type":"ListItem","position":2,"name":"Veikals","item":"https:\/\/storitgroup.com\/lv\/veikals\/"},{"@type":"ListItem","position":3,"name":"Met\u0101la skapji","item":"https:\/\/storitgroup.com\/lv\/metala-skapji\/"},{"@type":"ListItem","position":4,"name":"Sols garderobes skapim 400 mm, P 411 W"}]},{"@type":"WebSite","@id":"https:\/\/storitgroup.com\/lv\/#website","url":"https:\/\/storitgroup.com\/lv\/","name":"Storit","description":"","potentialAction":[{"@type":"SearchAction","target":{"@type":"EntryPoint","urlTemplate":"https:\/\/storitgroup.com\/lv\/?s={search_term_string}"},"query-input":{"@type":"PropertyValueSpecification","valueRequired":true,"valueName":"search_term_string"}}],"inLanguage":"lv-LV"}]}},"_links":{"self":[{"href":"https:\/\/storitgroup.com\/lv\/wp-json\/wp\/v2\/product\/215631","targetHints":{"allow":["GET"]}}],"collection":[{"href":"https:\/\/storitgroup.com\/lv\/wp-json\/wp\/v2\/product"}],"about":[{"href":"https:\/\/storitgroup.com\/lv\/wp-json\/wp\/v2\/types\/product"}],"wp:featuredmedia":[{"embeddable":true,"href":"https:\/\/storitgroup.com\/lv\/wp-json\/wp\/v2\/media\/215637"}],"wp:attachment":[{"href":"https:\/\/storitgroup.com\/lv\/wp-json\/wp\/v2\/media?parent=215631"}],"wp:term":[{"taxonomy":"product_brand","embeddable":true,"href":"https:\/\/storitgroup.com\/lv\/wp-json\/wp\/v2\/product_brand?post=215631"},{"taxonomy":"product_cat","embeddable":true,"href":"https:\/\/storitgroup.com\/lv\/wp-json\/wp\/v2\/product_cat?post=215631"},{"taxonomy":"product_tag","embeddable":true,"href":"https:\/\/storitgroup.com\/lv\/wp-json\/wp\/v2\/product_tag?post=215631"}],"curies":[{"name":"wp","href":"https:\/\/api.w.org\/{rel}","templated":true}]}}