{"id":215533,"date":"2024-02-22T15:23:23","date_gmt":"2024-02-22T13:23:23","guid":{"rendered":"https:\/\/storitgroup.com\/?post_type=product&#038;p=215533"},"modified":"2024-04-17T08:54:57","modified_gmt":"2024-04-17T05:54:57","slug":"vienvietigs-garderobes-skapis","status":"publish","type":"product","link":"https:\/\/storitgroup.com\/lv\/prece\/vienvietigs-garderobes-skapis\/","title":{"rendered":"Vienviet\u012bgs garderobes skapis 1&#215;400 mm, SUM 410 W"},"content":{"rendered":"<p><b>Met\u0101la garderobes skapja dzi\u013cums:<\/b> 500 mm<\/p>\n<p><b>Garderobes skapja platums:<\/b> 400 mm<\/p>\n<p><b>Augstums: <\/b>1800 mm<\/p>\n<p>&nbsp;<\/p>\n<p><strong>Skapis izgatavots no 0,5 mm biez\u0101m t\u0113rauda loksn\u0113m.<\/strong><\/p>\n<p>&nbsp;<\/p>\n<p><strong>Garderobes skapja komplekt\u0101cij\u0101 ietilpst:<\/strong><\/p>\n<p>\u2013 Iek\u0161\u0113j\u0101 starpsiena 378 mm dzi\u013cum\u0101, kas sadala sekciju div\u0101s da\u013c\u0101s pa 250 mm un 150 mm,<\/p>\n<p>\u2013 pa\u0161l\u012bm\u0113jo\u0161\u0101 kabati\u0146a uz durv\u012bm,<\/p>\n<p>\u2013 cilindrisk\u0101 sl\u0113dzene ar div\u0101m atsl\u0113g\u0101m,<\/p>\n<p>\u2013 spogulis durvju iek\u0161pus\u0113,<\/p>\n<p>\u2013 pa\u0161l\u012bm\u0113jo\u0161ais \u0101\u0137is aiz durv\u012bm dvie\u013ca pakarin\u0101\u0161anai.<\/p>\n<p>\u2013 katr\u0101 nodal\u012bjum\u0101: dr\u0113bju stanga un \u0101\u0137i dr\u0113bju pakarin\u0101\u0161anai,\u00a0 galvassegas plaukts.<\/p>\n<p>Skapis pel\u0113k\u0101 kr\u0101s\u0101 (RAL7035).<\/p>\n","protected":false},"excerpt":{"rendered":"<p>Met\u0101la garderobes skapja dzi\u013cums: 500 mm Garderobes skapja platums: 400 mm Augstums: 1800 mm &nbsp; Skapis izgatavots no 0,5 mm biez\u0101m t\u0113rauda loksn\u0113m. &nbsp; Garderobes skapja komplekt\u0101cij\u0101 ietilpst: \u2013 Iek\u0161\u0113j\u0101 starpsiena 378 mm dzi\u013cum\u0101, kas sadala sekciju div\u0101s da\u013c\u0101s pa 250 mm un 150 mm, \u2013 pa\u0161l\u012bm\u0113jo\u0161\u0101 kabati\u0146a uz durv\u012bm, \u2013 cilindrisk\u0101 sl\u0113dzene ar div\u0101m [&hellip;]<\/p>\n","protected":false},"featured_media":215534,"template":"","meta":{"_acf_changed":false},"product_brand":[],"product_cat":[7117],"product_tag":[],"class_list":{"0":"post-215533","1":"product","2":"type-product","3":"status-publish","4":"has-post-thumbnail","6":"product_cat-metala-skapji","8":"first","9":"instock","10":"taxable","11":"shipping-taxable","12":"purchasable","13":"product-type-simple"},"acf":[],"yoast_head":"<!-- This site is optimized with the Yoast SEO plugin v27.2 - https:\/\/yoast.com\/product\/yoast-seo-wordpress\/ -->\n<title>Vienviet\u012bgs garderobes skapis 1x400 mm, SUM 410 W &#8226; Storit<\/title>\n<meta name=\"description\" content=\"Vienviet\u012bgs garderobes skapis 1x400 mm, SUM 410 W \u2014 par izdev\u012bgu cenu. Pieg\u0101de vis\u0101 Latvij\u0101! \u261b Iepaz\u012bsties ar preci un pas\u016bti no STORIT e-veikala!\" \/>\n<meta name=\"robots\" content=\"index, follow, max-snippet:-1, max-image-preview:large, max-video-preview:-1\" \/>\n<link rel=\"canonical\" href=\"https:\/\/storitgroup.com\/lv\/prece\/vienvietigs-garderobes-skapis\/\" \/>\n<meta property=\"og:locale\" content=\"lv_LV\" \/>\n<meta property=\"og:type\" content=\"article\" \/>\n<meta property=\"og:title\" content=\"Vienviet\u012bgs garderobes skapis 1x400 mm, SUM 410 W &#8226; Storit\" \/>\n<meta property=\"og:description\" content=\"Vienviet\u012bgs garderobes skapis 1x400 mm, SUM 410 W \u2014 par izdev\u012bgu cenu. Pieg\u0101de vis\u0101 Latvij\u0101! \u261b Iepaz\u012bsties ar preci un pas\u016bti no STORIT e-veikala!\" \/>\n<meta property=\"og:url\" content=\"https:\/\/storitgroup.com\/lv\/prece\/vienvietigs-garderobes-skapis\/\" \/>\n<meta property=\"og:site_name\" content=\"Storit\" \/>\n<meta property=\"article:modified_time\" content=\"2024-04-17T05:54:57+00:00\" \/>\n<meta property=\"og:image\" content=\"https:\/\/storitgroup.com\/uploads\/2024\/02\/vienvietigs-garderobes-skapis.jpeg\" \/>\n\t<meta property=\"og:image:width\" content=\"904\" \/>\n\t<meta property=\"og:image:height\" content=\"1280\" \/>\n\t<meta property=\"og:image:type\" content=\"image\/jpeg\" \/>\n<meta name=\"twitter:card\" content=\"summary_large_image\" \/>\n<meta name=\"twitter:label1\" content=\"Est. reading time\" \/>\n\t<meta name=\"twitter:data1\" content=\"1 minute\" \/>\n<script type=\"application\/ld+json\" class=\"yoast-schema-graph\">{\"@context\":\"https:\/\/schema.org\",\"@graph\":[{\"@type\":[\"WebPage\",\"ItemPage\"],\"@id\":\"https:\/\/storitgroup.com\/lv\/prece\/vienvietigs-garderobes-skapis\/\",\"url\":\"https:\/\/storitgroup.com\/lv\/prece\/vienvietigs-garderobes-skapis\/\",\"name\":\"Vienviet\u012bgs garderobes skapis 1x400 mm, SUM 410 W &#8226; Storit\",\"isPartOf\":{\"@id\":\"https:\/\/storitgroup.com\/lv\/#website\"},\"primaryImageOfPage\":{\"@id\":\"https:\/\/storitgroup.com\/lv\/prece\/vienvietigs-garderobes-skapis\/#primaryimage\"},\"image\":{\"@id\":\"https:\/\/storitgroup.com\/lv\/prece\/vienvietigs-garderobes-skapis\/#primaryimage\"},\"thumbnailUrl\":\"https:\/\/storitgroup.com\/uploads\/2024\/02\/vienvietigs-garderobes-skapis.jpeg\",\"datePublished\":\"2024-02-22T13:23:23+00:00\",\"dateModified\":\"2024-04-17T05:54:57+00:00\",\"description\":\"Vienviet\u012bgs garderobes skapis 1x400 mm, SUM 410 W \u2014 par izdev\u012bgu cenu. Pieg\u0101de vis\u0101 Latvij\u0101! \u261b Iepaz\u012bsties ar preci un pas\u016bti no STORIT e-veikala!\",\"breadcrumb\":{\"@id\":\"https:\/\/storitgroup.com\/lv\/prece\/vienvietigs-garderobes-skapis\/#breadcrumb\"},\"inLanguage\":\"lv-LV\",\"potentialAction\":[{\"@type\":\"ReadAction\",\"target\":[\"https:\/\/storitgroup.com\/lv\/prece\/vienvietigs-garderobes-skapis\/\"]}]},{\"@type\":\"ImageObject\",\"inLanguage\":\"lv-LV\",\"@id\":\"https:\/\/storitgroup.com\/lv\/prece\/vienvietigs-garderobes-skapis\/#primaryimage\",\"url\":\"https:\/\/storitgroup.com\/uploads\/2024\/02\/vienvietigs-garderobes-skapis.jpeg\",\"contentUrl\":\"https:\/\/storitgroup.com\/uploads\/2024\/02\/vienvietigs-garderobes-skapis.jpeg\",\"width\":904,\"height\":1280,\"caption\":\"Vienviet\u012bgs garderobes skapis, 1x400 mm\"},{\"@type\":\"BreadcrumbList\",\"@id\":\"https:\/\/storitgroup.com\/lv\/prece\/vienvietigs-garderobes-skapis\/#breadcrumb\",\"itemListElement\":[{\"@type\":\"ListItem\",\"position\":1,\"name\":\"S\u0101kumlapa\",\"item\":\"https:\/\/storitgroup.com\/lv\/\"},{\"@type\":\"ListItem\",\"position\":2,\"name\":\"Veikals\",\"item\":\"https:\/\/storitgroup.com\/lv\/veikals\/\"},{\"@type\":\"ListItem\",\"position\":3,\"name\":\"Met\u0101la skapji\",\"item\":\"https:\/\/storitgroup.com\/lv\/metala-skapji\/\"},{\"@type\":\"ListItem\",\"position\":4,\"name\":\"Vienviet\u012bgs garderobes skapis 1&#215;400 mm, SUM 410 W\"}]},{\"@type\":\"WebSite\",\"@id\":\"https:\/\/storitgroup.com\/lv\/#website\",\"url\":\"https:\/\/storitgroup.com\/lv\/\",\"name\":\"Storit\",\"description\":\"\",\"potentialAction\":[{\"@type\":\"SearchAction\",\"target\":{\"@type\":\"EntryPoint\",\"urlTemplate\":\"https:\/\/storitgroup.com\/lv\/?s={search_term_string}\"},\"query-input\":{\"@type\":\"PropertyValueSpecification\",\"valueRequired\":true,\"valueName\":\"search_term_string\"}}],\"inLanguage\":\"lv-LV\"}]}<\/script>\n<!-- \/ Yoast SEO plugin. -->","yoast_head_json":{"title":"Vienviet\u012bgs garderobes skapis 1x400 mm, SUM 410 W &#8226; Storit","description":"Vienviet\u012bgs garderobes skapis 1x400 mm, SUM 410 W \u2014 par izdev\u012bgu cenu. Pieg\u0101de vis\u0101 Latvij\u0101! \u261b Iepaz\u012bsties ar preci un pas\u016bti no STORIT e-veikala!","robots":{"index":"index","follow":"follow","max-snippet":"max-snippet:-1","max-image-preview":"max-image-preview:large","max-video-preview":"max-video-preview:-1"},"canonical":"https:\/\/storitgroup.com\/lv\/prece\/vienvietigs-garderobes-skapis\/","og_locale":"lv_LV","og_type":"article","og_title":"Vienviet\u012bgs garderobes skapis 1x400 mm, SUM 410 W &#8226; Storit","og_description":"Vienviet\u012bgs garderobes skapis 1x400 mm, SUM 410 W \u2014 par izdev\u012bgu cenu. Pieg\u0101de vis\u0101 Latvij\u0101! \u261b Iepaz\u012bsties ar preci un pas\u016bti no STORIT e-veikala!","og_url":"https:\/\/storitgroup.com\/lv\/prece\/vienvietigs-garderobes-skapis\/","og_site_name":"Storit","article_modified_time":"2024-04-17T05:54:57+00:00","og_image":[{"width":904,"height":1280,"url":"https:\/\/storitgroup.com\/uploads\/2024\/02\/vienvietigs-garderobes-skapis.jpeg","type":"image\/jpeg"}],"twitter_card":"summary_large_image","twitter_misc":{"Est. reading time":"1 minute"},"schema":{"@context":"https:\/\/schema.org","@graph":[{"@type":["WebPage","ItemPage"],"@id":"https:\/\/storitgroup.com\/lv\/prece\/vienvietigs-garderobes-skapis\/","url":"https:\/\/storitgroup.com\/lv\/prece\/vienvietigs-garderobes-skapis\/","name":"Vienviet\u012bgs garderobes skapis 1x400 mm, SUM 410 W &#8226; Storit","isPartOf":{"@id":"https:\/\/storitgroup.com\/lv\/#website"},"primaryImageOfPage":{"@id":"https:\/\/storitgroup.com\/lv\/prece\/vienvietigs-garderobes-skapis\/#primaryimage"},"image":{"@id":"https:\/\/storitgroup.com\/lv\/prece\/vienvietigs-garderobes-skapis\/#primaryimage"},"thumbnailUrl":"https:\/\/storitgroup.com\/uploads\/2024\/02\/vienvietigs-garderobes-skapis.jpeg","datePublished":"2024-02-22T13:23:23+00:00","dateModified":"2024-04-17T05:54:57+00:00","description":"Vienviet\u012bgs garderobes skapis 1x400 mm, SUM 410 W \u2014 par izdev\u012bgu cenu. Pieg\u0101de vis\u0101 Latvij\u0101! \u261b Iepaz\u012bsties ar preci un pas\u016bti no STORIT e-veikala!","breadcrumb":{"@id":"https:\/\/storitgroup.com\/lv\/prece\/vienvietigs-garderobes-skapis\/#breadcrumb"},"inLanguage":"lv-LV","potentialAction":[{"@type":"ReadAction","target":["https:\/\/storitgroup.com\/lv\/prece\/vienvietigs-garderobes-skapis\/"]}]},{"@type":"ImageObject","inLanguage":"lv-LV","@id":"https:\/\/storitgroup.com\/lv\/prece\/vienvietigs-garderobes-skapis\/#primaryimage","url":"https:\/\/storitgroup.com\/uploads\/2024\/02\/vienvietigs-garderobes-skapis.jpeg","contentUrl":"https:\/\/storitgroup.com\/uploads\/2024\/02\/vienvietigs-garderobes-skapis.jpeg","width":904,"height":1280,"caption":"Vienviet\u012bgs garderobes skapis, 1x400 mm"},{"@type":"BreadcrumbList","@id":"https:\/\/storitgroup.com\/lv\/prece\/vienvietigs-garderobes-skapis\/#breadcrumb","itemListElement":[{"@type":"ListItem","position":1,"name":"S\u0101kumlapa","item":"https:\/\/storitgroup.com\/lv\/"},{"@type":"ListItem","position":2,"name":"Veikals","item":"https:\/\/storitgroup.com\/lv\/veikals\/"},{"@type":"ListItem","position":3,"name":"Met\u0101la skapji","item":"https:\/\/storitgroup.com\/lv\/metala-skapji\/"},{"@type":"ListItem","position":4,"name":"Vienviet\u012bgs garderobes skapis 1&#215;400 mm, SUM 410 W"}]},{"@type":"WebSite","@id":"https:\/\/storitgroup.com\/lv\/#website","url":"https:\/\/storitgroup.com\/lv\/","name":"Storit","description":"","potentialAction":[{"@type":"SearchAction","target":{"@type":"EntryPoint","urlTemplate":"https:\/\/storitgroup.com\/lv\/?s={search_term_string}"},"query-input":{"@type":"PropertyValueSpecification","valueRequired":true,"valueName":"search_term_string"}}],"inLanguage":"lv-LV"}]}},"_links":{"self":[{"href":"https:\/\/storitgroup.com\/lv\/wp-json\/wp\/v2\/product\/215533","targetHints":{"allow":["GET"]}}],"collection":[{"href":"https:\/\/storitgroup.com\/lv\/wp-json\/wp\/v2\/product"}],"about":[{"href":"https:\/\/storitgroup.com\/lv\/wp-json\/wp\/v2\/types\/product"}],"wp:featuredmedia":[{"embeddable":true,"href":"https:\/\/storitgroup.com\/lv\/wp-json\/wp\/v2\/media\/215534"}],"wp:attachment":[{"href":"https:\/\/storitgroup.com\/lv\/wp-json\/wp\/v2\/media?parent=215533"}],"wp:term":[{"taxonomy":"product_brand","embeddable":true,"href":"https:\/\/storitgroup.com\/lv\/wp-json\/wp\/v2\/product_brand?post=215533"},{"taxonomy":"product_cat","embeddable":true,"href":"https:\/\/storitgroup.com\/lv\/wp-json\/wp\/v2\/product_cat?post=215533"},{"taxonomy":"product_tag","embeddable":true,"href":"https:\/\/storitgroup.com\/lv\/wp-json\/wp\/v2\/product_tag?post=215533"}],"curies":[{"name":"wp","href":"https:\/\/api.w.org\/{rel}","templated":true}]}}