{"id":215329,"date":"2024-02-15T14:01:57","date_gmt":"2024-02-15T12:01:57","guid":{"rendered":"https:\/\/storitgroup.com\/?post_type=product&#038;p=215329"},"modified":"2024-03-04T08:44:55","modified_gmt":"2024-03-04T06:44:55","slug":"palesu-plaukti-premium-2500-1800","status":"publish","type":"product","link":"https:\/\/storitgroup.com\/lv\/prece\/palesu-plaukti-premium-2500-1800\/","title":{"rendered":"Pale\u0161u plaukti Premium, 2500x1100x1800 mm"},"content":{"rendered":"<p>Augstums:\u00a0<strong>2500 mm<\/strong><\/p>\n<p>Platums:\u00a0<strong>1800 mm<\/strong><\/p>\n<p>Dzi\u013cums: <strong>1100 mm<\/strong><\/p>\n<p>Blakus novietojamu pale\u0161u skaits vien\u0101 plaukta l\u012bmen\u012b: 2 gab.<\/p>\n<p>Maksim\u0101l\u0101 kravnes\u012bba vienai paletei: 1000 kg<\/p>\n<p>Katra plauktu l\u012bme\u0146a kravnes\u012bba:\u00a0<strong>2000 kg <\/strong>(vienm\u0113r\u012bgi izklied\u0113ta svara)<\/p>\n<p>Plauktu sekcij\u0101 var izvietot:\u00a0<strong>6 EUR paletes<\/strong><\/p>\n<p>2 siju l\u012bme\u0146i + gr\u012bdas l\u012bmenis<\/p>\n","protected":false},"excerpt":{"rendered":"<p>Augstums:\u00a02500 mm Platums:\u00a01800 mm Dzi\u013cums: 1100 mm Blakus novietojamu pale\u0161u skaits vien\u0101 plaukta l\u012bmen\u012b: 2 gab. Maksim\u0101l\u0101 kravnes\u012bba vienai paletei: 1000 kg Katra plauktu l\u012bme\u0146a kravnes\u012bba:\u00a02000 kg (vienm\u0113r\u012bgi izklied\u0113ta svara) Plauktu sekcij\u0101 var izvietot:\u00a06 EUR paletes 2 siju l\u012bme\u0146i + gr\u012bdas l\u012bmenis<\/p>\n","protected":false},"featured_media":215336,"template":"","meta":{"_acf_changed":false},"product_brand":[],"product_cat":[8335],"product_tag":[],"class_list":{"0":"post-215329","1":"product","2":"type-product","3":"status-publish","4":"has-post-thumbnail","6":"product_cat-palesu-plaukti","8":"first","9":"instock","10":"sale","11":"taxable","12":"shipping-taxable","13":"purchasable","14":"product-type-variable","15":"has-default-attributes"},"acf":[],"yoast_head":"<!-- This site is optimized with the Yoast SEO plugin v27.3 - https:\/\/yoast.com\/product\/yoast-seo-wordpress\/ -->\n<title>Pale\u0161u plaukti Premium, 2500x1100x1800 mm &#8226; Storit<\/title>\n<meta name=\"description\" content=\"Pale\u0161u plaukti Premium, 2500x1100x1800 mm \u2014 uz vietas noliktav\u0101. Pieg\u0101de un mont\u0101\u017ea vis\u0101 Latvij\u0101! \u261b Apskati pied\u0101v\u0101jumu un pas\u016bti plauktus STORIT m\u0101jaslap\u0101!\" \/>\n<meta name=\"robots\" content=\"index, follow, max-snippet:-1, max-image-preview:large, max-video-preview:-1\" \/>\n<link rel=\"canonical\" href=\"https:\/\/storitgroup.com\/lv\/prece\/palesu-plaukti-premium-2500-1800\/\" \/>\n<meta property=\"og:locale\" content=\"lv_LV\" \/>\n<meta property=\"og:type\" content=\"article\" \/>\n<meta property=\"og:title\" content=\"Pale\u0161u plaukti Premium, 2500x1100x1800 mm &#8226; Storit\" \/>\n<meta property=\"og:description\" content=\"Pale\u0161u plaukti Premium, 2500x1100x1800 mm \u2014 uz vietas noliktav\u0101. Pieg\u0101de un mont\u0101\u017ea vis\u0101 Latvij\u0101! \u261b Apskati pied\u0101v\u0101jumu un pas\u016bti plauktus STORIT m\u0101jaslap\u0101!\" \/>\n<meta property=\"og:url\" content=\"https:\/\/storitgroup.com\/lv\/prece\/palesu-plaukti-premium-2500-1800\/\" \/>\n<meta property=\"og:site_name\" content=\"Storit\" \/>\n<meta property=\"article:modified_time\" content=\"2024-03-04T06:44:55+00:00\" \/>\n<meta property=\"og:image\" content=\"https:\/\/storitgroup.com\/uploads\/2024\/02\/palesu-plauktu-pamatsekcija-1800-2500.jpg\" \/>\n\t<meta property=\"og:image:width\" content=\"800\" \/>\n\t<meta property=\"og:image:height\" content=\"800\" \/>\n\t<meta property=\"og:image:type\" content=\"image\/jpeg\" \/>\n<meta name=\"twitter:card\" content=\"summary_large_image\" \/>\n<script type=\"application\/ld+json\" class=\"yoast-schema-graph\">{\"@context\":\"https:\\\/\\\/schema.org\",\"@graph\":[{\"@type\":[\"WebPage\",\"ItemPage\"],\"@id\":\"https:\\\/\\\/storitgroup.com\\\/lv\\\/prece\\\/palesu-plaukti-premium-2500-1800\\\/\",\"url\":\"https:\\\/\\\/storitgroup.com\\\/lv\\\/prece\\\/palesu-plaukti-premium-2500-1800\\\/\",\"name\":\"Pale\u0161u plaukti Premium, 2500x1100x1800 mm &#8226; Storit\",\"isPartOf\":{\"@id\":\"https:\\\/\\\/storitgroup.com\\\/lv\\\/#website\"},\"primaryImageOfPage\":{\"@id\":\"https:\\\/\\\/storitgroup.com\\\/lv\\\/prece\\\/palesu-plaukti-premium-2500-1800\\\/#primaryimage\"},\"image\":{\"@id\":\"https:\\\/\\\/storitgroup.com\\\/lv\\\/prece\\\/palesu-plaukti-premium-2500-1800\\\/#primaryimage\"},\"thumbnailUrl\":\"https:\\\/\\\/storitgroup.com\\\/uploads\\\/2024\\\/02\\\/palesu-plauktu-pamatsekcija-1800-2500.jpg\",\"datePublished\":\"2024-02-15T12:01:57+00:00\",\"dateModified\":\"2024-03-04T06:44:55+00:00\",\"description\":\"Pale\u0161u plaukti Premium, 2500x1100x1800 mm \u2014 uz vietas noliktav\u0101. Pieg\u0101de un mont\u0101\u017ea vis\u0101 Latvij\u0101! \u261b Apskati pied\u0101v\u0101jumu un pas\u016bti plauktus STORIT m\u0101jaslap\u0101!\",\"breadcrumb\":{\"@id\":\"https:\\\/\\\/storitgroup.com\\\/lv\\\/prece\\\/palesu-plaukti-premium-2500-1800\\\/#breadcrumb\"},\"inLanguage\":\"lv-LV\",\"potentialAction\":[{\"@type\":\"ReadAction\",\"target\":[\"https:\\\/\\\/storitgroup.com\\\/lv\\\/prece\\\/palesu-plaukti-premium-2500-1800\\\/\"]}]},{\"@type\":\"ImageObject\",\"inLanguage\":\"lv-LV\",\"@id\":\"https:\\\/\\\/storitgroup.com\\\/lv\\\/prece\\\/palesu-plaukti-premium-2500-1800\\\/#primaryimage\",\"url\":\"https:\\\/\\\/storitgroup.com\\\/uploads\\\/2024\\\/02\\\/palesu-plauktu-pamatsekcija-1800-2500.jpg\",\"contentUrl\":\"https:\\\/\\\/storitgroup.com\\\/uploads\\\/2024\\\/02\\\/palesu-plauktu-pamatsekcija-1800-2500.jpg\",\"width\":800,\"height\":800,\"caption\":\"Pale\u0161u plaukti Premium, 1800x1100x2500 mm, pamatsekcija\"},{\"@type\":\"BreadcrumbList\",\"@id\":\"https:\\\/\\\/storitgroup.com\\\/lv\\\/prece\\\/palesu-plaukti-premium-2500-1800\\\/#breadcrumb\",\"itemListElement\":[{\"@type\":\"ListItem\",\"position\":1,\"name\":\"S\u0101kumlapa\",\"item\":\"https:\\\/\\\/storitgroup.com\\\/lv\\\/\"},{\"@type\":\"ListItem\",\"position\":2,\"name\":\"Veikals\",\"item\":\"https:\\\/\\\/storitgroup.com\\\/lv\\\/veikals\\\/\"},{\"@type\":\"ListItem\",\"position\":3,\"name\":\"Pale\u0161u plaukti\",\"item\":\"https:\\\/\\\/storitgroup.com\\\/lv\\\/produkti\\\/palesu-plaukti\\\/\"},{\"@type\":\"ListItem\",\"position\":4,\"name\":\"Pale\u0161u plaukti Premium, 2500x1100x1800 mm\"}]},{\"@type\":\"WebSite\",\"@id\":\"https:\\\/\\\/storitgroup.com\\\/lv\\\/#website\",\"url\":\"https:\\\/\\\/storitgroup.com\\\/lv\\\/\",\"name\":\"Storit\",\"description\":\"\",\"potentialAction\":[{\"@type\":\"SearchAction\",\"target\":{\"@type\":\"EntryPoint\",\"urlTemplate\":\"https:\\\/\\\/storitgroup.com\\\/lv\\\/?s={search_term_string}\"},\"query-input\":{\"@type\":\"PropertyValueSpecification\",\"valueRequired\":true,\"valueName\":\"search_term_string\"}}],\"inLanguage\":\"lv-LV\"}]}<\/script>\n<!-- \/ Yoast SEO plugin. -->","yoast_head_json":{"title":"Pale\u0161u plaukti Premium, 2500x1100x1800 mm &#8226; Storit","description":"Pale\u0161u plaukti Premium, 2500x1100x1800 mm \u2014 uz vietas noliktav\u0101. Pieg\u0101de un mont\u0101\u017ea vis\u0101 Latvij\u0101! \u261b Apskati pied\u0101v\u0101jumu un pas\u016bti plauktus STORIT m\u0101jaslap\u0101!","robots":{"index":"index","follow":"follow","max-snippet":"max-snippet:-1","max-image-preview":"max-image-preview:large","max-video-preview":"max-video-preview:-1"},"canonical":"https:\/\/storitgroup.com\/lv\/prece\/palesu-plaukti-premium-2500-1800\/","og_locale":"lv_LV","og_type":"article","og_title":"Pale\u0161u plaukti Premium, 2500x1100x1800 mm &#8226; Storit","og_description":"Pale\u0161u plaukti Premium, 2500x1100x1800 mm \u2014 uz vietas noliktav\u0101. Pieg\u0101de un mont\u0101\u017ea vis\u0101 Latvij\u0101! \u261b Apskati pied\u0101v\u0101jumu un pas\u016bti plauktus STORIT m\u0101jaslap\u0101!","og_url":"https:\/\/storitgroup.com\/lv\/prece\/palesu-plaukti-premium-2500-1800\/","og_site_name":"Storit","article_modified_time":"2024-03-04T06:44:55+00:00","og_image":[{"width":800,"height":800,"url":"https:\/\/storitgroup.com\/uploads\/2024\/02\/palesu-plauktu-pamatsekcija-1800-2500.jpg","type":"image\/jpeg"}],"twitter_card":"summary_large_image","schema":{"@context":"https:\/\/schema.org","@graph":[{"@type":["WebPage","ItemPage"],"@id":"https:\/\/storitgroup.com\/lv\/prece\/palesu-plaukti-premium-2500-1800\/","url":"https:\/\/storitgroup.com\/lv\/prece\/palesu-plaukti-premium-2500-1800\/","name":"Pale\u0161u plaukti Premium, 2500x1100x1800 mm &#8226; Storit","isPartOf":{"@id":"https:\/\/storitgroup.com\/lv\/#website"},"primaryImageOfPage":{"@id":"https:\/\/storitgroup.com\/lv\/prece\/palesu-plaukti-premium-2500-1800\/#primaryimage"},"image":{"@id":"https:\/\/storitgroup.com\/lv\/prece\/palesu-plaukti-premium-2500-1800\/#primaryimage"},"thumbnailUrl":"https:\/\/storitgroup.com\/uploads\/2024\/02\/palesu-plauktu-pamatsekcija-1800-2500.jpg","datePublished":"2024-02-15T12:01:57+00:00","dateModified":"2024-03-04T06:44:55+00:00","description":"Pale\u0161u plaukti Premium, 2500x1100x1800 mm \u2014 uz vietas noliktav\u0101. Pieg\u0101de un mont\u0101\u017ea vis\u0101 Latvij\u0101! \u261b Apskati pied\u0101v\u0101jumu un pas\u016bti plauktus STORIT m\u0101jaslap\u0101!","breadcrumb":{"@id":"https:\/\/storitgroup.com\/lv\/prece\/palesu-plaukti-premium-2500-1800\/#breadcrumb"},"inLanguage":"lv-LV","potentialAction":[{"@type":"ReadAction","target":["https:\/\/storitgroup.com\/lv\/prece\/palesu-plaukti-premium-2500-1800\/"]}]},{"@type":"ImageObject","inLanguage":"lv-LV","@id":"https:\/\/storitgroup.com\/lv\/prece\/palesu-plaukti-premium-2500-1800\/#primaryimage","url":"https:\/\/storitgroup.com\/uploads\/2024\/02\/palesu-plauktu-pamatsekcija-1800-2500.jpg","contentUrl":"https:\/\/storitgroup.com\/uploads\/2024\/02\/palesu-plauktu-pamatsekcija-1800-2500.jpg","width":800,"height":800,"caption":"Pale\u0161u plaukti Premium, 1800x1100x2500 mm, pamatsekcija"},{"@type":"BreadcrumbList","@id":"https:\/\/storitgroup.com\/lv\/prece\/palesu-plaukti-premium-2500-1800\/#breadcrumb","itemListElement":[{"@type":"ListItem","position":1,"name":"S\u0101kumlapa","item":"https:\/\/storitgroup.com\/lv\/"},{"@type":"ListItem","position":2,"name":"Veikals","item":"https:\/\/storitgroup.com\/lv\/veikals\/"},{"@type":"ListItem","position":3,"name":"Pale\u0161u plaukti","item":"https:\/\/storitgroup.com\/lv\/produkti\/palesu-plaukti\/"},{"@type":"ListItem","position":4,"name":"Pale\u0161u plaukti Premium, 2500x1100x1800 mm"}]},{"@type":"WebSite","@id":"https:\/\/storitgroup.com\/lv\/#website","url":"https:\/\/storitgroup.com\/lv\/","name":"Storit","description":"","potentialAction":[{"@type":"SearchAction","target":{"@type":"EntryPoint","urlTemplate":"https:\/\/storitgroup.com\/lv\/?s={search_term_string}"},"query-input":{"@type":"PropertyValueSpecification","valueRequired":true,"valueName":"search_term_string"}}],"inLanguage":"lv-LV"}]}},"_links":{"self":[{"href":"https:\/\/storitgroup.com\/lv\/wp-json\/wp\/v2\/product\/215329","targetHints":{"allow":["GET"]}}],"collection":[{"href":"https:\/\/storitgroup.com\/lv\/wp-json\/wp\/v2\/product"}],"about":[{"href":"https:\/\/storitgroup.com\/lv\/wp-json\/wp\/v2\/types\/product"}],"wp:featuredmedia":[{"embeddable":true,"href":"https:\/\/storitgroup.com\/lv\/wp-json\/wp\/v2\/media\/215336"}],"wp:attachment":[{"href":"https:\/\/storitgroup.com\/lv\/wp-json\/wp\/v2\/media?parent=215329"}],"wp:term":[{"taxonomy":"product_brand","embeddable":true,"href":"https:\/\/storitgroup.com\/lv\/wp-json\/wp\/v2\/product_brand?post=215329"},{"taxonomy":"product_cat","embeddable":true,"href":"https:\/\/storitgroup.com\/lv\/wp-json\/wp\/v2\/product_cat?post=215329"},{"taxonomy":"product_tag","embeddable":true,"href":"https:\/\/storitgroup.com\/lv\/wp-json\/wp\/v2\/product_tag?post=215329"}],"curies":[{"name":"wp","href":"https:\/\/api.w.org\/{rel}","templated":true}]}}