{"id":215273,"date":"2024-02-13T14:52:17","date_gmt":"2024-02-13T12:52:17","guid":{"rendered":"https:\/\/storitgroup.com\/?post_type=product&#038;p=215273"},"modified":"2024-03-04T08:53:53","modified_gmt":"2024-03-04T06:53:53","slug":"palesu-plaukti-6000mm-1800mm","status":"publish","type":"product","link":"https:\/\/storitgroup.com\/lv\/prece\/palesu-plaukti-6000mm-1800mm\/","title":{"rendered":"Pale\u0161u plaukti Premium, 6000x1100x1800 mm"},"content":{"rendered":"<p>Augstums:<strong> 6000 mm<\/strong><\/p>\n<p>Platums:\u00a0<strong>1800 mm<\/strong><\/p>\n<p>Blakus novietojamu pale\u0161u skaits vien\u0101 plaukta l\u012bmen\u012b:\u00a02 gab.<\/p>\n<p>Maksim\u0101l\u0101 kravnes\u012bba vienai paletei:\u00a01000 kg<\/p>\n<p>Katra plauktu l\u012bme\u0146a kravnes\u012bba:\u00a0<strong>2000 kg<\/strong>(vienm\u0113r\u012bgi izklied\u0113ta svara)<\/p>\n<p>Plauktu sekcij\u0101 var izvietot:\u00a0<strong>8 EUR paletes<\/strong><\/p>\n<p>Plauktam 3 siju l\u012bme\u0146i + gr\u012bdas l\u012bmenis.<\/p>\n<p>&nbsp;<\/p>\n","protected":false},"excerpt":{"rendered":"<p>Augstums: 6000 mm Platums:\u00a01800 mm Blakus novietojamu pale\u0161u skaits vien\u0101 plaukta l\u012bmen\u012b:\u00a02 gab. Maksim\u0101l\u0101 kravnes\u012bba vienai paletei:\u00a01000 kg Katra plauktu l\u012bme\u0146a kravnes\u012bba:\u00a02000 kg(vienm\u0113r\u012bgi izklied\u0113ta svara) Plauktu sekcij\u0101 var izvietot:\u00a08 EUR paletes Plauktam 3 siju l\u012bme\u0146i + gr\u012bdas l\u012bmenis. &nbsp;<\/p>\n","protected":false},"featured_media":215274,"template":"","meta":{"_acf_changed":false},"product_brand":[],"product_cat":[8335],"product_tag":[],"class_list":{"0":"post-215273","1":"product","2":"type-product","3":"status-publish","4":"has-post-thumbnail","6":"product_cat-palesu-plaukti","8":"first","9":"instock","10":"sale","11":"taxable","12":"shipping-taxable","13":"purchasable","14":"product-type-variable","15":"has-default-attributes"},"acf":[],"yoast_head":"<!-- This site is optimized with the Yoast SEO plugin v27.2 - https:\/\/yoast.com\/product\/yoast-seo-wordpress\/ -->\n<title>Pale\u0161u plaukti Premium, 6000x1100x1800 mm &#8226; Storit<\/title>\n<meta name=\"description\" content=\"Pale\u0161u plaukti Premium, 6000x1100x1800 mm \u2014 izdev\u012bga cena. Pieejami uz vietas! \u261b Apskati preces pied\u0101v\u0101jumu un pas\u016bti STORIT e-veikal\u0101!\" \/>\n<meta name=\"robots\" content=\"index, follow, max-snippet:-1, max-image-preview:large, max-video-preview:-1\" \/>\n<link rel=\"canonical\" href=\"https:\/\/storitgroup.com\/lv\/prece\/palesu-plaukti-6000mm-1800mm\/\" \/>\n<meta property=\"og:locale\" content=\"lv_LV\" \/>\n<meta property=\"og:type\" content=\"article\" \/>\n<meta property=\"og:title\" content=\"Pale\u0161u plaukti Premium, 6000x1100x1800 mm &#8226; Storit\" \/>\n<meta property=\"og:description\" content=\"Pale\u0161u plaukti Premium, 6000x1100x1800 mm \u2014 izdev\u012bga cena. Pieejami uz vietas! \u261b Apskati preces pied\u0101v\u0101jumu un pas\u016bti STORIT e-veikal\u0101!\" \/>\n<meta property=\"og:url\" content=\"https:\/\/storitgroup.com\/lv\/prece\/palesu-plaukti-6000mm-1800mm\/\" \/>\n<meta property=\"og:site_name\" content=\"Storit\" \/>\n<meta property=\"article:modified_time\" content=\"2024-03-04T06:53:53+00:00\" \/>\n<meta property=\"og:image\" content=\"https:\/\/storitgroup.com\/uploads\/2024\/02\/palesu-plaukti-premium-6000x1800-1.jpg\" \/>\n\t<meta property=\"og:image:width\" content=\"608\" \/>\n\t<meta property=\"og:image:height\" content=\"610\" \/>\n\t<meta property=\"og:image:type\" content=\"image\/jpeg\" \/>\n<meta name=\"twitter:card\" content=\"summary_large_image\" \/>\n<script type=\"application\/ld+json\" class=\"yoast-schema-graph\">{\"@context\":\"https:\/\/schema.org\",\"@graph\":[{\"@type\":[\"WebPage\",\"ItemPage\"],\"@id\":\"https:\/\/storitgroup.com\/lv\/prece\/palesu-plaukti-6000mm-1800mm\/\",\"url\":\"https:\/\/storitgroup.com\/lv\/prece\/palesu-plaukti-6000mm-1800mm\/\",\"name\":\"Pale\u0161u plaukti Premium, 6000x1100x1800 mm &#8226; Storit\",\"isPartOf\":{\"@id\":\"https:\/\/storitgroup.com\/lv\/#website\"},\"primaryImageOfPage\":{\"@id\":\"https:\/\/storitgroup.com\/lv\/prece\/palesu-plaukti-6000mm-1800mm\/#primaryimage\"},\"image\":{\"@id\":\"https:\/\/storitgroup.com\/lv\/prece\/palesu-plaukti-6000mm-1800mm\/#primaryimage\"},\"thumbnailUrl\":\"https:\/\/storitgroup.com\/uploads\/2024\/02\/palesu-plaukti-premium-6000x1800-1.jpg\",\"datePublished\":\"2024-02-13T12:52:17+00:00\",\"dateModified\":\"2024-03-04T06:53:53+00:00\",\"description\":\"Pale\u0161u plaukti Premium, 6000x1100x1800 mm \u2014 izdev\u012bga cena. Pieejami uz vietas! \u261b Apskati preces pied\u0101v\u0101jumu un pas\u016bti STORIT e-veikal\u0101!\",\"breadcrumb\":{\"@id\":\"https:\/\/storitgroup.com\/lv\/prece\/palesu-plaukti-6000mm-1800mm\/#breadcrumb\"},\"inLanguage\":\"lv-LV\",\"potentialAction\":[{\"@type\":\"ReadAction\",\"target\":[\"https:\/\/storitgroup.com\/lv\/prece\/palesu-plaukti-6000mm-1800mm\/\"]}]},{\"@type\":\"ImageObject\",\"inLanguage\":\"lv-LV\",\"@id\":\"https:\/\/storitgroup.com\/lv\/prece\/palesu-plaukti-6000mm-1800mm\/#primaryimage\",\"url\":\"https:\/\/storitgroup.com\/uploads\/2024\/02\/palesu-plaukti-premium-6000x1800-1.jpg\",\"contentUrl\":\"https:\/\/storitgroup.com\/uploads\/2024\/02\/palesu-plaukti-premium-6000x1800-1.jpg\",\"width\":608,\"height\":610,\"caption\":\"Pale\u0161u plaukti Premium 6000x1100x1800 mm\"},{\"@type\":\"BreadcrumbList\",\"@id\":\"https:\/\/storitgroup.com\/lv\/prece\/palesu-plaukti-6000mm-1800mm\/#breadcrumb\",\"itemListElement\":[{\"@type\":\"ListItem\",\"position\":1,\"name\":\"S\u0101kumlapa\",\"item\":\"https:\/\/storitgroup.com\/lv\/\"},{\"@type\":\"ListItem\",\"position\":2,\"name\":\"Veikals\",\"item\":\"https:\/\/storitgroup.com\/lv\/veikals\/\"},{\"@type\":\"ListItem\",\"position\":3,\"name\":\"Pale\u0161u plaukti\",\"item\":\"https:\/\/storitgroup.com\/lv\/palesu-plaukti\/\"},{\"@type\":\"ListItem\",\"position\":4,\"name\":\"Pale\u0161u plaukti Premium, 6000x1100x1800 mm\"}]},{\"@type\":\"WebSite\",\"@id\":\"https:\/\/storitgroup.com\/lv\/#website\",\"url\":\"https:\/\/storitgroup.com\/lv\/\",\"name\":\"Storit\",\"description\":\"\",\"potentialAction\":[{\"@type\":\"SearchAction\",\"target\":{\"@type\":\"EntryPoint\",\"urlTemplate\":\"https:\/\/storitgroup.com\/lv\/?s={search_term_string}\"},\"query-input\":{\"@type\":\"PropertyValueSpecification\",\"valueRequired\":true,\"valueName\":\"search_term_string\"}}],\"inLanguage\":\"lv-LV\"}]}<\/script>\n<!-- \/ Yoast SEO plugin. -->","yoast_head_json":{"title":"Pale\u0161u plaukti Premium, 6000x1100x1800 mm &#8226; Storit","description":"Pale\u0161u plaukti Premium, 6000x1100x1800 mm \u2014 izdev\u012bga cena. Pieejami uz vietas! \u261b Apskati preces pied\u0101v\u0101jumu un pas\u016bti STORIT e-veikal\u0101!","robots":{"index":"index","follow":"follow","max-snippet":"max-snippet:-1","max-image-preview":"max-image-preview:large","max-video-preview":"max-video-preview:-1"},"canonical":"https:\/\/storitgroup.com\/lv\/prece\/palesu-plaukti-6000mm-1800mm\/","og_locale":"lv_LV","og_type":"article","og_title":"Pale\u0161u plaukti Premium, 6000x1100x1800 mm &#8226; Storit","og_description":"Pale\u0161u plaukti Premium, 6000x1100x1800 mm \u2014 izdev\u012bga cena. Pieejami uz vietas! \u261b Apskati preces pied\u0101v\u0101jumu un pas\u016bti STORIT e-veikal\u0101!","og_url":"https:\/\/storitgroup.com\/lv\/prece\/palesu-plaukti-6000mm-1800mm\/","og_site_name":"Storit","article_modified_time":"2024-03-04T06:53:53+00:00","og_image":[{"width":608,"height":610,"url":"https:\/\/storitgroup.com\/uploads\/2024\/02\/palesu-plaukti-premium-6000x1800-1.jpg","type":"image\/jpeg"}],"twitter_card":"summary_large_image","schema":{"@context":"https:\/\/schema.org","@graph":[{"@type":["WebPage","ItemPage"],"@id":"https:\/\/storitgroup.com\/lv\/prece\/palesu-plaukti-6000mm-1800mm\/","url":"https:\/\/storitgroup.com\/lv\/prece\/palesu-plaukti-6000mm-1800mm\/","name":"Pale\u0161u plaukti Premium, 6000x1100x1800 mm &#8226; Storit","isPartOf":{"@id":"https:\/\/storitgroup.com\/lv\/#website"},"primaryImageOfPage":{"@id":"https:\/\/storitgroup.com\/lv\/prece\/palesu-plaukti-6000mm-1800mm\/#primaryimage"},"image":{"@id":"https:\/\/storitgroup.com\/lv\/prece\/palesu-plaukti-6000mm-1800mm\/#primaryimage"},"thumbnailUrl":"https:\/\/storitgroup.com\/uploads\/2024\/02\/palesu-plaukti-premium-6000x1800-1.jpg","datePublished":"2024-02-13T12:52:17+00:00","dateModified":"2024-03-04T06:53:53+00:00","description":"Pale\u0161u plaukti Premium, 6000x1100x1800 mm \u2014 izdev\u012bga cena. Pieejami uz vietas! \u261b Apskati preces pied\u0101v\u0101jumu un pas\u016bti STORIT e-veikal\u0101!","breadcrumb":{"@id":"https:\/\/storitgroup.com\/lv\/prece\/palesu-plaukti-6000mm-1800mm\/#breadcrumb"},"inLanguage":"lv-LV","potentialAction":[{"@type":"ReadAction","target":["https:\/\/storitgroup.com\/lv\/prece\/palesu-plaukti-6000mm-1800mm\/"]}]},{"@type":"ImageObject","inLanguage":"lv-LV","@id":"https:\/\/storitgroup.com\/lv\/prece\/palesu-plaukti-6000mm-1800mm\/#primaryimage","url":"https:\/\/storitgroup.com\/uploads\/2024\/02\/palesu-plaukti-premium-6000x1800-1.jpg","contentUrl":"https:\/\/storitgroup.com\/uploads\/2024\/02\/palesu-plaukti-premium-6000x1800-1.jpg","width":608,"height":610,"caption":"Pale\u0161u plaukti Premium 6000x1100x1800 mm"},{"@type":"BreadcrumbList","@id":"https:\/\/storitgroup.com\/lv\/prece\/palesu-plaukti-6000mm-1800mm\/#breadcrumb","itemListElement":[{"@type":"ListItem","position":1,"name":"S\u0101kumlapa","item":"https:\/\/storitgroup.com\/lv\/"},{"@type":"ListItem","position":2,"name":"Veikals","item":"https:\/\/storitgroup.com\/lv\/veikals\/"},{"@type":"ListItem","position":3,"name":"Pale\u0161u plaukti","item":"https:\/\/storitgroup.com\/lv\/palesu-plaukti\/"},{"@type":"ListItem","position":4,"name":"Pale\u0161u plaukti Premium, 6000x1100x1800 mm"}]},{"@type":"WebSite","@id":"https:\/\/storitgroup.com\/lv\/#website","url":"https:\/\/storitgroup.com\/lv\/","name":"Storit","description":"","potentialAction":[{"@type":"SearchAction","target":{"@type":"EntryPoint","urlTemplate":"https:\/\/storitgroup.com\/lv\/?s={search_term_string}"},"query-input":{"@type":"PropertyValueSpecification","valueRequired":true,"valueName":"search_term_string"}}],"inLanguage":"lv-LV"}]}},"_links":{"self":[{"href":"https:\/\/storitgroup.com\/lv\/wp-json\/wp\/v2\/product\/215273","targetHints":{"allow":["GET"]}}],"collection":[{"href":"https:\/\/storitgroup.com\/lv\/wp-json\/wp\/v2\/product"}],"about":[{"href":"https:\/\/storitgroup.com\/lv\/wp-json\/wp\/v2\/types\/product"}],"wp:featuredmedia":[{"embeddable":true,"href":"https:\/\/storitgroup.com\/lv\/wp-json\/wp\/v2\/media\/215274"}],"wp:attachment":[{"href":"https:\/\/storitgroup.com\/lv\/wp-json\/wp\/v2\/media?parent=215273"}],"wp:term":[{"taxonomy":"product_brand","embeddable":true,"href":"https:\/\/storitgroup.com\/lv\/wp-json\/wp\/v2\/product_brand?post=215273"},{"taxonomy":"product_cat","embeddable":true,"href":"https:\/\/storitgroup.com\/lv\/wp-json\/wp\/v2\/product_cat?post=215273"},{"taxonomy":"product_tag","embeddable":true,"href":"https:\/\/storitgroup.com\/lv\/wp-json\/wp\/v2\/product_tag?post=215273"}],"curies":[{"name":"wp","href":"https:\/\/api.w.org\/{rel}","templated":true}]}}