{"id":214944,"date":"2024-02-08T13:43:55","date_gmt":"2024-02-08T11:43:55","guid":{"rendered":"https:\/\/storitgroup.com\/?post_type=product&#038;p=214944"},"modified":"2025-03-26T14:08:05","modified_gmt":"2025-03-26T12:08:05","slug":"skapis-ar-z-durvim","status":"publish","type":"product","link":"https:\/\/storitgroup.com\/lv\/prece\/skapis-ar-z-durvim\/","title":{"rendered":"Lietots skapis ar Z-veida durv\u012bm, 3&#215;400 mm x 2, DZIEDZIC"},"content":{"rendered":"<p><strong>Se\u0161durvju skapis ar Z-veida durv\u012bm<\/strong><\/p>\n<p>Izm\u0113rs: 1800 x 500 x 1200 mm (augstums x dzi\u013cums x platums)<\/p>\n<p>Nodal\u012bjumu skaits: 6<\/p>\n<p><strong>Komplekt\u0101cij\u0101 ietilpst: <\/strong><\/p>\n<p>\u2013 viz\u012btkar\u0161u tur\u0113t\u0101js;<\/p>\n<p>\u2013 piekaram\u0101s sl\u0113dzenes rokturi;<\/p>\n<p>\u2013 ventil\u0101cija durvju aug\u0161\u0113j\u0101 un apak\u0161\u0113j\u0101 da\u013c\u0101.<\/p>\n<p><em><strong>Skap\u012b\u0161i pieejami vairum\u0101!<\/strong><\/em><\/p>\n","protected":false},"excerpt":{"rendered":"<p>Se\u0161durvju skapis ar Z-veida durv\u012bm Izm\u0113rs: 1800 x 500 x 1200 mm (augstums x dzi\u013cums x platums) Nodal\u012bjumu skaits: 6 Komplekt\u0101cij\u0101 ietilpst: \u2013 viz\u012btkar\u0161u tur\u0113t\u0101js; \u2013 piekaram\u0101s sl\u0113dzenes rokturi; \u2013 ventil\u0101cija durvju aug\u0161\u0113j\u0101 un apak\u0161\u0113j\u0101 da\u013c\u0101. Skap\u012b\u0161i pieejami vairum\u0101!<\/p>\n","protected":false},"featured_media":214945,"template":"","meta":{"_acf_changed":false},"product_brand":[],"product_cat":[7117],"product_tag":[8383],"class_list":{"0":"post-214944","1":"product","2":"type-product","3":"status-publish","4":"has-post-thumbnail","6":"product_cat-metala-skapji","7":"product_tag-skapji","9":"first","10":"instock","11":"taxable","12":"shipping-taxable","13":"purchasable","14":"product-type-simple"},"acf":[],"yoast_head":"<!-- This site is optimized with the Yoast SEO plugin v27.2 - https:\/\/yoast.com\/product\/yoast-seo-wordpress\/ -->\n<title>Lietots skapis ar Z-veida durv\u012bm, 3x400 mm x 2, DZIEDZIC &#8226; Storit<\/title>\n<meta name=\"description\" content=\"Lietots skapis ar Z-veida durv\u012bm, 3x400 mm x 2, DZIEDZIC \u2014 Pieejami vairum\u0101! Pas\u016bti m\u0101jaslap\u0101 vai rakstot uz e-pastu \u261b daniels@np.lv\" \/>\n<meta name=\"robots\" content=\"index, follow, max-snippet:-1, max-image-preview:large, max-video-preview:-1\" \/>\n<link rel=\"canonical\" href=\"https:\/\/storitgroup.com\/lv\/prece\/skapis-ar-z-durvim\/\" \/>\n<meta property=\"og:locale\" content=\"lv_LV\" \/>\n<meta property=\"og:type\" content=\"article\" \/>\n<meta property=\"og:title\" content=\"Lietots skapis ar Z-veida durv\u012bm, 3x400 mm x 2, DZIEDZIC &#8226; Storit\" \/>\n<meta property=\"og:description\" content=\"Lietots skapis ar Z-veida durv\u012bm, 3x400 mm x 2, DZIEDZIC \u2014 Pieejami vairum\u0101! Pas\u016bti m\u0101jaslap\u0101 vai rakstot uz e-pastu \u261b daniels@np.lv\" \/>\n<meta property=\"og:url\" content=\"https:\/\/storitgroup.com\/lv\/prece\/skapis-ar-z-durvim\/\" \/>\n<meta property=\"og:site_name\" content=\"Storit\" \/>\n<meta property=\"article:modified_time\" content=\"2025-03-26T12:08:05+00:00\" \/>\n<meta property=\"og:image\" content=\"https:\/\/storitgroup.com\/uploads\/2024\/02\/skapis-ar-z-durvim.jpeg\" \/>\n\t<meta property=\"og:image:width\" content=\"1116\" \/>\n\t<meta property=\"og:image:height\" content=\"1280\" \/>\n\t<meta property=\"og:image:type\" content=\"image\/jpeg\" \/>\n<meta name=\"twitter:card\" content=\"summary_large_image\" \/>\n<script type=\"application\/ld+json\" class=\"yoast-schema-graph\">{\"@context\":\"https:\/\/schema.org\",\"@graph\":[{\"@type\":[\"WebPage\",\"ItemPage\"],\"@id\":\"https:\/\/storitgroup.com\/lv\/prece\/skapis-ar-z-durvim\/\",\"url\":\"https:\/\/storitgroup.com\/lv\/prece\/skapis-ar-z-durvim\/\",\"name\":\"Lietots skapis ar Z-veida durv\u012bm, 3x400 mm x 2, DZIEDZIC &#8226; Storit\",\"isPartOf\":{\"@id\":\"https:\/\/storitgroup.com\/lv\/#website\"},\"primaryImageOfPage\":{\"@id\":\"https:\/\/storitgroup.com\/lv\/prece\/skapis-ar-z-durvim\/#primaryimage\"},\"image\":{\"@id\":\"https:\/\/storitgroup.com\/lv\/prece\/skapis-ar-z-durvim\/#primaryimage\"},\"thumbnailUrl\":\"https:\/\/storitgroup.com\/uploads\/2024\/02\/skapis-ar-z-durvim.jpeg\",\"datePublished\":\"2024-02-08T11:43:55+00:00\",\"dateModified\":\"2025-03-26T12:08:05+00:00\",\"description\":\"Lietots skapis ar Z-veida durv\u012bm, 3x400 mm x 2, DZIEDZIC \u2014 Pieejami vairum\u0101! Pas\u016bti m\u0101jaslap\u0101 vai rakstot uz e-pastu \u261b daniels@np.lv\",\"breadcrumb\":{\"@id\":\"https:\/\/storitgroup.com\/lv\/prece\/skapis-ar-z-durvim\/#breadcrumb\"},\"inLanguage\":\"lv-LV\",\"potentialAction\":[{\"@type\":\"ReadAction\",\"target\":[\"https:\/\/storitgroup.com\/lv\/prece\/skapis-ar-z-durvim\/\"]}]},{\"@type\":\"ImageObject\",\"inLanguage\":\"lv-LV\",\"@id\":\"https:\/\/storitgroup.com\/lv\/prece\/skapis-ar-z-durvim\/#primaryimage\",\"url\":\"https:\/\/storitgroup.com\/uploads\/2024\/02\/skapis-ar-z-durvim.jpeg\",\"contentUrl\":\"https:\/\/storitgroup.com\/uploads\/2024\/02\/skapis-ar-z-durvim.jpeg\",\"width\":1116,\"height\":1280,\"caption\":\"Lietots skapis ar Z-veida durv\u012bm\"},{\"@type\":\"BreadcrumbList\",\"@id\":\"https:\/\/storitgroup.com\/lv\/prece\/skapis-ar-z-durvim\/#breadcrumb\",\"itemListElement\":[{\"@type\":\"ListItem\",\"position\":1,\"name\":\"S\u0101kumlapa\",\"item\":\"https:\/\/storitgroup.com\/lv\/\"},{\"@type\":\"ListItem\",\"position\":2,\"name\":\"Veikals\",\"item\":\"https:\/\/storitgroup.com\/lv\/veikals\/\"},{\"@type\":\"ListItem\",\"position\":3,\"name\":\"Met\u0101la skapji\",\"item\":\"https:\/\/storitgroup.com\/lv\/metala-skapji\/\"},{\"@type\":\"ListItem\",\"position\":4,\"name\":\"Lietots skapis ar Z-veida durv\u012bm, 3&#215;400 mm x 2, DZIEDZIC\"}]},{\"@type\":\"WebSite\",\"@id\":\"https:\/\/storitgroup.com\/lv\/#website\",\"url\":\"https:\/\/storitgroup.com\/lv\/\",\"name\":\"Storit\",\"description\":\"\",\"potentialAction\":[{\"@type\":\"SearchAction\",\"target\":{\"@type\":\"EntryPoint\",\"urlTemplate\":\"https:\/\/storitgroup.com\/lv\/?s={search_term_string}\"},\"query-input\":{\"@type\":\"PropertyValueSpecification\",\"valueRequired\":true,\"valueName\":\"search_term_string\"}}],\"inLanguage\":\"lv-LV\"}]}<\/script>\n<!-- \/ Yoast SEO plugin. -->","yoast_head_json":{"title":"Lietots skapis ar Z-veida durv\u012bm, 3x400 mm x 2, DZIEDZIC &#8226; Storit","description":"Lietots skapis ar Z-veida durv\u012bm, 3x400 mm x 2, DZIEDZIC \u2014 Pieejami vairum\u0101! Pas\u016bti m\u0101jaslap\u0101 vai rakstot uz e-pastu \u261b daniels@np.lv","robots":{"index":"index","follow":"follow","max-snippet":"max-snippet:-1","max-image-preview":"max-image-preview:large","max-video-preview":"max-video-preview:-1"},"canonical":"https:\/\/storitgroup.com\/lv\/prece\/skapis-ar-z-durvim\/","og_locale":"lv_LV","og_type":"article","og_title":"Lietots skapis ar Z-veida durv\u012bm, 3x400 mm x 2, DZIEDZIC &#8226; Storit","og_description":"Lietots skapis ar Z-veida durv\u012bm, 3x400 mm x 2, DZIEDZIC \u2014 Pieejami vairum\u0101! Pas\u016bti m\u0101jaslap\u0101 vai rakstot uz e-pastu \u261b daniels@np.lv","og_url":"https:\/\/storitgroup.com\/lv\/prece\/skapis-ar-z-durvim\/","og_site_name":"Storit","article_modified_time":"2025-03-26T12:08:05+00:00","og_image":[{"width":1116,"height":1280,"url":"https:\/\/storitgroup.com\/uploads\/2024\/02\/skapis-ar-z-durvim.jpeg","type":"image\/jpeg"}],"twitter_card":"summary_large_image","schema":{"@context":"https:\/\/schema.org","@graph":[{"@type":["WebPage","ItemPage"],"@id":"https:\/\/storitgroup.com\/lv\/prece\/skapis-ar-z-durvim\/","url":"https:\/\/storitgroup.com\/lv\/prece\/skapis-ar-z-durvim\/","name":"Lietots skapis ar Z-veida durv\u012bm, 3x400 mm x 2, DZIEDZIC &#8226; Storit","isPartOf":{"@id":"https:\/\/storitgroup.com\/lv\/#website"},"primaryImageOfPage":{"@id":"https:\/\/storitgroup.com\/lv\/prece\/skapis-ar-z-durvim\/#primaryimage"},"image":{"@id":"https:\/\/storitgroup.com\/lv\/prece\/skapis-ar-z-durvim\/#primaryimage"},"thumbnailUrl":"https:\/\/storitgroup.com\/uploads\/2024\/02\/skapis-ar-z-durvim.jpeg","datePublished":"2024-02-08T11:43:55+00:00","dateModified":"2025-03-26T12:08:05+00:00","description":"Lietots skapis ar Z-veida durv\u012bm, 3x400 mm x 2, DZIEDZIC \u2014 Pieejami vairum\u0101! Pas\u016bti m\u0101jaslap\u0101 vai rakstot uz e-pastu \u261b daniels@np.lv","breadcrumb":{"@id":"https:\/\/storitgroup.com\/lv\/prece\/skapis-ar-z-durvim\/#breadcrumb"},"inLanguage":"lv-LV","potentialAction":[{"@type":"ReadAction","target":["https:\/\/storitgroup.com\/lv\/prece\/skapis-ar-z-durvim\/"]}]},{"@type":"ImageObject","inLanguage":"lv-LV","@id":"https:\/\/storitgroup.com\/lv\/prece\/skapis-ar-z-durvim\/#primaryimage","url":"https:\/\/storitgroup.com\/uploads\/2024\/02\/skapis-ar-z-durvim.jpeg","contentUrl":"https:\/\/storitgroup.com\/uploads\/2024\/02\/skapis-ar-z-durvim.jpeg","width":1116,"height":1280,"caption":"Lietots skapis ar Z-veida durv\u012bm"},{"@type":"BreadcrumbList","@id":"https:\/\/storitgroup.com\/lv\/prece\/skapis-ar-z-durvim\/#breadcrumb","itemListElement":[{"@type":"ListItem","position":1,"name":"S\u0101kumlapa","item":"https:\/\/storitgroup.com\/lv\/"},{"@type":"ListItem","position":2,"name":"Veikals","item":"https:\/\/storitgroup.com\/lv\/veikals\/"},{"@type":"ListItem","position":3,"name":"Met\u0101la skapji","item":"https:\/\/storitgroup.com\/lv\/metala-skapji\/"},{"@type":"ListItem","position":4,"name":"Lietots skapis ar Z-veida durv\u012bm, 3&#215;400 mm x 2, DZIEDZIC"}]},{"@type":"WebSite","@id":"https:\/\/storitgroup.com\/lv\/#website","url":"https:\/\/storitgroup.com\/lv\/","name":"Storit","description":"","potentialAction":[{"@type":"SearchAction","target":{"@type":"EntryPoint","urlTemplate":"https:\/\/storitgroup.com\/lv\/?s={search_term_string}"},"query-input":{"@type":"PropertyValueSpecification","valueRequired":true,"valueName":"search_term_string"}}],"inLanguage":"lv-LV"}]}},"_links":{"self":[{"href":"https:\/\/storitgroup.com\/lv\/wp-json\/wp\/v2\/product\/214944","targetHints":{"allow":["GET"]}}],"collection":[{"href":"https:\/\/storitgroup.com\/lv\/wp-json\/wp\/v2\/product"}],"about":[{"href":"https:\/\/storitgroup.com\/lv\/wp-json\/wp\/v2\/types\/product"}],"wp:featuredmedia":[{"embeddable":true,"href":"https:\/\/storitgroup.com\/lv\/wp-json\/wp\/v2\/media\/214945"}],"wp:attachment":[{"href":"https:\/\/storitgroup.com\/lv\/wp-json\/wp\/v2\/media?parent=214944"}],"wp:term":[{"taxonomy":"product_brand","embeddable":true,"href":"https:\/\/storitgroup.com\/lv\/wp-json\/wp\/v2\/product_brand?post=214944"},{"taxonomy":"product_cat","embeddable":true,"href":"https:\/\/storitgroup.com\/lv\/wp-json\/wp\/v2\/product_cat?post=214944"},{"taxonomy":"product_tag","embeddable":true,"href":"https:\/\/storitgroup.com\/lv\/wp-json\/wp\/v2\/product_tag?post=214944"}],"curies":[{"name":"wp","href":"https:\/\/api.w.org\/{rel}","templated":true}]}}