{"id":213949,"date":"2022-07-05T10:55:05","date_gmt":"2022-07-05T07:55:05","guid":{"rendered":"https:\/\/storitgroup.com\/?post_type=product&#038;p=213949"},"modified":"2024-02-28T09:06:58","modified_gmt":"2024-02-28T07:06:58","slug":"finiera-saplaksnis","status":"publish","type":"product","link":"https:\/\/storitgroup.com\/lv\/prece\/finiera-saplaksnis\/","title":{"rendered":"Tum\u0161i br\u016bns finiera sapl\u0101ksnis"},"content":{"rendered":"<script type=\"text\/javascript\">\n\/* <![CDATA[ *\/\nvar gform;gform||(document.addEventListener(\"gform_main_scripts_loaded\",function(){gform.scriptsLoaded=!0}),document.addEventListener(\"gform\/theme\/scripts_loaded\",function(){gform.themeScriptsLoaded=!0}),window.addEventListener(\"DOMContentLoaded\",function(){gform.domLoaded=!0}),gform={domLoaded:!1,scriptsLoaded:!1,themeScriptsLoaded:!1,isFormEditor:()=>\"function\"==typeof InitializeEditor,callIfLoaded:function(o){return!(!gform.domLoaded||!gform.scriptsLoaded||!gform.themeScriptsLoaded&&!gform.isFormEditor()||(gform.isFormEditor()&&console.warn(\"The use of gform.initializeOnLoaded() is deprecated in the form editor context and will be removed in Gravity Forms 3.1.\"),o(),0))},initializeOnLoaded:function(o){gform.callIfLoaded(o)||(document.addEventListener(\"gform_main_scripts_loaded\",()=>{gform.scriptsLoaded=!0,gform.callIfLoaded(o)}),document.addEventListener(\"gform\/theme\/scripts_loaded\",()=>{gform.themeScriptsLoaded=!0,gform.callIfLoaded(o)}),window.addEventListener(\"DOMContentLoaded\",()=>{gform.domLoaded=!0,gform.callIfLoaded(o)}))},hooks:{action:{},filter:{}},addAction:function(o,r,e,t){gform.addHook(\"action\",o,r,e,t)},addFilter:function(o,r,e,t){gform.addHook(\"filter\",o,r,e,t)},doAction:function(o){gform.doHook(\"action\",o,arguments)},applyFilters:function(o){return gform.doHook(\"filter\",o,arguments)},removeAction:function(o,r){gform.removeHook(\"action\",o,r)},removeFilter:function(o,r,e){gform.removeHook(\"filter\",o,r,e)},addHook:function(o,r,e,t,n){null==gform.hooks[o][r]&&(gform.hooks[o][r]=[]);var d=gform.hooks[o][r];null==n&&(n=r+\"_\"+d.length),gform.hooks[o][r].push({tag:n,callable:e,priority:t=null==t?10:t})},doHook:function(r,o,e){var t;if(e=Array.prototype.slice.call(e,1),null!=gform.hooks[r][o]&&((o=gform.hooks[r][o]).sort(function(o,r){return o.priority-r.priority}),o.forEach(function(o){\"function\"!=typeof(t=o.callable)&&(t=window[t]),\"action\"==r?t.apply(null,e):e[0]=t.apply(null,e)})),\"filter\"==r)return e[0]},removeHook:function(o,r,t,n){var e;null!=gform.hooks[o][r]&&(e=(e=gform.hooks[o][r]).filter(function(o,r,e){return!!(null!=n&&n!=o.tag||null!=t&&t!=o.priority)}),gform.hooks[o][r]=e)}});\n\/* ]]> *\/\n<\/script>\n\n                <div class='gf_browser_gecko gform_wrapper gravity-theme gform-theme--no-framework' data-form-theme='gravity-theme' data-form-index='0' id='gform_wrapper_24' >\n                        <div class='gform_heading'>\n                            <h2 class=\"gform_title\">CENAS PIEPRAS\u012aJUMS<\/h2>\n                            <p class='gform_description'><\/p>\n\t\t\t\t\t\t\t<p class='gform_required_legend'>&quot;<span class=\"gfield_required gfield_required_asterisk\">*<\/span>&quot; indicates required fields<\/p>\n                        <\/div><form method='post' enctype='multipart\/form-data'  id='gform_24'  action='\/lv\/wp-json\/wp\/v2\/product\/213949' data-formid='24' novalidate>\n                        <div class='gform-body gform_body'><div id='gform_fields_24' class='gform_fields top_label form_sublabel_below description_below validation_below'><div id=\"field_24_5\" class=\"gfield gfield--type-honeypot gform_validation_container field_sublabel_below gfield--has-description field_description_below field_validation_below gfield_visibility_visible\"  ><label class='gfield_label gform-field-label' for='input_24_5'>Phone<\/label><div class='ginput_container'><input name='input_5' id='input_24_5' type='text' value='' autocomplete='new-password'\/><\/div><div class='gfield_description' id='gfield_description_24_5'>This field is for validation purposes and should be left unchanged.<\/div><\/div><div id=\"field_24_1\" class=\"gfield gfield--type-email gfield--input-type-email gfield_contains_required field_sublabel_below gfield--no-description field_description_below field_validation_below gfield_visibility_visible\"  ><label class='gfield_label gform-field-label' for='input_24_1'>E-pasts<span class=\"gfield_required\"><span class=\"gfield_required gfield_required_asterisk\">*<\/span><\/span><\/label><div class='ginput_container ginput_container_email'>\n                            <input name='input_1' id='input_24_1' type='email' value='' class='large'    aria-required=\"true\" aria-invalid=\"false\"  \/>\n                        <\/div><\/div><div id=\"field_24_4\" class=\"gfield gfield--type-phone gfield--input-type-phone gfield--width-full field_sublabel_below gfield--no-description field_description_below field_validation_below gfield_visibility_visible\"  ><label class='gfield_label gform-field-label' for='input_24_4'>Telefona nr.<\/label><div class='ginput_container ginput_container_phone'><input name='input_4' id='input_24_4' type='tel' value='' class='large'    aria-invalid=\"false\"   \/><\/div><\/div><div id=\"field_24_2\" class=\"gfield gfield--type-textarea gfield--input-type-textarea gfield--width-full field_sublabel_below gfield--no-description field_description_below field_validation_below gfield_visibility_visible\"  ><label class='gfield_label gform-field-label' for='input_24_2'>Zi\u0146a<\/label><div class='ginput_container ginput_container_textarea'><textarea name='input_2' id='input_24_2' class='textarea small'      aria-invalid=\"false\"   rows='10' cols='50'><\/textarea><\/div><\/div><\/div><\/div>\n        <div class='gform-footer gform_footer top_label'> <input type='submit' id='gform_submit_button_24' class='gform_button button' onclick='gform.submission.handleButtonClick(this);' data-submission-type='submit' value='Nos\u016bt\u012bt'  \/> \n            <input type='hidden' class='gform_hidden' name='gform_submission_method' data-js='gform_submission_method_24' value='postback' \/>\n            <input type='hidden' class='gform_hidden' name='gform_theme' data-js='gform_theme_24' id='gform_theme_24' value='gravity-theme' \/>\n            <input type='hidden' class='gform_hidden' name='gform_style_settings' data-js='gform_style_settings_24' id='gform_style_settings_24' value='[]' \/>\n            <input type='hidden' class='gform_hidden' name='is_submit_24' value='1' \/>\n            <input type='hidden' class='gform_hidden' name='gform_submit' value='24' \/>\n            \n            <input type='hidden' class='gform_hidden' name='gform_currency' data-currency='EUR' value='XJX0us85OZmeZEm4GBecwa1Y93oMGArP2IKcRfnfPCDqswVCB0Hirr0z\/wSV40sq\/2A5DTQNizroIArYpESHqpf4x3aKh1\/pqIawzoiYKV\/P2bA=' \/>\n            <input type='hidden' class='gform_hidden' name='gform_unique_id' value='' \/>\n            <input type='hidden' class='gform_hidden' name='state_24' value='WyJbXSIsIjExNmZiYzExOGIxZjc2NGNmMmM0MDgzOWVmMzhjZjgzIl0=' \/>\n            <input type='hidden' autocomplete='off' class='gform_hidden' name='gform_target_page_number_24' id='gform_target_page_number_24' value='0' \/>\n            <input type='hidden' autocomplete='off' class='gform_hidden' name='gform_source_page_number_24' id='gform_source_page_number_24' value='1' \/>\n            <input type='hidden' name='gform_field_values' value='' \/>\n            \n        <\/div>\n                        <\/form>\n                        <\/div><script type=\"text\/javascript\">\n\/* <![CDATA[ *\/\n gform.initializeOnLoaded( function() {gformInitSpinner( 24, 'https:\/\/storitgroup.com\/wp-content\/plugins\/gravityforms\/images\/spinner.svg', true );jQuery('#gform_ajax_frame_24').on('load',function(){var contents = jQuery(this).contents().find('*').html();var is_postback = contents.indexOf('GF_AJAX_POSTBACK') >= 0;if(!is_postback){return;}var form_content = jQuery(this).contents().find('#gform_wrapper_24');var is_confirmation = jQuery(this).contents().find('#gform_confirmation_wrapper_24').length > 0;var is_redirect = contents.indexOf('gformRedirect(){') >= 0;var is_form = form_content.length > 0 && ! is_redirect && ! is_confirmation;var mt = parseInt(jQuery('html').css('margin-top'), 10) + parseInt(jQuery('body').css('margin-top'), 10) + 100;if(is_form){jQuery('#gform_wrapper_24').html(form_content.html());if(form_content.hasClass('gform_validation_error')){jQuery('#gform_wrapper_24').addClass('gform_validation_error');} else {jQuery('#gform_wrapper_24').removeClass('gform_validation_error');}setTimeout( function() { \/* delay the scroll by 50 milliseconds to fix a bug in chrome *\/  }, 50 );if(window['gformInitDatepicker']) {gformInitDatepicker();}if(window['gformInitPriceFields']) {gformInitPriceFields();}var current_page = jQuery('#gform_source_page_number_24').val();gformInitSpinner( 24, 'https:\/\/storitgroup.com\/wp-content\/plugins\/gravityforms\/images\/spinner.svg', true );jQuery(document).trigger('gform_page_loaded', [24, current_page]);window['gf_submitting_24'] = false;}else if(!is_redirect){var confirmation_content = jQuery(this).contents().find('.GF_AJAX_POSTBACK').html();if(!confirmation_content){confirmation_content = contents;}jQuery('#gform_wrapper_24').replaceWith(confirmation_content);jQuery(document).trigger('gform_confirmation_loaded', [24]);window['gf_submitting_24'] = false;wp.a11y.speak(jQuery('#gform_confirmation_message_24').text());}else{jQuery('#gform_24').append(contents);if(window['gformRedirect']) {gformRedirect();}}jQuery(document).trigger(\"gform_pre_post_render\", [{ formId: \"24\", currentPage: \"current_page\", abort: function() { this.preventDefault(); } }]);        if (event && event.defaultPrevented) {                return;        }        const gformWrapperDiv = document.getElementById( \"gform_wrapper_24\" );        if ( gformWrapperDiv ) {            const visibilitySpan = document.createElement( \"span\" );            visibilitySpan.id = \"gform_visibility_test_24\";            gformWrapperDiv.insertAdjacentElement( \"afterend\", visibilitySpan );        }        const visibilityTestDiv = document.getElementById( \"gform_visibility_test_24\" );        let postRenderFired = false;        function triggerPostRender() {            if ( postRenderFired ) {                return;            }            postRenderFired = true;            gform.core.triggerPostRenderEvents( 24, current_page );            if ( visibilityTestDiv ) {                visibilityTestDiv.parentNode.removeChild( visibilityTestDiv );            }        }        function debounce( func, wait, immediate ) {            var timeout;            return function() {                var context = this, args = arguments;                var later = function() {                    timeout = null;                    if ( !immediate ) func.apply( context, args );                };                var callNow = immediate && !timeout;                clearTimeout( timeout );                timeout = setTimeout( later, wait );                if ( callNow ) func.apply( context, args );            };        }        const debouncedTriggerPostRender = debounce( function() {            triggerPostRender();        }, 200 );        if ( visibilityTestDiv && visibilityTestDiv.offsetParent === null ) {            const observer = new MutationObserver( ( mutations ) => {                mutations.forEach( ( mutation ) => {                    if ( mutation.type === 'attributes' && visibilityTestDiv.offsetParent !== null ) {                        debouncedTriggerPostRender();                        observer.disconnect();                    }                });            });            observer.observe( document.body, {                attributes: true,                childList: false,                subtree: true,                attributeFilter: [ 'style', 'class' ],            });        } else {            triggerPostRender();        }    } );} ); \n\/* ]]> *\/\n<\/script>\n\n<p>&nbsp;<\/p>\n<p><strong><em>Cena nor\u0101d\u012bta par vienu finiera loksni izm\u0113r\u0101<\/em> 800 x 1010 x 18 mm<\/strong>!<\/p>\n<p>&nbsp;<\/p>\n<p><strong>Tum\u0161i br\u016bns Harlequin finiera sapl\u0101ksnis.<\/strong> Piem\u0113rots <a href=\"https:\/\/storitgroup.com\/lv\/universalie-plaukti-longspan\/\"><em>univers\u0101lajiem plauktiem &#8220;Longspan&#8221;<\/em><\/a>.<\/p>\n<p>Sloksnes biezums: 18 mm<\/p>\n<p><strong>Noliktavas atlikum\u0101 pieejamie izm\u0113ri:\u00a0<\/strong><\/p>\n<p>&#8211; 500 x 1010 x 18 mm<\/p>\n<p>&#8211; 600 x 1010 x 18 mm<\/p>\n<p>&#8211; 700 x 1010 x 18 mm<\/p>\n<p>&#8211; 800 x 1010 x 18 mm<\/p>\n<p>Videi draudz\u012bgs un higi\u0113nisks, neizdala smaku. Tas ir viegli t\u012br\u0101ms un iztur\u012bgs sliktos klimata apst\u0101k\u013cos. K\u0101 ar\u012b notur\u012bgs pret \u0137imik\u0101liju iedarb\u012bbu.<\/p>\n<p>&nbsp;<\/p>\n<p>&nbsp;<\/p>\n","protected":false},"excerpt":{"rendered":"[gravityform id=\"24\" title=\"true\"]\n<p>&nbsp;<\/p>\n<p><strong>Tum\u0161i br\u016bns Harlequin finiera sapl\u0101ksnis.<\/strong> Piem\u0113rots <a href=\"https:\/\/storitgroup.com\/lv\/universalie-plaukti-longspan\/\"><em>univers\u0101lajiem plauktiem &#8220;Longspan&#8221;<\/em><\/a>.<\/p>\n<p>Sloksnes biezums: 18 mm<\/p>\n<p><strong>Noliktavas atlikum\u0101 pieejamie izm\u0113ri:\u00a0<\/strong><\/p>\n<p>&#8211; 500 x 1010 x 18 mm<\/p>\n<p>&#8211; 600 x 1010 x 18 mm<\/p>\n<p>&#8211; 700 x 1010 x 18 mm<\/p>\n<p>&#8211; 800 x 1010 x 18 mm<\/p>\n","protected":false},"featured_media":214096,"template":"","meta":{"_acf_changed":false},"product_brand":[],"product_cat":[8334],"product_tag":[],"class_list":{"0":"post-213949","1":"product","2":"type-product","3":"status-publish","4":"has-post-thumbnail","6":"product_cat-universalie-plaukti-longspan","8":"first","9":"instock","10":"taxable","11":"shipping-taxable","12":"purchasable","13":"product-type-simple"},"acf":[],"yoast_head":"<!-- This site is optimized with the Yoast SEO plugin v27.3 - https:\/\/yoast.com\/product\/yoast-seo-wordpress\/ -->\n<title>Tum\u0161i br\u016bns finiera sapl\u0101ksnis &#8226; Storit<\/title>\n<meta name=\"description\" content=\"Tum\u0161i br\u016bns finiera sapl\u0101ksnis \u2014 Harlequin. Piem\u0113rots univers\u0101lajiem plauktiem Longspan. \u261b Iepaz\u012bsties ar preci un pas\u016bti STORIT e-veikal\u0101!\" \/>\n<meta name=\"robots\" content=\"index, follow, max-snippet:-1, max-image-preview:large, max-video-preview:-1\" \/>\n<link rel=\"canonical\" href=\"https:\/\/storitgroup.com\/lv\/prece\/finiera-saplaksnis\/\" \/>\n<meta property=\"og:locale\" content=\"lv_LV\" \/>\n<meta property=\"og:type\" content=\"article\" \/>\n<meta property=\"og:title\" content=\"Tum\u0161i br\u016bns finiera sapl\u0101ksnis &#8226; Storit\" \/>\n<meta property=\"og:description\" content=\"Tum\u0161i br\u016bns finiera sapl\u0101ksnis \u2014 Harlequin. Piem\u0113rots univers\u0101lajiem plauktiem Longspan. \u261b Iepaz\u012bsties ar preci un pas\u016bti STORIT e-veikal\u0101!\" \/>\n<meta property=\"og:url\" content=\"https:\/\/storitgroup.com\/lv\/prece\/finiera-saplaksnis\/\" \/>\n<meta property=\"og:site_name\" content=\"Storit\" \/>\n<meta property=\"article:modified_time\" content=\"2024-02-28T07:06:58+00:00\" \/>\n<meta property=\"og:image\" content=\"https:\/\/storitgroup.com\/uploads\/2024\/01\/finieris-harlequin.jpeg\" \/>\n\t<meta property=\"og:image:width\" content=\"1280\" \/>\n\t<meta property=\"og:image:height\" content=\"1269\" \/>\n\t<meta property=\"og:image:type\" content=\"image\/jpeg\" \/>\n<meta name=\"twitter:card\" content=\"summary_large_image\" \/>\n<script type=\"application\/ld+json\" class=\"yoast-schema-graph\">{\"@context\":\"https:\\\/\\\/schema.org\",\"@graph\":[{\"@type\":[\"WebPage\",\"ItemPage\"],\"@id\":\"https:\\\/\\\/storitgroup.com\\\/lv\\\/prece\\\/finiera-saplaksnis\\\/\",\"url\":\"https:\\\/\\\/storitgroup.com\\\/lv\\\/prece\\\/finiera-saplaksnis\\\/\",\"name\":\"Tum\u0161i br\u016bns finiera sapl\u0101ksnis &#8226; Storit\",\"isPartOf\":{\"@id\":\"https:\\\/\\\/storitgroup.com\\\/lv\\\/#website\"},\"primaryImageOfPage\":{\"@id\":\"https:\\\/\\\/storitgroup.com\\\/lv\\\/prece\\\/finiera-saplaksnis\\\/#primaryimage\"},\"image\":{\"@id\":\"https:\\\/\\\/storitgroup.com\\\/lv\\\/prece\\\/finiera-saplaksnis\\\/#primaryimage\"},\"thumbnailUrl\":\"https:\\\/\\\/storitgroup.com\\\/uploads\\\/2024\\\/01\\\/finieris-harlequin.jpeg\",\"datePublished\":\"2022-07-05T07:55:05+00:00\",\"dateModified\":\"2024-02-28T07:06:58+00:00\",\"description\":\"Tum\u0161i br\u016bns finiera sapl\u0101ksnis \u2014 Harlequin. Piem\u0113rots univers\u0101lajiem plauktiem Longspan. \u261b Iepaz\u012bsties ar preci un pas\u016bti STORIT e-veikal\u0101!\",\"breadcrumb\":{\"@id\":\"https:\\\/\\\/storitgroup.com\\\/lv\\\/prece\\\/finiera-saplaksnis\\\/#breadcrumb\"},\"inLanguage\":\"lv-LV\",\"potentialAction\":[{\"@type\":\"ReadAction\",\"target\":[\"https:\\\/\\\/storitgroup.com\\\/lv\\\/prece\\\/finiera-saplaksnis\\\/\"]}]},{\"@type\":\"ImageObject\",\"inLanguage\":\"lv-LV\",\"@id\":\"https:\\\/\\\/storitgroup.com\\\/lv\\\/prece\\\/finiera-saplaksnis\\\/#primaryimage\",\"url\":\"https:\\\/\\\/storitgroup.com\\\/uploads\\\/2024\\\/01\\\/finieris-harlequin.jpeg\",\"contentUrl\":\"https:\\\/\\\/storitgroup.com\\\/uploads\\\/2024\\\/01\\\/finieris-harlequin.jpeg\",\"width\":1280,\"height\":1269,\"caption\":\"Finieris Harlequin\"},{\"@type\":\"BreadcrumbList\",\"@id\":\"https:\\\/\\\/storitgroup.com\\\/lv\\\/prece\\\/finiera-saplaksnis\\\/#breadcrumb\",\"itemListElement\":[{\"@type\":\"ListItem\",\"position\":1,\"name\":\"S\u0101kumlapa\",\"item\":\"https:\\\/\\\/storitgroup.com\\\/lv\\\/\"},{\"@type\":\"ListItem\",\"position\":2,\"name\":\"Veikals\",\"item\":\"https:\\\/\\\/storitgroup.com\\\/lv\\\/veikals\\\/\"},{\"@type\":\"ListItem\",\"position\":3,\"name\":\"Univers\u0101lie plaukti Longspan\",\"item\":\"https:\\\/\\\/storitgroup.com\\\/lv\\\/universalie-plaukti-longspan\\\/\"},{\"@type\":\"ListItem\",\"position\":4,\"name\":\"Tum\u0161i br\u016bns finiera sapl\u0101ksnis\"}]},{\"@type\":\"WebSite\",\"@id\":\"https:\\\/\\\/storitgroup.com\\\/lv\\\/#website\",\"url\":\"https:\\\/\\\/storitgroup.com\\\/lv\\\/\",\"name\":\"Storit\",\"description\":\"\",\"potentialAction\":[{\"@type\":\"SearchAction\",\"target\":{\"@type\":\"EntryPoint\",\"urlTemplate\":\"https:\\\/\\\/storitgroup.com\\\/lv\\\/?s={search_term_string}\"},\"query-input\":{\"@type\":\"PropertyValueSpecification\",\"valueRequired\":true,\"valueName\":\"search_term_string\"}}],\"inLanguage\":\"lv-LV\"}]}<\/script>\n<!-- \/ Yoast SEO plugin. -->","yoast_head_json":{"title":"Tum\u0161i br\u016bns finiera sapl\u0101ksnis &#8226; Storit","description":"Tum\u0161i br\u016bns finiera sapl\u0101ksnis \u2014 Harlequin. Piem\u0113rots univers\u0101lajiem plauktiem Longspan. \u261b Iepaz\u012bsties ar preci un pas\u016bti STORIT e-veikal\u0101!","robots":{"index":"index","follow":"follow","max-snippet":"max-snippet:-1","max-image-preview":"max-image-preview:large","max-video-preview":"max-video-preview:-1"},"canonical":"https:\/\/storitgroup.com\/lv\/prece\/finiera-saplaksnis\/","og_locale":"lv_LV","og_type":"article","og_title":"Tum\u0161i br\u016bns finiera sapl\u0101ksnis &#8226; Storit","og_description":"Tum\u0161i br\u016bns finiera sapl\u0101ksnis \u2014 Harlequin. Piem\u0113rots univers\u0101lajiem plauktiem Longspan. \u261b Iepaz\u012bsties ar preci un pas\u016bti STORIT e-veikal\u0101!","og_url":"https:\/\/storitgroup.com\/lv\/prece\/finiera-saplaksnis\/","og_site_name":"Storit","article_modified_time":"2024-02-28T07:06:58+00:00","og_image":[{"width":1280,"height":1269,"url":"https:\/\/storitgroup.com\/uploads\/2024\/01\/finieris-harlequin.jpeg","type":"image\/jpeg"}],"twitter_card":"summary_large_image","schema":{"@context":"https:\/\/schema.org","@graph":[{"@type":["WebPage","ItemPage"],"@id":"https:\/\/storitgroup.com\/lv\/prece\/finiera-saplaksnis\/","url":"https:\/\/storitgroup.com\/lv\/prece\/finiera-saplaksnis\/","name":"Tum\u0161i br\u016bns finiera sapl\u0101ksnis &#8226; Storit","isPartOf":{"@id":"https:\/\/storitgroup.com\/lv\/#website"},"primaryImageOfPage":{"@id":"https:\/\/storitgroup.com\/lv\/prece\/finiera-saplaksnis\/#primaryimage"},"image":{"@id":"https:\/\/storitgroup.com\/lv\/prece\/finiera-saplaksnis\/#primaryimage"},"thumbnailUrl":"https:\/\/storitgroup.com\/uploads\/2024\/01\/finieris-harlequin.jpeg","datePublished":"2022-07-05T07:55:05+00:00","dateModified":"2024-02-28T07:06:58+00:00","description":"Tum\u0161i br\u016bns finiera sapl\u0101ksnis \u2014 Harlequin. Piem\u0113rots univers\u0101lajiem plauktiem Longspan. \u261b Iepaz\u012bsties ar preci un pas\u016bti STORIT e-veikal\u0101!","breadcrumb":{"@id":"https:\/\/storitgroup.com\/lv\/prece\/finiera-saplaksnis\/#breadcrumb"},"inLanguage":"lv-LV","potentialAction":[{"@type":"ReadAction","target":["https:\/\/storitgroup.com\/lv\/prece\/finiera-saplaksnis\/"]}]},{"@type":"ImageObject","inLanguage":"lv-LV","@id":"https:\/\/storitgroup.com\/lv\/prece\/finiera-saplaksnis\/#primaryimage","url":"https:\/\/storitgroup.com\/uploads\/2024\/01\/finieris-harlequin.jpeg","contentUrl":"https:\/\/storitgroup.com\/uploads\/2024\/01\/finieris-harlequin.jpeg","width":1280,"height":1269,"caption":"Finieris Harlequin"},{"@type":"BreadcrumbList","@id":"https:\/\/storitgroup.com\/lv\/prece\/finiera-saplaksnis\/#breadcrumb","itemListElement":[{"@type":"ListItem","position":1,"name":"S\u0101kumlapa","item":"https:\/\/storitgroup.com\/lv\/"},{"@type":"ListItem","position":2,"name":"Veikals","item":"https:\/\/storitgroup.com\/lv\/veikals\/"},{"@type":"ListItem","position":3,"name":"Univers\u0101lie plaukti Longspan","item":"https:\/\/storitgroup.com\/lv\/universalie-plaukti-longspan\/"},{"@type":"ListItem","position":4,"name":"Tum\u0161i br\u016bns finiera sapl\u0101ksnis"}]},{"@type":"WebSite","@id":"https:\/\/storitgroup.com\/lv\/#website","url":"https:\/\/storitgroup.com\/lv\/","name":"Storit","description":"","potentialAction":[{"@type":"SearchAction","target":{"@type":"EntryPoint","urlTemplate":"https:\/\/storitgroup.com\/lv\/?s={search_term_string}"},"query-input":{"@type":"PropertyValueSpecification","valueRequired":true,"valueName":"search_term_string"}}],"inLanguage":"lv-LV"}]}},"_links":{"self":[{"href":"https:\/\/storitgroup.com\/lv\/wp-json\/wp\/v2\/product\/213949","targetHints":{"allow":["GET"]}}],"collection":[{"href":"https:\/\/storitgroup.com\/lv\/wp-json\/wp\/v2\/product"}],"about":[{"href":"https:\/\/storitgroup.com\/lv\/wp-json\/wp\/v2\/types\/product"}],"wp:featuredmedia":[{"embeddable":true,"href":"https:\/\/storitgroup.com\/lv\/wp-json\/wp\/v2\/media\/214096"}],"wp:attachment":[{"href":"https:\/\/storitgroup.com\/lv\/wp-json\/wp\/v2\/media?parent=213949"}],"wp:term":[{"taxonomy":"product_brand","embeddable":true,"href":"https:\/\/storitgroup.com\/lv\/wp-json\/wp\/v2\/product_brand?post=213949"},{"taxonomy":"product_cat","embeddable":true,"href":"https:\/\/storitgroup.com\/lv\/wp-json\/wp\/v2\/product_cat?post=213949"},{"taxonomy":"product_tag","embeddable":true,"href":"https:\/\/storitgroup.com\/lv\/wp-json\/wp\/v2\/product_tag?post=213949"}],"curies":[{"name":"wp","href":"https:\/\/api.w.org\/{rel}","templated":true}]}}