{"id":212619,"date":"2023-11-09T11:19:29","date_gmt":"2023-11-09T09:19:29","guid":{"rendered":"https:\/\/storitgroup.com\/?post_type=product&#038;p=212619"},"modified":"2024-05-21T14:17:39","modified_gmt":"2024-05-21T11:17:39","slug":"elektriski-palesu-ratini","status":"publish","type":"product","link":"https:\/\/storitgroup.com\/lv\/prece\/elektriski-palesu-ratini\/","title":{"rendered":"F4 Li-Ion elektriski pale\u0161u rati\u0146i"},"content":{"rendered":"<p><strong>Celtsp\u0113ja:<\/strong> 1500 kg<\/p>\n<p><strong>Pacel\u0161anas augstums:<\/strong> 105 mm<\/p>\n<p><strong>Dak\u0161u izm\u0113ri:<\/strong> 55 x 150 x 1150 mm<\/p>\n<p><strong>Roktura augstums:<\/strong> 1190 mm<\/p>\n<p><strong>Kop\u0113jais platums un garums: <\/strong>1550 x 590 mm<\/p>\n<p><strong>Svars:<\/strong> 120 kg<\/p>\n<p><strong>Vado\u0161ais ritenis:<\/strong> \u00d8 210 x 70 mm, poliuret\u0101ns<\/p>\n<p><strong>Riten\u012b\u0161i dak\u0161u galos:<\/strong> \u00d8 80 x 60 mm, poliuret\u0101ns<\/p>\n<p>&nbsp;<\/p>\n<p><strong>Akumulators<\/strong>: 7kg 200x100x350mm<\/p>\n<p><strong><span class=\"label\">Pac\u0113l\u0101ja motors: <\/span><\/strong><span class=\"value\">0,5 kW<\/span><\/p>\n<p><span class=\"label\"><strong>Vilces motors: <\/strong><\/span><span class=\"value\">0,75 kW<\/span><\/p>\n<p><span class=\"label\"><strong>Darba eja:<\/strong> EUR palete 800x1200mm garums<\/span><span class=\"value\">2025 mm<\/span><\/p>\n<p><strong><span class=\"label\">Vilces \u0101trums: <\/span><\/strong><span class=\"value\">4\/4,5 km\/h<\/span><\/p>\n<p>&nbsp;<\/p>\n<p>&nbsp;<\/p>\n","protected":false},"excerpt":{"rendered":"<p><strong>Celtsp\u0113ja:<\/strong> 1500 kg<\/p>\n<p><strong>Pacel\u0161anas augstums:<\/strong> 105 mm<\/p>\n<p><strong>Dak\u0161u izm\u0113ri:<\/strong> 55 x 150 x 1150 mm<\/p>\n<p><strong>Roktura augstums:<\/strong> 1190 mm<\/p>\n<p><strong>Kop\u0113jais platums un garums: <\/strong>1550 x 590 mm<\/p>\n<p><strong>Svars:<\/strong> 120 kg<\/p>\n<p><strong>Vado\u0161ais ritenis:<\/strong> \u00d8 210 x 70 mm, poliuret\u0101ns<\/p>\n<p><strong>Riten\u012b\u0161i dak\u0161u galos:<\/strong> \u00d8 80 x 60 mm, poliuret\u0101ns<\/p>\n<p><strong>Rite\u0146u veids<\/strong>: tand\u0113ma (divi rite\u0146i &#8211; piem\u0113roti smagu kravu p\u0101rvieto\u0161anai pa nel\u012bdzen\u0101m virsm\u0101m)<\/p>\n<p>&nbsp;<\/p>\n<p><strong>Akumulators<\/strong>: 7kg 200x100x350mm<\/p>\n<p><strong><span class=\"label\">Pac\u0113l\u0101ja motors: <\/span><\/strong><span class=\"value\">0,5 kW<\/span><\/p>\n<p><span class=\"label\"><strong>Vilces motors: <\/strong><\/span><span class=\"value\">0,75 kW<\/span><\/p>\n<p><strong><span class=\"label\">Vilces \u0101trums: <\/span><\/strong><span class=\"value\">4\/4,5 km\/h<\/span><\/p>\n","protected":false},"featured_media":212620,"template":"","meta":{"_acf_changed":false},"product_brand":[],"product_cat":[7120],"product_tag":[],"class_list":{"0":"post-212619","1":"product","2":"type-product","3":"status-publish","4":"has-post-thumbnail","6":"product_cat-palesu-ratini","8":"first","9":"instock","10":"sale","11":"taxable","12":"shipping-taxable","13":"purchasable","14":"product-type-simple"},"acf":[],"yoast_head":"<!-- This site is optimized with the Yoast SEO plugin v27.4 - https:\/\/yoast.com\/product\/yoast-seo-wordpress\/ -->\n<title>F4 Li-Ion elektriski pale\u0161u rati\u0146i &#8226; Storit<\/title>\n<meta name=\"description\" content=\"F4 Li-Ion elektriski pale\u0161u rati\u0146i \u2014 efekt\u012bvai un \u0113rtai pale\u0161u p\u0101rvieto\u0161anai noliktav\u0101s, ra\u017eo\u0161anas cehos, veikalos un cit\u0101s komerctelp\u0101s.\" \/>\n<meta name=\"robots\" content=\"index, follow, max-snippet:-1, max-image-preview:large, max-video-preview:-1\" \/>\n<link rel=\"canonical\" href=\"https:\/\/storitgroup.com\/lv\/prece\/elektriski-palesu-ratini\/\" \/>\n<meta property=\"og:locale\" content=\"lv_LV\" \/>\n<meta property=\"og:type\" content=\"article\" \/>\n<meta property=\"og:title\" content=\"F4 Li-Ion elektriski pale\u0161u rati\u0146i &#8226; Storit\" \/>\n<meta property=\"og:description\" content=\"F4 Li-Ion elektriski pale\u0161u rati\u0146i \u2014 efekt\u012bvai un \u0113rtai pale\u0161u p\u0101rvieto\u0161anai noliktav\u0101s, ra\u017eo\u0161anas cehos, veikalos un cit\u0101s komerctelp\u0101s.\" \/>\n<meta property=\"og:url\" content=\"https:\/\/storitgroup.com\/lv\/prece\/elektriski-palesu-ratini\/\" \/>\n<meta property=\"og:site_name\" content=\"Storit\" \/>\n<meta property=\"article:modified_time\" content=\"2024-05-21T11:17:39+00:00\" \/>\n<meta property=\"og:image\" content=\"https:\/\/storitgroup.com\/uploads\/2023\/11\/elektriskie-rokas-palesu-ratini.jpeg\" \/>\n\t<meta property=\"og:image:width\" content=\"740\" \/>\n\t<meta property=\"og:image:height\" content=\"987\" \/>\n\t<meta property=\"og:image:type\" content=\"image\/jpeg\" \/>\n<meta name=\"twitter:card\" content=\"summary_large_image\" \/>\n<script type=\"application\/ld+json\" class=\"yoast-schema-graph\">{\"@context\":\"https:\\\/\\\/schema.org\",\"@graph\":[{\"@type\":[\"WebPage\",\"ItemPage\"],\"@id\":\"https:\\\/\\\/storitgroup.com\\\/lv\\\/prece\\\/elektriski-palesu-ratini\\\/\",\"url\":\"https:\\\/\\\/storitgroup.com\\\/lv\\\/prece\\\/elektriski-palesu-ratini\\\/\",\"name\":\"F4 Li-Ion elektriski pale\u0161u rati\u0146i &#8226; Storit\",\"isPartOf\":{\"@id\":\"https:\\\/\\\/storitgroup.com\\\/lv\\\/#website\"},\"primaryImageOfPage\":{\"@id\":\"https:\\\/\\\/storitgroup.com\\\/lv\\\/prece\\\/elektriski-palesu-ratini\\\/#primaryimage\"},\"image\":{\"@id\":\"https:\\\/\\\/storitgroup.com\\\/lv\\\/prece\\\/elektriski-palesu-ratini\\\/#primaryimage\"},\"thumbnailUrl\":\"https:\\\/\\\/storitgroup.com\\\/uploads\\\/2023\\\/11\\\/elektriskie-rokas-palesu-ratini.jpeg\",\"datePublished\":\"2023-11-09T09:19:29+00:00\",\"dateModified\":\"2024-05-21T11:17:39+00:00\",\"description\":\"F4 Li-Ion elektriski pale\u0161u rati\u0146i \u2014 efekt\u012bvai un \u0113rtai pale\u0161u p\u0101rvieto\u0161anai noliktav\u0101s, ra\u017eo\u0161anas cehos, veikalos un cit\u0101s komerctelp\u0101s.\",\"breadcrumb\":{\"@id\":\"https:\\\/\\\/storitgroup.com\\\/lv\\\/prece\\\/elektriski-palesu-ratini\\\/#breadcrumb\"},\"inLanguage\":\"lv-LV\",\"potentialAction\":[{\"@type\":\"ReadAction\",\"target\":[\"https:\\\/\\\/storitgroup.com\\\/lv\\\/prece\\\/elektriski-palesu-ratini\\\/\"]}]},{\"@type\":\"ImageObject\",\"inLanguage\":\"lv-LV\",\"@id\":\"https:\\\/\\\/storitgroup.com\\\/lv\\\/prece\\\/elektriski-palesu-ratini\\\/#primaryimage\",\"url\":\"https:\\\/\\\/storitgroup.com\\\/uploads\\\/2023\\\/11\\\/elektriskie-rokas-palesu-ratini.jpeg\",\"contentUrl\":\"https:\\\/\\\/storitgroup.com\\\/uploads\\\/2023\\\/11\\\/elektriskie-rokas-palesu-ratini.jpeg\",\"width\":740,\"height\":987,\"caption\":\"EP Equipment elektriskie pale\u0161u rati\u0146i, F4 Li-Ion\"},{\"@type\":\"BreadcrumbList\",\"@id\":\"https:\\\/\\\/storitgroup.com\\\/lv\\\/prece\\\/elektriski-palesu-ratini\\\/#breadcrumb\",\"itemListElement\":[{\"@type\":\"ListItem\",\"position\":1,\"name\":\"S\u0101kumlapa\",\"item\":\"https:\\\/\\\/storitgroup.com\\\/lv\\\/\"},{\"@type\":\"ListItem\",\"position\":2,\"name\":\"Veikals\",\"item\":\"https:\\\/\\\/storitgroup.com\\\/lv\\\/veikals\\\/\"},{\"@type\":\"ListItem\",\"position\":3,\"name\":\"Pale\u0161u rati\u0146i\",\"item\":\"https:\\\/\\\/storitgroup.com\\\/lv\\\/produkti\\\/palesu-ratini\\\/\"},{\"@type\":\"ListItem\",\"position\":4,\"name\":\"F4 Li-Ion elektriski pale\u0161u rati\u0146i\"}]},{\"@type\":\"WebSite\",\"@id\":\"https:\\\/\\\/storitgroup.com\\\/lv\\\/#website\",\"url\":\"https:\\\/\\\/storitgroup.com\\\/lv\\\/\",\"name\":\"Storit\",\"description\":\"\",\"potentialAction\":[{\"@type\":\"SearchAction\",\"target\":{\"@type\":\"EntryPoint\",\"urlTemplate\":\"https:\\\/\\\/storitgroup.com\\\/lv\\\/?s={search_term_string}\"},\"query-input\":{\"@type\":\"PropertyValueSpecification\",\"valueRequired\":true,\"valueName\":\"search_term_string\"}}],\"inLanguage\":\"lv-LV\"}]}<\/script>\n<!-- \/ Yoast SEO plugin. -->","yoast_head_json":{"title":"F4 Li-Ion elektriski pale\u0161u rati\u0146i &#8226; Storit","description":"F4 Li-Ion elektriski pale\u0161u rati\u0146i \u2014 efekt\u012bvai un \u0113rtai pale\u0161u p\u0101rvieto\u0161anai noliktav\u0101s, ra\u017eo\u0161anas cehos, veikalos un cit\u0101s komerctelp\u0101s.","robots":{"index":"index","follow":"follow","max-snippet":"max-snippet:-1","max-image-preview":"max-image-preview:large","max-video-preview":"max-video-preview:-1"},"canonical":"https:\/\/storitgroup.com\/lv\/prece\/elektriski-palesu-ratini\/","og_locale":"lv_LV","og_type":"article","og_title":"F4 Li-Ion elektriski pale\u0161u rati\u0146i &#8226; Storit","og_description":"F4 Li-Ion elektriski pale\u0161u rati\u0146i \u2014 efekt\u012bvai un \u0113rtai pale\u0161u p\u0101rvieto\u0161anai noliktav\u0101s, ra\u017eo\u0161anas cehos, veikalos un cit\u0101s komerctelp\u0101s.","og_url":"https:\/\/storitgroup.com\/lv\/prece\/elektriski-palesu-ratini\/","og_site_name":"Storit","article_modified_time":"2024-05-21T11:17:39+00:00","og_image":[{"width":740,"height":987,"url":"https:\/\/storitgroup.com\/uploads\/2023\/11\/elektriskie-rokas-palesu-ratini.jpeg","type":"image\/jpeg"}],"twitter_card":"summary_large_image","schema":{"@context":"https:\/\/schema.org","@graph":[{"@type":["WebPage","ItemPage"],"@id":"https:\/\/storitgroup.com\/lv\/prece\/elektriski-palesu-ratini\/","url":"https:\/\/storitgroup.com\/lv\/prece\/elektriski-palesu-ratini\/","name":"F4 Li-Ion elektriski pale\u0161u rati\u0146i &#8226; Storit","isPartOf":{"@id":"https:\/\/storitgroup.com\/lv\/#website"},"primaryImageOfPage":{"@id":"https:\/\/storitgroup.com\/lv\/prece\/elektriski-palesu-ratini\/#primaryimage"},"image":{"@id":"https:\/\/storitgroup.com\/lv\/prece\/elektriski-palesu-ratini\/#primaryimage"},"thumbnailUrl":"https:\/\/storitgroup.com\/uploads\/2023\/11\/elektriskie-rokas-palesu-ratini.jpeg","datePublished":"2023-11-09T09:19:29+00:00","dateModified":"2024-05-21T11:17:39+00:00","description":"F4 Li-Ion elektriski pale\u0161u rati\u0146i \u2014 efekt\u012bvai un \u0113rtai pale\u0161u p\u0101rvieto\u0161anai noliktav\u0101s, ra\u017eo\u0161anas cehos, veikalos un cit\u0101s komerctelp\u0101s.","breadcrumb":{"@id":"https:\/\/storitgroup.com\/lv\/prece\/elektriski-palesu-ratini\/#breadcrumb"},"inLanguage":"lv-LV","potentialAction":[{"@type":"ReadAction","target":["https:\/\/storitgroup.com\/lv\/prece\/elektriski-palesu-ratini\/"]}]},{"@type":"ImageObject","inLanguage":"lv-LV","@id":"https:\/\/storitgroup.com\/lv\/prece\/elektriski-palesu-ratini\/#primaryimage","url":"https:\/\/storitgroup.com\/uploads\/2023\/11\/elektriskie-rokas-palesu-ratini.jpeg","contentUrl":"https:\/\/storitgroup.com\/uploads\/2023\/11\/elektriskie-rokas-palesu-ratini.jpeg","width":740,"height":987,"caption":"EP Equipment elektriskie pale\u0161u rati\u0146i, F4 Li-Ion"},{"@type":"BreadcrumbList","@id":"https:\/\/storitgroup.com\/lv\/prece\/elektriski-palesu-ratini\/#breadcrumb","itemListElement":[{"@type":"ListItem","position":1,"name":"S\u0101kumlapa","item":"https:\/\/storitgroup.com\/lv\/"},{"@type":"ListItem","position":2,"name":"Veikals","item":"https:\/\/storitgroup.com\/lv\/veikals\/"},{"@type":"ListItem","position":3,"name":"Pale\u0161u rati\u0146i","item":"https:\/\/storitgroup.com\/lv\/produkti\/palesu-ratini\/"},{"@type":"ListItem","position":4,"name":"F4 Li-Ion elektriski pale\u0161u rati\u0146i"}]},{"@type":"WebSite","@id":"https:\/\/storitgroup.com\/lv\/#website","url":"https:\/\/storitgroup.com\/lv\/","name":"Storit","description":"","potentialAction":[{"@type":"SearchAction","target":{"@type":"EntryPoint","urlTemplate":"https:\/\/storitgroup.com\/lv\/?s={search_term_string}"},"query-input":{"@type":"PropertyValueSpecification","valueRequired":true,"valueName":"search_term_string"}}],"inLanguage":"lv-LV"}]}},"_links":{"self":[{"href":"https:\/\/storitgroup.com\/lv\/wp-json\/wp\/v2\/product\/212619","targetHints":{"allow":["GET"]}}],"collection":[{"href":"https:\/\/storitgroup.com\/lv\/wp-json\/wp\/v2\/product"}],"about":[{"href":"https:\/\/storitgroup.com\/lv\/wp-json\/wp\/v2\/types\/product"}],"wp:featuredmedia":[{"embeddable":true,"href":"https:\/\/storitgroup.com\/lv\/wp-json\/wp\/v2\/media\/212620"}],"wp:attachment":[{"href":"https:\/\/storitgroup.com\/lv\/wp-json\/wp\/v2\/media?parent=212619"}],"wp:term":[{"taxonomy":"product_brand","embeddable":true,"href":"https:\/\/storitgroup.com\/lv\/wp-json\/wp\/v2\/product_brand?post=212619"},{"taxonomy":"product_cat","embeddable":true,"href":"https:\/\/storitgroup.com\/lv\/wp-json\/wp\/v2\/product_cat?post=212619"},{"taxonomy":"product_tag","embeddable":true,"href":"https:\/\/storitgroup.com\/lv\/wp-json\/wp\/v2\/product_tag?post=212619"}],"curies":[{"name":"wp","href":"https:\/\/api.w.org\/{rel}","templated":true}]}}