{"id":208356,"date":"2023-07-06T12:46:25","date_gmt":"2023-07-06T09:46:25","guid":{"rendered":"https:\/\/storitgroup.com\/?post_type=product&#038;p=208356"},"modified":"2023-07-06T12:49:14","modified_gmt":"2023-07-06T09:49:14","slug":"ofisa-plaukti","status":"publish","type":"product","link":"https:\/\/storitgroup.com\/lv\/prece\/ofisa-plaukti\/","title":{"rendered":"Ofisa plaukti ar 65 map\u0113m, H1865x300x1000 mm, lietoti"},"content":{"rendered":"<p><strong>Augstums:<\/strong>\u00a01865 mm<\/p>\n<p><strong>Dzi\u013cums:<\/strong> 300 mm<\/p>\n<p><strong>Platums:<\/strong> 1000 mm<\/p>\n<p>6 plauktu l\u012bme\u0146i<\/p>\n<p><strong>Materi\u0101ls:<\/strong> Kr\u0101sots met\u0101ls<\/p>\n<p><strong>Plauktu l\u012bme\u0146u regul\u0113\u0161anas solis:<\/strong> 11,5 mm<\/p>\n<p><strong>Komplekt\u0101:<\/strong> 65 mapes 70 mm biezum\u0101<\/p>\n<p>5 l\u012bme\u0146i ar map\u0113m<\/p>\n","protected":false},"excerpt":{"rendered":"<p><strong>Augstums:<\/strong>\u00a01865 mm<\/p>\n<p><strong>Dzi\u013cums:<\/strong> 300 mm<\/p>\n<p><strong>Platums:<\/strong> 1000 mm<\/p>\n<p>6 plauktu l\u012bme\u0146i<\/p>\n<p><strong>Materi\u0101ls:<\/strong> Kr\u0101sots met\u0101ls<\/p>\n<p><strong>Plauktu l\u012bme\u0146u regul\u0113\u0161anas solis:<\/strong> 11,5 mm<\/p>\n<p><strong>Komplekt\u0101:<\/strong> 65 mapes 70 mm biezum\u0101<\/p>\n<p>&nbsp;<\/p>\n<p>5 l\u012bme\u0146i ar map\u0113m<\/p>\n","protected":false},"featured_media":208364,"template":"","meta":{"_acf_changed":false},"product_brand":[],"product_cat":[7111],"product_tag":[],"class_list":{"0":"post-208356","1":"product","2":"type-product","3":"status-publish","4":"has-post-thumbnail","6":"product_cat-akcijas","8":"first","9":"instock","10":"sale","11":"taxable","12":"shipping-taxable","13":"purchasable","14":"product-type-variable","15":"has-default-attributes"},"acf":[],"yoast_head":"<!-- This site is optimized with the Yoast SEO plugin v27.3 - https:\/\/yoast.com\/product\/yoast-seo-wordpress\/ -->\n<title>Ofisa plaukti ar 65 map\u0113m, H1865x300x1000 mm, lietoti &#8226; Storit<\/title>\n<meta name=\"description\" content=\"Plaukti LIERA ar map\u0113m biroja telp\u0101m. 6 plauktu l\u012bme\u0146i. Komplekt\u0101 ietilpst: 65 mapes (katr\u0101 plaukt\u0101 13 gab).\" \/>\n<meta name=\"robots\" content=\"index, follow, max-snippet:-1, max-image-preview:large, max-video-preview:-1\" \/>\n<link rel=\"canonical\" href=\"https:\/\/storitgroup.com\/lv\/prece\/ofisa-plaukti\/\" \/>\n<meta property=\"og:locale\" content=\"lv_LV\" \/>\n<meta property=\"og:type\" content=\"article\" \/>\n<meta property=\"og:title\" content=\"Ofisa plaukti ar 65 map\u0113m, H1865x300x1000 mm, lietoti &#8226; Storit\" \/>\n<meta property=\"og:description\" content=\"Plaukti LIERA ar map\u0113m biroja telp\u0101m. 6 plauktu l\u012bme\u0146i. Komplekt\u0101 ietilpst: 65 mapes (katr\u0101 plaukt\u0101 13 gab).\" \/>\n<meta property=\"og:url\" content=\"https:\/\/storitgroup.com\/lv\/prece\/ofisa-plaukti\/\" \/>\n<meta property=\"og:site_name\" content=\"Storit\" \/>\n<meta property=\"article:modified_time\" content=\"2023-07-06T09:49:14+00:00\" \/>\n<meta property=\"og:image\" content=\"https:\/\/storitgroup.com\/uploads\/2023\/07\/plaukts-ar-mapem.jpeg\" \/>\n\t<meta property=\"og:image:width\" content=\"433\" \/>\n\t<meta property=\"og:image:height\" content=\"640\" \/>\n\t<meta property=\"og:image:type\" content=\"image\/jpeg\" \/>\n<meta name=\"twitter:card\" content=\"summary_large_image\" \/>\n<script type=\"application\/ld+json\" class=\"yoast-schema-graph\">{\"@context\":\"https:\\\/\\\/schema.org\",\"@graph\":[{\"@type\":[\"WebPage\",\"ItemPage\"],\"@id\":\"https:\\\/\\\/storitgroup.com\\\/lv\\\/prece\\\/ofisa-plaukti\\\/\",\"url\":\"https:\\\/\\\/storitgroup.com\\\/lv\\\/prece\\\/ofisa-plaukti\\\/\",\"name\":\"Ofisa plaukti ar 65 map\u0113m, H1865x300x1000 mm, lietoti &#8226; Storit\",\"isPartOf\":{\"@id\":\"https:\\\/\\\/storitgroup.com\\\/lv\\\/#website\"},\"primaryImageOfPage\":{\"@id\":\"https:\\\/\\\/storitgroup.com\\\/lv\\\/prece\\\/ofisa-plaukti\\\/#primaryimage\"},\"image\":{\"@id\":\"https:\\\/\\\/storitgroup.com\\\/lv\\\/prece\\\/ofisa-plaukti\\\/#primaryimage\"},\"thumbnailUrl\":\"https:\\\/\\\/storitgroup.com\\\/uploads\\\/2023\\\/07\\\/plaukts-ar-mapem.jpeg\",\"datePublished\":\"2023-07-06T09:46:25+00:00\",\"dateModified\":\"2023-07-06T09:49:14+00:00\",\"description\":\"Plaukti LIERA ar map\u0113m biroja telp\u0101m. 6 plauktu l\u012bme\u0146i. Komplekt\u0101 ietilpst: 65 mapes (katr\u0101 plaukt\u0101 13 gab).\",\"breadcrumb\":{\"@id\":\"https:\\\/\\\/storitgroup.com\\\/lv\\\/prece\\\/ofisa-plaukti\\\/#breadcrumb\"},\"inLanguage\":\"lv-LV\",\"potentialAction\":[{\"@type\":\"ReadAction\",\"target\":[\"https:\\\/\\\/storitgroup.com\\\/lv\\\/prece\\\/ofisa-plaukti\\\/\"]}]},{\"@type\":\"ImageObject\",\"inLanguage\":\"lv-LV\",\"@id\":\"https:\\\/\\\/storitgroup.com\\\/lv\\\/prece\\\/ofisa-plaukti\\\/#primaryimage\",\"url\":\"https:\\\/\\\/storitgroup.com\\\/uploads\\\/2023\\\/07\\\/plaukts-ar-mapem.jpeg\",\"contentUrl\":\"https:\\\/\\\/storitgroup.com\\\/uploads\\\/2023\\\/07\\\/plaukts-ar-mapem.jpeg\",\"width\":433,\"height\":640,\"caption\":\"Lietots ofisa plaukts ar map\u0113m\"},{\"@type\":\"BreadcrumbList\",\"@id\":\"https:\\\/\\\/storitgroup.com\\\/lv\\\/prece\\\/ofisa-plaukti\\\/#breadcrumb\",\"itemListElement\":[{\"@type\":\"ListItem\",\"position\":1,\"name\":\"S\u0101kumlapa\",\"item\":\"https:\\\/\\\/storitgroup.com\\\/lv\\\/\"},{\"@type\":\"ListItem\",\"position\":2,\"name\":\"Veikals\",\"item\":\"https:\\\/\\\/storitgroup.com\\\/lv\\\/veikals\\\/\"},{\"@type\":\"ListItem\",\"position\":3,\"name\":\"Akcijas\",\"item\":\"https:\\\/\\\/storitgroup.com\\\/lv\\\/akcijas\\\/\"},{\"@type\":\"ListItem\",\"position\":4,\"name\":\"Ofisa plaukti ar 65 map\u0113m, H1865x300x1000 mm, lietoti\"}]},{\"@type\":\"WebSite\",\"@id\":\"https:\\\/\\\/storitgroup.com\\\/lv\\\/#website\",\"url\":\"https:\\\/\\\/storitgroup.com\\\/lv\\\/\",\"name\":\"Storit\",\"description\":\"\",\"potentialAction\":[{\"@type\":\"SearchAction\",\"target\":{\"@type\":\"EntryPoint\",\"urlTemplate\":\"https:\\\/\\\/storitgroup.com\\\/lv\\\/?s={search_term_string}\"},\"query-input\":{\"@type\":\"PropertyValueSpecification\",\"valueRequired\":true,\"valueName\":\"search_term_string\"}}],\"inLanguage\":\"lv-LV\"}]}<\/script>\n<!-- \/ Yoast SEO plugin. -->","yoast_head_json":{"title":"Ofisa plaukti ar 65 map\u0113m, H1865x300x1000 mm, lietoti &#8226; Storit","description":"Plaukti LIERA ar map\u0113m biroja telp\u0101m. 6 plauktu l\u012bme\u0146i. Komplekt\u0101 ietilpst: 65 mapes (katr\u0101 plaukt\u0101 13 gab).","robots":{"index":"index","follow":"follow","max-snippet":"max-snippet:-1","max-image-preview":"max-image-preview:large","max-video-preview":"max-video-preview:-1"},"canonical":"https:\/\/storitgroup.com\/lv\/prece\/ofisa-plaukti\/","og_locale":"lv_LV","og_type":"article","og_title":"Ofisa plaukti ar 65 map\u0113m, H1865x300x1000 mm, lietoti &#8226; Storit","og_description":"Plaukti LIERA ar map\u0113m biroja telp\u0101m. 6 plauktu l\u012bme\u0146i. Komplekt\u0101 ietilpst: 65 mapes (katr\u0101 plaukt\u0101 13 gab).","og_url":"https:\/\/storitgroup.com\/lv\/prece\/ofisa-plaukti\/","og_site_name":"Storit","article_modified_time":"2023-07-06T09:49:14+00:00","og_image":[{"width":433,"height":640,"url":"https:\/\/storitgroup.com\/uploads\/2023\/07\/plaukts-ar-mapem.jpeg","type":"image\/jpeg"}],"twitter_card":"summary_large_image","schema":{"@context":"https:\/\/schema.org","@graph":[{"@type":["WebPage","ItemPage"],"@id":"https:\/\/storitgroup.com\/lv\/prece\/ofisa-plaukti\/","url":"https:\/\/storitgroup.com\/lv\/prece\/ofisa-plaukti\/","name":"Ofisa plaukti ar 65 map\u0113m, H1865x300x1000 mm, lietoti &#8226; Storit","isPartOf":{"@id":"https:\/\/storitgroup.com\/lv\/#website"},"primaryImageOfPage":{"@id":"https:\/\/storitgroup.com\/lv\/prece\/ofisa-plaukti\/#primaryimage"},"image":{"@id":"https:\/\/storitgroup.com\/lv\/prece\/ofisa-plaukti\/#primaryimage"},"thumbnailUrl":"https:\/\/storitgroup.com\/uploads\/2023\/07\/plaukts-ar-mapem.jpeg","datePublished":"2023-07-06T09:46:25+00:00","dateModified":"2023-07-06T09:49:14+00:00","description":"Plaukti LIERA ar map\u0113m biroja telp\u0101m. 6 plauktu l\u012bme\u0146i. Komplekt\u0101 ietilpst: 65 mapes (katr\u0101 plaukt\u0101 13 gab).","breadcrumb":{"@id":"https:\/\/storitgroup.com\/lv\/prece\/ofisa-plaukti\/#breadcrumb"},"inLanguage":"lv-LV","potentialAction":[{"@type":"ReadAction","target":["https:\/\/storitgroup.com\/lv\/prece\/ofisa-plaukti\/"]}]},{"@type":"ImageObject","inLanguage":"lv-LV","@id":"https:\/\/storitgroup.com\/lv\/prece\/ofisa-plaukti\/#primaryimage","url":"https:\/\/storitgroup.com\/uploads\/2023\/07\/plaukts-ar-mapem.jpeg","contentUrl":"https:\/\/storitgroup.com\/uploads\/2023\/07\/plaukts-ar-mapem.jpeg","width":433,"height":640,"caption":"Lietots ofisa plaukts ar map\u0113m"},{"@type":"BreadcrumbList","@id":"https:\/\/storitgroup.com\/lv\/prece\/ofisa-plaukti\/#breadcrumb","itemListElement":[{"@type":"ListItem","position":1,"name":"S\u0101kumlapa","item":"https:\/\/storitgroup.com\/lv\/"},{"@type":"ListItem","position":2,"name":"Veikals","item":"https:\/\/storitgroup.com\/lv\/veikals\/"},{"@type":"ListItem","position":3,"name":"Akcijas","item":"https:\/\/storitgroup.com\/lv\/akcijas\/"},{"@type":"ListItem","position":4,"name":"Ofisa plaukti ar 65 map\u0113m, H1865x300x1000 mm, lietoti"}]},{"@type":"WebSite","@id":"https:\/\/storitgroup.com\/lv\/#website","url":"https:\/\/storitgroup.com\/lv\/","name":"Storit","description":"","potentialAction":[{"@type":"SearchAction","target":{"@type":"EntryPoint","urlTemplate":"https:\/\/storitgroup.com\/lv\/?s={search_term_string}"},"query-input":{"@type":"PropertyValueSpecification","valueRequired":true,"valueName":"search_term_string"}}],"inLanguage":"lv-LV"}]}},"_links":{"self":[{"href":"https:\/\/storitgroup.com\/lv\/wp-json\/wp\/v2\/product\/208356","targetHints":{"allow":["GET"]}}],"collection":[{"href":"https:\/\/storitgroup.com\/lv\/wp-json\/wp\/v2\/product"}],"about":[{"href":"https:\/\/storitgroup.com\/lv\/wp-json\/wp\/v2\/types\/product"}],"wp:featuredmedia":[{"embeddable":true,"href":"https:\/\/storitgroup.com\/lv\/wp-json\/wp\/v2\/media\/208364"}],"wp:attachment":[{"href":"https:\/\/storitgroup.com\/lv\/wp-json\/wp\/v2\/media?parent=208356"}],"wp:term":[{"taxonomy":"product_brand","embeddable":true,"href":"https:\/\/storitgroup.com\/lv\/wp-json\/wp\/v2\/product_brand?post=208356"},{"taxonomy":"product_cat","embeddable":true,"href":"https:\/\/storitgroup.com\/lv\/wp-json\/wp\/v2\/product_cat?post=208356"},{"taxonomy":"product_tag","embeddable":true,"href":"https:\/\/storitgroup.com\/lv\/wp-json\/wp\/v2\/product_tag?post=208356"}],"curies":[{"name":"wp","href":"https:\/\/api.w.org\/{rel}","templated":true}]}}