{"id":201622,"date":"2022-11-14T14:35:09","date_gmt":"2022-11-14T12:35:09","guid":{"rendered":"https:\/\/storitgroup.com\/?post_type=product&#038;p=201622"},"modified":"2024-02-28T08:58:58","modified_gmt":"2024-02-28T06:58:58","slug":"plaukts-zils-un-oranzs-3-limeni-bez-ieklajuma-h2000-mm-dzilums-800-mm-platums-2700-mm","status":"publish","type":"product","link":"https:\/\/storitgroup.com\/lv\/prece\/plaukts-zils-un-oranzs-3-limeni-bez-ieklajuma-h2000-mm-dzilums-800-mm-platums-2700-mm\/","title":{"rendered":"Plaukts zils un oran\u017es, 3 l\u012bme\u0146i, 2000x800x2700 mm, bez iekl\u0101juma"},"content":{"rendered":"<p>Augstums:\u00a0<strong>2000 mm<\/strong><\/p>\n<p>Dzi\u013cums:<strong>\u00a0800 mm<\/strong><\/p>\n<p>Platums:\u00a0<strong>2850 mm<\/strong> (kop\u0101 ar plaukta balstiem)<\/p>\n<p>3\u00a0plauktu l\u012bme\u0146i<\/p>\n<p>Katra plauktu l\u012bme\u0146a kravnes\u012bba:\u00a0<strong>474 kg <\/strong>(vienm\u0113r\u012bgi izklied\u0113ta svara)<\/p>\n<p>Plauktu l\u012bme\u0146u regul\u0113\u0161anas solis:\u00a050 mm<\/p>\n<p>Karkasa kr\u0101sa:\u00a0Tum\u0161i zila \/ oran\u017ea<\/p>\n<p><strong>Iesp\u0113jams ieg\u0101d\u0101ties papildus plauktu l\u012bme\u0146us sekcij\u0101m.<\/strong><\/p>\n<p>&nbsp;<\/p>\n<p>Univers\u0101lie plaukti ir visiztur\u012bg\u0101kie plaukti no ar roku sp\u0113ku piekraujamo plauktu sist\u0113mu veidiem. Piem\u0113roti lielu kastu, lielform\u0101la priek\u0161metu un iepakojumu uzglab\u0101\u0161anai.<\/p>\n<p>Noliktavas atlikum\u0101 r\u0101mju <strong>augstumi<\/strong>: 1800, 2000, 2500, 3000 un 3500 mm.<\/p>\n<p><strong>Siju garumi<\/strong>: 950, 1150, 1350, 1500, 1850, 2250, 2400 un 2700 mm.<\/p>\n<p><strong>Plauktu dzi\u013cumi<\/strong>: 500, 600, 800,700, 900, 1000 un 1200 mm.<\/p>\n","protected":false},"excerpt":{"rendered":"<p>Augstums:\u00a0<strong>2000 mm<\/strong><\/p>\n<p>Dzi\u013cums:<strong>\u00a0800 mm<\/strong><\/p>\n<p>Platums:\u00a0<strong>2850 mm<\/strong> (kop\u0101 ar plaukta balstiem)<\/p>\n<p>3\u00a0plauktu l\u012bme\u0146i<\/p>\n<p>Katra plauktu l\u012bme\u0146a kravnes\u012bba:\u00a0<strong>474 kg <\/strong>(vienm\u0113r\u012bgi izklied\u0113ta svara)<\/p>\n<p>Plauktu l\u012bme\u0146u regul\u0113\u0161anas solis:\u00a050 mm<\/p>\n<p>Karkasa kr\u0101sa:\u00a0Tum\u0161i zila \/ oran\u017ea<\/p>\n<p><strong>Iesp\u0113jams ieg\u0101d\u0101ties papildus plauktu l\u012bme\u0146us sekcij\u0101m.<\/strong><\/p>\n<p>&nbsp;<\/p>\n<p>Univers\u0101lie plaukti ir visiztur\u012bg\u0101kie plaukti no ar roku sp\u0113ku piekraujamo plauktu sist\u0113mu veidiem. Piem\u0113roti lielu kastu, lielform\u0101la priek\u0161metu un iepakojumu uzglab\u0101\u0161anai.<\/p>\n<p>Noliktavas atlikum\u0101 r\u0101mju <strong>augstumi<\/strong>: 1800, 2000, 2500, 3000 un 3500 mm.<\/p>\n<p><strong>Siju garumi<\/strong>: 950, 1150, 1350, 1500, 1850, 2250, 2400 un 2700 mm.<\/p>\n<p><strong>Plauktu dzi\u013cumi<\/strong>: 500, 600, 800,700, 900, 1000 un 1200 mm.<\/p>\n","protected":false},"featured_media":201626,"template":"","meta":{"_acf_changed":false},"product_brand":[],"product_cat":[8334],"product_tag":[],"class_list":{"0":"post-201622","1":"product","2":"type-product","3":"status-publish","4":"has-post-thumbnail","6":"product_cat-universalie-plaukti-longspan","8":"first","9":"instock","10":"sale","11":"taxable","12":"shipping-taxable","13":"purchasable","14":"product-type-variable","15":"has-default-attributes"},"acf":[],"yoast_head":"<!-- This site is optimized with the Yoast SEO plugin v27.2 - https:\/\/yoast.com\/product\/yoast-seo-wordpress\/ -->\n<title>Plaukts zils un oran\u017es, 3 l\u012bme\u0146i, 2000x800x2700 mm, bez iekl\u0101juma<\/title>\n<meta name=\"description\" content=\"Plaukts zils un oran\u017es , Longspan plaukts Kimer, gara laiduma plaukts noliktavai, gar\u017e\u0101s plaukts met\u0101la, Sp\u0101nij\u0101 ra\u017eoti plaukti Kimer zili ar oran\u017eu\" \/>\n<meta name=\"robots\" content=\"index, follow, max-snippet:-1, max-image-preview:large, max-video-preview:-1\" \/>\n<link rel=\"canonical\" href=\"https:\/\/storitgroup.com\/lv\/prece\/plaukts-zils-un-oranzs-3-limeni-bez-ieklajuma-h2000-mm-dzilums-800-mm-platums-2700-mm\/\" \/>\n<meta property=\"og:locale\" content=\"lv_LV\" \/>\n<meta property=\"og:type\" content=\"article\" \/>\n<meta property=\"og:title\" content=\"Plaukts zils un oran\u017es, 3 l\u012bme\u0146i, 2000x800x2700 mm, bez iekl\u0101juma\" \/>\n<meta property=\"og:description\" content=\"Plaukts zils un oran\u017es , Longspan plaukts Kimer, gara laiduma plaukts noliktavai, gar\u017e\u0101s plaukts met\u0101la, Sp\u0101nij\u0101 ra\u017eoti plaukti Kimer zili ar oran\u017eu\" \/>\n<meta property=\"og:url\" content=\"https:\/\/storitgroup.com\/lv\/prece\/plaukts-zils-un-oranzs-3-limeni-bez-ieklajuma-h2000-mm-dzilums-800-mm-platums-2700-mm\/\" \/>\n<meta property=\"og:site_name\" content=\"Storit\" \/>\n<meta property=\"article:modified_time\" content=\"2024-02-28T06:58:58+00:00\" \/>\n<meta property=\"og:image\" content=\"https:\/\/storitgroup.com\/uploads\/2022\/11\/plaukts-zils-un-oranzs-longspan-2700-x-800-x-2000-mm-pamatsekcija-46201.jpeg\" \/>\n\t<meta property=\"og:image:width\" content=\"600\" \/>\n\t<meta property=\"og:image:height\" content=\"800\" \/>\n\t<meta property=\"og:image:type\" content=\"image\/jpeg\" \/>\n<meta name=\"twitter:card\" content=\"summary_large_image\" \/>\n<meta name=\"twitter:label1\" content=\"Est. reading time\" \/>\n\t<meta name=\"twitter:data1\" content=\"1 minute\" \/>\n<script type=\"application\/ld+json\" class=\"yoast-schema-graph\">{\"@context\":\"https:\/\/schema.org\",\"@graph\":[{\"@type\":[\"WebPage\",\"ItemPage\"],\"@id\":\"https:\/\/storitgroup.com\/lv\/prece\/plaukts-zils-un-oranzs-3-limeni-bez-ieklajuma-h2000-mm-dzilums-800-mm-platums-2700-mm\/\",\"url\":\"https:\/\/storitgroup.com\/lv\/prece\/plaukts-zils-un-oranzs-3-limeni-bez-ieklajuma-h2000-mm-dzilums-800-mm-platums-2700-mm\/\",\"name\":\"Plaukts zils un oran\u017es, 3 l\u012bme\u0146i, 2000x800x2700 mm, bez iekl\u0101juma\",\"isPartOf\":{\"@id\":\"https:\/\/storitgroup.com\/lv\/#website\"},\"primaryImageOfPage\":{\"@id\":\"https:\/\/storitgroup.com\/lv\/prece\/plaukts-zils-un-oranzs-3-limeni-bez-ieklajuma-h2000-mm-dzilums-800-mm-platums-2700-mm\/#primaryimage\"},\"image\":{\"@id\":\"https:\/\/storitgroup.com\/lv\/prece\/plaukts-zils-un-oranzs-3-limeni-bez-ieklajuma-h2000-mm-dzilums-800-mm-platums-2700-mm\/#primaryimage\"},\"thumbnailUrl\":\"https:\/\/storitgroup.com\/uploads\/2022\/11\/plaukts-zils-un-oranzs-longspan-2700-x-800-x-2000-mm-pamatsekcija-46201.jpeg\",\"datePublished\":\"2022-11-14T12:35:09+00:00\",\"dateModified\":\"2024-02-28T06:58:58+00:00\",\"description\":\"Plaukts zils un oran\u017es , Longspan plaukts Kimer, gara laiduma plaukts noliktavai, gar\u017e\u0101s plaukts met\u0101la, Sp\u0101nij\u0101 ra\u017eoti plaukti Kimer zili ar oran\u017eu\",\"breadcrumb\":{\"@id\":\"https:\/\/storitgroup.com\/lv\/prece\/plaukts-zils-un-oranzs-3-limeni-bez-ieklajuma-h2000-mm-dzilums-800-mm-platums-2700-mm\/#breadcrumb\"},\"inLanguage\":\"lv-LV\",\"potentialAction\":[{\"@type\":\"ReadAction\",\"target\":[\"https:\/\/storitgroup.com\/lv\/prece\/plaukts-zils-un-oranzs-3-limeni-bez-ieklajuma-h2000-mm-dzilums-800-mm-platums-2700-mm\/\"]}]},{\"@type\":\"ImageObject\",\"inLanguage\":\"lv-LV\",\"@id\":\"https:\/\/storitgroup.com\/lv\/prece\/plaukts-zils-un-oranzs-3-limeni-bez-ieklajuma-h2000-mm-dzilums-800-mm-platums-2700-mm\/#primaryimage\",\"url\":\"https:\/\/storitgroup.com\/uploads\/2022\/11\/plaukts-zils-un-oranzs-longspan-2700-x-800-x-2000-mm-pamatsekcija-46201.jpeg\",\"contentUrl\":\"https:\/\/storitgroup.com\/uploads\/2022\/11\/plaukts-zils-un-oranzs-longspan-2700-x-800-x-2000-mm-pamatsekcija-46201.jpeg\",\"width\":600,\"height\":800,\"caption\":\"Plaukts-zils-un-oranzs-LongSpan-2700-x-800-x-2000-mm-pamatsekcija-46201\"},{\"@type\":\"BreadcrumbList\",\"@id\":\"https:\/\/storitgroup.com\/lv\/prece\/plaukts-zils-un-oranzs-3-limeni-bez-ieklajuma-h2000-mm-dzilums-800-mm-platums-2700-mm\/#breadcrumb\",\"itemListElement\":[{\"@type\":\"ListItem\",\"position\":1,\"name\":\"S\u0101kumlapa\",\"item\":\"https:\/\/storitgroup.com\/lv\/\"},{\"@type\":\"ListItem\",\"position\":2,\"name\":\"Veikals\",\"item\":\"https:\/\/storitgroup.com\/lv\/veikals\/\"},{\"@type\":\"ListItem\",\"position\":3,\"name\":\"Univers\u0101lie plaukti Longspan\",\"item\":\"https:\/\/storitgroup.com\/lv\/universalie-plaukti-longspan\/\"},{\"@type\":\"ListItem\",\"position\":4,\"name\":\"Plaukts zils un oran\u017es, 3 l\u012bme\u0146i, 2000x800x2700 mm, bez iekl\u0101juma\"}]},{\"@type\":\"WebSite\",\"@id\":\"https:\/\/storitgroup.com\/lv\/#website\",\"url\":\"https:\/\/storitgroup.com\/lv\/\",\"name\":\"Storit\",\"description\":\"\",\"potentialAction\":[{\"@type\":\"SearchAction\",\"target\":{\"@type\":\"EntryPoint\",\"urlTemplate\":\"https:\/\/storitgroup.com\/lv\/?s={search_term_string}\"},\"query-input\":{\"@type\":\"PropertyValueSpecification\",\"valueRequired\":true,\"valueName\":\"search_term_string\"}}],\"inLanguage\":\"lv-LV\"}]}<\/script>\n<!-- \/ Yoast SEO plugin. -->","yoast_head_json":{"title":"Plaukts zils un oran\u017es, 3 l\u012bme\u0146i, 2000x800x2700 mm, bez iekl\u0101juma","description":"Plaukts zils un oran\u017es , Longspan plaukts Kimer, gara laiduma plaukts noliktavai, gar\u017e\u0101s plaukts met\u0101la, Sp\u0101nij\u0101 ra\u017eoti plaukti Kimer zili ar oran\u017eu","robots":{"index":"index","follow":"follow","max-snippet":"max-snippet:-1","max-image-preview":"max-image-preview:large","max-video-preview":"max-video-preview:-1"},"canonical":"https:\/\/storitgroup.com\/lv\/prece\/plaukts-zils-un-oranzs-3-limeni-bez-ieklajuma-h2000-mm-dzilums-800-mm-platums-2700-mm\/","og_locale":"lv_LV","og_type":"article","og_title":"Plaukts zils un oran\u017es, 3 l\u012bme\u0146i, 2000x800x2700 mm, bez iekl\u0101juma","og_description":"Plaukts zils un oran\u017es , Longspan plaukts Kimer, gara laiduma plaukts noliktavai, gar\u017e\u0101s plaukts met\u0101la, Sp\u0101nij\u0101 ra\u017eoti plaukti Kimer zili ar oran\u017eu","og_url":"https:\/\/storitgroup.com\/lv\/prece\/plaukts-zils-un-oranzs-3-limeni-bez-ieklajuma-h2000-mm-dzilums-800-mm-platums-2700-mm\/","og_site_name":"Storit","article_modified_time":"2024-02-28T06:58:58+00:00","og_image":[{"width":600,"height":800,"url":"https:\/\/storitgroup.com\/uploads\/2022\/11\/plaukts-zils-un-oranzs-longspan-2700-x-800-x-2000-mm-pamatsekcija-46201.jpeg","type":"image\/jpeg"}],"twitter_card":"summary_large_image","twitter_misc":{"Est. reading time":"1 minute"},"schema":{"@context":"https:\/\/schema.org","@graph":[{"@type":["WebPage","ItemPage"],"@id":"https:\/\/storitgroup.com\/lv\/prece\/plaukts-zils-un-oranzs-3-limeni-bez-ieklajuma-h2000-mm-dzilums-800-mm-platums-2700-mm\/","url":"https:\/\/storitgroup.com\/lv\/prece\/plaukts-zils-un-oranzs-3-limeni-bez-ieklajuma-h2000-mm-dzilums-800-mm-platums-2700-mm\/","name":"Plaukts zils un oran\u017es, 3 l\u012bme\u0146i, 2000x800x2700 mm, bez iekl\u0101juma","isPartOf":{"@id":"https:\/\/storitgroup.com\/lv\/#website"},"primaryImageOfPage":{"@id":"https:\/\/storitgroup.com\/lv\/prece\/plaukts-zils-un-oranzs-3-limeni-bez-ieklajuma-h2000-mm-dzilums-800-mm-platums-2700-mm\/#primaryimage"},"image":{"@id":"https:\/\/storitgroup.com\/lv\/prece\/plaukts-zils-un-oranzs-3-limeni-bez-ieklajuma-h2000-mm-dzilums-800-mm-platums-2700-mm\/#primaryimage"},"thumbnailUrl":"https:\/\/storitgroup.com\/uploads\/2022\/11\/plaukts-zils-un-oranzs-longspan-2700-x-800-x-2000-mm-pamatsekcija-46201.jpeg","datePublished":"2022-11-14T12:35:09+00:00","dateModified":"2024-02-28T06:58:58+00:00","description":"Plaukts zils un oran\u017es , Longspan plaukts Kimer, gara laiduma plaukts noliktavai, gar\u017e\u0101s plaukts met\u0101la, Sp\u0101nij\u0101 ra\u017eoti plaukti Kimer zili ar oran\u017eu","breadcrumb":{"@id":"https:\/\/storitgroup.com\/lv\/prece\/plaukts-zils-un-oranzs-3-limeni-bez-ieklajuma-h2000-mm-dzilums-800-mm-platums-2700-mm\/#breadcrumb"},"inLanguage":"lv-LV","potentialAction":[{"@type":"ReadAction","target":["https:\/\/storitgroup.com\/lv\/prece\/plaukts-zils-un-oranzs-3-limeni-bez-ieklajuma-h2000-mm-dzilums-800-mm-platums-2700-mm\/"]}]},{"@type":"ImageObject","inLanguage":"lv-LV","@id":"https:\/\/storitgroup.com\/lv\/prece\/plaukts-zils-un-oranzs-3-limeni-bez-ieklajuma-h2000-mm-dzilums-800-mm-platums-2700-mm\/#primaryimage","url":"https:\/\/storitgroup.com\/uploads\/2022\/11\/plaukts-zils-un-oranzs-longspan-2700-x-800-x-2000-mm-pamatsekcija-46201.jpeg","contentUrl":"https:\/\/storitgroup.com\/uploads\/2022\/11\/plaukts-zils-un-oranzs-longspan-2700-x-800-x-2000-mm-pamatsekcija-46201.jpeg","width":600,"height":800,"caption":"Plaukts-zils-un-oranzs-LongSpan-2700-x-800-x-2000-mm-pamatsekcija-46201"},{"@type":"BreadcrumbList","@id":"https:\/\/storitgroup.com\/lv\/prece\/plaukts-zils-un-oranzs-3-limeni-bez-ieklajuma-h2000-mm-dzilums-800-mm-platums-2700-mm\/#breadcrumb","itemListElement":[{"@type":"ListItem","position":1,"name":"S\u0101kumlapa","item":"https:\/\/storitgroup.com\/lv\/"},{"@type":"ListItem","position":2,"name":"Veikals","item":"https:\/\/storitgroup.com\/lv\/veikals\/"},{"@type":"ListItem","position":3,"name":"Univers\u0101lie plaukti Longspan","item":"https:\/\/storitgroup.com\/lv\/universalie-plaukti-longspan\/"},{"@type":"ListItem","position":4,"name":"Plaukts zils un oran\u017es, 3 l\u012bme\u0146i, 2000x800x2700 mm, bez iekl\u0101juma"}]},{"@type":"WebSite","@id":"https:\/\/storitgroup.com\/lv\/#website","url":"https:\/\/storitgroup.com\/lv\/","name":"Storit","description":"","potentialAction":[{"@type":"SearchAction","target":{"@type":"EntryPoint","urlTemplate":"https:\/\/storitgroup.com\/lv\/?s={search_term_string}"},"query-input":{"@type":"PropertyValueSpecification","valueRequired":true,"valueName":"search_term_string"}}],"inLanguage":"lv-LV"}]}},"_links":{"self":[{"href":"https:\/\/storitgroup.com\/lv\/wp-json\/wp\/v2\/product\/201622","targetHints":{"allow":["GET"]}}],"collection":[{"href":"https:\/\/storitgroup.com\/lv\/wp-json\/wp\/v2\/product"}],"about":[{"href":"https:\/\/storitgroup.com\/lv\/wp-json\/wp\/v2\/types\/product"}],"wp:featuredmedia":[{"embeddable":true,"href":"https:\/\/storitgroup.com\/lv\/wp-json\/wp\/v2\/media\/201626"}],"wp:attachment":[{"href":"https:\/\/storitgroup.com\/lv\/wp-json\/wp\/v2\/media?parent=201622"}],"wp:term":[{"taxonomy":"product_brand","embeddable":true,"href":"https:\/\/storitgroup.com\/lv\/wp-json\/wp\/v2\/product_brand?post=201622"},{"taxonomy":"product_cat","embeddable":true,"href":"https:\/\/storitgroup.com\/lv\/wp-json\/wp\/v2\/product_cat?post=201622"},{"taxonomy":"product_tag","embeddable":true,"href":"https:\/\/storitgroup.com\/lv\/wp-json\/wp\/v2\/product_tag?post=201622"}],"curies":[{"name":"wp","href":"https:\/\/api.w.org\/{rel}","templated":true}]}}