{"id":199501,"date":"2022-10-18T13:10:10","date_gmt":"2022-10-18T10:10:10","guid":{"rendered":"https:\/\/storitgroup.com\/?post_type=product&#038;p=199501"},"modified":"2024-02-28T08:15:19","modified_gmt":"2024-02-28T06:15:19","slug":"kimer-plaukts-longspan-3-limeni-bez-ieklajuma","status":"publish","type":"product","link":"https:\/\/storitgroup.com\/lv\/prece\/kimer-plaukts-longspan-3-limeni-bez-ieklajuma\/","title":{"rendered":"Kimer plaukts Longspan, 3 l\u012bme\u0146i, H2000x600x1850 mm, bez iekl\u0101juma"},"content":{"rendered":"<p>Augstums:\u00a0<strong>2000 mm<\/strong><\/p>\n<p>Dzi\u013cums:\u00a0<strong>600 mm<\/strong><\/p>\n<p>Platums:\u00a0<strong>2000 mm <\/strong>(kop\u0101 ar plaukta balstiem)<\/p>\n<p>3 plauktu l\u012bme\u0146i<\/p>\n<p>Katra plauktu l\u012bme\u0146a kravnes\u012bba:<strong>\u00a0530 kg <\/strong>(vienm\u0113r\u012bgi izklied\u0113ta svara)<\/p>\n<p>Plauktu l\u012bme\u0146u regul\u0113\u0161anas solis:\u00a050 mm<\/p>\n<p>Karkasa kr\u0101sa:\u00a0Tum\u0161i zila \/ oran\u017ea<\/p>\n","protected":false},"excerpt":{"rendered":"<p>Augstums:\u00a02000 mm Dzi\u013cums:\u00a0600 mm Platums:\u00a02000 mm (kop\u0101 ar plaukta balstiem) 3 plauktu l\u012bme\u0146i Katra plauktu l\u012bme\u0146a kravnes\u012bba:\u00a0530 kg (vienm\u0113r\u012bgi izklied\u0113ta svara) Plauktu l\u012bme\u0146u regul\u0113\u0161anas solis:\u00a050 mm Karkasa kr\u0101sa:\u00a0Tum\u0161i zila \/ oran\u017ea<\/p>\n","protected":false},"featured_media":199504,"template":"","meta":{"_acf_changed":false},"product_brand":[],"product_cat":[8334],"product_tag":[],"class_list":{"0":"post-199501","1":"product","2":"type-product","3":"status-publish","4":"has-post-thumbnail","6":"product_cat-universalie-plaukti-longspan","8":"first","9":"instock","10":"sale","11":"taxable","12":"shipping-taxable","13":"purchasable","14":"product-type-variable","15":"has-default-attributes"},"acf":[],"yoast_head":"<!-- This site is optimized with the Yoast SEO plugin v27.3 - https:\/\/yoast.com\/product\/yoast-seo-wordpress\/ -->\n<title>Kimer Longspan plaukts &#8226; 3 l\u012bme\u0146i, bez iekl\u0101juma &#8226; Storit LV<\/title>\n<meta name=\"description\" content=\"Kimer plaukts Longspan - univers\u0101la plauktu sist\u0113ma. Pieejami uz vietas da\u017e\u0101dos izm\u0113ros. Apskati pied\u0101v\u0101jumus m\u0101jaslap\u0101 vai zvani uz 2659959!\" \/>\n<meta name=\"robots\" content=\"index, follow, max-snippet:-1, max-image-preview:large, max-video-preview:-1\" \/>\n<link rel=\"canonical\" href=\"https:\/\/storitgroup.com\/lv\/prece\/kimer-plaukts-longspan-3-limeni-bez-ieklajuma\/\" \/>\n<meta property=\"og:locale\" content=\"lv_LV\" \/>\n<meta property=\"og:type\" content=\"article\" \/>\n<meta property=\"og:title\" content=\"Kimer Longspan plaukts &#8226; 3 l\u012bme\u0146i, bez iekl\u0101juma &#8226; Storit LV\" \/>\n<meta property=\"og:description\" content=\"Kimer plaukts Longspan - univers\u0101la plauktu sist\u0113ma. Pieejami uz vietas da\u017e\u0101dos izm\u0113ros. Apskati pied\u0101v\u0101jumus m\u0101jaslap\u0101 vai zvani uz 2659959!\" \/>\n<meta property=\"og:url\" content=\"https:\/\/storitgroup.com\/lv\/prece\/kimer-plaukts-longspan-3-limeni-bez-ieklajuma\/\" \/>\n<meta property=\"og:site_name\" content=\"Storit\" \/>\n<meta property=\"article:modified_time\" content=\"2024-02-28T06:15:19+00:00\" \/>\n<meta property=\"og:image\" content=\"https:\/\/storitgroup.com\/uploads\/2022\/10\/kimer-plaukts-longspan-1850x2000x600-mm-3-plaukti-pamatsekcija.jpeg\" \/>\n\t<meta property=\"og:image:width\" content=\"600\" \/>\n\t<meta property=\"og:image:height\" content=\"800\" \/>\n\t<meta property=\"og:image:type\" content=\"image\/jpeg\" \/>\n<meta name=\"twitter:card\" content=\"summary_large_image\" \/>\n<script type=\"application\/ld+json\" class=\"yoast-schema-graph\">{\"@context\":\"https:\\\/\\\/schema.org\",\"@graph\":[{\"@type\":[\"WebPage\",\"ItemPage\"],\"@id\":\"https:\\\/\\\/storitgroup.com\\\/lv\\\/prece\\\/kimer-plaukts-longspan-3-limeni-bez-ieklajuma\\\/\",\"url\":\"https:\\\/\\\/storitgroup.com\\\/lv\\\/prece\\\/kimer-plaukts-longspan-3-limeni-bez-ieklajuma\\\/\",\"name\":\"Kimer Longspan plaukts &#8226; 3 l\u012bme\u0146i, bez iekl\u0101juma &#8226; Storit LV\",\"isPartOf\":{\"@id\":\"https:\\\/\\\/storitgroup.com\\\/lv\\\/#website\"},\"primaryImageOfPage\":{\"@id\":\"https:\\\/\\\/storitgroup.com\\\/lv\\\/prece\\\/kimer-plaukts-longspan-3-limeni-bez-ieklajuma\\\/#primaryimage\"},\"image\":{\"@id\":\"https:\\\/\\\/storitgroup.com\\\/lv\\\/prece\\\/kimer-plaukts-longspan-3-limeni-bez-ieklajuma\\\/#primaryimage\"},\"thumbnailUrl\":\"https:\\\/\\\/storitgroup.com\\\/uploads\\\/2022\\\/10\\\/kimer-plaukts-longspan-1850x2000x600-mm-3-plaukti-pamatsekcija.jpeg\",\"datePublished\":\"2022-10-18T10:10:10+00:00\",\"dateModified\":\"2024-02-28T06:15:19+00:00\",\"description\":\"Kimer plaukts Longspan - univers\u0101la plauktu sist\u0113ma. Pieejami uz vietas da\u017e\u0101dos izm\u0113ros. Apskati pied\u0101v\u0101jumus m\u0101jaslap\u0101 vai zvani uz 2659959!\",\"breadcrumb\":{\"@id\":\"https:\\\/\\\/storitgroup.com\\\/lv\\\/prece\\\/kimer-plaukts-longspan-3-limeni-bez-ieklajuma\\\/#breadcrumb\"},\"inLanguage\":\"lv-LV\",\"potentialAction\":[{\"@type\":\"ReadAction\",\"target\":[\"https:\\\/\\\/storitgroup.com\\\/lv\\\/prece\\\/kimer-plaukts-longspan-3-limeni-bez-ieklajuma\\\/\"]}]},{\"@type\":\"ImageObject\",\"inLanguage\":\"lv-LV\",\"@id\":\"https:\\\/\\\/storitgroup.com\\\/lv\\\/prece\\\/kimer-plaukts-longspan-3-limeni-bez-ieklajuma\\\/#primaryimage\",\"url\":\"https:\\\/\\\/storitgroup.com\\\/uploads\\\/2022\\\/10\\\/kimer-plaukts-longspan-1850x2000x600-mm-3-plaukti-pamatsekcija.jpeg\",\"contentUrl\":\"https:\\\/\\\/storitgroup.com\\\/uploads\\\/2022\\\/10\\\/kimer-plaukts-longspan-1850x2000x600-mm-3-plaukti-pamatsekcija.jpeg\",\"width\":600,\"height\":800},{\"@type\":\"BreadcrumbList\",\"@id\":\"https:\\\/\\\/storitgroup.com\\\/lv\\\/prece\\\/kimer-plaukts-longspan-3-limeni-bez-ieklajuma\\\/#breadcrumb\",\"itemListElement\":[{\"@type\":\"ListItem\",\"position\":1,\"name\":\"S\u0101kumlapa\",\"item\":\"https:\\\/\\\/storitgroup.com\\\/lv\\\/\"},{\"@type\":\"ListItem\",\"position\":2,\"name\":\"Veikals\",\"item\":\"https:\\\/\\\/storitgroup.com\\\/lv\\\/veikals\\\/\"},{\"@type\":\"ListItem\",\"position\":3,\"name\":\"Univers\u0101lie plaukti Longspan\",\"item\":\"https:\\\/\\\/storitgroup.com\\\/lv\\\/universalie-plaukti-longspan\\\/\"},{\"@type\":\"ListItem\",\"position\":4,\"name\":\"Kimer plaukts Longspan, 3 l\u012bme\u0146i, H2000x600x1850 mm, bez iekl\u0101juma\"}]},{\"@type\":\"WebSite\",\"@id\":\"https:\\\/\\\/storitgroup.com\\\/lv\\\/#website\",\"url\":\"https:\\\/\\\/storitgroup.com\\\/lv\\\/\",\"name\":\"Storit\",\"description\":\"\",\"potentialAction\":[{\"@type\":\"SearchAction\",\"target\":{\"@type\":\"EntryPoint\",\"urlTemplate\":\"https:\\\/\\\/storitgroup.com\\\/lv\\\/?s={search_term_string}\"},\"query-input\":{\"@type\":\"PropertyValueSpecification\",\"valueRequired\":true,\"valueName\":\"search_term_string\"}}],\"inLanguage\":\"lv-LV\"}]}<\/script>\n<!-- \/ Yoast SEO plugin. -->","yoast_head_json":{"title":"Kimer Longspan plaukts &#8226; 3 l\u012bme\u0146i, bez iekl\u0101juma &#8226; Storit LV","description":"Kimer plaukts Longspan - univers\u0101la plauktu sist\u0113ma. Pieejami uz vietas da\u017e\u0101dos izm\u0113ros. Apskati pied\u0101v\u0101jumus m\u0101jaslap\u0101 vai zvani uz 2659959!","robots":{"index":"index","follow":"follow","max-snippet":"max-snippet:-1","max-image-preview":"max-image-preview:large","max-video-preview":"max-video-preview:-1"},"canonical":"https:\/\/storitgroup.com\/lv\/prece\/kimer-plaukts-longspan-3-limeni-bez-ieklajuma\/","og_locale":"lv_LV","og_type":"article","og_title":"Kimer Longspan plaukts &#8226; 3 l\u012bme\u0146i, bez iekl\u0101juma &#8226; Storit LV","og_description":"Kimer plaukts Longspan - univers\u0101la plauktu sist\u0113ma. Pieejami uz vietas da\u017e\u0101dos izm\u0113ros. Apskati pied\u0101v\u0101jumus m\u0101jaslap\u0101 vai zvani uz 2659959!","og_url":"https:\/\/storitgroup.com\/lv\/prece\/kimer-plaukts-longspan-3-limeni-bez-ieklajuma\/","og_site_name":"Storit","article_modified_time":"2024-02-28T06:15:19+00:00","og_image":[{"width":600,"height":800,"url":"https:\/\/storitgroup.com\/uploads\/2022\/10\/kimer-plaukts-longspan-1850x2000x600-mm-3-plaukti-pamatsekcija.jpeg","type":"image\/jpeg"}],"twitter_card":"summary_large_image","schema":{"@context":"https:\/\/schema.org","@graph":[{"@type":["WebPage","ItemPage"],"@id":"https:\/\/storitgroup.com\/lv\/prece\/kimer-plaukts-longspan-3-limeni-bez-ieklajuma\/","url":"https:\/\/storitgroup.com\/lv\/prece\/kimer-plaukts-longspan-3-limeni-bez-ieklajuma\/","name":"Kimer Longspan plaukts &#8226; 3 l\u012bme\u0146i, bez iekl\u0101juma &#8226; Storit LV","isPartOf":{"@id":"https:\/\/storitgroup.com\/lv\/#website"},"primaryImageOfPage":{"@id":"https:\/\/storitgroup.com\/lv\/prece\/kimer-plaukts-longspan-3-limeni-bez-ieklajuma\/#primaryimage"},"image":{"@id":"https:\/\/storitgroup.com\/lv\/prece\/kimer-plaukts-longspan-3-limeni-bez-ieklajuma\/#primaryimage"},"thumbnailUrl":"https:\/\/storitgroup.com\/uploads\/2022\/10\/kimer-plaukts-longspan-1850x2000x600-mm-3-plaukti-pamatsekcija.jpeg","datePublished":"2022-10-18T10:10:10+00:00","dateModified":"2024-02-28T06:15:19+00:00","description":"Kimer plaukts Longspan - univers\u0101la plauktu sist\u0113ma. Pieejami uz vietas da\u017e\u0101dos izm\u0113ros. Apskati pied\u0101v\u0101jumus m\u0101jaslap\u0101 vai zvani uz 2659959!","breadcrumb":{"@id":"https:\/\/storitgroup.com\/lv\/prece\/kimer-plaukts-longspan-3-limeni-bez-ieklajuma\/#breadcrumb"},"inLanguage":"lv-LV","potentialAction":[{"@type":"ReadAction","target":["https:\/\/storitgroup.com\/lv\/prece\/kimer-plaukts-longspan-3-limeni-bez-ieklajuma\/"]}]},{"@type":"ImageObject","inLanguage":"lv-LV","@id":"https:\/\/storitgroup.com\/lv\/prece\/kimer-plaukts-longspan-3-limeni-bez-ieklajuma\/#primaryimage","url":"https:\/\/storitgroup.com\/uploads\/2022\/10\/kimer-plaukts-longspan-1850x2000x600-mm-3-plaukti-pamatsekcija.jpeg","contentUrl":"https:\/\/storitgroup.com\/uploads\/2022\/10\/kimer-plaukts-longspan-1850x2000x600-mm-3-plaukti-pamatsekcija.jpeg","width":600,"height":800},{"@type":"BreadcrumbList","@id":"https:\/\/storitgroup.com\/lv\/prece\/kimer-plaukts-longspan-3-limeni-bez-ieklajuma\/#breadcrumb","itemListElement":[{"@type":"ListItem","position":1,"name":"S\u0101kumlapa","item":"https:\/\/storitgroup.com\/lv\/"},{"@type":"ListItem","position":2,"name":"Veikals","item":"https:\/\/storitgroup.com\/lv\/veikals\/"},{"@type":"ListItem","position":3,"name":"Univers\u0101lie plaukti Longspan","item":"https:\/\/storitgroup.com\/lv\/universalie-plaukti-longspan\/"},{"@type":"ListItem","position":4,"name":"Kimer plaukts Longspan, 3 l\u012bme\u0146i, H2000x600x1850 mm, bez iekl\u0101juma"}]},{"@type":"WebSite","@id":"https:\/\/storitgroup.com\/lv\/#website","url":"https:\/\/storitgroup.com\/lv\/","name":"Storit","description":"","potentialAction":[{"@type":"SearchAction","target":{"@type":"EntryPoint","urlTemplate":"https:\/\/storitgroup.com\/lv\/?s={search_term_string}"},"query-input":{"@type":"PropertyValueSpecification","valueRequired":true,"valueName":"search_term_string"}}],"inLanguage":"lv-LV"}]}},"_links":{"self":[{"href":"https:\/\/storitgroup.com\/lv\/wp-json\/wp\/v2\/product\/199501","targetHints":{"allow":["GET"]}}],"collection":[{"href":"https:\/\/storitgroup.com\/lv\/wp-json\/wp\/v2\/product"}],"about":[{"href":"https:\/\/storitgroup.com\/lv\/wp-json\/wp\/v2\/types\/product"}],"wp:featuredmedia":[{"embeddable":true,"href":"https:\/\/storitgroup.com\/lv\/wp-json\/wp\/v2\/media\/199504"}],"wp:attachment":[{"href":"https:\/\/storitgroup.com\/lv\/wp-json\/wp\/v2\/media?parent=199501"}],"wp:term":[{"taxonomy":"product_brand","embeddable":true,"href":"https:\/\/storitgroup.com\/lv\/wp-json\/wp\/v2\/product_brand?post=199501"},{"taxonomy":"product_cat","embeddable":true,"href":"https:\/\/storitgroup.com\/lv\/wp-json\/wp\/v2\/product_cat?post=199501"},{"taxonomy":"product_tag","embeddable":true,"href":"https:\/\/storitgroup.com\/lv\/wp-json\/wp\/v2\/product_tag?post=199501"}],"curies":[{"name":"wp","href":"https:\/\/api.w.org\/{rel}","templated":true}]}}