{"id":199385,"date":"2022-10-07T13:50:07","date_gmt":"2022-10-07T10:50:07","guid":{"rendered":"https:\/\/storitgroup.com\/?post_type=product&#038;p=199385"},"modified":"2022-10-07T13:50:08","modified_gmt":"2022-10-07T10:50:08","slug":"termo-aizkaru-stiprinajuma-liste-zn","status":"publish","type":"product","link":"https:\/\/storitgroup.com\/lv\/prece\/termo-aizkaru-stiprinajuma-liste-zn\/","title":{"rendered":"Termo aizkaru stiprin\u0101juma l\u012bste, Zn"},"content":{"rendered":"<p>Cena: \u20ac 21,85 par teko\u0161o metru<\/p>\n<p>&nbsp;<\/p>\n<p>Garums: 1250 mm;<\/p>\n<p>Materi\u0101ls: cinkots (Zn) met\u0101ls;<\/p>\n<p>Solis: 50mm;<\/p>\n<p>Komplekt\u0101 kniedes.<\/p>\n<p>&nbsp;<\/p>\n<p>Katru skoksni var viegli no\u0146emt, kad main\u0101s laika apst\u0101k\u013ci un paliek silt\u0101ks. Vai ar\u012b viegli var pamain\u012bt aizkaru bl\u012bvumu, saliekot tos bie\u017e\u0101k vai ret\u0101k.<\/p>\n<p>Atbilsto\u0161i J\u016bsu ailes izm\u0113ram piegriez\u012bsim\u00a0aizkaru sloksnes, stiprin\u0101\u0161anas profilus vai \u201c\u0137emmi\u201d un attiec\u012bgajam karin\u0101\u0161anas veidam sagatavosim slok\u0161\u0146u da\u013cas: parastaj\u0101 stiprin\u0101\u0161anas variant\u0101 \u2013 saurbsim\u00a0stiprin\u0101\u0161anas atveres;\u00a0\u201c\u0137emmei\u201d \u2013 pieknied\u0113sim sloksnes pie pl\u0101ksn\u0113m.<\/p>\n","protected":false},"excerpt":{"rendered":"<p>Cena: \u20ac 21,85 par teko\u0161o metru &nbsp; Garums: 1250 mm; Materi\u0101ls: cinkots (Zn) met\u0101ls; Solis: 50mm; Komplekt\u0101 kniedes. &nbsp; Katru skoksni var viegli no\u0146emt, kad main\u0101s laika apst\u0101k\u013ci un paliek silt\u0101ks. Vai ar\u012b viegli var pamain\u012bt aizkaru bl\u012bvumu, saliekot tos bie\u017e\u0101k vai ret\u0101k. Atbilsto\u0161i J\u016bsu ailes izm\u0113ram piegriez\u012bsim\u00a0aizkaru sloksnes, stiprin\u0101\u0161anas profilus vai \u201c\u0137emmi\u201d un attiec\u012bgajam [&hellip;]<\/p>\n","protected":false},"featured_media":199389,"template":"","meta":{"_acf_changed":false},"product_brand":[],"product_cat":[7488],"product_tag":[],"class_list":{"0":"post-199385","1":"product","2":"type-product","3":"status-publish","4":"has-post-thumbnail","6":"product_cat-pvc-sloksnu-aizkari","8":"first","9":"instock","10":"sale","11":"taxable","12":"shipping-taxable","13":"purchasable","14":"product-type-variable","15":"has-default-attributes"},"acf":[],"yoast_head":"<!-- This site is optimized with the Yoast SEO plugin v27.3 - https:\/\/yoast.com\/product\/yoast-seo-wordpress\/ -->\n<title>Termo aizkaru stiprin\u0101juma l\u012bste, Zn &#8226; Storit<\/title>\n<meta name=\"description\" content=\"Termo aizkaru stiprin\u0101juma l\u012bste, pvc aizkaru stiprin\u0101jums, kron\u0161teins slok\u0161\u0146u aizkariem, slok\u0161\u0146veida aizkaru l\u012bste, l\u012bste noliktavu aizkariem\" \/>\n<meta name=\"robots\" content=\"index, follow, max-snippet:-1, max-image-preview:large, max-video-preview:-1\" \/>\n<link rel=\"canonical\" href=\"https:\/\/storitgroup.com\/lv\/prece\/termo-aizkaru-stiprinajuma-liste-zn\/\" \/>\n<meta property=\"og:locale\" content=\"lv_LV\" \/>\n<meta property=\"og:type\" content=\"article\" \/>\n<meta property=\"og:title\" content=\"Termo aizkaru stiprin\u0101juma l\u012bste, Zn &#8226; Storit\" \/>\n<meta property=\"og:description\" content=\"Termo aizkaru stiprin\u0101juma l\u012bste, pvc aizkaru stiprin\u0101jums, kron\u0161teins slok\u0161\u0146u aizkariem, slok\u0161\u0146veida aizkaru l\u012bste, l\u012bste noliktavu aizkariem\" \/>\n<meta property=\"og:url\" content=\"https:\/\/storitgroup.com\/lv\/prece\/termo-aizkaru-stiprinajuma-liste-zn\/\" \/>\n<meta property=\"og:site_name\" content=\"Storit\" \/>\n<meta property=\"article:modified_time\" content=\"2022-10-07T10:50:08+00:00\" \/>\n<meta property=\"og:image\" content=\"https:\/\/storitgroup.com\/uploads\/2022\/10\/termo-aizkaru-stiprinajuma-liste-pvc-aizkariem.jpeg\" \/>\n\t<meta property=\"og:image:width\" content=\"2560\" \/>\n\t<meta property=\"og:image:height\" content=\"1920\" \/>\n\t<meta property=\"og:image:type\" content=\"image\/jpeg\" \/>\n<meta name=\"twitter:card\" content=\"summary_large_image\" \/>\n<script type=\"application\/ld+json\" class=\"yoast-schema-graph\">{\"@context\":\"https:\\\/\\\/schema.org\",\"@graph\":[{\"@type\":[\"WebPage\",\"ItemPage\"],\"@id\":\"https:\\\/\\\/storitgroup.com\\\/lv\\\/prece\\\/termo-aizkaru-stiprinajuma-liste-zn\\\/\",\"url\":\"https:\\\/\\\/storitgroup.com\\\/lv\\\/prece\\\/termo-aizkaru-stiprinajuma-liste-zn\\\/\",\"name\":\"Termo aizkaru stiprin\u0101juma l\u012bste, Zn &#8226; Storit\",\"isPartOf\":{\"@id\":\"https:\\\/\\\/storitgroup.com\\\/lv\\\/#website\"},\"primaryImageOfPage\":{\"@id\":\"https:\\\/\\\/storitgroup.com\\\/lv\\\/prece\\\/termo-aizkaru-stiprinajuma-liste-zn\\\/#primaryimage\"},\"image\":{\"@id\":\"https:\\\/\\\/storitgroup.com\\\/lv\\\/prece\\\/termo-aizkaru-stiprinajuma-liste-zn\\\/#primaryimage\"},\"thumbnailUrl\":\"https:\\\/\\\/storitgroup.com\\\/uploads\\\/2022\\\/10\\\/termo-aizkaru-stiprinajuma-liste-pvc-aizkariem.jpeg\",\"datePublished\":\"2022-10-07T10:50:07+00:00\",\"dateModified\":\"2022-10-07T10:50:08+00:00\",\"description\":\"Termo aizkaru stiprin\u0101juma l\u012bste, pvc aizkaru stiprin\u0101jums, kron\u0161teins slok\u0161\u0146u aizkariem, slok\u0161\u0146veida aizkaru l\u012bste, l\u012bste noliktavu aizkariem\",\"breadcrumb\":{\"@id\":\"https:\\\/\\\/storitgroup.com\\\/lv\\\/prece\\\/termo-aizkaru-stiprinajuma-liste-zn\\\/#breadcrumb\"},\"inLanguage\":\"lv-LV\",\"potentialAction\":[{\"@type\":\"ReadAction\",\"target\":[\"https:\\\/\\\/storitgroup.com\\\/lv\\\/prece\\\/termo-aizkaru-stiprinajuma-liste-zn\\\/\"]}]},{\"@type\":\"ImageObject\",\"inLanguage\":\"lv-LV\",\"@id\":\"https:\\\/\\\/storitgroup.com\\\/lv\\\/prece\\\/termo-aizkaru-stiprinajuma-liste-zn\\\/#primaryimage\",\"url\":\"https:\\\/\\\/storitgroup.com\\\/uploads\\\/2022\\\/10\\\/termo-aizkaru-stiprinajuma-liste-pvc-aizkariem.jpeg\",\"contentUrl\":\"https:\\\/\\\/storitgroup.com\\\/uploads\\\/2022\\\/10\\\/termo-aizkaru-stiprinajuma-liste-pvc-aizkariem.jpeg\",\"width\":2560,\"height\":1920,\"caption\":\"Termo-aizkaru-Stiprinajuma-liste-PVC-aizkariem\"},{\"@type\":\"BreadcrumbList\",\"@id\":\"https:\\\/\\\/storitgroup.com\\\/lv\\\/prece\\\/termo-aizkaru-stiprinajuma-liste-zn\\\/#breadcrumb\",\"itemListElement\":[{\"@type\":\"ListItem\",\"position\":1,\"name\":\"S\u0101kumlapa\",\"item\":\"https:\\\/\\\/storitgroup.com\\\/lv\\\/\"},{\"@type\":\"ListItem\",\"position\":2,\"name\":\"Veikals\",\"item\":\"https:\\\/\\\/storitgroup.com\\\/lv\\\/veikals\\\/\"},{\"@type\":\"ListItem\",\"position\":3,\"name\":\"PVC slok\u0161\u0146u aizkari\",\"item\":\"https:\\\/\\\/storitgroup.com\\\/lv\\\/pvc-sloksnu-aizkari\\\/\"},{\"@type\":\"ListItem\",\"position\":4,\"name\":\"Termo aizkaru stiprin\u0101juma l\u012bste, Zn\"}]},{\"@type\":\"WebSite\",\"@id\":\"https:\\\/\\\/storitgroup.com\\\/lv\\\/#website\",\"url\":\"https:\\\/\\\/storitgroup.com\\\/lv\\\/\",\"name\":\"Storit\",\"description\":\"\",\"potentialAction\":[{\"@type\":\"SearchAction\",\"target\":{\"@type\":\"EntryPoint\",\"urlTemplate\":\"https:\\\/\\\/storitgroup.com\\\/lv\\\/?s={search_term_string}\"},\"query-input\":{\"@type\":\"PropertyValueSpecification\",\"valueRequired\":true,\"valueName\":\"search_term_string\"}}],\"inLanguage\":\"lv-LV\"}]}<\/script>\n<!-- \/ Yoast SEO plugin. -->","yoast_head_json":{"title":"Termo aizkaru stiprin\u0101juma l\u012bste, Zn &#8226; Storit","description":"Termo aizkaru stiprin\u0101juma l\u012bste, pvc aizkaru stiprin\u0101jums, kron\u0161teins slok\u0161\u0146u aizkariem, slok\u0161\u0146veida aizkaru l\u012bste, l\u012bste noliktavu aizkariem","robots":{"index":"index","follow":"follow","max-snippet":"max-snippet:-1","max-image-preview":"max-image-preview:large","max-video-preview":"max-video-preview:-1"},"canonical":"https:\/\/storitgroup.com\/lv\/prece\/termo-aizkaru-stiprinajuma-liste-zn\/","og_locale":"lv_LV","og_type":"article","og_title":"Termo aizkaru stiprin\u0101juma l\u012bste, Zn &#8226; Storit","og_description":"Termo aizkaru stiprin\u0101juma l\u012bste, pvc aizkaru stiprin\u0101jums, kron\u0161teins slok\u0161\u0146u aizkariem, slok\u0161\u0146veida aizkaru l\u012bste, l\u012bste noliktavu aizkariem","og_url":"https:\/\/storitgroup.com\/lv\/prece\/termo-aizkaru-stiprinajuma-liste-zn\/","og_site_name":"Storit","article_modified_time":"2022-10-07T10:50:08+00:00","og_image":[{"width":2560,"height":1920,"url":"https:\/\/storitgroup.com\/uploads\/2022\/10\/termo-aizkaru-stiprinajuma-liste-pvc-aizkariem.jpeg","type":"image\/jpeg"}],"twitter_card":"summary_large_image","schema":{"@context":"https:\/\/schema.org","@graph":[{"@type":["WebPage","ItemPage"],"@id":"https:\/\/storitgroup.com\/lv\/prece\/termo-aizkaru-stiprinajuma-liste-zn\/","url":"https:\/\/storitgroup.com\/lv\/prece\/termo-aizkaru-stiprinajuma-liste-zn\/","name":"Termo aizkaru stiprin\u0101juma l\u012bste, Zn &#8226; Storit","isPartOf":{"@id":"https:\/\/storitgroup.com\/lv\/#website"},"primaryImageOfPage":{"@id":"https:\/\/storitgroup.com\/lv\/prece\/termo-aizkaru-stiprinajuma-liste-zn\/#primaryimage"},"image":{"@id":"https:\/\/storitgroup.com\/lv\/prece\/termo-aizkaru-stiprinajuma-liste-zn\/#primaryimage"},"thumbnailUrl":"https:\/\/storitgroup.com\/uploads\/2022\/10\/termo-aizkaru-stiprinajuma-liste-pvc-aizkariem.jpeg","datePublished":"2022-10-07T10:50:07+00:00","dateModified":"2022-10-07T10:50:08+00:00","description":"Termo aizkaru stiprin\u0101juma l\u012bste, pvc aizkaru stiprin\u0101jums, kron\u0161teins slok\u0161\u0146u aizkariem, slok\u0161\u0146veida aizkaru l\u012bste, l\u012bste noliktavu aizkariem","breadcrumb":{"@id":"https:\/\/storitgroup.com\/lv\/prece\/termo-aizkaru-stiprinajuma-liste-zn\/#breadcrumb"},"inLanguage":"lv-LV","potentialAction":[{"@type":"ReadAction","target":["https:\/\/storitgroup.com\/lv\/prece\/termo-aizkaru-stiprinajuma-liste-zn\/"]}]},{"@type":"ImageObject","inLanguage":"lv-LV","@id":"https:\/\/storitgroup.com\/lv\/prece\/termo-aizkaru-stiprinajuma-liste-zn\/#primaryimage","url":"https:\/\/storitgroup.com\/uploads\/2022\/10\/termo-aizkaru-stiprinajuma-liste-pvc-aizkariem.jpeg","contentUrl":"https:\/\/storitgroup.com\/uploads\/2022\/10\/termo-aizkaru-stiprinajuma-liste-pvc-aizkariem.jpeg","width":2560,"height":1920,"caption":"Termo-aizkaru-Stiprinajuma-liste-PVC-aizkariem"},{"@type":"BreadcrumbList","@id":"https:\/\/storitgroup.com\/lv\/prece\/termo-aizkaru-stiprinajuma-liste-zn\/#breadcrumb","itemListElement":[{"@type":"ListItem","position":1,"name":"S\u0101kumlapa","item":"https:\/\/storitgroup.com\/lv\/"},{"@type":"ListItem","position":2,"name":"Veikals","item":"https:\/\/storitgroup.com\/lv\/veikals\/"},{"@type":"ListItem","position":3,"name":"PVC slok\u0161\u0146u aizkari","item":"https:\/\/storitgroup.com\/lv\/pvc-sloksnu-aizkari\/"},{"@type":"ListItem","position":4,"name":"Termo aizkaru stiprin\u0101juma l\u012bste, Zn"}]},{"@type":"WebSite","@id":"https:\/\/storitgroup.com\/lv\/#website","url":"https:\/\/storitgroup.com\/lv\/","name":"Storit","description":"","potentialAction":[{"@type":"SearchAction","target":{"@type":"EntryPoint","urlTemplate":"https:\/\/storitgroup.com\/lv\/?s={search_term_string}"},"query-input":{"@type":"PropertyValueSpecification","valueRequired":true,"valueName":"search_term_string"}}],"inLanguage":"lv-LV"}]}},"_links":{"self":[{"href":"https:\/\/storitgroup.com\/lv\/wp-json\/wp\/v2\/product\/199385","targetHints":{"allow":["GET"]}}],"collection":[{"href":"https:\/\/storitgroup.com\/lv\/wp-json\/wp\/v2\/product"}],"about":[{"href":"https:\/\/storitgroup.com\/lv\/wp-json\/wp\/v2\/types\/product"}],"wp:featuredmedia":[{"embeddable":true,"href":"https:\/\/storitgroup.com\/lv\/wp-json\/wp\/v2\/media\/199389"}],"wp:attachment":[{"href":"https:\/\/storitgroup.com\/lv\/wp-json\/wp\/v2\/media?parent=199385"}],"wp:term":[{"taxonomy":"product_brand","embeddable":true,"href":"https:\/\/storitgroup.com\/lv\/wp-json\/wp\/v2\/product_brand?post=199385"},{"taxonomy":"product_cat","embeddable":true,"href":"https:\/\/storitgroup.com\/lv\/wp-json\/wp\/v2\/product_cat?post=199385"},{"taxonomy":"product_tag","embeddable":true,"href":"https:\/\/storitgroup.com\/lv\/wp-json\/wp\/v2\/product_tag?post=199385"}],"curies":[{"name":"wp","href":"https:\/\/api.w.org\/{rel}","templated":true}]}}