{"id":199334,"date":"2022-10-07T13:04:31","date_gmt":"2022-10-07T10:04:31","guid":{"rendered":"https:\/\/storitgroup.com\/?post_type=product&#038;p=199334"},"modified":"2025-12-05T07:40:26","modified_gmt":"2025-12-05T05:40:26","slug":"pvc-aizkaru-plaksne","status":"publish","type":"product","link":"https:\/\/storitgroup.com\/lv\/prece\/pvc-aizkaru-plaksne\/","title":{"rendered":"PVC aizkaru pl\u0101ksne, 300 mm"},"content":{"rendered":"<p><strong>Garums:<\/strong> 300 mm;<\/p>\n<p><strong>Augstums:<\/strong> 45 mm;<\/p>\n<p><strong>Materi\u0101ls:<\/strong> ner\u016bs\u0113jo\u0161ais t\u0113rauds;<\/p>\n<p>Komplekt\u0101 kniedes.<\/p>\n<p>&nbsp;<\/p>\n<p>Katru skoksni var viegli no\u0146emt, kad main\u0101s laika apst\u0101k\u013ci un paliek silt\u0101ks. Vai ar\u012b viegli var pamain\u012bt aizkaru bl\u012bvumu, saliekot tos bie\u017e\u0101k vai ret\u0101k.<\/p>\n<p>&nbsp;<\/p>\n<p>Atbilsto\u0161i J\u016bsu ailes izm\u0113ram piegriez\u012bsim\u00a0aizkaru sloksnes, stiprin\u0101\u0161anas profilus vai \u201c\u0137emmi\u201d un attiec\u012bgajam karin\u0101\u0161anas veidam sagatavosim slok\u0161\u0146u da\u013cas: parastaj\u0101 stiprin\u0101\u0161anas variant\u0101 \u2013 saurbsim\u00a0stiprin\u0101\u0161anas atveres;\u00a0\u201c\u0137emmei\u201d \u2013 pieknied\u0113sim sloksnes pie pl\u0101ksn\u0113m.<\/p>\n","protected":false},"excerpt":{"rendered":"<p>Garums: 300 mm; Augstums: 45 mm; Materi\u0101ls: ner\u016bs\u0113jo\u0161ais t\u0113rauds; Komplekt\u0101 kniedes. &nbsp; Katru skoksni var viegli no\u0146emt, kad main\u0101s laika apst\u0101k\u013ci un paliek silt\u0101ks. Vai ar\u012b viegli var pamain\u012bt aizkaru bl\u012bvumu, saliekot tos bie\u017e\u0101k vai ret\u0101k. &nbsp; Atbilsto\u0161i J\u016bsu ailes izm\u0113ram piegriez\u012bsim\u00a0aizkaru sloksnes, stiprin\u0101\u0161anas profilus vai \u201c\u0137emmi\u201d un attiec\u012bgajam karin\u0101\u0161anas veidam sagatavosim slok\u0161\u0146u da\u013cas: parastaj\u0101 [&hellip;]<\/p>\n","protected":false},"featured_media":199350,"template":"","meta":{"_acf_changed":false},"product_brand":[],"product_cat":[7488],"product_tag":[],"class_list":{"0":"post-199334","1":"product","2":"type-product","3":"status-publish","4":"has-post-thumbnail","6":"product_cat-pvc-sloksnu-aizkari","8":"first","9":"instock","10":"taxable","11":"shipping-taxable","12":"purchasable","13":"product-type-simple"},"acf":[],"yoast_head":"<!-- This site is optimized with the Yoast SEO plugin v27.3 - https:\/\/yoast.com\/product\/yoast-seo-wordpress\/ -->\n<title>PVC aizkaru pl\u0101ksne, 300 mm &#8226; Storit<\/title>\n<meta name=\"description\" content=\"Noliktavas aizkaru pl\u0101ksne, termo aizkaru pl\u0101ksne, stiprin\u0101jums noliktavas aizkariem, pvc aizkaru pl\u0101ksne, slok\u0161\u0146u aizkaru stiprin\u0101jumi, pl\u0101ksne aizkariem\" \/>\n<meta name=\"robots\" content=\"index, follow, max-snippet:-1, max-image-preview:large, max-video-preview:-1\" \/>\n<link rel=\"canonical\" href=\"https:\/\/storitgroup.com\/lv\/prece\/pvc-aizkaru-plaksne\/\" \/>\n<meta property=\"og:locale\" content=\"lv_LV\" \/>\n<meta property=\"og:type\" content=\"article\" \/>\n<meta property=\"og:title\" content=\"PVC aizkaru pl\u0101ksne, 300 mm &#8226; Storit\" \/>\n<meta property=\"og:description\" content=\"Noliktavas aizkaru pl\u0101ksne, termo aizkaru pl\u0101ksne, stiprin\u0101jums noliktavas aizkariem, pvc aizkaru pl\u0101ksne, slok\u0161\u0146u aizkaru stiprin\u0101jumi, pl\u0101ksne aizkariem\" \/>\n<meta property=\"og:url\" content=\"https:\/\/storitgroup.com\/lv\/prece\/pvc-aizkaru-plaksne\/\" \/>\n<meta property=\"og:site_name\" content=\"Storit\" \/>\n<meta property=\"article:modified_time\" content=\"2025-12-05T05:40:26+00:00\" \/>\n<meta property=\"og:image\" content=\"https:\/\/storitgroup.com\/uploads\/2022\/10\/noliktavas-aizkaru-plaksne-300mm.jpeg\" \/>\n\t<meta property=\"og:image:width\" content=\"1100\" \/>\n\t<meta property=\"og:image:height\" content=\"783\" \/>\n\t<meta property=\"og:image:type\" content=\"image\/jpeg\" \/>\n<meta name=\"twitter:card\" content=\"summary_large_image\" \/>\n<script type=\"application\/ld+json\" class=\"yoast-schema-graph\">{\"@context\":\"https:\\\/\\\/schema.org\",\"@graph\":[{\"@type\":[\"WebPage\",\"ItemPage\"],\"@id\":\"https:\\\/\\\/storitgroup.com\\\/lv\\\/prece\\\/pvc-aizkaru-plaksne\\\/\",\"url\":\"https:\\\/\\\/storitgroup.com\\\/lv\\\/prece\\\/pvc-aizkaru-plaksne\\\/\",\"name\":\"PVC aizkaru pl\u0101ksne, 300 mm &#8226; Storit\",\"isPartOf\":{\"@id\":\"https:\\\/\\\/storitgroup.com\\\/lv\\\/#website\"},\"primaryImageOfPage\":{\"@id\":\"https:\\\/\\\/storitgroup.com\\\/lv\\\/prece\\\/pvc-aizkaru-plaksne\\\/#primaryimage\"},\"image\":{\"@id\":\"https:\\\/\\\/storitgroup.com\\\/lv\\\/prece\\\/pvc-aizkaru-plaksne\\\/#primaryimage\"},\"thumbnailUrl\":\"https:\\\/\\\/storitgroup.com\\\/uploads\\\/2022\\\/10\\\/noliktavas-aizkaru-plaksne-300mm.jpeg\",\"datePublished\":\"2022-10-07T10:04:31+00:00\",\"dateModified\":\"2025-12-05T05:40:26+00:00\",\"description\":\"Noliktavas aizkaru pl\u0101ksne, termo aizkaru pl\u0101ksne, stiprin\u0101jums noliktavas aizkariem, pvc aizkaru pl\u0101ksne, slok\u0161\u0146u aizkaru stiprin\u0101jumi, pl\u0101ksne aizkariem\",\"breadcrumb\":{\"@id\":\"https:\\\/\\\/storitgroup.com\\\/lv\\\/prece\\\/pvc-aizkaru-plaksne\\\/#breadcrumb\"},\"inLanguage\":\"lv-LV\",\"potentialAction\":[{\"@type\":\"ReadAction\",\"target\":[\"https:\\\/\\\/storitgroup.com\\\/lv\\\/prece\\\/pvc-aizkaru-plaksne\\\/\"]}]},{\"@type\":\"ImageObject\",\"inLanguage\":\"lv-LV\",\"@id\":\"https:\\\/\\\/storitgroup.com\\\/lv\\\/prece\\\/pvc-aizkaru-plaksne\\\/#primaryimage\",\"url\":\"https:\\\/\\\/storitgroup.com\\\/uploads\\\/2022\\\/10\\\/noliktavas-aizkaru-plaksne-300mm.jpeg\",\"contentUrl\":\"https:\\\/\\\/storitgroup.com\\\/uploads\\\/2022\\\/10\\\/noliktavas-aizkaru-plaksne-300mm.jpeg\",\"width\":1100,\"height\":783,\"caption\":\"noliktavas-aizkaru-plaksne-300mm\"},{\"@type\":\"BreadcrumbList\",\"@id\":\"https:\\\/\\\/storitgroup.com\\\/lv\\\/prece\\\/pvc-aizkaru-plaksne\\\/#breadcrumb\",\"itemListElement\":[{\"@type\":\"ListItem\",\"position\":1,\"name\":\"S\u0101kumlapa\",\"item\":\"https:\\\/\\\/storitgroup.com\\\/lv\\\/\"},{\"@type\":\"ListItem\",\"position\":2,\"name\":\"Veikals\",\"item\":\"https:\\\/\\\/storitgroup.com\\\/lv\\\/veikals\\\/\"},{\"@type\":\"ListItem\",\"position\":3,\"name\":\"PVC slok\u0161\u0146u aizkari\",\"item\":\"https:\\\/\\\/storitgroup.com\\\/lv\\\/pvc-sloksnu-aizkari\\\/\"},{\"@type\":\"ListItem\",\"position\":4,\"name\":\"PVC aizkaru pl\u0101ksne, 300 mm\"}]},{\"@type\":\"WebSite\",\"@id\":\"https:\\\/\\\/storitgroup.com\\\/lv\\\/#website\",\"url\":\"https:\\\/\\\/storitgroup.com\\\/lv\\\/\",\"name\":\"Storit\",\"description\":\"\",\"potentialAction\":[{\"@type\":\"SearchAction\",\"target\":{\"@type\":\"EntryPoint\",\"urlTemplate\":\"https:\\\/\\\/storitgroup.com\\\/lv\\\/?s={search_term_string}\"},\"query-input\":{\"@type\":\"PropertyValueSpecification\",\"valueRequired\":true,\"valueName\":\"search_term_string\"}}],\"inLanguage\":\"lv-LV\"}]}<\/script>\n<!-- \/ Yoast SEO plugin. -->","yoast_head_json":{"title":"PVC aizkaru pl\u0101ksne, 300 mm &#8226; Storit","description":"Noliktavas aizkaru pl\u0101ksne, termo aizkaru pl\u0101ksne, stiprin\u0101jums noliktavas aizkariem, pvc aizkaru pl\u0101ksne, slok\u0161\u0146u aizkaru stiprin\u0101jumi, pl\u0101ksne aizkariem","robots":{"index":"index","follow":"follow","max-snippet":"max-snippet:-1","max-image-preview":"max-image-preview:large","max-video-preview":"max-video-preview:-1"},"canonical":"https:\/\/storitgroup.com\/lv\/prece\/pvc-aizkaru-plaksne\/","og_locale":"lv_LV","og_type":"article","og_title":"PVC aizkaru pl\u0101ksne, 300 mm &#8226; Storit","og_description":"Noliktavas aizkaru pl\u0101ksne, termo aizkaru pl\u0101ksne, stiprin\u0101jums noliktavas aizkariem, pvc aizkaru pl\u0101ksne, slok\u0161\u0146u aizkaru stiprin\u0101jumi, pl\u0101ksne aizkariem","og_url":"https:\/\/storitgroup.com\/lv\/prece\/pvc-aizkaru-plaksne\/","og_site_name":"Storit","article_modified_time":"2025-12-05T05:40:26+00:00","og_image":[{"width":1100,"height":783,"url":"https:\/\/storitgroup.com\/uploads\/2022\/10\/noliktavas-aizkaru-plaksne-300mm.jpeg","type":"image\/jpeg"}],"twitter_card":"summary_large_image","schema":{"@context":"https:\/\/schema.org","@graph":[{"@type":["WebPage","ItemPage"],"@id":"https:\/\/storitgroup.com\/lv\/prece\/pvc-aizkaru-plaksne\/","url":"https:\/\/storitgroup.com\/lv\/prece\/pvc-aizkaru-plaksne\/","name":"PVC aizkaru pl\u0101ksne, 300 mm &#8226; Storit","isPartOf":{"@id":"https:\/\/storitgroup.com\/lv\/#website"},"primaryImageOfPage":{"@id":"https:\/\/storitgroup.com\/lv\/prece\/pvc-aizkaru-plaksne\/#primaryimage"},"image":{"@id":"https:\/\/storitgroup.com\/lv\/prece\/pvc-aizkaru-plaksne\/#primaryimage"},"thumbnailUrl":"https:\/\/storitgroup.com\/uploads\/2022\/10\/noliktavas-aizkaru-plaksne-300mm.jpeg","datePublished":"2022-10-07T10:04:31+00:00","dateModified":"2025-12-05T05:40:26+00:00","description":"Noliktavas aizkaru pl\u0101ksne, termo aizkaru pl\u0101ksne, stiprin\u0101jums noliktavas aizkariem, pvc aizkaru pl\u0101ksne, slok\u0161\u0146u aizkaru stiprin\u0101jumi, pl\u0101ksne aizkariem","breadcrumb":{"@id":"https:\/\/storitgroup.com\/lv\/prece\/pvc-aizkaru-plaksne\/#breadcrumb"},"inLanguage":"lv-LV","potentialAction":[{"@type":"ReadAction","target":["https:\/\/storitgroup.com\/lv\/prece\/pvc-aizkaru-plaksne\/"]}]},{"@type":"ImageObject","inLanguage":"lv-LV","@id":"https:\/\/storitgroup.com\/lv\/prece\/pvc-aizkaru-plaksne\/#primaryimage","url":"https:\/\/storitgroup.com\/uploads\/2022\/10\/noliktavas-aizkaru-plaksne-300mm.jpeg","contentUrl":"https:\/\/storitgroup.com\/uploads\/2022\/10\/noliktavas-aizkaru-plaksne-300mm.jpeg","width":1100,"height":783,"caption":"noliktavas-aizkaru-plaksne-300mm"},{"@type":"BreadcrumbList","@id":"https:\/\/storitgroup.com\/lv\/prece\/pvc-aizkaru-plaksne\/#breadcrumb","itemListElement":[{"@type":"ListItem","position":1,"name":"S\u0101kumlapa","item":"https:\/\/storitgroup.com\/lv\/"},{"@type":"ListItem","position":2,"name":"Veikals","item":"https:\/\/storitgroup.com\/lv\/veikals\/"},{"@type":"ListItem","position":3,"name":"PVC slok\u0161\u0146u aizkari","item":"https:\/\/storitgroup.com\/lv\/pvc-sloksnu-aizkari\/"},{"@type":"ListItem","position":4,"name":"PVC aizkaru pl\u0101ksne, 300 mm"}]},{"@type":"WebSite","@id":"https:\/\/storitgroup.com\/lv\/#website","url":"https:\/\/storitgroup.com\/lv\/","name":"Storit","description":"","potentialAction":[{"@type":"SearchAction","target":{"@type":"EntryPoint","urlTemplate":"https:\/\/storitgroup.com\/lv\/?s={search_term_string}"},"query-input":{"@type":"PropertyValueSpecification","valueRequired":true,"valueName":"search_term_string"}}],"inLanguage":"lv-LV"}]}},"_links":{"self":[{"href":"https:\/\/storitgroup.com\/lv\/wp-json\/wp\/v2\/product\/199334","targetHints":{"allow":["GET"]}}],"collection":[{"href":"https:\/\/storitgroup.com\/lv\/wp-json\/wp\/v2\/product"}],"about":[{"href":"https:\/\/storitgroup.com\/lv\/wp-json\/wp\/v2\/types\/product"}],"wp:featuredmedia":[{"embeddable":true,"href":"https:\/\/storitgroup.com\/lv\/wp-json\/wp\/v2\/media\/199350"}],"wp:attachment":[{"href":"https:\/\/storitgroup.com\/lv\/wp-json\/wp\/v2\/media?parent=199334"}],"wp:term":[{"taxonomy":"product_brand","embeddable":true,"href":"https:\/\/storitgroup.com\/lv\/wp-json\/wp\/v2\/product_brand?post=199334"},{"taxonomy":"product_cat","embeddable":true,"href":"https:\/\/storitgroup.com\/lv\/wp-json\/wp\/v2\/product_cat?post=199334"},{"taxonomy":"product_tag","embeddable":true,"href":"https:\/\/storitgroup.com\/lv\/wp-json\/wp\/v2\/product_tag?post=199334"}],"curies":[{"name":"wp","href":"https:\/\/api.w.org\/{rel}","templated":true}]}}