{"id":199312,"date":"2022-10-07T12:45:10","date_gmt":"2022-10-07T09:45:10","guid":{"rendered":"https:\/\/storitgroup.com\/?post_type=product&#038;p=199312"},"modified":"2022-12-13T14:27:30","modified_gmt":"2022-12-13T12:27:30","slug":"aukstuma-aizkari-pvc","status":"publish","type":"product","link":"https:\/\/storitgroup.com\/lv\/prece\/aukstuma-aizkari-pvc\/","title":{"rendered":"Aukstuma aizkari PVC 400 x 4 mm, Standard"},"content":{"rendered":"<p>Noliktav\u0101 35m<\/p>\n<p>Cena sp\u0113k\u0101 kam\u0113r prece noliktav\u0101<\/p>\n<p>Cena \/ par teko\u0161o metru<\/p>\n<p>&nbsp;<\/p>\n<p>Slok\u0161\u0146u platums: 400 mm;<\/p>\n<p>Slok\u0161\u0146u biezums: 4 mm;<\/p>\n<p>Kr\u0101sa: caursp\u012bd\u012bga;<\/p>\n<p>Temperat\u016bras pielaide: -35\u00b0C l\u012bdz +50\u00b0C;<\/p>\n<p>Rull\u012b: 50 metri;<\/p>\n<p>Svars (50 m rullim): 98 kg<\/p>\n<p>&nbsp;<\/p>\n<p>IETEICAMAIS IZMANTO\u0160ANAS AUGSTUMS:\u00a0Ail\u0113m\/durv\u012bm\/v\u0101rtiem ar augstumu no 4500mm l\u012bdz 6000mm.<\/p>\n<p>&nbsp;<\/p>\n<p>Atbilsto\u0161i J\u016bsu ailes izm\u0113ram piegriez\u012bsim\u00a0aizkaru sloksnes, stiprin\u0101\u0161anas profilus vai \u201c\u0137emmi\u201d un attiec\u012bgajam karin\u0101\u0161anas veidam sagatavosim slok\u0161\u0146u da\u013cas: parastaj\u0101 stiprin\u0101\u0161anas variant\u0101 \u2013 saurbsim\u00a0stiprin\u0101\u0161anas atveres;\u00a0\u201c\u0137emmei\u201d \u2013 pieknied\u0113sim sloksnes pie pl\u0101ksn\u0113m.<\/p>\n","protected":false},"excerpt":{"rendered":"<p>Noliktav\u0101 35m Cena sp\u0113k\u0101 kam\u0113r prece noliktav\u0101 Cena \/ par teko\u0161o metru &nbsp; Slok\u0161\u0146u platums: 400 mm; Slok\u0161\u0146u biezums: 4 mm; Kr\u0101sa: caursp\u012bd\u012bga; Temperat\u016bras pielaide: -35\u00b0C l\u012bdz +50\u00b0C; Rull\u012b: 50 metri; Svars (50 m rullim): 98 kg &nbsp; IETEICAMAIS IZMANTO\u0160ANAS AUGSTUMS:\u00a0Ail\u0113m\/durv\u012bm\/v\u0101rtiem ar augstumu no 4500mm l\u012bdz 6000mm. &nbsp; Atbilsto\u0161i J\u016bsu ailes izm\u0113ram piegriez\u012bsim\u00a0aizkaru sloksnes, stiprin\u0101\u0161anas [&hellip;]<\/p>\n","protected":false},"featured_media":199313,"template":"","meta":{"_acf_changed":false},"product_brand":[],"product_cat":[7488],"product_tag":[],"class_list":{"0":"post-199312","1":"product","2":"type-product","3":"status-publish","4":"has-post-thumbnail","6":"product_cat-pvc-sloksnu-aizkari","8":"first","9":"onbackorder","10":"taxable","11":"shipping-taxable","12":"product-type-simple"},"acf":[],"yoast_head":"<!-- This site is optimized with the Yoast SEO plugin v27.3 - https:\/\/yoast.com\/product\/yoast-seo-wordpress\/ -->\n<title>Aukstuma aizkari PVC 400 x 4 mm, Standard &#8226; Storit<\/title>\n<meta name=\"description\" content=\"Aukstuma aizkari PVC, termo aizkari noliktavai, pvc aizkari sald\u0113tav\u0101m, slok\u0161\u0146veida aizkari noliktav\u0101m, slok\u0161\u0146u aizkari veikaliem, pvc noliktavas aizkari\" \/>\n<meta name=\"robots\" content=\"index, follow, max-snippet:-1, max-image-preview:large, max-video-preview:-1\" \/>\n<link rel=\"canonical\" href=\"https:\/\/storitgroup.com\/lv\/prece\/aukstuma-aizkari-pvc\/\" \/>\n<meta property=\"og:locale\" content=\"lv_LV\" \/>\n<meta property=\"og:type\" content=\"article\" \/>\n<meta property=\"og:title\" content=\"Aukstuma aizkari PVC 400 x 4 mm, Standard &#8226; Storit\" \/>\n<meta property=\"og:description\" content=\"Aukstuma aizkari PVC, termo aizkari noliktavai, pvc aizkari sald\u0113tav\u0101m, slok\u0161\u0146veida aizkari noliktav\u0101m, slok\u0161\u0146u aizkari veikaliem, pvc noliktavas aizkari\" \/>\n<meta property=\"og:url\" content=\"https:\/\/storitgroup.com\/lv\/prece\/aukstuma-aizkari-pvc\/\" \/>\n<meta property=\"og:site_name\" content=\"Storit\" \/>\n<meta property=\"article:modified_time\" content=\"2022-12-13T12:27:30+00:00\" \/>\n<meta property=\"og:image\" content=\"https:\/\/storitgroup.com\/uploads\/2022\/10\/aukstuma-aizkari-pvc-400-x-4-mm-standard.jpeg\" \/>\n\t<meta property=\"og:image:width\" content=\"605\" \/>\n\t<meta property=\"og:image:height\" content=\"608\" \/>\n\t<meta property=\"og:image:type\" content=\"image\/jpeg\" \/>\n<meta name=\"twitter:card\" content=\"summary_large_image\" \/>\n<meta name=\"twitter:label1\" content=\"Est. reading time\" \/>\n\t<meta name=\"twitter:data1\" content=\"1 minute\" \/>\n<script type=\"application\/ld+json\" class=\"yoast-schema-graph\">{\"@context\":\"https:\\\/\\\/schema.org\",\"@graph\":[{\"@type\":[\"WebPage\",\"ItemPage\"],\"@id\":\"https:\\\/\\\/storitgroup.com\\\/lv\\\/prece\\\/aukstuma-aizkari-pvc\\\/\",\"url\":\"https:\\\/\\\/storitgroup.com\\\/lv\\\/prece\\\/aukstuma-aizkari-pvc\\\/\",\"name\":\"Aukstuma aizkari PVC 400 x 4 mm, Standard &#8226; Storit\",\"isPartOf\":{\"@id\":\"https:\\\/\\\/storitgroup.com\\\/lv\\\/#website\"},\"primaryImageOfPage\":{\"@id\":\"https:\\\/\\\/storitgroup.com\\\/lv\\\/prece\\\/aukstuma-aizkari-pvc\\\/#primaryimage\"},\"image\":{\"@id\":\"https:\\\/\\\/storitgroup.com\\\/lv\\\/prece\\\/aukstuma-aizkari-pvc\\\/#primaryimage\"},\"thumbnailUrl\":\"https:\\\/\\\/storitgroup.com\\\/uploads\\\/2022\\\/10\\\/aukstuma-aizkari-pvc-400-x-4-mm-standard.jpeg\",\"datePublished\":\"2022-10-07T09:45:10+00:00\",\"dateModified\":\"2022-12-13T12:27:30+00:00\",\"description\":\"Aukstuma aizkari PVC, termo aizkari noliktavai, pvc aizkari sald\u0113tav\u0101m, slok\u0161\u0146veida aizkari noliktav\u0101m, slok\u0161\u0146u aizkari veikaliem, pvc noliktavas aizkari\",\"breadcrumb\":{\"@id\":\"https:\\\/\\\/storitgroup.com\\\/lv\\\/prece\\\/aukstuma-aizkari-pvc\\\/#breadcrumb\"},\"inLanguage\":\"lv-LV\",\"potentialAction\":[{\"@type\":\"ReadAction\",\"target\":[\"https:\\\/\\\/storitgroup.com\\\/lv\\\/prece\\\/aukstuma-aizkari-pvc\\\/\"]}]},{\"@type\":\"ImageObject\",\"inLanguage\":\"lv-LV\",\"@id\":\"https:\\\/\\\/storitgroup.com\\\/lv\\\/prece\\\/aukstuma-aizkari-pvc\\\/#primaryimage\",\"url\":\"https:\\\/\\\/storitgroup.com\\\/uploads\\\/2022\\\/10\\\/aukstuma-aizkari-pvc-400-x-4-mm-standard.jpeg\",\"contentUrl\":\"https:\\\/\\\/storitgroup.com\\\/uploads\\\/2022\\\/10\\\/aukstuma-aizkari-pvc-400-x-4-mm-standard.jpeg\",\"width\":605,\"height\":608,\"caption\":\"Aukstuma-aizkari-PVC-400-x-4-mm-Standard\"},{\"@type\":\"BreadcrumbList\",\"@id\":\"https:\\\/\\\/storitgroup.com\\\/lv\\\/prece\\\/aukstuma-aizkari-pvc\\\/#breadcrumb\",\"itemListElement\":[{\"@type\":\"ListItem\",\"position\":1,\"name\":\"S\u0101kumlapa\",\"item\":\"https:\\\/\\\/storitgroup.com\\\/lv\\\/\"},{\"@type\":\"ListItem\",\"position\":2,\"name\":\"Veikals\",\"item\":\"https:\\\/\\\/storitgroup.com\\\/lv\\\/veikals\\\/\"},{\"@type\":\"ListItem\",\"position\":3,\"name\":\"PVC slok\u0161\u0146u aizkari\",\"item\":\"https:\\\/\\\/storitgroup.com\\\/lv\\\/pvc-sloksnu-aizkari\\\/\"},{\"@type\":\"ListItem\",\"position\":4,\"name\":\"Aukstuma aizkari PVC 400 x 4 mm, Standard\"}]},{\"@type\":\"WebSite\",\"@id\":\"https:\\\/\\\/storitgroup.com\\\/lv\\\/#website\",\"url\":\"https:\\\/\\\/storitgroup.com\\\/lv\\\/\",\"name\":\"Storit\",\"description\":\"\",\"potentialAction\":[{\"@type\":\"SearchAction\",\"target\":{\"@type\":\"EntryPoint\",\"urlTemplate\":\"https:\\\/\\\/storitgroup.com\\\/lv\\\/?s={search_term_string}\"},\"query-input\":{\"@type\":\"PropertyValueSpecification\",\"valueRequired\":true,\"valueName\":\"search_term_string\"}}],\"inLanguage\":\"lv-LV\"}]}<\/script>\n<!-- \/ Yoast SEO plugin. -->","yoast_head_json":{"title":"Aukstuma aizkari PVC 400 x 4 mm, Standard &#8226; Storit","description":"Aukstuma aizkari PVC, termo aizkari noliktavai, pvc aizkari sald\u0113tav\u0101m, slok\u0161\u0146veida aizkari noliktav\u0101m, slok\u0161\u0146u aizkari veikaliem, pvc noliktavas aizkari","robots":{"index":"index","follow":"follow","max-snippet":"max-snippet:-1","max-image-preview":"max-image-preview:large","max-video-preview":"max-video-preview:-1"},"canonical":"https:\/\/storitgroup.com\/lv\/prece\/aukstuma-aizkari-pvc\/","og_locale":"lv_LV","og_type":"article","og_title":"Aukstuma aizkari PVC 400 x 4 mm, Standard &#8226; Storit","og_description":"Aukstuma aizkari PVC, termo aizkari noliktavai, pvc aizkari sald\u0113tav\u0101m, slok\u0161\u0146veida aizkari noliktav\u0101m, slok\u0161\u0146u aizkari veikaliem, pvc noliktavas aizkari","og_url":"https:\/\/storitgroup.com\/lv\/prece\/aukstuma-aizkari-pvc\/","og_site_name":"Storit","article_modified_time":"2022-12-13T12:27:30+00:00","og_image":[{"width":605,"height":608,"url":"https:\/\/storitgroup.com\/uploads\/2022\/10\/aukstuma-aizkari-pvc-400-x-4-mm-standard.jpeg","type":"image\/jpeg"}],"twitter_card":"summary_large_image","twitter_misc":{"Est. reading time":"1 minute"},"schema":{"@context":"https:\/\/schema.org","@graph":[{"@type":["WebPage","ItemPage"],"@id":"https:\/\/storitgroup.com\/lv\/prece\/aukstuma-aizkari-pvc\/","url":"https:\/\/storitgroup.com\/lv\/prece\/aukstuma-aizkari-pvc\/","name":"Aukstuma aizkari PVC 400 x 4 mm, Standard &#8226; Storit","isPartOf":{"@id":"https:\/\/storitgroup.com\/lv\/#website"},"primaryImageOfPage":{"@id":"https:\/\/storitgroup.com\/lv\/prece\/aukstuma-aizkari-pvc\/#primaryimage"},"image":{"@id":"https:\/\/storitgroup.com\/lv\/prece\/aukstuma-aizkari-pvc\/#primaryimage"},"thumbnailUrl":"https:\/\/storitgroup.com\/uploads\/2022\/10\/aukstuma-aizkari-pvc-400-x-4-mm-standard.jpeg","datePublished":"2022-10-07T09:45:10+00:00","dateModified":"2022-12-13T12:27:30+00:00","description":"Aukstuma aizkari PVC, termo aizkari noliktavai, pvc aizkari sald\u0113tav\u0101m, slok\u0161\u0146veida aizkari noliktav\u0101m, slok\u0161\u0146u aizkari veikaliem, pvc noliktavas aizkari","breadcrumb":{"@id":"https:\/\/storitgroup.com\/lv\/prece\/aukstuma-aizkari-pvc\/#breadcrumb"},"inLanguage":"lv-LV","potentialAction":[{"@type":"ReadAction","target":["https:\/\/storitgroup.com\/lv\/prece\/aukstuma-aizkari-pvc\/"]}]},{"@type":"ImageObject","inLanguage":"lv-LV","@id":"https:\/\/storitgroup.com\/lv\/prece\/aukstuma-aizkari-pvc\/#primaryimage","url":"https:\/\/storitgroup.com\/uploads\/2022\/10\/aukstuma-aizkari-pvc-400-x-4-mm-standard.jpeg","contentUrl":"https:\/\/storitgroup.com\/uploads\/2022\/10\/aukstuma-aizkari-pvc-400-x-4-mm-standard.jpeg","width":605,"height":608,"caption":"Aukstuma-aizkari-PVC-400-x-4-mm-Standard"},{"@type":"BreadcrumbList","@id":"https:\/\/storitgroup.com\/lv\/prece\/aukstuma-aizkari-pvc\/#breadcrumb","itemListElement":[{"@type":"ListItem","position":1,"name":"S\u0101kumlapa","item":"https:\/\/storitgroup.com\/lv\/"},{"@type":"ListItem","position":2,"name":"Veikals","item":"https:\/\/storitgroup.com\/lv\/veikals\/"},{"@type":"ListItem","position":3,"name":"PVC slok\u0161\u0146u aizkari","item":"https:\/\/storitgroup.com\/lv\/pvc-sloksnu-aizkari\/"},{"@type":"ListItem","position":4,"name":"Aukstuma aizkari PVC 400 x 4 mm, Standard"}]},{"@type":"WebSite","@id":"https:\/\/storitgroup.com\/lv\/#website","url":"https:\/\/storitgroup.com\/lv\/","name":"Storit","description":"","potentialAction":[{"@type":"SearchAction","target":{"@type":"EntryPoint","urlTemplate":"https:\/\/storitgroup.com\/lv\/?s={search_term_string}"},"query-input":{"@type":"PropertyValueSpecification","valueRequired":true,"valueName":"search_term_string"}}],"inLanguage":"lv-LV"}]}},"_links":{"self":[{"href":"https:\/\/storitgroup.com\/lv\/wp-json\/wp\/v2\/product\/199312","targetHints":{"allow":["GET"]}}],"collection":[{"href":"https:\/\/storitgroup.com\/lv\/wp-json\/wp\/v2\/product"}],"about":[{"href":"https:\/\/storitgroup.com\/lv\/wp-json\/wp\/v2\/types\/product"}],"wp:featuredmedia":[{"embeddable":true,"href":"https:\/\/storitgroup.com\/lv\/wp-json\/wp\/v2\/media\/199313"}],"wp:attachment":[{"href":"https:\/\/storitgroup.com\/lv\/wp-json\/wp\/v2\/media?parent=199312"}],"wp:term":[{"taxonomy":"product_brand","embeddable":true,"href":"https:\/\/storitgroup.com\/lv\/wp-json\/wp\/v2\/product_brand?post=199312"},{"taxonomy":"product_cat","embeddable":true,"href":"https:\/\/storitgroup.com\/lv\/wp-json\/wp\/v2\/product_cat?post=199312"},{"taxonomy":"product_tag","embeddable":true,"href":"https:\/\/storitgroup.com\/lv\/wp-json\/wp\/v2\/product_tag?post=199312"}],"curies":[{"name":"wp","href":"https:\/\/api.w.org\/{rel}","templated":true}]}}