{"id":199278,"date":"2022-10-07T09:48:49","date_gmt":"2022-10-07T06:48:49","guid":{"rendered":"https:\/\/storitgroup.com\/?post_type=product&#038;p=199278"},"modified":"2022-10-07T13:18:06","modified_gmt":"2022-10-07T10:18:06","slug":"pvc-sloksnu-aizkari-noliktavai","status":"publish","type":"product","link":"https:\/\/storitgroup.com\/lv\/prece\/pvc-sloksnu-aizkari-noliktavai\/","title":{"rendered":"PVC slok\u0161\u0146u aizkari noliktavai 200 x 2 mm, Standard"},"content":{"rendered":"<p>Cena \/ par teko\u0161o metru<\/p>\n<p>&nbsp;<\/p>\n<p>Slok\u0161\u0146u platums: 200 mm;<\/p>\n<p>Slok\u0161\u0146u biezums: 2 mm;<\/p>\n<p>Kr\u0101sa: caursp\u012bd\u012bga;<\/p>\n<p>Temperat\u016bras pielaide: -10\u00b0C l\u012bdz +38\u00b0C;<\/p>\n<p>Rull\u012b: 50 metri<\/p>\n<p>Svars (50 m rullim): 24 kg<\/p>\n<p>&nbsp;<\/p>\n<p>IETEICAMAIS IZMANTO\u0160ANAS AUGSTUMS:\u00a0Ail\u0113m\/durv\u012bm\/v\u0101rtiem ar augstumu l\u012bdz 2500mm.<\/p>\n<p>&nbsp;<\/p>\n<p>Atbilsto\u0161i J\u016bsu ailes izm\u0113ram piegriez\u012bsim\u00a0aizkaru sloksnes, stiprin\u0101\u0161anas profilus vai \u201c\u0137emmi\u201d un attiec\u012bgajam karin\u0101\u0161anas veidam sagatavosim slok\u0161\u0146u da\u013cas: parastaj\u0101 stiprin\u0101\u0161anas variant\u0101 \u2013 saurbsim\u00a0stiprin\u0101\u0161anas atveres;\u00a0\u201c\u0137emmei\u201d \u2013 pieknied\u0113sim sloksnes pie pl\u0101ksn\u0113m.<\/p>\n<p>Ener\u0123\u0113tikas kr\u012bzes d\u0113\u013c r\u016bpniec\u012bba un uz\u0146\u0113m\u0113jdarb\u012bba saskaras ar krasi pieaugo\u0161\u0101m ener\u0123ijas cen\u0101m. Lai pasarg\u0101tu savas ra\u017eo\u0161anas un noliktavu telpas no aukstuma, m\u012bksto PVC sloks\u0146u biezumu v\u0113lams palielin\u0101t, piem\u0113ram, no 2 l\u012bdz 3 mm, lai pan\u0101ktu efekt\u012bv\u0101ku siltumizol\u0101ciju.<\/p>\n<p>Ener\u0123ijas izmaksu ietaup\u012bjums pa\u0161laik b\u016btu aptuveni EUR 1280 gad\u0101.<\/p>\n","protected":false},"excerpt":{"rendered":"<p>Cena \/ par teko\u0161o metru &nbsp; Slok\u0161\u0146u platums: 200 mm; Slok\u0161\u0146u biezums: 2 mm; Kr\u0101sa: caursp\u012bd\u012bga; Temperat\u016bras pielaide: -10\u00b0C l\u012bdz +38\u00b0C; Rull\u012b: 50 metri Svars (50 m rullim): 24 kg &nbsp; IETEICAMAIS IZMANTO\u0160ANAS AUGSTUMS:\u00a0Ail\u0113m\/durv\u012bm\/v\u0101rtiem ar augstumu l\u012bdz 2500mm. &nbsp; Atbilsto\u0161i J\u016bsu ailes izm\u0113ram piegriez\u012bsim\u00a0aizkaru sloksnes, stiprin\u0101\u0161anas profilus vai \u201c\u0137emmi\u201d un attiec\u012bgajam karin\u0101\u0161anas veidam sagatavosim slok\u0161\u0146u [&hellip;]<\/p>\n","protected":false},"featured_media":199279,"template":"","meta":{"_acf_changed":false},"product_brand":[],"product_cat":[7488],"product_tag":[],"class_list":{"0":"post-199278","1":"product","2":"type-product","3":"status-publish","4":"has-post-thumbnail","6":"product_cat-pvc-sloksnu-aizkari","8":"first","9":"instock","10":"taxable","11":"shipping-taxable","12":"purchasable","13":"product-type-simple"},"acf":[],"yoast_head":"<!-- This site is optimized with the Yoast SEO plugin v27.3 - https:\/\/yoast.com\/product\/yoast-seo-wordpress\/ -->\n<title>PVC slok\u0161\u0146u aizkari noliktavai 200 x 2 mm, Standard &#8226; Storit<\/title>\n<meta name=\"description\" content=\"PVC slok\u0161\u0146u aizkari, slok\u0161\u0146veida aizkari, termo aizkari, pvc aizkari, extruflex aizkari, noliktavas aizkari, aizkari sald\u0113tavai, aukstuma aizkari veikaliem\" \/>\n<meta name=\"robots\" content=\"index, follow, max-snippet:-1, max-image-preview:large, max-video-preview:-1\" \/>\n<link rel=\"canonical\" href=\"https:\/\/storitgroup.com\/lv\/prece\/pvc-sloksnu-aizkari-noliktavai\/\" \/>\n<meta property=\"og:locale\" content=\"lv_LV\" \/>\n<meta property=\"og:type\" content=\"article\" \/>\n<meta property=\"og:title\" content=\"PVC slok\u0161\u0146u aizkari noliktavai 200 x 2 mm, Standard &#8226; Storit\" \/>\n<meta property=\"og:description\" content=\"PVC slok\u0161\u0146u aizkari, slok\u0161\u0146veida aizkari, termo aizkari, pvc aizkari, extruflex aizkari, noliktavas aizkari, aizkari sald\u0113tavai, aukstuma aizkari veikaliem\" \/>\n<meta property=\"og:url\" content=\"https:\/\/storitgroup.com\/lv\/prece\/pvc-sloksnu-aizkari-noliktavai\/\" \/>\n<meta property=\"og:site_name\" content=\"Storit\" \/>\n<meta property=\"article:modified_time\" content=\"2022-10-07T10:18:06+00:00\" \/>\n<meta property=\"og:image\" content=\"https:\/\/storitgroup.com\/uploads\/2022\/10\/pvc-sloksnu-aizkari-200-x-2-mm-standard.jpeg\" \/>\n\t<meta property=\"og:image:width\" content=\"601\" \/>\n\t<meta property=\"og:image:height\" content=\"601\" \/>\n\t<meta property=\"og:image:type\" content=\"image\/jpeg\" \/>\n<meta name=\"twitter:card\" content=\"summary_large_image\" \/>\n<meta name=\"twitter:label1\" content=\"Est. reading time\" \/>\n\t<meta name=\"twitter:data1\" content=\"1 minute\" \/>\n<script type=\"application\/ld+json\" class=\"yoast-schema-graph\">{\"@context\":\"https:\\\/\\\/schema.org\",\"@graph\":[{\"@type\":[\"WebPage\",\"ItemPage\"],\"@id\":\"https:\\\/\\\/storitgroup.com\\\/lv\\\/prece\\\/pvc-sloksnu-aizkari-noliktavai\\\/\",\"url\":\"https:\\\/\\\/storitgroup.com\\\/lv\\\/prece\\\/pvc-sloksnu-aizkari-noliktavai\\\/\",\"name\":\"PVC slok\u0161\u0146u aizkari noliktavai 200 x 2 mm, Standard &#8226; Storit\",\"isPartOf\":{\"@id\":\"https:\\\/\\\/storitgroup.com\\\/lv\\\/#website\"},\"primaryImageOfPage\":{\"@id\":\"https:\\\/\\\/storitgroup.com\\\/lv\\\/prece\\\/pvc-sloksnu-aizkari-noliktavai\\\/#primaryimage\"},\"image\":{\"@id\":\"https:\\\/\\\/storitgroup.com\\\/lv\\\/prece\\\/pvc-sloksnu-aizkari-noliktavai\\\/#primaryimage\"},\"thumbnailUrl\":\"https:\\\/\\\/storitgroup.com\\\/uploads\\\/2022\\\/10\\\/pvc-sloksnu-aizkari-200-x-2-mm-standard.jpeg\",\"datePublished\":\"2022-10-07T06:48:49+00:00\",\"dateModified\":\"2022-10-07T10:18:06+00:00\",\"description\":\"PVC slok\u0161\u0146u aizkari, slok\u0161\u0146veida aizkari, termo aizkari, pvc aizkari, extruflex aizkari, noliktavas aizkari, aizkari sald\u0113tavai, aukstuma aizkari veikaliem\",\"breadcrumb\":{\"@id\":\"https:\\\/\\\/storitgroup.com\\\/lv\\\/prece\\\/pvc-sloksnu-aizkari-noliktavai\\\/#breadcrumb\"},\"inLanguage\":\"lv-LV\",\"potentialAction\":[{\"@type\":\"ReadAction\",\"target\":[\"https:\\\/\\\/storitgroup.com\\\/lv\\\/prece\\\/pvc-sloksnu-aizkari-noliktavai\\\/\"]}]},{\"@type\":\"ImageObject\",\"inLanguage\":\"lv-LV\",\"@id\":\"https:\\\/\\\/storitgroup.com\\\/lv\\\/prece\\\/pvc-sloksnu-aizkari-noliktavai\\\/#primaryimage\",\"url\":\"https:\\\/\\\/storitgroup.com\\\/uploads\\\/2022\\\/10\\\/pvc-sloksnu-aizkari-200-x-2-mm-standard.jpeg\",\"contentUrl\":\"https:\\\/\\\/storitgroup.com\\\/uploads\\\/2022\\\/10\\\/pvc-sloksnu-aizkari-200-x-2-mm-standard.jpeg\",\"width\":601,\"height\":601,\"caption\":\"PVC-sloksnu-aizkari-200-x-2-mm-Standard\"},{\"@type\":\"BreadcrumbList\",\"@id\":\"https:\\\/\\\/storitgroup.com\\\/lv\\\/prece\\\/pvc-sloksnu-aizkari-noliktavai\\\/#breadcrumb\",\"itemListElement\":[{\"@type\":\"ListItem\",\"position\":1,\"name\":\"S\u0101kumlapa\",\"item\":\"https:\\\/\\\/storitgroup.com\\\/lv\\\/\"},{\"@type\":\"ListItem\",\"position\":2,\"name\":\"Veikals\",\"item\":\"https:\\\/\\\/storitgroup.com\\\/lv\\\/veikals\\\/\"},{\"@type\":\"ListItem\",\"position\":3,\"name\":\"PVC slok\u0161\u0146u aizkari\",\"item\":\"https:\\\/\\\/storitgroup.com\\\/lv\\\/pvc-sloksnu-aizkari\\\/\"},{\"@type\":\"ListItem\",\"position\":4,\"name\":\"PVC slok\u0161\u0146u aizkari noliktavai 200 x 2 mm, Standard\"}]},{\"@type\":\"WebSite\",\"@id\":\"https:\\\/\\\/storitgroup.com\\\/lv\\\/#website\",\"url\":\"https:\\\/\\\/storitgroup.com\\\/lv\\\/\",\"name\":\"Storit\",\"description\":\"\",\"potentialAction\":[{\"@type\":\"SearchAction\",\"target\":{\"@type\":\"EntryPoint\",\"urlTemplate\":\"https:\\\/\\\/storitgroup.com\\\/lv\\\/?s={search_term_string}\"},\"query-input\":{\"@type\":\"PropertyValueSpecification\",\"valueRequired\":true,\"valueName\":\"search_term_string\"}}],\"inLanguage\":\"lv-LV\"}]}<\/script>\n<!-- \/ Yoast SEO plugin. -->","yoast_head_json":{"title":"PVC slok\u0161\u0146u aizkari noliktavai 200 x 2 mm, Standard &#8226; Storit","description":"PVC slok\u0161\u0146u aizkari, slok\u0161\u0146veida aizkari, termo aizkari, pvc aizkari, extruflex aizkari, noliktavas aizkari, aizkari sald\u0113tavai, aukstuma aizkari veikaliem","robots":{"index":"index","follow":"follow","max-snippet":"max-snippet:-1","max-image-preview":"max-image-preview:large","max-video-preview":"max-video-preview:-1"},"canonical":"https:\/\/storitgroup.com\/lv\/prece\/pvc-sloksnu-aizkari-noliktavai\/","og_locale":"lv_LV","og_type":"article","og_title":"PVC slok\u0161\u0146u aizkari noliktavai 200 x 2 mm, Standard &#8226; Storit","og_description":"PVC slok\u0161\u0146u aizkari, slok\u0161\u0146veida aizkari, termo aizkari, pvc aizkari, extruflex aizkari, noliktavas aizkari, aizkari sald\u0113tavai, aukstuma aizkari veikaliem","og_url":"https:\/\/storitgroup.com\/lv\/prece\/pvc-sloksnu-aizkari-noliktavai\/","og_site_name":"Storit","article_modified_time":"2022-10-07T10:18:06+00:00","og_image":[{"width":601,"height":601,"url":"https:\/\/storitgroup.com\/uploads\/2022\/10\/pvc-sloksnu-aizkari-200-x-2-mm-standard.jpeg","type":"image\/jpeg"}],"twitter_card":"summary_large_image","twitter_misc":{"Est. reading time":"1 minute"},"schema":{"@context":"https:\/\/schema.org","@graph":[{"@type":["WebPage","ItemPage"],"@id":"https:\/\/storitgroup.com\/lv\/prece\/pvc-sloksnu-aizkari-noliktavai\/","url":"https:\/\/storitgroup.com\/lv\/prece\/pvc-sloksnu-aizkari-noliktavai\/","name":"PVC slok\u0161\u0146u aizkari noliktavai 200 x 2 mm, Standard &#8226; Storit","isPartOf":{"@id":"https:\/\/storitgroup.com\/lv\/#website"},"primaryImageOfPage":{"@id":"https:\/\/storitgroup.com\/lv\/prece\/pvc-sloksnu-aizkari-noliktavai\/#primaryimage"},"image":{"@id":"https:\/\/storitgroup.com\/lv\/prece\/pvc-sloksnu-aizkari-noliktavai\/#primaryimage"},"thumbnailUrl":"https:\/\/storitgroup.com\/uploads\/2022\/10\/pvc-sloksnu-aizkari-200-x-2-mm-standard.jpeg","datePublished":"2022-10-07T06:48:49+00:00","dateModified":"2022-10-07T10:18:06+00:00","description":"PVC slok\u0161\u0146u aizkari, slok\u0161\u0146veida aizkari, termo aizkari, pvc aizkari, extruflex aizkari, noliktavas aizkari, aizkari sald\u0113tavai, aukstuma aizkari veikaliem","breadcrumb":{"@id":"https:\/\/storitgroup.com\/lv\/prece\/pvc-sloksnu-aizkari-noliktavai\/#breadcrumb"},"inLanguage":"lv-LV","potentialAction":[{"@type":"ReadAction","target":["https:\/\/storitgroup.com\/lv\/prece\/pvc-sloksnu-aizkari-noliktavai\/"]}]},{"@type":"ImageObject","inLanguage":"lv-LV","@id":"https:\/\/storitgroup.com\/lv\/prece\/pvc-sloksnu-aizkari-noliktavai\/#primaryimage","url":"https:\/\/storitgroup.com\/uploads\/2022\/10\/pvc-sloksnu-aizkari-200-x-2-mm-standard.jpeg","contentUrl":"https:\/\/storitgroup.com\/uploads\/2022\/10\/pvc-sloksnu-aizkari-200-x-2-mm-standard.jpeg","width":601,"height":601,"caption":"PVC-sloksnu-aizkari-200-x-2-mm-Standard"},{"@type":"BreadcrumbList","@id":"https:\/\/storitgroup.com\/lv\/prece\/pvc-sloksnu-aizkari-noliktavai\/#breadcrumb","itemListElement":[{"@type":"ListItem","position":1,"name":"S\u0101kumlapa","item":"https:\/\/storitgroup.com\/lv\/"},{"@type":"ListItem","position":2,"name":"Veikals","item":"https:\/\/storitgroup.com\/lv\/veikals\/"},{"@type":"ListItem","position":3,"name":"PVC slok\u0161\u0146u aizkari","item":"https:\/\/storitgroup.com\/lv\/pvc-sloksnu-aizkari\/"},{"@type":"ListItem","position":4,"name":"PVC slok\u0161\u0146u aizkari noliktavai 200 x 2 mm, Standard"}]},{"@type":"WebSite","@id":"https:\/\/storitgroup.com\/lv\/#website","url":"https:\/\/storitgroup.com\/lv\/","name":"Storit","description":"","potentialAction":[{"@type":"SearchAction","target":{"@type":"EntryPoint","urlTemplate":"https:\/\/storitgroup.com\/lv\/?s={search_term_string}"},"query-input":{"@type":"PropertyValueSpecification","valueRequired":true,"valueName":"search_term_string"}}],"inLanguage":"lv-LV"}]}},"_links":{"self":[{"href":"https:\/\/storitgroup.com\/lv\/wp-json\/wp\/v2\/product\/199278","targetHints":{"allow":["GET"]}}],"collection":[{"href":"https:\/\/storitgroup.com\/lv\/wp-json\/wp\/v2\/product"}],"about":[{"href":"https:\/\/storitgroup.com\/lv\/wp-json\/wp\/v2\/types\/product"}],"wp:featuredmedia":[{"embeddable":true,"href":"https:\/\/storitgroup.com\/lv\/wp-json\/wp\/v2\/media\/199279"}],"wp:attachment":[{"href":"https:\/\/storitgroup.com\/lv\/wp-json\/wp\/v2\/media?parent=199278"}],"wp:term":[{"taxonomy":"product_brand","embeddable":true,"href":"https:\/\/storitgroup.com\/lv\/wp-json\/wp\/v2\/product_brand?post=199278"},{"taxonomy":"product_cat","embeddable":true,"href":"https:\/\/storitgroup.com\/lv\/wp-json\/wp\/v2\/product_cat?post=199278"},{"taxonomy":"product_tag","embeddable":true,"href":"https:\/\/storitgroup.com\/lv\/wp-json\/wp\/v2\/product_tag?post=199278"}],"curies":[{"name":"wp","href":"https:\/\/api.w.org\/{rel}","templated":true}]}}