{"id":196985,"date":"2022-08-30T15:31:09","date_gmt":"2022-08-30T12:31:09","guid":{"rendered":"https:\/\/storitgroup.com\/?post_type=product&#038;p=196985"},"modified":"2024-02-27T15:33:01","modified_gmt":"2024-02-27T13:33:01","slug":"apkopejas-skapis-smd82","status":"publish","type":"product","link":"https:\/\/storitgroup.com\/lv\/prece\/apkopejas-skapis-smd82\/","title":{"rendered":"Apkop\u0113jas skapis, H1800x500x800 mm, SMD82"},"content":{"rendered":"<p>Dzi\u013cums: 500 mm;<\/p>\n<p>Platums: 800\u00a0mm;<\/p>\n<p>Augstums: 1800 mm.<\/p>\n<p>&nbsp;<\/p>\n<p>Plauktu skaits:\u00a04 plaukti;<\/p>\n<p>Plauktu augstums nav main\u0101ms.<\/p>\n","protected":false},"excerpt":{"rendered":"<p>Dzi\u013cums: 500 mm;<\/p>\n<p>Platums: 800\u00a0mm;<\/p>\n<p>Augstums: 1800 mm.<\/p>\n<p>&nbsp;<\/p>\n<p>Plauktu skaits:\u00a04 plaukti;<\/p>\n<p>Plauktu augstums nav main\u0101ms.<\/p>\n","protected":false},"featured_media":196986,"template":"","meta":{"_acf_changed":false},"product_brand":[],"product_cat":[7117],"product_tag":[],"class_list":{"0":"post-196985","1":"product","2":"type-product","3":"status-publish","4":"has-post-thumbnail","6":"product_cat-metala-skapji","8":"first","9":"instock","10":"taxable","11":"shipping-taxable","12":"purchasable","13":"product-type-simple"},"acf":[],"yoast_head":"<!-- This site is optimized with the Yoast SEO plugin v27.4 - https:\/\/yoast.com\/product\/yoast-seo-wordpress\/ -->\n<title>Apkop\u0113jas skapis, H1800x500x800 mm, SMD82 &#8226; Storit<\/title>\n<meta name=\"description\" content=\"Univers\u0101ls skapis, kur\u0101 uzglab\u0101t dr\u0113bes, t\u012br\u012b\u0161anas l\u012bdzek\u013cus, apr\u012bkojumu. Izm\u0113ri atbilst citiem garderobes skapjiem - var kombin\u0113t ar cit\u0101m m\u0113bel\u0113m.\" \/>\n<meta name=\"robots\" content=\"index, follow, max-snippet:-1, max-image-preview:large, max-video-preview:-1\" \/>\n<link rel=\"canonical\" href=\"https:\/\/storitgroup.com\/lv\/prece\/apkopejas-skapis-smd82\/\" \/>\n<meta property=\"og:locale\" content=\"lv_LV\" \/>\n<meta property=\"og:type\" content=\"article\" \/>\n<meta property=\"og:title\" content=\"Apkop\u0113jas skapis, H1800x500x800 mm, SMD82 &#8226; Storit\" \/>\n<meta property=\"og:description\" content=\"Univers\u0101ls skapis, kur\u0101 uzglab\u0101t dr\u0113bes, t\u012br\u012b\u0161anas l\u012bdzek\u013cus, apr\u012bkojumu. Izm\u0113ri atbilst citiem garderobes skapjiem - var kombin\u0113t ar cit\u0101m m\u0113bel\u0113m.\" \/>\n<meta property=\"og:url\" content=\"https:\/\/storitgroup.com\/lv\/prece\/apkopejas-skapis-smd82\/\" \/>\n<meta property=\"og:site_name\" content=\"Storit\" \/>\n<meta property=\"article:modified_time\" content=\"2024-02-27T13:33:01+00:00\" \/>\n<meta property=\"og:image\" content=\"https:\/\/storitgroup.com\/uploads\/2022\/08\/apkopejas-skapis-smd82-skapis-uzkopsanas-rikiem.jpeg\" \/>\n\t<meta property=\"og:image:width\" content=\"1368\" \/>\n\t<meta property=\"og:image:height\" content=\"2500\" \/>\n\t<meta property=\"og:image:type\" content=\"image\/jpeg\" \/>\n<meta name=\"twitter:card\" content=\"summary_large_image\" \/>\n<script type=\"application\/ld+json\" class=\"yoast-schema-graph\">{\"@context\":\"https:\\\/\\\/schema.org\",\"@graph\":[{\"@type\":[\"WebPage\",\"ItemPage\"],\"@id\":\"https:\\\/\\\/storitgroup.com\\\/lv\\\/prece\\\/apkopejas-skapis-smd82\\\/\",\"url\":\"https:\\\/\\\/storitgroup.com\\\/lv\\\/prece\\\/apkopejas-skapis-smd82\\\/\",\"name\":\"Apkop\u0113jas skapis, H1800x500x800 mm, SMD82 &#8226; Storit\",\"isPartOf\":{\"@id\":\"https:\\\/\\\/storitgroup.com\\\/lv\\\/#website\"},\"primaryImageOfPage\":{\"@id\":\"https:\\\/\\\/storitgroup.com\\\/lv\\\/prece\\\/apkopejas-skapis-smd82\\\/#primaryimage\"},\"image\":{\"@id\":\"https:\\\/\\\/storitgroup.com\\\/lv\\\/prece\\\/apkopejas-skapis-smd82\\\/#primaryimage\"},\"thumbnailUrl\":\"https:\\\/\\\/storitgroup.com\\\/uploads\\\/2022\\\/08\\\/apkopejas-skapis-smd82-skapis-uzkopsanas-rikiem.jpeg\",\"datePublished\":\"2022-08-30T12:31:09+00:00\",\"dateModified\":\"2024-02-27T13:33:01+00:00\",\"description\":\"Univers\u0101ls skapis, kur\u0101 uzglab\u0101t dr\u0113bes, t\u012br\u012b\u0161anas l\u012bdzek\u013cus, apr\u012bkojumu. Izm\u0113ri atbilst citiem garderobes skapjiem - var kombin\u0113t ar cit\u0101m m\u0113bel\u0113m.\",\"breadcrumb\":{\"@id\":\"https:\\\/\\\/storitgroup.com\\\/lv\\\/prece\\\/apkopejas-skapis-smd82\\\/#breadcrumb\"},\"inLanguage\":\"lv-LV\",\"potentialAction\":[{\"@type\":\"ReadAction\",\"target\":[\"https:\\\/\\\/storitgroup.com\\\/lv\\\/prece\\\/apkopejas-skapis-smd82\\\/\"]}]},{\"@type\":\"ImageObject\",\"inLanguage\":\"lv-LV\",\"@id\":\"https:\\\/\\\/storitgroup.com\\\/lv\\\/prece\\\/apkopejas-skapis-smd82\\\/#primaryimage\",\"url\":\"https:\\\/\\\/storitgroup.com\\\/uploads\\\/2022\\\/08\\\/apkopejas-skapis-smd82-skapis-uzkopsanas-rikiem.jpeg\",\"contentUrl\":\"https:\\\/\\\/storitgroup.com\\\/uploads\\\/2022\\\/08\\\/apkopejas-skapis-smd82-skapis-uzkopsanas-rikiem.jpeg\",\"width\":1368,\"height\":2500,\"caption\":\"Apkop\u0113jas skapis SMD82-skapis-uzkopsanas-rikiem\"},{\"@type\":\"BreadcrumbList\",\"@id\":\"https:\\\/\\\/storitgroup.com\\\/lv\\\/prece\\\/apkopejas-skapis-smd82\\\/#breadcrumb\",\"itemListElement\":[{\"@type\":\"ListItem\",\"position\":1,\"name\":\"S\u0101kumlapa\",\"item\":\"https:\\\/\\\/storitgroup.com\\\/lv\\\/\"},{\"@type\":\"ListItem\",\"position\":2,\"name\":\"Veikals\",\"item\":\"https:\\\/\\\/storitgroup.com\\\/lv\\\/veikals\\\/\"},{\"@type\":\"ListItem\",\"position\":3,\"name\":\"Met\u0101la skapji\",\"item\":\"https:\\\/\\\/storitgroup.com\\\/lv\\\/produkti\\\/metala-skapji\\\/\"},{\"@type\":\"ListItem\",\"position\":4,\"name\":\"Apkop\u0113jas skapis, H1800x500x800 mm, SMD82\"}]},{\"@type\":\"WebSite\",\"@id\":\"https:\\\/\\\/storitgroup.com\\\/lv\\\/#website\",\"url\":\"https:\\\/\\\/storitgroup.com\\\/lv\\\/\",\"name\":\"Storit\",\"description\":\"\",\"potentialAction\":[{\"@type\":\"SearchAction\",\"target\":{\"@type\":\"EntryPoint\",\"urlTemplate\":\"https:\\\/\\\/storitgroup.com\\\/lv\\\/?s={search_term_string}\"},\"query-input\":{\"@type\":\"PropertyValueSpecification\",\"valueRequired\":true,\"valueName\":\"search_term_string\"}}],\"inLanguage\":\"lv-LV\"}]}<\/script>\n<!-- \/ Yoast SEO plugin. -->","yoast_head_json":{"title":"Apkop\u0113jas skapis, H1800x500x800 mm, SMD82 &#8226; Storit","description":"Univers\u0101ls skapis, kur\u0101 uzglab\u0101t dr\u0113bes, t\u012br\u012b\u0161anas l\u012bdzek\u013cus, apr\u012bkojumu. Izm\u0113ri atbilst citiem garderobes skapjiem - var kombin\u0113t ar cit\u0101m m\u0113bel\u0113m.","robots":{"index":"index","follow":"follow","max-snippet":"max-snippet:-1","max-image-preview":"max-image-preview:large","max-video-preview":"max-video-preview:-1"},"canonical":"https:\/\/storitgroup.com\/lv\/prece\/apkopejas-skapis-smd82\/","og_locale":"lv_LV","og_type":"article","og_title":"Apkop\u0113jas skapis, H1800x500x800 mm, SMD82 &#8226; Storit","og_description":"Univers\u0101ls skapis, kur\u0101 uzglab\u0101t dr\u0113bes, t\u012br\u012b\u0161anas l\u012bdzek\u013cus, apr\u012bkojumu. Izm\u0113ri atbilst citiem garderobes skapjiem - var kombin\u0113t ar cit\u0101m m\u0113bel\u0113m.","og_url":"https:\/\/storitgroup.com\/lv\/prece\/apkopejas-skapis-smd82\/","og_site_name":"Storit","article_modified_time":"2024-02-27T13:33:01+00:00","og_image":[{"width":1368,"height":2500,"url":"https:\/\/storitgroup.com\/uploads\/2022\/08\/apkopejas-skapis-smd82-skapis-uzkopsanas-rikiem.jpeg","type":"image\/jpeg"}],"twitter_card":"summary_large_image","schema":{"@context":"https:\/\/schema.org","@graph":[{"@type":["WebPage","ItemPage"],"@id":"https:\/\/storitgroup.com\/lv\/prece\/apkopejas-skapis-smd82\/","url":"https:\/\/storitgroup.com\/lv\/prece\/apkopejas-skapis-smd82\/","name":"Apkop\u0113jas skapis, H1800x500x800 mm, SMD82 &#8226; Storit","isPartOf":{"@id":"https:\/\/storitgroup.com\/lv\/#website"},"primaryImageOfPage":{"@id":"https:\/\/storitgroup.com\/lv\/prece\/apkopejas-skapis-smd82\/#primaryimage"},"image":{"@id":"https:\/\/storitgroup.com\/lv\/prece\/apkopejas-skapis-smd82\/#primaryimage"},"thumbnailUrl":"https:\/\/storitgroup.com\/uploads\/2022\/08\/apkopejas-skapis-smd82-skapis-uzkopsanas-rikiem.jpeg","datePublished":"2022-08-30T12:31:09+00:00","dateModified":"2024-02-27T13:33:01+00:00","description":"Univers\u0101ls skapis, kur\u0101 uzglab\u0101t dr\u0113bes, t\u012br\u012b\u0161anas l\u012bdzek\u013cus, apr\u012bkojumu. Izm\u0113ri atbilst citiem garderobes skapjiem - var kombin\u0113t ar cit\u0101m m\u0113bel\u0113m.","breadcrumb":{"@id":"https:\/\/storitgroup.com\/lv\/prece\/apkopejas-skapis-smd82\/#breadcrumb"},"inLanguage":"lv-LV","potentialAction":[{"@type":"ReadAction","target":["https:\/\/storitgroup.com\/lv\/prece\/apkopejas-skapis-smd82\/"]}]},{"@type":"ImageObject","inLanguage":"lv-LV","@id":"https:\/\/storitgroup.com\/lv\/prece\/apkopejas-skapis-smd82\/#primaryimage","url":"https:\/\/storitgroup.com\/uploads\/2022\/08\/apkopejas-skapis-smd82-skapis-uzkopsanas-rikiem.jpeg","contentUrl":"https:\/\/storitgroup.com\/uploads\/2022\/08\/apkopejas-skapis-smd82-skapis-uzkopsanas-rikiem.jpeg","width":1368,"height":2500,"caption":"Apkop\u0113jas skapis SMD82-skapis-uzkopsanas-rikiem"},{"@type":"BreadcrumbList","@id":"https:\/\/storitgroup.com\/lv\/prece\/apkopejas-skapis-smd82\/#breadcrumb","itemListElement":[{"@type":"ListItem","position":1,"name":"S\u0101kumlapa","item":"https:\/\/storitgroup.com\/lv\/"},{"@type":"ListItem","position":2,"name":"Veikals","item":"https:\/\/storitgroup.com\/lv\/veikals\/"},{"@type":"ListItem","position":3,"name":"Met\u0101la skapji","item":"https:\/\/storitgroup.com\/lv\/produkti\/metala-skapji\/"},{"@type":"ListItem","position":4,"name":"Apkop\u0113jas skapis, H1800x500x800 mm, SMD82"}]},{"@type":"WebSite","@id":"https:\/\/storitgroup.com\/lv\/#website","url":"https:\/\/storitgroup.com\/lv\/","name":"Storit","description":"","potentialAction":[{"@type":"SearchAction","target":{"@type":"EntryPoint","urlTemplate":"https:\/\/storitgroup.com\/lv\/?s={search_term_string}"},"query-input":{"@type":"PropertyValueSpecification","valueRequired":true,"valueName":"search_term_string"}}],"inLanguage":"lv-LV"}]}},"_links":{"self":[{"href":"https:\/\/storitgroup.com\/lv\/wp-json\/wp\/v2\/product\/196985","targetHints":{"allow":["GET"]}}],"collection":[{"href":"https:\/\/storitgroup.com\/lv\/wp-json\/wp\/v2\/product"}],"about":[{"href":"https:\/\/storitgroup.com\/lv\/wp-json\/wp\/v2\/types\/product"}],"wp:featuredmedia":[{"embeddable":true,"href":"https:\/\/storitgroup.com\/lv\/wp-json\/wp\/v2\/media\/196986"}],"wp:attachment":[{"href":"https:\/\/storitgroup.com\/lv\/wp-json\/wp\/v2\/media?parent=196985"}],"wp:term":[{"taxonomy":"product_brand","embeddable":true,"href":"https:\/\/storitgroup.com\/lv\/wp-json\/wp\/v2\/product_brand?post=196985"},{"taxonomy":"product_cat","embeddable":true,"href":"https:\/\/storitgroup.com\/lv\/wp-json\/wp\/v2\/product_cat?post=196985"},{"taxonomy":"product_tag","embeddable":true,"href":"https:\/\/storitgroup.com\/lv\/wp-json\/wp\/v2\/product_tag?post=196985"}],"curies":[{"name":"wp","href":"https:\/\/api.w.org\/{rel}","templated":true}]}}