{"id":196979,"date":"2022-08-30T15:27:38","date_gmt":"2022-08-30T12:27:38","guid":{"rendered":"https:\/\/storitgroup.com\/?post_type=product&#038;p=196979"},"modified":"2024-02-27T15:27:47","modified_gmt":"2024-02-27T13:27:47","slug":"daudzfunkcionals-metala-skapis","status":"publish","type":"product","link":"https:\/\/storitgroup.com\/lv\/prece\/daudzfunkcionals-metala-skapis\/","title":{"rendered":"Daudzfunkcion\u0101ls met\u0101la skapis, H1800x500x800 mm, SMD81"},"content":{"rendered":"<p>Dzi\u013cums: 500 mm;<\/p>\n<p>Platums: 800\u00a0mm;<\/p>\n<p>Augstums: 1800 mm.<\/p>\n<p>Plauktu skaits: 5 plaukti;<\/p>\n<p>Plauktu augstums nav main\u0101ms.<\/p>\n","protected":false},"excerpt":{"rendered":"<p>Dzi\u013cums: 500 mm;<\/p>\n<p>Platums: 800\u00a0mm;<\/p>\n<p>Augstums: 1800 mm.<\/p>\n<p>Plauktu skaits: 5 plaukti;<\/p>\n<p>Plauktu augstums nav main\u0101ms.<\/p>\n","protected":false},"featured_media":196980,"template":"","meta":{"_acf_changed":false},"product_brand":[],"product_cat":[7117],"product_tag":[],"class_list":{"0":"post-196979","1":"product","2":"type-product","3":"status-publish","4":"has-post-thumbnail","6":"product_cat-metala-skapji","8":"first","9":"instock","10":"taxable","11":"shipping-taxable","12":"purchasable","13":"product-type-simple"},"acf":[],"yoast_head":"<!-- This site is optimized with the Yoast SEO plugin v27.4 - https:\/\/yoast.com\/product\/yoast-seo-wordpress\/ -->\n<title>Daudzfunkcion\u0101ls met\u0101la skapis SMD 81 ar plauktiem un stangu<\/title>\n<meta name=\"description\" content=\"Daudzfunkcion\u0101ls met\u0101la skapis SMD 81, apkop\u0113jas skapis, skapis apkop\u0113j\u0101m, skapis apkop\u0113jai, uzkop\u0161anas r\u012bku skapis, met\u0101la darbar\u012bku skapis, skapis slotai\" \/>\n<meta name=\"robots\" content=\"index, follow, max-snippet:-1, max-image-preview:large, max-video-preview:-1\" \/>\n<link rel=\"canonical\" href=\"https:\/\/storitgroup.com\/lv\/prece\/daudzfunkcionals-metala-skapis\/\" \/>\n<meta property=\"og:locale\" content=\"lv_LV\" \/>\n<meta property=\"og:type\" content=\"article\" \/>\n<meta property=\"og:title\" content=\"Daudzfunkcion\u0101ls met\u0101la skapis SMD 81 ar plauktiem un stangu\" \/>\n<meta property=\"og:description\" content=\"Daudzfunkcion\u0101ls met\u0101la skapis SMD 81, apkop\u0113jas skapis, skapis apkop\u0113j\u0101m, skapis apkop\u0113jai, uzkop\u0161anas r\u012bku skapis, met\u0101la darbar\u012bku skapis, skapis slotai\" \/>\n<meta property=\"og:url\" content=\"https:\/\/storitgroup.com\/lv\/prece\/daudzfunkcionals-metala-skapis\/\" \/>\n<meta property=\"og:site_name\" content=\"Storit\" \/>\n<meta property=\"article:modified_time\" content=\"2024-02-27T13:27:47+00:00\" \/>\n<meta property=\"og:image\" content=\"https:\/\/storitgroup.com\/uploads\/2022\/08\/daudzfunkcionals-metala-skapis-smd-81-ar-plauktiem-un-drebju-stangu.jpeg\" \/>\n\t<meta property=\"og:image:width\" content=\"825\" \/>\n\t<meta property=\"og:image:height\" content=\"1100\" \/>\n\t<meta property=\"og:image:type\" content=\"image\/jpeg\" \/>\n<meta name=\"twitter:card\" content=\"summary_large_image\" \/>\n<script type=\"application\/ld+json\" class=\"yoast-schema-graph\">{\"@context\":\"https:\\\/\\\/schema.org\",\"@graph\":[{\"@type\":[\"WebPage\",\"ItemPage\"],\"@id\":\"https:\\\/\\\/storitgroup.com\\\/lv\\\/prece\\\/daudzfunkcionals-metala-skapis\\\/\",\"url\":\"https:\\\/\\\/storitgroup.com\\\/lv\\\/prece\\\/daudzfunkcionals-metala-skapis\\\/\",\"name\":\"Daudzfunkcion\u0101ls met\u0101la skapis SMD 81 ar plauktiem un stangu\",\"isPartOf\":{\"@id\":\"https:\\\/\\\/storitgroup.com\\\/lv\\\/#website\"},\"primaryImageOfPage\":{\"@id\":\"https:\\\/\\\/storitgroup.com\\\/lv\\\/prece\\\/daudzfunkcionals-metala-skapis\\\/#primaryimage\"},\"image\":{\"@id\":\"https:\\\/\\\/storitgroup.com\\\/lv\\\/prece\\\/daudzfunkcionals-metala-skapis\\\/#primaryimage\"},\"thumbnailUrl\":\"https:\\\/\\\/storitgroup.com\\\/uploads\\\/2022\\\/08\\\/daudzfunkcionals-metala-skapis-smd-81-ar-plauktiem-un-drebju-stangu.jpeg\",\"datePublished\":\"2022-08-30T12:27:38+00:00\",\"dateModified\":\"2024-02-27T13:27:47+00:00\",\"description\":\"Daudzfunkcion\u0101ls met\u0101la skapis SMD 81, apkop\u0113jas skapis, skapis apkop\u0113j\u0101m, skapis apkop\u0113jai, uzkop\u0161anas r\u012bku skapis, met\u0101la darbar\u012bku skapis, skapis slotai\",\"breadcrumb\":{\"@id\":\"https:\\\/\\\/storitgroup.com\\\/lv\\\/prece\\\/daudzfunkcionals-metala-skapis\\\/#breadcrumb\"},\"inLanguage\":\"lv-LV\",\"potentialAction\":[{\"@type\":\"ReadAction\",\"target\":[\"https:\\\/\\\/storitgroup.com\\\/lv\\\/prece\\\/daudzfunkcionals-metala-skapis\\\/\"]}]},{\"@type\":\"ImageObject\",\"inLanguage\":\"lv-LV\",\"@id\":\"https:\\\/\\\/storitgroup.com\\\/lv\\\/prece\\\/daudzfunkcionals-metala-skapis\\\/#primaryimage\",\"url\":\"https:\\\/\\\/storitgroup.com\\\/uploads\\\/2022\\\/08\\\/daudzfunkcionals-metala-skapis-smd-81-ar-plauktiem-un-drebju-stangu.jpeg\",\"contentUrl\":\"https:\\\/\\\/storitgroup.com\\\/uploads\\\/2022\\\/08\\\/daudzfunkcionals-metala-skapis-smd-81-ar-plauktiem-un-drebju-stangu.jpeg\",\"width\":825,\"height\":1100,\"caption\":\"Daudzfunkcion\u0101ls met\u0101la skapis SMD 81 ar plauktiem un dr\u0113bju stangu\"},{\"@type\":\"BreadcrumbList\",\"@id\":\"https:\\\/\\\/storitgroup.com\\\/lv\\\/prece\\\/daudzfunkcionals-metala-skapis\\\/#breadcrumb\",\"itemListElement\":[{\"@type\":\"ListItem\",\"position\":1,\"name\":\"S\u0101kumlapa\",\"item\":\"https:\\\/\\\/storitgroup.com\\\/lv\\\/\"},{\"@type\":\"ListItem\",\"position\":2,\"name\":\"Veikals\",\"item\":\"https:\\\/\\\/storitgroup.com\\\/lv\\\/veikals\\\/\"},{\"@type\":\"ListItem\",\"position\":3,\"name\":\"Met\u0101la skapji\",\"item\":\"https:\\\/\\\/storitgroup.com\\\/lv\\\/produkti\\\/metala-skapji\\\/\"},{\"@type\":\"ListItem\",\"position\":4,\"name\":\"Daudzfunkcion\u0101ls met\u0101la skapis, H1800x500x800 mm, SMD81\"}]},{\"@type\":\"WebSite\",\"@id\":\"https:\\\/\\\/storitgroup.com\\\/lv\\\/#website\",\"url\":\"https:\\\/\\\/storitgroup.com\\\/lv\\\/\",\"name\":\"Storit\",\"description\":\"\",\"potentialAction\":[{\"@type\":\"SearchAction\",\"target\":{\"@type\":\"EntryPoint\",\"urlTemplate\":\"https:\\\/\\\/storitgroup.com\\\/lv\\\/?s={search_term_string}\"},\"query-input\":{\"@type\":\"PropertyValueSpecification\",\"valueRequired\":true,\"valueName\":\"search_term_string\"}}],\"inLanguage\":\"lv-LV\"}]}<\/script>\n<!-- \/ Yoast SEO plugin. -->","yoast_head_json":{"title":"Daudzfunkcion\u0101ls met\u0101la skapis SMD 81 ar plauktiem un stangu","description":"Daudzfunkcion\u0101ls met\u0101la skapis SMD 81, apkop\u0113jas skapis, skapis apkop\u0113j\u0101m, skapis apkop\u0113jai, uzkop\u0161anas r\u012bku skapis, met\u0101la darbar\u012bku skapis, skapis slotai","robots":{"index":"index","follow":"follow","max-snippet":"max-snippet:-1","max-image-preview":"max-image-preview:large","max-video-preview":"max-video-preview:-1"},"canonical":"https:\/\/storitgroup.com\/lv\/prece\/daudzfunkcionals-metala-skapis\/","og_locale":"lv_LV","og_type":"article","og_title":"Daudzfunkcion\u0101ls met\u0101la skapis SMD 81 ar plauktiem un stangu","og_description":"Daudzfunkcion\u0101ls met\u0101la skapis SMD 81, apkop\u0113jas skapis, skapis apkop\u0113j\u0101m, skapis apkop\u0113jai, uzkop\u0161anas r\u012bku skapis, met\u0101la darbar\u012bku skapis, skapis slotai","og_url":"https:\/\/storitgroup.com\/lv\/prece\/daudzfunkcionals-metala-skapis\/","og_site_name":"Storit","article_modified_time":"2024-02-27T13:27:47+00:00","og_image":[{"width":825,"height":1100,"url":"https:\/\/storitgroup.com\/uploads\/2022\/08\/daudzfunkcionals-metala-skapis-smd-81-ar-plauktiem-un-drebju-stangu.jpeg","type":"image\/jpeg"}],"twitter_card":"summary_large_image","schema":{"@context":"https:\/\/schema.org","@graph":[{"@type":["WebPage","ItemPage"],"@id":"https:\/\/storitgroup.com\/lv\/prece\/daudzfunkcionals-metala-skapis\/","url":"https:\/\/storitgroup.com\/lv\/prece\/daudzfunkcionals-metala-skapis\/","name":"Daudzfunkcion\u0101ls met\u0101la skapis SMD 81 ar plauktiem un stangu","isPartOf":{"@id":"https:\/\/storitgroup.com\/lv\/#website"},"primaryImageOfPage":{"@id":"https:\/\/storitgroup.com\/lv\/prece\/daudzfunkcionals-metala-skapis\/#primaryimage"},"image":{"@id":"https:\/\/storitgroup.com\/lv\/prece\/daudzfunkcionals-metala-skapis\/#primaryimage"},"thumbnailUrl":"https:\/\/storitgroup.com\/uploads\/2022\/08\/daudzfunkcionals-metala-skapis-smd-81-ar-plauktiem-un-drebju-stangu.jpeg","datePublished":"2022-08-30T12:27:38+00:00","dateModified":"2024-02-27T13:27:47+00:00","description":"Daudzfunkcion\u0101ls met\u0101la skapis SMD 81, apkop\u0113jas skapis, skapis apkop\u0113j\u0101m, skapis apkop\u0113jai, uzkop\u0161anas r\u012bku skapis, met\u0101la darbar\u012bku skapis, skapis slotai","breadcrumb":{"@id":"https:\/\/storitgroup.com\/lv\/prece\/daudzfunkcionals-metala-skapis\/#breadcrumb"},"inLanguage":"lv-LV","potentialAction":[{"@type":"ReadAction","target":["https:\/\/storitgroup.com\/lv\/prece\/daudzfunkcionals-metala-skapis\/"]}]},{"@type":"ImageObject","inLanguage":"lv-LV","@id":"https:\/\/storitgroup.com\/lv\/prece\/daudzfunkcionals-metala-skapis\/#primaryimage","url":"https:\/\/storitgroup.com\/uploads\/2022\/08\/daudzfunkcionals-metala-skapis-smd-81-ar-plauktiem-un-drebju-stangu.jpeg","contentUrl":"https:\/\/storitgroup.com\/uploads\/2022\/08\/daudzfunkcionals-metala-skapis-smd-81-ar-plauktiem-un-drebju-stangu.jpeg","width":825,"height":1100,"caption":"Daudzfunkcion\u0101ls met\u0101la skapis SMD 81 ar plauktiem un dr\u0113bju stangu"},{"@type":"BreadcrumbList","@id":"https:\/\/storitgroup.com\/lv\/prece\/daudzfunkcionals-metala-skapis\/#breadcrumb","itemListElement":[{"@type":"ListItem","position":1,"name":"S\u0101kumlapa","item":"https:\/\/storitgroup.com\/lv\/"},{"@type":"ListItem","position":2,"name":"Veikals","item":"https:\/\/storitgroup.com\/lv\/veikals\/"},{"@type":"ListItem","position":3,"name":"Met\u0101la skapji","item":"https:\/\/storitgroup.com\/lv\/produkti\/metala-skapji\/"},{"@type":"ListItem","position":4,"name":"Daudzfunkcion\u0101ls met\u0101la skapis, H1800x500x800 mm, SMD81"}]},{"@type":"WebSite","@id":"https:\/\/storitgroup.com\/lv\/#website","url":"https:\/\/storitgroup.com\/lv\/","name":"Storit","description":"","potentialAction":[{"@type":"SearchAction","target":{"@type":"EntryPoint","urlTemplate":"https:\/\/storitgroup.com\/lv\/?s={search_term_string}"},"query-input":{"@type":"PropertyValueSpecification","valueRequired":true,"valueName":"search_term_string"}}],"inLanguage":"lv-LV"}]}},"_links":{"self":[{"href":"https:\/\/storitgroup.com\/lv\/wp-json\/wp\/v2\/product\/196979","targetHints":{"allow":["GET"]}}],"collection":[{"href":"https:\/\/storitgroup.com\/lv\/wp-json\/wp\/v2\/product"}],"about":[{"href":"https:\/\/storitgroup.com\/lv\/wp-json\/wp\/v2\/types\/product"}],"wp:featuredmedia":[{"embeddable":true,"href":"https:\/\/storitgroup.com\/lv\/wp-json\/wp\/v2\/media\/196980"}],"wp:attachment":[{"href":"https:\/\/storitgroup.com\/lv\/wp-json\/wp\/v2\/media?parent=196979"}],"wp:term":[{"taxonomy":"product_brand","embeddable":true,"href":"https:\/\/storitgroup.com\/lv\/wp-json\/wp\/v2\/product_brand?post=196979"},{"taxonomy":"product_cat","embeddable":true,"href":"https:\/\/storitgroup.com\/lv\/wp-json\/wp\/v2\/product_cat?post=196979"},{"taxonomy":"product_tag","embeddable":true,"href":"https:\/\/storitgroup.com\/lv\/wp-json\/wp\/v2\/product_tag?post=196979"}],"curies":[{"name":"wp","href":"https:\/\/api.w.org\/{rel}","templated":true}]}}