{"id":196967,"date":"2022-08-30T15:18:00","date_gmt":"2022-08-30T12:18:00","guid":{"rendered":"https:\/\/storitgroup.com\/?post_type=product&#038;p=196967"},"modified":"2024-02-27T15:05:10","modified_gmt":"2024-02-27T13:05:10","slug":"metala-skapis-apkopeju-inventaram","status":"publish","type":"product","link":"https:\/\/storitgroup.com\/lv\/prece\/metala-skapis-apkopeju-inventaram\/","title":{"rendered":"Met\u0101la skapis apkop\u0113ju invent\u0101ram, H1800x500x600 mm, SMD62"},"content":{"rendered":"<p>Dzi\u013cums: 500 mm;<\/p>\n<p>Platums:\u00a0600\u00a0mm;<\/p>\n<p>Augstums: 1800 mm.<\/p>\n<p>Plauktu skaits:\u00a04 plaukti;<\/p>\n<p>Plauktu augstums nav main\u0101ms;<\/p>\n<p>Augstums starp plauktiem: 318 mm.<\/p>\n","protected":false},"excerpt":{"rendered":"<p>Dzi\u013cums: 500 mm;<\/p>\n<p>Platums:\u00a0600\u00a0mm;<\/p>\n<p>Augstums: 1800 mm.<\/p>\n<p>Plauktu skaits:\u00a04 plaukti;<\/p>\n<p>Plauktu augstums nav main\u0101ms;<\/p>\n<p>Augstums starp plauktiem: 318 mm.<\/p>\n","protected":false},"featured_media":215720,"template":"","meta":{"_acf_changed":false},"product_brand":[],"product_cat":[7117],"product_tag":[],"class_list":{"0":"post-196967","1":"product","2":"type-product","3":"status-publish","4":"has-post-thumbnail","6":"product_cat-metala-skapji","8":"first","9":"instock","10":"taxable","11":"shipping-taxable","12":"purchasable","13":"product-type-simple"},"acf":[],"yoast_head":"<!-- This site is optimized with the Yoast SEO plugin v27.2 - https:\/\/yoast.com\/product\/yoast-seo-wordpress\/ -->\n<title>Met\u0101la skapis apkop\u0113ju invent\u0101ram, H1800x500x600 mm, SMD62 &#8226; Storit<\/title>\n<meta name=\"description\" content=\"Met\u0101la skapis apokop\u0113ju invent\u0101ram SMD62, metala skapis apkop\u0113j\u0101m, skapis slot\u0101m, metala skapis spai\u0146iem, sl\u0113dzams skapis apkop\u0113ju slot\u0101m, uzkop\u0161anas skapis\" \/>\n<meta name=\"robots\" content=\"index, follow, max-snippet:-1, max-image-preview:large, max-video-preview:-1\" \/>\n<link rel=\"canonical\" href=\"https:\/\/storitgroup.com\/lv\/prece\/metala-skapis-apkopeju-inventaram\/\" \/>\n<meta property=\"og:locale\" content=\"lv_LV\" \/>\n<meta property=\"og:type\" content=\"article\" \/>\n<meta property=\"og:title\" content=\"Met\u0101la skapis apkop\u0113ju invent\u0101ram, H1800x500x600 mm, SMD62 &#8226; Storit\" \/>\n<meta property=\"og:description\" content=\"Met\u0101la skapis apokop\u0113ju invent\u0101ram SMD62, metala skapis apkop\u0113j\u0101m, skapis slot\u0101m, metala skapis spai\u0146iem, sl\u0113dzams skapis apkop\u0113ju slot\u0101m, uzkop\u0161anas skapis\" \/>\n<meta property=\"og:url\" content=\"https:\/\/storitgroup.com\/lv\/prece\/metala-skapis-apkopeju-inventaram\/\" \/>\n<meta property=\"og:site_name\" content=\"Storit\" \/>\n<meta property=\"article:modified_time\" content=\"2024-02-27T13:05:10+00:00\" \/>\n<meta property=\"og:image\" content=\"https:\/\/storitgroup.com\/uploads\/2022\/08\/skapis-apkopeju-inventaram.jpg\" \/>\n\t<meta property=\"og:image:width\" content=\"1368\" \/>\n\t<meta property=\"og:image:height\" content=\"2500\" \/>\n\t<meta property=\"og:image:type\" content=\"image\/jpeg\" \/>\n<meta name=\"twitter:card\" content=\"summary_large_image\" \/>\n<script type=\"application\/ld+json\" class=\"yoast-schema-graph\">{\"@context\":\"https:\/\/schema.org\",\"@graph\":[{\"@type\":[\"WebPage\",\"ItemPage\"],\"@id\":\"https:\/\/storitgroup.com\/lv\/prece\/metala-skapis-apkopeju-inventaram\/\",\"url\":\"https:\/\/storitgroup.com\/lv\/prece\/metala-skapis-apkopeju-inventaram\/\",\"name\":\"Met\u0101la skapis apkop\u0113ju invent\u0101ram, H1800x500x600 mm, SMD62 &#8226; Storit\",\"isPartOf\":{\"@id\":\"https:\/\/storitgroup.com\/lv\/#website\"},\"primaryImageOfPage\":{\"@id\":\"https:\/\/storitgroup.com\/lv\/prece\/metala-skapis-apkopeju-inventaram\/#primaryimage\"},\"image\":{\"@id\":\"https:\/\/storitgroup.com\/lv\/prece\/metala-skapis-apkopeju-inventaram\/#primaryimage\"},\"thumbnailUrl\":\"https:\/\/storitgroup.com\/uploads\/2022\/08\/skapis-apkopeju-inventaram.jpg\",\"datePublished\":\"2022-08-30T12:18:00+00:00\",\"dateModified\":\"2024-02-27T13:05:10+00:00\",\"description\":\"Met\u0101la skapis apokop\u0113ju invent\u0101ram SMD62, metala skapis apkop\u0113j\u0101m, skapis slot\u0101m, metala skapis spai\u0146iem, sl\u0113dzams skapis apkop\u0113ju slot\u0101m, uzkop\u0161anas skapis\",\"breadcrumb\":{\"@id\":\"https:\/\/storitgroup.com\/lv\/prece\/metala-skapis-apkopeju-inventaram\/#breadcrumb\"},\"inLanguage\":\"lv-LV\",\"potentialAction\":[{\"@type\":\"ReadAction\",\"target\":[\"https:\/\/storitgroup.com\/lv\/prece\/metala-skapis-apkopeju-inventaram\/\"]}]},{\"@type\":\"ImageObject\",\"inLanguage\":\"lv-LV\",\"@id\":\"https:\/\/storitgroup.com\/lv\/prece\/metala-skapis-apkopeju-inventaram\/#primaryimage\",\"url\":\"https:\/\/storitgroup.com\/uploads\/2022\/08\/skapis-apkopeju-inventaram.jpg\",\"contentUrl\":\"https:\/\/storitgroup.com\/uploads\/2022\/08\/skapis-apkopeju-inventaram.jpg\",\"width\":1368,\"height\":2500,\"caption\":\"Met\u0101la skapis apokop\u0113ju invent\u0101ram SMD 62\"},{\"@type\":\"BreadcrumbList\",\"@id\":\"https:\/\/storitgroup.com\/lv\/prece\/metala-skapis-apkopeju-inventaram\/#breadcrumb\",\"itemListElement\":[{\"@type\":\"ListItem\",\"position\":1,\"name\":\"S\u0101kumlapa\",\"item\":\"https:\/\/storitgroup.com\/lv\/\"},{\"@type\":\"ListItem\",\"position\":2,\"name\":\"Veikals\",\"item\":\"https:\/\/storitgroup.com\/lv\/veikals\/\"},{\"@type\":\"ListItem\",\"position\":3,\"name\":\"Met\u0101la skapji\",\"item\":\"https:\/\/storitgroup.com\/lv\/metala-skapji\/\"},{\"@type\":\"ListItem\",\"position\":4,\"name\":\"Met\u0101la skapis apkop\u0113ju invent\u0101ram, H1800x500x600 mm, SMD62\"}]},{\"@type\":\"WebSite\",\"@id\":\"https:\/\/storitgroup.com\/lv\/#website\",\"url\":\"https:\/\/storitgroup.com\/lv\/\",\"name\":\"Storit\",\"description\":\"\",\"potentialAction\":[{\"@type\":\"SearchAction\",\"target\":{\"@type\":\"EntryPoint\",\"urlTemplate\":\"https:\/\/storitgroup.com\/lv\/?s={search_term_string}\"},\"query-input\":{\"@type\":\"PropertyValueSpecification\",\"valueRequired\":true,\"valueName\":\"search_term_string\"}}],\"inLanguage\":\"lv-LV\"}]}<\/script>\n<!-- \/ Yoast SEO plugin. -->","yoast_head_json":{"title":"Met\u0101la skapis apkop\u0113ju invent\u0101ram, H1800x500x600 mm, SMD62 &#8226; Storit","description":"Met\u0101la skapis apokop\u0113ju invent\u0101ram SMD62, metala skapis apkop\u0113j\u0101m, skapis slot\u0101m, metala skapis spai\u0146iem, sl\u0113dzams skapis apkop\u0113ju slot\u0101m, uzkop\u0161anas skapis","robots":{"index":"index","follow":"follow","max-snippet":"max-snippet:-1","max-image-preview":"max-image-preview:large","max-video-preview":"max-video-preview:-1"},"canonical":"https:\/\/storitgroup.com\/lv\/prece\/metala-skapis-apkopeju-inventaram\/","og_locale":"lv_LV","og_type":"article","og_title":"Met\u0101la skapis apkop\u0113ju invent\u0101ram, H1800x500x600 mm, SMD62 &#8226; Storit","og_description":"Met\u0101la skapis apokop\u0113ju invent\u0101ram SMD62, metala skapis apkop\u0113j\u0101m, skapis slot\u0101m, metala skapis spai\u0146iem, sl\u0113dzams skapis apkop\u0113ju slot\u0101m, uzkop\u0161anas skapis","og_url":"https:\/\/storitgroup.com\/lv\/prece\/metala-skapis-apkopeju-inventaram\/","og_site_name":"Storit","article_modified_time":"2024-02-27T13:05:10+00:00","og_image":[{"width":1368,"height":2500,"url":"https:\/\/storitgroup.com\/uploads\/2022\/08\/skapis-apkopeju-inventaram.jpg","type":"image\/jpeg"}],"twitter_card":"summary_large_image","schema":{"@context":"https:\/\/schema.org","@graph":[{"@type":["WebPage","ItemPage"],"@id":"https:\/\/storitgroup.com\/lv\/prece\/metala-skapis-apkopeju-inventaram\/","url":"https:\/\/storitgroup.com\/lv\/prece\/metala-skapis-apkopeju-inventaram\/","name":"Met\u0101la skapis apkop\u0113ju invent\u0101ram, H1800x500x600 mm, SMD62 &#8226; Storit","isPartOf":{"@id":"https:\/\/storitgroup.com\/lv\/#website"},"primaryImageOfPage":{"@id":"https:\/\/storitgroup.com\/lv\/prece\/metala-skapis-apkopeju-inventaram\/#primaryimage"},"image":{"@id":"https:\/\/storitgroup.com\/lv\/prece\/metala-skapis-apkopeju-inventaram\/#primaryimage"},"thumbnailUrl":"https:\/\/storitgroup.com\/uploads\/2022\/08\/skapis-apkopeju-inventaram.jpg","datePublished":"2022-08-30T12:18:00+00:00","dateModified":"2024-02-27T13:05:10+00:00","description":"Met\u0101la skapis apokop\u0113ju invent\u0101ram SMD62, metala skapis apkop\u0113j\u0101m, skapis slot\u0101m, metala skapis spai\u0146iem, sl\u0113dzams skapis apkop\u0113ju slot\u0101m, uzkop\u0161anas skapis","breadcrumb":{"@id":"https:\/\/storitgroup.com\/lv\/prece\/metala-skapis-apkopeju-inventaram\/#breadcrumb"},"inLanguage":"lv-LV","potentialAction":[{"@type":"ReadAction","target":["https:\/\/storitgroup.com\/lv\/prece\/metala-skapis-apkopeju-inventaram\/"]}]},{"@type":"ImageObject","inLanguage":"lv-LV","@id":"https:\/\/storitgroup.com\/lv\/prece\/metala-skapis-apkopeju-inventaram\/#primaryimage","url":"https:\/\/storitgroup.com\/uploads\/2022\/08\/skapis-apkopeju-inventaram.jpg","contentUrl":"https:\/\/storitgroup.com\/uploads\/2022\/08\/skapis-apkopeju-inventaram.jpg","width":1368,"height":2500,"caption":"Met\u0101la skapis apokop\u0113ju invent\u0101ram SMD 62"},{"@type":"BreadcrumbList","@id":"https:\/\/storitgroup.com\/lv\/prece\/metala-skapis-apkopeju-inventaram\/#breadcrumb","itemListElement":[{"@type":"ListItem","position":1,"name":"S\u0101kumlapa","item":"https:\/\/storitgroup.com\/lv\/"},{"@type":"ListItem","position":2,"name":"Veikals","item":"https:\/\/storitgroup.com\/lv\/veikals\/"},{"@type":"ListItem","position":3,"name":"Met\u0101la skapji","item":"https:\/\/storitgroup.com\/lv\/metala-skapji\/"},{"@type":"ListItem","position":4,"name":"Met\u0101la skapis apkop\u0113ju invent\u0101ram, H1800x500x600 mm, SMD62"}]},{"@type":"WebSite","@id":"https:\/\/storitgroup.com\/lv\/#website","url":"https:\/\/storitgroup.com\/lv\/","name":"Storit","description":"","potentialAction":[{"@type":"SearchAction","target":{"@type":"EntryPoint","urlTemplate":"https:\/\/storitgroup.com\/lv\/?s={search_term_string}"},"query-input":{"@type":"PropertyValueSpecification","valueRequired":true,"valueName":"search_term_string"}}],"inLanguage":"lv-LV"}]}},"_links":{"self":[{"href":"https:\/\/storitgroup.com\/lv\/wp-json\/wp\/v2\/product\/196967","targetHints":{"allow":["GET"]}}],"collection":[{"href":"https:\/\/storitgroup.com\/lv\/wp-json\/wp\/v2\/product"}],"about":[{"href":"https:\/\/storitgroup.com\/lv\/wp-json\/wp\/v2\/types\/product"}],"wp:featuredmedia":[{"embeddable":true,"href":"https:\/\/storitgroup.com\/lv\/wp-json\/wp\/v2\/media\/215720"}],"wp:attachment":[{"href":"https:\/\/storitgroup.com\/lv\/wp-json\/wp\/v2\/media?parent=196967"}],"wp:term":[{"taxonomy":"product_brand","embeddable":true,"href":"https:\/\/storitgroup.com\/lv\/wp-json\/wp\/v2\/product_brand?post=196967"},{"taxonomy":"product_cat","embeddable":true,"href":"https:\/\/storitgroup.com\/lv\/wp-json\/wp\/v2\/product_cat?post=196967"},{"taxonomy":"product_tag","embeddable":true,"href":"https:\/\/storitgroup.com\/lv\/wp-json\/wp\/v2\/product_tag?post=196967"}],"curies":[{"name":"wp","href":"https:\/\/api.w.org\/{rel}","templated":true}]}}