{"id":196955,"date":"2022-08-30T15:01:22","date_gmt":"2022-08-30T12:01:22","guid":{"rendered":"https:\/\/storitgroup.com\/?post_type=product&#038;p=196955"},"modified":"2024-02-27T14:42:22","modified_gmt":"2024-02-27T12:42:22","slug":"metala-inventara-skapis","status":"publish","type":"product","link":"https:\/\/storitgroup.com\/lv\/prece\/metala-inventara-skapis\/","title":{"rendered":"Met\u0101la invent\u0101ra skapis, H1800x500x600 mm, SMD60"},"content":{"rendered":"","protected":false},"excerpt":{"rendered":"<p>Met\u0101la invent\u0101ra skapis SMD60 ar plauktiem ir augstas kvalit\u0101tes daudzfunkcion\u0101ls met\u0101la skapis.<\/p>\n<p>&nbsp;<\/p>\n<p>Met\u0101la skapji izgatavoti no t\u0113rauda loksn\u0113m, kas aizsarg\u0101tas pret r\u016bsu un p\u0101rkl\u0101tas ar pulverkr\u0101su.\u00a0Noliktav\u0101 skapji pel\u0113k\u0101 kr\u0101s\u0101 (RAL 7035). Pas\u016btot \u2013 pulverkr\u0101su iesp\u0113jams izv\u0113l\u0113ties no RAL paletes.<\/p>\n<p>&nbsp;<\/p>\n<p>Skapis apr\u012bkots ar sl\u0113dzeni, kas nodro\u0161ina durvju blo\u0137\u0113\u0161anu 3 punktos, komplekt\u0101 ir 2 atsl\u0113gas.<\/p>\n<p>&nbsp;<\/p>\n<p>Skapim plaukti ir fiks\u0113ti \u2013 bez iesp\u0113jas tos regul\u0113t.\u00a0Mont\u0101\u017ea nav nepiecie\u0161ama.<\/p>\n","protected":false},"featured_media":215710,"template":"","meta":{"_acf_changed":false},"product_brand":[],"product_cat":[7117],"product_tag":[],"class_list":{"0":"post-196955","1":"product","2":"type-product","3":"status-publish","4":"has-post-thumbnail","6":"product_cat-metala-skapji","8":"first","9":"instock","10":"taxable","11":"shipping-taxable","12":"purchasable","13":"product-type-simple"},"acf":[],"yoast_head":"<!-- This site is optimized with the Yoast SEO plugin v27.4 - https:\/\/yoast.com\/product\/yoast-seo-wordpress\/ -->\n<title>Met\u0101la invent\u0101ra skapis, H1800x500x600 mm, SMD60<\/title>\n<meta name=\"description\" content=\"Met\u0101la invent\u0101ra skapis SMD60 ar plauktiem, sl\u0113dzams metala skapis instrumentiem, sl\u0113dzami met\u0101la skapji, instrumentu met\u0101la skapis, skapis invent\u0101ram\" \/>\n<meta name=\"robots\" content=\"index, follow, max-snippet:-1, max-image-preview:large, max-video-preview:-1\" \/>\n<link rel=\"canonical\" href=\"https:\/\/storitgroup.com\/lv\/prece\/metala-inventara-skapis\/\" \/>\n<meta property=\"og:locale\" content=\"lv_LV\" \/>\n<meta property=\"og:type\" content=\"article\" \/>\n<meta property=\"og:title\" content=\"Met\u0101la invent\u0101ra skapis, H1800x500x600 mm, SMD60\" \/>\n<meta property=\"og:description\" content=\"Met\u0101la invent\u0101ra skapis SMD60 ar plauktiem, sl\u0113dzams metala skapis instrumentiem, sl\u0113dzami met\u0101la skapji, instrumentu met\u0101la skapis, skapis invent\u0101ram\" \/>\n<meta property=\"og:url\" content=\"https:\/\/storitgroup.com\/lv\/prece\/metala-inventara-skapis\/\" \/>\n<meta property=\"og:site_name\" content=\"Storit\" \/>\n<meta property=\"article:modified_time\" content=\"2024-02-27T12:42:22+00:00\" \/>\n<meta property=\"og:image\" content=\"https:\/\/storitgroup.com\/uploads\/2022\/08\/metala-inventara-skapis-smd60.jpeg\" \/>\n\t<meta property=\"og:image:width\" content=\"1280\" \/>\n\t<meta property=\"og:image:height\" content=\"1280\" \/>\n\t<meta property=\"og:image:type\" content=\"image\/jpeg\" \/>\n<meta name=\"twitter:card\" content=\"summary_large_image\" \/>\n<script type=\"application\/ld+json\" class=\"yoast-schema-graph\">{\"@context\":\"https:\\\/\\\/schema.org\",\"@graph\":[{\"@type\":[\"WebPage\",\"ItemPage\"],\"@id\":\"https:\\\/\\\/storitgroup.com\\\/lv\\\/prece\\\/metala-inventara-skapis\\\/\",\"url\":\"https:\\\/\\\/storitgroup.com\\\/lv\\\/prece\\\/metala-inventara-skapis\\\/\",\"name\":\"Met\u0101la invent\u0101ra skapis, H1800x500x600 mm, SMD60\",\"isPartOf\":{\"@id\":\"https:\\\/\\\/storitgroup.com\\\/lv\\\/#website\"},\"primaryImageOfPage\":{\"@id\":\"https:\\\/\\\/storitgroup.com\\\/lv\\\/prece\\\/metala-inventara-skapis\\\/#primaryimage\"},\"image\":{\"@id\":\"https:\\\/\\\/storitgroup.com\\\/lv\\\/prece\\\/metala-inventara-skapis\\\/#primaryimage\"},\"thumbnailUrl\":\"https:\\\/\\\/storitgroup.com\\\/uploads\\\/2022\\\/08\\\/metala-inventara-skapis-smd60.jpeg\",\"datePublished\":\"2022-08-30T12:01:22+00:00\",\"dateModified\":\"2024-02-27T12:42:22+00:00\",\"description\":\"Met\u0101la invent\u0101ra skapis SMD60 ar plauktiem, sl\u0113dzams metala skapis instrumentiem, sl\u0113dzami met\u0101la skapji, instrumentu met\u0101la skapis, skapis invent\u0101ram\",\"breadcrumb\":{\"@id\":\"https:\\\/\\\/storitgroup.com\\\/lv\\\/prece\\\/metala-inventara-skapis\\\/#breadcrumb\"},\"inLanguage\":\"lv-LV\",\"potentialAction\":[{\"@type\":\"ReadAction\",\"target\":[\"https:\\\/\\\/storitgroup.com\\\/lv\\\/prece\\\/metala-inventara-skapis\\\/\"]}]},{\"@type\":\"ImageObject\",\"inLanguage\":\"lv-LV\",\"@id\":\"https:\\\/\\\/storitgroup.com\\\/lv\\\/prece\\\/metala-inventara-skapis\\\/#primaryimage\",\"url\":\"https:\\\/\\\/storitgroup.com\\\/uploads\\\/2022\\\/08\\\/metala-inventara-skapis-smd60.jpeg\",\"contentUrl\":\"https:\\\/\\\/storitgroup.com\\\/uploads\\\/2022\\\/08\\\/metala-inventara-skapis-smd60.jpeg\",\"width\":1280,\"height\":1280,\"caption\":\"Met\u0101la invent\u0101ra skapis SMD 60\"},{\"@type\":\"BreadcrumbList\",\"@id\":\"https:\\\/\\\/storitgroup.com\\\/lv\\\/prece\\\/metala-inventara-skapis\\\/#breadcrumb\",\"itemListElement\":[{\"@type\":\"ListItem\",\"position\":1,\"name\":\"S\u0101kumlapa\",\"item\":\"https:\\\/\\\/storitgroup.com\\\/lv\\\/\"},{\"@type\":\"ListItem\",\"position\":2,\"name\":\"Veikals\",\"item\":\"https:\\\/\\\/storitgroup.com\\\/lv\\\/veikals\\\/\"},{\"@type\":\"ListItem\",\"position\":3,\"name\":\"Met\u0101la skapji\",\"item\":\"https:\\\/\\\/storitgroup.com\\\/lv\\\/produkti\\\/metala-skapji\\\/\"},{\"@type\":\"ListItem\",\"position\":4,\"name\":\"Met\u0101la invent\u0101ra skapis, H1800x500x600 mm, SMD60\"}]},{\"@type\":\"WebSite\",\"@id\":\"https:\\\/\\\/storitgroup.com\\\/lv\\\/#website\",\"url\":\"https:\\\/\\\/storitgroup.com\\\/lv\\\/\",\"name\":\"Storit\",\"description\":\"\",\"potentialAction\":[{\"@type\":\"SearchAction\",\"target\":{\"@type\":\"EntryPoint\",\"urlTemplate\":\"https:\\\/\\\/storitgroup.com\\\/lv\\\/?s={search_term_string}\"},\"query-input\":{\"@type\":\"PropertyValueSpecification\",\"valueRequired\":true,\"valueName\":\"search_term_string\"}}],\"inLanguage\":\"lv-LV\"}]}<\/script>\n<!-- \/ Yoast SEO plugin. -->","yoast_head_json":{"title":"Met\u0101la invent\u0101ra skapis, H1800x500x600 mm, SMD60","description":"Met\u0101la invent\u0101ra skapis SMD60 ar plauktiem, sl\u0113dzams metala skapis instrumentiem, sl\u0113dzami met\u0101la skapji, instrumentu met\u0101la skapis, skapis invent\u0101ram","robots":{"index":"index","follow":"follow","max-snippet":"max-snippet:-1","max-image-preview":"max-image-preview:large","max-video-preview":"max-video-preview:-1"},"canonical":"https:\/\/storitgroup.com\/lv\/prece\/metala-inventara-skapis\/","og_locale":"lv_LV","og_type":"article","og_title":"Met\u0101la invent\u0101ra skapis, H1800x500x600 mm, SMD60","og_description":"Met\u0101la invent\u0101ra skapis SMD60 ar plauktiem, sl\u0113dzams metala skapis instrumentiem, sl\u0113dzami met\u0101la skapji, instrumentu met\u0101la skapis, skapis invent\u0101ram","og_url":"https:\/\/storitgroup.com\/lv\/prece\/metala-inventara-skapis\/","og_site_name":"Storit","article_modified_time":"2024-02-27T12:42:22+00:00","og_image":[{"width":1280,"height":1280,"url":"https:\/\/storitgroup.com\/uploads\/2022\/08\/metala-inventara-skapis-smd60.jpeg","type":"image\/jpeg"}],"twitter_card":"summary_large_image","schema":{"@context":"https:\/\/schema.org","@graph":[{"@type":["WebPage","ItemPage"],"@id":"https:\/\/storitgroup.com\/lv\/prece\/metala-inventara-skapis\/","url":"https:\/\/storitgroup.com\/lv\/prece\/metala-inventara-skapis\/","name":"Met\u0101la invent\u0101ra skapis, H1800x500x600 mm, SMD60","isPartOf":{"@id":"https:\/\/storitgroup.com\/lv\/#website"},"primaryImageOfPage":{"@id":"https:\/\/storitgroup.com\/lv\/prece\/metala-inventara-skapis\/#primaryimage"},"image":{"@id":"https:\/\/storitgroup.com\/lv\/prece\/metala-inventara-skapis\/#primaryimage"},"thumbnailUrl":"https:\/\/storitgroup.com\/uploads\/2022\/08\/metala-inventara-skapis-smd60.jpeg","datePublished":"2022-08-30T12:01:22+00:00","dateModified":"2024-02-27T12:42:22+00:00","description":"Met\u0101la invent\u0101ra skapis SMD60 ar plauktiem, sl\u0113dzams metala skapis instrumentiem, sl\u0113dzami met\u0101la skapji, instrumentu met\u0101la skapis, skapis invent\u0101ram","breadcrumb":{"@id":"https:\/\/storitgroup.com\/lv\/prece\/metala-inventara-skapis\/#breadcrumb"},"inLanguage":"lv-LV","potentialAction":[{"@type":"ReadAction","target":["https:\/\/storitgroup.com\/lv\/prece\/metala-inventara-skapis\/"]}]},{"@type":"ImageObject","inLanguage":"lv-LV","@id":"https:\/\/storitgroup.com\/lv\/prece\/metala-inventara-skapis\/#primaryimage","url":"https:\/\/storitgroup.com\/uploads\/2022\/08\/metala-inventara-skapis-smd60.jpeg","contentUrl":"https:\/\/storitgroup.com\/uploads\/2022\/08\/metala-inventara-skapis-smd60.jpeg","width":1280,"height":1280,"caption":"Met\u0101la invent\u0101ra skapis SMD 60"},{"@type":"BreadcrumbList","@id":"https:\/\/storitgroup.com\/lv\/prece\/metala-inventara-skapis\/#breadcrumb","itemListElement":[{"@type":"ListItem","position":1,"name":"S\u0101kumlapa","item":"https:\/\/storitgroup.com\/lv\/"},{"@type":"ListItem","position":2,"name":"Veikals","item":"https:\/\/storitgroup.com\/lv\/veikals\/"},{"@type":"ListItem","position":3,"name":"Met\u0101la skapji","item":"https:\/\/storitgroup.com\/lv\/produkti\/metala-skapji\/"},{"@type":"ListItem","position":4,"name":"Met\u0101la invent\u0101ra skapis, H1800x500x600 mm, SMD60"}]},{"@type":"WebSite","@id":"https:\/\/storitgroup.com\/lv\/#website","url":"https:\/\/storitgroup.com\/lv\/","name":"Storit","description":"","potentialAction":[{"@type":"SearchAction","target":{"@type":"EntryPoint","urlTemplate":"https:\/\/storitgroup.com\/lv\/?s={search_term_string}"},"query-input":{"@type":"PropertyValueSpecification","valueRequired":true,"valueName":"search_term_string"}}],"inLanguage":"lv-LV"}]}},"_links":{"self":[{"href":"https:\/\/storitgroup.com\/lv\/wp-json\/wp\/v2\/product\/196955","targetHints":{"allow":["GET"]}}],"collection":[{"href":"https:\/\/storitgroup.com\/lv\/wp-json\/wp\/v2\/product"}],"about":[{"href":"https:\/\/storitgroup.com\/lv\/wp-json\/wp\/v2\/types\/product"}],"wp:featuredmedia":[{"embeddable":true,"href":"https:\/\/storitgroup.com\/lv\/wp-json\/wp\/v2\/media\/215710"}],"wp:attachment":[{"href":"https:\/\/storitgroup.com\/lv\/wp-json\/wp\/v2\/media?parent=196955"}],"wp:term":[{"taxonomy":"product_brand","embeddable":true,"href":"https:\/\/storitgroup.com\/lv\/wp-json\/wp\/v2\/product_brand?post=196955"},{"taxonomy":"product_cat","embeddable":true,"href":"https:\/\/storitgroup.com\/lv\/wp-json\/wp\/v2\/product_cat?post=196955"},{"taxonomy":"product_tag","embeddable":true,"href":"https:\/\/storitgroup.com\/lv\/wp-json\/wp\/v2\/product_tag?post=196955"}],"curies":[{"name":"wp","href":"https:\/\/api.w.org\/{rel}","templated":true}]}}