{"id":196931,"date":"2022-08-30T14:24:34","date_gmt":"2022-08-30T11:24:34","guid":{"rendered":"https:\/\/storitgroup.com\/?post_type=product&#038;p=196931"},"modified":"2024-02-27T13:55:00","modified_gmt":"2024-02-27T11:55:00","slug":"metala-dokumentu-skapis-sbm202","status":"publish","type":"product","link":"https:\/\/storitgroup.com\/lv\/prece\/metala-dokumentu-skapis-sbm202\/","title":{"rendered":"Met\u0101la dokumentu skapis, H1990x435x800 mm, SBM202"},"content":{"rendered":"<p>Dzi\u013cums: 435 mm<\/p>\n<p>Platums: 800 mm<\/p>\n<p>Augstums: 1990 mm<\/p>\n<p>Katra plaukta kravnes\u012bba: 80 kg<\/p>\n<p>Komplekt\u0101: 2 atsevi\u0161\u0137as atsl\u0113gas<\/p>\n<p>Plaukti: 4 gab, ietilp\u012bba 5 l\u012bme\u0146i<\/p>\n<p>Plauktu regul\u0113\u0161anas solis: ik p\u0113c 25 mm<\/p>\n<p>Kr\u0101sa: pel\u0113ka (RAL7035)<\/p>\n<p>&nbsp;<\/p>\n<p><strong><em>P\u0113c pas\u016bt\u012bjuma skapju kr\u0101su var izv\u0113l\u0113ties no RAL kr\u0101su kataloga!\u00a0<\/em><\/strong><\/p>\n","protected":false},"excerpt":{"rendered":"<p>Dzi\u013cums: 435 mm;<\/p>\n<p>Platums: 800 mm;<\/p>\n<p>Augstums: 1990 mm.<\/p>\n<p>&nbsp;<\/p>\n<p>Katra plaukta kravnes\u012bba: 80 kg;<\/p>\n<p>Skapis sl\u0113dzams, 2 atsevi\u0161\u0137as atsl\u0113gas;<\/p>\n<p>Plaukti: 4 gab, ietilp\u012bba 5 l\u012bme\u0146i;<\/p>\n<p>Plauktu regul\u0113\u0161anas solis: ik p\u0113c 25 mm;<\/p>\n<p>Kr\u0101sa: pel\u0113ka (RAL7035).<\/p>\n<p>&nbsp;<\/p>\n<p>P\u0113c pas\u016bt\u012bjuma skapju kr\u0101su var izv\u0113l\u0113ties no RAL kr\u0101su kataloga.<\/p>\n","protected":false},"featured_media":215675,"template":"","meta":{"_acf_changed":false},"product_brand":[],"product_cat":[7117],"product_tag":[],"class_list":{"0":"post-196931","1":"product","2":"type-product","3":"status-publish","4":"has-post-thumbnail","6":"product_cat-metala-skapji","8":"first","9":"instock","10":"taxable","11":"shipping-taxable","12":"purchasable","13":"product-type-simple"},"acf":[],"yoast_head":"<!-- This site is optimized with the Yoast SEO plugin v27.2 - https:\/\/yoast.com\/product\/yoast-seo-wordpress\/ -->\n<title>Met\u0101la dokumentu skapis, H1990x435x800 mm, SBM202 &#8226; Storit<\/title>\n<meta name=\"description\" content=\"metala dokumentu skapis sbm202, skapis birojam, skapis ofisam, sl\u0113dzams met\u0101la skapis, met\u0101la biroja skapis sl\u0113d\u0113zams\" \/>\n<meta name=\"robots\" content=\"index, follow, max-snippet:-1, max-image-preview:large, max-video-preview:-1\" \/>\n<link rel=\"canonical\" href=\"https:\/\/storitgroup.com\/lv\/prece\/metala-dokumentu-skapis-sbm202\/\" \/>\n<meta property=\"og:locale\" content=\"lv_LV\" \/>\n<meta property=\"og:type\" content=\"article\" \/>\n<meta property=\"og:title\" content=\"Met\u0101la dokumentu skapis, H1990x435x800 mm, SBM202 &#8226; Storit\" \/>\n<meta property=\"og:description\" content=\"metala dokumentu skapis sbm202, skapis birojam, skapis ofisam, sl\u0113dzams met\u0101la skapis, met\u0101la biroja skapis sl\u0113d\u0113zams\" \/>\n<meta property=\"og:url\" content=\"https:\/\/storitgroup.com\/lv\/prece\/metala-dokumentu-skapis-sbm202\/\" \/>\n<meta property=\"og:site_name\" content=\"Storit\" \/>\n<meta property=\"article:modified_time\" content=\"2024-02-27T11:55:00+00:00\" \/>\n<meta property=\"og:image\" content=\"https:\/\/storitgroup.com\/uploads\/2022\/08\/metala-dokumentu-skapis-sbm202.jpeg\" \/>\n\t<meta property=\"og:image:width\" content=\"1280\" \/>\n\t<meta property=\"og:image:height\" content=\"1280\" \/>\n\t<meta property=\"og:image:type\" content=\"image\/jpeg\" \/>\n<meta name=\"twitter:card\" content=\"summary_large_image\" \/>\n<script type=\"application\/ld+json\" class=\"yoast-schema-graph\">{\"@context\":\"https:\/\/schema.org\",\"@graph\":[{\"@type\":[\"WebPage\",\"ItemPage\"],\"@id\":\"https:\/\/storitgroup.com\/lv\/prece\/metala-dokumentu-skapis-sbm202\/\",\"url\":\"https:\/\/storitgroup.com\/lv\/prece\/metala-dokumentu-skapis-sbm202\/\",\"name\":\"Met\u0101la dokumentu skapis, H1990x435x800 mm, SBM202 &#8226; Storit\",\"isPartOf\":{\"@id\":\"https:\/\/storitgroup.com\/lv\/#website\"},\"primaryImageOfPage\":{\"@id\":\"https:\/\/storitgroup.com\/lv\/prece\/metala-dokumentu-skapis-sbm202\/#primaryimage\"},\"image\":{\"@id\":\"https:\/\/storitgroup.com\/lv\/prece\/metala-dokumentu-skapis-sbm202\/#primaryimage\"},\"thumbnailUrl\":\"https:\/\/storitgroup.com\/uploads\/2022\/08\/metala-dokumentu-skapis-sbm202.jpeg\",\"datePublished\":\"2022-08-30T11:24:34+00:00\",\"dateModified\":\"2024-02-27T11:55:00+00:00\",\"description\":\"metala dokumentu skapis sbm202, skapis birojam, skapis ofisam, sl\u0113dzams met\u0101la skapis, met\u0101la biroja skapis sl\u0113d\u0113zams\",\"breadcrumb\":{\"@id\":\"https:\/\/storitgroup.com\/lv\/prece\/metala-dokumentu-skapis-sbm202\/#breadcrumb\"},\"inLanguage\":\"lv-LV\",\"potentialAction\":[{\"@type\":\"ReadAction\",\"target\":[\"https:\/\/storitgroup.com\/lv\/prece\/metala-dokumentu-skapis-sbm202\/\"]}]},{\"@type\":\"ImageObject\",\"inLanguage\":\"lv-LV\",\"@id\":\"https:\/\/storitgroup.com\/lv\/prece\/metala-dokumentu-skapis-sbm202\/#primaryimage\",\"url\":\"https:\/\/storitgroup.com\/uploads\/2022\/08\/metala-dokumentu-skapis-sbm202.jpeg\",\"contentUrl\":\"https:\/\/storitgroup.com\/uploads\/2022\/08\/metala-dokumentu-skapis-sbm202.jpeg\",\"width\":1280,\"height\":1280,\"caption\":\"Met\u0101la dokumentu skapis, SBM202\"},{\"@type\":\"BreadcrumbList\",\"@id\":\"https:\/\/storitgroup.com\/lv\/prece\/metala-dokumentu-skapis-sbm202\/#breadcrumb\",\"itemListElement\":[{\"@type\":\"ListItem\",\"position\":1,\"name\":\"S\u0101kumlapa\",\"item\":\"https:\/\/storitgroup.com\/lv\/\"},{\"@type\":\"ListItem\",\"position\":2,\"name\":\"Veikals\",\"item\":\"https:\/\/storitgroup.com\/lv\/veikals\/\"},{\"@type\":\"ListItem\",\"position\":3,\"name\":\"Met\u0101la skapji\",\"item\":\"https:\/\/storitgroup.com\/lv\/metala-skapji\/\"},{\"@type\":\"ListItem\",\"position\":4,\"name\":\"Met\u0101la dokumentu skapis, H1990x435x800 mm, SBM202\"}]},{\"@type\":\"WebSite\",\"@id\":\"https:\/\/storitgroup.com\/lv\/#website\",\"url\":\"https:\/\/storitgroup.com\/lv\/\",\"name\":\"Storit\",\"description\":\"\",\"potentialAction\":[{\"@type\":\"SearchAction\",\"target\":{\"@type\":\"EntryPoint\",\"urlTemplate\":\"https:\/\/storitgroup.com\/lv\/?s={search_term_string}\"},\"query-input\":{\"@type\":\"PropertyValueSpecification\",\"valueRequired\":true,\"valueName\":\"search_term_string\"}}],\"inLanguage\":\"lv-LV\"}]}<\/script>\n<!-- \/ Yoast SEO plugin. -->","yoast_head_json":{"title":"Met\u0101la dokumentu skapis, H1990x435x800 mm, SBM202 &#8226; Storit","description":"metala dokumentu skapis sbm202, skapis birojam, skapis ofisam, sl\u0113dzams met\u0101la skapis, met\u0101la biroja skapis sl\u0113d\u0113zams","robots":{"index":"index","follow":"follow","max-snippet":"max-snippet:-1","max-image-preview":"max-image-preview:large","max-video-preview":"max-video-preview:-1"},"canonical":"https:\/\/storitgroup.com\/lv\/prece\/metala-dokumentu-skapis-sbm202\/","og_locale":"lv_LV","og_type":"article","og_title":"Met\u0101la dokumentu skapis, H1990x435x800 mm, SBM202 &#8226; Storit","og_description":"metala dokumentu skapis sbm202, skapis birojam, skapis ofisam, sl\u0113dzams met\u0101la skapis, met\u0101la biroja skapis sl\u0113d\u0113zams","og_url":"https:\/\/storitgroup.com\/lv\/prece\/metala-dokumentu-skapis-sbm202\/","og_site_name":"Storit","article_modified_time":"2024-02-27T11:55:00+00:00","og_image":[{"width":1280,"height":1280,"url":"https:\/\/storitgroup.com\/uploads\/2022\/08\/metala-dokumentu-skapis-sbm202.jpeg","type":"image\/jpeg"}],"twitter_card":"summary_large_image","schema":{"@context":"https:\/\/schema.org","@graph":[{"@type":["WebPage","ItemPage"],"@id":"https:\/\/storitgroup.com\/lv\/prece\/metala-dokumentu-skapis-sbm202\/","url":"https:\/\/storitgroup.com\/lv\/prece\/metala-dokumentu-skapis-sbm202\/","name":"Met\u0101la dokumentu skapis, H1990x435x800 mm, SBM202 &#8226; Storit","isPartOf":{"@id":"https:\/\/storitgroup.com\/lv\/#website"},"primaryImageOfPage":{"@id":"https:\/\/storitgroup.com\/lv\/prece\/metala-dokumentu-skapis-sbm202\/#primaryimage"},"image":{"@id":"https:\/\/storitgroup.com\/lv\/prece\/metala-dokumentu-skapis-sbm202\/#primaryimage"},"thumbnailUrl":"https:\/\/storitgroup.com\/uploads\/2022\/08\/metala-dokumentu-skapis-sbm202.jpeg","datePublished":"2022-08-30T11:24:34+00:00","dateModified":"2024-02-27T11:55:00+00:00","description":"metala dokumentu skapis sbm202, skapis birojam, skapis ofisam, sl\u0113dzams met\u0101la skapis, met\u0101la biroja skapis sl\u0113d\u0113zams","breadcrumb":{"@id":"https:\/\/storitgroup.com\/lv\/prece\/metala-dokumentu-skapis-sbm202\/#breadcrumb"},"inLanguage":"lv-LV","potentialAction":[{"@type":"ReadAction","target":["https:\/\/storitgroup.com\/lv\/prece\/metala-dokumentu-skapis-sbm202\/"]}]},{"@type":"ImageObject","inLanguage":"lv-LV","@id":"https:\/\/storitgroup.com\/lv\/prece\/metala-dokumentu-skapis-sbm202\/#primaryimage","url":"https:\/\/storitgroup.com\/uploads\/2022\/08\/metala-dokumentu-skapis-sbm202.jpeg","contentUrl":"https:\/\/storitgroup.com\/uploads\/2022\/08\/metala-dokumentu-skapis-sbm202.jpeg","width":1280,"height":1280,"caption":"Met\u0101la dokumentu skapis, SBM202"},{"@type":"BreadcrumbList","@id":"https:\/\/storitgroup.com\/lv\/prece\/metala-dokumentu-skapis-sbm202\/#breadcrumb","itemListElement":[{"@type":"ListItem","position":1,"name":"S\u0101kumlapa","item":"https:\/\/storitgroup.com\/lv\/"},{"@type":"ListItem","position":2,"name":"Veikals","item":"https:\/\/storitgroup.com\/lv\/veikals\/"},{"@type":"ListItem","position":3,"name":"Met\u0101la skapji","item":"https:\/\/storitgroup.com\/lv\/metala-skapji\/"},{"@type":"ListItem","position":4,"name":"Met\u0101la dokumentu skapis, H1990x435x800 mm, SBM202"}]},{"@type":"WebSite","@id":"https:\/\/storitgroup.com\/lv\/#website","url":"https:\/\/storitgroup.com\/lv\/","name":"Storit","description":"","potentialAction":[{"@type":"SearchAction","target":{"@type":"EntryPoint","urlTemplate":"https:\/\/storitgroup.com\/lv\/?s={search_term_string}"},"query-input":{"@type":"PropertyValueSpecification","valueRequired":true,"valueName":"search_term_string"}}],"inLanguage":"lv-LV"}]}},"_links":{"self":[{"href":"https:\/\/storitgroup.com\/lv\/wp-json\/wp\/v2\/product\/196931","targetHints":{"allow":["GET"]}}],"collection":[{"href":"https:\/\/storitgroup.com\/lv\/wp-json\/wp\/v2\/product"}],"about":[{"href":"https:\/\/storitgroup.com\/lv\/wp-json\/wp\/v2\/types\/product"}],"wp:featuredmedia":[{"embeddable":true,"href":"https:\/\/storitgroup.com\/lv\/wp-json\/wp\/v2\/media\/215675"}],"wp:attachment":[{"href":"https:\/\/storitgroup.com\/lv\/wp-json\/wp\/v2\/media?parent=196931"}],"wp:term":[{"taxonomy":"product_brand","embeddable":true,"href":"https:\/\/storitgroup.com\/lv\/wp-json\/wp\/v2\/product_brand?post=196931"},{"taxonomy":"product_cat","embeddable":true,"href":"https:\/\/storitgroup.com\/lv\/wp-json\/wp\/v2\/product_cat?post=196931"},{"taxonomy":"product_tag","embeddable":true,"href":"https:\/\/storitgroup.com\/lv\/wp-json\/wp\/v2\/product_tag?post=196931"}],"curies":[{"name":"wp","href":"https:\/\/api.w.org\/{rel}","templated":true}]}}