{"id":196270,"date":"2022-08-17T15:10:48","date_gmt":"2022-08-17T12:10:48","guid":{"rendered":"https:\/\/storitgroup.com\/?post_type=product&#038;p=196270"},"modified":"2024-02-26T12:35:46","modified_gmt":"2024-02-26T10:35:46","slug":"garderobes-sols-800mm","status":"publish","type":"product","link":"https:\/\/storitgroup.com\/lv\/prece\/garderobes-sols-800mm\/","title":{"rendered":"Sols ar koka d\u0113\u013ciem 800 mm, P 421 W"},"content":{"rendered":"","protected":false},"excerpt":{"rendered":"<p>Izm\u0113ri: 790 x 745 x 390 mm;<\/p>\n<p>&nbsp;<\/p>\n<p>Apr\u012bkots ar l\u012bme\u0146o\u0161anas skr\u016bv\u0113m, k\u0101ju galos;<br \/>\nmet\u0101la k\u0101ju r\u0101mis ar priedes koka d\u0113\u013ciem.<\/p>\n<p>&nbsp;<\/p>\n<p>Skap\u012btis uz sola tiek uzlikts un pieskr\u016bv\u0113ts ar div\u0101m skr\u016bv\u0113m. Skr\u016bves ietilpst komplekt\u0101cij\u0101.<\/p>\n<p>&nbsp;<\/p>\n<p>Soli garderobes skapjiem P421 W ra\u017eoti Polij\u0101.<\/p>\n<p>&nbsp;<\/p>\n","protected":false},"featured_media":215652,"template":"","meta":{"_acf_changed":false},"product_brand":[],"product_cat":[7117],"product_tag":[],"class_list":{"0":"post-196270","1":"product","2":"type-product","3":"status-publish","4":"has-post-thumbnail","6":"product_cat-metala-skapji","8":"first","9":"instock","10":"taxable","11":"shipping-taxable","12":"purchasable","13":"product-type-simple"},"acf":[],"yoast_head":"<!-- This site is optimized with the Yoast SEO plugin v27.3 - https:\/\/yoast.com\/product\/yoast-seo-wordpress\/ -->\n<title>Sols ar koka d\u0113\u013ciem 800 mm, P 421 W &#8226; Storit<\/title>\n<meta name=\"description\" content=\"Garderobes sols 800 mm - piem\u0113rots \u0123\u0113rbtuves, nodal\u012bjumu un L durvju skapjiem 800 mm platum\u0101. Sols ar met\u0101la k\u0101ju r\u0101mi un koka d\u0113l\u012b\u0161iem.\" \/>\n<meta name=\"robots\" content=\"index, follow, max-snippet:-1, max-image-preview:large, max-video-preview:-1\" \/>\n<link rel=\"canonical\" href=\"https:\/\/storitgroup.com\/lv\/prece\/garderobes-sols-800mm\/\" \/>\n<meta property=\"og:locale\" content=\"lv_LV\" \/>\n<meta property=\"og:type\" content=\"article\" \/>\n<meta property=\"og:title\" content=\"Sols ar koka d\u0113\u013ciem 800 mm, P 421 W &#8226; Storit\" \/>\n<meta property=\"og:description\" content=\"Garderobes sols 800 mm - piem\u0113rots \u0123\u0113rbtuves, nodal\u012bjumu un L durvju skapjiem 800 mm platum\u0101. Sols ar met\u0101la k\u0101ju r\u0101mi un koka d\u0113l\u012b\u0161iem.\" \/>\n<meta property=\"og:url\" content=\"https:\/\/storitgroup.com\/lv\/prece\/garderobes-sols-800mm\/\" \/>\n<meta property=\"og:site_name\" content=\"Storit\" \/>\n<meta property=\"article:modified_time\" content=\"2024-02-26T10:35:46+00:00\" \/>\n<meta property=\"og:image\" content=\"https:\/\/storitgroup.com\/uploads\/2022\/08\/gaderobes-sols-800mm.jpeg\" \/>\n\t<meta property=\"og:image:width\" content=\"1280\" \/>\n\t<meta property=\"og:image:height\" content=\"1280\" \/>\n\t<meta property=\"og:image:type\" content=\"image\/jpeg\" \/>\n<meta name=\"twitter:card\" content=\"summary_large_image\" \/>\n<script type=\"application\/ld+json\" class=\"yoast-schema-graph\">{\"@context\":\"https:\\\/\\\/schema.org\",\"@graph\":[{\"@type\":[\"WebPage\",\"ItemPage\"],\"@id\":\"https:\\\/\\\/storitgroup.com\\\/lv\\\/prece\\\/garderobes-sols-800mm\\\/\",\"url\":\"https:\\\/\\\/storitgroup.com\\\/lv\\\/prece\\\/garderobes-sols-800mm\\\/\",\"name\":\"Sols ar koka d\u0113\u013ciem 800 mm, P 421 W &#8226; Storit\",\"isPartOf\":{\"@id\":\"https:\\\/\\\/storitgroup.com\\\/lv\\\/#website\"},\"primaryImageOfPage\":{\"@id\":\"https:\\\/\\\/storitgroup.com\\\/lv\\\/prece\\\/garderobes-sols-800mm\\\/#primaryimage\"},\"image\":{\"@id\":\"https:\\\/\\\/storitgroup.com\\\/lv\\\/prece\\\/garderobes-sols-800mm\\\/#primaryimage\"},\"thumbnailUrl\":\"https:\\\/\\\/storitgroup.com\\\/uploads\\\/2022\\\/08\\\/gaderobes-sols-800mm.jpeg\",\"datePublished\":\"2022-08-17T12:10:48+00:00\",\"dateModified\":\"2024-02-26T10:35:46+00:00\",\"description\":\"Garderobes sols 800 mm - piem\u0113rots \u0123\u0113rbtuves, nodal\u012bjumu un L durvju skapjiem 800 mm platum\u0101. Sols ar met\u0101la k\u0101ju r\u0101mi un koka d\u0113l\u012b\u0161iem.\",\"breadcrumb\":{\"@id\":\"https:\\\/\\\/storitgroup.com\\\/lv\\\/prece\\\/garderobes-sols-800mm\\\/#breadcrumb\"},\"inLanguage\":\"lv-LV\",\"potentialAction\":[{\"@type\":\"ReadAction\",\"target\":[\"https:\\\/\\\/storitgroup.com\\\/lv\\\/prece\\\/garderobes-sols-800mm\\\/\"]}]},{\"@type\":\"ImageObject\",\"inLanguage\":\"lv-LV\",\"@id\":\"https:\\\/\\\/storitgroup.com\\\/lv\\\/prece\\\/garderobes-sols-800mm\\\/#primaryimage\",\"url\":\"https:\\\/\\\/storitgroup.com\\\/uploads\\\/2022\\\/08\\\/gaderobes-sols-800mm.jpeg\",\"contentUrl\":\"https:\\\/\\\/storitgroup.com\\\/uploads\\\/2022\\\/08\\\/gaderobes-sols-800mm.jpeg\",\"width\":1280,\"height\":1280,\"caption\":\"Garderobes sols 800 mm, P 421 W\"},{\"@type\":\"BreadcrumbList\",\"@id\":\"https:\\\/\\\/storitgroup.com\\\/lv\\\/prece\\\/garderobes-sols-800mm\\\/#breadcrumb\",\"itemListElement\":[{\"@type\":\"ListItem\",\"position\":1,\"name\":\"S\u0101kumlapa\",\"item\":\"https:\\\/\\\/storitgroup.com\\\/lv\\\/\"},{\"@type\":\"ListItem\",\"position\":2,\"name\":\"Veikals\",\"item\":\"https:\\\/\\\/storitgroup.com\\\/lv\\\/veikals\\\/\"},{\"@type\":\"ListItem\",\"position\":3,\"name\":\"Met\u0101la skapji\",\"item\":\"https:\\\/\\\/storitgroup.com\\\/lv\\\/produkti\\\/metala-skapji\\\/\"},{\"@type\":\"ListItem\",\"position\":4,\"name\":\"Sols ar koka d\u0113\u013ciem 800 mm, P 421 W\"}]},{\"@type\":\"WebSite\",\"@id\":\"https:\\\/\\\/storitgroup.com\\\/lv\\\/#website\",\"url\":\"https:\\\/\\\/storitgroup.com\\\/lv\\\/\",\"name\":\"Storit\",\"description\":\"\",\"potentialAction\":[{\"@type\":\"SearchAction\",\"target\":{\"@type\":\"EntryPoint\",\"urlTemplate\":\"https:\\\/\\\/storitgroup.com\\\/lv\\\/?s={search_term_string}\"},\"query-input\":{\"@type\":\"PropertyValueSpecification\",\"valueRequired\":true,\"valueName\":\"search_term_string\"}}],\"inLanguage\":\"lv-LV\"}]}<\/script>\n<!-- \/ Yoast SEO plugin. -->","yoast_head_json":{"title":"Sols ar koka d\u0113\u013ciem 800 mm, P 421 W &#8226; Storit","description":"Garderobes sols 800 mm - piem\u0113rots \u0123\u0113rbtuves, nodal\u012bjumu un L durvju skapjiem 800 mm platum\u0101. Sols ar met\u0101la k\u0101ju r\u0101mi un koka d\u0113l\u012b\u0161iem.","robots":{"index":"index","follow":"follow","max-snippet":"max-snippet:-1","max-image-preview":"max-image-preview:large","max-video-preview":"max-video-preview:-1"},"canonical":"https:\/\/storitgroup.com\/lv\/prece\/garderobes-sols-800mm\/","og_locale":"lv_LV","og_type":"article","og_title":"Sols ar koka d\u0113\u013ciem 800 mm, P 421 W &#8226; Storit","og_description":"Garderobes sols 800 mm - piem\u0113rots \u0123\u0113rbtuves, nodal\u012bjumu un L durvju skapjiem 800 mm platum\u0101. Sols ar met\u0101la k\u0101ju r\u0101mi un koka d\u0113l\u012b\u0161iem.","og_url":"https:\/\/storitgroup.com\/lv\/prece\/garderobes-sols-800mm\/","og_site_name":"Storit","article_modified_time":"2024-02-26T10:35:46+00:00","og_image":[{"width":1280,"height":1280,"url":"https:\/\/storitgroup.com\/uploads\/2022\/08\/gaderobes-sols-800mm.jpeg","type":"image\/jpeg"}],"twitter_card":"summary_large_image","schema":{"@context":"https:\/\/schema.org","@graph":[{"@type":["WebPage","ItemPage"],"@id":"https:\/\/storitgroup.com\/lv\/prece\/garderobes-sols-800mm\/","url":"https:\/\/storitgroup.com\/lv\/prece\/garderobes-sols-800mm\/","name":"Sols ar koka d\u0113\u013ciem 800 mm, P 421 W &#8226; Storit","isPartOf":{"@id":"https:\/\/storitgroup.com\/lv\/#website"},"primaryImageOfPage":{"@id":"https:\/\/storitgroup.com\/lv\/prece\/garderobes-sols-800mm\/#primaryimage"},"image":{"@id":"https:\/\/storitgroup.com\/lv\/prece\/garderobes-sols-800mm\/#primaryimage"},"thumbnailUrl":"https:\/\/storitgroup.com\/uploads\/2022\/08\/gaderobes-sols-800mm.jpeg","datePublished":"2022-08-17T12:10:48+00:00","dateModified":"2024-02-26T10:35:46+00:00","description":"Garderobes sols 800 mm - piem\u0113rots \u0123\u0113rbtuves, nodal\u012bjumu un L durvju skapjiem 800 mm platum\u0101. Sols ar met\u0101la k\u0101ju r\u0101mi un koka d\u0113l\u012b\u0161iem.","breadcrumb":{"@id":"https:\/\/storitgroup.com\/lv\/prece\/garderobes-sols-800mm\/#breadcrumb"},"inLanguage":"lv-LV","potentialAction":[{"@type":"ReadAction","target":["https:\/\/storitgroup.com\/lv\/prece\/garderobes-sols-800mm\/"]}]},{"@type":"ImageObject","inLanguage":"lv-LV","@id":"https:\/\/storitgroup.com\/lv\/prece\/garderobes-sols-800mm\/#primaryimage","url":"https:\/\/storitgroup.com\/uploads\/2022\/08\/gaderobes-sols-800mm.jpeg","contentUrl":"https:\/\/storitgroup.com\/uploads\/2022\/08\/gaderobes-sols-800mm.jpeg","width":1280,"height":1280,"caption":"Garderobes sols 800 mm, P 421 W"},{"@type":"BreadcrumbList","@id":"https:\/\/storitgroup.com\/lv\/prece\/garderobes-sols-800mm\/#breadcrumb","itemListElement":[{"@type":"ListItem","position":1,"name":"S\u0101kumlapa","item":"https:\/\/storitgroup.com\/lv\/"},{"@type":"ListItem","position":2,"name":"Veikals","item":"https:\/\/storitgroup.com\/lv\/veikals\/"},{"@type":"ListItem","position":3,"name":"Met\u0101la skapji","item":"https:\/\/storitgroup.com\/lv\/produkti\/metala-skapji\/"},{"@type":"ListItem","position":4,"name":"Sols ar koka d\u0113\u013ciem 800 mm, P 421 W"}]},{"@type":"WebSite","@id":"https:\/\/storitgroup.com\/lv\/#website","url":"https:\/\/storitgroup.com\/lv\/","name":"Storit","description":"","potentialAction":[{"@type":"SearchAction","target":{"@type":"EntryPoint","urlTemplate":"https:\/\/storitgroup.com\/lv\/?s={search_term_string}"},"query-input":{"@type":"PropertyValueSpecification","valueRequired":true,"valueName":"search_term_string"}}],"inLanguage":"lv-LV"}]}},"_links":{"self":[{"href":"https:\/\/storitgroup.com\/lv\/wp-json\/wp\/v2\/product\/196270","targetHints":{"allow":["GET"]}}],"collection":[{"href":"https:\/\/storitgroup.com\/lv\/wp-json\/wp\/v2\/product"}],"about":[{"href":"https:\/\/storitgroup.com\/lv\/wp-json\/wp\/v2\/types\/product"}],"wp:featuredmedia":[{"embeddable":true,"href":"https:\/\/storitgroup.com\/lv\/wp-json\/wp\/v2\/media\/215652"}],"wp:attachment":[{"href":"https:\/\/storitgroup.com\/lv\/wp-json\/wp\/v2\/media?parent=196270"}],"wp:term":[{"taxonomy":"product_brand","embeddable":true,"href":"https:\/\/storitgroup.com\/lv\/wp-json\/wp\/v2\/product_brand?post=196270"},{"taxonomy":"product_cat","embeddable":true,"href":"https:\/\/storitgroup.com\/lv\/wp-json\/wp\/v2\/product_cat?post=196270"},{"taxonomy":"product_tag","embeddable":true,"href":"https:\/\/storitgroup.com\/lv\/wp-json\/wp\/v2\/product_tag?post=196270"}],"curies":[{"name":"wp","href":"https:\/\/api.w.org\/{rel}","templated":true}]}}