{"id":196032,"date":"2022-08-15T12:44:52","date_gmt":"2022-08-15T09:44:52","guid":{"rendered":"https:\/\/storitgroup.com\/?post_type=product&#038;p=196032"},"modified":"2024-01-19T09:12:27","modified_gmt":"2024-01-19T07:12:27","slug":"plaukts-ar-kastitem","status":"publish","type":"product","link":"https:\/\/storitgroup.com\/lv\/prece\/plaukts-ar-kastitem\/","title":{"rendered":"LIERA plaukts ar 28 kast\u012bt\u0113m, 1865x300x900 mm"},"content":{"rendered":"","protected":false},"excerpt":{"rendered":"<p>Augstums: <strong>1865 mm<\/strong><\/p>\n<p>Dzi\u013cums: <strong>300 mm<\/strong><\/p>\n<p>Platums:\u00a0<strong>900 mm<\/strong><\/p>\n<p>8 plauktu l\u012bme\u0146i<\/p>\n<p>Plauktu l\u012bme\u0146u regul\u0113\u0161anas solis: 11.5\u00a0mm<\/p>\n<p>Plaukta materi\u0101ls: kr\u0101sots met\u0101ls<\/p>\n<p>Plaukta kr\u0101sa: b\u0113\u0161a<\/p>\n<p>Kast\u012b\u0161u skaits: <strong>28 gab.<\/strong><\/p>\n<p>Kast\u012b\u0161u kr\u0101sa: sarkana<\/p>\n<p>&nbsp;<\/p>\n<p>Pieejamie sekciju platumi 750, 900, 1000 un 1280 mm.<br \/>\nPieejamie s\u0101nu sienu augstumi plauktiem LIERA: 1865mm, 2235mm, 2370mm, 2600mm un 2740 mm.<\/p>\n","protected":false},"featured_media":196035,"template":"","meta":{"_acf_changed":false},"product_brand":[],"product_cat":[7111],"product_tag":[],"class_list":{"0":"post-196032","1":"product","2":"type-product","3":"status-publish","4":"has-post-thumbnail","6":"product_cat-akcijas","8":"first","9":"instock","10":"sale","11":"taxable","12":"shipping-taxable","13":"purchasable","14":"product-type-variable"},"acf":[],"yoast_head":"<!-- This site is optimized with the Yoast SEO plugin v27.3 - https:\/\/yoast.com\/product\/yoast-seo-wordpress\/ -->\n<title>LIERA plaukts ar 28 kast\u012bt\u0113m, 1865x300x900 mm &#8226; Storit<\/title>\n<meta name=\"description\" content=\"plaukts ar kast\u012bt\u0113m, plaukts ar plastmasas kast\u012bt\u0113m, plastmasas kast\u012b\u0161u plaukts, plaukts s\u012bklietu glab\u0101\u0161anai kast\u012bt\u0113s, plaukts gar\u0101\u017eai\" \/>\n<meta name=\"robots\" content=\"index, follow, max-snippet:-1, max-image-preview:large, max-video-preview:-1\" \/>\n<link rel=\"canonical\" href=\"https:\/\/storitgroup.com\/lv\/prece\/plaukts-ar-kastitem\/\" \/>\n<meta property=\"og:locale\" content=\"lv_LV\" \/>\n<meta property=\"og:type\" content=\"article\" \/>\n<meta property=\"og:title\" content=\"LIERA plaukts ar 28 kast\u012bt\u0113m, 1865x300x900 mm &#8226; Storit\" \/>\n<meta property=\"og:description\" content=\"plaukts ar kast\u012bt\u0113m, plaukts ar plastmasas kast\u012bt\u0113m, plastmasas kast\u012b\u0161u plaukts, plaukts s\u012bklietu glab\u0101\u0161anai kast\u012bt\u0113s, plaukts gar\u0101\u017eai\" \/>\n<meta property=\"og:url\" content=\"https:\/\/storitgroup.com\/lv\/prece\/plaukts-ar-kastitem\/\" \/>\n<meta property=\"og:site_name\" content=\"Storit\" \/>\n<meta property=\"article:modified_time\" content=\"2024-01-19T07:12:27+00:00\" \/>\n<meta property=\"og:image\" content=\"https:\/\/storitgroup.com\/uploads\/2022\/08\/liera-plaukts-ar-28-kastitem-45472.jpeg\" \/>\n\t<meta property=\"og:image:width\" content=\"600\" \/>\n\t<meta property=\"og:image:height\" content=\"800\" \/>\n\t<meta property=\"og:image:type\" content=\"image\/jpeg\" \/>\n<meta name=\"twitter:card\" content=\"summary_large_image\" \/>\n<script type=\"application\/ld+json\" class=\"yoast-schema-graph\">{\"@context\":\"https:\\\/\\\/schema.org\",\"@graph\":[{\"@type\":[\"WebPage\",\"ItemPage\"],\"@id\":\"https:\\\/\\\/storitgroup.com\\\/lv\\\/prece\\\/plaukts-ar-kastitem\\\/\",\"url\":\"https:\\\/\\\/storitgroup.com\\\/lv\\\/prece\\\/plaukts-ar-kastitem\\\/\",\"name\":\"LIERA plaukts ar 28 kast\u012bt\u0113m, 1865x300x900 mm &#8226; Storit\",\"isPartOf\":{\"@id\":\"https:\\\/\\\/storitgroup.com\\\/lv\\\/#website\"},\"primaryImageOfPage\":{\"@id\":\"https:\\\/\\\/storitgroup.com\\\/lv\\\/prece\\\/plaukts-ar-kastitem\\\/#primaryimage\"},\"image\":{\"@id\":\"https:\\\/\\\/storitgroup.com\\\/lv\\\/prece\\\/plaukts-ar-kastitem\\\/#primaryimage\"},\"thumbnailUrl\":\"https:\\\/\\\/storitgroup.com\\\/uploads\\\/2022\\\/08\\\/liera-plaukts-ar-28-kastitem-45472.jpeg\",\"datePublished\":\"2022-08-15T09:44:52+00:00\",\"dateModified\":\"2024-01-19T07:12:27+00:00\",\"description\":\"plaukts ar kast\u012bt\u0113m, plaukts ar plastmasas kast\u012bt\u0113m, plastmasas kast\u012b\u0161u plaukts, plaukts s\u012bklietu glab\u0101\u0161anai kast\u012bt\u0113s, plaukts gar\u0101\u017eai\",\"breadcrumb\":{\"@id\":\"https:\\\/\\\/storitgroup.com\\\/lv\\\/prece\\\/plaukts-ar-kastitem\\\/#breadcrumb\"},\"inLanguage\":\"lv-LV\",\"potentialAction\":[{\"@type\":\"ReadAction\",\"target\":[\"https:\\\/\\\/storitgroup.com\\\/lv\\\/prece\\\/plaukts-ar-kastitem\\\/\"]}]},{\"@type\":\"ImageObject\",\"inLanguage\":\"lv-LV\",\"@id\":\"https:\\\/\\\/storitgroup.com\\\/lv\\\/prece\\\/plaukts-ar-kastitem\\\/#primaryimage\",\"url\":\"https:\\\/\\\/storitgroup.com\\\/uploads\\\/2022\\\/08\\\/liera-plaukts-ar-28-kastitem-45472.jpeg\",\"contentUrl\":\"https:\\\/\\\/storitgroup.com\\\/uploads\\\/2022\\\/08\\\/liera-plaukts-ar-28-kastitem-45472.jpeg\",\"width\":600,\"height\":800,\"caption\":\"liera-plaukts-ar-28-kastitem-45472\"},{\"@type\":\"BreadcrumbList\",\"@id\":\"https:\\\/\\\/storitgroup.com\\\/lv\\\/prece\\\/plaukts-ar-kastitem\\\/#breadcrumb\",\"itemListElement\":[{\"@type\":\"ListItem\",\"position\":1,\"name\":\"S\u0101kumlapa\",\"item\":\"https:\\\/\\\/storitgroup.com\\\/lv\\\/\"},{\"@type\":\"ListItem\",\"position\":2,\"name\":\"Veikals\",\"item\":\"https:\\\/\\\/storitgroup.com\\\/lv\\\/veikals\\\/\"},{\"@type\":\"ListItem\",\"position\":3,\"name\":\"Akcijas\",\"item\":\"https:\\\/\\\/storitgroup.com\\\/lv\\\/akcijas\\\/\"},{\"@type\":\"ListItem\",\"position\":4,\"name\":\"LIERA plaukts ar 28 kast\u012bt\u0113m, 1865x300x900 mm\"}]},{\"@type\":\"WebSite\",\"@id\":\"https:\\\/\\\/storitgroup.com\\\/lv\\\/#website\",\"url\":\"https:\\\/\\\/storitgroup.com\\\/lv\\\/\",\"name\":\"Storit\",\"description\":\"\",\"potentialAction\":[{\"@type\":\"SearchAction\",\"target\":{\"@type\":\"EntryPoint\",\"urlTemplate\":\"https:\\\/\\\/storitgroup.com\\\/lv\\\/?s={search_term_string}\"},\"query-input\":{\"@type\":\"PropertyValueSpecification\",\"valueRequired\":true,\"valueName\":\"search_term_string\"}}],\"inLanguage\":\"lv-LV\"}]}<\/script>\n<!-- \/ Yoast SEO plugin. -->","yoast_head_json":{"title":"LIERA plaukts ar 28 kast\u012bt\u0113m, 1865x300x900 mm &#8226; Storit","description":"plaukts ar kast\u012bt\u0113m, plaukts ar plastmasas kast\u012bt\u0113m, plastmasas kast\u012b\u0161u plaukts, plaukts s\u012bklietu glab\u0101\u0161anai kast\u012bt\u0113s, plaukts gar\u0101\u017eai","robots":{"index":"index","follow":"follow","max-snippet":"max-snippet:-1","max-image-preview":"max-image-preview:large","max-video-preview":"max-video-preview:-1"},"canonical":"https:\/\/storitgroup.com\/lv\/prece\/plaukts-ar-kastitem\/","og_locale":"lv_LV","og_type":"article","og_title":"LIERA plaukts ar 28 kast\u012bt\u0113m, 1865x300x900 mm &#8226; Storit","og_description":"plaukts ar kast\u012bt\u0113m, plaukts ar plastmasas kast\u012bt\u0113m, plastmasas kast\u012b\u0161u plaukts, plaukts s\u012bklietu glab\u0101\u0161anai kast\u012bt\u0113s, plaukts gar\u0101\u017eai","og_url":"https:\/\/storitgroup.com\/lv\/prece\/plaukts-ar-kastitem\/","og_site_name":"Storit","article_modified_time":"2024-01-19T07:12:27+00:00","og_image":[{"width":600,"height":800,"url":"https:\/\/storitgroup.com\/uploads\/2022\/08\/liera-plaukts-ar-28-kastitem-45472.jpeg","type":"image\/jpeg"}],"twitter_card":"summary_large_image","schema":{"@context":"https:\/\/schema.org","@graph":[{"@type":["WebPage","ItemPage"],"@id":"https:\/\/storitgroup.com\/lv\/prece\/plaukts-ar-kastitem\/","url":"https:\/\/storitgroup.com\/lv\/prece\/plaukts-ar-kastitem\/","name":"LIERA plaukts ar 28 kast\u012bt\u0113m, 1865x300x900 mm &#8226; Storit","isPartOf":{"@id":"https:\/\/storitgroup.com\/lv\/#website"},"primaryImageOfPage":{"@id":"https:\/\/storitgroup.com\/lv\/prece\/plaukts-ar-kastitem\/#primaryimage"},"image":{"@id":"https:\/\/storitgroup.com\/lv\/prece\/plaukts-ar-kastitem\/#primaryimage"},"thumbnailUrl":"https:\/\/storitgroup.com\/uploads\/2022\/08\/liera-plaukts-ar-28-kastitem-45472.jpeg","datePublished":"2022-08-15T09:44:52+00:00","dateModified":"2024-01-19T07:12:27+00:00","description":"plaukts ar kast\u012bt\u0113m, plaukts ar plastmasas kast\u012bt\u0113m, plastmasas kast\u012b\u0161u plaukts, plaukts s\u012bklietu glab\u0101\u0161anai kast\u012bt\u0113s, plaukts gar\u0101\u017eai","breadcrumb":{"@id":"https:\/\/storitgroup.com\/lv\/prece\/plaukts-ar-kastitem\/#breadcrumb"},"inLanguage":"lv-LV","potentialAction":[{"@type":"ReadAction","target":["https:\/\/storitgroup.com\/lv\/prece\/plaukts-ar-kastitem\/"]}]},{"@type":"ImageObject","inLanguage":"lv-LV","@id":"https:\/\/storitgroup.com\/lv\/prece\/plaukts-ar-kastitem\/#primaryimage","url":"https:\/\/storitgroup.com\/uploads\/2022\/08\/liera-plaukts-ar-28-kastitem-45472.jpeg","contentUrl":"https:\/\/storitgroup.com\/uploads\/2022\/08\/liera-plaukts-ar-28-kastitem-45472.jpeg","width":600,"height":800,"caption":"liera-plaukts-ar-28-kastitem-45472"},{"@type":"BreadcrumbList","@id":"https:\/\/storitgroup.com\/lv\/prece\/plaukts-ar-kastitem\/#breadcrumb","itemListElement":[{"@type":"ListItem","position":1,"name":"S\u0101kumlapa","item":"https:\/\/storitgroup.com\/lv\/"},{"@type":"ListItem","position":2,"name":"Veikals","item":"https:\/\/storitgroup.com\/lv\/veikals\/"},{"@type":"ListItem","position":3,"name":"Akcijas","item":"https:\/\/storitgroup.com\/lv\/akcijas\/"},{"@type":"ListItem","position":4,"name":"LIERA plaukts ar 28 kast\u012bt\u0113m, 1865x300x900 mm"}]},{"@type":"WebSite","@id":"https:\/\/storitgroup.com\/lv\/#website","url":"https:\/\/storitgroup.com\/lv\/","name":"Storit","description":"","potentialAction":[{"@type":"SearchAction","target":{"@type":"EntryPoint","urlTemplate":"https:\/\/storitgroup.com\/lv\/?s={search_term_string}"},"query-input":{"@type":"PropertyValueSpecification","valueRequired":true,"valueName":"search_term_string"}}],"inLanguage":"lv-LV"}]}},"_links":{"self":[{"href":"https:\/\/storitgroup.com\/lv\/wp-json\/wp\/v2\/product\/196032","targetHints":{"allow":["GET"]}}],"collection":[{"href":"https:\/\/storitgroup.com\/lv\/wp-json\/wp\/v2\/product"}],"about":[{"href":"https:\/\/storitgroup.com\/lv\/wp-json\/wp\/v2\/types\/product"}],"wp:featuredmedia":[{"embeddable":true,"href":"https:\/\/storitgroup.com\/lv\/wp-json\/wp\/v2\/media\/196035"}],"wp:attachment":[{"href":"https:\/\/storitgroup.com\/lv\/wp-json\/wp\/v2\/media?parent=196032"}],"wp:term":[{"taxonomy":"product_brand","embeddable":true,"href":"https:\/\/storitgroup.com\/lv\/wp-json\/wp\/v2\/product_brand?post=196032"},{"taxonomy":"product_cat","embeddable":true,"href":"https:\/\/storitgroup.com\/lv\/wp-json\/wp\/v2\/product_cat?post=196032"},{"taxonomy":"product_tag","embeddable":true,"href":"https:\/\/storitgroup.com\/lv\/wp-json\/wp\/v2\/product_tag?post=196032"}],"curies":[{"name":"wp","href":"https:\/\/api.w.org\/{rel}","templated":true}]}}