{"id":195425,"date":"2022-08-10T19:24:24","date_gmt":"2022-08-10T16:24:24","guid":{"rendered":"https:\/\/storitgroup.com\/?post_type=product&#038;p=195425"},"modified":"2024-03-14T15:26:41","modified_gmt":"2024-03-14T13:26:41","slug":"zviedru-palesu-plaukti","status":"publish","type":"product","link":"https:\/\/storitgroup.com\/lv\/prece\/zviedru-palesu-plaukti\/","title":{"rendered":"Pale\u0161u plaukti City 2500x1100x2750 mm"},"content":{"rendered":"<p>Augstums: <strong>2500 mm<\/strong><\/p>\n<p>Platums:\u00a0<strong>2750 mm<\/strong><\/p>\n<p>Blakus novietojamu pale\u0161u skaits vien\u0101 plaukta l\u012bmen\u012b:\u00a03 gab.<\/p>\n<p>Maksim\u0101l\u0101 kravnes\u012bba vienai paletei: 700 kg<\/p>\n<p>Katra plauktu l\u012bme\u0146a kravnes\u012bba: <strong>2100 kg<\/strong>(vienm\u0113r\u012bgi izklied\u0113ta svara)<\/p>\n<p>Plauktu sekcij\u0101 var izvietot:\u00a0<strong>9 EUR paletes<\/strong><\/p>\n<p>Plauktam divi siju l\u012bme\u0146i + gr\u012bdas l\u012bmenis.<\/p>\n<p><b>Iesp\u0113jams ieg\u0101d\u0101ties plauktu papildsekcijas!<\/b><\/p>\n<p>&nbsp;<\/p>\n","protected":false},"excerpt":{"rendered":"<p>Augstums: 2500 mm Platums:\u00a02750 mm Blakus novietojamu pale\u0161u skaits vien\u0101 plaukta l\u012bmen\u012b:\u00a03 gab. Maksim\u0101l\u0101 kravnes\u012bba vienai paletei: 700 kg Katra plauktu l\u012bme\u0146a kravnes\u012bba: 2100 kg(vienm\u0113r\u012bgi izklied\u0113ta svara) Plauktu sekcij\u0101 var izvietot:\u00a09 EUR paletes Plauktam divi siju l\u012bme\u0146i + gr\u012bdas l\u012bmenis. Iesp\u0113jams ieg\u0101d\u0101ties plauktu papildsekcijas! &nbsp;<\/p>\n","protected":false},"featured_media":195428,"template":"","meta":{"_acf_changed":false},"product_brand":[],"product_cat":[8335],"product_tag":[],"class_list":{"0":"post-195425","1":"product","2":"type-product","3":"status-publish","4":"has-post-thumbnail","6":"product_cat-palesu-plaukti","8":"first","9":"instock","10":"sale","11":"taxable","12":"shipping-taxable","13":"purchasable","14":"product-type-variable","15":"has-default-attributes"},"acf":[],"yoast_head":"<!-- This site is optimized with the Yoast SEO plugin v27.2 - https:\/\/yoast.com\/product\/yoast-seo-wordpress\/ -->\n<title>Pale\u0161u plaukti City 2500x1100x2750 mm &#8226; Storit<\/title>\n<meta name=\"description\" content=\"Zviedru pale\u0161u plaukti - City. B\u0101zes sekcija, iesp\u0113jams papla\u0161in\u0101t ar papildsekcij\u0101m. Plaukti euro palet\u0113m, EUR paletes.\" \/>\n<meta name=\"robots\" content=\"index, follow, max-snippet:-1, max-image-preview:large, max-video-preview:-1\" \/>\n<link rel=\"canonical\" href=\"https:\/\/storitgroup.com\/lv\/prece\/zviedru-palesu-plaukti\/\" \/>\n<meta property=\"og:locale\" content=\"lv_LV\" \/>\n<meta property=\"og:type\" content=\"article\" \/>\n<meta property=\"og:title\" content=\"Pale\u0161u plaukti City 2500x1100x2750 mm &#8226; Storit\" \/>\n<meta property=\"og:description\" content=\"Zviedru pale\u0161u plaukti - City. B\u0101zes sekcija, iesp\u0113jams papla\u0161in\u0101t ar papildsekcij\u0101m. Plaukti euro palet\u0113m, EUR paletes.\" \/>\n<meta property=\"og:url\" content=\"https:\/\/storitgroup.com\/lv\/prece\/zviedru-palesu-plaukti\/\" \/>\n<meta property=\"og:site_name\" content=\"Storit\" \/>\n<meta property=\"article:modified_time\" content=\"2024-03-14T13:26:41+00:00\" \/>\n<meta property=\"og:image\" content=\"https:\/\/storitgroup.com\/uploads\/2022\/08\/palesu-plaukti-city-pamatsekcija-2750x2500mm-48068.jpeg\" \/>\n\t<meta property=\"og:image:width\" content=\"768\" \/>\n\t<meta property=\"og:image:height\" content=\"1024\" \/>\n\t<meta property=\"og:image:type\" content=\"image\/jpeg\" \/>\n<meta name=\"twitter:card\" content=\"summary_large_image\" \/>\n<script type=\"application\/ld+json\" class=\"yoast-schema-graph\">{\"@context\":\"https:\/\/schema.org\",\"@graph\":[{\"@type\":[\"WebPage\",\"ItemPage\"],\"@id\":\"https:\/\/storitgroup.com\/lv\/prece\/zviedru-palesu-plaukti\/\",\"url\":\"https:\/\/storitgroup.com\/lv\/prece\/zviedru-palesu-plaukti\/\",\"name\":\"Pale\u0161u plaukti City 2500x1100x2750 mm &#8226; Storit\",\"isPartOf\":{\"@id\":\"https:\/\/storitgroup.com\/lv\/#website\"},\"primaryImageOfPage\":{\"@id\":\"https:\/\/storitgroup.com\/lv\/prece\/zviedru-palesu-plaukti\/#primaryimage\"},\"image\":{\"@id\":\"https:\/\/storitgroup.com\/lv\/prece\/zviedru-palesu-plaukti\/#primaryimage\"},\"thumbnailUrl\":\"https:\/\/storitgroup.com\/uploads\/2022\/08\/palesu-plaukti-city-pamatsekcija-2750x2500mm-48068.jpeg\",\"datePublished\":\"2022-08-10T16:24:24+00:00\",\"dateModified\":\"2024-03-14T13:26:41+00:00\",\"description\":\"Zviedru pale\u0161u plaukti - City. B\u0101zes sekcija, iesp\u0113jams papla\u0161in\u0101t ar papildsekcij\u0101m. Plaukti euro palet\u0113m, EUR paletes.\",\"breadcrumb\":{\"@id\":\"https:\/\/storitgroup.com\/lv\/prece\/zviedru-palesu-plaukti\/#breadcrumb\"},\"inLanguage\":\"lv-LV\",\"potentialAction\":[{\"@type\":\"ReadAction\",\"target\":[\"https:\/\/storitgroup.com\/lv\/prece\/zviedru-palesu-plaukti\/\"]}]},{\"@type\":\"ImageObject\",\"inLanguage\":\"lv-LV\",\"@id\":\"https:\/\/storitgroup.com\/lv\/prece\/zviedru-palesu-plaukti\/#primaryimage\",\"url\":\"https:\/\/storitgroup.com\/uploads\/2022\/08\/palesu-plaukti-city-pamatsekcija-2750x2500mm-48068.jpeg\",\"contentUrl\":\"https:\/\/storitgroup.com\/uploads\/2022\/08\/palesu-plaukti-city-pamatsekcija-2750x2500mm-48068.jpeg\",\"width\":768,\"height\":1024,\"caption\":\"Palesu-plaukti-City-pamatsekcija-2750x2500mm-48068\"},{\"@type\":\"BreadcrumbList\",\"@id\":\"https:\/\/storitgroup.com\/lv\/prece\/zviedru-palesu-plaukti\/#breadcrumb\",\"itemListElement\":[{\"@type\":\"ListItem\",\"position\":1,\"name\":\"S\u0101kumlapa\",\"item\":\"https:\/\/storitgroup.com\/lv\/\"},{\"@type\":\"ListItem\",\"position\":2,\"name\":\"Veikals\",\"item\":\"https:\/\/storitgroup.com\/lv\/veikals\/\"},{\"@type\":\"ListItem\",\"position\":3,\"name\":\"Pale\u0161u plaukti\",\"item\":\"https:\/\/storitgroup.com\/lv\/palesu-plaukti\/\"},{\"@type\":\"ListItem\",\"position\":4,\"name\":\"Pale\u0161u plaukti City 2500x1100x2750 mm\"}]},{\"@type\":\"WebSite\",\"@id\":\"https:\/\/storitgroup.com\/lv\/#website\",\"url\":\"https:\/\/storitgroup.com\/lv\/\",\"name\":\"Storit\",\"description\":\"\",\"potentialAction\":[{\"@type\":\"SearchAction\",\"target\":{\"@type\":\"EntryPoint\",\"urlTemplate\":\"https:\/\/storitgroup.com\/lv\/?s={search_term_string}\"},\"query-input\":{\"@type\":\"PropertyValueSpecification\",\"valueRequired\":true,\"valueName\":\"search_term_string\"}}],\"inLanguage\":\"lv-LV\"}]}<\/script>\n<!-- \/ Yoast SEO plugin. -->","yoast_head_json":{"title":"Pale\u0161u plaukti City 2500x1100x2750 mm &#8226; Storit","description":"Zviedru pale\u0161u plaukti - City. B\u0101zes sekcija, iesp\u0113jams papla\u0161in\u0101t ar papildsekcij\u0101m. Plaukti euro palet\u0113m, EUR paletes.","robots":{"index":"index","follow":"follow","max-snippet":"max-snippet:-1","max-image-preview":"max-image-preview:large","max-video-preview":"max-video-preview:-1"},"canonical":"https:\/\/storitgroup.com\/lv\/prece\/zviedru-palesu-plaukti\/","og_locale":"lv_LV","og_type":"article","og_title":"Pale\u0161u plaukti City 2500x1100x2750 mm &#8226; Storit","og_description":"Zviedru pale\u0161u plaukti - City. B\u0101zes sekcija, iesp\u0113jams papla\u0161in\u0101t ar papildsekcij\u0101m. Plaukti euro palet\u0113m, EUR paletes.","og_url":"https:\/\/storitgroup.com\/lv\/prece\/zviedru-palesu-plaukti\/","og_site_name":"Storit","article_modified_time":"2024-03-14T13:26:41+00:00","og_image":[{"width":768,"height":1024,"url":"https:\/\/storitgroup.com\/uploads\/2022\/08\/palesu-plaukti-city-pamatsekcija-2750x2500mm-48068.jpeg","type":"image\/jpeg"}],"twitter_card":"summary_large_image","schema":{"@context":"https:\/\/schema.org","@graph":[{"@type":["WebPage","ItemPage"],"@id":"https:\/\/storitgroup.com\/lv\/prece\/zviedru-palesu-plaukti\/","url":"https:\/\/storitgroup.com\/lv\/prece\/zviedru-palesu-plaukti\/","name":"Pale\u0161u plaukti City 2500x1100x2750 mm &#8226; Storit","isPartOf":{"@id":"https:\/\/storitgroup.com\/lv\/#website"},"primaryImageOfPage":{"@id":"https:\/\/storitgroup.com\/lv\/prece\/zviedru-palesu-plaukti\/#primaryimage"},"image":{"@id":"https:\/\/storitgroup.com\/lv\/prece\/zviedru-palesu-plaukti\/#primaryimage"},"thumbnailUrl":"https:\/\/storitgroup.com\/uploads\/2022\/08\/palesu-plaukti-city-pamatsekcija-2750x2500mm-48068.jpeg","datePublished":"2022-08-10T16:24:24+00:00","dateModified":"2024-03-14T13:26:41+00:00","description":"Zviedru pale\u0161u plaukti - City. B\u0101zes sekcija, iesp\u0113jams papla\u0161in\u0101t ar papildsekcij\u0101m. Plaukti euro palet\u0113m, EUR paletes.","breadcrumb":{"@id":"https:\/\/storitgroup.com\/lv\/prece\/zviedru-palesu-plaukti\/#breadcrumb"},"inLanguage":"lv-LV","potentialAction":[{"@type":"ReadAction","target":["https:\/\/storitgroup.com\/lv\/prece\/zviedru-palesu-plaukti\/"]}]},{"@type":"ImageObject","inLanguage":"lv-LV","@id":"https:\/\/storitgroup.com\/lv\/prece\/zviedru-palesu-plaukti\/#primaryimage","url":"https:\/\/storitgroup.com\/uploads\/2022\/08\/palesu-plaukti-city-pamatsekcija-2750x2500mm-48068.jpeg","contentUrl":"https:\/\/storitgroup.com\/uploads\/2022\/08\/palesu-plaukti-city-pamatsekcija-2750x2500mm-48068.jpeg","width":768,"height":1024,"caption":"Palesu-plaukti-City-pamatsekcija-2750x2500mm-48068"},{"@type":"BreadcrumbList","@id":"https:\/\/storitgroup.com\/lv\/prece\/zviedru-palesu-plaukti\/#breadcrumb","itemListElement":[{"@type":"ListItem","position":1,"name":"S\u0101kumlapa","item":"https:\/\/storitgroup.com\/lv\/"},{"@type":"ListItem","position":2,"name":"Veikals","item":"https:\/\/storitgroup.com\/lv\/veikals\/"},{"@type":"ListItem","position":3,"name":"Pale\u0161u plaukti","item":"https:\/\/storitgroup.com\/lv\/palesu-plaukti\/"},{"@type":"ListItem","position":4,"name":"Pale\u0161u plaukti City 2500x1100x2750 mm"}]},{"@type":"WebSite","@id":"https:\/\/storitgroup.com\/lv\/#website","url":"https:\/\/storitgroup.com\/lv\/","name":"Storit","description":"","potentialAction":[{"@type":"SearchAction","target":{"@type":"EntryPoint","urlTemplate":"https:\/\/storitgroup.com\/lv\/?s={search_term_string}"},"query-input":{"@type":"PropertyValueSpecification","valueRequired":true,"valueName":"search_term_string"}}],"inLanguage":"lv-LV"}]}},"_links":{"self":[{"href":"https:\/\/storitgroup.com\/lv\/wp-json\/wp\/v2\/product\/195425","targetHints":{"allow":["GET"]}}],"collection":[{"href":"https:\/\/storitgroup.com\/lv\/wp-json\/wp\/v2\/product"}],"about":[{"href":"https:\/\/storitgroup.com\/lv\/wp-json\/wp\/v2\/types\/product"}],"wp:featuredmedia":[{"embeddable":true,"href":"https:\/\/storitgroup.com\/lv\/wp-json\/wp\/v2\/media\/195428"}],"wp:attachment":[{"href":"https:\/\/storitgroup.com\/lv\/wp-json\/wp\/v2\/media?parent=195425"}],"wp:term":[{"taxonomy":"product_brand","embeddable":true,"href":"https:\/\/storitgroup.com\/lv\/wp-json\/wp\/v2\/product_brand?post=195425"},{"taxonomy":"product_cat","embeddable":true,"href":"https:\/\/storitgroup.com\/lv\/wp-json\/wp\/v2\/product_cat?post=195425"},{"taxonomy":"product_tag","embeddable":true,"href":"https:\/\/storitgroup.com\/lv\/wp-json\/wp\/v2\/product_tag?post=195425"}],"curies":[{"name":"wp","href":"https:\/\/api.w.org\/{rel}","templated":true}]}}