{"id":194782,"date":"2022-08-08T13:50:16","date_gmt":"2022-08-08T10:50:16","guid":{"rendered":"https:\/\/storitgroup.com\/?post_type=product&#038;p=194782"},"modified":"2024-01-19T09:18:12","modified_gmt":"2024-01-19T07:18:12","slug":"modulu-plaukti-metro-2500-mm","status":"publish","type":"product","link":"https:\/\/storitgroup.com\/lv\/prece\/modulu-plaukti-metro-2500-mm\/","title":{"rendered":"Modu\u013cu plaukti Metro, H2500 mm, platum\u0101 750-1165mm, 6 l\u012bme\u0146i"},"content":{"rendered":"<p>Da\u017e\u0101di platumi un dzi\u013cumi<\/p>\n<p>&nbsp;<\/p>\n<p><strong>Komplekt\u0101: <\/strong>6 plauktu l\u012bme\u0146i<\/p>\n<p><strong>Katra plauktu l\u012bme\u0146a kravnes\u012bba:<\/strong> 150 kg (vienm\u0113r\u012bgi izklied\u0113ta svara)<\/p>\n<p><strong>Materi\u0101ls:<\/strong> Cinkots (Zn) met\u0101ls<\/p>\n<p><strong>Plauktu l\u012bme\u0146u regul\u0113\u0161anas solis:<\/strong>\u00a050 mm<\/p>\n<p>&nbsp;<\/p>\n<p><strong>Iesp\u0113jams ieg\u0101d\u0101ties modu\u013cu plauktu papildsekcijas!<\/strong><\/p>\n<p>&nbsp;<\/p>\n<p>Cinkota met\u0101la modu\u013cu plaukti ar viegli regul\u0113jamu plauktu augstumu.<\/p>\n<p>Kravnes\u012bba l\u012bdz 150 kg vienm\u0113r\u012bgi izvietota svara uz katru plauktu pl\u0101tni.<\/p>\n<p>Met\u0101la plaukta l\u012bme\u0146us var p\u0101rlikt ar 50mm soli.\u00a0Plauktu l\u012bme\u0146u skaits var b\u016bt liel\u0101ks.<\/p>\n<p>Plauktu deta\u013cas \u2013 cinkotas.<\/p>\n<p>Balstu augstumi: 1790, 2100, 2500 un 2900 mm. Plauktu dzi\u013cumi: 300, 400, 500 un 600 mm. Plauktu garumi: 750, 900, 1000 un 1170 mm.<\/p>\n<p>Noliktav\u0101 past\u0101v\u012bg\u0101 atlikum\u0101.<\/p>\n","protected":false},"excerpt":{"rendered":"<p>Da\u017e\u0101di platumi un dzi\u013cumi &nbsp; Komplekt\u0101: 6 plauktu l\u012bme\u0146i Katra plauktu l\u012bme\u0146a kravnes\u012bba: 150 kg (vienm\u0113r\u012bgi izklied\u0113ta svara) Materi\u0101ls: Cinkots (Zn) met\u0101ls Plauktu l\u012bme\u0146u regul\u0113\u0161anas solis:\u00a050 mm &nbsp; Iesp\u0113jams ieg\u0101d\u0101ties modu\u013cu plauktu papildsekcijas! &nbsp; Cinkota met\u0101la modu\u013cu plaukti ar viegli regul\u0113jamu plauktu augstumu. Kravnes\u012bba l\u012bdz 150 kg vienm\u0113r\u012bgi izvietota svara uz katru plauktu pl\u0101tni. Met\u0101la [&hellip;]<\/p>\n","protected":false},"featured_media":194852,"template":"","meta":{"_acf_changed":false},"product_brand":[],"product_cat":[8337],"product_tag":[],"class_list":{"0":"post-194782","1":"product","2":"type-product","3":"status-publish","4":"has-post-thumbnail","6":"product_cat-modulu-plaukti-metro","8":"first","9":"instock","10":"sale","11":"taxable","12":"shipping-taxable","13":"purchasable","14":"product-type-variable","15":"has-default-attributes"},"acf":[],"yoast_head":"<!-- This site is optimized with the Yoast SEO plugin v27.2 - https:\/\/yoast.com\/product\/yoast-seo-wordpress\/ -->\n<title>Modu\u013cu plaukti Metro, H2500 mm, platum\u0101 750-1165mm, 6 l\u012bme\u0146i &#8226; Storit<\/title>\n<meta name=\"description\" content=\"Modu\u013cu plaukti metro, met\u0101la modu\u013cu plaukti, met\u0101la saliekamie plaukti, cinkoti plaukti, modu\u013cu plauktu sist\u0113mas, met\u0101la plauktu sist\u0113ma, gar\u0101\u017eas plaukti\" \/>\n<meta name=\"robots\" content=\"index, follow, max-snippet:-1, max-image-preview:large, max-video-preview:-1\" \/>\n<link rel=\"canonical\" href=\"https:\/\/storitgroup.com\/lv\/prece\/modulu-plaukti-metro-2500-mm\/\" \/>\n<meta property=\"og:locale\" content=\"lv_LV\" \/>\n<meta property=\"og:type\" content=\"article\" \/>\n<meta property=\"og:title\" content=\"Modu\u013cu plaukti Metro, H2500 mm, platum\u0101 750-1165mm, 6 l\u012bme\u0146i &#8226; Storit\" \/>\n<meta property=\"og:description\" content=\"Modu\u013cu plaukti metro, met\u0101la modu\u013cu plaukti, met\u0101la saliekamie plaukti, cinkoti plaukti, modu\u013cu plauktu sist\u0113mas, met\u0101la plauktu sist\u0113ma, gar\u0101\u017eas plaukti\" \/>\n<meta property=\"og:url\" content=\"https:\/\/storitgroup.com\/lv\/prece\/modulu-plaukti-metro-2500-mm\/\" \/>\n<meta property=\"og:site_name\" content=\"Storit\" \/>\n<meta property=\"article:modified_time\" content=\"2024-01-19T07:18:12+00:00\" \/>\n<meta property=\"og:image\" content=\"https:\/\/storitgroup.com\/uploads\/2022\/08\/modulu-plaukts-metro-biroja-dokumentu-plaukts.webp\" \/>\n\t<meta property=\"og:image:width\" content=\"500\" \/>\n\t<meta property=\"og:image:height\" content=\"500\" \/>\n\t<meta property=\"og:image:type\" content=\"image\/webp\" \/>\n<meta name=\"twitter:card\" content=\"summary_large_image\" \/>\n<meta name=\"twitter:label1\" content=\"Est. reading time\" \/>\n\t<meta name=\"twitter:data1\" content=\"1 minute\" \/>\n<script type=\"application\/ld+json\" class=\"yoast-schema-graph\">{\"@context\":\"https:\/\/schema.org\",\"@graph\":[{\"@type\":[\"WebPage\",\"ItemPage\"],\"@id\":\"https:\/\/storitgroup.com\/lv\/prece\/modulu-plaukti-metro-2500-mm\/\",\"url\":\"https:\/\/storitgroup.com\/lv\/prece\/modulu-plaukti-metro-2500-mm\/\",\"name\":\"Modu\u013cu plaukti Metro, H2500 mm, platum\u0101 750-1165mm, 6 l\u012bme\u0146i &#8226; Storit\",\"isPartOf\":{\"@id\":\"https:\/\/storitgroup.com\/lv\/#website\"},\"primaryImageOfPage\":{\"@id\":\"https:\/\/storitgroup.com\/lv\/prece\/modulu-plaukti-metro-2500-mm\/#primaryimage\"},\"image\":{\"@id\":\"https:\/\/storitgroup.com\/lv\/prece\/modulu-plaukti-metro-2500-mm\/#primaryimage\"},\"thumbnailUrl\":\"https:\/\/storitgroup.com\/uploads\/2022\/08\/modulu-plaukts-metro-biroja-dokumentu-plaukts.webp\",\"datePublished\":\"2022-08-08T10:50:16+00:00\",\"dateModified\":\"2024-01-19T07:18:12+00:00\",\"description\":\"Modu\u013cu plaukti metro, met\u0101la modu\u013cu plaukti, met\u0101la saliekamie plaukti, cinkoti plaukti, modu\u013cu plauktu sist\u0113mas, met\u0101la plauktu sist\u0113ma, gar\u0101\u017eas plaukti\",\"breadcrumb\":{\"@id\":\"https:\/\/storitgroup.com\/lv\/prece\/modulu-plaukti-metro-2500-mm\/#breadcrumb\"},\"inLanguage\":\"lv-LV\",\"potentialAction\":[{\"@type\":\"ReadAction\",\"target\":[\"https:\/\/storitgroup.com\/lv\/prece\/modulu-plaukti-metro-2500-mm\/\"]}]},{\"@type\":\"ImageObject\",\"inLanguage\":\"lv-LV\",\"@id\":\"https:\/\/storitgroup.com\/lv\/prece\/modulu-plaukti-metro-2500-mm\/#primaryimage\",\"url\":\"https:\/\/storitgroup.com\/uploads\/2022\/08\/modulu-plaukts-metro-biroja-dokumentu-plaukts.webp\",\"contentUrl\":\"https:\/\/storitgroup.com\/uploads\/2022\/08\/modulu-plaukts-metro-biroja-dokumentu-plaukts.webp\",\"width\":500,\"height\":500,\"caption\":\"modulu-plaukts-metro-biroja-dokumentu-plaukts\"},{\"@type\":\"BreadcrumbList\",\"@id\":\"https:\/\/storitgroup.com\/lv\/prece\/modulu-plaukti-metro-2500-mm\/#breadcrumb\",\"itemListElement\":[{\"@type\":\"ListItem\",\"position\":1,\"name\":\"S\u0101kumlapa\",\"item\":\"https:\/\/storitgroup.com\/lv\/\"},{\"@type\":\"ListItem\",\"position\":2,\"name\":\"Veikals\",\"item\":\"https:\/\/storitgroup.com\/lv\/veikals\/\"},{\"@type\":\"ListItem\",\"position\":3,\"name\":\"Modu\u013cu plaukti Metro\",\"item\":\"https:\/\/storitgroup.com\/lv\/modulu-plaukti-metro\/\"},{\"@type\":\"ListItem\",\"position\":4,\"name\":\"Modu\u013cu plaukti Metro, H2500 mm, platum\u0101 750-1165mm, 6 l\u012bme\u0146i\"}]},{\"@type\":\"WebSite\",\"@id\":\"https:\/\/storitgroup.com\/lv\/#website\",\"url\":\"https:\/\/storitgroup.com\/lv\/\",\"name\":\"Storit\",\"description\":\"\",\"potentialAction\":[{\"@type\":\"SearchAction\",\"target\":{\"@type\":\"EntryPoint\",\"urlTemplate\":\"https:\/\/storitgroup.com\/lv\/?s={search_term_string}\"},\"query-input\":{\"@type\":\"PropertyValueSpecification\",\"valueRequired\":true,\"valueName\":\"search_term_string\"}}],\"inLanguage\":\"lv-LV\"}]}<\/script>\n<!-- \/ Yoast SEO plugin. -->","yoast_head_json":{"title":"Modu\u013cu plaukti Metro, H2500 mm, platum\u0101 750-1165mm, 6 l\u012bme\u0146i &#8226; Storit","description":"Modu\u013cu plaukti metro, met\u0101la modu\u013cu plaukti, met\u0101la saliekamie plaukti, cinkoti plaukti, modu\u013cu plauktu sist\u0113mas, met\u0101la plauktu sist\u0113ma, gar\u0101\u017eas plaukti","robots":{"index":"index","follow":"follow","max-snippet":"max-snippet:-1","max-image-preview":"max-image-preview:large","max-video-preview":"max-video-preview:-1"},"canonical":"https:\/\/storitgroup.com\/lv\/prece\/modulu-plaukti-metro-2500-mm\/","og_locale":"lv_LV","og_type":"article","og_title":"Modu\u013cu plaukti Metro, H2500 mm, platum\u0101 750-1165mm, 6 l\u012bme\u0146i &#8226; Storit","og_description":"Modu\u013cu plaukti metro, met\u0101la modu\u013cu plaukti, met\u0101la saliekamie plaukti, cinkoti plaukti, modu\u013cu plauktu sist\u0113mas, met\u0101la plauktu sist\u0113ma, gar\u0101\u017eas plaukti","og_url":"https:\/\/storitgroup.com\/lv\/prece\/modulu-plaukti-metro-2500-mm\/","og_site_name":"Storit","article_modified_time":"2024-01-19T07:18:12+00:00","og_image":[{"width":500,"height":500,"url":"https:\/\/storitgroup.com\/uploads\/2022\/08\/modulu-plaukts-metro-biroja-dokumentu-plaukts.webp","type":"image\/webp"}],"twitter_card":"summary_large_image","twitter_misc":{"Est. reading time":"1 minute"},"schema":{"@context":"https:\/\/schema.org","@graph":[{"@type":["WebPage","ItemPage"],"@id":"https:\/\/storitgroup.com\/lv\/prece\/modulu-plaukti-metro-2500-mm\/","url":"https:\/\/storitgroup.com\/lv\/prece\/modulu-plaukti-metro-2500-mm\/","name":"Modu\u013cu plaukti Metro, H2500 mm, platum\u0101 750-1165mm, 6 l\u012bme\u0146i &#8226; Storit","isPartOf":{"@id":"https:\/\/storitgroup.com\/lv\/#website"},"primaryImageOfPage":{"@id":"https:\/\/storitgroup.com\/lv\/prece\/modulu-plaukti-metro-2500-mm\/#primaryimage"},"image":{"@id":"https:\/\/storitgroup.com\/lv\/prece\/modulu-plaukti-metro-2500-mm\/#primaryimage"},"thumbnailUrl":"https:\/\/storitgroup.com\/uploads\/2022\/08\/modulu-plaukts-metro-biroja-dokumentu-plaukts.webp","datePublished":"2022-08-08T10:50:16+00:00","dateModified":"2024-01-19T07:18:12+00:00","description":"Modu\u013cu plaukti metro, met\u0101la modu\u013cu plaukti, met\u0101la saliekamie plaukti, cinkoti plaukti, modu\u013cu plauktu sist\u0113mas, met\u0101la plauktu sist\u0113ma, gar\u0101\u017eas plaukti","breadcrumb":{"@id":"https:\/\/storitgroup.com\/lv\/prece\/modulu-plaukti-metro-2500-mm\/#breadcrumb"},"inLanguage":"lv-LV","potentialAction":[{"@type":"ReadAction","target":["https:\/\/storitgroup.com\/lv\/prece\/modulu-plaukti-metro-2500-mm\/"]}]},{"@type":"ImageObject","inLanguage":"lv-LV","@id":"https:\/\/storitgroup.com\/lv\/prece\/modulu-plaukti-metro-2500-mm\/#primaryimage","url":"https:\/\/storitgroup.com\/uploads\/2022\/08\/modulu-plaukts-metro-biroja-dokumentu-plaukts.webp","contentUrl":"https:\/\/storitgroup.com\/uploads\/2022\/08\/modulu-plaukts-metro-biroja-dokumentu-plaukts.webp","width":500,"height":500,"caption":"modulu-plaukts-metro-biroja-dokumentu-plaukts"},{"@type":"BreadcrumbList","@id":"https:\/\/storitgroup.com\/lv\/prece\/modulu-plaukti-metro-2500-mm\/#breadcrumb","itemListElement":[{"@type":"ListItem","position":1,"name":"S\u0101kumlapa","item":"https:\/\/storitgroup.com\/lv\/"},{"@type":"ListItem","position":2,"name":"Veikals","item":"https:\/\/storitgroup.com\/lv\/veikals\/"},{"@type":"ListItem","position":3,"name":"Modu\u013cu plaukti Metro","item":"https:\/\/storitgroup.com\/lv\/modulu-plaukti-metro\/"},{"@type":"ListItem","position":4,"name":"Modu\u013cu plaukti Metro, H2500 mm, platum\u0101 750-1165mm, 6 l\u012bme\u0146i"}]},{"@type":"WebSite","@id":"https:\/\/storitgroup.com\/lv\/#website","url":"https:\/\/storitgroup.com\/lv\/","name":"Storit","description":"","potentialAction":[{"@type":"SearchAction","target":{"@type":"EntryPoint","urlTemplate":"https:\/\/storitgroup.com\/lv\/?s={search_term_string}"},"query-input":{"@type":"PropertyValueSpecification","valueRequired":true,"valueName":"search_term_string"}}],"inLanguage":"lv-LV"}]}},"_links":{"self":[{"href":"https:\/\/storitgroup.com\/lv\/wp-json\/wp\/v2\/product\/194782","targetHints":{"allow":["GET"]}}],"collection":[{"href":"https:\/\/storitgroup.com\/lv\/wp-json\/wp\/v2\/product"}],"about":[{"href":"https:\/\/storitgroup.com\/lv\/wp-json\/wp\/v2\/types\/product"}],"wp:featuredmedia":[{"embeddable":true,"href":"https:\/\/storitgroup.com\/lv\/wp-json\/wp\/v2\/media\/194852"}],"wp:attachment":[{"href":"https:\/\/storitgroup.com\/lv\/wp-json\/wp\/v2\/media?parent=194782"}],"wp:term":[{"taxonomy":"product_brand","embeddable":true,"href":"https:\/\/storitgroup.com\/lv\/wp-json\/wp\/v2\/product_brand?post=194782"},{"taxonomy":"product_cat","embeddable":true,"href":"https:\/\/storitgroup.com\/lv\/wp-json\/wp\/v2\/product_cat?post=194782"},{"taxonomy":"product_tag","embeddable":true,"href":"https:\/\/storitgroup.com\/lv\/wp-json\/wp\/v2\/product_tag?post=194782"}],"curies":[{"name":"wp","href":"https:\/\/api.w.org\/{rel}","templated":true}]}}