{"id":194602,"date":"2024-01-01T12:05:37","date_gmt":"2024-01-01T10:05:37","guid":{"rendered":"https:\/\/storitgroup.com\/?post_type=product&#038;p=194602"},"modified":"2024-04-17T08:17:51","modified_gmt":"2024-04-17T05:17:51","slug":"garderobes-skapis","status":"publish","type":"product","link":"https:\/\/storitgroup.com\/lv\/prece\/garderobes-skapis\/","title":{"rendered":"Garderobes skapis 2&#215;300 mm, pel\u0113ks, SUM 320 W"},"content":{"rendered":"<p><b>Izm\u0113rs: 1800 x 500 x 600 mm<\/b><\/p>\n<p><b>(augstums x dzi\u013cums x platums)<\/b><\/p>\n<p><b>Viena nodal\u012bjuma platums: <\/b>300 mm<\/p>\n<p><strong>Svars:<\/strong> 35kg<\/p>\n<p>&nbsp;<\/p>\n<p><b>Katra garderobes divdurvju skapja komplekt\u0101cij\u0101 ietilpst:<\/b><\/p>\n<p>\u2013 ventil\u0101cijas atveres durv\u012bs;<\/p>\n<p>\u2013 stienis ap\u0123\u0113rbu pak\u0101r\u0161anai;<\/p>\n<p>\u2013 plaukts cepur\u0113m;<\/p>\n<p>\u2013 spogul\u012btis un papildu \u0101\u0137\u012btis pie durv\u012bm iek\u0161pus\u0113;<\/p>\n<p>\u2013 piel\u012bm\u0113jama info kabati\u0146a skapja lietot\u0101ja apz\u012bm\u0113\u0161anai pie durv\u012bm \u0101rpus\u0113;<\/p>\n<p>\u2013 cilindra sl\u0113dzene durv\u012bm ar div\u0101m atsevi\u0161\u0137\u0101m atsl\u0113g\u0101m;<\/p>\n<p>\u2013 sl\u0113dze\u0146u sist\u0113ma atbalsta \u201cmaster key\u201d iesp\u0113ju. T\u0101 ir viena univers\u0101l\u0101 atsl\u0113ga, kura atver visas durvis \u2013 iesp\u0113ja atv\u0113rt skapja durvis, neboj\u0101jot skapja sl\u0113dzeni nozaud\u0113tas atsl\u0113gas gad\u012bjum\u0101.<\/p>\n<p>&nbsp;<\/p>\n<p>Met\u0101la garderobes skapji SUM 320 W ra\u017eoti Polij\u0101.<\/p>\n","protected":false},"excerpt":{"rendered":"<p>Izm\u0113rs: 1800 x 500 x 600 mm (augstums x dzi\u013cums x platums) Viena nodal\u012bjuma platums: 300 mm Svars: 35kg &nbsp; Katra garderobes divdurvju skapja komplekt\u0101cij\u0101 ietilpst: \u2013 ventil\u0101cijas atveres durv\u012bs; \u2013 stienis ap\u0123\u0113rbu pak\u0101r\u0161anai; \u2013 plaukts cepur\u0113m; \u2013 spogul\u012btis un papildu \u0101\u0137\u012btis pie durv\u012bm iek\u0161pus\u0113; \u2013 piel\u012bm\u0113jama info kabati\u0146a skapja lietot\u0101ja apz\u012bm\u0113\u0161anai pie durv\u012bm \u0101rpus\u0113; [&hellip;]<\/p>\n","protected":false},"featured_media":215657,"template":"","meta":{"_acf_changed":false},"product_brand":[],"product_cat":[7117],"product_tag":[],"class_list":{"0":"post-194602","1":"product","2":"type-product","3":"status-publish","4":"has-post-thumbnail","6":"product_cat-metala-skapji","8":"first","9":"instock","10":"taxable","11":"shipping-taxable","12":"purchasable","13":"product-type-simple"},"acf":[],"yoast_head":"<!-- This site is optimized with the Yoast SEO plugin v27.3 - https:\/\/yoast.com\/product\/yoast-seo-wordpress\/ -->\n<title>Garderobes skapis 2x300 mm, pel\u0113ks, SUM 320 W &#8226; Storit<\/title>\n<meta name=\"description\" content=\"garderobes skapis, met\u0101la garderobes skap\u012btis, \u0123\u0113rbtuvju skapis, \u0123\u0113rbtuvju skap\u012btis, skapji garderob\u0113m, skapji \u0123\u0113rbtuv\u0113m, skapji sporta klubiem\" \/>\n<meta name=\"robots\" content=\"index, follow, max-snippet:-1, max-image-preview:large, max-video-preview:-1\" \/>\n<link rel=\"canonical\" href=\"https:\/\/storitgroup.com\/lv\/prece\/garderobes-skapis\/\" \/>\n<meta property=\"og:locale\" content=\"lv_LV\" \/>\n<meta property=\"og:type\" content=\"article\" \/>\n<meta property=\"og:title\" content=\"Garderobes skapis 2x300 mm, pel\u0113ks, SUM 320 W &#8226; Storit\" \/>\n<meta property=\"og:description\" content=\"garderobes skapis, met\u0101la garderobes skap\u012btis, \u0123\u0113rbtuvju skapis, \u0123\u0113rbtuvju skap\u012btis, skapji garderob\u0113m, skapji \u0123\u0113rbtuv\u0113m, skapji sporta klubiem\" \/>\n<meta property=\"og:url\" content=\"https:\/\/storitgroup.com\/lv\/prece\/garderobes-skapis\/\" \/>\n<meta property=\"og:site_name\" content=\"Storit\" \/>\n<meta property=\"article:modified_time\" content=\"2024-04-17T05:17:51+00:00\" \/>\n<meta property=\"og:image\" content=\"https:\/\/storitgroup.com\/uploads\/2024\/01\/divvietigs-skapis-sum320w.jpg\" \/>\n\t<meta property=\"og:image:width\" content=\"1253\" \/>\n\t<meta property=\"og:image:height\" content=\"1253\" \/>\n\t<meta property=\"og:image:type\" content=\"image\/jpeg\" \/>\n<meta name=\"twitter:card\" content=\"summary_large_image\" \/>\n<meta name=\"twitter:label1\" content=\"Est. reading time\" \/>\n\t<meta name=\"twitter:data1\" content=\"1 minute\" \/>\n<script type=\"application\/ld+json\" class=\"yoast-schema-graph\">{\"@context\":\"https:\\\/\\\/schema.org\",\"@graph\":[{\"@type\":[\"WebPage\",\"ItemPage\"],\"@id\":\"https:\\\/\\\/storitgroup.com\\\/lv\\\/prece\\\/garderobes-skapis\\\/\",\"url\":\"https:\\\/\\\/storitgroup.com\\\/lv\\\/prece\\\/garderobes-skapis\\\/\",\"name\":\"Garderobes skapis 2x300 mm, pel\u0113ks, SUM 320 W &#8226; Storit\",\"isPartOf\":{\"@id\":\"https:\\\/\\\/storitgroup.com\\\/lv\\\/#website\"},\"primaryImageOfPage\":{\"@id\":\"https:\\\/\\\/storitgroup.com\\\/lv\\\/prece\\\/garderobes-skapis\\\/#primaryimage\"},\"image\":{\"@id\":\"https:\\\/\\\/storitgroup.com\\\/lv\\\/prece\\\/garderobes-skapis\\\/#primaryimage\"},\"thumbnailUrl\":\"https:\\\/\\\/storitgroup.com\\\/uploads\\\/2024\\\/01\\\/divvietigs-skapis-sum320w.jpg\",\"datePublished\":\"2024-01-01T10:05:37+00:00\",\"dateModified\":\"2024-04-17T05:17:51+00:00\",\"description\":\"garderobes skapis, met\u0101la garderobes skap\u012btis, \u0123\u0113rbtuvju skapis, \u0123\u0113rbtuvju skap\u012btis, skapji garderob\u0113m, skapji \u0123\u0113rbtuv\u0113m, skapji sporta klubiem\",\"breadcrumb\":{\"@id\":\"https:\\\/\\\/storitgroup.com\\\/lv\\\/prece\\\/garderobes-skapis\\\/#breadcrumb\"},\"inLanguage\":\"lv-LV\",\"potentialAction\":[{\"@type\":\"ReadAction\",\"target\":[\"https:\\\/\\\/storitgroup.com\\\/lv\\\/prece\\\/garderobes-skapis\\\/\"]}]},{\"@type\":\"ImageObject\",\"inLanguage\":\"lv-LV\",\"@id\":\"https:\\\/\\\/storitgroup.com\\\/lv\\\/prece\\\/garderobes-skapis\\\/#primaryimage\",\"url\":\"https:\\\/\\\/storitgroup.com\\\/uploads\\\/2024\\\/01\\\/divvietigs-skapis-sum320w.jpg\",\"contentUrl\":\"https:\\\/\\\/storitgroup.com\\\/uploads\\\/2024\\\/01\\\/divvietigs-skapis-sum320w.jpg\",\"width\":1253,\"height\":1253,\"caption\":\"Divviet\u012bgs garderobes skapis, SUM 320 W\"},{\"@type\":\"BreadcrumbList\",\"@id\":\"https:\\\/\\\/storitgroup.com\\\/lv\\\/prece\\\/garderobes-skapis\\\/#breadcrumb\",\"itemListElement\":[{\"@type\":\"ListItem\",\"position\":1,\"name\":\"S\u0101kumlapa\",\"item\":\"https:\\\/\\\/storitgroup.com\\\/lv\\\/\"},{\"@type\":\"ListItem\",\"position\":2,\"name\":\"Veikals\",\"item\":\"https:\\\/\\\/storitgroup.com\\\/lv\\\/veikals\\\/\"},{\"@type\":\"ListItem\",\"position\":3,\"name\":\"Met\u0101la skapji\",\"item\":\"https:\\\/\\\/storitgroup.com\\\/lv\\\/metala-skapji\\\/\"},{\"@type\":\"ListItem\",\"position\":4,\"name\":\"Garderobes skapis 2&#215;300 mm, pel\u0113ks, SUM 320 W\"}]},{\"@type\":\"WebSite\",\"@id\":\"https:\\\/\\\/storitgroup.com\\\/lv\\\/#website\",\"url\":\"https:\\\/\\\/storitgroup.com\\\/lv\\\/\",\"name\":\"Storit\",\"description\":\"\",\"potentialAction\":[{\"@type\":\"SearchAction\",\"target\":{\"@type\":\"EntryPoint\",\"urlTemplate\":\"https:\\\/\\\/storitgroup.com\\\/lv\\\/?s={search_term_string}\"},\"query-input\":{\"@type\":\"PropertyValueSpecification\",\"valueRequired\":true,\"valueName\":\"search_term_string\"}}],\"inLanguage\":\"lv-LV\"}]}<\/script>\n<!-- \/ Yoast SEO plugin. -->","yoast_head_json":{"title":"Garderobes skapis 2x300 mm, pel\u0113ks, SUM 320 W &#8226; Storit","description":"garderobes skapis, met\u0101la garderobes skap\u012btis, \u0123\u0113rbtuvju skapis, \u0123\u0113rbtuvju skap\u012btis, skapji garderob\u0113m, skapji \u0123\u0113rbtuv\u0113m, skapji sporta klubiem","robots":{"index":"index","follow":"follow","max-snippet":"max-snippet:-1","max-image-preview":"max-image-preview:large","max-video-preview":"max-video-preview:-1"},"canonical":"https:\/\/storitgroup.com\/lv\/prece\/garderobes-skapis\/","og_locale":"lv_LV","og_type":"article","og_title":"Garderobes skapis 2x300 mm, pel\u0113ks, SUM 320 W &#8226; Storit","og_description":"garderobes skapis, met\u0101la garderobes skap\u012btis, \u0123\u0113rbtuvju skapis, \u0123\u0113rbtuvju skap\u012btis, skapji garderob\u0113m, skapji \u0123\u0113rbtuv\u0113m, skapji sporta klubiem","og_url":"https:\/\/storitgroup.com\/lv\/prece\/garderobes-skapis\/","og_site_name":"Storit","article_modified_time":"2024-04-17T05:17:51+00:00","og_image":[{"width":1253,"height":1253,"url":"https:\/\/storitgroup.com\/uploads\/2024\/01\/divvietigs-skapis-sum320w.jpg","type":"image\/jpeg"}],"twitter_card":"summary_large_image","twitter_misc":{"Est. reading time":"1 minute"},"schema":{"@context":"https:\/\/schema.org","@graph":[{"@type":["WebPage","ItemPage"],"@id":"https:\/\/storitgroup.com\/lv\/prece\/garderobes-skapis\/","url":"https:\/\/storitgroup.com\/lv\/prece\/garderobes-skapis\/","name":"Garderobes skapis 2x300 mm, pel\u0113ks, SUM 320 W &#8226; Storit","isPartOf":{"@id":"https:\/\/storitgroup.com\/lv\/#website"},"primaryImageOfPage":{"@id":"https:\/\/storitgroup.com\/lv\/prece\/garderobes-skapis\/#primaryimage"},"image":{"@id":"https:\/\/storitgroup.com\/lv\/prece\/garderobes-skapis\/#primaryimage"},"thumbnailUrl":"https:\/\/storitgroup.com\/uploads\/2024\/01\/divvietigs-skapis-sum320w.jpg","datePublished":"2024-01-01T10:05:37+00:00","dateModified":"2024-04-17T05:17:51+00:00","description":"garderobes skapis, met\u0101la garderobes skap\u012btis, \u0123\u0113rbtuvju skapis, \u0123\u0113rbtuvju skap\u012btis, skapji garderob\u0113m, skapji \u0123\u0113rbtuv\u0113m, skapji sporta klubiem","breadcrumb":{"@id":"https:\/\/storitgroup.com\/lv\/prece\/garderobes-skapis\/#breadcrumb"},"inLanguage":"lv-LV","potentialAction":[{"@type":"ReadAction","target":["https:\/\/storitgroup.com\/lv\/prece\/garderobes-skapis\/"]}]},{"@type":"ImageObject","inLanguage":"lv-LV","@id":"https:\/\/storitgroup.com\/lv\/prece\/garderobes-skapis\/#primaryimage","url":"https:\/\/storitgroup.com\/uploads\/2024\/01\/divvietigs-skapis-sum320w.jpg","contentUrl":"https:\/\/storitgroup.com\/uploads\/2024\/01\/divvietigs-skapis-sum320w.jpg","width":1253,"height":1253,"caption":"Divviet\u012bgs garderobes skapis, SUM 320 W"},{"@type":"BreadcrumbList","@id":"https:\/\/storitgroup.com\/lv\/prece\/garderobes-skapis\/#breadcrumb","itemListElement":[{"@type":"ListItem","position":1,"name":"S\u0101kumlapa","item":"https:\/\/storitgroup.com\/lv\/"},{"@type":"ListItem","position":2,"name":"Veikals","item":"https:\/\/storitgroup.com\/lv\/veikals\/"},{"@type":"ListItem","position":3,"name":"Met\u0101la skapji","item":"https:\/\/storitgroup.com\/lv\/metala-skapji\/"},{"@type":"ListItem","position":4,"name":"Garderobes skapis 2&#215;300 mm, pel\u0113ks, SUM 320 W"}]},{"@type":"WebSite","@id":"https:\/\/storitgroup.com\/lv\/#website","url":"https:\/\/storitgroup.com\/lv\/","name":"Storit","description":"","potentialAction":[{"@type":"SearchAction","target":{"@type":"EntryPoint","urlTemplate":"https:\/\/storitgroup.com\/lv\/?s={search_term_string}"},"query-input":{"@type":"PropertyValueSpecification","valueRequired":true,"valueName":"search_term_string"}}],"inLanguage":"lv-LV"}]}},"_links":{"self":[{"href":"https:\/\/storitgroup.com\/lv\/wp-json\/wp\/v2\/product\/194602","targetHints":{"allow":["GET"]}}],"collection":[{"href":"https:\/\/storitgroup.com\/lv\/wp-json\/wp\/v2\/product"}],"about":[{"href":"https:\/\/storitgroup.com\/lv\/wp-json\/wp\/v2\/types\/product"}],"wp:featuredmedia":[{"embeddable":true,"href":"https:\/\/storitgroup.com\/lv\/wp-json\/wp\/v2\/media\/215657"}],"wp:attachment":[{"href":"https:\/\/storitgroup.com\/lv\/wp-json\/wp\/v2\/media?parent=194602"}],"wp:term":[{"taxonomy":"product_brand","embeddable":true,"href":"https:\/\/storitgroup.com\/lv\/wp-json\/wp\/v2\/product_brand?post=194602"},{"taxonomy":"product_cat","embeddable":true,"href":"https:\/\/storitgroup.com\/lv\/wp-json\/wp\/v2\/product_cat?post=194602"},{"taxonomy":"product_tag","embeddable":true,"href":"https:\/\/storitgroup.com\/lv\/wp-json\/wp\/v2\/product_tag?post=194602"}],"curies":[{"name":"wp","href":"https:\/\/api.w.org\/{rel}","templated":true}]}}