{"id":194519,"date":"2022-08-01T14:55:02","date_gmt":"2022-08-01T11:55:02","guid":{"rendered":"https:\/\/storitgroup.com\/?post_type=product&#038;p=194519"},"modified":"2024-02-28T08:12:27","modified_gmt":"2024-02-28T06:12:27","slug":"universalais-plaukts-longspan","status":"publish","type":"product","link":"https:\/\/storitgroup.com\/lv\/prece\/universalais-plaukts-longspan\/","title":{"rendered":"Univers\u0101lais plaukts Longspan, H2000x600x1500 mm, bez iekl\u0101juma"},"content":{"rendered":"","protected":false},"excerpt":{"rendered":"","protected":false},"featured_media":194523,"template":"","meta":{"_acf_changed":false},"product_brand":[],"product_cat":[8334],"product_tag":[],"class_list":{"0":"post-194519","1":"product","2":"type-product","3":"status-publish","4":"has-post-thumbnail","6":"product_cat-universalie-plaukti-longspan","8":"first","9":"instock","10":"sale","11":"taxable","12":"shipping-taxable","13":"purchasable","14":"product-type-variable","15":"has-default-attributes"},"acf":[],"yoast_head":"<!-- This site is optimized with the Yoast SEO plugin v27.3 - https:\/\/yoast.com\/product\/yoast-seo-wordpress\/ -->\n<title>Univers\u0101lai plaukts Longspan &#8226; H2000x600x1500 mm<\/title>\n<meta name=\"description\" content=\"Plauktu sekcijas Longspan - univers\u0101li plaukti. Pieejamas b\u0101zes sekcijas un papildu sekcijas, lai plauktus var\u0113tu izvietot vien\u0101 rind\u0101.\" \/>\n<meta name=\"robots\" content=\"index, follow, max-snippet:-1, max-image-preview:large, max-video-preview:-1\" \/>\n<link rel=\"canonical\" href=\"https:\/\/storitgroup.com\/lv\/prece\/universalais-plaukts-longspan\/\" \/>\n<meta property=\"og:locale\" content=\"lv_LV\" \/>\n<meta property=\"og:type\" content=\"article\" \/>\n<meta property=\"og:title\" content=\"Univers\u0101lai plaukts Longspan &#8226; H2000x600x1500 mm\" \/>\n<meta property=\"og:description\" content=\"Plauktu sekcijas Longspan - univers\u0101li plaukti. Pieejamas b\u0101zes sekcijas un papildu sekcijas, lai plauktus var\u0113tu izvietot vien\u0101 rind\u0101.\" \/>\n<meta property=\"og:url\" content=\"https:\/\/storitgroup.com\/lv\/prece\/universalais-plaukts-longspan\/\" \/>\n<meta property=\"og:site_name\" content=\"Storit\" \/>\n<meta property=\"article:modified_time\" content=\"2024-02-28T06:12:27+00:00\" \/>\n<meta property=\"og:image\" content=\"https:\/\/storitgroup.com\/uploads\/2022\/08\/universalais-plaukts-longspan-1500-x-2000-x-800-mm-pamatsekcija-46208.jpeg\" \/>\n\t<meta property=\"og:image:width\" content=\"600\" \/>\n\t<meta property=\"og:image:height\" content=\"800\" \/>\n\t<meta property=\"og:image:type\" content=\"image\/jpeg\" \/>\n<meta name=\"twitter:card\" content=\"summary_large_image\" \/>\n<script type=\"application\/ld+json\" class=\"yoast-schema-graph\">{\"@context\":\"https:\\\/\\\/schema.org\",\"@graph\":[{\"@type\":[\"WebPage\",\"ItemPage\"],\"@id\":\"https:\\\/\\\/storitgroup.com\\\/lv\\\/prece\\\/universalais-plaukts-longspan\\\/\",\"url\":\"https:\\\/\\\/storitgroup.com\\\/lv\\\/prece\\\/universalais-plaukts-longspan\\\/\",\"name\":\"Univers\u0101lai plaukts Longspan &#8226; H2000x600x1500 mm\",\"isPartOf\":{\"@id\":\"https:\\\/\\\/storitgroup.com\\\/lv\\\/#website\"},\"primaryImageOfPage\":{\"@id\":\"https:\\\/\\\/storitgroup.com\\\/lv\\\/prece\\\/universalais-plaukts-longspan\\\/#primaryimage\"},\"image\":{\"@id\":\"https:\\\/\\\/storitgroup.com\\\/lv\\\/prece\\\/universalais-plaukts-longspan\\\/#primaryimage\"},\"thumbnailUrl\":\"https:\\\/\\\/storitgroup.com\\\/uploads\\\/2022\\\/08\\\/universalais-plaukts-longspan-1500-x-2000-x-800-mm-pamatsekcija-46208.jpeg\",\"datePublished\":\"2022-08-01T11:55:02+00:00\",\"dateModified\":\"2024-02-28T06:12:27+00:00\",\"description\":\"Plauktu sekcijas Longspan - univers\u0101li plaukti. Pieejamas b\u0101zes sekcijas un papildu sekcijas, lai plauktus var\u0113tu izvietot vien\u0101 rind\u0101.\",\"breadcrumb\":{\"@id\":\"https:\\\/\\\/storitgroup.com\\\/lv\\\/prece\\\/universalais-plaukts-longspan\\\/#breadcrumb\"},\"inLanguage\":\"lv-LV\",\"potentialAction\":[{\"@type\":\"ReadAction\",\"target\":[\"https:\\\/\\\/storitgroup.com\\\/lv\\\/prece\\\/universalais-plaukts-longspan\\\/\"]}]},{\"@type\":\"ImageObject\",\"inLanguage\":\"lv-LV\",\"@id\":\"https:\\\/\\\/storitgroup.com\\\/lv\\\/prece\\\/universalais-plaukts-longspan\\\/#primaryimage\",\"url\":\"https:\\\/\\\/storitgroup.com\\\/uploads\\\/2022\\\/08\\\/universalais-plaukts-longspan-1500-x-2000-x-800-mm-pamatsekcija-46208.jpeg\",\"contentUrl\":\"https:\\\/\\\/storitgroup.com\\\/uploads\\\/2022\\\/08\\\/universalais-plaukts-longspan-1500-x-2000-x-800-mm-pamatsekcija-46208.jpeg\",\"width\":600,\"height\":800,\"caption\":\"Universalais-plaukts-LongSpan-1500-x-2000-x-800-mm-pamatsekcija-46208\"},{\"@type\":\"BreadcrumbList\",\"@id\":\"https:\\\/\\\/storitgroup.com\\\/lv\\\/prece\\\/universalais-plaukts-longspan\\\/#breadcrumb\",\"itemListElement\":[{\"@type\":\"ListItem\",\"position\":1,\"name\":\"S\u0101kumlapa\",\"item\":\"https:\\\/\\\/storitgroup.com\\\/lv\\\/\"},{\"@type\":\"ListItem\",\"position\":2,\"name\":\"Veikals\",\"item\":\"https:\\\/\\\/storitgroup.com\\\/lv\\\/veikals\\\/\"},{\"@type\":\"ListItem\",\"position\":3,\"name\":\"Univers\u0101lie plaukti Longspan\",\"item\":\"https:\\\/\\\/storitgroup.com\\\/lv\\\/universalie-plaukti-longspan\\\/\"},{\"@type\":\"ListItem\",\"position\":4,\"name\":\"Univers\u0101lais plaukts Longspan, H2000x600x1500 mm, bez iekl\u0101juma\"}]},{\"@type\":\"WebSite\",\"@id\":\"https:\\\/\\\/storitgroup.com\\\/lv\\\/#website\",\"url\":\"https:\\\/\\\/storitgroup.com\\\/lv\\\/\",\"name\":\"Storit\",\"description\":\"\",\"potentialAction\":[{\"@type\":\"SearchAction\",\"target\":{\"@type\":\"EntryPoint\",\"urlTemplate\":\"https:\\\/\\\/storitgroup.com\\\/lv\\\/?s={search_term_string}\"},\"query-input\":{\"@type\":\"PropertyValueSpecification\",\"valueRequired\":true,\"valueName\":\"search_term_string\"}}],\"inLanguage\":\"lv-LV\"}]}<\/script>\n<!-- \/ Yoast SEO plugin. -->","yoast_head_json":{"title":"Univers\u0101lai plaukts Longspan &#8226; H2000x600x1500 mm","description":"Plauktu sekcijas Longspan - univers\u0101li plaukti. Pieejamas b\u0101zes sekcijas un papildu sekcijas, lai plauktus var\u0113tu izvietot vien\u0101 rind\u0101.","robots":{"index":"index","follow":"follow","max-snippet":"max-snippet:-1","max-image-preview":"max-image-preview:large","max-video-preview":"max-video-preview:-1"},"canonical":"https:\/\/storitgroup.com\/lv\/prece\/universalais-plaukts-longspan\/","og_locale":"lv_LV","og_type":"article","og_title":"Univers\u0101lai plaukts Longspan &#8226; H2000x600x1500 mm","og_description":"Plauktu sekcijas Longspan - univers\u0101li plaukti. Pieejamas b\u0101zes sekcijas un papildu sekcijas, lai plauktus var\u0113tu izvietot vien\u0101 rind\u0101.","og_url":"https:\/\/storitgroup.com\/lv\/prece\/universalais-plaukts-longspan\/","og_site_name":"Storit","article_modified_time":"2024-02-28T06:12:27+00:00","og_image":[{"width":600,"height":800,"url":"https:\/\/storitgroup.com\/uploads\/2022\/08\/universalais-plaukts-longspan-1500-x-2000-x-800-mm-pamatsekcija-46208.jpeg","type":"image\/jpeg"}],"twitter_card":"summary_large_image","schema":{"@context":"https:\/\/schema.org","@graph":[{"@type":["WebPage","ItemPage"],"@id":"https:\/\/storitgroup.com\/lv\/prece\/universalais-plaukts-longspan\/","url":"https:\/\/storitgroup.com\/lv\/prece\/universalais-plaukts-longspan\/","name":"Univers\u0101lai plaukts Longspan &#8226; H2000x600x1500 mm","isPartOf":{"@id":"https:\/\/storitgroup.com\/lv\/#website"},"primaryImageOfPage":{"@id":"https:\/\/storitgroup.com\/lv\/prece\/universalais-plaukts-longspan\/#primaryimage"},"image":{"@id":"https:\/\/storitgroup.com\/lv\/prece\/universalais-plaukts-longspan\/#primaryimage"},"thumbnailUrl":"https:\/\/storitgroup.com\/uploads\/2022\/08\/universalais-plaukts-longspan-1500-x-2000-x-800-mm-pamatsekcija-46208.jpeg","datePublished":"2022-08-01T11:55:02+00:00","dateModified":"2024-02-28T06:12:27+00:00","description":"Plauktu sekcijas Longspan - univers\u0101li plaukti. Pieejamas b\u0101zes sekcijas un papildu sekcijas, lai plauktus var\u0113tu izvietot vien\u0101 rind\u0101.","breadcrumb":{"@id":"https:\/\/storitgroup.com\/lv\/prece\/universalais-plaukts-longspan\/#breadcrumb"},"inLanguage":"lv-LV","potentialAction":[{"@type":"ReadAction","target":["https:\/\/storitgroup.com\/lv\/prece\/universalais-plaukts-longspan\/"]}]},{"@type":"ImageObject","inLanguage":"lv-LV","@id":"https:\/\/storitgroup.com\/lv\/prece\/universalais-plaukts-longspan\/#primaryimage","url":"https:\/\/storitgroup.com\/uploads\/2022\/08\/universalais-plaukts-longspan-1500-x-2000-x-800-mm-pamatsekcija-46208.jpeg","contentUrl":"https:\/\/storitgroup.com\/uploads\/2022\/08\/universalais-plaukts-longspan-1500-x-2000-x-800-mm-pamatsekcija-46208.jpeg","width":600,"height":800,"caption":"Universalais-plaukts-LongSpan-1500-x-2000-x-800-mm-pamatsekcija-46208"},{"@type":"BreadcrumbList","@id":"https:\/\/storitgroup.com\/lv\/prece\/universalais-plaukts-longspan\/#breadcrumb","itemListElement":[{"@type":"ListItem","position":1,"name":"S\u0101kumlapa","item":"https:\/\/storitgroup.com\/lv\/"},{"@type":"ListItem","position":2,"name":"Veikals","item":"https:\/\/storitgroup.com\/lv\/veikals\/"},{"@type":"ListItem","position":3,"name":"Univers\u0101lie plaukti Longspan","item":"https:\/\/storitgroup.com\/lv\/universalie-plaukti-longspan\/"},{"@type":"ListItem","position":4,"name":"Univers\u0101lais plaukts Longspan, H2000x600x1500 mm, bez iekl\u0101juma"}]},{"@type":"WebSite","@id":"https:\/\/storitgroup.com\/lv\/#website","url":"https:\/\/storitgroup.com\/lv\/","name":"Storit","description":"","potentialAction":[{"@type":"SearchAction","target":{"@type":"EntryPoint","urlTemplate":"https:\/\/storitgroup.com\/lv\/?s={search_term_string}"},"query-input":{"@type":"PropertyValueSpecification","valueRequired":true,"valueName":"search_term_string"}}],"inLanguage":"lv-LV"}]}},"_links":{"self":[{"href":"https:\/\/storitgroup.com\/lv\/wp-json\/wp\/v2\/product\/194519","targetHints":{"allow":["GET"]}}],"collection":[{"href":"https:\/\/storitgroup.com\/lv\/wp-json\/wp\/v2\/product"}],"about":[{"href":"https:\/\/storitgroup.com\/lv\/wp-json\/wp\/v2\/types\/product"}],"wp:featuredmedia":[{"embeddable":true,"href":"https:\/\/storitgroup.com\/lv\/wp-json\/wp\/v2\/media\/194523"}],"wp:attachment":[{"href":"https:\/\/storitgroup.com\/lv\/wp-json\/wp\/v2\/media?parent=194519"}],"wp:term":[{"taxonomy":"product_brand","embeddable":true,"href":"https:\/\/storitgroup.com\/lv\/wp-json\/wp\/v2\/product_brand?post=194519"},{"taxonomy":"product_cat","embeddable":true,"href":"https:\/\/storitgroup.com\/lv\/wp-json\/wp\/v2\/product_cat?post=194519"},{"taxonomy":"product_tag","embeddable":true,"href":"https:\/\/storitgroup.com\/lv\/wp-json\/wp\/v2\/product_tag?post=194519"}],"curies":[{"name":"wp","href":"https:\/\/api.w.org\/{rel}","templated":true}]}}