{"id":194512,"date":"2022-08-01T13:35:09","date_gmt":"2022-08-01T10:35:09","guid":{"rendered":"https:\/\/storitgroup.com\/?post_type=product&#038;p=194512"},"modified":"2024-02-12T10:48:39","modified_gmt":"2024-02-12T08:48:39","slug":"rohla-ar-isam-daksam","status":"publish","type":"product","link":"https:\/\/storitgroup.com\/lv\/prece\/rohla-ar-isam-daksam\/","title":{"rendered":"Pale\u0161u rati\u0146i ar \u012bs\u0101m dak\u0161\u0101m un poliuret\u0101na rite\u0146iem, 2500 kg"},"content":{"rendered":"","protected":false},"excerpt":{"rendered":"<p><strong>Rati\u0146u celtsp\u0113ja:<\/strong> 2500 kg;<\/p>\n<p><strong>Dak\u0161u izm\u0113rs:<\/strong> 800 x 540 mm;<\/p>\n<p><strong>Minim\u0101lais augstums:<\/strong> 85 mm;<\/p>\n<p><strong>Maksim\u0101lais pacel\u0161anas augstums:<\/strong> 205 mm;<\/p>\n<p><strong>Dak\u0161u garums, standart EUR palet\u0113m:<\/strong> 800 mm;<\/p>\n<p><strong>Dak\u0161u platums:<\/strong> 540 mm<\/p>\n<p><strong>Vienas dak\u0161as izm\u0113rs:<\/strong> 150 x 50 mm (platums x augstums);<\/p>\n<p><strong>Ratu roktura augstums:<\/strong> 1210 mm;<\/p>\n<p><strong>Vado\u0161ais ritenis:<\/strong>\u00a0\u00d8 180 x 50 mm,\u00a0poliuret\u0101ns (P);<\/p>\n<p><strong>Riten\u012b\u0161i dak\u0161u galos:\u00a0<\/strong>\u00d8 80\u00a0x 70 mm, poliuret\u0101ns\u00a0(P), single;\u00a0P\/P;<\/p>\n<p><strong>Svars:<\/strong>\u00a058 kg;<\/p>\n<p><strong>integr\u0113ts cilindrs.<\/strong><\/p>\n","protected":false},"featured_media":194513,"template":"","meta":{"_acf_changed":false},"product_brand":[],"product_cat":[7120],"product_tag":[],"class_list":{"0":"post-194512","1":"product","2":"type-product","3":"status-publish","4":"has-post-thumbnail","6":"product_cat-palesu-ratini","8":"first","9":"instock","10":"taxable","11":"shipping-taxable","12":"purchasable","13":"product-type-simple"},"acf":[],"yoast_head":"<!-- This site is optimized with the Yoast SEO plugin v27.2 - https:\/\/yoast.com\/product\/yoast-seo-wordpress\/ -->\n<title>Pale\u0161u rati\u0146i ar \u012bs\u0101m dak\u0161\u0101m un poliuret\u0101na rite\u0146iem, 2500 kg &#8226; Storit<\/title>\n<meta name=\"description\" content=\"rohla ar \u012bs\u0101m dak\u0161\u0101m, rokla ar 800mm dak\u0161\u0101m, \u012bs\u0101 rohla palet\u0113m, \u012bs\u0101 pale\u0161u rohla, pale\u0161u rati\u0146i ar \u012bs\u0101m dak\u0161\u0101m, \u012bso dak\u0161u pale\u0161u rati, hidrauliskie rati\" \/>\n<meta name=\"robots\" content=\"index, follow, max-snippet:-1, max-image-preview:large, max-video-preview:-1\" \/>\n<link rel=\"canonical\" href=\"https:\/\/storitgroup.com\/lv\/prece\/rohla-ar-isam-daksam\/\" \/>\n<meta property=\"og:locale\" content=\"lv_LV\" \/>\n<meta property=\"og:type\" content=\"article\" \/>\n<meta property=\"og:title\" content=\"Pale\u0161u rati\u0146i ar \u012bs\u0101m dak\u0161\u0101m un poliuret\u0101na rite\u0146iem, 2500 kg &#8226; Storit\" \/>\n<meta property=\"og:description\" content=\"rohla ar \u012bs\u0101m dak\u0161\u0101m, rokla ar 800mm dak\u0161\u0101m, \u012bs\u0101 rohla palet\u0113m, \u012bs\u0101 pale\u0161u rohla, pale\u0161u rati\u0146i ar \u012bs\u0101m dak\u0161\u0101m, \u012bso dak\u0161u pale\u0161u rati, hidrauliskie rati\" \/>\n<meta property=\"og:url\" content=\"https:\/\/storitgroup.com\/lv\/prece\/rohla-ar-isam-daksam\/\" \/>\n<meta property=\"og:site_name\" content=\"Storit\" \/>\n<meta property=\"article:modified_time\" content=\"2024-02-12T08:48:39+00:00\" \/>\n<meta property=\"og:image\" content=\"https:\/\/storitgroup.com\/uploads\/2022\/08\/rohla-ar-isam-daksam-asso800-1-palesu-ratini-ar-daksam-800mm.jpeg\" \/>\n\t<meta property=\"og:image:width\" content=\"600\" \/>\n\t<meta property=\"og:image:height\" content=\"953\" \/>\n\t<meta property=\"og:image:type\" content=\"image\/jpeg\" \/>\n<meta name=\"twitter:card\" content=\"summary_large_image\" \/>\n<script type=\"application\/ld+json\" class=\"yoast-schema-graph\">{\"@context\":\"https:\/\/schema.org\",\"@graph\":[{\"@type\":[\"WebPage\",\"ItemPage\"],\"@id\":\"https:\/\/storitgroup.com\/lv\/prece\/rohla-ar-isam-daksam\/\",\"url\":\"https:\/\/storitgroup.com\/lv\/prece\/rohla-ar-isam-daksam\/\",\"name\":\"Pale\u0161u rati\u0146i ar \u012bs\u0101m dak\u0161\u0101m un poliuret\u0101na rite\u0146iem, 2500 kg &#8226; Storit\",\"isPartOf\":{\"@id\":\"https:\/\/storitgroup.com\/lv\/#website\"},\"primaryImageOfPage\":{\"@id\":\"https:\/\/storitgroup.com\/lv\/prece\/rohla-ar-isam-daksam\/#primaryimage\"},\"image\":{\"@id\":\"https:\/\/storitgroup.com\/lv\/prece\/rohla-ar-isam-daksam\/#primaryimage\"},\"thumbnailUrl\":\"https:\/\/storitgroup.com\/uploads\/2022\/08\/rohla-ar-isam-daksam-asso800-1-palesu-ratini-ar-daksam-800mm.jpeg\",\"datePublished\":\"2022-08-01T10:35:09+00:00\",\"dateModified\":\"2024-02-12T08:48:39+00:00\",\"description\":\"rohla ar \u012bs\u0101m dak\u0161\u0101m, rokla ar 800mm dak\u0161\u0101m, \u012bs\u0101 rohla palet\u0113m, \u012bs\u0101 pale\u0161u rohla, pale\u0161u rati\u0146i ar \u012bs\u0101m dak\u0161\u0101m, \u012bso dak\u0161u pale\u0161u rati, hidrauliskie rati\",\"breadcrumb\":{\"@id\":\"https:\/\/storitgroup.com\/lv\/prece\/rohla-ar-isam-daksam\/#breadcrumb\"},\"inLanguage\":\"lv-LV\",\"potentialAction\":[{\"@type\":\"ReadAction\",\"target\":[\"https:\/\/storitgroup.com\/lv\/prece\/rohla-ar-isam-daksam\/\"]}]},{\"@type\":\"ImageObject\",\"inLanguage\":\"lv-LV\",\"@id\":\"https:\/\/storitgroup.com\/lv\/prece\/rohla-ar-isam-daksam\/#primaryimage\",\"url\":\"https:\/\/storitgroup.com\/uploads\/2022\/08\/rohla-ar-isam-daksam-asso800-1-palesu-ratini-ar-daksam-800mm.jpeg\",\"contentUrl\":\"https:\/\/storitgroup.com\/uploads\/2022\/08\/rohla-ar-isam-daksam-asso800-1-palesu-ratini-ar-daksam-800mm.jpeg\",\"width\":600,\"height\":953,\"caption\":\"rohla-ar-isam-daksam-ASSO800-1-palesu-ratini-ar-daksam-800mm\"},{\"@type\":\"BreadcrumbList\",\"@id\":\"https:\/\/storitgroup.com\/lv\/prece\/rohla-ar-isam-daksam\/#breadcrumb\",\"itemListElement\":[{\"@type\":\"ListItem\",\"position\":1,\"name\":\"S\u0101kumlapa\",\"item\":\"https:\/\/storitgroup.com\/lv\/\"},{\"@type\":\"ListItem\",\"position\":2,\"name\":\"Veikals\",\"item\":\"https:\/\/storitgroup.com\/lv\/veikals\/\"},{\"@type\":\"ListItem\",\"position\":3,\"name\":\"Pale\u0161u rati\u0146i\",\"item\":\"https:\/\/storitgroup.com\/lv\/palesu-ratini\/\"},{\"@type\":\"ListItem\",\"position\":4,\"name\":\"Pale\u0161u rati\u0146i ar \u012bs\u0101m dak\u0161\u0101m un poliuret\u0101na rite\u0146iem, 2500 kg\"}]},{\"@type\":\"WebSite\",\"@id\":\"https:\/\/storitgroup.com\/lv\/#website\",\"url\":\"https:\/\/storitgroup.com\/lv\/\",\"name\":\"Storit\",\"description\":\"\",\"potentialAction\":[{\"@type\":\"SearchAction\",\"target\":{\"@type\":\"EntryPoint\",\"urlTemplate\":\"https:\/\/storitgroup.com\/lv\/?s={search_term_string}\"},\"query-input\":{\"@type\":\"PropertyValueSpecification\",\"valueRequired\":true,\"valueName\":\"search_term_string\"}}],\"inLanguage\":\"lv-LV\"}]}<\/script>\n<!-- \/ Yoast SEO plugin. -->","yoast_head_json":{"title":"Pale\u0161u rati\u0146i ar \u012bs\u0101m dak\u0161\u0101m un poliuret\u0101na rite\u0146iem, 2500 kg &#8226; Storit","description":"rohla ar \u012bs\u0101m dak\u0161\u0101m, rokla ar 800mm dak\u0161\u0101m, \u012bs\u0101 rohla palet\u0113m, \u012bs\u0101 pale\u0161u rohla, pale\u0161u rati\u0146i ar \u012bs\u0101m dak\u0161\u0101m, \u012bso dak\u0161u pale\u0161u rati, hidrauliskie rati","robots":{"index":"index","follow":"follow","max-snippet":"max-snippet:-1","max-image-preview":"max-image-preview:large","max-video-preview":"max-video-preview:-1"},"canonical":"https:\/\/storitgroup.com\/lv\/prece\/rohla-ar-isam-daksam\/","og_locale":"lv_LV","og_type":"article","og_title":"Pale\u0161u rati\u0146i ar \u012bs\u0101m dak\u0161\u0101m un poliuret\u0101na rite\u0146iem, 2500 kg &#8226; Storit","og_description":"rohla ar \u012bs\u0101m dak\u0161\u0101m, rokla ar 800mm dak\u0161\u0101m, \u012bs\u0101 rohla palet\u0113m, \u012bs\u0101 pale\u0161u rohla, pale\u0161u rati\u0146i ar \u012bs\u0101m dak\u0161\u0101m, \u012bso dak\u0161u pale\u0161u rati, hidrauliskie rati","og_url":"https:\/\/storitgroup.com\/lv\/prece\/rohla-ar-isam-daksam\/","og_site_name":"Storit","article_modified_time":"2024-02-12T08:48:39+00:00","og_image":[{"width":600,"height":953,"url":"https:\/\/storitgroup.com\/uploads\/2022\/08\/rohla-ar-isam-daksam-asso800-1-palesu-ratini-ar-daksam-800mm.jpeg","type":"image\/jpeg"}],"twitter_card":"summary_large_image","schema":{"@context":"https:\/\/schema.org","@graph":[{"@type":["WebPage","ItemPage"],"@id":"https:\/\/storitgroup.com\/lv\/prece\/rohla-ar-isam-daksam\/","url":"https:\/\/storitgroup.com\/lv\/prece\/rohla-ar-isam-daksam\/","name":"Pale\u0161u rati\u0146i ar \u012bs\u0101m dak\u0161\u0101m un poliuret\u0101na rite\u0146iem, 2500 kg &#8226; Storit","isPartOf":{"@id":"https:\/\/storitgroup.com\/lv\/#website"},"primaryImageOfPage":{"@id":"https:\/\/storitgroup.com\/lv\/prece\/rohla-ar-isam-daksam\/#primaryimage"},"image":{"@id":"https:\/\/storitgroup.com\/lv\/prece\/rohla-ar-isam-daksam\/#primaryimage"},"thumbnailUrl":"https:\/\/storitgroup.com\/uploads\/2022\/08\/rohla-ar-isam-daksam-asso800-1-palesu-ratini-ar-daksam-800mm.jpeg","datePublished":"2022-08-01T10:35:09+00:00","dateModified":"2024-02-12T08:48:39+00:00","description":"rohla ar \u012bs\u0101m dak\u0161\u0101m, rokla ar 800mm dak\u0161\u0101m, \u012bs\u0101 rohla palet\u0113m, \u012bs\u0101 pale\u0161u rohla, pale\u0161u rati\u0146i ar \u012bs\u0101m dak\u0161\u0101m, \u012bso dak\u0161u pale\u0161u rati, hidrauliskie rati","breadcrumb":{"@id":"https:\/\/storitgroup.com\/lv\/prece\/rohla-ar-isam-daksam\/#breadcrumb"},"inLanguage":"lv-LV","potentialAction":[{"@type":"ReadAction","target":["https:\/\/storitgroup.com\/lv\/prece\/rohla-ar-isam-daksam\/"]}]},{"@type":"ImageObject","inLanguage":"lv-LV","@id":"https:\/\/storitgroup.com\/lv\/prece\/rohla-ar-isam-daksam\/#primaryimage","url":"https:\/\/storitgroup.com\/uploads\/2022\/08\/rohla-ar-isam-daksam-asso800-1-palesu-ratini-ar-daksam-800mm.jpeg","contentUrl":"https:\/\/storitgroup.com\/uploads\/2022\/08\/rohla-ar-isam-daksam-asso800-1-palesu-ratini-ar-daksam-800mm.jpeg","width":600,"height":953,"caption":"rohla-ar-isam-daksam-ASSO800-1-palesu-ratini-ar-daksam-800mm"},{"@type":"BreadcrumbList","@id":"https:\/\/storitgroup.com\/lv\/prece\/rohla-ar-isam-daksam\/#breadcrumb","itemListElement":[{"@type":"ListItem","position":1,"name":"S\u0101kumlapa","item":"https:\/\/storitgroup.com\/lv\/"},{"@type":"ListItem","position":2,"name":"Veikals","item":"https:\/\/storitgroup.com\/lv\/veikals\/"},{"@type":"ListItem","position":3,"name":"Pale\u0161u rati\u0146i","item":"https:\/\/storitgroup.com\/lv\/palesu-ratini\/"},{"@type":"ListItem","position":4,"name":"Pale\u0161u rati\u0146i ar \u012bs\u0101m dak\u0161\u0101m un poliuret\u0101na rite\u0146iem, 2500 kg"}]},{"@type":"WebSite","@id":"https:\/\/storitgroup.com\/lv\/#website","url":"https:\/\/storitgroup.com\/lv\/","name":"Storit","description":"","potentialAction":[{"@type":"SearchAction","target":{"@type":"EntryPoint","urlTemplate":"https:\/\/storitgroup.com\/lv\/?s={search_term_string}"},"query-input":{"@type":"PropertyValueSpecification","valueRequired":true,"valueName":"search_term_string"}}],"inLanguage":"lv-LV"}]}},"_links":{"self":[{"href":"https:\/\/storitgroup.com\/lv\/wp-json\/wp\/v2\/product\/194512","targetHints":{"allow":["GET"]}}],"collection":[{"href":"https:\/\/storitgroup.com\/lv\/wp-json\/wp\/v2\/product"}],"about":[{"href":"https:\/\/storitgroup.com\/lv\/wp-json\/wp\/v2\/types\/product"}],"wp:featuredmedia":[{"embeddable":true,"href":"https:\/\/storitgroup.com\/lv\/wp-json\/wp\/v2\/media\/194513"}],"wp:attachment":[{"href":"https:\/\/storitgroup.com\/lv\/wp-json\/wp\/v2\/media?parent=194512"}],"wp:term":[{"taxonomy":"product_brand","embeddable":true,"href":"https:\/\/storitgroup.com\/lv\/wp-json\/wp\/v2\/product_brand?post=194512"},{"taxonomy":"product_cat","embeddable":true,"href":"https:\/\/storitgroup.com\/lv\/wp-json\/wp\/v2\/product_cat?post=194512"},{"taxonomy":"product_tag","embeddable":true,"href":"https:\/\/storitgroup.com\/lv\/wp-json\/wp\/v2\/product_tag?post=194512"}],"curies":[{"name":"wp","href":"https:\/\/api.w.org\/{rel}","templated":true}]}}