{"id":194500,"date":"2022-08-01T13:21:41","date_gmt":"2022-08-01T10:21:41","guid":{"rendered":"https:\/\/storitgroup.com\/?post_type=product&#038;p=194500"},"modified":"2024-02-12T10:17:00","modified_gmt":"2024-02-12T08:17:00","slug":"palesu-ratini-ar-neilona-riteniem","status":"publish","type":"product","link":"https:\/\/storitgroup.com\/lv\/prece\/palesu-ratini-ar-neilona-riteniem\/","title":{"rendered":"Pale\u0161u rati\u0146i ASSON ar neilona rite\u0146iem, 2500 kg"},"content":{"rendered":"<p><strong>Rati\u0146u celtsp\u0113ja:<\/strong> 2500 kg<\/p>\n<p><strong>Min\/Max pacel\u0161anas augstums:<\/strong> 85 \/ 205 mm<\/p>\n<p><strong>Dak\u0161u garums:<\/strong> 1150 mm<\/p>\n<p><strong>Dak\u0161u platums:<\/strong> 540 mm<\/p>\n<p><strong>Dak\u0161as izm\u0113rs:<\/strong> 150 x 50 mm<\/p>\n<p><strong>Roktura augstums:<\/strong> 1210 mm<\/p>\n<p><strong>Kr\u0101sa:<\/strong> melna \/ sarkana<\/p>\n<p>Piem\u0113roti standart EUR palet\u0113m, kuras ir ar izm\u0113ru 800\u00d71200 mm<\/p>\n<p><strong>Riten\u012b\u0161i dak\u0161u galos:<\/strong> \u00d8 80 x 70 mm, \u00a0dubultie &#8211; \u00a0kop\u0101 \u010detri<\/p>\n<p><strong>Galvenais ritenis:<\/strong> \u00d8 180 x 50 mm<\/p>\n<p><strong>Rite\u0146u veids:<\/strong> neilona<\/p>\n<p><strong>Svars:<\/strong> 61 kg<\/p>\n<p><strong>Integr\u0113ts cilindrs<\/strong><\/p>\n<p>&nbsp;<\/p>\n<p>Neilona riten\u012b\u0161i. Viegli ripojo\u0161i, paredz\u0113ti liel\u0101m slodz\u0113m\u00a0piem\u0113roti cietam un l\u012bdzenam gr\u012bdas segumam.\u00a0Viegl\u0101k var uzs\u0101kt p\u0101rvietot smagu paleti\u00a0nek\u0101 ar poliuret\u0101na rite\u0146iem.<\/p>\n<p>&nbsp;<\/p>\n","protected":false},"excerpt":{"rendered":"<p><strong>Rati\u0146u celtsp\u0113ja:<\/strong> 2500 kg;<\/p>\n<p><strong>Min\/Max pacel\u0161anas augstums:<\/strong> 85 \/ 205 mm;<\/p>\n<p><strong>Dak\u0161u garums:<\/strong> 1150 mm;<\/p>\n<p><strong>Dak\u0161u platums:<\/strong> 540 mm;<\/p>\n<p><strong>Dak\u0161as izm\u0113rs:<\/strong> 150 x 50 mm;<\/p>\n<p><strong>Roktura augstums:<\/strong> 1210 mm;<\/p>\n<p><strong>Kr\u0101sa:<\/strong>\u00a0oran\u017ea;<\/p>\n<p>Piem\u0113roti standart EUR palet\u0113m, kuras ir ar izm\u0113ru 800\u00d71200 mm;<\/p>\n<p><strong>Riten\u012b\u0161i dak\u0161u galos:<\/strong>\u00a0\u00d8 85 mm, \u00a0dubultie, kop\u0101 \u010detri;<\/p>\n<p><strong>Galvenais ritenis:<\/strong> \u00d8 150 x 50 mm,<\/p>\n<p><strong>Rite\u0146u veids:<\/strong> neilona;<\/p>\n<p><strong>Svars:<\/strong> 67,5kg.<\/p>\n<p><strong>Integr\u0113ts cilindrs.<\/strong><\/p>\n<p>&nbsp;<\/p>\n<p>Neilona riten\u012b\u0161i. Viegli ripojo\u0161i, paredz\u0113ti liel\u0101m slodz\u0113m\u00a0piem\u0113roti cietam un l\u012bdzenam gr\u012bdas segumam.\u00a0Viegl\u0101k var uzs\u0101kt p\u0101rvietot smagu paleti\u00a0nek\u0101 ar poliuret\u0101na rite\u0146iem.<\/p>\n","protected":false},"featured_media":215077,"template":"","meta":{"_acf_changed":false},"product_brand":[],"product_cat":[7120],"product_tag":[],"class_list":{"0":"post-194500","1":"product","2":"type-product","3":"status-publish","4":"has-post-thumbnail","6":"product_cat-palesu-ratini","8":"first","9":"instock","10":"taxable","11":"shipping-taxable","12":"purchasable","13":"product-type-simple"},"acf":[],"yoast_head":"<!-- This site is optimized with the Yoast SEO plugin v27.3 - https:\/\/yoast.com\/product\/yoast-seo-wordpress\/ -->\n<title>Pale\u0161u rati\u0146i ASSON ar neilona rite\u0146iem, 2500 kg &#8226; Storit<\/title>\n<meta name=\"description\" content=\"Pale\u0161u rati\u0146i, pale\u0161u rati, rati\u0146i palet\u0113m, pale\u0161u p\u0101rvieto\u0161anas rati, rohla, rokla, hidrauliskie rati, rati eur palet\u0113m, rati fin palet\u0113m\" \/>\n<meta name=\"robots\" content=\"index, follow, max-snippet:-1, max-image-preview:large, max-video-preview:-1\" \/>\n<link rel=\"canonical\" href=\"https:\/\/storitgroup.com\/lv\/prece\/palesu-ratini-ar-neilona-riteniem\/\" \/>\n<meta property=\"og:locale\" content=\"lv_LV\" \/>\n<meta property=\"og:type\" content=\"article\" \/>\n<meta property=\"og:title\" content=\"Pale\u0161u rati\u0146i ASSON ar neilona rite\u0146iem, 2500 kg &#8226; Storit\" \/>\n<meta property=\"og:description\" content=\"Pale\u0161u rati\u0146i, pale\u0161u rati, rati\u0146i palet\u0113m, pale\u0161u p\u0101rvieto\u0161anas rati, rohla, rokla, hidrauliskie rati, rati eur palet\u0113m, rati fin palet\u0113m\" \/>\n<meta property=\"og:url\" content=\"https:\/\/storitgroup.com\/lv\/prece\/palesu-ratini-ar-neilona-riteniem\/\" \/>\n<meta property=\"og:site_name\" content=\"Storit\" \/>\n<meta property=\"article:modified_time\" content=\"2024-02-12T08:17:00+00:00\" \/>\n<meta property=\"og:image\" content=\"https:\/\/storitgroup.com\/uploads\/2022\/08\/asson-palesu-ratini.jpeg\" \/>\n\t<meta property=\"og:image:width\" content=\"800\" \/>\n\t<meta property=\"og:image:height\" content=\"629\" \/>\n\t<meta property=\"og:image:type\" content=\"image\/jpeg\" \/>\n<meta name=\"twitter:card\" content=\"summary_large_image\" \/>\n<meta name=\"twitter:label1\" content=\"Est. reading time\" \/>\n\t<meta name=\"twitter:data1\" content=\"1 minute\" \/>\n<script type=\"application\/ld+json\" class=\"yoast-schema-graph\">{\"@context\":\"https:\\\/\\\/schema.org\",\"@graph\":[{\"@type\":[\"WebPage\",\"ItemPage\"],\"@id\":\"https:\\\/\\\/storitgroup.com\\\/lv\\\/prece\\\/palesu-ratini-ar-neilona-riteniem\\\/\",\"url\":\"https:\\\/\\\/storitgroup.com\\\/lv\\\/prece\\\/palesu-ratini-ar-neilona-riteniem\\\/\",\"name\":\"Pale\u0161u rati\u0146i ASSON ar neilona rite\u0146iem, 2500 kg &#8226; Storit\",\"isPartOf\":{\"@id\":\"https:\\\/\\\/storitgroup.com\\\/lv\\\/#website\"},\"primaryImageOfPage\":{\"@id\":\"https:\\\/\\\/storitgroup.com\\\/lv\\\/prece\\\/palesu-ratini-ar-neilona-riteniem\\\/#primaryimage\"},\"image\":{\"@id\":\"https:\\\/\\\/storitgroup.com\\\/lv\\\/prece\\\/palesu-ratini-ar-neilona-riteniem\\\/#primaryimage\"},\"thumbnailUrl\":\"https:\\\/\\\/storitgroup.com\\\/uploads\\\/2022\\\/08\\\/asson-palesu-ratini.jpeg\",\"datePublished\":\"2022-08-01T10:21:41+00:00\",\"dateModified\":\"2024-02-12T08:17:00+00:00\",\"description\":\"Pale\u0161u rati\u0146i, pale\u0161u rati, rati\u0146i palet\u0113m, pale\u0161u p\u0101rvieto\u0161anas rati, rohla, rokla, hidrauliskie rati, rati eur palet\u0113m, rati fin palet\u0113m\",\"breadcrumb\":{\"@id\":\"https:\\\/\\\/storitgroup.com\\\/lv\\\/prece\\\/palesu-ratini-ar-neilona-riteniem\\\/#breadcrumb\"},\"inLanguage\":\"lv-LV\",\"potentialAction\":[{\"@type\":\"ReadAction\",\"target\":[\"https:\\\/\\\/storitgroup.com\\\/lv\\\/prece\\\/palesu-ratini-ar-neilona-riteniem\\\/\"]}]},{\"@type\":\"ImageObject\",\"inLanguage\":\"lv-LV\",\"@id\":\"https:\\\/\\\/storitgroup.com\\\/lv\\\/prece\\\/palesu-ratini-ar-neilona-riteniem\\\/#primaryimage\",\"url\":\"https:\\\/\\\/storitgroup.com\\\/uploads\\\/2022\\\/08\\\/asson-palesu-ratini.jpeg\",\"contentUrl\":\"https:\\\/\\\/storitgroup.com\\\/uploads\\\/2022\\\/08\\\/asson-palesu-ratini.jpeg\",\"width\":800,\"height\":629,\"caption\":\"ASSON pale\u0161u rati\u0146i ar neilona rite\u0146iem, 2500 kg\"},{\"@type\":\"BreadcrumbList\",\"@id\":\"https:\\\/\\\/storitgroup.com\\\/lv\\\/prece\\\/palesu-ratini-ar-neilona-riteniem\\\/#breadcrumb\",\"itemListElement\":[{\"@type\":\"ListItem\",\"position\":1,\"name\":\"S\u0101kumlapa\",\"item\":\"https:\\\/\\\/storitgroup.com\\\/lv\\\/\"},{\"@type\":\"ListItem\",\"position\":2,\"name\":\"Veikals\",\"item\":\"https:\\\/\\\/storitgroup.com\\\/lv\\\/veikals\\\/\"},{\"@type\":\"ListItem\",\"position\":3,\"name\":\"Pale\u0161u rati\u0146i\",\"item\":\"https:\\\/\\\/storitgroup.com\\\/lv\\\/palesu-ratini\\\/\"},{\"@type\":\"ListItem\",\"position\":4,\"name\":\"Pale\u0161u rati\u0146i ASSON ar neilona rite\u0146iem, 2500 kg\"}]},{\"@type\":\"WebSite\",\"@id\":\"https:\\\/\\\/storitgroup.com\\\/lv\\\/#website\",\"url\":\"https:\\\/\\\/storitgroup.com\\\/lv\\\/\",\"name\":\"Storit\",\"description\":\"\",\"potentialAction\":[{\"@type\":\"SearchAction\",\"target\":{\"@type\":\"EntryPoint\",\"urlTemplate\":\"https:\\\/\\\/storitgroup.com\\\/lv\\\/?s={search_term_string}\"},\"query-input\":{\"@type\":\"PropertyValueSpecification\",\"valueRequired\":true,\"valueName\":\"search_term_string\"}}],\"inLanguage\":\"lv-LV\"}]}<\/script>\n<!-- \/ Yoast SEO plugin. -->","yoast_head_json":{"title":"Pale\u0161u rati\u0146i ASSON ar neilona rite\u0146iem, 2500 kg &#8226; Storit","description":"Pale\u0161u rati\u0146i, pale\u0161u rati, rati\u0146i palet\u0113m, pale\u0161u p\u0101rvieto\u0161anas rati, rohla, rokla, hidrauliskie rati, rati eur palet\u0113m, rati fin palet\u0113m","robots":{"index":"index","follow":"follow","max-snippet":"max-snippet:-1","max-image-preview":"max-image-preview:large","max-video-preview":"max-video-preview:-1"},"canonical":"https:\/\/storitgroup.com\/lv\/prece\/palesu-ratini-ar-neilona-riteniem\/","og_locale":"lv_LV","og_type":"article","og_title":"Pale\u0161u rati\u0146i ASSON ar neilona rite\u0146iem, 2500 kg &#8226; Storit","og_description":"Pale\u0161u rati\u0146i, pale\u0161u rati, rati\u0146i palet\u0113m, pale\u0161u p\u0101rvieto\u0161anas rati, rohla, rokla, hidrauliskie rati, rati eur palet\u0113m, rati fin palet\u0113m","og_url":"https:\/\/storitgroup.com\/lv\/prece\/palesu-ratini-ar-neilona-riteniem\/","og_site_name":"Storit","article_modified_time":"2024-02-12T08:17:00+00:00","og_image":[{"width":800,"height":629,"url":"https:\/\/storitgroup.com\/uploads\/2022\/08\/asson-palesu-ratini.jpeg","type":"image\/jpeg"}],"twitter_card":"summary_large_image","twitter_misc":{"Est. reading time":"1 minute"},"schema":{"@context":"https:\/\/schema.org","@graph":[{"@type":["WebPage","ItemPage"],"@id":"https:\/\/storitgroup.com\/lv\/prece\/palesu-ratini-ar-neilona-riteniem\/","url":"https:\/\/storitgroup.com\/lv\/prece\/palesu-ratini-ar-neilona-riteniem\/","name":"Pale\u0161u rati\u0146i ASSON ar neilona rite\u0146iem, 2500 kg &#8226; Storit","isPartOf":{"@id":"https:\/\/storitgroup.com\/lv\/#website"},"primaryImageOfPage":{"@id":"https:\/\/storitgroup.com\/lv\/prece\/palesu-ratini-ar-neilona-riteniem\/#primaryimage"},"image":{"@id":"https:\/\/storitgroup.com\/lv\/prece\/palesu-ratini-ar-neilona-riteniem\/#primaryimage"},"thumbnailUrl":"https:\/\/storitgroup.com\/uploads\/2022\/08\/asson-palesu-ratini.jpeg","datePublished":"2022-08-01T10:21:41+00:00","dateModified":"2024-02-12T08:17:00+00:00","description":"Pale\u0161u rati\u0146i, pale\u0161u rati, rati\u0146i palet\u0113m, pale\u0161u p\u0101rvieto\u0161anas rati, rohla, rokla, hidrauliskie rati, rati eur palet\u0113m, rati fin palet\u0113m","breadcrumb":{"@id":"https:\/\/storitgroup.com\/lv\/prece\/palesu-ratini-ar-neilona-riteniem\/#breadcrumb"},"inLanguage":"lv-LV","potentialAction":[{"@type":"ReadAction","target":["https:\/\/storitgroup.com\/lv\/prece\/palesu-ratini-ar-neilona-riteniem\/"]}]},{"@type":"ImageObject","inLanguage":"lv-LV","@id":"https:\/\/storitgroup.com\/lv\/prece\/palesu-ratini-ar-neilona-riteniem\/#primaryimage","url":"https:\/\/storitgroup.com\/uploads\/2022\/08\/asson-palesu-ratini.jpeg","contentUrl":"https:\/\/storitgroup.com\/uploads\/2022\/08\/asson-palesu-ratini.jpeg","width":800,"height":629,"caption":"ASSON pale\u0161u rati\u0146i ar neilona rite\u0146iem, 2500 kg"},{"@type":"BreadcrumbList","@id":"https:\/\/storitgroup.com\/lv\/prece\/palesu-ratini-ar-neilona-riteniem\/#breadcrumb","itemListElement":[{"@type":"ListItem","position":1,"name":"S\u0101kumlapa","item":"https:\/\/storitgroup.com\/lv\/"},{"@type":"ListItem","position":2,"name":"Veikals","item":"https:\/\/storitgroup.com\/lv\/veikals\/"},{"@type":"ListItem","position":3,"name":"Pale\u0161u rati\u0146i","item":"https:\/\/storitgroup.com\/lv\/palesu-ratini\/"},{"@type":"ListItem","position":4,"name":"Pale\u0161u rati\u0146i ASSON ar neilona rite\u0146iem, 2500 kg"}]},{"@type":"WebSite","@id":"https:\/\/storitgroup.com\/lv\/#website","url":"https:\/\/storitgroup.com\/lv\/","name":"Storit","description":"","potentialAction":[{"@type":"SearchAction","target":{"@type":"EntryPoint","urlTemplate":"https:\/\/storitgroup.com\/lv\/?s={search_term_string}"},"query-input":{"@type":"PropertyValueSpecification","valueRequired":true,"valueName":"search_term_string"}}],"inLanguage":"lv-LV"}]}},"_links":{"self":[{"href":"https:\/\/storitgroup.com\/lv\/wp-json\/wp\/v2\/product\/194500","targetHints":{"allow":["GET"]}}],"collection":[{"href":"https:\/\/storitgroup.com\/lv\/wp-json\/wp\/v2\/product"}],"about":[{"href":"https:\/\/storitgroup.com\/lv\/wp-json\/wp\/v2\/types\/product"}],"wp:featuredmedia":[{"embeddable":true,"href":"https:\/\/storitgroup.com\/lv\/wp-json\/wp\/v2\/media\/215077"}],"wp:attachment":[{"href":"https:\/\/storitgroup.com\/lv\/wp-json\/wp\/v2\/media?parent=194500"}],"wp:term":[{"taxonomy":"product_brand","embeddable":true,"href":"https:\/\/storitgroup.com\/lv\/wp-json\/wp\/v2\/product_brand?post=194500"},{"taxonomy":"product_cat","embeddable":true,"href":"https:\/\/storitgroup.com\/lv\/wp-json\/wp\/v2\/product_cat?post=194500"},{"taxonomy":"product_tag","embeddable":true,"href":"https:\/\/storitgroup.com\/lv\/wp-json\/wp\/v2\/product_tag?post=194500"}],"curies":[{"name":"wp","href":"https:\/\/api.w.org\/{rel}","templated":true}]}}