{"id":194393,"date":"2021-06-08T06:46:37","date_gmt":"2021-06-08T03:46:37","guid":{"rendered":"https:\/\/storitgroup.com\/kuidas-osta-e-poest\/"},"modified":"2022-10-10T13:51:59","modified_gmt":"2022-10-10T10:51:59","slug":"montaza","status":"publish","type":"page","link":"https:\/\/storitgroup.com\/lv\/montaza\/","title":{"rendered":"Mont\u0101\u017ea"},"content":{"rendered":"\n<p><strong>Uzst\u0101d\u012b\u0161anas darbu izmaksas tiek apr\u0113\u0137in\u0101tas atbilsto\u0161i uzst\u0101d\u012b\u0161anas nosac\u012bjumiem.&nbsp;Ja darbu izpildes laik\u0101 par\u0101d\u012bsies nepiecie\u0161am\u012bba p\u0113c papildu darbiem, par to nekav\u0113joties tiks pazi\u0146ots, lai vienotos par darba gala apjomu un izmaks\u0101m<\/strong>&nbsp;.<\/p>\n\n\n\n<ul class=\"wp-block-list\"><li>Saska\u0146otajai invent\u0101ra uzst\u0101d\u012b\u0161anas zonai pre\u010du atve\u0161anas br\u012bd\u012b j\u0101b\u016bt tuk\u0161ai, k\u0101 ar\u012b j\u0101b\u016bt br\u012bvai vietai pre\u010du novieto\u0161anai.\u00a0Uzst\u0101d\u012bt\u0101ji nav atbild\u012bgi par vietas atbr\u012bvo\u0161anu no klienta prec\u0113m.\u00a0Uzst\u0101d\u012bt\u0101jam ir ties\u012bbas iekas\u0113t atsevi\u0161\u0137u maksu par gaid\u012b\u0161anas stund\u0101m.<\/li><li>Ja norun\u0101taj\u0101 laik\u0101 nav iesp\u0113jams uzs\u0101kt pas\u016bt\u012btos mont\u0101\u017eas darbus, par to j\u0101pazi\u0146o iepriek\u0161 iepriek\u0161\u0113j\u0101 darba dien\u0101.\u00a0Par neatceltu pieg\u0101di tiek iekas\u0113ta maksa.<\/li><li>Darbu pas\u016bt\u012bt\u0101js nodro\u0161ina uzst\u0101d\u012bt\u0101jam visus nepiecie\u0161amos pl\u0101nus un\/vai ras\u0113jumus.\u00a0Ja nav ras\u0113jumu vai uzst\u0101d\u012b\u0161anai nepiecie\u0161am\u0101s inform\u0101cijas, uzst\u0101d\u012bt\u0101jam ir ties\u012bbas nekav\u0113joties p\u0101rtraukt uzst\u0101d\u012b\u0161anu, lai izvair\u012btos no turpm\u0101kiem p\u0101rpratumiem.\u00a0Ja inform\u0101cija ras\u0113jumos bija nepiln\u012bga, uzst\u0101d\u012bt\u0101jiem nav pien\u0101kuma p\u0101rtais\u012bt jau paveiktos darbus.<\/li><li>Pas\u016bt\u012bt\u0101ja pien\u0101kums ir nodro\u0161in\u0101t telp\u0101s apgaismojumu un 220V elektroapg\u0101di.\u00a0Ja darbi tiek veikti \u0101rpus telp\u0101m vai telp\u0101s ir \u012bpa\u0161a temperat\u016bra (-1 vai v\u0113s\u0101ka), iepriek\u0161 par to j\u0101br\u012bdina darbuz\u0146\u0113m\u0113js.<\/li><li>Pas\u016bt\u012bt\u0101jam vai darbu pas\u016bt\u012bt\u0101jam ir pien\u0101kums inform\u0113t uzst\u0101d\u012bt\u0101jus par caurul\u0113m vai kabe\u013ciem sien\u0101 un gr\u012bd\u0101, kas urb\u0161anas laik\u0101 var tikt boj\u0101ti.\u00a0Ar\u012b nestandarta gr\u012bd\u0101m vai sien\u0101m, kas var\u0113tu rad\u012bt papildu probl\u0113mas uzst\u0101d\u012b\u0161anai.<\/li><\/ul>\n\n\n\n<h4 class=\"wp-block-heading\"><\/h4>\n","protected":false},"excerpt":{"rendered":"<p>Uzst\u0101d\u012b\u0161anas darbu izmaksas tiek apr\u0113\u0137in\u0101tas atbilsto\u0161i uzst\u0101d\u012b\u0161anas nosac\u012bjumiem.&nbsp;Ja darbu izpildes laik\u0101 par\u0101d\u012bsies nepiecie\u0161am\u012bba p\u0113c papildu darbiem, par to nekav\u0113joties tiks pazi\u0146ots, lai vienotos par darba gala apjomu un izmaks\u0101m&nbsp;. Saska\u0146otajai invent\u0101ra uzst\u0101d\u012b\u0161anas zonai pre\u010du atve\u0161anas br\u012bd\u012b j\u0101b\u016bt tuk\u0161ai, k\u0101 ar\u012b j\u0101b\u016bt br\u012bvai vietai pre\u010du novieto\u0161anai.\u00a0Uzst\u0101d\u012bt\u0101ji nav atbild\u012bgi par vietas atbr\u012bvo\u0161anu no klienta prec\u0113m.\u00a0Uzst\u0101d\u012bt\u0101jam ir ties\u012bbas [&hellip;]<\/p>\n","protected":false},"author":12870,"featured_media":0,"parent":0,"menu_order":999999999,"comment_status":"closed","ping_status":"closed","template":"","meta":{"_acf_changed":false,"footnotes":""},"class_list":["post-194393","page","type-page","status-publish","hentry"],"acf":[],"yoast_head":"<!-- This site is optimized with the Yoast SEO plugin v27.4 - https:\/\/yoast.com\/product\/yoast-seo-wordpress\/ -->\n<title>Mont\u0101\u017ea &#8226; Storit<\/title>\n<meta name=\"description\" content=\"Plauktu mont\u0101\u017ea, plauktu demont\u0101\u017ea, noliktavas apr\u012bkojuma mont\u0101\u017ea, plauktu mont\u0113t\u0101js, plauktu mont\u0101\u017eas cena, plauktu uzst\u0101d\u012b\u0161ana\" \/>\n<meta name=\"robots\" content=\"index, follow, max-snippet:-1, max-image-preview:large, max-video-preview:-1\" \/>\n<link rel=\"canonical\" href=\"https:\/\/storitgroup.com\/lv\/montaza\/\" \/>\n<meta property=\"og:locale\" content=\"lv_LV\" \/>\n<meta property=\"og:type\" content=\"article\" \/>\n<meta property=\"og:title\" content=\"Mont\u0101\u017ea &#8226; Storit\" \/>\n<meta property=\"og:description\" content=\"Plauktu mont\u0101\u017ea, plauktu demont\u0101\u017ea, noliktavas apr\u012bkojuma mont\u0101\u017ea, plauktu mont\u0113t\u0101js, plauktu mont\u0101\u017eas cena, plauktu uzst\u0101d\u012b\u0161ana\" \/>\n<meta property=\"og:url\" content=\"https:\/\/storitgroup.com\/lv\/montaza\/\" \/>\n<meta property=\"og:site_name\" content=\"Storit\" \/>\n<meta property=\"article:modified_time\" content=\"2022-10-10T10:51:59+00:00\" \/>\n<meta name=\"twitter:card\" content=\"summary_large_image\" \/>\n<meta name=\"twitter:label1\" content=\"Est. reading time\" \/>\n\t<meta name=\"twitter:data1\" content=\"1 minute\" \/>\n<script type=\"application\/ld+json\" class=\"yoast-schema-graph\">{\"@context\":\"https:\\\/\\\/schema.org\",\"@graph\":[{\"@type\":\"WebPage\",\"@id\":\"https:\\\/\\\/storitgroup.com\\\/lv\\\/montaza\\\/\",\"url\":\"https:\\\/\\\/storitgroup.com\\\/lv\\\/montaza\\\/\",\"name\":\"Mont\u0101\u017ea &#8226; Storit\",\"isPartOf\":{\"@id\":\"https:\\\/\\\/storitgroup.com\\\/lv\\\/#website\"},\"datePublished\":\"2021-06-08T03:46:37+00:00\",\"dateModified\":\"2022-10-10T10:51:59+00:00\",\"description\":\"Plauktu mont\u0101\u017ea, plauktu demont\u0101\u017ea, noliktavas apr\u012bkojuma mont\u0101\u017ea, plauktu mont\u0113t\u0101js, plauktu mont\u0101\u017eas cena, plauktu uzst\u0101d\u012b\u0161ana\",\"breadcrumb\":{\"@id\":\"https:\\\/\\\/storitgroup.com\\\/lv\\\/montaza\\\/#breadcrumb\"},\"inLanguage\":\"lv-LV\",\"potentialAction\":[{\"@type\":\"ReadAction\",\"target\":[\"https:\\\/\\\/storitgroup.com\\\/lv\\\/montaza\\\/\"]}]},{\"@type\":\"BreadcrumbList\",\"@id\":\"https:\\\/\\\/storitgroup.com\\\/lv\\\/montaza\\\/#breadcrumb\",\"itemListElement\":[{\"@type\":\"ListItem\",\"position\":1,\"name\":\"S\u0101kumlapa\",\"item\":\"https:\\\/\\\/storitgroup.com\\\/lv\\\/\"},{\"@type\":\"ListItem\",\"position\":2,\"name\":\"Mont\u0101\u017ea\"}]},{\"@type\":\"WebSite\",\"@id\":\"https:\\\/\\\/storitgroup.com\\\/lv\\\/#website\",\"url\":\"https:\\\/\\\/storitgroup.com\\\/lv\\\/\",\"name\":\"Storit\",\"description\":\"\",\"potentialAction\":[{\"@type\":\"SearchAction\",\"target\":{\"@type\":\"EntryPoint\",\"urlTemplate\":\"https:\\\/\\\/storitgroup.com\\\/lv\\\/?s={search_term_string}\"},\"query-input\":{\"@type\":\"PropertyValueSpecification\",\"valueRequired\":true,\"valueName\":\"search_term_string\"}}],\"inLanguage\":\"lv-LV\"}]}<\/script>\n<!-- \/ Yoast SEO plugin. -->","yoast_head_json":{"title":"Mont\u0101\u017ea &#8226; Storit","description":"Plauktu mont\u0101\u017ea, plauktu demont\u0101\u017ea, noliktavas apr\u012bkojuma mont\u0101\u017ea, plauktu mont\u0113t\u0101js, plauktu mont\u0101\u017eas cena, plauktu uzst\u0101d\u012b\u0161ana","robots":{"index":"index","follow":"follow","max-snippet":"max-snippet:-1","max-image-preview":"max-image-preview:large","max-video-preview":"max-video-preview:-1"},"canonical":"https:\/\/storitgroup.com\/lv\/montaza\/","og_locale":"lv_LV","og_type":"article","og_title":"Mont\u0101\u017ea &#8226; Storit","og_description":"Plauktu mont\u0101\u017ea, plauktu demont\u0101\u017ea, noliktavas apr\u012bkojuma mont\u0101\u017ea, plauktu mont\u0113t\u0101js, plauktu mont\u0101\u017eas cena, plauktu uzst\u0101d\u012b\u0161ana","og_url":"https:\/\/storitgroup.com\/lv\/montaza\/","og_site_name":"Storit","article_modified_time":"2022-10-10T10:51:59+00:00","twitter_card":"summary_large_image","twitter_misc":{"Est. reading time":"1 minute"},"schema":{"@context":"https:\/\/schema.org","@graph":[{"@type":"WebPage","@id":"https:\/\/storitgroup.com\/lv\/montaza\/","url":"https:\/\/storitgroup.com\/lv\/montaza\/","name":"Mont\u0101\u017ea &#8226; Storit","isPartOf":{"@id":"https:\/\/storitgroup.com\/lv\/#website"},"datePublished":"2021-06-08T03:46:37+00:00","dateModified":"2022-10-10T10:51:59+00:00","description":"Plauktu mont\u0101\u017ea, plauktu demont\u0101\u017ea, noliktavas apr\u012bkojuma mont\u0101\u017ea, plauktu mont\u0113t\u0101js, plauktu mont\u0101\u017eas cena, plauktu uzst\u0101d\u012b\u0161ana","breadcrumb":{"@id":"https:\/\/storitgroup.com\/lv\/montaza\/#breadcrumb"},"inLanguage":"lv-LV","potentialAction":[{"@type":"ReadAction","target":["https:\/\/storitgroup.com\/lv\/montaza\/"]}]},{"@type":"BreadcrumbList","@id":"https:\/\/storitgroup.com\/lv\/montaza\/#breadcrumb","itemListElement":[{"@type":"ListItem","position":1,"name":"S\u0101kumlapa","item":"https:\/\/storitgroup.com\/lv\/"},{"@type":"ListItem","position":2,"name":"Mont\u0101\u017ea"}]},{"@type":"WebSite","@id":"https:\/\/storitgroup.com\/lv\/#website","url":"https:\/\/storitgroup.com\/lv\/","name":"Storit","description":"","potentialAction":[{"@type":"SearchAction","target":{"@type":"EntryPoint","urlTemplate":"https:\/\/storitgroup.com\/lv\/?s={search_term_string}"},"query-input":{"@type":"PropertyValueSpecification","valueRequired":true,"valueName":"search_term_string"}}],"inLanguage":"lv-LV"}]}},"_links":{"self":[{"href":"https:\/\/storitgroup.com\/lv\/wp-json\/wp\/v2\/pages\/194393","targetHints":{"allow":["GET"]}}],"collection":[{"href":"https:\/\/storitgroup.com\/lv\/wp-json\/wp\/v2\/pages"}],"about":[{"href":"https:\/\/storitgroup.com\/lv\/wp-json\/wp\/v2\/types\/page"}],"author":[{"embeddable":true,"href":"https:\/\/storitgroup.com\/lv\/wp-json\/wp\/v2\/users\/12870"}],"replies":[{"embeddable":true,"href":"https:\/\/storitgroup.com\/lv\/wp-json\/wp\/v2\/comments?post=194393"}],"version-history":[{"count":0,"href":"https:\/\/storitgroup.com\/lv\/wp-json\/wp\/v2\/pages\/194393\/revisions"}],"wp:attachment":[{"href":"https:\/\/storitgroup.com\/lv\/wp-json\/wp\/v2\/media?parent=194393"}],"curies":[{"name":"wp","href":"https:\/\/api.w.org\/{rel}","templated":true}]}}