{"id":194391,"date":"2021-05-19T13:30:35","date_gmt":"2021-05-19T10:30:35","guid":{"rendered":"https:\/\/storitgroup.com\/muugitingimused\/"},"modified":"2026-02-09T08:20:43","modified_gmt":"2026-02-09T06:20:43","slug":"piegade","status":"publish","type":"page","link":"https:\/\/storitgroup.com\/lv\/piegade\/","title":{"rendered":"Pieg\u0101des un p\u0101rdo\u0161anas noteikumi"},"content":{"rendered":"\n<p>1. P\u0101rdo\u0161anas noteikumi attiecas uz pre\u010du ieg\u0101di no Interneta veikala&nbsp;<a href=\"https:\/\/storitgroup.com\/lv\">https:\/\/storitgroup.com\/lv<\/a>.<\/p>\n\n\n\n<p>2.\u00a0Maksa par pre\u010du pieg\u0101di ir atkar\u012bga no pirc\u0113ja atra\u0161an\u0101s vietas un pieg\u0101des veida. Pieg\u0101des maksa tiek\u00a0noteikta p\u0113c tam, kad veikts\u00a0pas\u016bt\u012bjums. Pieg\u0101d\u0101t\u0101js pieg\u0101d\u0101 preces l\u012bdz m\u0101jas \u0101rdurv\u012bm.<\/p>\n\n\n\n<p>3.&nbsp;Papildus \u0161iem noteikumiem tiesisk\u0101s attiec\u012bbas, kas rodas, ieg\u0101d\u0101joties preces Storit e-veikal\u0101, regul\u0113&nbsp;Latvijas&nbsp;Republik\u0101 sp\u0113k\u0101 eso\u0161ie ties\u012bbu akti.<\/p>\n\n\n\n<p>4.&nbsp;Interneta veikal\u0101 nop\u0113rkamo pre\u010du cenas ir nor\u0101d\u012btas pie prec\u0113m. Cenai tiek pievienots PVN un pieg\u0101des maksa&nbsp;(ja nepiecie\u0161ama pieg\u0101de). Visas interneta veikal\u0101 nop\u0113rkamo pre\u010du cenas nor\u0101d\u012btas eiro.<\/p>\n\n\n\n<p>5. Ja pirc\u0113js ir piepras\u012bjis preces pieg\u0101di, pas\u016bt\u012bjumam tiks pievienota transporta maksa. Pieg\u0101des maksa tiks pievienota J\u016bsu pas\u016bt\u012bjumam un kop\u0101 ar pas\u016bt\u012bjuma saturu tiks nos\u016bt\u012bta uz e-pasta adresi, kuru nor\u0101d\u012bj\u0101t, veicot pas\u016bt\u012bjumu.<\/p>\n\n\n\n<p>6. Ja tiks piepras\u012bta uzst\u0101d\u012b\u0161ana, tiks sast\u0101d\u012bts uzst\u0101d\u012b\u0161anas pied\u0101v\u0101jums atbilsto\u0161i konkr\u0113taj\u0101 pas\u016bt\u012bjum\u0101 iek\u013cautajam.<\/p>\n\n\n\n<p>7.&nbsp;Ja interneta veikal\u0101 ir radusies cenu k\u013c\u016bda cilv\u0113ka k\u013c\u016bdas vai tehniskas k\u013c\u016bmes d\u0113\u013c, interneta veikalam ir ties\u012bbas k\u013c\u016bdu labot. Ja dar\u012bjums ir balst\u012bts uz nepareiziem datiem, gan pat\u0113r\u0113t\u0101jam, gan&nbsp;interneta veikalam&nbsp;ir ties\u012bbas izbeigt dar\u012bjumu.<\/p>\n\n\n\n<p>Ac\u012bmredzamas cenu noteik\u0161anas k\u013c\u016bdas var ietvert \u0161\u0101du sarakstu, bet ne tikai:<\/p>\n\n\n\n<p>a) preces cena 0,00 \u20ac;<\/p>\n\n\n\n<p>b) cena visp\u0101r nav nor\u0101d\u012bta;<\/p>\n\n\n\n<p>c) preces&nbsp;pa\u0161izmaksa&nbsp;ir vair\u0101kas vai vair\u0101kas reizes augst\u0101ka par interneta veikal\u0101 nor\u0101d\u012bto cenu.<\/p>\n\n\n\n<p>8. Pre\u010du p\u0101rdo\u0161anas l\u012bgums tiek uzskat\u012bts par nosl\u0113gtu (L\u012bguma sp\u0113k\u0101 st\u0101\u0161an\u0101s br\u012bdis), kad&nbsp;Noliktavu pasauleSIA&nbsp;nor\u0113\u0137inu kont\u0101 ir sa\u0146emta samaks\u0101jam\u0101 summa saska\u0146\u0101 ar pas\u016bt\u012bjuma apstiprin\u0101jumu.<\/p>\n\n\n\n<p>9. Par prec\u0113m iesp\u0113jams nor\u0113\u0137in\u0101ties ar p\u0101rskait\u012bjumu.<\/p>\n\n\n\n<p>10.&nbsp;Ja pas\u016bt\u012bt\u0101s preces nevar pieg\u0101d\u0101t, jo t\u0101s ir beigu\u0161\u0101s, konstat\u0113ts defekts (kas nav nor\u0101d\u012bts p\u0101rdo\u0161anas sludin\u0101jum\u0101)&nbsp;vai cita iemesla d\u0113\u013c, pirc\u0113js par to tiks inform\u0113ts p\u0113c iesp\u0113jas \u0101tr\u0101k un samaks\u0101t\u0101 nauda (t.sk. preces pieg\u0101des izmaksas) tiks nekav\u0113joties atgriezta, bet ne v\u0113l\u0101k k\u0101 14 dienu laik\u0101 no pazi\u0146ojuma nos\u016bt\u012b\u0161anas.<\/p>\n\n\n\n<p>11. Cenu sv\u0101rst\u012bbu gad\u012bjum\u0101 no ra\u017eot\u0101ja puses,&nbsp;Noliktavu pasaule&nbsp;SIA&nbsp;patur ties\u012bbas nepiecie\u0161am\u012bbas gad\u012bjum\u0101 kori\u0123\u0113t cenas. Turkl\u0101t m\u0113s paturam ties\u012bbas uz drukas k\u013c\u016bd\u0101m un bez iepriek\u0161\u0113ja br\u012bdin\u0101juma veikt izmai\u0146as un labojumus produktu datos un p\u0101rdo\u0161anas nosac\u012bjumos.<\/p>\n\n\n\n<p>12.&nbsp;P\u0113c L\u012bguma st\u0101\u0161an\u0101s sp\u0113k\u0101 preces tiks izsniegtas no&nbsp;Noliktavu pasaule&nbsp;SIA&nbsp;noliktavas vai pieg\u0101d\u0101tas Jums iepriek\u0161 saska\u0146ot\u0101 laik\u0101 pa nor\u0101d\u012bto kontaktt\u0101lruni vai e-pastu, kur\u0161 nor\u0101d\u012bts&nbsp;veicot pas\u016bt\u012bjumu. M\u0113s pieg\u0101d\u0101jam produkciju&nbsp;Latvijas&nbsp;Republikas robe\u017e\u0101s.<\/p>\n\n\n\n<p>13. Ja prece nav uzreiz pieejama no noliktav\u0101, par paredzamo pieg\u0101des laiku inform\u0113sim p\u0113c pas\u016bt\u012bjuma veik\u0161anas (\u012bpa\u0161a pas\u016bt\u012bjuma preces var aiz\u0146emt 1-2 m\u0113ne\u0161us). Ja pre\u010du savlaic\u012bga pieg\u0101de nav iesp\u0113jama t\u0101du apst\u0101k\u013cu d\u0113\u013c, par kuriem&nbsp;Noliktavu pasaule&nbsp;SIA&nbsp;nav atbild\u012bga, m\u0113s par to J\u016bs inform\u0113sim pa kontaktt\u0101lruni vai e-pasta adresi, kuru J\u016bs nor\u0101d\u012bj\u0101t, veicot pas\u016bt\u012bjumu.<\/p>\n\n\n\n<p>14. L\u016bdzam p\u0101rliecin\u0101ties par nor\u0101d\u012bt\u0101s kontaktinform\u0101cijas pareiz\u012bbu, veicot pas\u016bt\u012bjumu, lai izvair\u012btos no kav\u0113jumiem un p\u0101rpratumiem pre\u010du pieg\u0101d\u0113.&nbsp;Noliktavu pasaule&nbsp;SIA&nbsp;neuz\u0146emas atbild\u012bbu par pre\u010du pieg\u0101des kav\u0113jumiem un p\u0101rpratumiem, ja kav\u0113\u0161an\u0101s vai p\u0101rpratums ir radies J\u016bsu nor\u0101d\u012bto datu neprecizit\u0101tes vai nepareiz\u012bbas d\u0113\u013c, veicot pas\u016bt\u012bjumu.<\/p>\n\n\n\n<p>15. Sa\u0146emot preces, iesak\u0101m nekav\u0113joties p\u0101rbaud\u012bt pre\u010du iepakojumu un daudzumu un s\u016bdz\u012bbu gad\u012bjum\u0101 izdar\u012bt attiec\u012bgu atz\u012bmi pavadz\u012bm\u0113. L\u016bdzam zi\u0146ot par boj\u0101tu iepakojumu vai boj\u0101tu preci p\u0113c iesp\u0113jas \u0101tr\u0101k, bet ne v\u0113l\u0101k k\u0101 14 dienu laik\u0101 uz e-pasta adresi&nbsp;daniels@np.lv&nbsp;vai&nbsp;pa&nbsp;kontaktt\u0101lruni&nbsp;+371 26599590.<\/p>\n\n\n\n<p>16.&nbsp;Noliktavu pasaule&nbsp;SIA&nbsp;ir ties\u012bbas atcelt pas\u016bt\u012bjumu, ja prece nav noliktav\u0101 vai ja prece ir izsl\u0113gta no sortimenta vai tehniskas k\u013c\u016bdas d\u0113\u013c e-veikal\u0101.&nbsp;Noliktavu pasaule&nbsp;SIA&nbsp;patur ties\u012bbas atk\u0101pties no p\u0101rdo\u0161anas dar\u012bjuma, ja e-p\u0101rdo\u0161anas sist\u0113m\u0101 ir notikusi ac\u012bmredzama tehniska vai cilv\u0113ciska k\u013c\u016bda, uz kuras pamata dar\u012bjuma puses nevar pamatoti sagaid\u012bt dar\u012bjuma izpildi vai kas nav iesp\u0113jama lai&nbsp;Noliktavu pasaule&nbsp;SIAizpild\u012btu. Pas\u016bt\u012bjuma atcel\u0161anas gad\u012bjum\u0101&nbsp;Noliktavu pasaule&nbsp;SIA&nbsp;atmaks\u0101s priek\u0161apmaksas naudu v\u0113l\u0101kais 14 dienu laik\u0101.<\/p>\n\n\n\n<p>17.&nbsp;Garantijas laiks ir 1 gads no&nbsp;preces&nbsp;ieg\u0101des datuma.&nbsp;Garantija ietver remontu un deta\u013cu nomai\u0146u ar ra\u017eo\u0161anas defektiem. Garantija ir sp\u0113k\u0101, ja&nbsp;precei&nbsp;ir veikta regul\u0101ra apkope saska\u0146\u0101 ar ra\u017eot\u0101ja sniegtaj\u0101m instrukcij\u0101m. Ieteicamais ier\u012bces apkopes bie\u017eums ir 1-2 reizes gad\u0101 atkar\u012bb\u0101 no ier\u012bces lieto\u0161anas bie\u017euma un vides apst\u0101k\u013ciem. Garantija ir sp\u0113k\u0101, ja&nbsp;precei&nbsp;nav main\u012bti s\u0113rijas numuri un&nbsp;prece&nbsp;nav izjaukta (plombes ir neskartas, ja t\u0101das biju\u0161as).<\/p>\n\n\n\n<p>18.&nbsp;Garantija&nbsp;nav sp\u0113k\u0101, ja boj\u0101jumus izrais\u012bjusi&nbsp;p\u0101rvieto\u0161ana&nbsp;vai fiziska ietekme, neuzman\u012bga vai&nbsp;nepareizapreces&nbsp;glab\u0101\u0161ana,&nbsp;lieto\u0161ana un p\u0101rslodze;&nbsp;preces&nbsp;uzst\u0101d\u012b\u0161anas un ekspluat\u0101cijas instrukcijas un dro\u0161\u012bbas pras\u012bbu neiev\u0113ro\u0161ana, ja&nbsp;preci&nbsp;remont\u0113jusi nepilnvarota persona vai apkopes uz\u0146\u0113mums;&nbsp;no&nbsp;Noliktavu pasaule&nbsp;SIA&nbsp;neatkar\u012bgu iemeslu d\u0113\u013c (vand\u0101lisms, zibens, \u016bdens, ugunsgr\u0113ks, sprieguma izmai\u0146as elektrot\u012bkl\u0101, elektrostatika, \u012bssavienojumi u.c.)&nbsp;ja ir izmantoti pal\u012bgmateri\u0101li, kurus ra\u017eot\u0101js nav&nbsp;paredz\u0113jis&nbsp;(e\u013c\u013cas, sm\u0113rvielas).<\/p>\n\n\n\n<p>19. Garantija neattiecas uz preces&nbsp;neb\u016btisku&nbsp;skr\u0101p\u0113jumu&nbsp;labo\u0161anu&nbsp;vai deta\u013cu nomai\u0146u&nbsp;norm\u0101la nolietojuma d\u0113\u013c, ikreiz\u0113jo apkopi un lampu\/spuld\u017eu nomai\u0146u.<\/p>\n\n\n\n<p>20. Pirc\u0113jam&nbsp;ir ties\u012bbas atcelt pas\u016bt\u012bjumu no e-veikala 14 dienu laik\u0101 no preces sa\u0146em\u0161anas. M\u0113s atmaks\u0101sim naudu par atcelto pas\u016bt\u012bjumu (v\u0113l\u0101kais 14 dienu laik\u0101, un atgrie\u0161ana ietver ar\u012b s\u0101kotn\u0113j\u0101s pieg\u0101des izmaksas). Atteikuma ties\u012bbas attiecas uz&nbsp;ikdienas sortiment\u0101 eso\u0161ajiem&nbsp;produktiem. Preces p\u0113c pas\u016bt\u012bjuma, projektu pas\u016bt\u012bjumi un pas\u016bt\u012bjumi&nbsp;vairum\u0101&nbsp;nevar tikt atgriezti p\u0113c klienta piepras\u012bjuma.&nbsp;Atgrie\u017eamajai precei j\u0101b\u016bt nelietotai, ori\u0123in\u0101laj\u0101 iepakojum\u0101 un&nbsp;piln\u0101 komplekt\u0101cij\u0101. Pirms atgrie\u0161anas, l\u016bdzu, sazinieties ar m\u016bsu klientu apkalpo\u0161anas dienestu, lai vienotos par atgrie\u0161anas&nbsp;laiku. Atgrie\u0161anas izdevumus sedz pirc\u0113js, ja vien atgrie\u0161anas iemesls nav tas, ka atgrie\u017eam\u0101 prece neatbilst pas\u016bt\u012btajai (piem\u0113ram, nepareiza vai boj\u0101ta prece).Lai atgrieztu preci, Jums vienk\u0101r\u0161\u0101 v\u0113stul\u0113 j\u0101iesniedz atteikuma pazi\u0146ojums no preces ieg\u0101des un j\u0101nos\u016bta uz e-pasta adresi&nbsp;<a href=\"mailto:daniels@np.lv\">daniels@np.lv<\/a>&nbsp;ne v\u0113l\u0101k k\u0101 14 dienu laik\u0101 p\u0113c preces sa\u0146em\u0161anas.&nbsp;Interneta veikals neatbild par defektiem, kas radu\u0161ies p\u0113c preces nodo\u0161anas pirc\u0113jam.&nbsp;Interneta veikals uz pat\u0113r\u0113t\u0101ja s\u016bdz\u012bbu atbild rakstiski vai&nbsp;telefoniski&nbsp;15 dienu laik\u0101.<\/p>\n\n\n\n<p>21.&nbsp;Interneta veikals izmanto pirc\u0113ja ievad\u012btos personas datus tikai pas\u016bt\u012bjuma apstr\u0101dei un pre\u010du nos\u016bt\u012b\u0161anai pirc\u0113jam. Interneta veikals nos\u016bta personas datus uz\u0146\u0113mumiem, kas sniedz transporta pakalpojumus, lai preces pieg\u0101d\u0101tu.&nbsp;Interneta veikals nos\u016bta pirc\u0113jam jaunumus un pied\u0101v\u0101jumus uz pirc\u0113ja e-pasta adresi tikai tad, ja pirc\u0113js ir izteicis savu v\u0113lmi to dar\u012bt, ievadot m\u0101jaslap\u0101 e-pasta adresi un nor\u0101d\u012bjis v\u0113lmi sa\u0146emt tie\u0161\u0101 pasta pazi\u0146ojumus.&nbsp;Pirc\u0113js var jebkur\u0101 laik\u0101 atteikties no pied\u0101v\u0101jumiem un jaunumiem, kas tiek nos\u016bt\u012bti uz e-pastu, par to pazi\u0146ojot mums pa e-pastu vai sekojot nor\u0101d\u012bjumiem e-past\u0101, kur\u0101 ir pied\u0101v\u0101jumi.<\/p>\n\n\n\n<p>22.&nbsp;Saska\u0146otajai invent\u0101ra uzst\u0101d\u012b\u0161anas zonai pre\u010du pien\u0101k\u0161anas br\u012bd\u012b j\u0101b\u016bt&nbsp;atbr\u012bvotai, k\u0101 ar\u012b j\u0101b\u016bt br\u012bvai vietai pre\u010du&nbsp;pagaidu novieto\u0161anai. Uzst\u0101d\u012bt\u0101ju pien\u0101kums nav atbr\u012bvot vietu no klienta prec\u0113m\/atkritumiem. Nov\u0113r\u0161ot darbu uzs\u0101k\u0161anu, uzst\u0101d\u012bt\u0101jam ir ties\u012bbas iekas\u0113t atsevi\u0161\u0137u maksu par gaid\u012b\u0161anas stund\u0101m.<\/p>\n\n\n\n<p>23.&nbsp;Uzst\u0101d\u012b\u0161anas darbu izmaksas tiek apr\u0113\u0137in\u0101tas atbilsto\u0161i uzst\u0101d\u012b\u0161anas nosac\u012bjumiem.&nbsp;Ja darbu izpildes laik\u0101 par\u0101d\u012bsies nepiecie\u0161am\u012bba p\u0113c papildu darbiem, par to nekav\u0113joties tiks pazi\u0146ots, lai vienotos par darba gala apjomu un izmaks\u0101m:<\/p>\n\n\n\n<ul class=\"wp-block-list\">\n<li>Saska\u0146otajai invent\u0101ra uzst\u0101d\u012b\u0161anas zonai pre\u010du atve\u0161anas br\u012bd\u012b j\u0101b\u016bt tuk\u0161ai, k\u0101 ar\u012b j\u0101b\u016bt br\u012bvai vietai pre\u010du novieto\u0161anai.\u00a0Uzst\u0101d\u012bt\u0101ji nav atbild\u012bgi par vietas atbr\u012bvo\u0161anu no klienta prec\u0113m.\u00a0Uzst\u0101d\u012bt\u0101jam ir ties\u012bbas iekas\u0113t atsevi\u0161\u0137u maksu par gaid\u012b\u0161anas stund\u0101m.<\/li>\n\n\n\n<li>Ja norun\u0101taj\u0101 laik\u0101 nav iesp\u0113jams uzs\u0101kt pas\u016bt\u012btos mont\u0101\u017eas darbus, par to j\u0101pazi\u0146o iepriek\u0161 iepriek\u0161\u0113j\u0101 darba dien\u0101.\u00a0Par neatceltu pieg\u0101di tiek iekas\u0113ta maksa.<\/li>\n\n\n\n<li>Darbu pas\u016bt\u012bt\u0101js nodro\u0161ina uzst\u0101d\u012bt\u0101jam visus nepiecie\u0161amos pl\u0101nus un\/vai ras\u0113jumus.\u00a0Ja nav ras\u0113jumu vai uzst\u0101d\u012b\u0161anai nepiecie\u0161am\u0101s inform\u0101cijas, uzst\u0101d\u012bt\u0101jam ir ties\u012bbas nekav\u0113joties p\u0101rtraukt uzst\u0101d\u012b\u0161anu, lai izvair\u012btos no turpm\u0101kiem p\u0101rpratumiem.\u00a0Ja inform\u0101cija ras\u0113jumos bija nepiln\u012bga, uzst\u0101d\u012bt\u0101jiem nav pien\u0101kuma p\u0101rtais\u012bt jau paveiktos darbus.<\/li>\n\n\n\n<li>Pas\u016bt\u012bt\u0101ja pien\u0101kums ir nodro\u0161in\u0101t telp\u0101s apgaismojumu un 220V elektroapg\u0101di.\u00a0Ja darbi tiek veikti \u0101rpus telp\u0101m vai telp\u0101s ir \u012bpa\u0161a temperat\u016bra (-1 vai v\u0113s\u0101ka), iepriek\u0161 par to j\u0101br\u012bdina darbuz\u0146\u0113m\u0113js.<\/li>\n\n\n\n<li>Pas\u016bt\u012bt\u0101jam vai darbu pas\u016bt\u012bt\u0101jam ir pien\u0101kums inform\u0113t uzst\u0101d\u012bt\u0101jus par caurul\u0113m vai kabe\u013ciem sien\u0101 un gr\u012bd\u0101, kas urb\u0161anas laik\u0101 var tikt boj\u0101ti.\u00a0Ar\u012b nestandarta gr\u012bd\u0101m vai sien\u0101m, kas var\u0113tu rad\u012bt papildu probl\u0113mas uzst\u0101d\u012b\u0161anai.<\/li>\n<\/ul>\n","protected":false},"excerpt":{"rendered":"<p>1. P\u0101rdo\u0161anas noteikumi attiecas uz pre\u010du ieg\u0101di no Interneta veikala&nbsp;https:\/\/storitgroup.com\/lv. 2.\u00a0Maksa par pre\u010du pieg\u0101di ir atkar\u012bga no pirc\u0113ja atra\u0161an\u0101s vietas un pieg\u0101des veida. Pieg\u0101des maksa tiek\u00a0noteikta p\u0113c tam, kad veikts\u00a0pas\u016bt\u012bjums. Pieg\u0101d\u0101t\u0101js pieg\u0101d\u0101 preces l\u012bdz m\u0101jas \u0101rdurv\u012bm. 3.&nbsp;Papildus \u0161iem noteikumiem tiesisk\u0101s attiec\u012bbas, kas rodas, ieg\u0101d\u0101joties preces Storit e-veikal\u0101, regul\u0113&nbsp;Latvijas&nbsp;Republik\u0101 sp\u0113k\u0101 eso\u0161ie ties\u012bbu akti. 4.&nbsp;Interneta veikal\u0101 nop\u0113rkamo [&hellip;]<\/p>\n","protected":false},"author":1,"featured_media":0,"parent":0,"menu_order":999999999,"comment_status":"closed","ping_status":"closed","template":"","meta":{"_acf_changed":false,"footnotes":""},"class_list":["post-194391","page","type-page","status-publish","hentry"],"acf":[],"yoast_head":"<!-- This site is optimized with the Yoast SEO plugin v27.3 - https:\/\/yoast.com\/product\/yoast-seo-wordpress\/ -->\n<title>Pieg\u0101des un p\u0101rdo\u0161anas noteikumi &#8226; Storit<\/title>\n<meta name=\"description\" content=\"pieg\u0101de, pre\u010du pieg\u0101de, plauktu pieg\u0101de, met\u0101la m\u0113be\u013cu pieg\u0101de, garderobes skapju pieg\u0101de, noliktavas plauktu mont\u0101\u017ea, pale\u0161u plauktu mont\u0101\u017ea\" \/>\n<meta name=\"robots\" content=\"index, follow, max-snippet:-1, max-image-preview:large, max-video-preview:-1\" \/>\n<link rel=\"canonical\" href=\"https:\/\/storitgroup.com\/lv\/piegade\/\" \/>\n<meta property=\"og:locale\" content=\"lv_LV\" \/>\n<meta property=\"og:type\" content=\"article\" \/>\n<meta property=\"og:title\" content=\"Pieg\u0101des un p\u0101rdo\u0161anas noteikumi &#8226; Storit\" \/>\n<meta property=\"og:description\" content=\"pieg\u0101de, pre\u010du pieg\u0101de, plauktu pieg\u0101de, met\u0101la m\u0113be\u013cu pieg\u0101de, garderobes skapju pieg\u0101de, noliktavas plauktu mont\u0101\u017ea, pale\u0161u plauktu mont\u0101\u017ea\" \/>\n<meta property=\"og:url\" content=\"https:\/\/storitgroup.com\/lv\/piegade\/\" \/>\n<meta property=\"og:site_name\" content=\"Storit\" \/>\n<meta property=\"article:modified_time\" content=\"2026-02-09T06:20:43+00:00\" \/>\n<meta name=\"twitter:card\" content=\"summary_large_image\" \/>\n<meta name=\"twitter:label1\" content=\"Est. reading time\" \/>\n\t<meta name=\"twitter:data1\" content=\"11 minutes\" \/>\n<script type=\"application\/ld+json\" class=\"yoast-schema-graph\">{\"@context\":\"https:\\\/\\\/schema.org\",\"@graph\":[{\"@type\":\"WebPage\",\"@id\":\"https:\\\/\\\/storitgroup.com\\\/lv\\\/piegade\\\/\",\"url\":\"https:\\\/\\\/storitgroup.com\\\/lv\\\/piegade\\\/\",\"name\":\"Pieg\u0101des un p\u0101rdo\u0161anas noteikumi &#8226; Storit\",\"isPartOf\":{\"@id\":\"https:\\\/\\\/storitgroup.com\\\/lv\\\/#website\"},\"datePublished\":\"2021-05-19T10:30:35+00:00\",\"dateModified\":\"2026-02-09T06:20:43+00:00\",\"description\":\"pieg\u0101de, pre\u010du pieg\u0101de, plauktu pieg\u0101de, met\u0101la m\u0113be\u013cu pieg\u0101de, garderobes skapju pieg\u0101de, noliktavas plauktu mont\u0101\u017ea, pale\u0161u plauktu mont\u0101\u017ea\",\"breadcrumb\":{\"@id\":\"https:\\\/\\\/storitgroup.com\\\/lv\\\/piegade\\\/#breadcrumb\"},\"inLanguage\":\"lv-LV\",\"potentialAction\":[{\"@type\":\"ReadAction\",\"target\":[\"https:\\\/\\\/storitgroup.com\\\/lv\\\/piegade\\\/\"]}]},{\"@type\":\"BreadcrumbList\",\"@id\":\"https:\\\/\\\/storitgroup.com\\\/lv\\\/piegade\\\/#breadcrumb\",\"itemListElement\":[{\"@type\":\"ListItem\",\"position\":1,\"name\":\"S\u0101kumlapa\",\"item\":\"https:\\\/\\\/storitgroup.com\\\/lv\\\/\"},{\"@type\":\"ListItem\",\"position\":2,\"name\":\"Pieg\u0101des un p\u0101rdo\u0161anas noteikumi\"}]},{\"@type\":\"WebSite\",\"@id\":\"https:\\\/\\\/storitgroup.com\\\/lv\\\/#website\",\"url\":\"https:\\\/\\\/storitgroup.com\\\/lv\\\/\",\"name\":\"Storit\",\"description\":\"\",\"potentialAction\":[{\"@type\":\"SearchAction\",\"target\":{\"@type\":\"EntryPoint\",\"urlTemplate\":\"https:\\\/\\\/storitgroup.com\\\/lv\\\/?s={search_term_string}\"},\"query-input\":{\"@type\":\"PropertyValueSpecification\",\"valueRequired\":true,\"valueName\":\"search_term_string\"}}],\"inLanguage\":\"lv-LV\"}]}<\/script>\n<!-- \/ Yoast SEO plugin. -->","yoast_head_json":{"title":"Pieg\u0101des un p\u0101rdo\u0161anas noteikumi &#8226; Storit","description":"pieg\u0101de, pre\u010du pieg\u0101de, plauktu pieg\u0101de, met\u0101la m\u0113be\u013cu pieg\u0101de, garderobes skapju pieg\u0101de, noliktavas plauktu mont\u0101\u017ea, pale\u0161u plauktu mont\u0101\u017ea","robots":{"index":"index","follow":"follow","max-snippet":"max-snippet:-1","max-image-preview":"max-image-preview:large","max-video-preview":"max-video-preview:-1"},"canonical":"https:\/\/storitgroup.com\/lv\/piegade\/","og_locale":"lv_LV","og_type":"article","og_title":"Pieg\u0101des un p\u0101rdo\u0161anas noteikumi &#8226; Storit","og_description":"pieg\u0101de, pre\u010du pieg\u0101de, plauktu pieg\u0101de, met\u0101la m\u0113be\u013cu pieg\u0101de, garderobes skapju pieg\u0101de, noliktavas plauktu mont\u0101\u017ea, pale\u0161u plauktu mont\u0101\u017ea","og_url":"https:\/\/storitgroup.com\/lv\/piegade\/","og_site_name":"Storit","article_modified_time":"2026-02-09T06:20:43+00:00","twitter_card":"summary_large_image","twitter_misc":{"Est. reading time":"11 minutes"},"schema":{"@context":"https:\/\/schema.org","@graph":[{"@type":"WebPage","@id":"https:\/\/storitgroup.com\/lv\/piegade\/","url":"https:\/\/storitgroup.com\/lv\/piegade\/","name":"Pieg\u0101des un p\u0101rdo\u0161anas noteikumi &#8226; Storit","isPartOf":{"@id":"https:\/\/storitgroup.com\/lv\/#website"},"datePublished":"2021-05-19T10:30:35+00:00","dateModified":"2026-02-09T06:20:43+00:00","description":"pieg\u0101de, pre\u010du pieg\u0101de, plauktu pieg\u0101de, met\u0101la m\u0113be\u013cu pieg\u0101de, garderobes skapju pieg\u0101de, noliktavas plauktu mont\u0101\u017ea, pale\u0161u plauktu mont\u0101\u017ea","breadcrumb":{"@id":"https:\/\/storitgroup.com\/lv\/piegade\/#breadcrumb"},"inLanguage":"lv-LV","potentialAction":[{"@type":"ReadAction","target":["https:\/\/storitgroup.com\/lv\/piegade\/"]}]},{"@type":"BreadcrumbList","@id":"https:\/\/storitgroup.com\/lv\/piegade\/#breadcrumb","itemListElement":[{"@type":"ListItem","position":1,"name":"S\u0101kumlapa","item":"https:\/\/storitgroup.com\/lv\/"},{"@type":"ListItem","position":2,"name":"Pieg\u0101des un p\u0101rdo\u0161anas noteikumi"}]},{"@type":"WebSite","@id":"https:\/\/storitgroup.com\/lv\/#website","url":"https:\/\/storitgroup.com\/lv\/","name":"Storit","description":"","potentialAction":[{"@type":"SearchAction","target":{"@type":"EntryPoint","urlTemplate":"https:\/\/storitgroup.com\/lv\/?s={search_term_string}"},"query-input":{"@type":"PropertyValueSpecification","valueRequired":true,"valueName":"search_term_string"}}],"inLanguage":"lv-LV"}]}},"_links":{"self":[{"href":"https:\/\/storitgroup.com\/lv\/wp-json\/wp\/v2\/pages\/194391","targetHints":{"allow":["GET"]}}],"collection":[{"href":"https:\/\/storitgroup.com\/lv\/wp-json\/wp\/v2\/pages"}],"about":[{"href":"https:\/\/storitgroup.com\/lv\/wp-json\/wp\/v2\/types\/page"}],"author":[{"embeddable":true,"href":"https:\/\/storitgroup.com\/lv\/wp-json\/wp\/v2\/users\/1"}],"replies":[{"embeddable":true,"href":"https:\/\/storitgroup.com\/lv\/wp-json\/wp\/v2\/comments?post=194391"}],"version-history":[{"count":0,"href":"https:\/\/storitgroup.com\/lv\/wp-json\/wp\/v2\/pages\/194391\/revisions"}],"wp:attachment":[{"href":"https:\/\/storitgroup.com\/lv\/wp-json\/wp\/v2\/media?parent=194391"}],"curies":[{"name":"wp","href":"https:\/\/api.w.org\/{rel}","templated":true}]}}