{"id":194389,"date":"2021-06-08T07:15:22","date_gmt":"2021-06-08T07:15:22","guid":{"rendered":"https:\/\/storitgroup.com\/kkk-korduma-kippuvad-kusimused\/"},"modified":"2022-07-27T17:52:39","modified_gmt":"2022-07-27T14:52:39","slug":"kkk-korduma-kippuvad-kusimused","status":"publish","type":"page","link":"https:\/\/storitgroup.com\/lv\/kkk-korduma-kippuvad-kusimused\/","title":{"rendered":"FAQ"},"content":{"rendered":"\n<ul class=\"wp-block-list\"><li><strong>&nbsp; &nbsp;Kas kaupa saab ka kohapeale vaatama tulla v\u00f5i saab tellimusi teha ainult telefoni \/ e-maili \/ kodulehe \/ e-poe kaudu?&nbsp;<\/strong><\/li><\/ul>\n\n\n\n<p>Kaupa saab kohapeale vaatama tulla meie n\u00e4idistesaali Tallinna piiril Laagris Linam\u00e4e 2, E-R 08.00-17.00.<\/p>\n\n\n\n<p>N\u00e4idistesaalis on v\u00e4ljas hulk tooteid (riiulid, metallm\u00f6\u00f6bel, t\u00f6\u00f6stusm\u00f6\u00f6bel, t\u00f5stukid, t\u00f5steseadmed jm), siiski on kodulehel valik&nbsp;kordades suurem. Meie m\u00fc\u00fcgikonsultandid annavad n\u00f5u ja aitavad valiku tegemisel.<\/p>\n\n\n\n<ul class=\"wp-block-list\"><li><strong>&nbsp; &nbsp;Kas Laomaailmast saavad osta vaid ettev\u00f5tted v\u00f5i ka eraisikud?&nbsp;<\/strong><\/li><\/ul>\n\n\n\n<p>Teenindame nii ettev\u00f5tteid kui eraisikuid.&nbsp;Tooteid saad osta ka mugavalt&nbsp;<a href=\"https:\/\/storitgroup.com\/lv\/\" target=\"_blank\" rel=\"noreferrer noopener\">e-poest.<\/a><\/p>\n\n\n\n<ul class=\"wp-block-list\"><li><strong>&nbsp; &nbsp;Kuidas kohapeal maksta saab ja kas maksetingimused on l\u00e4bir\u00e4\u00e4gitavad?<\/strong><\/li><\/ul>\n\n\n\n<p>Kohapeal saab maksta nii sularahas kui kaardiga.<br>Kui ostate ettev\u00f5ttele, olete meilt juba v\u00e4hemalt korra ostnud ning teil puuduvad makseh\u00e4ired, siis saab maksta ka arvega p\u00e4rast kauba k\u00e4ttesaamist makset\u00e4htajaga 7 p\u00e4eva v\u00f5i vastavalt kokkuleppele. Maksetingimused on l\u00e4bir\u00e4\u00e4gitavad, leiame just Teile sobiva variandi.<br>Esmakordselt Laomaailm AS-st ostu sooritavatele \u00e4riklientidele ja eraisikutele v\u00e4ljastame p\u00e4rast tellimuse tegemist ettemaksuarve.<\/p>\n\n\n\n<ul class=\"wp-block-list\"><li><strong>&nbsp; &nbsp;Ma ei ela Tallinnas, aga soovin siiski Laomaailmast osta. Kas ja kuidas organiseeritakse transport?<\/strong><\/li><\/ul>\n\n\n\n<p>K\u00f5iki kaupu on v\u00f5imalik tellida ka transpordiga maja v\u00e4lisukseni. Transpordi hind s\u00f5ltub tellitud kaubast ning asukohast.<\/p>\n\n\n\n<p><\/p>\n\n\n\n<ul class=\"wp-block-list\"><li><strong>&nbsp; &nbsp;Kahvelk\u00e4rusid on saadaval&nbsp;nailonratastega ja pol\u00fcuretaanratastega. Mis neil vahet on ja milline mulle paremini sobib?<\/strong><\/li><\/ul>\n\n\n\n<p>Nailonratad on k\u00f5vema pinnaga, nendega on suuri raskusi kergem teisaldada, sest k\u00e4ru hakkab kergemini liikuma. V\u00f5rreldes pol\u00fcuretaanratastega teevad rohkem m\u00fcra, seet\u00f5ttu sobivad ideaalselt kasutamiseks n\u00e4iteks autos, koorma peale ja mahalaadimiseks. Need on tugevad ja vastupidavad siledatel pindadel.<\/p>\n\n\n\n<p>Po\u00fcuretaanrattad on pehme kummise pealispinnaga ning vaiksemad kui nailonrattad. Seet\u00f5ttu sobivad kasutamiseks n\u00e4iteks kaupluses v\u00f5i m\u00fc\u00fcgisaalis, elamupiirkondades jm kus m\u00fcra v\u00f5ib kaasinimesi h\u00e4irida. Pehme pind v\u00e4hendab h\u00f5\u00f5rdumist ja kriime.<\/p>\n\n\n\n<ul class=\"wp-block-list\"><li><strong>&nbsp; &nbsp;Mida t\u00e4hendab t\u00f5stukite ja virnastajate vabat\u00f5ste?<\/strong><\/li><\/ul>\n\n\n\n<p>Vabat\u00f5ste on t\u00f5stuki maksimaalne t\u00f5stek\u00f5rgus (t\u00f5stuki kahvlite k\u00f5rgus p\u00f5randapinnast), mille&nbsp;puhul masti k\u00f5rgus on minimaalne. Enamasti koosnevad t\u00f5stukite mastid kahest kuni kolmest&nbsp;osast ehk sektsioonist. Teatud t\u00f5stek\u00f5rgusest alates hakkab masti teine sektsioon liikuma esimese&nbsp;seest v\u00e4lja, millega suureneb t\u00f5stuki k\u00f5rguse gabariit. Sellega tuleb arvestada t\u00f6\u00f6tamisel&nbsp;piiratud k\u00f5rgusega ruumis.<\/p>\n\n\n\n<ul class=\"wp-block-list\"><li><strong>&nbsp; &nbsp;Mida v\u00f5imaldab kahvlite k\u00fclgnihutus?<\/strong><\/li><\/ul>\n\n\n\n<p>K\u00fclgnihutus v\u00f5imaldab t\u00f5stekahvleid k\u00fclgsuunas h\u00fcdrauliliselt liigutada. Kahvlitevaheline kaugus j\u00e4\u00e4b samaks. Hea abimees kauba t\u00e4pseks paigutamiseks koormasse v\u00f5i riiulile.<\/p>\n\n\n\n<ul class=\"wp-block-list\"><li><strong>&nbsp; &nbsp;Mida t\u00e4hendab&nbsp;positsioneer?<\/strong><\/li><\/ul>\n\n\n\n<p>Positsioneer v\u00f5imaldab t\u00f5stuki t\u00f5stekahvleid h\u00fcdrauliliselt kokku-lahku liigutada.<\/p>\n\n\n\n<ul class=\"wp-block-list\"><li><strong>&nbsp; &nbsp;Soovin laoruumi riiuleid, milliseid andmed on pakkumise tegemiseks vajalikud?<\/strong><\/li><\/ul>\n\n\n\n<p>Esialgu piisab, kui m\u00f5tlete l\u00e4bi j\u00e4rgnevad tegurid \u2013 soovitud riiuliposti k\u00f5rgus, riiulitasapinna s\u00fcgavus, riiulirivi soovituslik pikkus, mitu tasapinda \u00fchte sektsiooni soovid; milliseid kaupu hakkad seal ladustama (kas alustega v\u00f5i peenkaupa, pikkade m\u00fc\u00fctmetega kaupu jne), planeeritud koormus \u00fchele tasapinnale.<\/p>\n\n\n\n<ul class=\"wp-block-list\"><li><strong>&nbsp; &nbsp;Meie ettev\u00f5te planeerib osta Laomaailmast esimest korda ja seega peame tasuma ettemaksuga. Kas see on meie jaoks ikka turvaline?<\/strong><\/li><\/ul>\n\n\n\n<p>Laomaailm on tegutsenud juba aastast 1994, selle aja jooksul oleme teenindanud tuhandeid kliente.  Meie usaldusv\u00e4\u00e4rsuse ja maksek\u00e4itumise kohta saate infot&nbsp;<a href=\"https:\/\/www.inforegister.ee\/10077541-LAOMAAILM-AS\" target=\"_blank\" rel=\"noreferrer noopener\">Inforegistrist<\/a>.<\/p>\n","protected":false},"excerpt":{"rendered":"<p>&nbsp; &nbsp;Kas kaupa saab ka kohapeale vaatama tulla v\u00f5i saab tellimusi teha ainult telefoni \/ e-maili \/ kodulehe \/ e-poe kaudu?&nbsp; Kaupa saab kohapeale vaatama tulla meie n\u00e4idistesaali Tallinna piiril Laagris Linam\u00e4e 2, E-R 08.00-17.00. N\u00e4idistesaalis on v\u00e4ljas hulk tooteid (riiulid, metallm\u00f6\u00f6bel, t\u00f6\u00f6stusm\u00f6\u00f6bel, t\u00f5stukid, t\u00f5steseadmed jm), siiski on kodulehel valik&nbsp;kordades suurem. Meie m\u00fc\u00fcgikonsultandid annavad n\u00f5u [&hellip;]<\/p>\n","protected":false},"author":12870,"featured_media":0,"parent":0,"menu_order":999999999,"comment_status":"closed","ping_status":"closed","template":"","meta":{"_acf_changed":false,"footnotes":""},"class_list":["post-194389","page","type-page","status-publish","hentry"],"acf":[],"yoast_head":"<!-- This site is optimized with the Yoast SEO plugin v27.3 - https:\/\/yoast.com\/product\/yoast-seo-wordpress\/ -->\n<title>FAQ &#8226; Storit<\/title>\n<meta name=\"robots\" content=\"index, follow, max-snippet:-1, max-image-preview:large, max-video-preview:-1\" \/>\n<link rel=\"canonical\" href=\"https:\/\/storitgroup.com\/lv\/kkk-korduma-kippuvad-kusimused\/\" \/>\n<meta property=\"og:locale\" content=\"lv_LV\" \/>\n<meta property=\"og:type\" content=\"article\" \/>\n<meta property=\"og:title\" content=\"FAQ &#8226; Storit\" \/>\n<meta property=\"og:description\" content=\"&nbsp; &nbsp;Kas kaupa saab ka kohapeale vaatama tulla v\u00f5i saab tellimusi teha ainult telefoni \/ e-maili \/ kodulehe \/ e-poe kaudu?&nbsp; Kaupa saab kohapeale vaatama tulla meie n\u00e4idistesaali Tallinna piiril Laagris Linam\u00e4e 2, E-R 08.00-17.00. N\u00e4idistesaalis on v\u00e4ljas hulk tooteid (riiulid, metallm\u00f6\u00f6bel, t\u00f6\u00f6stusm\u00f6\u00f6bel, t\u00f5stukid, t\u00f5steseadmed jm), siiski on kodulehel valik&nbsp;kordades suurem. Meie m\u00fc\u00fcgikonsultandid annavad n\u00f5u [&hellip;]\" \/>\n<meta property=\"og:url\" content=\"https:\/\/storitgroup.com\/lv\/kkk-korduma-kippuvad-kusimused\/\" \/>\n<meta property=\"og:site_name\" content=\"Storit\" \/>\n<meta property=\"article:modified_time\" content=\"2022-07-27T14:52:39+00:00\" \/>\n<meta name=\"twitter:card\" content=\"summary_large_image\" \/>\n<meta name=\"twitter:label1\" content=\"Est. reading time\" \/>\n\t<meta name=\"twitter:data1\" content=\"3 minutes\" \/>\n<script type=\"application\/ld+json\" class=\"yoast-schema-graph\">{\"@context\":\"https:\\\/\\\/schema.org\",\"@graph\":[{\"@type\":\"WebPage\",\"@id\":\"https:\\\/\\\/storitgroup.com\\\/lv\\\/kkk-korduma-kippuvad-kusimused\\\/\",\"url\":\"https:\\\/\\\/storitgroup.com\\\/lv\\\/kkk-korduma-kippuvad-kusimused\\\/\",\"name\":\"FAQ &#8226; Storit\",\"isPartOf\":{\"@id\":\"https:\\\/\\\/storitgroup.com\\\/lv\\\/#website\"},\"datePublished\":\"2021-06-08T07:15:22+00:00\",\"dateModified\":\"2022-07-27T14:52:39+00:00\",\"breadcrumb\":{\"@id\":\"https:\\\/\\\/storitgroup.com\\\/lv\\\/kkk-korduma-kippuvad-kusimused\\\/#breadcrumb\"},\"inLanguage\":\"lv-LV\",\"potentialAction\":[{\"@type\":\"ReadAction\",\"target\":[\"https:\\\/\\\/storitgroup.com\\\/lv\\\/kkk-korduma-kippuvad-kusimused\\\/\"]}]},{\"@type\":\"BreadcrumbList\",\"@id\":\"https:\\\/\\\/storitgroup.com\\\/lv\\\/kkk-korduma-kippuvad-kusimused\\\/#breadcrumb\",\"itemListElement\":[{\"@type\":\"ListItem\",\"position\":1,\"name\":\"S\u0101kumlapa\",\"item\":\"https:\\\/\\\/storitgroup.com\\\/lv\\\/\"},{\"@type\":\"ListItem\",\"position\":2,\"name\":\"FAQ\"}]},{\"@type\":\"WebSite\",\"@id\":\"https:\\\/\\\/storitgroup.com\\\/lv\\\/#website\",\"url\":\"https:\\\/\\\/storitgroup.com\\\/lv\\\/\",\"name\":\"Storit\",\"description\":\"\",\"potentialAction\":[{\"@type\":\"SearchAction\",\"target\":{\"@type\":\"EntryPoint\",\"urlTemplate\":\"https:\\\/\\\/storitgroup.com\\\/lv\\\/?s={search_term_string}\"},\"query-input\":{\"@type\":\"PropertyValueSpecification\",\"valueRequired\":true,\"valueName\":\"search_term_string\"}}],\"inLanguage\":\"lv-LV\"}]}<\/script>\n<!-- \/ Yoast SEO plugin. -->","yoast_head_json":{"title":"FAQ &#8226; Storit","robots":{"index":"index","follow":"follow","max-snippet":"max-snippet:-1","max-image-preview":"max-image-preview:large","max-video-preview":"max-video-preview:-1"},"canonical":"https:\/\/storitgroup.com\/lv\/kkk-korduma-kippuvad-kusimused\/","og_locale":"lv_LV","og_type":"article","og_title":"FAQ &#8226; Storit","og_description":"&nbsp; &nbsp;Kas kaupa saab ka kohapeale vaatama tulla v\u00f5i saab tellimusi teha ainult telefoni \/ e-maili \/ kodulehe \/ e-poe kaudu?&nbsp; Kaupa saab kohapeale vaatama tulla meie n\u00e4idistesaali Tallinna piiril Laagris Linam\u00e4e 2, E-R 08.00-17.00. N\u00e4idistesaalis on v\u00e4ljas hulk tooteid (riiulid, metallm\u00f6\u00f6bel, t\u00f6\u00f6stusm\u00f6\u00f6bel, t\u00f5stukid, t\u00f5steseadmed jm), siiski on kodulehel valik&nbsp;kordades suurem. Meie m\u00fc\u00fcgikonsultandid annavad n\u00f5u [&hellip;]","og_url":"https:\/\/storitgroup.com\/lv\/kkk-korduma-kippuvad-kusimused\/","og_site_name":"Storit","article_modified_time":"2022-07-27T14:52:39+00:00","twitter_card":"summary_large_image","twitter_misc":{"Est. reading time":"3 minutes"},"schema":{"@context":"https:\/\/schema.org","@graph":[{"@type":"WebPage","@id":"https:\/\/storitgroup.com\/lv\/kkk-korduma-kippuvad-kusimused\/","url":"https:\/\/storitgroup.com\/lv\/kkk-korduma-kippuvad-kusimused\/","name":"FAQ &#8226; Storit","isPartOf":{"@id":"https:\/\/storitgroup.com\/lv\/#website"},"datePublished":"2021-06-08T07:15:22+00:00","dateModified":"2022-07-27T14:52:39+00:00","breadcrumb":{"@id":"https:\/\/storitgroup.com\/lv\/kkk-korduma-kippuvad-kusimused\/#breadcrumb"},"inLanguage":"lv-LV","potentialAction":[{"@type":"ReadAction","target":["https:\/\/storitgroup.com\/lv\/kkk-korduma-kippuvad-kusimused\/"]}]},{"@type":"BreadcrumbList","@id":"https:\/\/storitgroup.com\/lv\/kkk-korduma-kippuvad-kusimused\/#breadcrumb","itemListElement":[{"@type":"ListItem","position":1,"name":"S\u0101kumlapa","item":"https:\/\/storitgroup.com\/lv\/"},{"@type":"ListItem","position":2,"name":"FAQ"}]},{"@type":"WebSite","@id":"https:\/\/storitgroup.com\/lv\/#website","url":"https:\/\/storitgroup.com\/lv\/","name":"Storit","description":"","potentialAction":[{"@type":"SearchAction","target":{"@type":"EntryPoint","urlTemplate":"https:\/\/storitgroup.com\/lv\/?s={search_term_string}"},"query-input":{"@type":"PropertyValueSpecification","valueRequired":true,"valueName":"search_term_string"}}],"inLanguage":"lv-LV"}]}},"_links":{"self":[{"href":"https:\/\/storitgroup.com\/lv\/wp-json\/wp\/v2\/pages\/194389","targetHints":{"allow":["GET"]}}],"collection":[{"href":"https:\/\/storitgroup.com\/lv\/wp-json\/wp\/v2\/pages"}],"about":[{"href":"https:\/\/storitgroup.com\/lv\/wp-json\/wp\/v2\/types\/page"}],"author":[{"embeddable":true,"href":"https:\/\/storitgroup.com\/lv\/wp-json\/wp\/v2\/users\/12870"}],"replies":[{"embeddable":true,"href":"https:\/\/storitgroup.com\/lv\/wp-json\/wp\/v2\/comments?post=194389"}],"version-history":[{"count":0,"href":"https:\/\/storitgroup.com\/lv\/wp-json\/wp\/v2\/pages\/194389\/revisions"}],"wp:attachment":[{"href":"https:\/\/storitgroup.com\/lv\/wp-json\/wp\/v2\/media?parent=194389"}],"curies":[{"name":"wp","href":"https:\/\/api.w.org\/{rel}","templated":true}]}}