{"id":194383,"date":"2022-07-27T16:10:09","date_gmt":"2022-07-27T13:10:09","guid":{"rendered":"https:\/\/storitgroup.com\/?page_id=194383"},"modified":"2022-07-27T17:28:13","modified_gmt":"2022-07-27T14:28:13","slug":"sikdatnes","status":"publish","type":"page","link":"https:\/\/storitgroup.com\/lv\/sikdatnes\/","title":{"rendered":"S\u012bkdatnes"},"content":{"rendered":"\n<h1 class=\"wp-block-heading\"><strong>Priv\u0101tuma politika<\/strong><\/h1>\n\n\n\n<h3 class=\"wp-block-heading\">1. K\u0101du inform\u0101ciju M\u0113s iev\u0101cam?<\/h3>\n\n\n\n<p>M\u0113s sa\u0146emam, iev\u0101cam un glab\u0101jam inform\u0101ciju, ko J\u016bs ievad\u0101t (vai M\u0113s sa\u0146emam balstoties uz J\u016bsu veiktaj\u0101m darb\u012bb\u0101m) vietn\u0113 (vai www.noliktavupasaule.lv). Papildus \u0161ai inform\u0101cijai, M\u0113s iev\u0101cam ar\u012b J\u016bsu Interneta Protokola (IP) adresi, kas ir izmantota, lai savienotu J\u016bsu iek\u0101rtu ar internetu; e-pasta adresi (tikai tie\u0161ai sazi\u0146ai vai jaunumu nos\u016bt\u012b\u0161anai, ja apmekl\u0113t\u0101js vai klients ir devis piekri\u0161anu \u0161\u0101dai darb\u012bbai). Pirkuma veik\u0161anas gad\u012bjum\u0101 M\u0113s saglab\u0101jam ar\u012b personu-identific\u0113jo\u0161u inform\u0101ciju (ja klients sniedz \u0161\u0101du inform\u0101ciju): v\u0101rds, uzv\u0101rds; telefona numurs; adrese, k\u0101 ar\u012b sniegtos koment\u0101rus, produktu v\u0113rt\u0113jumus, ieteikumus un zi\u0146as, kas nos\u016bt\u012btas Mums caur vietni. M\u0113s varam izmantot ar\u012b programmat\u016bru, kas Mums \u013cauj iev\u0101kt inform\u0101ciju par vietnes apmekl\u0113jumu, ieskaitot katra vietnes apmekl\u0113juma ilgumu, apmekl\u0113to vietnes lapu skaitu un veidu, k\u0101 ar\u012b vietn\u0113 veiktaj\u0101m darb\u012bb\u0101m.<\/p>\n\n\n\n<h3 class=\"wp-block-heading\">2. K\u0101 M\u0113s iev\u0101cam \u0161o inform\u0101ciju?<\/h3>\n\n\n\n<p>Inform\u0101cija tiek iev\u0101kta, kad J\u016bs apmekl\u0113jat vietni, izmantojat atsevi\u0161\u0137as vietnes funkcijas (piem\u0113ram: sazi\u0146a) un&nbsp;veicat pirkumu.<\/p>\n\n\n\n<h3 class=\"wp-block-heading\">3. K\u0101dam nol\u016bkam M\u0113s iev\u0101cam personu inform\u0101ciju?<\/h3>\n\n\n\n<p>M\u0113s iev\u0101cam person\u012bgu un neperson\u012bgu inform\u0101ciju \u0161\u0101diem&nbsp;nol\u016bkiem:<\/p>\n\n\n\n<p>1. Lai sniegtu Savus pakalpojumus;<\/p>\n\n\n\n<p>2. Lai sniegtu klientu atbalstu eso\u0161iem&nbsp;un jauniem klientiem;<\/p>\n\n\n\n<p>3. Lai sazin\u0101tos ar vietnes apmekl\u0113t\u0101jiem un klientiem par visp\u0101r\u012bgu vai personaliz\u0113tu inform\u0101ciju, kas saist\u012bta ar pakalpojumu snieg\u0161anu un m\u0101rketinga inform\u0101cijas nodo\u0161anu;<\/p>\n\n\n\n<p>4. Lai izveidotu vietnes lieto\u0161anas statistiku (tikai neperson\u012bgi dati), kuru M\u0113s izmantojam, lai pilnveidotu vietnes darb\u012bbas efektivit\u0101ti un M\u016bsu pakalpojumu snieg\u0161anas kvalit\u0101ti. \u0160o statistikas inform\u0101ciju M\u0113s varam nodot sadarb\u012bbas partneriem, ar m\u0113r\u0137i pan\u0101kt augst\u0101k min\u0113tos rezult\u0101tus;<\/p>\n\n\n\n<p>5. Lai darbotos saska\u0146\u0101 ar piem\u0113rojamiem likumiem un regul\u0101m.&nbsp;<\/p>\n\n\n\n<p>6. Lai nodro\u0161in\u0101tu pas\u016bt\u012bjumu apmaksas sist\u0113mas darb\u012bbu.<\/p>\n\n\n\n<h3 class=\"wp-block-heading\">4. K\u0101 M\u0113s glab\u0101jam vietnes apmekl\u0113t\u0101ju un klientu inform\u0101ciju?<\/h3>\n\n\n\n<p>M\u016bsu vietne darbojas uz&nbsp;WordPress platformas. WordPress&nbsp;sniedz interneta platformu, kas Mums \u013cauj p\u0101rdot produktus un pakalpojumus klientiem. J\u016bsu dati&nbsp;var tikt saglab\u0101ti caur WordPress datu glab\u0101tuv\u0113m, datub\u0101z\u0113m un cit\u0101m WordPress programmat\u016br\u0101m. J\u016bsu dati tiek glab\u0101ti dro\u0161os serveros aiz \u201cugunsm\u016bra\u201d.&nbsp;<\/p>\n\n\n\n<h3 class=\"wp-block-heading\">5. K\u0101 M\u0113s sazin\u0101mies ar vietnes apmekl\u0113t\u0101jiem un klientiem?<\/h3>\n\n\n\n<p>M\u0113s varam ar Jums sazin\u0101ties, lai sniegtu inform\u0101ciju sakar\u0101 ar J\u016bsu pirkumu un&nbsp;vietn\u0113 veiktaj\u0101m darb\u012bb\u0101m, k\u0101 ar\u012b, lai pazi\u0146otu par jaunumiem, uzdotu jaut\u0101jumus, nos\u016bt\u012btu aptaujas un citiem m\u0113r\u0137iem, kas saist\u012bti ar uz\u0146\u0113muma darb\u012bbu. \u0160im nol\u016bkam M\u0113s varam ar Jums sazin\u0101ties pa&nbsp;e-pastu, telefonu, \u012bszi\u0146\u0101m (SMS) un pastu.<\/p>\n\n\n\n<h3 class=\"wp-block-heading\">6. K\u0101 M\u0113s iev\u0101cam un izmantojam s\u012bkdatnes?<\/h3>\n\n\n\n<p>M\u016bsu vietnes iev\u0101c s\u012bkdatnes par person\u012bgu inform\u0101ciju un&nbsp;vietnes izmanto\u0161anu. Dati, kas tiek iev\u0101kti ir min\u0113ti priv\u0101tuma politikas pirmaj\u0101 (1)&nbsp;punkt\u0101.&nbsp;&nbsp;<\/p>\n\n\n\n<h3 class=\"wp-block-heading\">7. K\u0101 vietnes apmekl\u0113t\u0101ji un klienti var atcelt piekri\u0161anu izmantot un iev\u0101kt Savus datus?<\/h3>\n\n\n\n<p>Ja nev\u0113laties, lai iev\u0101cam un izmantojam J\u016bsu datus, l\u016bdzu rakstiet Mums uz inga@np.lv.&nbsp;<\/p>\n\n\n\n<h3 class=\"wp-block-heading\">8. Priv\u0101tuma politikas atjaunin\u0101\u0161ana.<\/h3>\n\n\n\n<p>M\u0113s paturam ties\u012bbas main\u012bt priv\u0101tuma politiku jebkur\u0101 br\u012bd\u012b. Izmai\u0146as un preciz\u0113jumi tiks pie\u0146emti par sp\u0113k\u0101 eso\u0161iem tikl\u012bdz tie ir ievietoti vietn\u0113. &nbsp;<\/p>\n\n\n\n<p>Ja v\u0113laties&nbsp;piek\u013c\u016bt, main\u012bt vai dz\u0113st Savu person\u012bgo inform\u0101ciju, ko esam saglab\u0101ju\u0161i, l\u016bdzu sazinieties ar Mums.<\/p>\n","protected":false},"excerpt":{"rendered":"<p>Priv\u0101tuma politika 1. K\u0101du inform\u0101ciju M\u0113s iev\u0101cam? M\u0113s sa\u0146emam, iev\u0101cam un glab\u0101jam inform\u0101ciju, ko J\u016bs ievad\u0101t (vai M\u0113s sa\u0146emam balstoties uz J\u016bsu veiktaj\u0101m darb\u012bb\u0101m) vietn\u0113 (vai www.noliktavupasaule.lv). Papildus \u0161ai inform\u0101cijai, M\u0113s iev\u0101cam ar\u012b J\u016bsu Interneta Protokola (IP) adresi, kas ir izmantota, lai savienotu J\u016bsu iek\u0101rtu ar internetu; e-pasta adresi (tikai tie\u0161ai sazi\u0146ai vai jaunumu nos\u016bt\u012b\u0161anai, [&hellip;]<\/p>\n","protected":false},"author":14526,"featured_media":0,"parent":0,"menu_order":999999999,"comment_status":"closed","ping_status":"closed","template":"","meta":{"_acf_changed":false,"footnotes":""},"class_list":["post-194383","page","type-page","status-publish","hentry"],"acf":[],"yoast_head":"<!-- This site is optimized with the Yoast SEO plugin v27.4 - https:\/\/yoast.com\/product\/yoast-seo-wordpress\/ -->\n<title>S\u012bkdatnes &#8226; Storit<\/title>\n<meta name=\"robots\" content=\"index, follow, max-snippet:-1, max-image-preview:large, max-video-preview:-1\" \/>\n<link rel=\"canonical\" href=\"https:\/\/storitgroup.com\/lv\/sikdatnes\/\" \/>\n<meta property=\"og:locale\" content=\"lv_LV\" \/>\n<meta property=\"og:type\" content=\"article\" \/>\n<meta property=\"og:title\" content=\"S\u012bkdatnes &#8226; Storit\" \/>\n<meta property=\"og:description\" content=\"Priv\u0101tuma politika 1. K\u0101du inform\u0101ciju M\u0113s iev\u0101cam? M\u0113s sa\u0146emam, iev\u0101cam un glab\u0101jam inform\u0101ciju, ko J\u016bs ievad\u0101t (vai M\u0113s sa\u0146emam balstoties uz J\u016bsu veiktaj\u0101m darb\u012bb\u0101m) vietn\u0113 (vai www.noliktavupasaule.lv). Papildus \u0161ai inform\u0101cijai, M\u0113s iev\u0101cam ar\u012b J\u016bsu Interneta Protokola (IP) adresi, kas ir izmantota, lai savienotu J\u016bsu iek\u0101rtu ar internetu; e-pasta adresi (tikai tie\u0161ai sazi\u0146ai vai jaunumu nos\u016bt\u012b\u0161anai, [&hellip;]\" \/>\n<meta property=\"og:url\" content=\"https:\/\/storitgroup.com\/lv\/sikdatnes\/\" \/>\n<meta property=\"og:site_name\" content=\"Storit\" \/>\n<meta property=\"article:modified_time\" content=\"2022-07-27T14:28:13+00:00\" \/>\n<meta name=\"twitter:card\" content=\"summary_large_image\" \/>\n<meta name=\"twitter:label1\" content=\"Est. reading time\" \/>\n\t<meta name=\"twitter:data1\" content=\"3 minutes\" \/>\n<script type=\"application\/ld+json\" class=\"yoast-schema-graph\">{\"@context\":\"https:\\\/\\\/schema.org\",\"@graph\":[{\"@type\":\"WebPage\",\"@id\":\"https:\\\/\\\/storitgroup.com\\\/lv\\\/sikdatnes\\\/\",\"url\":\"https:\\\/\\\/storitgroup.com\\\/lv\\\/sikdatnes\\\/\",\"name\":\"S\u012bkdatnes &#8226; Storit\",\"isPartOf\":{\"@id\":\"https:\\\/\\\/storitgroup.com\\\/lv\\\/#website\"},\"datePublished\":\"2022-07-27T13:10:09+00:00\",\"dateModified\":\"2022-07-27T14:28:13+00:00\",\"breadcrumb\":{\"@id\":\"https:\\\/\\\/storitgroup.com\\\/lv\\\/sikdatnes\\\/#breadcrumb\"},\"inLanguage\":\"lv-LV\",\"potentialAction\":[{\"@type\":\"ReadAction\",\"target\":[\"https:\\\/\\\/storitgroup.com\\\/lv\\\/sikdatnes\\\/\"]}]},{\"@type\":\"BreadcrumbList\",\"@id\":\"https:\\\/\\\/storitgroup.com\\\/lv\\\/sikdatnes\\\/#breadcrumb\",\"itemListElement\":[{\"@type\":\"ListItem\",\"position\":1,\"name\":\"S\u0101kumlapa\",\"item\":\"https:\\\/\\\/storitgroup.com\\\/lv\\\/\"},{\"@type\":\"ListItem\",\"position\":2,\"name\":\"S\u012bkdatnes\"}]},{\"@type\":\"WebSite\",\"@id\":\"https:\\\/\\\/storitgroup.com\\\/lv\\\/#website\",\"url\":\"https:\\\/\\\/storitgroup.com\\\/lv\\\/\",\"name\":\"Storit\",\"description\":\"\",\"potentialAction\":[{\"@type\":\"SearchAction\",\"target\":{\"@type\":\"EntryPoint\",\"urlTemplate\":\"https:\\\/\\\/storitgroup.com\\\/lv\\\/?s={search_term_string}\"},\"query-input\":{\"@type\":\"PropertyValueSpecification\",\"valueRequired\":true,\"valueName\":\"search_term_string\"}}],\"inLanguage\":\"lv-LV\"}]}<\/script>\n<!-- \/ Yoast SEO plugin. -->","yoast_head_json":{"title":"S\u012bkdatnes &#8226; Storit","robots":{"index":"index","follow":"follow","max-snippet":"max-snippet:-1","max-image-preview":"max-image-preview:large","max-video-preview":"max-video-preview:-1"},"canonical":"https:\/\/storitgroup.com\/lv\/sikdatnes\/","og_locale":"lv_LV","og_type":"article","og_title":"S\u012bkdatnes &#8226; Storit","og_description":"Priv\u0101tuma politika 1. K\u0101du inform\u0101ciju M\u0113s iev\u0101cam? M\u0113s sa\u0146emam, iev\u0101cam un glab\u0101jam inform\u0101ciju, ko J\u016bs ievad\u0101t (vai M\u0113s sa\u0146emam balstoties uz J\u016bsu veiktaj\u0101m darb\u012bb\u0101m) vietn\u0113 (vai www.noliktavupasaule.lv). Papildus \u0161ai inform\u0101cijai, M\u0113s iev\u0101cam ar\u012b J\u016bsu Interneta Protokola (IP) adresi, kas ir izmantota, lai savienotu J\u016bsu iek\u0101rtu ar internetu; e-pasta adresi (tikai tie\u0161ai sazi\u0146ai vai jaunumu nos\u016bt\u012b\u0161anai, [&hellip;]","og_url":"https:\/\/storitgroup.com\/lv\/sikdatnes\/","og_site_name":"Storit","article_modified_time":"2022-07-27T14:28:13+00:00","twitter_card":"summary_large_image","twitter_misc":{"Est. reading time":"3 minutes"},"schema":{"@context":"https:\/\/schema.org","@graph":[{"@type":"WebPage","@id":"https:\/\/storitgroup.com\/lv\/sikdatnes\/","url":"https:\/\/storitgroup.com\/lv\/sikdatnes\/","name":"S\u012bkdatnes &#8226; Storit","isPartOf":{"@id":"https:\/\/storitgroup.com\/lv\/#website"},"datePublished":"2022-07-27T13:10:09+00:00","dateModified":"2022-07-27T14:28:13+00:00","breadcrumb":{"@id":"https:\/\/storitgroup.com\/lv\/sikdatnes\/#breadcrumb"},"inLanguage":"lv-LV","potentialAction":[{"@type":"ReadAction","target":["https:\/\/storitgroup.com\/lv\/sikdatnes\/"]}]},{"@type":"BreadcrumbList","@id":"https:\/\/storitgroup.com\/lv\/sikdatnes\/#breadcrumb","itemListElement":[{"@type":"ListItem","position":1,"name":"S\u0101kumlapa","item":"https:\/\/storitgroup.com\/lv\/"},{"@type":"ListItem","position":2,"name":"S\u012bkdatnes"}]},{"@type":"WebSite","@id":"https:\/\/storitgroup.com\/lv\/#website","url":"https:\/\/storitgroup.com\/lv\/","name":"Storit","description":"","potentialAction":[{"@type":"SearchAction","target":{"@type":"EntryPoint","urlTemplate":"https:\/\/storitgroup.com\/lv\/?s={search_term_string}"},"query-input":{"@type":"PropertyValueSpecification","valueRequired":true,"valueName":"search_term_string"}}],"inLanguage":"lv-LV"}]}},"_links":{"self":[{"href":"https:\/\/storitgroup.com\/lv\/wp-json\/wp\/v2\/pages\/194383","targetHints":{"allow":["GET"]}}],"collection":[{"href":"https:\/\/storitgroup.com\/lv\/wp-json\/wp\/v2\/pages"}],"about":[{"href":"https:\/\/storitgroup.com\/lv\/wp-json\/wp\/v2\/types\/page"}],"author":[{"embeddable":true,"href":"https:\/\/storitgroup.com\/lv\/wp-json\/wp\/v2\/users\/14526"}],"replies":[{"embeddable":true,"href":"https:\/\/storitgroup.com\/lv\/wp-json\/wp\/v2\/comments?post=194383"}],"version-history":[{"count":0,"href":"https:\/\/storitgroup.com\/lv\/wp-json\/wp\/v2\/pages\/194383\/revisions"}],"wp:attachment":[{"href":"https:\/\/storitgroup.com\/lv\/wp-json\/wp\/v2\/media?parent=194383"}],"curies":[{"name":"wp","href":"https:\/\/api.w.org\/{rel}","templated":true}]}}