{"id":192783,"date":"2021-04-05T10:53:18","date_gmt":"2021-04-05T07:53:18","guid":{"rendered":"https:\/\/storitgroup.com\/avaleht\/"},"modified":"2025-01-06T12:47:05","modified_gmt":"2025-01-06T10:47:05","slug":"sakumlapa","status":"publish","type":"page","link":"https:\/\/storitgroup.com\/lv\/","title":{"rendered":"S\u0101kums"},"content":{"rendered":"","protected":false},"excerpt":{"rendered":"","protected":false},"author":1,"featured_media":0,"parent":0,"menu_order":999999999,"comment_status":"closed","ping_status":"closed","template":"page-templates\/flexible.php","meta":{"_acf_changed":true,"footnotes":""},"class_list":["post-192783","page","type-page","status-publish","hentry"],"acf":[],"yoast_head":"<!-- This site is optimized with the Yoast SEO plugin v27.3 - https:\/\/yoast.com\/product\/yoast-seo-wordpress\/ -->\n<title>STORIT \u2014 Noliktavu pasaule<\/title>\n<meta name=\"description\" content=\"Pla\u0161s Pied\u0101v\u0101jums! Jaunas un lietotas preces noliktav\u0101m, birojiem, darba telp\u0101m un gar\u0101\u017e\u0101m. Prece pieejama uz vietas. Pas\u016bti jau tagad!\" \/>\n<meta name=\"robots\" content=\"index, follow, max-snippet:-1, max-image-preview:large, max-video-preview:-1\" \/>\n<link rel=\"canonical\" href=\"https:\/\/storitgroup.com\/lv\/\" \/>\n<meta property=\"og:locale\" content=\"lv_LV\" \/>\n<meta property=\"og:type\" content=\"article\" \/>\n<meta property=\"og:title\" content=\"STORIT \u2014 Noliktavu pasaule\" \/>\n<meta property=\"og:description\" content=\"Pla\u0161s Pied\u0101v\u0101jums! Jaunas un lietotas preces noliktav\u0101m, birojiem, darba telp\u0101m un gar\u0101\u017e\u0101m. Prece pieejama uz vietas. Pas\u016bti jau tagad!\" \/>\n<meta property=\"og:url\" content=\"https:\/\/storitgroup.com\/lv\/\" \/>\n<meta property=\"og:site_name\" content=\"Storit\" \/>\n<meta property=\"article:modified_time\" content=\"2025-01-06T10:47:05+00:00\" \/>\n<meta name=\"twitter:card\" content=\"summary_large_image\" \/>\n<script type=\"application\/ld+json\" class=\"yoast-schema-graph\">{\"@context\":\"https:\\\/\\\/schema.org\",\"@graph\":[{\"@type\":\"WebPage\",\"@id\":\"https:\\\/\\\/storitgroup.com\\\/lv\\\/\",\"url\":\"https:\\\/\\\/storitgroup.com\\\/lv\\\/\",\"name\":\"STORIT \u2014 Noliktavu pasaule\",\"isPartOf\":{\"@id\":\"https:\\\/\\\/storitgroup.com\\\/lv\\\/#website\"},\"datePublished\":\"2021-04-05T07:53:18+00:00\",\"dateModified\":\"2025-01-06T10:47:05+00:00\",\"description\":\"Pla\u0161s Pied\u0101v\u0101jums! Jaunas un lietotas preces noliktav\u0101m, birojiem, darba telp\u0101m un gar\u0101\u017e\u0101m. Prece pieejama uz vietas. Pas\u016bti jau tagad!\",\"breadcrumb\":{\"@id\":\"https:\\\/\\\/storitgroup.com\\\/lv\\\/#breadcrumb\"},\"inLanguage\":\"lv-LV\",\"potentialAction\":[{\"@type\":\"ReadAction\",\"target\":[\"https:\\\/\\\/storitgroup.com\\\/lv\\\/\"]}]},{\"@type\":\"BreadcrumbList\",\"@id\":\"https:\\\/\\\/storitgroup.com\\\/lv\\\/#breadcrumb\",\"itemListElement\":[{\"@type\":\"ListItem\",\"position\":1,\"name\":\"S\u0101kumlapa\",\"item\":\"https:\\\/\\\/storitgroup.com\\\/lv\\\/\"},{\"@type\":\"ListItem\",\"position\":2,\"name\":\"S\u0101kums\"}]},{\"@type\":\"WebSite\",\"@id\":\"https:\\\/\\\/storitgroup.com\\\/lv\\\/#website\",\"url\":\"https:\\\/\\\/storitgroup.com\\\/lv\\\/\",\"name\":\"Storit\",\"description\":\"\",\"potentialAction\":[{\"@type\":\"SearchAction\",\"target\":{\"@type\":\"EntryPoint\",\"urlTemplate\":\"https:\\\/\\\/storitgroup.com\\\/lv\\\/?s={search_term_string}\"},\"query-input\":{\"@type\":\"PropertyValueSpecification\",\"valueRequired\":true,\"valueName\":\"search_term_string\"}}],\"inLanguage\":\"lv-LV\"}]}<\/script>\n<!-- \/ Yoast SEO plugin. -->","yoast_head_json":{"title":"STORIT \u2014 Noliktavu pasaule","description":"Pla\u0161s Pied\u0101v\u0101jums! Jaunas un lietotas preces noliktav\u0101m, birojiem, darba telp\u0101m un gar\u0101\u017e\u0101m. Prece pieejama uz vietas. Pas\u016bti jau tagad!","robots":{"index":"index","follow":"follow","max-snippet":"max-snippet:-1","max-image-preview":"max-image-preview:large","max-video-preview":"max-video-preview:-1"},"canonical":"https:\/\/storitgroup.com\/lv\/","og_locale":"lv_LV","og_type":"article","og_title":"STORIT \u2014 Noliktavu pasaule","og_description":"Pla\u0161s Pied\u0101v\u0101jums! Jaunas un lietotas preces noliktav\u0101m, birojiem, darba telp\u0101m un gar\u0101\u017e\u0101m. Prece pieejama uz vietas. Pas\u016bti jau tagad!","og_url":"https:\/\/storitgroup.com\/lv\/","og_site_name":"Storit","article_modified_time":"2025-01-06T10:47:05+00:00","twitter_card":"summary_large_image","schema":{"@context":"https:\/\/schema.org","@graph":[{"@type":"WebPage","@id":"https:\/\/storitgroup.com\/lv\/","url":"https:\/\/storitgroup.com\/lv\/","name":"STORIT \u2014 Noliktavu pasaule","isPartOf":{"@id":"https:\/\/storitgroup.com\/lv\/#website"},"datePublished":"2021-04-05T07:53:18+00:00","dateModified":"2025-01-06T10:47:05+00:00","description":"Pla\u0161s Pied\u0101v\u0101jums! Jaunas un lietotas preces noliktav\u0101m, birojiem, darba telp\u0101m un gar\u0101\u017e\u0101m. Prece pieejama uz vietas. Pas\u016bti jau tagad!","breadcrumb":{"@id":"https:\/\/storitgroup.com\/lv\/#breadcrumb"},"inLanguage":"lv-LV","potentialAction":[{"@type":"ReadAction","target":["https:\/\/storitgroup.com\/lv\/"]}]},{"@type":"BreadcrumbList","@id":"https:\/\/storitgroup.com\/lv\/#breadcrumb","itemListElement":[{"@type":"ListItem","position":1,"name":"S\u0101kumlapa","item":"https:\/\/storitgroup.com\/lv\/"},{"@type":"ListItem","position":2,"name":"S\u0101kums"}]},{"@type":"WebSite","@id":"https:\/\/storitgroup.com\/lv\/#website","url":"https:\/\/storitgroup.com\/lv\/","name":"Storit","description":"","potentialAction":[{"@type":"SearchAction","target":{"@type":"EntryPoint","urlTemplate":"https:\/\/storitgroup.com\/lv\/?s={search_term_string}"},"query-input":{"@type":"PropertyValueSpecification","valueRequired":true,"valueName":"search_term_string"}}],"inLanguage":"lv-LV"}]}},"_links":{"self":[{"href":"https:\/\/storitgroup.com\/lv\/wp-json\/wp\/v2\/pages\/192783","targetHints":{"allow":["GET"]}}],"collection":[{"href":"https:\/\/storitgroup.com\/lv\/wp-json\/wp\/v2\/pages"}],"about":[{"href":"https:\/\/storitgroup.com\/lv\/wp-json\/wp\/v2\/types\/page"}],"author":[{"embeddable":true,"href":"https:\/\/storitgroup.com\/lv\/wp-json\/wp\/v2\/users\/1"}],"replies":[{"embeddable":true,"href":"https:\/\/storitgroup.com\/lv\/wp-json\/wp\/v2\/comments?post=192783"}],"version-history":[{"count":0,"href":"https:\/\/storitgroup.com\/lv\/wp-json\/wp\/v2\/pages\/192783\/revisions"}],"wp:attachment":[{"href":"https:\/\/storitgroup.com\/lv\/wp-json\/wp\/v2\/media?parent=192783"}],"curies":[{"name":"wp","href":"https:\/\/api.w.org\/{rel}","templated":true}]}}