{"id":32813,"date":"2021-06-15T13:25:52","date_gmt":"2021-06-15T10:25:52","guid":{"rendered":"https:\/\/storitgroup.com\/?post_type=product&#038;p=32813"},"modified":"2025-02-08T07:44:03","modified_gmt":"2025-02-08T05:44:03","slug":"muovinen-pyorallinen-jateastia-120-l-sininen","status":"publish","type":"product","link":"https:\/\/storitgroup.com\/fi\/tuote\/muovinen-pyorallinen-jateastia-120-l-sininen\/","title":{"rendered":"J\u00e4tes\u00e4ili\u00f6 py\u00f6rill\u00e4 120 L, sininen kansi"},"content":{"rendered":"<p>Vakaat j\u00e4teastiat on valmistettu polyeteenist\u00e4, HDPE, ja niit\u00e4 on helppo puhdistaa. Ter\u00e4ksiset akselit ja kumipy\u00f6r\u00e4t auttavat astian helppoon liikutteluun. J\u00e4teastiat ovat kest\u00e4vi\u00e4 kuumuudelle, kylmyydelle, kemikaaleille ja UV-s\u00e4teilylle. Ne sopivat sek\u00e4 \u00f6ljyisille j\u00e4tteille ett\u00e4 lasille, paperille, muoville, metalleille ja kotitalousj\u00e4tteelle.<\/p>\n<p>Saatavilla koossa 120, 240 ja 360 l.<\/p>\n","protected":false},"excerpt":{"rendered":"<p>Vakaat j\u00e4teastiat on valmistettu polyeteenist\u00e4, HDPE, ja niit\u00e4 on helppo puhdistaa. Ter\u00e4ksiset akselit ja kumipy\u00f6r\u00e4t auttavat astian helppoon liikutteluun. J\u00e4teastiat ovat kest\u00e4vi\u00e4 kuumuudelle, kylmyydelle, kemikaaleille ja UV-s\u00e4teilylle. Ne sopivat sek\u00e4 \u00f6ljyisille j\u00e4tteille ett\u00e4 lasille, paperille, muoville, metalleille ja kotitalousj\u00e4tteelle.<\/p>\n<p>Saatavilla koossa 120, 240 ja 360 l.<\/p>\n","protected":false},"featured_media":216441,"template":"","meta":{"_acf_changed":false},"product_brand":[],"product_cat":[7088],"product_tag":[],"class_list":{"0":"post-32813","1":"product","2":"type-product","3":"status-publish","4":"has-post-thumbnail","6":"product_room-tyopaja-ja-autotalli","7":"product_room-tynnyrien-ja-kaapeleiden-kasittely","8":"product_room-ulkoalue","9":"product_cat-roskasailiot","11":"first","12":"onbackorder","13":"taxable","14":"shipping-taxable","15":"purchasable","16":"product-type-simple"},"acf":[],"yoast_head":"<!-- This site is optimized with the Yoast SEO plugin v27.2 - https:\/\/yoast.com\/product\/yoast-seo-wordpress\/ -->\n<title>J\u00e4tes\u00e4ili\u00f6 py\u00f6rill\u00e4 120 L, sininen kansi &#8226; Storit<\/title>\n<meta name=\"description\" content=\"J\u00e4tes\u00e4ili\u00f6 py\u00f6rill\u00e4 120 L, sininen kansi \u2014 kohtuulliseen hintaan. Toimitukset kaikkialle Suomeen! \u261b Tutustu tuotteeseen ja tilaa k\u00e4tev\u00e4sti STORIT-verkkokaupasta!\" \/>\n<meta name=\"robots\" content=\"index, follow, max-snippet:-1, max-image-preview:large, max-video-preview:-1\" \/>\n<link rel=\"canonical\" href=\"https:\/\/storitgroup.com\/fi\/tuote\/muovinen-pyorallinen-jateastia-120-l-sininen\/\" \/>\n<meta property=\"og:locale\" content=\"fi_FI\" \/>\n<meta property=\"og:type\" content=\"article\" \/>\n<meta property=\"og:title\" content=\"J\u00e4tes\u00e4ili\u00f6 py\u00f6rill\u00e4 120 L, sininen kansi &#8226; Storit\" \/>\n<meta property=\"og:description\" content=\"J\u00e4tes\u00e4ili\u00f6 py\u00f6rill\u00e4 120 L, sininen kansi \u2014 kohtuulliseen hintaan. Toimitukset kaikkialle Suomeen! \u261b Tutustu tuotteeseen ja tilaa k\u00e4tev\u00e4sti STORIT-verkkokaupasta!\" \/>\n<meta property=\"og:url\" content=\"https:\/\/storitgroup.com\/fi\/tuote\/muovinen-pyorallinen-jateastia-120-l-sininen\/\" \/>\n<meta property=\"og:site_name\" content=\"Storit\" \/>\n<meta property=\"article:modified_time\" content=\"2025-02-08T05:44:03+00:00\" \/>\n<meta property=\"og:image\" content=\"https:\/\/storitgroup.com\/uploads\/2021\/06\/25.-2112031106.jpg\" \/>\n\t<meta property=\"og:image:width\" content=\"401\" \/>\n\t<meta property=\"og:image:height\" content=\"500\" \/>\n\t<meta property=\"og:image:type\" content=\"image\/jpeg\" \/>\n<meta name=\"twitter:card\" content=\"summary_large_image\" \/>\n<script type=\"application\/ld+json\" class=\"yoast-schema-graph\">{\"@context\":\"https:\/\/schema.org\",\"@graph\":[{\"@type\":[\"WebPage\",\"ItemPage\"],\"@id\":\"https:\/\/storitgroup.com\/fi\/tuote\/muovinen-pyorallinen-jateastia-120-l-sininen\/\",\"url\":\"https:\/\/storitgroup.com\/fi\/tuote\/muovinen-pyorallinen-jateastia-120-l-sininen\/\",\"name\":\"J\u00e4tes\u00e4ili\u00f6 py\u00f6rill\u00e4 120 L, sininen kansi &#8226; Storit\",\"isPartOf\":{\"@id\":\"https:\/\/storitgroup.com\/fi\/#website\"},\"primaryImageOfPage\":{\"@id\":\"https:\/\/storitgroup.com\/fi\/tuote\/muovinen-pyorallinen-jateastia-120-l-sininen\/#primaryimage\"},\"image\":{\"@id\":\"https:\/\/storitgroup.com\/fi\/tuote\/muovinen-pyorallinen-jateastia-120-l-sininen\/#primaryimage\"},\"thumbnailUrl\":\"https:\/\/storitgroup.com\/uploads\/2021\/06\/25.-2112031106.jpg\",\"datePublished\":\"2021-06-15T10:25:52+00:00\",\"dateModified\":\"2025-02-08T05:44:03+00:00\",\"description\":\"J\u00e4tes\u00e4ili\u00f6 py\u00f6rill\u00e4 120 L, sininen kansi \u2014 kohtuulliseen hintaan. Toimitukset kaikkialle Suomeen! \u261b Tutustu tuotteeseen ja tilaa k\u00e4tev\u00e4sti STORIT-verkkokaupasta!\",\"breadcrumb\":{\"@id\":\"https:\/\/storitgroup.com\/fi\/tuote\/muovinen-pyorallinen-jateastia-120-l-sininen\/#breadcrumb\"},\"inLanguage\":\"fi\",\"potentialAction\":[{\"@type\":\"ReadAction\",\"target\":[\"https:\/\/storitgroup.com\/fi\/tuote\/muovinen-pyorallinen-jateastia-120-l-sininen\/\"]}]},{\"@type\":\"ImageObject\",\"inLanguage\":\"fi\",\"@id\":\"https:\/\/storitgroup.com\/fi\/tuote\/muovinen-pyorallinen-jateastia-120-l-sininen\/#primaryimage\",\"url\":\"https:\/\/storitgroup.com\/uploads\/2021\/06\/25.-2112031106.jpg\",\"contentUrl\":\"https:\/\/storitgroup.com\/uploads\/2021\/06\/25.-2112031106.jpg\",\"width\":401,\"height\":500},{\"@type\":\"BreadcrumbList\",\"@id\":\"https:\/\/storitgroup.com\/fi\/tuote\/muovinen-pyorallinen-jateastia-120-l-sininen\/#breadcrumb\",\"itemListElement\":[{\"@type\":\"ListItem\",\"position\":1,\"name\":\"Kotisivu\",\"item\":\"https:\/\/storitgroup.com\/fi\/\"},{\"@type\":\"ListItem\",\"position\":2,\"name\":\"Tuotteet\",\"item\":\"https:\/\/storitgroup.com\/fi\/tuotteet\/\"},{\"@type\":\"ListItem\",\"position\":3,\"name\":\"Kontit, roskakorit\",\"item\":\"https:\/\/storitgroup.com\/fi\/kontit-roskakorit\/\"},{\"@type\":\"ListItem\",\"position\":4,\"name\":\"Roskas\u00e4ili\u00f6t\",\"item\":\"https:\/\/storitgroup.com\/fi\/kontit-roskakorit\/roskasailiot\/\"},{\"@type\":\"ListItem\",\"position\":5,\"name\":\"J\u00e4tes\u00e4ili\u00f6 py\u00f6rill\u00e4 120 L, sininen kansi\"}]},{\"@type\":\"WebSite\",\"@id\":\"https:\/\/storitgroup.com\/fi\/#website\",\"url\":\"https:\/\/storitgroup.com\/fi\/\",\"name\":\"Storit\",\"description\":\"\",\"potentialAction\":[{\"@type\":\"SearchAction\",\"target\":{\"@type\":\"EntryPoint\",\"urlTemplate\":\"https:\/\/storitgroup.com\/fi\/?s={search_term_string}\"},\"query-input\":{\"@type\":\"PropertyValueSpecification\",\"valueRequired\":true,\"valueName\":\"search_term_string\"}}],\"inLanguage\":\"fi\"}]}<\/script>\n<!-- \/ Yoast SEO plugin. -->","yoast_head_json":{"title":"J\u00e4tes\u00e4ili\u00f6 py\u00f6rill\u00e4 120 L, sininen kansi &#8226; Storit","description":"J\u00e4tes\u00e4ili\u00f6 py\u00f6rill\u00e4 120 L, sininen kansi \u2014 kohtuulliseen hintaan. Toimitukset kaikkialle Suomeen! \u261b Tutustu tuotteeseen ja tilaa k\u00e4tev\u00e4sti STORIT-verkkokaupasta!","robots":{"index":"index","follow":"follow","max-snippet":"max-snippet:-1","max-image-preview":"max-image-preview:large","max-video-preview":"max-video-preview:-1"},"canonical":"https:\/\/storitgroup.com\/fi\/tuote\/muovinen-pyorallinen-jateastia-120-l-sininen\/","og_locale":"fi_FI","og_type":"article","og_title":"J\u00e4tes\u00e4ili\u00f6 py\u00f6rill\u00e4 120 L, sininen kansi &#8226; Storit","og_description":"J\u00e4tes\u00e4ili\u00f6 py\u00f6rill\u00e4 120 L, sininen kansi \u2014 kohtuulliseen hintaan. Toimitukset kaikkialle Suomeen! \u261b Tutustu tuotteeseen ja tilaa k\u00e4tev\u00e4sti STORIT-verkkokaupasta!","og_url":"https:\/\/storitgroup.com\/fi\/tuote\/muovinen-pyorallinen-jateastia-120-l-sininen\/","og_site_name":"Storit","article_modified_time":"2025-02-08T05:44:03+00:00","og_image":[{"width":401,"height":500,"url":"https:\/\/storitgroup.com\/uploads\/2021\/06\/25.-2112031106.jpg","type":"image\/jpeg"}],"twitter_card":"summary_large_image","schema":{"@context":"https:\/\/schema.org","@graph":[{"@type":["WebPage","ItemPage"],"@id":"https:\/\/storitgroup.com\/fi\/tuote\/muovinen-pyorallinen-jateastia-120-l-sininen\/","url":"https:\/\/storitgroup.com\/fi\/tuote\/muovinen-pyorallinen-jateastia-120-l-sininen\/","name":"J\u00e4tes\u00e4ili\u00f6 py\u00f6rill\u00e4 120 L, sininen kansi &#8226; Storit","isPartOf":{"@id":"https:\/\/storitgroup.com\/fi\/#website"},"primaryImageOfPage":{"@id":"https:\/\/storitgroup.com\/fi\/tuote\/muovinen-pyorallinen-jateastia-120-l-sininen\/#primaryimage"},"image":{"@id":"https:\/\/storitgroup.com\/fi\/tuote\/muovinen-pyorallinen-jateastia-120-l-sininen\/#primaryimage"},"thumbnailUrl":"https:\/\/storitgroup.com\/uploads\/2021\/06\/25.-2112031106.jpg","datePublished":"2021-06-15T10:25:52+00:00","dateModified":"2025-02-08T05:44:03+00:00","description":"J\u00e4tes\u00e4ili\u00f6 py\u00f6rill\u00e4 120 L, sininen kansi \u2014 kohtuulliseen hintaan. Toimitukset kaikkialle Suomeen! \u261b Tutustu tuotteeseen ja tilaa k\u00e4tev\u00e4sti STORIT-verkkokaupasta!","breadcrumb":{"@id":"https:\/\/storitgroup.com\/fi\/tuote\/muovinen-pyorallinen-jateastia-120-l-sininen\/#breadcrumb"},"inLanguage":"fi","potentialAction":[{"@type":"ReadAction","target":["https:\/\/storitgroup.com\/fi\/tuote\/muovinen-pyorallinen-jateastia-120-l-sininen\/"]}]},{"@type":"ImageObject","inLanguage":"fi","@id":"https:\/\/storitgroup.com\/fi\/tuote\/muovinen-pyorallinen-jateastia-120-l-sininen\/#primaryimage","url":"https:\/\/storitgroup.com\/uploads\/2021\/06\/25.-2112031106.jpg","contentUrl":"https:\/\/storitgroup.com\/uploads\/2021\/06\/25.-2112031106.jpg","width":401,"height":500},{"@type":"BreadcrumbList","@id":"https:\/\/storitgroup.com\/fi\/tuote\/muovinen-pyorallinen-jateastia-120-l-sininen\/#breadcrumb","itemListElement":[{"@type":"ListItem","position":1,"name":"Kotisivu","item":"https:\/\/storitgroup.com\/fi\/"},{"@type":"ListItem","position":2,"name":"Tuotteet","item":"https:\/\/storitgroup.com\/fi\/tuotteet\/"},{"@type":"ListItem","position":3,"name":"Kontit, roskakorit","item":"https:\/\/storitgroup.com\/fi\/kontit-roskakorit\/"},{"@type":"ListItem","position":4,"name":"Roskas\u00e4ili\u00f6t","item":"https:\/\/storitgroup.com\/fi\/kontit-roskakorit\/roskasailiot\/"},{"@type":"ListItem","position":5,"name":"J\u00e4tes\u00e4ili\u00f6 py\u00f6rill\u00e4 120 L, sininen kansi"}]},{"@type":"WebSite","@id":"https:\/\/storitgroup.com\/fi\/#website","url":"https:\/\/storitgroup.com\/fi\/","name":"Storit","description":"","potentialAction":[{"@type":"SearchAction","target":{"@type":"EntryPoint","urlTemplate":"https:\/\/storitgroup.com\/fi\/?s={search_term_string}"},"query-input":{"@type":"PropertyValueSpecification","valueRequired":true,"valueName":"search_term_string"}}],"inLanguage":"fi"}]}},"_links":{"self":[{"href":"https:\/\/storitgroup.com\/fi\/wp-json\/wp\/v2\/product\/32813","targetHints":{"allow":["GET"]}}],"collection":[{"href":"https:\/\/storitgroup.com\/fi\/wp-json\/wp\/v2\/product"}],"about":[{"href":"https:\/\/storitgroup.com\/fi\/wp-json\/wp\/v2\/types\/product"}],"wp:featuredmedia":[{"embeddable":true,"href":"https:\/\/storitgroup.com\/fi\/wp-json\/wp\/v2\/media\/216441"}],"wp:attachment":[{"href":"https:\/\/storitgroup.com\/fi\/wp-json\/wp\/v2\/media?parent=32813"}],"wp:term":[{"taxonomy":"product_brand","embeddable":true,"href":"https:\/\/storitgroup.com\/fi\/wp-json\/wp\/v2\/product_brand?post=32813"},{"taxonomy":"product_cat","embeddable":true,"href":"https:\/\/storitgroup.com\/fi\/wp-json\/wp\/v2\/product_cat?post=32813"},{"taxonomy":"product_tag","embeddable":true,"href":"https:\/\/storitgroup.com\/fi\/wp-json\/wp\/v2\/product_tag?post=32813"}],"curies":[{"name":"wp","href":"https:\/\/api.w.org\/{rel}","templated":true}]}}