{"id":30916,"date":"2021-04-27T04:05:38","date_gmt":"2021-04-27T01:05:38","guid":{"rendered":"https:\/\/storitgroup.com\/?post_type=product&#038;p=30916"},"modified":"2024-11-25T15:02:45","modified_gmt":"2024-11-25T13:02:45","slug":"riippukansiokaappi-szk-202-a4-ral7035-7035","status":"publish","type":"product","link":"https:\/\/storitgroup.com\/fi\/tuote\/riippukansiokaappi-szk-202-a4-ral7035-7035\/","title":{"rendered":"Riippukansiokaappi Storit Szk202St 997x775x633 mm, A4, RAL7035\/7035"},"content":{"rendered":"<p>Ter\u00e4ksinen riippukansiokaappi on pulverimaalattu ja voit valita 16 perusv\u00e4rist\u00e4. Muut RAL-luettelon v\u00e4rit ovat saatavilla pient\u00e4 lis\u00e4maksua vastaan. <\/p>\n<p>Laatikoston runkoosat on valmistettu eripaksuisesta ter\u00e4ksest\u00e4: 0,6-1,5 mm.<\/p>\n<p>Kaappi on toimiva, luotettava ja erilaiset kaapit on suunniteltu eri kokoisten asiakirjojen s\u00e4ilytt\u00e4miseen. Laatikot on varustettu tulpilla, jotka est\u00e4v\u00e4t niiden vet\u00e4misen kokonaan ulos, niiss\u00e4 on keskuslukitus ja tarrateline.<\/p>\n<p>Laatikon kapasiteetti 50 kg.<br \/> Tallennetun asiakirjan koko: A4 kahdessa riviss\u00e4.<\/p>\n","protected":false},"excerpt":{"rendered":"<p>Ter\u00e4ksinen riippukansiokaappi on pulverimaalattu ja voit valita 16 perusv\u00e4rist\u00e4. Muut RAL-luettelon v\u00e4rit ovat saatavilla pient\u00e4 lis\u00e4maksua vastaan. <\/p>\n<p>Laatikoston runkoosat on valmistettu eripaksuisesta ter\u00e4ksest\u00e4: 0,6-1,5 mm.<\/p>\n","protected":false},"featured_media":200638,"template":"","meta":{"_acf_changed":false},"product_brand":[],"product_cat":[7070],"product_tag":[],"class_list":{"0":"post-30916","1":"product","2":"type-product","3":"status-publish","4":"has-post-thumbnail","6":"product_room-toimisto","7":"product_room-koulut-ja-paivakodit","8":"product_room-kotitoimisto","9":"product_room-kotiratkaisut","10":"product_room-arkisto-museo","11":"product_room-kokoonpano-ja-keraily","12":"product_cat-arkistokaapit","14":"first","15":"onbackorder","16":"taxable","17":"shipping-taxable","18":"purchasable","19":"product-type-simple"},"acf":[],"yoast_head":"<!-- This site is optimized with the Yoast SEO plugin v27.3 - https:\/\/yoast.com\/product\/yoast-seo-wordpress\/ -->\n<title>Riippukansiokaappi Storit Szk202St 997x775x633 mm, A4, RAL7035\/7035 &#8226; Storit<\/title>\n<meta name=\"description\" content=\"Riippukansiokaappi Storit Szk202St 997x775x633 mm, A4, RAL7035\/7035 \u2014 kohtuulliseen hintaan. Toimitukset kaikkialle Suomeen! \u261b Tutustu tuotteeseen ja tilaa k\u00e4tev\u00e4sti STORIT-verkkokaupasta!\" \/>\n<meta name=\"robots\" content=\"index, follow, max-snippet:-1, max-image-preview:large, max-video-preview:-1\" \/>\n<link rel=\"canonical\" href=\"https:\/\/storitgroup.com\/fi\/tuote\/riippukansiokaappi-szk-202-a4-ral7035-7035\/\" \/>\n<meta property=\"og:locale\" content=\"fi_FI\" \/>\n<meta property=\"og:type\" content=\"article\" \/>\n<meta property=\"og:title\" content=\"Riippukansiokaappi Storit Szk202St 997x775x633 mm, A4, RAL7035\/7035 &#8226; Storit\" \/>\n<meta property=\"og:description\" content=\"Riippukansiokaappi Storit Szk202St 997x775x633 mm, A4, RAL7035\/7035 \u2014 kohtuulliseen hintaan. Toimitukset kaikkialle Suomeen! \u261b Tutustu tuotteeseen ja tilaa k\u00e4tev\u00e4sti STORIT-verkkokaupasta!\" \/>\n<meta property=\"og:url\" content=\"https:\/\/storitgroup.com\/fi\/tuote\/riippukansiokaappi-szk-202-a4-ral7035-7035\/\" \/>\n<meta property=\"og:site_name\" content=\"Storit\" \/>\n<meta property=\"article:modified_time\" content=\"2024-11-25T13:02:45+00:00\" \/>\n<meta property=\"og:image\" content=\"https:\/\/storitgroup.com\/uploads\/2021\/04\/24-szk202-1.jpg\" \/>\n\t<meta property=\"og:image:width\" content=\"413\" \/>\n\t<meta property=\"og:image:height\" content=\"470\" \/>\n\t<meta property=\"og:image:type\" content=\"image\/jpeg\" \/>\n<meta name=\"twitter:card\" content=\"summary_large_image\" \/>\n<script type=\"application\/ld+json\" class=\"yoast-schema-graph\">{\"@context\":\"https:\\\/\\\/schema.org\",\"@graph\":[{\"@type\":[\"WebPage\",\"ItemPage\"],\"@id\":\"https:\\\/\\\/storitgroup.com\\\/fi\\\/tuote\\\/riippukansiokaappi-szk-202-a4-ral7035-7035\\\/\",\"url\":\"https:\\\/\\\/storitgroup.com\\\/fi\\\/tuote\\\/riippukansiokaappi-szk-202-a4-ral7035-7035\\\/\",\"name\":\"Riippukansiokaappi Storit Szk202St 997x775x633 mm, A4, RAL7035\\\/7035 &#8226; Storit\",\"isPartOf\":{\"@id\":\"https:\\\/\\\/storitgroup.com\\\/fi\\\/#website\"},\"primaryImageOfPage\":{\"@id\":\"https:\\\/\\\/storitgroup.com\\\/fi\\\/tuote\\\/riippukansiokaappi-szk-202-a4-ral7035-7035\\\/#primaryimage\"},\"image\":{\"@id\":\"https:\\\/\\\/storitgroup.com\\\/fi\\\/tuote\\\/riippukansiokaappi-szk-202-a4-ral7035-7035\\\/#primaryimage\"},\"thumbnailUrl\":\"https:\\\/\\\/storitgroup.com\\\/uploads\\\/2021\\\/04\\\/24-szk202-1.jpg\",\"datePublished\":\"2021-04-27T01:05:38+00:00\",\"dateModified\":\"2024-11-25T13:02:45+00:00\",\"description\":\"Riippukansiokaappi Storit Szk202St 997x775x633 mm, A4, RAL7035\\\/7035 \u2014 kohtuulliseen hintaan. Toimitukset kaikkialle Suomeen! \u261b Tutustu tuotteeseen ja tilaa k\u00e4tev\u00e4sti STORIT-verkkokaupasta!\",\"breadcrumb\":{\"@id\":\"https:\\\/\\\/storitgroup.com\\\/fi\\\/tuote\\\/riippukansiokaappi-szk-202-a4-ral7035-7035\\\/#breadcrumb\"},\"inLanguage\":\"fi\",\"potentialAction\":[{\"@type\":\"ReadAction\",\"target\":[\"https:\\\/\\\/storitgroup.com\\\/fi\\\/tuote\\\/riippukansiokaappi-szk-202-a4-ral7035-7035\\\/\"]}]},{\"@type\":\"ImageObject\",\"inLanguage\":\"fi\",\"@id\":\"https:\\\/\\\/storitgroup.com\\\/fi\\\/tuote\\\/riippukansiokaappi-szk-202-a4-ral7035-7035\\\/#primaryimage\",\"url\":\"https:\\\/\\\/storitgroup.com\\\/uploads\\\/2021\\\/04\\\/24-szk202-1.jpg\",\"contentUrl\":\"https:\\\/\\\/storitgroup.com\\\/uploads\\\/2021\\\/04\\\/24-szk202-1.jpg\",\"width\":413,\"height\":470},{\"@type\":\"BreadcrumbList\",\"@id\":\"https:\\\/\\\/storitgroup.com\\\/fi\\\/tuote\\\/riippukansiokaappi-szk-202-a4-ral7035-7035\\\/#breadcrumb\",\"itemListElement\":[{\"@type\":\"ListItem\",\"position\":1,\"name\":\"Kotisivu\",\"item\":\"https:\\\/\\\/storitgroup.com\\\/fi\\\/\"},{\"@type\":\"ListItem\",\"position\":2,\"name\":\"Tuotteet\",\"item\":\"https:\\\/\\\/storitgroup.com\\\/fi\\\/tuotteet\\\/\"},{\"@type\":\"ListItem\",\"position\":3,\"name\":\"Metallikaapit, pukukaapit\",\"item\":\"https:\\\/\\\/storitgroup.com\\\/fi\\\/metallikaapit-pukukaapit\\\/\"},{\"@type\":\"ListItem\",\"position\":4,\"name\":\"Arkistokaapit\",\"item\":\"https:\\\/\\\/storitgroup.com\\\/fi\\\/metallikaapit-pukukaapit\\\/arkistokaapit\\\/\"},{\"@type\":\"ListItem\",\"position\":5,\"name\":\"Riippukansiokaappi Storit Szk202St 997x775x633 mm, A4, RAL7035\\\/7035\"}]},{\"@type\":\"WebSite\",\"@id\":\"https:\\\/\\\/storitgroup.com\\\/fi\\\/#website\",\"url\":\"https:\\\/\\\/storitgroup.com\\\/fi\\\/\",\"name\":\"Storit\",\"description\":\"\",\"potentialAction\":[{\"@type\":\"SearchAction\",\"target\":{\"@type\":\"EntryPoint\",\"urlTemplate\":\"https:\\\/\\\/storitgroup.com\\\/fi\\\/?s={search_term_string}\"},\"query-input\":{\"@type\":\"PropertyValueSpecification\",\"valueRequired\":true,\"valueName\":\"search_term_string\"}}],\"inLanguage\":\"fi\"}]}<\/script>\n<!-- \/ Yoast SEO plugin. -->","yoast_head_json":{"title":"Riippukansiokaappi Storit Szk202St 997x775x633 mm, A4, RAL7035\/7035 &#8226; Storit","description":"Riippukansiokaappi Storit Szk202St 997x775x633 mm, A4, RAL7035\/7035 \u2014 kohtuulliseen hintaan. Toimitukset kaikkialle Suomeen! \u261b Tutustu tuotteeseen ja tilaa k\u00e4tev\u00e4sti STORIT-verkkokaupasta!","robots":{"index":"index","follow":"follow","max-snippet":"max-snippet:-1","max-image-preview":"max-image-preview:large","max-video-preview":"max-video-preview:-1"},"canonical":"https:\/\/storitgroup.com\/fi\/tuote\/riippukansiokaappi-szk-202-a4-ral7035-7035\/","og_locale":"fi_FI","og_type":"article","og_title":"Riippukansiokaappi Storit Szk202St 997x775x633 mm, A4, RAL7035\/7035 &#8226; Storit","og_description":"Riippukansiokaappi Storit Szk202St 997x775x633 mm, A4, RAL7035\/7035 \u2014 kohtuulliseen hintaan. Toimitukset kaikkialle Suomeen! \u261b Tutustu tuotteeseen ja tilaa k\u00e4tev\u00e4sti STORIT-verkkokaupasta!","og_url":"https:\/\/storitgroup.com\/fi\/tuote\/riippukansiokaappi-szk-202-a4-ral7035-7035\/","og_site_name":"Storit","article_modified_time":"2024-11-25T13:02:45+00:00","og_image":[{"width":413,"height":470,"url":"https:\/\/storitgroup.com\/uploads\/2021\/04\/24-szk202-1.jpg","type":"image\/jpeg"}],"twitter_card":"summary_large_image","schema":{"@context":"https:\/\/schema.org","@graph":[{"@type":["WebPage","ItemPage"],"@id":"https:\/\/storitgroup.com\/fi\/tuote\/riippukansiokaappi-szk-202-a4-ral7035-7035\/","url":"https:\/\/storitgroup.com\/fi\/tuote\/riippukansiokaappi-szk-202-a4-ral7035-7035\/","name":"Riippukansiokaappi Storit Szk202St 997x775x633 mm, A4, RAL7035\/7035 &#8226; Storit","isPartOf":{"@id":"https:\/\/storitgroup.com\/fi\/#website"},"primaryImageOfPage":{"@id":"https:\/\/storitgroup.com\/fi\/tuote\/riippukansiokaappi-szk-202-a4-ral7035-7035\/#primaryimage"},"image":{"@id":"https:\/\/storitgroup.com\/fi\/tuote\/riippukansiokaappi-szk-202-a4-ral7035-7035\/#primaryimage"},"thumbnailUrl":"https:\/\/storitgroup.com\/uploads\/2021\/04\/24-szk202-1.jpg","datePublished":"2021-04-27T01:05:38+00:00","dateModified":"2024-11-25T13:02:45+00:00","description":"Riippukansiokaappi Storit Szk202St 997x775x633 mm, A4, RAL7035\/7035 \u2014 kohtuulliseen hintaan. Toimitukset kaikkialle Suomeen! \u261b Tutustu tuotteeseen ja tilaa k\u00e4tev\u00e4sti STORIT-verkkokaupasta!","breadcrumb":{"@id":"https:\/\/storitgroup.com\/fi\/tuote\/riippukansiokaappi-szk-202-a4-ral7035-7035\/#breadcrumb"},"inLanguage":"fi","potentialAction":[{"@type":"ReadAction","target":["https:\/\/storitgroup.com\/fi\/tuote\/riippukansiokaappi-szk-202-a4-ral7035-7035\/"]}]},{"@type":"ImageObject","inLanguage":"fi","@id":"https:\/\/storitgroup.com\/fi\/tuote\/riippukansiokaappi-szk-202-a4-ral7035-7035\/#primaryimage","url":"https:\/\/storitgroup.com\/uploads\/2021\/04\/24-szk202-1.jpg","contentUrl":"https:\/\/storitgroup.com\/uploads\/2021\/04\/24-szk202-1.jpg","width":413,"height":470},{"@type":"BreadcrumbList","@id":"https:\/\/storitgroup.com\/fi\/tuote\/riippukansiokaappi-szk-202-a4-ral7035-7035\/#breadcrumb","itemListElement":[{"@type":"ListItem","position":1,"name":"Kotisivu","item":"https:\/\/storitgroup.com\/fi\/"},{"@type":"ListItem","position":2,"name":"Tuotteet","item":"https:\/\/storitgroup.com\/fi\/tuotteet\/"},{"@type":"ListItem","position":3,"name":"Metallikaapit, pukukaapit","item":"https:\/\/storitgroup.com\/fi\/metallikaapit-pukukaapit\/"},{"@type":"ListItem","position":4,"name":"Arkistokaapit","item":"https:\/\/storitgroup.com\/fi\/metallikaapit-pukukaapit\/arkistokaapit\/"},{"@type":"ListItem","position":5,"name":"Riippukansiokaappi Storit Szk202St 997x775x633 mm, A4, RAL7035\/7035"}]},{"@type":"WebSite","@id":"https:\/\/storitgroup.com\/fi\/#website","url":"https:\/\/storitgroup.com\/fi\/","name":"Storit","description":"","potentialAction":[{"@type":"SearchAction","target":{"@type":"EntryPoint","urlTemplate":"https:\/\/storitgroup.com\/fi\/?s={search_term_string}"},"query-input":{"@type":"PropertyValueSpecification","valueRequired":true,"valueName":"search_term_string"}}],"inLanguage":"fi"}]}},"_links":{"self":[{"href":"https:\/\/storitgroup.com\/fi\/wp-json\/wp\/v2\/product\/30916","targetHints":{"allow":["GET"]}}],"collection":[{"href":"https:\/\/storitgroup.com\/fi\/wp-json\/wp\/v2\/product"}],"about":[{"href":"https:\/\/storitgroup.com\/fi\/wp-json\/wp\/v2\/types\/product"}],"wp:featuredmedia":[{"embeddable":true,"href":"https:\/\/storitgroup.com\/fi\/wp-json\/wp\/v2\/media\/200638"}],"wp:attachment":[{"href":"https:\/\/storitgroup.com\/fi\/wp-json\/wp\/v2\/media?parent=30916"}],"wp:term":[{"taxonomy":"product_brand","embeddable":true,"href":"https:\/\/storitgroup.com\/fi\/wp-json\/wp\/v2\/product_brand?post=30916"},{"taxonomy":"product_cat","embeddable":true,"href":"https:\/\/storitgroup.com\/fi\/wp-json\/wp\/v2\/product_cat?post=30916"},{"taxonomy":"product_tag","embeddable":true,"href":"https:\/\/storitgroup.com\/fi\/wp-json\/wp\/v2\/product_tag?post=30916"}],"curies":[{"name":"wp","href":"https:\/\/api.w.org\/{rel}","templated":true}]}}