{"id":30625,"date":"2021-03-19T00:48:13","date_gmt":"2021-03-19T00:48:13","guid":{"rendered":"https:\/\/storitgroup.com\/?post_type=product&#038;p=30625"},"modified":"2025-01-03T16:16:29","modified_gmt":"2025-01-03T14:16:29","slug":"pyoriva-tyokaluteline-1150x470mm-6-tasoa","status":"publish","type":"product","link":"https:\/\/storitgroup.com\/fi\/tuote\/pyoriva-tyokaluteline-1150x470mm-6-tasoa\/","title":{"rendered":"Py\u00f6riv\u00e4 ty\u00f6kaluteline 1150&#215;470 mm, 6 tasoa"},"content":{"rendered":"<p>Ter\u00e4srunkoinen ty\u00f6kaluk\u00e4rry on suunniteltu erilaisten ty\u00f6kalujen kuljettamiseen.<br \/>Viidell\u00e4 py\u00f6re\u00e4ll\u00e4 tasolla kuudesta on 6 pienemp\u00e4\u00e4 alustaa, jotka kaikki voidaan irrottaa erikseen.<br \/>Rungon alla on 5 kumip\u00e4\u00e4llystetty\u00e4 ja py\u00f6riv\u00e4 py\u00f6r\u00e4\u00e4, joista kahdessa on jarrut. <\/p>\n<p>Vahvan rakenteen ja helpon liikkuvuuden ansiosta vaunu on k\u00e4tev\u00e4 apuv\u00e4line erilaisilla lattiapinnoilla.<\/p>\n","protected":false},"excerpt":{"rendered":"<p>Ter\u00e4srunkoinen ty\u00f6kaluk\u00e4rry on suunniteltu erilaisten ty\u00f6kalujen kuljettamiseen.<br \/>\nViidell\u00e4 py\u00f6re\u00e4ll\u00e4 tasolla kuudesta on 6 pienemp\u00e4\u00e4 alustaa, jotka kaikki voidaan irrottaa erikseen.<br \/>\nRungon alla on 5 kumip\u00e4\u00e4llystetty\u00e4 ja py\u00f6riv\u00e4 py\u00f6r\u00e4\u00e4, joista kahdessa on jarrut. <\/p>\n","protected":false},"featured_media":38315,"template":"","meta":{"_acf_changed":false},"product_brand":[],"product_cat":[7212],"product_tag":[],"class_list":{"0":"post-30625","1":"product","2":"type-product","3":"status-publish","4":"has-post-thumbnail","6":"product_room-tyopaja-ja-autotalli","7":"product_cat-sailytyslaatikot-muu","9":"first","10":"onbackorder","11":"taxable","12":"shipping-taxable","13":"purchasable","14":"product-type-simple"},"acf":[],"yoast_head":"<!-- This site is optimized with the Yoast SEO plugin v27.2 - https:\/\/yoast.com\/product\/yoast-seo-wordpress\/ -->\n<title>Py\u00f6riv\u00e4 ty\u00f6kaluteline 1150x470 mm, 6 tasoa &#8226; Storit<\/title>\n<meta name=\"description\" content=\"Py\u00f6riv\u00e4 ty\u00f6kaluteline 1150x470 mm, 6 tasoa \u2014 kohtuulliseen hintaan. Toimitukset kaikkialle Suomeen! \u261b Tutustu tuotteeseen ja tilaa k\u00e4tev\u00e4sti STORIT-verkkokaupasta!\" \/>\n<meta name=\"robots\" content=\"index, follow, max-snippet:-1, max-image-preview:large, max-video-preview:-1\" \/>\n<link rel=\"canonical\" href=\"https:\/\/storitgroup.com\/fi\/tuote\/pyoriva-tyokaluteline-1150x470mm-6-tasoa\/\" \/>\n<meta property=\"og:locale\" content=\"fi_FI\" \/>\n<meta property=\"og:type\" content=\"article\" \/>\n<meta property=\"og:title\" content=\"Py\u00f6riv\u00e4 ty\u00f6kaluteline 1150x470 mm, 6 tasoa &#8226; Storit\" \/>\n<meta property=\"og:description\" content=\"Py\u00f6riv\u00e4 ty\u00f6kaluteline 1150x470 mm, 6 tasoa \u2014 kohtuulliseen hintaan. Toimitukset kaikkialle Suomeen! \u261b Tutustu tuotteeseen ja tilaa k\u00e4tev\u00e4sti STORIT-verkkokaupasta!\" \/>\n<meta property=\"og:url\" content=\"https:\/\/storitgroup.com\/fi\/tuote\/pyoriva-tyokaluteline-1150x470mm-6-tasoa\/\" \/>\n<meta property=\"og:site_name\" content=\"Storit\" \/>\n<meta property=\"article:modified_time\" content=\"2025-01-03T14:16:29+00:00\" \/>\n<meta property=\"og:image\" content=\"https:\/\/storitgroup.com\/uploads\/2021\/03\/gl801420-tooriistapoorik-1150-x-470-mm-kd-6-tasapinda-ratastel-1-600x600-1.jpg\" \/>\n\t<meta property=\"og:image:width\" content=\"600\" \/>\n\t<meta property=\"og:image:height\" content=\"600\" \/>\n\t<meta property=\"og:image:type\" content=\"image\/jpeg\" \/>\n<meta name=\"twitter:card\" content=\"summary_large_image\" \/>\n<script type=\"application\/ld+json\" class=\"yoast-schema-graph\">{\"@context\":\"https:\/\/schema.org\",\"@graph\":[{\"@type\":[\"WebPage\",\"ItemPage\"],\"@id\":\"https:\/\/storitgroup.com\/fi\/tuote\/pyoriva-tyokaluteline-1150x470mm-6-tasoa\/\",\"url\":\"https:\/\/storitgroup.com\/fi\/tuote\/pyoriva-tyokaluteline-1150x470mm-6-tasoa\/\",\"name\":\"Py\u00f6riv\u00e4 ty\u00f6kaluteline 1150x470 mm, 6 tasoa &#8226; Storit\",\"isPartOf\":{\"@id\":\"https:\/\/storitgroup.com\/fi\/#website\"},\"primaryImageOfPage\":{\"@id\":\"https:\/\/storitgroup.com\/fi\/tuote\/pyoriva-tyokaluteline-1150x470mm-6-tasoa\/#primaryimage\"},\"image\":{\"@id\":\"https:\/\/storitgroup.com\/fi\/tuote\/pyoriva-tyokaluteline-1150x470mm-6-tasoa\/#primaryimage\"},\"thumbnailUrl\":\"https:\/\/storitgroup.com\/uploads\/2021\/03\/gl801420-tooriistapoorik-1150-x-470-mm-kd-6-tasapinda-ratastel-1-600x600-1.jpg\",\"datePublished\":\"2021-03-19T00:48:13+00:00\",\"dateModified\":\"2025-01-03T14:16:29+00:00\",\"description\":\"Py\u00f6riv\u00e4 ty\u00f6kaluteline 1150x470 mm, 6 tasoa \u2014 kohtuulliseen hintaan. Toimitukset kaikkialle Suomeen! \u261b Tutustu tuotteeseen ja tilaa k\u00e4tev\u00e4sti STORIT-verkkokaupasta!\",\"breadcrumb\":{\"@id\":\"https:\/\/storitgroup.com\/fi\/tuote\/pyoriva-tyokaluteline-1150x470mm-6-tasoa\/#breadcrumb\"},\"inLanguage\":\"fi\",\"potentialAction\":[{\"@type\":\"ReadAction\",\"target\":[\"https:\/\/storitgroup.com\/fi\/tuote\/pyoriva-tyokaluteline-1150x470mm-6-tasoa\/\"]}]},{\"@type\":\"ImageObject\",\"inLanguage\":\"fi\",\"@id\":\"https:\/\/storitgroup.com\/fi\/tuote\/pyoriva-tyokaluteline-1150x470mm-6-tasoa\/#primaryimage\",\"url\":\"https:\/\/storitgroup.com\/uploads\/2021\/03\/gl801420-tooriistapoorik-1150-x-470-mm-kd-6-tasapinda-ratastel-1-600x600-1.jpg\",\"contentUrl\":\"https:\/\/storitgroup.com\/uploads\/2021\/03\/gl801420-tooriistapoorik-1150-x-470-mm-kd-6-tasapinda-ratastel-1-600x600-1.jpg\",\"width\":600,\"height\":600},{\"@type\":\"BreadcrumbList\",\"@id\":\"https:\/\/storitgroup.com\/fi\/tuote\/pyoriva-tyokaluteline-1150x470mm-6-tasoa\/#breadcrumb\",\"itemListElement\":[{\"@type\":\"ListItem\",\"position\":1,\"name\":\"Kotisivu\",\"item\":\"https:\/\/storitgroup.com\/fi\/\"},{\"@type\":\"ListItem\",\"position\":2,\"name\":\"Tuotteet\",\"item\":\"https:\/\/storitgroup.com\/fi\/tuotteet\/\"},{\"@type\":\"ListItem\",\"position\":3,\"name\":\"Varastolaatikot, s\u00e4ilytyslaatikot\",\"item\":\"https:\/\/storitgroup.com\/fi\/varastolaatikot-sailytyslaatikot\/\"},{\"@type\":\"ListItem\",\"position\":4,\"name\":\"S\u00e4ilytyslaatikot, telinelaatikot (sadonkorjuulaatikot)\",\"item\":\"https:\/\/storitgroup.com\/fi\/varastolaatikot-sailytyslaatikot\/sailytyslaatikot-telinelaatikot-sadonkorjuulaatikot\/\"},{\"@type\":\"ListItem\",\"position\":5,\"name\":\"S\u00e4ilytyslaatikot: muu\",\"item\":\"https:\/\/storitgroup.com\/fi\/varastolaatikot-sailytyslaatikot\/sailytyslaatikot-telinelaatikot-sadonkorjuulaatikot\/sailytyslaatikot-muu\/\"},{\"@type\":\"ListItem\",\"position\":6,\"name\":\"Py\u00f6riv\u00e4 ty\u00f6kaluteline 1150&#215;470 mm, 6 tasoa\"}]},{\"@type\":\"WebSite\",\"@id\":\"https:\/\/storitgroup.com\/fi\/#website\",\"url\":\"https:\/\/storitgroup.com\/fi\/\",\"name\":\"Storit\",\"description\":\"\",\"potentialAction\":[{\"@type\":\"SearchAction\",\"target\":{\"@type\":\"EntryPoint\",\"urlTemplate\":\"https:\/\/storitgroup.com\/fi\/?s={search_term_string}\"},\"query-input\":{\"@type\":\"PropertyValueSpecification\",\"valueRequired\":true,\"valueName\":\"search_term_string\"}}],\"inLanguage\":\"fi\"}]}<\/script>\n<!-- \/ Yoast SEO plugin. -->","yoast_head_json":{"title":"Py\u00f6riv\u00e4 ty\u00f6kaluteline 1150x470 mm, 6 tasoa &#8226; Storit","description":"Py\u00f6riv\u00e4 ty\u00f6kaluteline 1150x470 mm, 6 tasoa \u2014 kohtuulliseen hintaan. Toimitukset kaikkialle Suomeen! \u261b Tutustu tuotteeseen ja tilaa k\u00e4tev\u00e4sti STORIT-verkkokaupasta!","robots":{"index":"index","follow":"follow","max-snippet":"max-snippet:-1","max-image-preview":"max-image-preview:large","max-video-preview":"max-video-preview:-1"},"canonical":"https:\/\/storitgroup.com\/fi\/tuote\/pyoriva-tyokaluteline-1150x470mm-6-tasoa\/","og_locale":"fi_FI","og_type":"article","og_title":"Py\u00f6riv\u00e4 ty\u00f6kaluteline 1150x470 mm, 6 tasoa &#8226; Storit","og_description":"Py\u00f6riv\u00e4 ty\u00f6kaluteline 1150x470 mm, 6 tasoa \u2014 kohtuulliseen hintaan. Toimitukset kaikkialle Suomeen! \u261b Tutustu tuotteeseen ja tilaa k\u00e4tev\u00e4sti STORIT-verkkokaupasta!","og_url":"https:\/\/storitgroup.com\/fi\/tuote\/pyoriva-tyokaluteline-1150x470mm-6-tasoa\/","og_site_name":"Storit","article_modified_time":"2025-01-03T14:16:29+00:00","og_image":[{"width":600,"height":600,"url":"https:\/\/storitgroup.com\/uploads\/2021\/03\/gl801420-tooriistapoorik-1150-x-470-mm-kd-6-tasapinda-ratastel-1-600x600-1.jpg","type":"image\/jpeg"}],"twitter_card":"summary_large_image","schema":{"@context":"https:\/\/schema.org","@graph":[{"@type":["WebPage","ItemPage"],"@id":"https:\/\/storitgroup.com\/fi\/tuote\/pyoriva-tyokaluteline-1150x470mm-6-tasoa\/","url":"https:\/\/storitgroup.com\/fi\/tuote\/pyoriva-tyokaluteline-1150x470mm-6-tasoa\/","name":"Py\u00f6riv\u00e4 ty\u00f6kaluteline 1150x470 mm, 6 tasoa &#8226; Storit","isPartOf":{"@id":"https:\/\/storitgroup.com\/fi\/#website"},"primaryImageOfPage":{"@id":"https:\/\/storitgroup.com\/fi\/tuote\/pyoriva-tyokaluteline-1150x470mm-6-tasoa\/#primaryimage"},"image":{"@id":"https:\/\/storitgroup.com\/fi\/tuote\/pyoriva-tyokaluteline-1150x470mm-6-tasoa\/#primaryimage"},"thumbnailUrl":"https:\/\/storitgroup.com\/uploads\/2021\/03\/gl801420-tooriistapoorik-1150-x-470-mm-kd-6-tasapinda-ratastel-1-600x600-1.jpg","datePublished":"2021-03-19T00:48:13+00:00","dateModified":"2025-01-03T14:16:29+00:00","description":"Py\u00f6riv\u00e4 ty\u00f6kaluteline 1150x470 mm, 6 tasoa \u2014 kohtuulliseen hintaan. Toimitukset kaikkialle Suomeen! \u261b Tutustu tuotteeseen ja tilaa k\u00e4tev\u00e4sti STORIT-verkkokaupasta!","breadcrumb":{"@id":"https:\/\/storitgroup.com\/fi\/tuote\/pyoriva-tyokaluteline-1150x470mm-6-tasoa\/#breadcrumb"},"inLanguage":"fi","potentialAction":[{"@type":"ReadAction","target":["https:\/\/storitgroup.com\/fi\/tuote\/pyoriva-tyokaluteline-1150x470mm-6-tasoa\/"]}]},{"@type":"ImageObject","inLanguage":"fi","@id":"https:\/\/storitgroup.com\/fi\/tuote\/pyoriva-tyokaluteline-1150x470mm-6-tasoa\/#primaryimage","url":"https:\/\/storitgroup.com\/uploads\/2021\/03\/gl801420-tooriistapoorik-1150-x-470-mm-kd-6-tasapinda-ratastel-1-600x600-1.jpg","contentUrl":"https:\/\/storitgroup.com\/uploads\/2021\/03\/gl801420-tooriistapoorik-1150-x-470-mm-kd-6-tasapinda-ratastel-1-600x600-1.jpg","width":600,"height":600},{"@type":"BreadcrumbList","@id":"https:\/\/storitgroup.com\/fi\/tuote\/pyoriva-tyokaluteline-1150x470mm-6-tasoa\/#breadcrumb","itemListElement":[{"@type":"ListItem","position":1,"name":"Kotisivu","item":"https:\/\/storitgroup.com\/fi\/"},{"@type":"ListItem","position":2,"name":"Tuotteet","item":"https:\/\/storitgroup.com\/fi\/tuotteet\/"},{"@type":"ListItem","position":3,"name":"Varastolaatikot, s\u00e4ilytyslaatikot","item":"https:\/\/storitgroup.com\/fi\/varastolaatikot-sailytyslaatikot\/"},{"@type":"ListItem","position":4,"name":"S\u00e4ilytyslaatikot, telinelaatikot (sadonkorjuulaatikot)","item":"https:\/\/storitgroup.com\/fi\/varastolaatikot-sailytyslaatikot\/sailytyslaatikot-telinelaatikot-sadonkorjuulaatikot\/"},{"@type":"ListItem","position":5,"name":"S\u00e4ilytyslaatikot: muu","item":"https:\/\/storitgroup.com\/fi\/varastolaatikot-sailytyslaatikot\/sailytyslaatikot-telinelaatikot-sadonkorjuulaatikot\/sailytyslaatikot-muu\/"},{"@type":"ListItem","position":6,"name":"Py\u00f6riv\u00e4 ty\u00f6kaluteline 1150&#215;470 mm, 6 tasoa"}]},{"@type":"WebSite","@id":"https:\/\/storitgroup.com\/fi\/#website","url":"https:\/\/storitgroup.com\/fi\/","name":"Storit","description":"","potentialAction":[{"@type":"SearchAction","target":{"@type":"EntryPoint","urlTemplate":"https:\/\/storitgroup.com\/fi\/?s={search_term_string}"},"query-input":{"@type":"PropertyValueSpecification","valueRequired":true,"valueName":"search_term_string"}}],"inLanguage":"fi"}]}},"_links":{"self":[{"href":"https:\/\/storitgroup.com\/fi\/wp-json\/wp\/v2\/product\/30625","targetHints":{"allow":["GET"]}}],"collection":[{"href":"https:\/\/storitgroup.com\/fi\/wp-json\/wp\/v2\/product"}],"about":[{"href":"https:\/\/storitgroup.com\/fi\/wp-json\/wp\/v2\/types\/product"}],"wp:featuredmedia":[{"embeddable":true,"href":"https:\/\/storitgroup.com\/fi\/wp-json\/wp\/v2\/media\/38315"}],"wp:attachment":[{"href":"https:\/\/storitgroup.com\/fi\/wp-json\/wp\/v2\/media?parent=30625"}],"wp:term":[{"taxonomy":"product_brand","embeddable":true,"href":"https:\/\/storitgroup.com\/fi\/wp-json\/wp\/v2\/product_brand?post=30625"},{"taxonomy":"product_cat","embeddable":true,"href":"https:\/\/storitgroup.com\/fi\/wp-json\/wp\/v2\/product_cat?post=30625"},{"taxonomy":"product_tag","embeddable":true,"href":"https:\/\/storitgroup.com\/fi\/wp-json\/wp\/v2\/product_tag?post=30625"}],"curies":[{"name":"wp","href":"https:\/\/api.w.org\/{rel}","templated":true}]}}