{"id":30580,"date":"2021-03-19T02:46:59","date_gmt":"2021-03-18T22:46:59","guid":{"rendered":"https:\/\/storitgroup.com\/?post_type=product&#038;p=30580"},"modified":"2025-08-01T00:15:07","modified_gmt":"2025-07-31T21:15:07","slug":"ripustustanko-lamelliverhoille-ruostumaton","status":"publish","type":"product","link":"https:\/\/storitgroup.com\/fi\/tuote\/ripustustanko-lamelliverhoille-ruostumaton\/","title":{"rendered":"Ripustustanko lamelliverhoille, ruostumaton"},"content":{"rendered":"<p>Ruostumattomasta ter\u00e4ksest\u00e4 valmistettu ripustustanko, minne asennetaan kiinnityslevyihin niitatut  nauhat.<br \/>Lamellit ovat on helposti irrotettavissa, siirrett\u00e4viss\u00e4 tai vaihdettavissa.<br \/>Sopii sek\u00e4 sis\u00e4- ett\u00e4 ulkok\u00e4ytt\u00f6\u00f6n.<\/p>\n","protected":false},"excerpt":{"rendered":"<p>Ruostumattomasta ter\u00e4ksest\u00e4 valmistettu ripustustanko, minne asennetaan kiinnityslevyihin niitatut  nauhat.<br \/>\nLamellit ovat on helposti irrotettavissa, siirrett\u00e4viss\u00e4 tai vaihdettavissa.<br \/>\nSopii sek\u00e4 sis\u00e4- ett\u00e4 ulkok\u00e4ytt\u00f6\u00f6n.<\/p>\n","protected":false},"featured_media":199759,"template":"","meta":{"_acf_changed":false},"product_brand":[],"product_cat":[7099],"product_tag":[],"class_list":{"0":"post-30580","1":"product","2":"type-product","3":"status-publish","4":"has-post-thumbnail","6":"product_room-iso-varasto","7":"product_room-pieni-varasto","8":"product_room-kiinteistokehitys","9":"product_room-kuljetus-ja-logistiikka","10":"product_room-ruuan-kasittely","11":"product_room-kaupankaynti-ja-myymalat","12":"product_cat-pvc-verhot","14":"first","15":"onbackorder","16":"taxable","17":"shipping-taxable","18":"purchasable","19":"product-type-simple"},"acf":[],"yoast_head":"<!-- This site is optimized with the Yoast SEO plugin v27.3 - https:\/\/yoast.com\/product\/yoast-seo-wordpress\/ -->\n<title>Ripustustanko lamelliverhoille, ruostumaton &#8226; Storit<\/title>\n<meta name=\"description\" content=\"Ripustustanko lamelliverhoille, ruostumaton \u2014 kohtuulliseen hintaan. Toimitukset kaikkialle Suomeen! \u261b Tutustu tuotteeseen ja tilaa k\u00e4tev\u00e4sti STORIT-verkkokaupasta!\" \/>\n<meta name=\"robots\" content=\"index, follow, max-snippet:-1, max-image-preview:large, max-video-preview:-1\" \/>\n<link rel=\"canonical\" href=\"https:\/\/storitgroup.com\/fi\/tuote\/ripustustanko-lamelliverhoille-ruostumaton\/\" \/>\n<meta property=\"og:locale\" content=\"fi_FI\" \/>\n<meta property=\"og:type\" content=\"article\" \/>\n<meta property=\"og:title\" content=\"Ripustustanko lamelliverhoille, ruostumaton &#8226; Storit\" \/>\n<meta property=\"og:description\" content=\"Ripustustanko lamelliverhoille, ruostumaton \u2014 kohtuulliseen hintaan. Toimitukset kaikkialle Suomeen! \u261b Tutustu tuotteeseen ja tilaa k\u00e4tev\u00e4sti STORIT-verkkokaupasta!\" \/>\n<meta property=\"og:url\" content=\"https:\/\/storitgroup.com\/fi\/tuote\/ripustustanko-lamelliverhoille-ruostumaton\/\" \/>\n<meta property=\"og:site_name\" content=\"Storit\" \/>\n<meta property=\"article:modified_time\" content=\"2025-07-31T21:15:07+00:00\" \/>\n<meta property=\"og:image\" content=\"https:\/\/storitgroup.com\/uploads\/2021\/03\/13-kinnituskamm_roostevaba-1.jpg\" \/>\n\t<meta property=\"og:image:width\" content=\"496\" \/>\n\t<meta property=\"og:image:height\" content=\"323\" \/>\n\t<meta property=\"og:image:type\" content=\"image\/jpeg\" \/>\n<meta name=\"twitter:card\" content=\"summary_large_image\" \/>\n<script type=\"application\/ld+json\" class=\"yoast-schema-graph\">{\"@context\":\"https:\\\/\\\/schema.org\",\"@graph\":[{\"@type\":[\"WebPage\",\"ItemPage\"],\"@id\":\"https:\\\/\\\/storitgroup.com\\\/fi\\\/tuote\\\/ripustustanko-lamelliverhoille-ruostumaton\\\/\",\"url\":\"https:\\\/\\\/storitgroup.com\\\/fi\\\/tuote\\\/ripustustanko-lamelliverhoille-ruostumaton\\\/\",\"name\":\"Ripustustanko lamelliverhoille, ruostumaton &#8226; Storit\",\"isPartOf\":{\"@id\":\"https:\\\/\\\/storitgroup.com\\\/fi\\\/#website\"},\"primaryImageOfPage\":{\"@id\":\"https:\\\/\\\/storitgroup.com\\\/fi\\\/tuote\\\/ripustustanko-lamelliverhoille-ruostumaton\\\/#primaryimage\"},\"image\":{\"@id\":\"https:\\\/\\\/storitgroup.com\\\/fi\\\/tuote\\\/ripustustanko-lamelliverhoille-ruostumaton\\\/#primaryimage\"},\"thumbnailUrl\":\"https:\\\/\\\/storitgroup.com\\\/uploads\\\/2021\\\/03\\\/13-kinnituskamm_roostevaba-1.jpg\",\"datePublished\":\"2021-03-18T22:46:59+00:00\",\"dateModified\":\"2025-07-31T21:15:07+00:00\",\"description\":\"Ripustustanko lamelliverhoille, ruostumaton \u2014 kohtuulliseen hintaan. Toimitukset kaikkialle Suomeen! \u261b Tutustu tuotteeseen ja tilaa k\u00e4tev\u00e4sti STORIT-verkkokaupasta!\",\"breadcrumb\":{\"@id\":\"https:\\\/\\\/storitgroup.com\\\/fi\\\/tuote\\\/ripustustanko-lamelliverhoille-ruostumaton\\\/#breadcrumb\"},\"inLanguage\":\"fi\",\"potentialAction\":[{\"@type\":\"ReadAction\",\"target\":[\"https:\\\/\\\/storitgroup.com\\\/fi\\\/tuote\\\/ripustustanko-lamelliverhoille-ruostumaton\\\/\"]}]},{\"@type\":\"ImageObject\",\"inLanguage\":\"fi\",\"@id\":\"https:\\\/\\\/storitgroup.com\\\/fi\\\/tuote\\\/ripustustanko-lamelliverhoille-ruostumaton\\\/#primaryimage\",\"url\":\"https:\\\/\\\/storitgroup.com\\\/uploads\\\/2021\\\/03\\\/13-kinnituskamm_roostevaba-1.jpg\",\"contentUrl\":\"https:\\\/\\\/storitgroup.com\\\/uploads\\\/2021\\\/03\\\/13-kinnituskamm_roostevaba-1.jpg\",\"width\":496,\"height\":323},{\"@type\":\"BreadcrumbList\",\"@id\":\"https:\\\/\\\/storitgroup.com\\\/fi\\\/tuote\\\/ripustustanko-lamelliverhoille-ruostumaton\\\/#breadcrumb\",\"itemListElement\":[{\"@type\":\"ListItem\",\"position\":1,\"name\":\"Kotisivu\",\"item\":\"https:\\\/\\\/storitgroup.com\\\/fi\\\/\"},{\"@type\":\"ListItem\",\"position\":2,\"name\":\"Tuotteet\",\"item\":\"https:\\\/\\\/storitgroup.com\\\/fi\\\/tuotteet\\\/\"},{\"@type\":\"ListItem\",\"position\":3,\"name\":\"PVC-verhot\",\"item\":\"https:\\\/\\\/storitgroup.com\\\/fi\\\/pvc-verhot-2\\\/\"},{\"@type\":\"ListItem\",\"position\":4,\"name\":\"PVC verhot\",\"item\":\"https:\\\/\\\/storitgroup.com\\\/fi\\\/pvc-verhot-2\\\/pvc-verhot\\\/\"},{\"@type\":\"ListItem\",\"position\":5,\"name\":\"Ripustustanko lamelliverhoille, ruostumaton\"}]},{\"@type\":\"WebSite\",\"@id\":\"https:\\\/\\\/storitgroup.com\\\/fi\\\/#website\",\"url\":\"https:\\\/\\\/storitgroup.com\\\/fi\\\/\",\"name\":\"Storit\",\"description\":\"\",\"potentialAction\":[{\"@type\":\"SearchAction\",\"target\":{\"@type\":\"EntryPoint\",\"urlTemplate\":\"https:\\\/\\\/storitgroup.com\\\/fi\\\/?s={search_term_string}\"},\"query-input\":{\"@type\":\"PropertyValueSpecification\",\"valueRequired\":true,\"valueName\":\"search_term_string\"}}],\"inLanguage\":\"fi\"}]}<\/script>\n<!-- \/ Yoast SEO plugin. -->","yoast_head_json":{"title":"Ripustustanko lamelliverhoille, ruostumaton &#8226; Storit","description":"Ripustustanko lamelliverhoille, ruostumaton \u2014 kohtuulliseen hintaan. Toimitukset kaikkialle Suomeen! \u261b Tutustu tuotteeseen ja tilaa k\u00e4tev\u00e4sti STORIT-verkkokaupasta!","robots":{"index":"index","follow":"follow","max-snippet":"max-snippet:-1","max-image-preview":"max-image-preview:large","max-video-preview":"max-video-preview:-1"},"canonical":"https:\/\/storitgroup.com\/fi\/tuote\/ripustustanko-lamelliverhoille-ruostumaton\/","og_locale":"fi_FI","og_type":"article","og_title":"Ripustustanko lamelliverhoille, ruostumaton &#8226; Storit","og_description":"Ripustustanko lamelliverhoille, ruostumaton \u2014 kohtuulliseen hintaan. Toimitukset kaikkialle Suomeen! \u261b Tutustu tuotteeseen ja tilaa k\u00e4tev\u00e4sti STORIT-verkkokaupasta!","og_url":"https:\/\/storitgroup.com\/fi\/tuote\/ripustustanko-lamelliverhoille-ruostumaton\/","og_site_name":"Storit","article_modified_time":"2025-07-31T21:15:07+00:00","og_image":[{"width":496,"height":323,"url":"https:\/\/storitgroup.com\/uploads\/2021\/03\/13-kinnituskamm_roostevaba-1.jpg","type":"image\/jpeg"}],"twitter_card":"summary_large_image","schema":{"@context":"https:\/\/schema.org","@graph":[{"@type":["WebPage","ItemPage"],"@id":"https:\/\/storitgroup.com\/fi\/tuote\/ripustustanko-lamelliverhoille-ruostumaton\/","url":"https:\/\/storitgroup.com\/fi\/tuote\/ripustustanko-lamelliverhoille-ruostumaton\/","name":"Ripustustanko lamelliverhoille, ruostumaton &#8226; Storit","isPartOf":{"@id":"https:\/\/storitgroup.com\/fi\/#website"},"primaryImageOfPage":{"@id":"https:\/\/storitgroup.com\/fi\/tuote\/ripustustanko-lamelliverhoille-ruostumaton\/#primaryimage"},"image":{"@id":"https:\/\/storitgroup.com\/fi\/tuote\/ripustustanko-lamelliverhoille-ruostumaton\/#primaryimage"},"thumbnailUrl":"https:\/\/storitgroup.com\/uploads\/2021\/03\/13-kinnituskamm_roostevaba-1.jpg","datePublished":"2021-03-18T22:46:59+00:00","dateModified":"2025-07-31T21:15:07+00:00","description":"Ripustustanko lamelliverhoille, ruostumaton \u2014 kohtuulliseen hintaan. Toimitukset kaikkialle Suomeen! \u261b Tutustu tuotteeseen ja tilaa k\u00e4tev\u00e4sti STORIT-verkkokaupasta!","breadcrumb":{"@id":"https:\/\/storitgroup.com\/fi\/tuote\/ripustustanko-lamelliverhoille-ruostumaton\/#breadcrumb"},"inLanguage":"fi","potentialAction":[{"@type":"ReadAction","target":["https:\/\/storitgroup.com\/fi\/tuote\/ripustustanko-lamelliverhoille-ruostumaton\/"]}]},{"@type":"ImageObject","inLanguage":"fi","@id":"https:\/\/storitgroup.com\/fi\/tuote\/ripustustanko-lamelliverhoille-ruostumaton\/#primaryimage","url":"https:\/\/storitgroup.com\/uploads\/2021\/03\/13-kinnituskamm_roostevaba-1.jpg","contentUrl":"https:\/\/storitgroup.com\/uploads\/2021\/03\/13-kinnituskamm_roostevaba-1.jpg","width":496,"height":323},{"@type":"BreadcrumbList","@id":"https:\/\/storitgroup.com\/fi\/tuote\/ripustustanko-lamelliverhoille-ruostumaton\/#breadcrumb","itemListElement":[{"@type":"ListItem","position":1,"name":"Kotisivu","item":"https:\/\/storitgroup.com\/fi\/"},{"@type":"ListItem","position":2,"name":"Tuotteet","item":"https:\/\/storitgroup.com\/fi\/tuotteet\/"},{"@type":"ListItem","position":3,"name":"PVC-verhot","item":"https:\/\/storitgroup.com\/fi\/pvc-verhot-2\/"},{"@type":"ListItem","position":4,"name":"PVC verhot","item":"https:\/\/storitgroup.com\/fi\/pvc-verhot-2\/pvc-verhot\/"},{"@type":"ListItem","position":5,"name":"Ripustustanko lamelliverhoille, ruostumaton"}]},{"@type":"WebSite","@id":"https:\/\/storitgroup.com\/fi\/#website","url":"https:\/\/storitgroup.com\/fi\/","name":"Storit","description":"","potentialAction":[{"@type":"SearchAction","target":{"@type":"EntryPoint","urlTemplate":"https:\/\/storitgroup.com\/fi\/?s={search_term_string}"},"query-input":{"@type":"PropertyValueSpecification","valueRequired":true,"valueName":"search_term_string"}}],"inLanguage":"fi"}]}},"_links":{"self":[{"href":"https:\/\/storitgroup.com\/fi\/wp-json\/wp\/v2\/product\/30580","targetHints":{"allow":["GET"]}}],"collection":[{"href":"https:\/\/storitgroup.com\/fi\/wp-json\/wp\/v2\/product"}],"about":[{"href":"https:\/\/storitgroup.com\/fi\/wp-json\/wp\/v2\/types\/product"}],"wp:featuredmedia":[{"embeddable":true,"href":"https:\/\/storitgroup.com\/fi\/wp-json\/wp\/v2\/media\/199759"}],"wp:attachment":[{"href":"https:\/\/storitgroup.com\/fi\/wp-json\/wp\/v2\/media?parent=30580"}],"wp:term":[{"taxonomy":"product_brand","embeddable":true,"href":"https:\/\/storitgroup.com\/fi\/wp-json\/wp\/v2\/product_brand?post=30580"},{"taxonomy":"product_cat","embeddable":true,"href":"https:\/\/storitgroup.com\/fi\/wp-json\/wp\/v2\/product_cat?post=30580"},{"taxonomy":"product_tag","embeddable":true,"href":"https:\/\/storitgroup.com\/fi\/wp-json\/wp\/v2\/product_tag?post=30580"}],"curies":[{"name":"wp","href":"https:\/\/api.w.org\/{rel}","templated":true}]}}