{"id":30360,"date":"2021-03-19T03:10:15","date_gmt":"2021-03-19T01:10:15","guid":{"rendered":"https:\/\/storitgroup.com\/?post_type=product&#038;p=30360"},"modified":"2024-03-16T02:00:49","modified_gmt":"2024-03-16T00:00:49","slug":"avainrengas-keltainen-silikoni-79-x-69-x-5mm","status":"publish","type":"product","link":"https:\/\/storitgroup.com\/fi\/tuote\/avainrengas-keltainen-silikoni-79-x-69-x-5mm\/","title":{"rendered":"Avainrengas KELTAINEN silikoni 79 x 69 x 5mm"},"content":{"rendered":"<p>Silikonisen avaimenper\u00e4n halkaisija on 79 millimetri\u00e4 ja se sopii vapaasti ranteen p\u00e4\u00e4lle.<br \/>K\u00e4tev\u00e4 &#8221;hands-free&#8221; -j\u00e4rjestelm\u00e4 mahdollistaa avaimen turvallisen kantamisen.<br \/>Saatavilla useissa eri v\u00e4reiss\u00e4.<\/p>\n","protected":false},"excerpt":{"rendered":"<p>Silikonisen avaimenper\u00e4n halkaisija on 79 millimetri\u00e4 ja se sopii vapaasti ranteen p\u00e4\u00e4lle.<br \/>\nK\u00e4tev\u00e4 &#8221;hands-free&#8221; -j\u00e4rjestelm\u00e4 mahdollistaa avaimen turvallisen kantamisen.<br \/>\nSaatavilla useissa eri v\u00e4reiss\u00e4.<\/p>\n","protected":false},"featured_media":38060,"template":"","meta":{"_acf_changed":false},"product_brand":[],"product_cat":[7058],"product_tag":[],"class_list":{"0":"post-30360","1":"product","2":"type-product","3":"status-publish","4":"has-post-thumbnail","6":"product_room-kotiratkaisut","7":"product_room-kiinteistokehitys","8":"product_room-pukuhuone","9":"product_room-tyopaja-ja-autotalli","10":"product_room-koulut-ja-paivakodit","11":"product_cat-pukukaapit","13":"first","14":"onbackorder","15":"taxable","16":"shipping-taxable","17":"purchasable","18":"product-type-simple"},"acf":[],"yoast_head":"<!-- This site is optimized with the Yoast SEO plugin v27.3 - https:\/\/yoast.com\/product\/yoast-seo-wordpress\/ -->\n<title>Avainrengas KELTAINEN silikoni 79 x 69 x 5mm &#8226; Storit<\/title>\n<meta name=\"description\" content=\"Avainrengas KELTAINEN silikoni 79 x 69 x 5mm \u2014 kohtuulliseen hintaan. Toimitukset kaikkialle Suomeen! \u261b Tutustu tuotteeseen ja tilaa k\u00e4tev\u00e4sti STORIT-verkkokaupasta!\" \/>\n<meta name=\"robots\" content=\"index, follow, max-snippet:-1, max-image-preview:large, max-video-preview:-1\" \/>\n<link rel=\"canonical\" href=\"https:\/\/storitgroup.com\/fi\/tuote\/avainrengas-keltainen-silikoni-79-x-69-x-5mm\/\" \/>\n<meta property=\"og:locale\" content=\"fi_FI\" \/>\n<meta property=\"og:type\" content=\"article\" \/>\n<meta property=\"og:title\" content=\"Avainrengas KELTAINEN silikoni 79 x 69 x 5mm &#8226; Storit\" \/>\n<meta property=\"og:description\" content=\"Avainrengas KELTAINEN silikoni 79 x 69 x 5mm \u2014 kohtuulliseen hintaan. Toimitukset kaikkialle Suomeen! \u261b Tutustu tuotteeseen ja tilaa k\u00e4tev\u00e4sti STORIT-verkkokaupasta!\" \/>\n<meta property=\"og:url\" content=\"https:\/\/storitgroup.com\/fi\/tuote\/avainrengas-keltainen-silikoni-79-x-69-x-5mm\/\" \/>\n<meta property=\"og:site_name\" content=\"Storit\" \/>\n<meta property=\"article:modified_time\" content=\"2024-03-16T00:00:49+00:00\" \/>\n<meta property=\"og:image\" content=\"https:\/\/storitgroup.com\/uploads\/2021\/03\/silikoonist-votmerongas-79-x-69-x-5-mm-3-1.jpg\" \/>\n\t<meta property=\"og:image:width\" content=\"700\" \/>\n\t<meta property=\"og:image:height\" content=\"700\" \/>\n\t<meta property=\"og:image:type\" content=\"image\/jpeg\" \/>\n<meta name=\"twitter:card\" content=\"summary_large_image\" \/>\n<script type=\"application\/ld+json\" class=\"yoast-schema-graph\">{\"@context\":\"https:\\\/\\\/schema.org\",\"@graph\":[{\"@type\":[\"WebPage\",\"ItemPage\"],\"@id\":\"https:\\\/\\\/storitgroup.com\\\/fi\\\/tuote\\\/avainrengas-keltainen-silikoni-79-x-69-x-5mm\\\/\",\"url\":\"https:\\\/\\\/storitgroup.com\\\/fi\\\/tuote\\\/avainrengas-keltainen-silikoni-79-x-69-x-5mm\\\/\",\"name\":\"Avainrengas KELTAINEN silikoni 79 x 69 x 5mm &#8226; Storit\",\"isPartOf\":{\"@id\":\"https:\\\/\\\/storitgroup.com\\\/fi\\\/#website\"},\"primaryImageOfPage\":{\"@id\":\"https:\\\/\\\/storitgroup.com\\\/fi\\\/tuote\\\/avainrengas-keltainen-silikoni-79-x-69-x-5mm\\\/#primaryimage\"},\"image\":{\"@id\":\"https:\\\/\\\/storitgroup.com\\\/fi\\\/tuote\\\/avainrengas-keltainen-silikoni-79-x-69-x-5mm\\\/#primaryimage\"},\"thumbnailUrl\":\"https:\\\/\\\/storitgroup.com\\\/uploads\\\/2021\\\/03\\\/silikoonist-votmerongas-79-x-69-x-5-mm-3-1.jpg\",\"datePublished\":\"2021-03-19T01:10:15+00:00\",\"dateModified\":\"2024-03-16T00:00:49+00:00\",\"description\":\"Avainrengas KELTAINEN silikoni 79 x 69 x 5mm \u2014 kohtuulliseen hintaan. Toimitukset kaikkialle Suomeen! \u261b Tutustu tuotteeseen ja tilaa k\u00e4tev\u00e4sti STORIT-verkkokaupasta!\",\"breadcrumb\":{\"@id\":\"https:\\\/\\\/storitgroup.com\\\/fi\\\/tuote\\\/avainrengas-keltainen-silikoni-79-x-69-x-5mm\\\/#breadcrumb\"},\"inLanguage\":\"fi\",\"potentialAction\":[{\"@type\":\"ReadAction\",\"target\":[\"https:\\\/\\\/storitgroup.com\\\/fi\\\/tuote\\\/avainrengas-keltainen-silikoni-79-x-69-x-5mm\\\/\"]}]},{\"@type\":\"ImageObject\",\"inLanguage\":\"fi\",\"@id\":\"https:\\\/\\\/storitgroup.com\\\/fi\\\/tuote\\\/avainrengas-keltainen-silikoni-79-x-69-x-5mm\\\/#primaryimage\",\"url\":\"https:\\\/\\\/storitgroup.com\\\/uploads\\\/2021\\\/03\\\/silikoonist-votmerongas-79-x-69-x-5-mm-3-1.jpg\",\"contentUrl\":\"https:\\\/\\\/storitgroup.com\\\/uploads\\\/2021\\\/03\\\/silikoonist-votmerongas-79-x-69-x-5-mm-3-1.jpg\",\"width\":700,\"height\":700},{\"@type\":\"BreadcrumbList\",\"@id\":\"https:\\\/\\\/storitgroup.com\\\/fi\\\/tuote\\\/avainrengas-keltainen-silikoni-79-x-69-x-5mm\\\/#breadcrumb\",\"itemListElement\":[{\"@type\":\"ListItem\",\"position\":1,\"name\":\"Kotisivu\",\"item\":\"https:\\\/\\\/storitgroup.com\\\/fi\\\/\"},{\"@type\":\"ListItem\",\"position\":2,\"name\":\"Tuotteet\",\"item\":\"https:\\\/\\\/storitgroup.com\\\/fi\\\/tuotteet\\\/\"},{\"@type\":\"ListItem\",\"position\":3,\"name\":\"Metallikaapit, pukukaapit\",\"item\":\"https:\\\/\\\/storitgroup.com\\\/fi\\\/metallikaapit-pukukaapit\\\/\"},{\"@type\":\"ListItem\",\"position\":4,\"name\":\"Pukukaapit\",\"item\":\"https:\\\/\\\/storitgroup.com\\\/fi\\\/metallikaapit-pukukaapit\\\/pukukaapit\\\/\"},{\"@type\":\"ListItem\",\"position\":5,\"name\":\"Avainrengas KELTAINEN silikoni 79 x 69 x 5mm\"}]},{\"@type\":\"WebSite\",\"@id\":\"https:\\\/\\\/storitgroup.com\\\/fi\\\/#website\",\"url\":\"https:\\\/\\\/storitgroup.com\\\/fi\\\/\",\"name\":\"Storit\",\"description\":\"\",\"potentialAction\":[{\"@type\":\"SearchAction\",\"target\":{\"@type\":\"EntryPoint\",\"urlTemplate\":\"https:\\\/\\\/storitgroup.com\\\/fi\\\/?s={search_term_string}\"},\"query-input\":{\"@type\":\"PropertyValueSpecification\",\"valueRequired\":true,\"valueName\":\"search_term_string\"}}],\"inLanguage\":\"fi\"}]}<\/script>\n<!-- \/ Yoast SEO plugin. -->","yoast_head_json":{"title":"Avainrengas KELTAINEN silikoni 79 x 69 x 5mm &#8226; Storit","description":"Avainrengas KELTAINEN silikoni 79 x 69 x 5mm \u2014 kohtuulliseen hintaan. Toimitukset kaikkialle Suomeen! \u261b Tutustu tuotteeseen ja tilaa k\u00e4tev\u00e4sti STORIT-verkkokaupasta!","robots":{"index":"index","follow":"follow","max-snippet":"max-snippet:-1","max-image-preview":"max-image-preview:large","max-video-preview":"max-video-preview:-1"},"canonical":"https:\/\/storitgroup.com\/fi\/tuote\/avainrengas-keltainen-silikoni-79-x-69-x-5mm\/","og_locale":"fi_FI","og_type":"article","og_title":"Avainrengas KELTAINEN silikoni 79 x 69 x 5mm &#8226; Storit","og_description":"Avainrengas KELTAINEN silikoni 79 x 69 x 5mm \u2014 kohtuulliseen hintaan. Toimitukset kaikkialle Suomeen! \u261b Tutustu tuotteeseen ja tilaa k\u00e4tev\u00e4sti STORIT-verkkokaupasta!","og_url":"https:\/\/storitgroup.com\/fi\/tuote\/avainrengas-keltainen-silikoni-79-x-69-x-5mm\/","og_site_name":"Storit","article_modified_time":"2024-03-16T00:00:49+00:00","og_image":[{"width":700,"height":700,"url":"https:\/\/storitgroup.com\/uploads\/2021\/03\/silikoonist-votmerongas-79-x-69-x-5-mm-3-1.jpg","type":"image\/jpeg"}],"twitter_card":"summary_large_image","schema":{"@context":"https:\/\/schema.org","@graph":[{"@type":["WebPage","ItemPage"],"@id":"https:\/\/storitgroup.com\/fi\/tuote\/avainrengas-keltainen-silikoni-79-x-69-x-5mm\/","url":"https:\/\/storitgroup.com\/fi\/tuote\/avainrengas-keltainen-silikoni-79-x-69-x-5mm\/","name":"Avainrengas KELTAINEN silikoni 79 x 69 x 5mm &#8226; Storit","isPartOf":{"@id":"https:\/\/storitgroup.com\/fi\/#website"},"primaryImageOfPage":{"@id":"https:\/\/storitgroup.com\/fi\/tuote\/avainrengas-keltainen-silikoni-79-x-69-x-5mm\/#primaryimage"},"image":{"@id":"https:\/\/storitgroup.com\/fi\/tuote\/avainrengas-keltainen-silikoni-79-x-69-x-5mm\/#primaryimage"},"thumbnailUrl":"https:\/\/storitgroup.com\/uploads\/2021\/03\/silikoonist-votmerongas-79-x-69-x-5-mm-3-1.jpg","datePublished":"2021-03-19T01:10:15+00:00","dateModified":"2024-03-16T00:00:49+00:00","description":"Avainrengas KELTAINEN silikoni 79 x 69 x 5mm \u2014 kohtuulliseen hintaan. Toimitukset kaikkialle Suomeen! \u261b Tutustu tuotteeseen ja tilaa k\u00e4tev\u00e4sti STORIT-verkkokaupasta!","breadcrumb":{"@id":"https:\/\/storitgroup.com\/fi\/tuote\/avainrengas-keltainen-silikoni-79-x-69-x-5mm\/#breadcrumb"},"inLanguage":"fi","potentialAction":[{"@type":"ReadAction","target":["https:\/\/storitgroup.com\/fi\/tuote\/avainrengas-keltainen-silikoni-79-x-69-x-5mm\/"]}]},{"@type":"ImageObject","inLanguage":"fi","@id":"https:\/\/storitgroup.com\/fi\/tuote\/avainrengas-keltainen-silikoni-79-x-69-x-5mm\/#primaryimage","url":"https:\/\/storitgroup.com\/uploads\/2021\/03\/silikoonist-votmerongas-79-x-69-x-5-mm-3-1.jpg","contentUrl":"https:\/\/storitgroup.com\/uploads\/2021\/03\/silikoonist-votmerongas-79-x-69-x-5-mm-3-1.jpg","width":700,"height":700},{"@type":"BreadcrumbList","@id":"https:\/\/storitgroup.com\/fi\/tuote\/avainrengas-keltainen-silikoni-79-x-69-x-5mm\/#breadcrumb","itemListElement":[{"@type":"ListItem","position":1,"name":"Kotisivu","item":"https:\/\/storitgroup.com\/fi\/"},{"@type":"ListItem","position":2,"name":"Tuotteet","item":"https:\/\/storitgroup.com\/fi\/tuotteet\/"},{"@type":"ListItem","position":3,"name":"Metallikaapit, pukukaapit","item":"https:\/\/storitgroup.com\/fi\/metallikaapit-pukukaapit\/"},{"@type":"ListItem","position":4,"name":"Pukukaapit","item":"https:\/\/storitgroup.com\/fi\/metallikaapit-pukukaapit\/pukukaapit\/"},{"@type":"ListItem","position":5,"name":"Avainrengas KELTAINEN silikoni 79 x 69 x 5mm"}]},{"@type":"WebSite","@id":"https:\/\/storitgroup.com\/fi\/#website","url":"https:\/\/storitgroup.com\/fi\/","name":"Storit","description":"","potentialAction":[{"@type":"SearchAction","target":{"@type":"EntryPoint","urlTemplate":"https:\/\/storitgroup.com\/fi\/?s={search_term_string}"},"query-input":{"@type":"PropertyValueSpecification","valueRequired":true,"valueName":"search_term_string"}}],"inLanguage":"fi"}]}},"_links":{"self":[{"href":"https:\/\/storitgroup.com\/fi\/wp-json\/wp\/v2\/product\/30360","targetHints":{"allow":["GET"]}}],"collection":[{"href":"https:\/\/storitgroup.com\/fi\/wp-json\/wp\/v2\/product"}],"about":[{"href":"https:\/\/storitgroup.com\/fi\/wp-json\/wp\/v2\/types\/product"}],"wp:featuredmedia":[{"embeddable":true,"href":"https:\/\/storitgroup.com\/fi\/wp-json\/wp\/v2\/media\/38060"}],"wp:attachment":[{"href":"https:\/\/storitgroup.com\/fi\/wp-json\/wp\/v2\/media?parent=30360"}],"wp:term":[{"taxonomy":"product_brand","embeddable":true,"href":"https:\/\/storitgroup.com\/fi\/wp-json\/wp\/v2\/product_brand?post=30360"},{"taxonomy":"product_cat","embeddable":true,"href":"https:\/\/storitgroup.com\/fi\/wp-json\/wp\/v2\/product_cat?post=30360"},{"taxonomy":"product_tag","embeddable":true,"href":"https:\/\/storitgroup.com\/fi\/wp-json\/wp\/v2\/product_tag?post=30360"}],"curies":[{"name":"wp","href":"https:\/\/api.w.org\/{rel}","templated":true}]}}