{"id":225685,"date":"2026-04-28T16:29:27","date_gmt":"2026-04-28T13:29:27","guid":{"rendered":"https:\/\/storitgroup.com\/?post_type=product&#038;p=225685"},"modified":"2026-05-02T04:05:54","modified_gmt":"2026-05-02T01:05:54","slug":"sivurunko-2300x600-mm-kasteni-pientavarahyllyyn-kaytetty","status":"publish","type":"product","link":"https:\/\/storitgroup.com\/fi\/tuote\/sivurunko-2300x600-mm-kasteni-pientavarahyllyyn-kaytetty\/","title":{"rendered":"Sivurunko 2300&#215;600 mm Kasteni pientavarahyllyyn K\u00c4YTETTY"},"content":{"rendered":"<p>Kasteni pientavarahylly on luotettava ja k\u00e4yt\u00e4nn\u00f6llinen ratkaisu tuotteiden k\u00e4tev\u00e4\u00e4n ja selke\u00e4\u00e4n esillepanoon. Kyseess\u00e4 on k\u00e4ytetty hylly, joka on hyv\u00e4ss\u00e4 kunnossa ja valmis v\u00e4litt\u00f6m\u00e4\u00e4n k\u00e4ytt\u00f6\u00f6nottoon. Hylly koostuu p\u00e4\u00e4tyrungoista ja hyllytasoista, jotka myyd\u00e4\u00e4n erikseen, mahdollistaen ratkaisun kokoamisen t\u00e4sm\u00e4llisesti tarpeiden mukaan. Sopii erinomaisesti niin myym\u00e4l\u00f6ihin, varastoihin kuin showroom-tiloihin. <\/p>\n<p> Saatavilla rajoitettu er\u00e4!<\/p>\n","protected":false},"excerpt":{"rendered":"<p>Kasteni pientavarahylly on luotettava ja k\u00e4yt\u00e4nn\u00f6llinen ratkaisu tuotteiden k\u00e4tev\u00e4\u00e4n ja selke\u00e4\u00e4n esillepanoon. Kyseess\u00e4 on k\u00e4ytetty hylly, joka on hyv\u00e4ss\u00e4 kunnossa ja valmis v\u00e4litt\u00f6m\u00e4\u00e4n k\u00e4ytt\u00f6\u00f6nottoon. Hylly koostuu p\u00e4\u00e4tyrungoista ja hyllytasoista, jotka myyd\u00e4\u00e4n erikseen, mahdollistaen ratkaisun kokoamisen t\u00e4sm\u00e4llisesti tarpeiden mukaan. Sopii erinomaisesti niin myym\u00e4l\u00f6ihin, varastoihin kuin showroom-tiloihin. <\/p>\n<p> Saatavilla rajoitettu er\u00e4!<\/p>\n","protected":false},"featured_media":225688,"template":"","meta":{"_acf_changed":false},"product_brand":[],"product_cat":[7027,7109],"product_tag":[],"class_list":{"0":"post-225685","1":"product","2":"type-product","3":"status-publish","4":"has-post-thumbnail","6":"product_room-varasto-pitkille-tavaroille-ja-levymateriaaleille","7":"product_room-pieni-varasto","8":"product_room-kotitoimisto","9":"product_room-kotiratkaisut","10":"product_room-arkisto-museo","11":"product_room-kompaktit-varastot","12":"product_room-tyopaja-ja-autotalli","13":"product_room-rakentaminen-ja-suunnittelu","14":"product_room-ruuan-kasittely","15":"product_room-kokoonpano-ja-keraily","16":"product_room-kaupankaynti-ja-myymalat","17":"product_room-koulut-ja-paivakodit","18":"product_room-iso-varasto","19":"product_cat-kaytetyt-hyllyt","20":"product_cat-loytonurkkaus","22":"first","23":"instock","24":"sold-individually","25":"taxable","26":"shipping-taxable","27":"purchasable","28":"product-type-simple"},"acf":[],"yoast_head":"<!-- This site is optimized with the Yoast SEO plugin v27.4 - https:\/\/yoast.com\/product\/yoast-seo-wordpress\/ -->\n<title>Sivurunko 2300x600 mm Kasteni pientavarahyllyyn K\u00c4YTETTY &#8226; Storit<\/title>\n<meta name=\"description\" content=\"Sivurunko 2300x600 mm Kasteni pientavarahyllyyn K\u00c4YTETTY \u2014 kohtuulliseen hintaan. Toimitukset kaikkialle Suomeen! \u261b Tutustu tuotteeseen ja tilaa k\u00e4tev\u00e4sti STORIT-verkkokaupasta!\" \/>\n<meta name=\"robots\" content=\"index, follow, max-snippet:-1, max-image-preview:large, max-video-preview:-1\" \/>\n<link rel=\"canonical\" href=\"https:\/\/storitgroup.com\/fi\/tuote\/sivurunko-2300x600-mm-kasteni-pientavarahyllyyn-kaytetty\/\" \/>\n<meta property=\"og:locale\" content=\"fi_FI\" \/>\n<meta property=\"og:type\" content=\"article\" \/>\n<meta property=\"og:title\" content=\"Sivurunko 2300x600 mm Kasteni pientavarahyllyyn K\u00c4YTETTY &#8226; Storit\" \/>\n<meta property=\"og:description\" content=\"Sivurunko 2300x600 mm Kasteni pientavarahyllyyn K\u00c4YTETTY \u2014 kohtuulliseen hintaan. Toimitukset kaikkialle Suomeen! \u261b Tutustu tuotteeseen ja tilaa k\u00e4tev\u00e4sti STORIT-verkkokaupasta!\" \/>\n<meta property=\"og:url\" content=\"https:\/\/storitgroup.com\/fi\/tuote\/sivurunko-2300x600-mm-kasteni-pientavarahyllyyn-kaytetty\/\" \/>\n<meta property=\"og:site_name\" content=\"Storit\" \/>\n<meta property=\"article:modified_time\" content=\"2026-05-02T01:05:54+00:00\" \/>\n<meta property=\"og:image\" content=\"https:\/\/storitgroup.com\/uploads\/2026\/04\/3.png\" \/>\n\t<meta property=\"og:image:width\" content=\"768\" \/>\n\t<meta property=\"og:image:height\" content=\"1024\" \/>\n\t<meta property=\"og:image:type\" content=\"image\/png\" \/>\n<meta name=\"twitter:card\" content=\"summary_large_image\" \/>\n<script type=\"application\/ld+json\" class=\"yoast-schema-graph\">{\"@context\":\"https:\\\/\\\/schema.org\",\"@graph\":[{\"@type\":[\"WebPage\",\"ItemPage\"],\"@id\":\"https:\\\/\\\/storitgroup.com\\\/fi\\\/tuote\\\/sivurunko-2300x600-mm-kasteni-pientavarahyllyyn-kaytetty\\\/\",\"url\":\"https:\\\/\\\/storitgroup.com\\\/fi\\\/tuote\\\/sivurunko-2300x600-mm-kasteni-pientavarahyllyyn-kaytetty\\\/\",\"name\":\"Sivurunko 2300x600 mm Kasteni pientavarahyllyyn K\u00c4YTETTY &#8226; Storit\",\"isPartOf\":{\"@id\":\"https:\\\/\\\/storitgroup.com\\\/fi\\\/#website\"},\"primaryImageOfPage\":{\"@id\":\"https:\\\/\\\/storitgroup.com\\\/fi\\\/tuote\\\/sivurunko-2300x600-mm-kasteni-pientavarahyllyyn-kaytetty\\\/#primaryimage\"},\"image\":{\"@id\":\"https:\\\/\\\/storitgroup.com\\\/fi\\\/tuote\\\/sivurunko-2300x600-mm-kasteni-pientavarahyllyyn-kaytetty\\\/#primaryimage\"},\"thumbnailUrl\":\"https:\\\/\\\/storitgroup.com\\\/uploads\\\/2026\\\/04\\\/3.png\",\"datePublished\":\"2026-04-28T13:29:27+00:00\",\"dateModified\":\"2026-05-02T01:05:54+00:00\",\"description\":\"Sivurunko 2300x600 mm Kasteni pientavarahyllyyn K\u00c4YTETTY \u2014 kohtuulliseen hintaan. Toimitukset kaikkialle Suomeen! \u261b Tutustu tuotteeseen ja tilaa k\u00e4tev\u00e4sti STORIT-verkkokaupasta!\",\"breadcrumb\":{\"@id\":\"https:\\\/\\\/storitgroup.com\\\/fi\\\/tuote\\\/sivurunko-2300x600-mm-kasteni-pientavarahyllyyn-kaytetty\\\/#breadcrumb\"},\"inLanguage\":\"fi\",\"potentialAction\":[{\"@type\":\"ReadAction\",\"target\":[\"https:\\\/\\\/storitgroup.com\\\/fi\\\/tuote\\\/sivurunko-2300x600-mm-kasteni-pientavarahyllyyn-kaytetty\\\/\"]}]},{\"@type\":\"ImageObject\",\"inLanguage\":\"fi\",\"@id\":\"https:\\\/\\\/storitgroup.com\\\/fi\\\/tuote\\\/sivurunko-2300x600-mm-kasteni-pientavarahyllyyn-kaytetty\\\/#primaryimage\",\"url\":\"https:\\\/\\\/storitgroup.com\\\/uploads\\\/2026\\\/04\\\/3.png\",\"contentUrl\":\"https:\\\/\\\/storitgroup.com\\\/uploads\\\/2026\\\/04\\\/3.png\",\"width\":1536,\"height\":2048},{\"@type\":\"BreadcrumbList\",\"@id\":\"https:\\\/\\\/storitgroup.com\\\/fi\\\/tuote\\\/sivurunko-2300x600-mm-kasteni-pientavarahyllyyn-kaytetty\\\/#breadcrumb\",\"itemListElement\":[{\"@type\":\"ListItem\",\"position\":1,\"name\":\"Kotisivu\",\"item\":\"https:\\\/\\\/storitgroup.com\\\/fi\\\/\"},{\"@type\":\"ListItem\",\"position\":2,\"name\":\"Tuotteet\",\"item\":\"https:\\\/\\\/storitgroup.com\\\/fi\\\/tuotteet\\\/\"},{\"@type\":\"ListItem\",\"position\":3,\"name\":\"Varastohyllyt, v\u00e4litasot\",\"item\":\"https:\\\/\\\/storitgroup.com\\\/fi\\\/tuotteet\\\/varastohyllyt-valitasot\\\/\"},{\"@type\":\"ListItem\",\"position\":4,\"name\":\"K\u00e4ytetyt hyllyt\",\"item\":\"https:\\\/\\\/storitgroup.com\\\/fi\\\/tuotteet\\\/varastohyllyt-valitasot\\\/kaytetyt-hyllyt\\\/\"},{\"@type\":\"ListItem\",\"position\":5,\"name\":\"Sivurunko 2300&#215;600 mm Kasteni pientavarahyllyyn K\u00c4YTETTY\"}]},{\"@type\":\"WebSite\",\"@id\":\"https:\\\/\\\/storitgroup.com\\\/fi\\\/#website\",\"url\":\"https:\\\/\\\/storitgroup.com\\\/fi\\\/\",\"name\":\"Storit\",\"description\":\"\",\"potentialAction\":[{\"@type\":\"SearchAction\",\"target\":{\"@type\":\"EntryPoint\",\"urlTemplate\":\"https:\\\/\\\/storitgroup.com\\\/fi\\\/?s={search_term_string}\"},\"query-input\":{\"@type\":\"PropertyValueSpecification\",\"valueRequired\":true,\"valueName\":\"search_term_string\"}}],\"inLanguage\":\"fi\"}]}<\/script>\n<!-- \/ Yoast SEO plugin. -->","yoast_head_json":{"title":"Sivurunko 2300x600 mm Kasteni pientavarahyllyyn K\u00c4YTETTY &#8226; Storit","description":"Sivurunko 2300x600 mm Kasteni pientavarahyllyyn K\u00c4YTETTY \u2014 kohtuulliseen hintaan. Toimitukset kaikkialle Suomeen! \u261b Tutustu tuotteeseen ja tilaa k\u00e4tev\u00e4sti STORIT-verkkokaupasta!","robots":{"index":"index","follow":"follow","max-snippet":"max-snippet:-1","max-image-preview":"max-image-preview:large","max-video-preview":"max-video-preview:-1"},"canonical":"https:\/\/storitgroup.com\/fi\/tuote\/sivurunko-2300x600-mm-kasteni-pientavarahyllyyn-kaytetty\/","og_locale":"fi_FI","og_type":"article","og_title":"Sivurunko 2300x600 mm Kasteni pientavarahyllyyn K\u00c4YTETTY &#8226; Storit","og_description":"Sivurunko 2300x600 mm Kasteni pientavarahyllyyn K\u00c4YTETTY \u2014 kohtuulliseen hintaan. Toimitukset kaikkialle Suomeen! \u261b Tutustu tuotteeseen ja tilaa k\u00e4tev\u00e4sti STORIT-verkkokaupasta!","og_url":"https:\/\/storitgroup.com\/fi\/tuote\/sivurunko-2300x600-mm-kasteni-pientavarahyllyyn-kaytetty\/","og_site_name":"Storit","article_modified_time":"2026-05-02T01:05:54+00:00","og_image":[{"url":"https:\/\/storitgroup.com\/uploads\/2026\/04\/3.png","width":768,"height":1024,"type":"image\/png"}],"twitter_card":"summary_large_image","schema":{"@context":"https:\/\/schema.org","@graph":[{"@type":["WebPage","ItemPage"],"@id":"https:\/\/storitgroup.com\/fi\/tuote\/sivurunko-2300x600-mm-kasteni-pientavarahyllyyn-kaytetty\/","url":"https:\/\/storitgroup.com\/fi\/tuote\/sivurunko-2300x600-mm-kasteni-pientavarahyllyyn-kaytetty\/","name":"Sivurunko 2300x600 mm Kasteni pientavarahyllyyn K\u00c4YTETTY &#8226; Storit","isPartOf":{"@id":"https:\/\/storitgroup.com\/fi\/#website"},"primaryImageOfPage":{"@id":"https:\/\/storitgroup.com\/fi\/tuote\/sivurunko-2300x600-mm-kasteni-pientavarahyllyyn-kaytetty\/#primaryimage"},"image":{"@id":"https:\/\/storitgroup.com\/fi\/tuote\/sivurunko-2300x600-mm-kasteni-pientavarahyllyyn-kaytetty\/#primaryimage"},"thumbnailUrl":"https:\/\/storitgroup.com\/uploads\/2026\/04\/3.png","datePublished":"2026-04-28T13:29:27+00:00","dateModified":"2026-05-02T01:05:54+00:00","description":"Sivurunko 2300x600 mm Kasteni pientavarahyllyyn K\u00c4YTETTY \u2014 kohtuulliseen hintaan. Toimitukset kaikkialle Suomeen! \u261b Tutustu tuotteeseen ja tilaa k\u00e4tev\u00e4sti STORIT-verkkokaupasta!","breadcrumb":{"@id":"https:\/\/storitgroup.com\/fi\/tuote\/sivurunko-2300x600-mm-kasteni-pientavarahyllyyn-kaytetty\/#breadcrumb"},"inLanguage":"fi","potentialAction":[{"@type":"ReadAction","target":["https:\/\/storitgroup.com\/fi\/tuote\/sivurunko-2300x600-mm-kasteni-pientavarahyllyyn-kaytetty\/"]}]},{"@type":"ImageObject","inLanguage":"fi","@id":"https:\/\/storitgroup.com\/fi\/tuote\/sivurunko-2300x600-mm-kasteni-pientavarahyllyyn-kaytetty\/#primaryimage","url":"https:\/\/storitgroup.com\/uploads\/2026\/04\/3.png","contentUrl":"https:\/\/storitgroup.com\/uploads\/2026\/04\/3.png","width":1536,"height":2048},{"@type":"BreadcrumbList","@id":"https:\/\/storitgroup.com\/fi\/tuote\/sivurunko-2300x600-mm-kasteni-pientavarahyllyyn-kaytetty\/#breadcrumb","itemListElement":[{"@type":"ListItem","position":1,"name":"Kotisivu","item":"https:\/\/storitgroup.com\/fi\/"},{"@type":"ListItem","position":2,"name":"Tuotteet","item":"https:\/\/storitgroup.com\/fi\/tuotteet\/"},{"@type":"ListItem","position":3,"name":"Varastohyllyt, v\u00e4litasot","item":"https:\/\/storitgroup.com\/fi\/tuotteet\/varastohyllyt-valitasot\/"},{"@type":"ListItem","position":4,"name":"K\u00e4ytetyt hyllyt","item":"https:\/\/storitgroup.com\/fi\/tuotteet\/varastohyllyt-valitasot\/kaytetyt-hyllyt\/"},{"@type":"ListItem","position":5,"name":"Sivurunko 2300&#215;600 mm Kasteni pientavarahyllyyn K\u00c4YTETTY"}]},{"@type":"WebSite","@id":"https:\/\/storitgroup.com\/fi\/#website","url":"https:\/\/storitgroup.com\/fi\/","name":"Storit","description":"","potentialAction":[{"@type":"SearchAction","target":{"@type":"EntryPoint","urlTemplate":"https:\/\/storitgroup.com\/fi\/?s={search_term_string}"},"query-input":{"@type":"PropertyValueSpecification","valueRequired":true,"valueName":"search_term_string"}}],"inLanguage":"fi"}]}},"_links":{"self":[{"href":"https:\/\/storitgroup.com\/fi\/wp-json\/wp\/v2\/product\/225685","targetHints":{"allow":["GET"]}}],"collection":[{"href":"https:\/\/storitgroup.com\/fi\/wp-json\/wp\/v2\/product"}],"about":[{"href":"https:\/\/storitgroup.com\/fi\/wp-json\/wp\/v2\/types\/product"}],"wp:featuredmedia":[{"embeddable":true,"href":"https:\/\/storitgroup.com\/fi\/wp-json\/wp\/v2\/media\/225688"}],"wp:attachment":[{"href":"https:\/\/storitgroup.com\/fi\/wp-json\/wp\/v2\/media?parent=225685"}],"wp:term":[{"taxonomy":"product_brand","embeddable":true,"href":"https:\/\/storitgroup.com\/fi\/wp-json\/wp\/v2\/product_brand?post=225685"},{"taxonomy":"product_cat","embeddable":true,"href":"https:\/\/storitgroup.com\/fi\/wp-json\/wp\/v2\/product_cat?post=225685"},{"taxonomy":"product_tag","embeddable":true,"href":"https:\/\/storitgroup.com\/fi\/wp-json\/wp\/v2\/product_tag?post=225685"}],"curies":[{"name":"wp","href":"https:\/\/api.w.org\/{rel}","templated":true}]}}