{"id":225196,"date":"2026-03-16T11:23:10","date_gmt":"2026-03-16T09:23:10","guid":{"rendered":"https:\/\/storitgroup.com\/?post_type=product&#038;p=225196"},"modified":"2026-04-10T11:40:08","modified_gmt":"2026-04-10T08:40:08","slug":"seinakaappi-storit-30-matkapuhelimelle-400x450x250-mm-ral7035-pleksi","status":"publish","type":"product","link":"https:\/\/storitgroup.com\/fi\/tuote\/seinakaappi-storit-30-matkapuhelimelle-400x450x250-mm-ral7035-pleksi\/","title":{"rendered":"Sein\u00e4kaappi Storit 30 matkapuhelimelle 400x450x250 mm, RAL7035\/pleksi"},"content":{"rendered":"<p>Matkapuhelinkaappi on moderni ratkaisu kouluille, jotka haluavat auttaa oppilaita keskittym\u00e4\u00e4n paremmin, ja tietenkin puhelimetkin tarvitsevat v\u00e4lill\u00e4 pienen tauon. \u00c4lylaitteet sijoitetaan erityisiin vaahtomuovisiin lokeroihin, jotka suojaavat niit\u00e4 naarmuilta ja vaurioilta. Ovi lukitaan, jotta s\u00e4ilytett\u00e4vi\u00e4 puhelimia voidaan hallita t\u00e4ysin.<\/p>\n<p>&#8211; S\u00e4ilytt\u00e4\u00e4 30 \u00e4lypuhelinta.<br \/>&#8211; Tukeva hitsattu runko on valmistettu jauhemaalatusta ter\u00e4slevyst\u00e4, joka on k\u00e4sitelty zirkoniumkonversiopinnoitteella.<br \/>&#8211; Ovi 1,5 mm paksusta ter\u00e4ksest\u00e4, pleksilasilla.<br \/>&#8211; Sylinterilukko kahdella avaimella.<br \/>&#8211; 2 kiinte\u00e4\u00e4 hylly\u00e4 vaahtomuovilokeroilla.<br \/>&#8211; Takasein\u00e4ss\u00e4 kiinnitysrei\u00e4t sein\u00e4asennusta varten, kiinnitystarvikkeet mukana.<br \/>&#8211; 16 eri RAL-v\u00e4ri\u00e4 ilman lis\u00e4maksua.<br \/>&#8211; 10 vuoden takuu, joka tekee kaapista luotettavan ja pitk\u00e4aikaisen investoinnin.<\/p>\n","protected":false},"excerpt":{"rendered":"<p>Matkapuhelinkaappi on moderni ratkaisu kouluille, jotka haluavat auttaa oppilaita keskittym\u00e4\u00e4n paremmin, ja tietenkin puhelimetkin tarvitsevat v\u00e4lill\u00e4 pienen tauon. \u00c4lylaitteet sijoitetaan erityisiin vaahtomuovisiin lokeroihin, jotka suojaavat niit\u00e4 naarmuilta ja vaurioilta. Ovi lukitaan, jotta s\u00e4ilytett\u00e4vi\u00e4 puhelimia voidaan hallita t\u00e4ysin.<\/p>\n<p>&#8211; S\u00e4ilytt\u00e4\u00e4 30 \u00e4lypuhelinta.<\/p>\n","protected":false},"featured_media":225220,"template":"","meta":{"_acf_changed":false},"product_brand":[],"product_cat":[7073],"product_tag":[],"class_list":{"0":"post-225196","1":"product","2":"type-product","3":"status-publish","4":"has-post-thumbnail","6":"product_room-pukuhuone","7":"product_room-toimisto","8":"product_room-koulut-ja-paivakodit","9":"product_cat-lokerokaapit","11":"first","12":"onbackorder","13":"taxable","14":"shipping-taxable","15":"purchasable","16":"product-type-simple"},"acf":[],"yoast_head":"<!-- This site is optimized with the Yoast SEO plugin v27.3 - https:\/\/yoast.com\/product\/yoast-seo-wordpress\/ -->\n<title>Sein\u00e4kaappi Storit 30 matkapuhelimelle 400x450x250 mm, RAL7035\/pleksi &#8226; Storit<\/title>\n<meta name=\"description\" content=\"Sein\u00e4kaappi Storit 30 matkapuhelimelle 400x450x250 mm, RAL7035\/pleksi \u2014 kohtuulliseen hintaan. Toimitukset kaikkialle Suomeen! \u261b Tutustu tuotteeseen ja tilaa k\u00e4tev\u00e4sti STORIT-verkkokaupasta!\" \/>\n<meta name=\"robots\" content=\"index, follow, max-snippet:-1, max-image-preview:large, max-video-preview:-1\" \/>\n<link rel=\"canonical\" href=\"https:\/\/storitgroup.com\/fi\/tuote\/seinakaappi-storit-30-matkapuhelimelle-400x450x250-mm-ral7035-pleksi\/\" \/>\n<meta property=\"og:locale\" content=\"fi_FI\" \/>\n<meta property=\"og:type\" content=\"article\" \/>\n<meta property=\"og:title\" content=\"Sein\u00e4kaappi Storit 30 matkapuhelimelle 400x450x250 mm, RAL7035\/pleksi &#8226; Storit\" \/>\n<meta property=\"og:description\" content=\"Sein\u00e4kaappi Storit 30 matkapuhelimelle 400x450x250 mm, RAL7035\/pleksi \u2014 kohtuulliseen hintaan. Toimitukset kaikkialle Suomeen! \u261b Tutustu tuotteeseen ja tilaa k\u00e4tev\u00e4sti STORIT-verkkokaupasta!\" \/>\n<meta property=\"og:url\" content=\"https:\/\/storitgroup.com\/fi\/tuote\/seinakaappi-storit-30-matkapuhelimelle-400x450x250-mm-ral7035-pleksi\/\" \/>\n<meta property=\"og:site_name\" content=\"Storit\" \/>\n<meta property=\"article:modified_time\" content=\"2026-04-10T08:40:08+00:00\" \/>\n<meta property=\"og:image\" content=\"https:\/\/storitgroup.com\/uploads\/2026\/03\/ska30_1.jpg\" \/>\n\t<meta property=\"og:image:width\" content=\"503\" \/>\n\t<meta property=\"og:image:height\" content=\"400\" \/>\n\t<meta property=\"og:image:type\" content=\"image\/jpeg\" \/>\n<meta name=\"twitter:card\" content=\"summary_large_image\" \/>\n<meta name=\"twitter:label1\" content=\"Arvioitu lukuaika\" \/>\n\t<meta name=\"twitter:data1\" content=\"1 minuutti\" \/>\n<script type=\"application\/ld+json\" class=\"yoast-schema-graph\">{\"@context\":\"https:\\\/\\\/schema.org\",\"@graph\":[{\"@type\":[\"WebPage\",\"ItemPage\"],\"@id\":\"https:\\\/\\\/storitgroup.com\\\/fi\\\/tuote\\\/seinakaappi-storit-30-matkapuhelimelle-400x450x250-mm-ral7035-pleksi\\\/\",\"url\":\"https:\\\/\\\/storitgroup.com\\\/fi\\\/tuote\\\/seinakaappi-storit-30-matkapuhelimelle-400x450x250-mm-ral7035-pleksi\\\/\",\"name\":\"Sein\u00e4kaappi Storit 30 matkapuhelimelle 400x450x250 mm, RAL7035\\\/pleksi &#8226; Storit\",\"isPartOf\":{\"@id\":\"https:\\\/\\\/storitgroup.com\\\/fi\\\/#website\"},\"primaryImageOfPage\":{\"@id\":\"https:\\\/\\\/storitgroup.com\\\/fi\\\/tuote\\\/seinakaappi-storit-30-matkapuhelimelle-400x450x250-mm-ral7035-pleksi\\\/#primaryimage\"},\"image\":{\"@id\":\"https:\\\/\\\/storitgroup.com\\\/fi\\\/tuote\\\/seinakaappi-storit-30-matkapuhelimelle-400x450x250-mm-ral7035-pleksi\\\/#primaryimage\"},\"thumbnailUrl\":\"https:\\\/\\\/storitgroup.com\\\/uploads\\\/2026\\\/03\\\/ska30_1.jpg\",\"datePublished\":\"2026-03-16T09:23:10+00:00\",\"dateModified\":\"2026-04-10T08:40:08+00:00\",\"description\":\"Sein\u00e4kaappi Storit 30 matkapuhelimelle 400x450x250 mm, RAL7035\\\/pleksi \u2014 kohtuulliseen hintaan. Toimitukset kaikkialle Suomeen! \u261b Tutustu tuotteeseen ja tilaa k\u00e4tev\u00e4sti STORIT-verkkokaupasta!\",\"breadcrumb\":{\"@id\":\"https:\\\/\\\/storitgroup.com\\\/fi\\\/tuote\\\/seinakaappi-storit-30-matkapuhelimelle-400x450x250-mm-ral7035-pleksi\\\/#breadcrumb\"},\"inLanguage\":\"fi\",\"potentialAction\":[{\"@type\":\"ReadAction\",\"target\":[\"https:\\\/\\\/storitgroup.com\\\/fi\\\/tuote\\\/seinakaappi-storit-30-matkapuhelimelle-400x450x250-mm-ral7035-pleksi\\\/\"]}]},{\"@type\":\"ImageObject\",\"inLanguage\":\"fi\",\"@id\":\"https:\\\/\\\/storitgroup.com\\\/fi\\\/tuote\\\/seinakaappi-storit-30-matkapuhelimelle-400x450x250-mm-ral7035-pleksi\\\/#primaryimage\",\"url\":\"https:\\\/\\\/storitgroup.com\\\/uploads\\\/2026\\\/03\\\/ska30_1.jpg\",\"contentUrl\":\"https:\\\/\\\/storitgroup.com\\\/uploads\\\/2026\\\/03\\\/ska30_1.jpg\",\"width\":503,\"height\":400},{\"@type\":\"BreadcrumbList\",\"@id\":\"https:\\\/\\\/storitgroup.com\\\/fi\\\/tuote\\\/seinakaappi-storit-30-matkapuhelimelle-400x450x250-mm-ral7035-pleksi\\\/#breadcrumb\",\"itemListElement\":[{\"@type\":\"ListItem\",\"position\":1,\"name\":\"Kotisivu\",\"item\":\"https:\\\/\\\/storitgroup.com\\\/fi\\\/\"},{\"@type\":\"ListItem\",\"position\":2,\"name\":\"Tuotteet\",\"item\":\"https:\\\/\\\/storitgroup.com\\\/fi\\\/tuotteet\\\/\"},{\"@type\":\"ListItem\",\"position\":3,\"name\":\"Metallikaapit, pukukaapit\",\"item\":\"https:\\\/\\\/storitgroup.com\\\/fi\\\/metallikaapit-pukukaapit\\\/\"},{\"@type\":\"ListItem\",\"position\":4,\"name\":\"Lokerokaapit\",\"item\":\"https:\\\/\\\/storitgroup.com\\\/fi\\\/metallikaapit-pukukaapit\\\/lokerokaapit\\\/\"},{\"@type\":\"ListItem\",\"position\":5,\"name\":\"Sein\u00e4kaappi Storit 30 matkapuhelimelle 400x450x250 mm, RAL7035\\\/pleksi\"}]},{\"@type\":\"WebSite\",\"@id\":\"https:\\\/\\\/storitgroup.com\\\/fi\\\/#website\",\"url\":\"https:\\\/\\\/storitgroup.com\\\/fi\\\/\",\"name\":\"Storit\",\"description\":\"\",\"potentialAction\":[{\"@type\":\"SearchAction\",\"target\":{\"@type\":\"EntryPoint\",\"urlTemplate\":\"https:\\\/\\\/storitgroup.com\\\/fi\\\/?s={search_term_string}\"},\"query-input\":{\"@type\":\"PropertyValueSpecification\",\"valueRequired\":true,\"valueName\":\"search_term_string\"}}],\"inLanguage\":\"fi\"}]}<\/script>\n<!-- \/ Yoast SEO plugin. -->","yoast_head_json":{"title":"Sein\u00e4kaappi Storit 30 matkapuhelimelle 400x450x250 mm, RAL7035\/pleksi &#8226; Storit","description":"Sein\u00e4kaappi Storit 30 matkapuhelimelle 400x450x250 mm, RAL7035\/pleksi \u2014 kohtuulliseen hintaan. Toimitukset kaikkialle Suomeen! \u261b Tutustu tuotteeseen ja tilaa k\u00e4tev\u00e4sti STORIT-verkkokaupasta!","robots":{"index":"index","follow":"follow","max-snippet":"max-snippet:-1","max-image-preview":"max-image-preview:large","max-video-preview":"max-video-preview:-1"},"canonical":"https:\/\/storitgroup.com\/fi\/tuote\/seinakaappi-storit-30-matkapuhelimelle-400x450x250-mm-ral7035-pleksi\/","og_locale":"fi_FI","og_type":"article","og_title":"Sein\u00e4kaappi Storit 30 matkapuhelimelle 400x450x250 mm, RAL7035\/pleksi &#8226; Storit","og_description":"Sein\u00e4kaappi Storit 30 matkapuhelimelle 400x450x250 mm, RAL7035\/pleksi \u2014 kohtuulliseen hintaan. Toimitukset kaikkialle Suomeen! \u261b Tutustu tuotteeseen ja tilaa k\u00e4tev\u00e4sti STORIT-verkkokaupasta!","og_url":"https:\/\/storitgroup.com\/fi\/tuote\/seinakaappi-storit-30-matkapuhelimelle-400x450x250-mm-ral7035-pleksi\/","og_site_name":"Storit","article_modified_time":"2026-04-10T08:40:08+00:00","og_image":[{"width":503,"height":400,"url":"https:\/\/storitgroup.com\/uploads\/2026\/03\/ska30_1.jpg","type":"image\/jpeg"}],"twitter_card":"summary_large_image","twitter_misc":{"Arvioitu lukuaika":"1 minuutti"},"schema":{"@context":"https:\/\/schema.org","@graph":[{"@type":["WebPage","ItemPage"],"@id":"https:\/\/storitgroup.com\/fi\/tuote\/seinakaappi-storit-30-matkapuhelimelle-400x450x250-mm-ral7035-pleksi\/","url":"https:\/\/storitgroup.com\/fi\/tuote\/seinakaappi-storit-30-matkapuhelimelle-400x450x250-mm-ral7035-pleksi\/","name":"Sein\u00e4kaappi Storit 30 matkapuhelimelle 400x450x250 mm, RAL7035\/pleksi &#8226; Storit","isPartOf":{"@id":"https:\/\/storitgroup.com\/fi\/#website"},"primaryImageOfPage":{"@id":"https:\/\/storitgroup.com\/fi\/tuote\/seinakaappi-storit-30-matkapuhelimelle-400x450x250-mm-ral7035-pleksi\/#primaryimage"},"image":{"@id":"https:\/\/storitgroup.com\/fi\/tuote\/seinakaappi-storit-30-matkapuhelimelle-400x450x250-mm-ral7035-pleksi\/#primaryimage"},"thumbnailUrl":"https:\/\/storitgroup.com\/uploads\/2026\/03\/ska30_1.jpg","datePublished":"2026-03-16T09:23:10+00:00","dateModified":"2026-04-10T08:40:08+00:00","description":"Sein\u00e4kaappi Storit 30 matkapuhelimelle 400x450x250 mm, RAL7035\/pleksi \u2014 kohtuulliseen hintaan. Toimitukset kaikkialle Suomeen! \u261b Tutustu tuotteeseen ja tilaa k\u00e4tev\u00e4sti STORIT-verkkokaupasta!","breadcrumb":{"@id":"https:\/\/storitgroup.com\/fi\/tuote\/seinakaappi-storit-30-matkapuhelimelle-400x450x250-mm-ral7035-pleksi\/#breadcrumb"},"inLanguage":"fi","potentialAction":[{"@type":"ReadAction","target":["https:\/\/storitgroup.com\/fi\/tuote\/seinakaappi-storit-30-matkapuhelimelle-400x450x250-mm-ral7035-pleksi\/"]}]},{"@type":"ImageObject","inLanguage":"fi","@id":"https:\/\/storitgroup.com\/fi\/tuote\/seinakaappi-storit-30-matkapuhelimelle-400x450x250-mm-ral7035-pleksi\/#primaryimage","url":"https:\/\/storitgroup.com\/uploads\/2026\/03\/ska30_1.jpg","contentUrl":"https:\/\/storitgroup.com\/uploads\/2026\/03\/ska30_1.jpg","width":503,"height":400},{"@type":"BreadcrumbList","@id":"https:\/\/storitgroup.com\/fi\/tuote\/seinakaappi-storit-30-matkapuhelimelle-400x450x250-mm-ral7035-pleksi\/#breadcrumb","itemListElement":[{"@type":"ListItem","position":1,"name":"Kotisivu","item":"https:\/\/storitgroup.com\/fi\/"},{"@type":"ListItem","position":2,"name":"Tuotteet","item":"https:\/\/storitgroup.com\/fi\/tuotteet\/"},{"@type":"ListItem","position":3,"name":"Metallikaapit, pukukaapit","item":"https:\/\/storitgroup.com\/fi\/metallikaapit-pukukaapit\/"},{"@type":"ListItem","position":4,"name":"Lokerokaapit","item":"https:\/\/storitgroup.com\/fi\/metallikaapit-pukukaapit\/lokerokaapit\/"},{"@type":"ListItem","position":5,"name":"Sein\u00e4kaappi Storit 30 matkapuhelimelle 400x450x250 mm, RAL7035\/pleksi"}]},{"@type":"WebSite","@id":"https:\/\/storitgroup.com\/fi\/#website","url":"https:\/\/storitgroup.com\/fi\/","name":"Storit","description":"","potentialAction":[{"@type":"SearchAction","target":{"@type":"EntryPoint","urlTemplate":"https:\/\/storitgroup.com\/fi\/?s={search_term_string}"},"query-input":{"@type":"PropertyValueSpecification","valueRequired":true,"valueName":"search_term_string"}}],"inLanguage":"fi"}]}},"_links":{"self":[{"href":"https:\/\/storitgroup.com\/fi\/wp-json\/wp\/v2\/product\/225196","targetHints":{"allow":["GET"]}}],"collection":[{"href":"https:\/\/storitgroup.com\/fi\/wp-json\/wp\/v2\/product"}],"about":[{"href":"https:\/\/storitgroup.com\/fi\/wp-json\/wp\/v2\/types\/product"}],"wp:featuredmedia":[{"embeddable":true,"href":"https:\/\/storitgroup.com\/fi\/wp-json\/wp\/v2\/media\/225220"}],"wp:attachment":[{"href":"https:\/\/storitgroup.com\/fi\/wp-json\/wp\/v2\/media?parent=225196"}],"wp:term":[{"taxonomy":"product_brand","embeddable":true,"href":"https:\/\/storitgroup.com\/fi\/wp-json\/wp\/v2\/product_brand?post=225196"},{"taxonomy":"product_cat","embeddable":true,"href":"https:\/\/storitgroup.com\/fi\/wp-json\/wp\/v2\/product_cat?post=225196"},{"taxonomy":"product_tag","embeddable":true,"href":"https:\/\/storitgroup.com\/fi\/wp-json\/wp\/v2\/product_tag?post=225196"}],"curies":[{"name":"wp","href":"https:\/\/api.w.org\/{rel}","templated":true}]}}