{"id":224532,"date":"2025-12-31T18:36:53","date_gmt":"2025-12-31T16:36:53","guid":{"rendered":"https:\/\/storitgroup.com\/product\/pumppukarry-pitka-acl30-1800-mm-3000-kg\/"},"modified":"2026-04-21T11:36:23","modified_gmt":"2026-04-21T08:36:23","slug":"pumppukarry-pitka-acl30-1800-mm-3000-kg","status":"publish","type":"product","link":"https:\/\/storitgroup.com\/fi\/tuote\/pumppukarry-pitka-acl30-1800-mm-3000-kg\/","title":{"rendered":"Pumppuk\u00e4rry pitk\u00e4 ACL30, 1800 mm, 3000 kg"},"content":{"rendered":"<p>nostokyky: 3000 kg<br \/>haarukan pituus: 1800 mm<br \/>haarukan leveys: 540 mm<br \/>py\u00f6r\u00e4t ja rullat: nailonia<br \/>vakionosto<\/p>\n","protected":false},"excerpt":{"rendered":"<p>nostokyky: 3000 kg<br \/>\nhaarukan pituus: 1800 mm<br \/>\nhaarukan leveys: 540 mm<\/p>\n","protected":false},"featured_media":224498,"template":"","meta":{"_acf_changed":false},"product_brand":[],"product_cat":[7038],"product_tag":[],"class_list":{"0":"post-224532","1":"product","2":"type-product","3":"status-publish","4":"has-post-thumbnail","6":"product_cat-manuaaliset-haarukkavaunut-pumppukarryt","8":"first","9":"onbackorder","10":"taxable","11":"shipping-taxable","12":"purchasable","13":"product-type-simple"},"acf":[],"yoast_head":"<!-- This site is optimized with the Yoast SEO plugin v27.4 - https:\/\/yoast.com\/product\/yoast-seo-wordpress\/ -->\n<title>Pumppuk\u00e4rry pitk\u00e4 ACL30, 1800 mm, 3000 kg &#8226; Storit<\/title>\n<meta name=\"description\" content=\"Pumppuk\u00e4rry pitk\u00e4 ACL30, 1800 mm, 3000 kg \u2014 kohtuulliseen hintaan. Toimitukset kaikkialle Suomeen! \u261b Tutustu tuotteeseen ja tilaa k\u00e4tev\u00e4sti STORIT-verkkokaupasta!\" \/>\n<meta name=\"robots\" content=\"index, follow, max-snippet:-1, max-image-preview:large, max-video-preview:-1\" \/>\n<link rel=\"canonical\" href=\"https:\/\/storitgroup.com\/fi\/tuote\/pumppukarry-pitka-acl30-1800-mm-3000-kg\/\" \/>\n<meta property=\"og:locale\" content=\"fi_FI\" \/>\n<meta property=\"og:type\" content=\"article\" \/>\n<meta property=\"og:title\" content=\"Pumppuk\u00e4rry pitk\u00e4 ACL30, 1800 mm, 3000 kg &#8226; Storit\" \/>\n<meta property=\"og:description\" content=\"Pumppuk\u00e4rry pitk\u00e4 ACL30, 1800 mm, 3000 kg \u2014 kohtuulliseen hintaan. Toimitukset kaikkialle Suomeen! \u261b Tutustu tuotteeseen ja tilaa k\u00e4tev\u00e4sti STORIT-verkkokaupasta!\" \/>\n<meta property=\"og:url\" content=\"https:\/\/storitgroup.com\/fi\/tuote\/pumppukarry-pitka-acl30-1800-mm-3000-kg\/\" \/>\n<meta property=\"og:site_name\" content=\"Storit\" \/>\n<meta property=\"article:modified_time\" content=\"2026-04-21T08:36:23+00:00\" \/>\n<meta property=\"og:image\" content=\"https:\/\/storitgroup.com\/uploads\/2025\/11\/nob-3000kg-eest.jpg\" \/>\n\t<meta property=\"og:image:width\" content=\"676\" \/>\n\t<meta property=\"og:image:height\" content=\"491\" \/>\n\t<meta property=\"og:image:type\" content=\"image\/jpeg\" \/>\n<meta name=\"twitter:card\" content=\"summary_large_image\" \/>\n<script type=\"application\/ld+json\" class=\"yoast-schema-graph\">{\"@context\":\"https:\\\/\\\/schema.org\",\"@graph\":[{\"@type\":[\"WebPage\",\"ItemPage\"],\"@id\":\"https:\\\/\\\/storitgroup.com\\\/fi\\\/tuote\\\/pumppukarry-pitka-acl30-1800-mm-3000-kg\\\/\",\"url\":\"https:\\\/\\\/storitgroup.com\\\/fi\\\/tuote\\\/pumppukarry-pitka-acl30-1800-mm-3000-kg\\\/\",\"name\":\"Pumppuk\u00e4rry pitk\u00e4 ACL30, 1800 mm, 3000 kg &#8226; Storit\",\"isPartOf\":{\"@id\":\"https:\\\/\\\/storitgroup.com\\\/fi\\\/#website\"},\"primaryImageOfPage\":{\"@id\":\"https:\\\/\\\/storitgroup.com\\\/fi\\\/tuote\\\/pumppukarry-pitka-acl30-1800-mm-3000-kg\\\/#primaryimage\"},\"image\":{\"@id\":\"https:\\\/\\\/storitgroup.com\\\/fi\\\/tuote\\\/pumppukarry-pitka-acl30-1800-mm-3000-kg\\\/#primaryimage\"},\"thumbnailUrl\":\"https:\\\/\\\/storitgroup.com\\\/uploads\\\/2025\\\/11\\\/nob-3000kg-eest.jpg\",\"datePublished\":\"2025-12-31T16:36:53+00:00\",\"dateModified\":\"2026-04-21T08:36:23+00:00\",\"description\":\"Pumppuk\u00e4rry pitk\u00e4 ACL30, 1800 mm, 3000 kg \u2014 kohtuulliseen hintaan. Toimitukset kaikkialle Suomeen! \u261b Tutustu tuotteeseen ja tilaa k\u00e4tev\u00e4sti STORIT-verkkokaupasta!\",\"breadcrumb\":{\"@id\":\"https:\\\/\\\/storitgroup.com\\\/fi\\\/tuote\\\/pumppukarry-pitka-acl30-1800-mm-3000-kg\\\/#breadcrumb\"},\"inLanguage\":\"fi\",\"potentialAction\":[{\"@type\":\"ReadAction\",\"target\":[\"https:\\\/\\\/storitgroup.com\\\/fi\\\/tuote\\\/pumppukarry-pitka-acl30-1800-mm-3000-kg\\\/\"]}]},{\"@type\":\"ImageObject\",\"inLanguage\":\"fi\",\"@id\":\"https:\\\/\\\/storitgroup.com\\\/fi\\\/tuote\\\/pumppukarry-pitka-acl30-1800-mm-3000-kg\\\/#primaryimage\",\"url\":\"https:\\\/\\\/storitgroup.com\\\/uploads\\\/2025\\\/11\\\/nob-3000kg-eest.jpg\",\"contentUrl\":\"https:\\\/\\\/storitgroup.com\\\/uploads\\\/2025\\\/11\\\/nob-3000kg-eest.jpg\",\"width\":676,\"height\":491},{\"@type\":\"BreadcrumbList\",\"@id\":\"https:\\\/\\\/storitgroup.com\\\/fi\\\/tuote\\\/pumppukarry-pitka-acl30-1800-mm-3000-kg\\\/#breadcrumb\",\"itemListElement\":[{\"@type\":\"ListItem\",\"position\":1,\"name\":\"Kotisivu\",\"item\":\"https:\\\/\\\/storitgroup.com\\\/fi\\\/\"},{\"@type\":\"ListItem\",\"position\":2,\"name\":\"Tuotteet\",\"item\":\"https:\\\/\\\/storitgroup.com\\\/fi\\\/tuotteet\\\/\"},{\"@type\":\"ListItem\",\"position\":3,\"name\":\"Varastotrukit, nostolavat, tarvikkeet\",\"item\":\"https:\\\/\\\/storitgroup.com\\\/fi\\\/tuotteet\\\/varastotrukit-nostolavat-tarvikkeet\\\/\"},{\"@type\":\"ListItem\",\"position\":4,\"name\":\"Haarukkavaunut, pumppuk\u00e4rryt ja lavansiirt\u00e4j\u00e4t\",\"item\":\"https:\\\/\\\/storitgroup.com\\\/fi\\\/tuotteet\\\/varastotrukit-nostolavat-tarvikkeet\\\/haarukkavaunut-pumppukarryt-ja-lavansiirtajat\\\/\"},{\"@type\":\"ListItem\",\"position\":5,\"name\":\"Manuaaliset haarukkavaunut, pumppuk\u00e4rryt\",\"item\":\"https:\\\/\\\/storitgroup.com\\\/fi\\\/tuotteet\\\/varastotrukit-nostolavat-tarvikkeet\\\/haarukkavaunut-pumppukarryt-ja-lavansiirtajat\\\/manuaaliset-haarukkavaunut-pumppukarryt\\\/\"},{\"@type\":\"ListItem\",\"position\":6,\"name\":\"Pumppuk\u00e4rry pitk\u00e4 ACL30, 1800 mm, 3000 kg\"}]},{\"@type\":\"WebSite\",\"@id\":\"https:\\\/\\\/storitgroup.com\\\/fi\\\/#website\",\"url\":\"https:\\\/\\\/storitgroup.com\\\/fi\\\/\",\"name\":\"Storit\",\"description\":\"\",\"potentialAction\":[{\"@type\":\"SearchAction\",\"target\":{\"@type\":\"EntryPoint\",\"urlTemplate\":\"https:\\\/\\\/storitgroup.com\\\/fi\\\/?s={search_term_string}\"},\"query-input\":{\"@type\":\"PropertyValueSpecification\",\"valueRequired\":true,\"valueName\":\"search_term_string\"}}],\"inLanguage\":\"fi\"}]}<\/script>\n<!-- \/ Yoast SEO plugin. -->","yoast_head_json":{"title":"Pumppuk\u00e4rry pitk\u00e4 ACL30, 1800 mm, 3000 kg &#8226; Storit","description":"Pumppuk\u00e4rry pitk\u00e4 ACL30, 1800 mm, 3000 kg \u2014 kohtuulliseen hintaan. Toimitukset kaikkialle Suomeen! \u261b Tutustu tuotteeseen ja tilaa k\u00e4tev\u00e4sti STORIT-verkkokaupasta!","robots":{"index":"index","follow":"follow","max-snippet":"max-snippet:-1","max-image-preview":"max-image-preview:large","max-video-preview":"max-video-preview:-1"},"canonical":"https:\/\/storitgroup.com\/fi\/tuote\/pumppukarry-pitka-acl30-1800-mm-3000-kg\/","og_locale":"fi_FI","og_type":"article","og_title":"Pumppuk\u00e4rry pitk\u00e4 ACL30, 1800 mm, 3000 kg &#8226; Storit","og_description":"Pumppuk\u00e4rry pitk\u00e4 ACL30, 1800 mm, 3000 kg \u2014 kohtuulliseen hintaan. Toimitukset kaikkialle Suomeen! \u261b Tutustu tuotteeseen ja tilaa k\u00e4tev\u00e4sti STORIT-verkkokaupasta!","og_url":"https:\/\/storitgroup.com\/fi\/tuote\/pumppukarry-pitka-acl30-1800-mm-3000-kg\/","og_site_name":"Storit","article_modified_time":"2026-04-21T08:36:23+00:00","og_image":[{"width":676,"height":491,"url":"https:\/\/storitgroup.com\/uploads\/2025\/11\/nob-3000kg-eest.jpg","type":"image\/jpeg"}],"twitter_card":"summary_large_image","schema":{"@context":"https:\/\/schema.org","@graph":[{"@type":["WebPage","ItemPage"],"@id":"https:\/\/storitgroup.com\/fi\/tuote\/pumppukarry-pitka-acl30-1800-mm-3000-kg\/","url":"https:\/\/storitgroup.com\/fi\/tuote\/pumppukarry-pitka-acl30-1800-mm-3000-kg\/","name":"Pumppuk\u00e4rry pitk\u00e4 ACL30, 1800 mm, 3000 kg &#8226; Storit","isPartOf":{"@id":"https:\/\/storitgroup.com\/fi\/#website"},"primaryImageOfPage":{"@id":"https:\/\/storitgroup.com\/fi\/tuote\/pumppukarry-pitka-acl30-1800-mm-3000-kg\/#primaryimage"},"image":{"@id":"https:\/\/storitgroup.com\/fi\/tuote\/pumppukarry-pitka-acl30-1800-mm-3000-kg\/#primaryimage"},"thumbnailUrl":"https:\/\/storitgroup.com\/uploads\/2025\/11\/nob-3000kg-eest.jpg","datePublished":"2025-12-31T16:36:53+00:00","dateModified":"2026-04-21T08:36:23+00:00","description":"Pumppuk\u00e4rry pitk\u00e4 ACL30, 1800 mm, 3000 kg \u2014 kohtuulliseen hintaan. Toimitukset kaikkialle Suomeen! \u261b Tutustu tuotteeseen ja tilaa k\u00e4tev\u00e4sti STORIT-verkkokaupasta!","breadcrumb":{"@id":"https:\/\/storitgroup.com\/fi\/tuote\/pumppukarry-pitka-acl30-1800-mm-3000-kg\/#breadcrumb"},"inLanguage":"fi","potentialAction":[{"@type":"ReadAction","target":["https:\/\/storitgroup.com\/fi\/tuote\/pumppukarry-pitka-acl30-1800-mm-3000-kg\/"]}]},{"@type":"ImageObject","inLanguage":"fi","@id":"https:\/\/storitgroup.com\/fi\/tuote\/pumppukarry-pitka-acl30-1800-mm-3000-kg\/#primaryimage","url":"https:\/\/storitgroup.com\/uploads\/2025\/11\/nob-3000kg-eest.jpg","contentUrl":"https:\/\/storitgroup.com\/uploads\/2025\/11\/nob-3000kg-eest.jpg","width":676,"height":491},{"@type":"BreadcrumbList","@id":"https:\/\/storitgroup.com\/fi\/tuote\/pumppukarry-pitka-acl30-1800-mm-3000-kg\/#breadcrumb","itemListElement":[{"@type":"ListItem","position":1,"name":"Kotisivu","item":"https:\/\/storitgroup.com\/fi\/"},{"@type":"ListItem","position":2,"name":"Tuotteet","item":"https:\/\/storitgroup.com\/fi\/tuotteet\/"},{"@type":"ListItem","position":3,"name":"Varastotrukit, nostolavat, tarvikkeet","item":"https:\/\/storitgroup.com\/fi\/tuotteet\/varastotrukit-nostolavat-tarvikkeet\/"},{"@type":"ListItem","position":4,"name":"Haarukkavaunut, pumppuk\u00e4rryt ja lavansiirt\u00e4j\u00e4t","item":"https:\/\/storitgroup.com\/fi\/tuotteet\/varastotrukit-nostolavat-tarvikkeet\/haarukkavaunut-pumppukarryt-ja-lavansiirtajat\/"},{"@type":"ListItem","position":5,"name":"Manuaaliset haarukkavaunut, pumppuk\u00e4rryt","item":"https:\/\/storitgroup.com\/fi\/tuotteet\/varastotrukit-nostolavat-tarvikkeet\/haarukkavaunut-pumppukarryt-ja-lavansiirtajat\/manuaaliset-haarukkavaunut-pumppukarryt\/"},{"@type":"ListItem","position":6,"name":"Pumppuk\u00e4rry pitk\u00e4 ACL30, 1800 mm, 3000 kg"}]},{"@type":"WebSite","@id":"https:\/\/storitgroup.com\/fi\/#website","url":"https:\/\/storitgroup.com\/fi\/","name":"Storit","description":"","potentialAction":[{"@type":"SearchAction","target":{"@type":"EntryPoint","urlTemplate":"https:\/\/storitgroup.com\/fi\/?s={search_term_string}"},"query-input":{"@type":"PropertyValueSpecification","valueRequired":true,"valueName":"search_term_string"}}],"inLanguage":"fi"}]}},"_links":{"self":[{"href":"https:\/\/storitgroup.com\/fi\/wp-json\/wp\/v2\/product\/224532","targetHints":{"allow":["GET"]}}],"collection":[{"href":"https:\/\/storitgroup.com\/fi\/wp-json\/wp\/v2\/product"}],"about":[{"href":"https:\/\/storitgroup.com\/fi\/wp-json\/wp\/v2\/types\/product"}],"wp:featuredmedia":[{"embeddable":true,"href":"https:\/\/storitgroup.com\/fi\/wp-json\/wp\/v2\/media\/224498"}],"wp:attachment":[{"href":"https:\/\/storitgroup.com\/fi\/wp-json\/wp\/v2\/media?parent=224532"}],"wp:term":[{"taxonomy":"product_brand","embeddable":true,"href":"https:\/\/storitgroup.com\/fi\/wp-json\/wp\/v2\/product_brand?post=224532"},{"taxonomy":"product_cat","embeddable":true,"href":"https:\/\/storitgroup.com\/fi\/wp-json\/wp\/v2\/product_cat?post=224532"},{"taxonomy":"product_tag","embeddable":true,"href":"https:\/\/storitgroup.com\/fi\/wp-json\/wp\/v2\/product_tag?post=224532"}],"curies":[{"name":"wp","href":"https:\/\/api.w.org\/{rel}","templated":true}]}}