{"id":224366,"date":"2025-12-12T11:16:13","date_gmt":"2025-12-12T09:16:13","guid":{"rendered":"https:\/\/storitgroup.com\/product\/puolisahkoinen-itsenostuva-pinoamisvaunu-staxx-vango-1000\/"},"modified":"2026-04-03T14:51:06","modified_gmt":"2026-04-03T11:51:06","slug":"puolisahkoinen-itsenostuva-pinoamisvaunu-staxx-vango-1000","status":"publish","type":"product","link":"https:\/\/storitgroup.com\/fi\/tuote\/puolisahkoinen-itsenostuva-pinoamisvaunu-staxx-vango-1000\/","title":{"rendered":"Puolis\u00e4hk\u00f6inen itsenostuva pinoamisvaunu Staxx Vango 1000"},"content":{"rendered":"<p>Nostokorkeus 1300<\/br>Nostokyky 1000 kg<\/br>Maston korkeus suljettuna: 1666 mm<\/br>K\u00e4\u00e4nt\u00f6s\u00e4de: 1100 mm<\/br> Nostomoottori: 1,6 kW<\/br>Paino akun kanssa 305 kg<\/br>Akku 12V\/45Ah, paino 13,5 kg<\/br>Ulkoinen laturi 12V\/8A<\/p>\n","protected":false},"excerpt":{"rendered":"<p>Nostokorkeus 1300Nostokyky 1000 kgMaston korkeus suljettuna: 1666 mmK\u00e4\u00e4nt\u00f6s\u00e4de: 1100 mm Nostomoottori: 1,6 kWPaino akun kanssa 305 kgAkku 12V\/45Ah, paino 13,5 kgUlkoinen laturi 12V\/8A<\/p>\n","protected":false},"featured_media":220398,"template":"","meta":{"_acf_changed":false},"product_brand":[],"product_cat":[7043],"product_tag":[],"class_list":{"0":"post-224366","1":"product","2":"type-product","3":"status-publish","4":"has-post-thumbnail","6":"product_room-pieni-varasto","7":"product_room-nostovalinet","8":"product_cat-kasikayttoiset-ja-sahkoiset-pinoamisvaunut","10":"first","11":"instock","12":"taxable","13":"shipping-taxable","14":"purchasable","15":"product-type-simple"},"acf":[],"yoast_head":"<!-- This site is optimized with the Yoast SEO plugin v27.2 - https:\/\/yoast.com\/product\/yoast-seo-wordpress\/ -->\n<title>Puolis\u00e4hk\u00f6inen itsenostuva pinoamisvaunu Staxx Vango 1000 &#8226; Storit<\/title>\n<meta name=\"description\" content=\"Puolis\u00e4hk\u00f6inen itsenostuva pinoamisvaunu Staxx Vango 1000 \u2014 kohtuulliseen hintaan. Toimitukset kaikkialle Suomeen! \u261b Tutustu tuotteeseen ja tilaa k\u00e4tev\u00e4sti STORIT-verkkokaupasta!\" \/>\n<meta name=\"robots\" content=\"index, follow, max-snippet:-1, max-image-preview:large, max-video-preview:-1\" \/>\n<link rel=\"canonical\" href=\"https:\/\/storitgroup.com\/fi\/tuote\/puolisahkoinen-itsenostuva-pinoamisvaunu-staxx-vango-1000\/\" \/>\n<meta property=\"og:locale\" content=\"fi_FI\" \/>\n<meta property=\"og:type\" content=\"article\" \/>\n<meta property=\"og:title\" content=\"Puolis\u00e4hk\u00f6inen itsenostuva pinoamisvaunu Staxx Vango 1000 &#8226; Storit\" \/>\n<meta property=\"og:description\" content=\"Puolis\u00e4hk\u00f6inen itsenostuva pinoamisvaunu Staxx Vango 1000 \u2014 kohtuulliseen hintaan. Toimitukset kaikkialle Suomeen! \u261b Tutustu tuotteeseen ja tilaa k\u00e4tev\u00e4sti STORIT-verkkokaupasta!\" \/>\n<meta property=\"og:url\" content=\"https:\/\/storitgroup.com\/fi\/tuote\/puolisahkoinen-itsenostuva-pinoamisvaunu-staxx-vango-1000\/\" \/>\n<meta property=\"og:site_name\" content=\"Storit\" \/>\n<meta property=\"article:modified_time\" content=\"2026-04-03T11:51:06+00:00\" \/>\n<meta property=\"og:image\" content=\"https:\/\/storitgroup.com\/uploads\/2024\/05\/virnastaja_poolelektriline_vango_1.png\" \/>\n\t<meta property=\"og:image:width\" content=\"1512\" \/>\n\t<meta property=\"og:image:height\" content=\"2016\" \/>\n\t<meta property=\"og:image:type\" content=\"image\/png\" \/>\n<meta name=\"twitter:card\" content=\"summary_large_image\" \/>\n<script type=\"application\/ld+json\" class=\"yoast-schema-graph\">{\"@context\":\"https:\/\/schema.org\",\"@graph\":[{\"@type\":[\"WebPage\",\"ItemPage\"],\"@id\":\"https:\/\/storitgroup.com\/fi\/tuote\/puolisahkoinen-itsenostuva-pinoamisvaunu-staxx-vango-1000\/\",\"url\":\"https:\/\/storitgroup.com\/fi\/tuote\/puolisahkoinen-itsenostuva-pinoamisvaunu-staxx-vango-1000\/\",\"name\":\"Puolis\u00e4hk\u00f6inen itsenostuva pinoamisvaunu Staxx Vango 1000 &#8226; Storit\",\"isPartOf\":{\"@id\":\"https:\/\/storitgroup.com\/fi\/#website\"},\"primaryImageOfPage\":{\"@id\":\"https:\/\/storitgroup.com\/fi\/tuote\/puolisahkoinen-itsenostuva-pinoamisvaunu-staxx-vango-1000\/#primaryimage\"},\"image\":{\"@id\":\"https:\/\/storitgroup.com\/fi\/tuote\/puolisahkoinen-itsenostuva-pinoamisvaunu-staxx-vango-1000\/#primaryimage\"},\"thumbnailUrl\":\"https:\/\/storitgroup.com\/uploads\/2024\/05\/virnastaja_poolelektriline_vango_1.png\",\"datePublished\":\"2025-12-12T09:16:13+00:00\",\"dateModified\":\"2026-04-03T11:51:06+00:00\",\"description\":\"Puolis\u00e4hk\u00f6inen itsenostuva pinoamisvaunu Staxx Vango 1000 \u2014 kohtuulliseen hintaan. Toimitukset kaikkialle Suomeen! \u261b Tutustu tuotteeseen ja tilaa k\u00e4tev\u00e4sti STORIT-verkkokaupasta!\",\"breadcrumb\":{\"@id\":\"https:\/\/storitgroup.com\/fi\/tuote\/puolisahkoinen-itsenostuva-pinoamisvaunu-staxx-vango-1000\/#breadcrumb\"},\"inLanguage\":\"fi\",\"potentialAction\":[{\"@type\":\"ReadAction\",\"target\":[\"https:\/\/storitgroup.com\/fi\/tuote\/puolisahkoinen-itsenostuva-pinoamisvaunu-staxx-vango-1000\/\"]}]},{\"@type\":\"ImageObject\",\"inLanguage\":\"fi\",\"@id\":\"https:\/\/storitgroup.com\/fi\/tuote\/puolisahkoinen-itsenostuva-pinoamisvaunu-staxx-vango-1000\/#primaryimage\",\"url\":\"https:\/\/storitgroup.com\/uploads\/2024\/05\/virnastaja_poolelektriline_vango_1.png\",\"contentUrl\":\"https:\/\/storitgroup.com\/uploads\/2024\/05\/virnastaja_poolelektriline_vango_1.png\",\"width\":1512,\"height\":2016},{\"@type\":\"BreadcrumbList\",\"@id\":\"https:\/\/storitgroup.com\/fi\/tuote\/puolisahkoinen-itsenostuva-pinoamisvaunu-staxx-vango-1000\/#breadcrumb\",\"itemListElement\":[{\"@type\":\"ListItem\",\"position\":1,\"name\":\"Kotisivu\",\"item\":\"https:\/\/storitgroup.com\/fi\/\"},{\"@type\":\"ListItem\",\"position\":2,\"name\":\"Tuotteet\",\"item\":\"https:\/\/storitgroup.com\/fi\/tuotteet\/\"},{\"@type\":\"ListItem\",\"position\":3,\"name\":\"Varastotrukit, nostolavat, tarvikkeet\",\"item\":\"https:\/\/storitgroup.com\/fi\/varastotrukit-nostolavat-tarvikkeet\/\"},{\"@type\":\"ListItem\",\"position\":4,\"name\":\"Pinoamisvaunut\",\"item\":\"https:\/\/storitgroup.com\/fi\/varastotrukit-nostolavat-tarvikkeet\/pinoamisvaunut\/\"},{\"@type\":\"ListItem\",\"position\":5,\"name\":\"K\u00e4sik\u00e4ytt\u00f6iset ja s\u00e4hk\u00f6iset pinoamisvaunut\",\"item\":\"https:\/\/storitgroup.com\/fi\/varastotrukit-nostolavat-tarvikkeet\/pinoamisvaunut\/kasikayttoiset-ja-sahkoiset-pinoamisvaunut\/\"},{\"@type\":\"ListItem\",\"position\":6,\"name\":\"Puolis\u00e4hk\u00f6inen itsenostuva pinoamisvaunu Staxx Vango 1000\"}]},{\"@type\":\"WebSite\",\"@id\":\"https:\/\/storitgroup.com\/fi\/#website\",\"url\":\"https:\/\/storitgroup.com\/fi\/\",\"name\":\"Storit\",\"description\":\"\",\"potentialAction\":[{\"@type\":\"SearchAction\",\"target\":{\"@type\":\"EntryPoint\",\"urlTemplate\":\"https:\/\/storitgroup.com\/fi\/?s={search_term_string}\"},\"query-input\":{\"@type\":\"PropertyValueSpecification\",\"valueRequired\":true,\"valueName\":\"search_term_string\"}}],\"inLanguage\":\"fi\"}]}<\/script>\n<!-- \/ Yoast SEO plugin. -->","yoast_head_json":{"title":"Puolis\u00e4hk\u00f6inen itsenostuva pinoamisvaunu Staxx Vango 1000 &#8226; Storit","description":"Puolis\u00e4hk\u00f6inen itsenostuva pinoamisvaunu Staxx Vango 1000 \u2014 kohtuulliseen hintaan. Toimitukset kaikkialle Suomeen! \u261b Tutustu tuotteeseen ja tilaa k\u00e4tev\u00e4sti STORIT-verkkokaupasta!","robots":{"index":"index","follow":"follow","max-snippet":"max-snippet:-1","max-image-preview":"max-image-preview:large","max-video-preview":"max-video-preview:-1"},"canonical":"https:\/\/storitgroup.com\/fi\/tuote\/puolisahkoinen-itsenostuva-pinoamisvaunu-staxx-vango-1000\/","og_locale":"fi_FI","og_type":"article","og_title":"Puolis\u00e4hk\u00f6inen itsenostuva pinoamisvaunu Staxx Vango 1000 &#8226; Storit","og_description":"Puolis\u00e4hk\u00f6inen itsenostuva pinoamisvaunu Staxx Vango 1000 \u2014 kohtuulliseen hintaan. Toimitukset kaikkialle Suomeen! \u261b Tutustu tuotteeseen ja tilaa k\u00e4tev\u00e4sti STORIT-verkkokaupasta!","og_url":"https:\/\/storitgroup.com\/fi\/tuote\/puolisahkoinen-itsenostuva-pinoamisvaunu-staxx-vango-1000\/","og_site_name":"Storit","article_modified_time":"2026-04-03T11:51:06+00:00","og_image":[{"width":1512,"height":2016,"url":"https:\/\/storitgroup.com\/uploads\/2024\/05\/virnastaja_poolelektriline_vango_1.png","type":"image\/png"}],"twitter_card":"summary_large_image","schema":{"@context":"https:\/\/schema.org","@graph":[{"@type":["WebPage","ItemPage"],"@id":"https:\/\/storitgroup.com\/fi\/tuote\/puolisahkoinen-itsenostuva-pinoamisvaunu-staxx-vango-1000\/","url":"https:\/\/storitgroup.com\/fi\/tuote\/puolisahkoinen-itsenostuva-pinoamisvaunu-staxx-vango-1000\/","name":"Puolis\u00e4hk\u00f6inen itsenostuva pinoamisvaunu Staxx Vango 1000 &#8226; Storit","isPartOf":{"@id":"https:\/\/storitgroup.com\/fi\/#website"},"primaryImageOfPage":{"@id":"https:\/\/storitgroup.com\/fi\/tuote\/puolisahkoinen-itsenostuva-pinoamisvaunu-staxx-vango-1000\/#primaryimage"},"image":{"@id":"https:\/\/storitgroup.com\/fi\/tuote\/puolisahkoinen-itsenostuva-pinoamisvaunu-staxx-vango-1000\/#primaryimage"},"thumbnailUrl":"https:\/\/storitgroup.com\/uploads\/2024\/05\/virnastaja_poolelektriline_vango_1.png","datePublished":"2025-12-12T09:16:13+00:00","dateModified":"2026-04-03T11:51:06+00:00","description":"Puolis\u00e4hk\u00f6inen itsenostuva pinoamisvaunu Staxx Vango 1000 \u2014 kohtuulliseen hintaan. Toimitukset kaikkialle Suomeen! \u261b Tutustu tuotteeseen ja tilaa k\u00e4tev\u00e4sti STORIT-verkkokaupasta!","breadcrumb":{"@id":"https:\/\/storitgroup.com\/fi\/tuote\/puolisahkoinen-itsenostuva-pinoamisvaunu-staxx-vango-1000\/#breadcrumb"},"inLanguage":"fi","potentialAction":[{"@type":"ReadAction","target":["https:\/\/storitgroup.com\/fi\/tuote\/puolisahkoinen-itsenostuva-pinoamisvaunu-staxx-vango-1000\/"]}]},{"@type":"ImageObject","inLanguage":"fi","@id":"https:\/\/storitgroup.com\/fi\/tuote\/puolisahkoinen-itsenostuva-pinoamisvaunu-staxx-vango-1000\/#primaryimage","url":"https:\/\/storitgroup.com\/uploads\/2024\/05\/virnastaja_poolelektriline_vango_1.png","contentUrl":"https:\/\/storitgroup.com\/uploads\/2024\/05\/virnastaja_poolelektriline_vango_1.png","width":1512,"height":2016},{"@type":"BreadcrumbList","@id":"https:\/\/storitgroup.com\/fi\/tuote\/puolisahkoinen-itsenostuva-pinoamisvaunu-staxx-vango-1000\/#breadcrumb","itemListElement":[{"@type":"ListItem","position":1,"name":"Kotisivu","item":"https:\/\/storitgroup.com\/fi\/"},{"@type":"ListItem","position":2,"name":"Tuotteet","item":"https:\/\/storitgroup.com\/fi\/tuotteet\/"},{"@type":"ListItem","position":3,"name":"Varastotrukit, nostolavat, tarvikkeet","item":"https:\/\/storitgroup.com\/fi\/varastotrukit-nostolavat-tarvikkeet\/"},{"@type":"ListItem","position":4,"name":"Pinoamisvaunut","item":"https:\/\/storitgroup.com\/fi\/varastotrukit-nostolavat-tarvikkeet\/pinoamisvaunut\/"},{"@type":"ListItem","position":5,"name":"K\u00e4sik\u00e4ytt\u00f6iset ja s\u00e4hk\u00f6iset pinoamisvaunut","item":"https:\/\/storitgroup.com\/fi\/varastotrukit-nostolavat-tarvikkeet\/pinoamisvaunut\/kasikayttoiset-ja-sahkoiset-pinoamisvaunut\/"},{"@type":"ListItem","position":6,"name":"Puolis\u00e4hk\u00f6inen itsenostuva pinoamisvaunu Staxx Vango 1000"}]},{"@type":"WebSite","@id":"https:\/\/storitgroup.com\/fi\/#website","url":"https:\/\/storitgroup.com\/fi\/","name":"Storit","description":"","potentialAction":[{"@type":"SearchAction","target":{"@type":"EntryPoint","urlTemplate":"https:\/\/storitgroup.com\/fi\/?s={search_term_string}"},"query-input":{"@type":"PropertyValueSpecification","valueRequired":true,"valueName":"search_term_string"}}],"inLanguage":"fi"}]}},"_links":{"self":[{"href":"https:\/\/storitgroup.com\/fi\/wp-json\/wp\/v2\/product\/224366","targetHints":{"allow":["GET"]}}],"collection":[{"href":"https:\/\/storitgroup.com\/fi\/wp-json\/wp\/v2\/product"}],"about":[{"href":"https:\/\/storitgroup.com\/fi\/wp-json\/wp\/v2\/types\/product"}],"wp:featuredmedia":[{"embeddable":true,"href":"https:\/\/storitgroup.com\/fi\/wp-json\/wp\/v2\/media\/220398"}],"wp:attachment":[{"href":"https:\/\/storitgroup.com\/fi\/wp-json\/wp\/v2\/media?parent=224366"}],"wp:term":[{"taxonomy":"product_brand","embeddable":true,"href":"https:\/\/storitgroup.com\/fi\/wp-json\/wp\/v2\/product_brand?post=224366"},{"taxonomy":"product_cat","embeddable":true,"href":"https:\/\/storitgroup.com\/fi\/wp-json\/wp\/v2\/product_cat?post=224366"},{"taxonomy":"product_tag","embeddable":true,"href":"https:\/\/storitgroup.com\/fi\/wp-json\/wp\/v2\/product_tag?post=224366"}],"curies":[{"name":"wp","href":"https:\/\/api.w.org\/{rel}","templated":true}]}}