{"id":224218,"date":"2025-11-13T11:26:30","date_gmt":"2025-11-13T09:26:30","guid":{"rendered":"https:\/\/storitgroup.com\/product\/laatikkokarry-620x420x168-mm-punainen\/"},"modified":"2026-04-03T14:21:11","modified_gmt":"2026-04-03T11:21:11","slug":"laatikkokarry-620x420x168-mm-punainen","status":"publish","type":"product","link":"https:\/\/storitgroup.com\/fi\/tuote\/laatikkokarry-620x420x168-mm-punainen\/","title":{"rendered":"Laatikkok\u00e4rry 620x420x168 mm, punainen"},"content":{"rendered":"<p>Vahva ja k\u00e4yt\u00e4nn\u00f6llinen laatikkok\u00e4rry\/-alusta on suunniteltu jokap\u00e4iv\u00e4iseen k\u00e4ytt\u00f6\u00f6n. K\u00e4rryss\u00e4 on laadukkaat kumipy\u00f6r\u00e4t, jotka takaavat tasaisen ja hiljaisen liikkumisen my\u00f6s ep\u00e4tasaisella pinnalla. Vapaasti k\u00e4\u00e4ntyv\u00e4t py\u00f6r\u00e4t tekev\u00e4t k\u00e4rryst\u00e4 eritt\u00e4in helposti ohjattavan ja ketter\u00e4n my\u00f6s ahtaissa tiloissa. Kantavuus on jopa 250 kg, joten se soveltuu hyvin raskaampien tavaroiden siirt\u00e4miseen.<\/p>\n<p>Mitat 620x420x168 mm, <br \/>kumipy\u00f6r\u00e4t halkaisijaltaan 100 mm, 360\u00b0 k\u00e4\u00e4ntyv\u00e4t, <br \/>kantavuus enint\u00e4\u00e4n 250 kg, <br \/>kest\u00e4v\u00e4 ja ergonominen muotoilu, <br \/>soveltuu k\u00e4ytett\u00e4v\u00e4ksi teollisuudessa, varastoissa ja kotona, <br \/>saatavana kirkkaan punaisena tai sinisen\u00e4.<\/p>\n","protected":false},"excerpt":{"rendered":"<p>Vahva ja k\u00e4yt\u00e4nn\u00f6llinen laatikkok\u00e4rry\/-alusta on suunniteltu jokap\u00e4iv\u00e4iseen k\u00e4ytt\u00f6\u00f6n. K\u00e4rryss\u00e4 on laadukkaat kumipy\u00f6r\u00e4t, jotka takaavat tasaisen ja hiljaisen liikkumisen my\u00f6s ep\u00e4tasaisella pinnalla. Vapaasti k\u00e4\u00e4ntyv\u00e4t py\u00f6r\u00e4t tekev\u00e4t k\u00e4rryst\u00e4 eritt\u00e4in helposti ohjattavan ja ketter\u00e4n my\u00f6s ahtaissa tiloissa. Kantavuus on jopa 250 kg, joten se soveltuu hyvin raskaampien tavaroiden siirt\u00e4miseen.<\/p>\n<p>Mitat 620x420x168 mm, <\/p>\n","protected":false},"featured_media":181156,"template":"","meta":{"_acf_changed":false},"product_brand":[],"product_cat":[7085],"product_tag":[],"class_list":{"0":"post-224218","1":"product","2":"type-product","3":"status-publish","4":"has-post-thumbnail","6":"product_room-kaupankaynti-ja-myymalat","7":"product_room-kuljetus-ja-logistiikka","8":"product_cat-laatikkovaunut-lavakarryt","10":"first","11":"instock","12":"taxable","13":"shipping-taxable","14":"purchasable","15":"product-type-simple"},"acf":[],"yoast_head":"<!-- This site is optimized with the Yoast SEO plugin v27.2 - https:\/\/yoast.com\/product\/yoast-seo-wordpress\/ -->\n<title>Laatikkok\u00e4rry 620x420x168 mm, punainen &#8226; Storit<\/title>\n<meta name=\"description\" content=\"Laatikkok\u00e4rry 620x420x168 mm, punainen \u2014 kohtuulliseen hintaan. Toimitukset kaikkialle Suomeen! \u261b Tutustu tuotteeseen ja tilaa k\u00e4tev\u00e4sti STORIT-verkkokaupasta!\" \/>\n<meta name=\"robots\" content=\"index, follow, max-snippet:-1, max-image-preview:large, max-video-preview:-1\" \/>\n<link rel=\"canonical\" href=\"https:\/\/storitgroup.com\/fi\/tuote\/laatikkokarry-620x420x168-mm-punainen\/\" \/>\n<meta property=\"og:locale\" content=\"fi_FI\" \/>\n<meta property=\"og:type\" content=\"article\" \/>\n<meta property=\"og:title\" content=\"Laatikkok\u00e4rry 620x420x168 mm, punainen &#8226; Storit\" \/>\n<meta property=\"og:description\" content=\"Laatikkok\u00e4rry 620x420x168 mm, punainen \u2014 kohtuulliseen hintaan. Toimitukset kaikkialle Suomeen! \u261b Tutustu tuotteeseen ja tilaa k\u00e4tev\u00e4sti STORIT-verkkokaupasta!\" \/>\n<meta property=\"og:url\" content=\"https:\/\/storitgroup.com\/fi\/tuote\/laatikkokarry-620x420x168-mm-punainen\/\" \/>\n<meta property=\"og:site_name\" content=\"Storit\" \/>\n<meta property=\"article:modified_time\" content=\"2026-04-03T11:21:11+00:00\" \/>\n<meta property=\"og:image\" content=\"https:\/\/storitgroup.com\/uploads\/2021\/12\/transpordikarud-punane.png\" \/>\n\t<meta property=\"og:image:width\" content=\"500\" \/>\n\t<meta property=\"og:image:height\" content=\"500\" \/>\n\t<meta property=\"og:image:type\" content=\"image\/png\" \/>\n<meta name=\"twitter:card\" content=\"summary_large_image\" \/>\n<meta name=\"twitter:label1\" content=\"Arvioitu lukuaika\" \/>\n\t<meta name=\"twitter:data1\" content=\"1 minuutti\" \/>\n<script type=\"application\/ld+json\" class=\"yoast-schema-graph\">{\"@context\":\"https:\/\/schema.org\",\"@graph\":[{\"@type\":[\"WebPage\",\"ItemPage\"],\"@id\":\"https:\/\/storitgroup.com\/fi\/tuote\/laatikkokarry-620x420x168-mm-punainen\/\",\"url\":\"https:\/\/storitgroup.com\/fi\/tuote\/laatikkokarry-620x420x168-mm-punainen\/\",\"name\":\"Laatikkok\u00e4rry 620x420x168 mm, punainen &#8226; Storit\",\"isPartOf\":{\"@id\":\"https:\/\/storitgroup.com\/fi\/#website\"},\"primaryImageOfPage\":{\"@id\":\"https:\/\/storitgroup.com\/fi\/tuote\/laatikkokarry-620x420x168-mm-punainen\/#primaryimage\"},\"image\":{\"@id\":\"https:\/\/storitgroup.com\/fi\/tuote\/laatikkokarry-620x420x168-mm-punainen\/#primaryimage\"},\"thumbnailUrl\":\"https:\/\/storitgroup.com\/uploads\/2021\/12\/transpordikarud-punane.png\",\"datePublished\":\"2025-11-13T09:26:30+00:00\",\"dateModified\":\"2026-04-03T11:21:11+00:00\",\"description\":\"Laatikkok\u00e4rry 620x420x168 mm, punainen \u2014 kohtuulliseen hintaan. Toimitukset kaikkialle Suomeen! \u261b Tutustu tuotteeseen ja tilaa k\u00e4tev\u00e4sti STORIT-verkkokaupasta!\",\"breadcrumb\":{\"@id\":\"https:\/\/storitgroup.com\/fi\/tuote\/laatikkokarry-620x420x168-mm-punainen\/#breadcrumb\"},\"inLanguage\":\"fi\",\"potentialAction\":[{\"@type\":\"ReadAction\",\"target\":[\"https:\/\/storitgroup.com\/fi\/tuote\/laatikkokarry-620x420x168-mm-punainen\/\"]}]},{\"@type\":\"ImageObject\",\"inLanguage\":\"fi\",\"@id\":\"https:\/\/storitgroup.com\/fi\/tuote\/laatikkokarry-620x420x168-mm-punainen\/#primaryimage\",\"url\":\"https:\/\/storitgroup.com\/uploads\/2021\/12\/transpordikarud-punane.png\",\"contentUrl\":\"https:\/\/storitgroup.com\/uploads\/2021\/12\/transpordikarud-punane.png\",\"width\":500,\"height\":500},{\"@type\":\"BreadcrumbList\",\"@id\":\"https:\/\/storitgroup.com\/fi\/tuote\/laatikkokarry-620x420x168-mm-punainen\/#breadcrumb\",\"itemListElement\":[{\"@type\":\"ListItem\",\"position\":1,\"name\":\"Kotisivu\",\"item\":\"https:\/\/storitgroup.com\/fi\/\"},{\"@type\":\"ListItem\",\"position\":2,\"name\":\"Tuotteet\",\"item\":\"https:\/\/storitgroup.com\/fi\/tuotteet\/\"},{\"@type\":\"ListItem\",\"position\":3,\"name\":\"Varastovaunut, py\u00f6r\u00e4t\",\"item\":\"https:\/\/storitgroup.com\/fi\/varastovaunut-pyorat\/\"},{\"@type\":\"ListItem\",\"position\":4,\"name\":\"Laatikkovaunut, lavak\u00e4rryt\",\"item\":\"https:\/\/storitgroup.com\/fi\/varastovaunut-pyorat\/laatikkovaunut-lavakarryt\/\"},{\"@type\":\"ListItem\",\"position\":5,\"name\":\"Laatikkok\u00e4rry 620x420x168 mm, punainen\"}]},{\"@type\":\"WebSite\",\"@id\":\"https:\/\/storitgroup.com\/fi\/#website\",\"url\":\"https:\/\/storitgroup.com\/fi\/\",\"name\":\"Storit\",\"description\":\"\",\"potentialAction\":[{\"@type\":\"SearchAction\",\"target\":{\"@type\":\"EntryPoint\",\"urlTemplate\":\"https:\/\/storitgroup.com\/fi\/?s={search_term_string}\"},\"query-input\":{\"@type\":\"PropertyValueSpecification\",\"valueRequired\":true,\"valueName\":\"search_term_string\"}}],\"inLanguage\":\"fi\"}]}<\/script>\n<!-- \/ Yoast SEO plugin. -->","yoast_head_json":{"title":"Laatikkok\u00e4rry 620x420x168 mm, punainen &#8226; Storit","description":"Laatikkok\u00e4rry 620x420x168 mm, punainen \u2014 kohtuulliseen hintaan. Toimitukset kaikkialle Suomeen! \u261b Tutustu tuotteeseen ja tilaa k\u00e4tev\u00e4sti STORIT-verkkokaupasta!","robots":{"index":"index","follow":"follow","max-snippet":"max-snippet:-1","max-image-preview":"max-image-preview:large","max-video-preview":"max-video-preview:-1"},"canonical":"https:\/\/storitgroup.com\/fi\/tuote\/laatikkokarry-620x420x168-mm-punainen\/","og_locale":"fi_FI","og_type":"article","og_title":"Laatikkok\u00e4rry 620x420x168 mm, punainen &#8226; Storit","og_description":"Laatikkok\u00e4rry 620x420x168 mm, punainen \u2014 kohtuulliseen hintaan. Toimitukset kaikkialle Suomeen! \u261b Tutustu tuotteeseen ja tilaa k\u00e4tev\u00e4sti STORIT-verkkokaupasta!","og_url":"https:\/\/storitgroup.com\/fi\/tuote\/laatikkokarry-620x420x168-mm-punainen\/","og_site_name":"Storit","article_modified_time":"2026-04-03T11:21:11+00:00","og_image":[{"width":500,"height":500,"url":"https:\/\/storitgroup.com\/uploads\/2021\/12\/transpordikarud-punane.png","type":"image\/png"}],"twitter_card":"summary_large_image","twitter_misc":{"Arvioitu lukuaika":"1 minuutti"},"schema":{"@context":"https:\/\/schema.org","@graph":[{"@type":["WebPage","ItemPage"],"@id":"https:\/\/storitgroup.com\/fi\/tuote\/laatikkokarry-620x420x168-mm-punainen\/","url":"https:\/\/storitgroup.com\/fi\/tuote\/laatikkokarry-620x420x168-mm-punainen\/","name":"Laatikkok\u00e4rry 620x420x168 mm, punainen &#8226; Storit","isPartOf":{"@id":"https:\/\/storitgroup.com\/fi\/#website"},"primaryImageOfPage":{"@id":"https:\/\/storitgroup.com\/fi\/tuote\/laatikkokarry-620x420x168-mm-punainen\/#primaryimage"},"image":{"@id":"https:\/\/storitgroup.com\/fi\/tuote\/laatikkokarry-620x420x168-mm-punainen\/#primaryimage"},"thumbnailUrl":"https:\/\/storitgroup.com\/uploads\/2021\/12\/transpordikarud-punane.png","datePublished":"2025-11-13T09:26:30+00:00","dateModified":"2026-04-03T11:21:11+00:00","description":"Laatikkok\u00e4rry 620x420x168 mm, punainen \u2014 kohtuulliseen hintaan. Toimitukset kaikkialle Suomeen! \u261b Tutustu tuotteeseen ja tilaa k\u00e4tev\u00e4sti STORIT-verkkokaupasta!","breadcrumb":{"@id":"https:\/\/storitgroup.com\/fi\/tuote\/laatikkokarry-620x420x168-mm-punainen\/#breadcrumb"},"inLanguage":"fi","potentialAction":[{"@type":"ReadAction","target":["https:\/\/storitgroup.com\/fi\/tuote\/laatikkokarry-620x420x168-mm-punainen\/"]}]},{"@type":"ImageObject","inLanguage":"fi","@id":"https:\/\/storitgroup.com\/fi\/tuote\/laatikkokarry-620x420x168-mm-punainen\/#primaryimage","url":"https:\/\/storitgroup.com\/uploads\/2021\/12\/transpordikarud-punane.png","contentUrl":"https:\/\/storitgroup.com\/uploads\/2021\/12\/transpordikarud-punane.png","width":500,"height":500},{"@type":"BreadcrumbList","@id":"https:\/\/storitgroup.com\/fi\/tuote\/laatikkokarry-620x420x168-mm-punainen\/#breadcrumb","itemListElement":[{"@type":"ListItem","position":1,"name":"Kotisivu","item":"https:\/\/storitgroup.com\/fi\/"},{"@type":"ListItem","position":2,"name":"Tuotteet","item":"https:\/\/storitgroup.com\/fi\/tuotteet\/"},{"@type":"ListItem","position":3,"name":"Varastovaunut, py\u00f6r\u00e4t","item":"https:\/\/storitgroup.com\/fi\/varastovaunut-pyorat\/"},{"@type":"ListItem","position":4,"name":"Laatikkovaunut, lavak\u00e4rryt","item":"https:\/\/storitgroup.com\/fi\/varastovaunut-pyorat\/laatikkovaunut-lavakarryt\/"},{"@type":"ListItem","position":5,"name":"Laatikkok\u00e4rry 620x420x168 mm, punainen"}]},{"@type":"WebSite","@id":"https:\/\/storitgroup.com\/fi\/#website","url":"https:\/\/storitgroup.com\/fi\/","name":"Storit","description":"","potentialAction":[{"@type":"SearchAction","target":{"@type":"EntryPoint","urlTemplate":"https:\/\/storitgroup.com\/fi\/?s={search_term_string}"},"query-input":{"@type":"PropertyValueSpecification","valueRequired":true,"valueName":"search_term_string"}}],"inLanguage":"fi"}]}},"_links":{"self":[{"href":"https:\/\/storitgroup.com\/fi\/wp-json\/wp\/v2\/product\/224218","targetHints":{"allow":["GET"]}}],"collection":[{"href":"https:\/\/storitgroup.com\/fi\/wp-json\/wp\/v2\/product"}],"about":[{"href":"https:\/\/storitgroup.com\/fi\/wp-json\/wp\/v2\/types\/product"}],"wp:featuredmedia":[{"embeddable":true,"href":"https:\/\/storitgroup.com\/fi\/wp-json\/wp\/v2\/media\/181156"}],"wp:attachment":[{"href":"https:\/\/storitgroup.com\/fi\/wp-json\/wp\/v2\/media?parent=224218"}],"wp:term":[{"taxonomy":"product_brand","embeddable":true,"href":"https:\/\/storitgroup.com\/fi\/wp-json\/wp\/v2\/product_brand?post=224218"},{"taxonomy":"product_cat","embeddable":true,"href":"https:\/\/storitgroup.com\/fi\/wp-json\/wp\/v2\/product_cat?post=224218"},{"taxonomy":"product_tag","embeddable":true,"href":"https:\/\/storitgroup.com\/fi\/wp-json\/wp\/v2\/product_tag?post=224218"}],"curies":[{"name":"wp","href":"https:\/\/api.w.org\/{rel}","templated":true}]}}