{"id":224003,"date":"2025-10-27T10:11:38","date_gmt":"2025-10-27T08:11:38","guid":{"rendered":"https:\/\/storitgroup.com\/?post_type=product&#038;p=224003"},"modified":"2026-04-03T20:45:26","modified_gmt":"2026-04-03T17:45:26","slug":"matalaprofiilinen-haarukkavaunu-1150-mm-hpt-v-1500-kg-p-pp","status":"publish","type":"product","link":"https:\/\/storitgroup.com\/fi\/tuote\/matalaprofiilinen-haarukkavaunu-1150-mm-hpt-v-1500-kg-p-pp\/","title":{"rendered":"Matalaprofiilinen haarukkavaunu 1150 mm HPT-V 1500 kg, P\/PP"},"content":{"rendered":"<p>Trukin korkeus 51 mm<br \/>Kantavuus 1500 kg<br \/>Haarukan pituus 1150 mm<br \/>Trukin leveys 540 mm<br \/>Ohjauspy\u00f6r\u00e4 PU, Tandem PU -rullat<br \/>Trukin paino 83 kg<br \/>Takuu 12 kuukautta laskun mukaan<\/p>\n","protected":false},"excerpt":{"rendered":"<p>Trukin korkeus 51 mm<br \/>\nKantavuus 1500 kg<\/p>\n","protected":false},"featured_media":224028,"template":"","meta":{"_acf_changed":false},"product_brand":[],"product_cat":[7038],"product_tag":[],"class_list":{"0":"post-224003","1":"product","2":"type-product","3":"status-publish","4":"has-post-thumbnail","6":"product_room-pieni-varasto","7":"product_room-nostovalinet","8":"product_room-tavaroiden-logistiikka","9":"product_room-kuljetus-ja-logistiikka","10":"product_room-tyopaja-ja-autotalli","11":"product_room-ruuan-kasittely","12":"product_room-kaupankaynti-ja-myymalat","13":"product_room-tynnyrien-ja-kaapeleiden-kasittely","14":"product_room-iso-varasto","15":"product_room-varasto-pitkille-tavaroille-ja-levymateriaaleille","16":"product_cat-manuaaliset-haarukkavaunut-pumppukarryt","18":"first","19":"onbackorder","20":"taxable","21":"shipping-taxable","22":"purchasable","23":"product-type-simple"},"acf":[],"yoast_head":"<!-- This site is optimized with the Yoast SEO plugin v27.2 - https:\/\/yoast.com\/product\/yoast-seo-wordpress\/ -->\n<title>Matalaprofiilinen haarukkavaunu 1150 mm HPT-V 1500 kg, P\/PP &#8226; Storit<\/title>\n<meta name=\"description\" content=\"Matalaprofiilinen haarukkavaunu 1150 mm HPT-V 1500 kg, P\/PP \u2014 kohtuulliseen hintaan. Toimitukset kaikkialle Suomeen! \u261b Tutustu tuotteeseen ja tilaa k\u00e4tev\u00e4sti STORIT-verkkokaupasta!\" \/>\n<meta name=\"robots\" content=\"index, follow, max-snippet:-1, max-image-preview:large, max-video-preview:-1\" \/>\n<link rel=\"canonical\" href=\"https:\/\/storitgroup.com\/fi\/tuote\/matalaprofiilinen-haarukkavaunu-1150-mm-hpt-v-1500-kg-p-pp\/\" \/>\n<meta property=\"og:locale\" content=\"fi_FI\" \/>\n<meta property=\"og:type\" content=\"article\" \/>\n<meta property=\"og:title\" content=\"Matalaprofiilinen haarukkavaunu 1150 mm HPT-V 1500 kg, P\/PP &#8226; Storit\" \/>\n<meta property=\"og:description\" content=\"Matalaprofiilinen haarukkavaunu 1150 mm HPT-V 1500 kg, P\/PP \u2014 kohtuulliseen hintaan. Toimitukset kaikkialle Suomeen! \u261b Tutustu tuotteeseen ja tilaa k\u00e4tev\u00e4sti STORIT-verkkokaupasta!\" \/>\n<meta property=\"og:url\" content=\"https:\/\/storitgroup.com\/fi\/tuote\/matalaprofiilinen-haarukkavaunu-1150-mm-hpt-v-1500-kg-p-pp\/\" \/>\n<meta property=\"og:site_name\" content=\"Storit\" \/>\n<meta property=\"article:modified_time\" content=\"2026-04-03T17:45:26+00:00\" \/>\n<meta property=\"og:image\" content=\"https:\/\/storitgroup.com\/uploads\/2025\/10\/41607-1.jpg\" \/>\n\t<meta property=\"og:image:width\" content=\"666\" \/>\n\t<meta property=\"og:image:height\" content=\"800\" \/>\n\t<meta property=\"og:image:type\" content=\"image\/jpeg\" \/>\n<meta name=\"twitter:card\" content=\"summary_large_image\" \/>\n<script type=\"application\/ld+json\" class=\"yoast-schema-graph\">{\"@context\":\"https:\/\/schema.org\",\"@graph\":[{\"@type\":[\"WebPage\",\"ItemPage\"],\"@id\":\"https:\/\/storitgroup.com\/fi\/tuote\/matalaprofiilinen-haarukkavaunu-1150-mm-hpt-v-1500-kg-p-pp\/\",\"url\":\"https:\/\/storitgroup.com\/fi\/tuote\/matalaprofiilinen-haarukkavaunu-1150-mm-hpt-v-1500-kg-p-pp\/\",\"name\":\"Matalaprofiilinen haarukkavaunu 1150 mm HPT-V 1500 kg, P\/PP &#8226; Storit\",\"isPartOf\":{\"@id\":\"https:\/\/storitgroup.com\/fi\/#website\"},\"primaryImageOfPage\":{\"@id\":\"https:\/\/storitgroup.com\/fi\/tuote\/matalaprofiilinen-haarukkavaunu-1150-mm-hpt-v-1500-kg-p-pp\/#primaryimage\"},\"image\":{\"@id\":\"https:\/\/storitgroup.com\/fi\/tuote\/matalaprofiilinen-haarukkavaunu-1150-mm-hpt-v-1500-kg-p-pp\/#primaryimage\"},\"thumbnailUrl\":\"https:\/\/storitgroup.com\/uploads\/2025\/10\/41607-1.jpg\",\"datePublished\":\"2025-10-27T08:11:38+00:00\",\"dateModified\":\"2026-04-03T17:45:26+00:00\",\"description\":\"Matalaprofiilinen haarukkavaunu 1150 mm HPT-V 1500 kg, P\/PP \u2014 kohtuulliseen hintaan. Toimitukset kaikkialle Suomeen! \u261b Tutustu tuotteeseen ja tilaa k\u00e4tev\u00e4sti STORIT-verkkokaupasta!\",\"breadcrumb\":{\"@id\":\"https:\/\/storitgroup.com\/fi\/tuote\/matalaprofiilinen-haarukkavaunu-1150-mm-hpt-v-1500-kg-p-pp\/#breadcrumb\"},\"inLanguage\":\"fi\",\"potentialAction\":[{\"@type\":\"ReadAction\",\"target\":[\"https:\/\/storitgroup.com\/fi\/tuote\/matalaprofiilinen-haarukkavaunu-1150-mm-hpt-v-1500-kg-p-pp\/\"]}]},{\"@type\":\"ImageObject\",\"inLanguage\":\"fi\",\"@id\":\"https:\/\/storitgroup.com\/fi\/tuote\/matalaprofiilinen-haarukkavaunu-1150-mm-hpt-v-1500-kg-p-pp\/#primaryimage\",\"url\":\"https:\/\/storitgroup.com\/uploads\/2025\/10\/41607-1.jpg\",\"contentUrl\":\"https:\/\/storitgroup.com\/uploads\/2025\/10\/41607-1.jpg\",\"width\":666,\"height\":800},{\"@type\":\"BreadcrumbList\",\"@id\":\"https:\/\/storitgroup.com\/fi\/tuote\/matalaprofiilinen-haarukkavaunu-1150-mm-hpt-v-1500-kg-p-pp\/#breadcrumb\",\"itemListElement\":[{\"@type\":\"ListItem\",\"position\":1,\"name\":\"Kotisivu\",\"item\":\"https:\/\/storitgroup.com\/fi\/\"},{\"@type\":\"ListItem\",\"position\":2,\"name\":\"Tuotteet\",\"item\":\"https:\/\/storitgroup.com\/fi\/tuotteet\/\"},{\"@type\":\"ListItem\",\"position\":3,\"name\":\"Varastotrukit, nostolavat, tarvikkeet\",\"item\":\"https:\/\/storitgroup.com\/fi\/varastotrukit-nostolavat-tarvikkeet\/\"},{\"@type\":\"ListItem\",\"position\":4,\"name\":\"Haarukkavaunut, pumppuk\u00e4rryt ja lavansiirt\u00e4j\u00e4t\",\"item\":\"https:\/\/storitgroup.com\/fi\/varastotrukit-nostolavat-tarvikkeet\/haarukkavaunut-pumppukarryt-ja-lavansiirtajat\/\"},{\"@type\":\"ListItem\",\"position\":5,\"name\":\"Manuaaliset haarukkavaunut, pumppuk\u00e4rryt\",\"item\":\"https:\/\/storitgroup.com\/fi\/varastotrukit-nostolavat-tarvikkeet\/haarukkavaunut-pumppukarryt-ja-lavansiirtajat\/manuaaliset-haarukkavaunut-pumppukarryt\/\"},{\"@type\":\"ListItem\",\"position\":6,\"name\":\"Matalaprofiilinen haarukkavaunu 1150 mm HPT-V 1500 kg, P\/PP\"}]},{\"@type\":\"WebSite\",\"@id\":\"https:\/\/storitgroup.com\/fi\/#website\",\"url\":\"https:\/\/storitgroup.com\/fi\/\",\"name\":\"Storit\",\"description\":\"\",\"potentialAction\":[{\"@type\":\"SearchAction\",\"target\":{\"@type\":\"EntryPoint\",\"urlTemplate\":\"https:\/\/storitgroup.com\/fi\/?s={search_term_string}\"},\"query-input\":{\"@type\":\"PropertyValueSpecification\",\"valueRequired\":true,\"valueName\":\"search_term_string\"}}],\"inLanguage\":\"fi\"}]}<\/script>\n<!-- \/ Yoast SEO plugin. -->","yoast_head_json":{"title":"Matalaprofiilinen haarukkavaunu 1150 mm HPT-V 1500 kg, P\/PP &#8226; Storit","description":"Matalaprofiilinen haarukkavaunu 1150 mm HPT-V 1500 kg, P\/PP \u2014 kohtuulliseen hintaan. Toimitukset kaikkialle Suomeen! \u261b Tutustu tuotteeseen ja tilaa k\u00e4tev\u00e4sti STORIT-verkkokaupasta!","robots":{"index":"index","follow":"follow","max-snippet":"max-snippet:-1","max-image-preview":"max-image-preview:large","max-video-preview":"max-video-preview:-1"},"canonical":"https:\/\/storitgroup.com\/fi\/tuote\/matalaprofiilinen-haarukkavaunu-1150-mm-hpt-v-1500-kg-p-pp\/","og_locale":"fi_FI","og_type":"article","og_title":"Matalaprofiilinen haarukkavaunu 1150 mm HPT-V 1500 kg, P\/PP &#8226; Storit","og_description":"Matalaprofiilinen haarukkavaunu 1150 mm HPT-V 1500 kg, P\/PP \u2014 kohtuulliseen hintaan. Toimitukset kaikkialle Suomeen! \u261b Tutustu tuotteeseen ja tilaa k\u00e4tev\u00e4sti STORIT-verkkokaupasta!","og_url":"https:\/\/storitgroup.com\/fi\/tuote\/matalaprofiilinen-haarukkavaunu-1150-mm-hpt-v-1500-kg-p-pp\/","og_site_name":"Storit","article_modified_time":"2026-04-03T17:45:26+00:00","og_image":[{"width":666,"height":800,"url":"https:\/\/storitgroup.com\/uploads\/2025\/10\/41607-1.jpg","type":"image\/jpeg"}],"twitter_card":"summary_large_image","schema":{"@context":"https:\/\/schema.org","@graph":[{"@type":["WebPage","ItemPage"],"@id":"https:\/\/storitgroup.com\/fi\/tuote\/matalaprofiilinen-haarukkavaunu-1150-mm-hpt-v-1500-kg-p-pp\/","url":"https:\/\/storitgroup.com\/fi\/tuote\/matalaprofiilinen-haarukkavaunu-1150-mm-hpt-v-1500-kg-p-pp\/","name":"Matalaprofiilinen haarukkavaunu 1150 mm HPT-V 1500 kg, P\/PP &#8226; Storit","isPartOf":{"@id":"https:\/\/storitgroup.com\/fi\/#website"},"primaryImageOfPage":{"@id":"https:\/\/storitgroup.com\/fi\/tuote\/matalaprofiilinen-haarukkavaunu-1150-mm-hpt-v-1500-kg-p-pp\/#primaryimage"},"image":{"@id":"https:\/\/storitgroup.com\/fi\/tuote\/matalaprofiilinen-haarukkavaunu-1150-mm-hpt-v-1500-kg-p-pp\/#primaryimage"},"thumbnailUrl":"https:\/\/storitgroup.com\/uploads\/2025\/10\/41607-1.jpg","datePublished":"2025-10-27T08:11:38+00:00","dateModified":"2026-04-03T17:45:26+00:00","description":"Matalaprofiilinen haarukkavaunu 1150 mm HPT-V 1500 kg, P\/PP \u2014 kohtuulliseen hintaan. Toimitukset kaikkialle Suomeen! \u261b Tutustu tuotteeseen ja tilaa k\u00e4tev\u00e4sti STORIT-verkkokaupasta!","breadcrumb":{"@id":"https:\/\/storitgroup.com\/fi\/tuote\/matalaprofiilinen-haarukkavaunu-1150-mm-hpt-v-1500-kg-p-pp\/#breadcrumb"},"inLanguage":"fi","potentialAction":[{"@type":"ReadAction","target":["https:\/\/storitgroup.com\/fi\/tuote\/matalaprofiilinen-haarukkavaunu-1150-mm-hpt-v-1500-kg-p-pp\/"]}]},{"@type":"ImageObject","inLanguage":"fi","@id":"https:\/\/storitgroup.com\/fi\/tuote\/matalaprofiilinen-haarukkavaunu-1150-mm-hpt-v-1500-kg-p-pp\/#primaryimage","url":"https:\/\/storitgroup.com\/uploads\/2025\/10\/41607-1.jpg","contentUrl":"https:\/\/storitgroup.com\/uploads\/2025\/10\/41607-1.jpg","width":666,"height":800},{"@type":"BreadcrumbList","@id":"https:\/\/storitgroup.com\/fi\/tuote\/matalaprofiilinen-haarukkavaunu-1150-mm-hpt-v-1500-kg-p-pp\/#breadcrumb","itemListElement":[{"@type":"ListItem","position":1,"name":"Kotisivu","item":"https:\/\/storitgroup.com\/fi\/"},{"@type":"ListItem","position":2,"name":"Tuotteet","item":"https:\/\/storitgroup.com\/fi\/tuotteet\/"},{"@type":"ListItem","position":3,"name":"Varastotrukit, nostolavat, tarvikkeet","item":"https:\/\/storitgroup.com\/fi\/varastotrukit-nostolavat-tarvikkeet\/"},{"@type":"ListItem","position":4,"name":"Haarukkavaunut, pumppuk\u00e4rryt ja lavansiirt\u00e4j\u00e4t","item":"https:\/\/storitgroup.com\/fi\/varastotrukit-nostolavat-tarvikkeet\/haarukkavaunut-pumppukarryt-ja-lavansiirtajat\/"},{"@type":"ListItem","position":5,"name":"Manuaaliset haarukkavaunut, pumppuk\u00e4rryt","item":"https:\/\/storitgroup.com\/fi\/varastotrukit-nostolavat-tarvikkeet\/haarukkavaunut-pumppukarryt-ja-lavansiirtajat\/manuaaliset-haarukkavaunut-pumppukarryt\/"},{"@type":"ListItem","position":6,"name":"Matalaprofiilinen haarukkavaunu 1150 mm HPT-V 1500 kg, P\/PP"}]},{"@type":"WebSite","@id":"https:\/\/storitgroup.com\/fi\/#website","url":"https:\/\/storitgroup.com\/fi\/","name":"Storit","description":"","potentialAction":[{"@type":"SearchAction","target":{"@type":"EntryPoint","urlTemplate":"https:\/\/storitgroup.com\/fi\/?s={search_term_string}"},"query-input":{"@type":"PropertyValueSpecification","valueRequired":true,"valueName":"search_term_string"}}],"inLanguage":"fi"}]}},"_links":{"self":[{"href":"https:\/\/storitgroup.com\/fi\/wp-json\/wp\/v2\/product\/224003","targetHints":{"allow":["GET"]}}],"collection":[{"href":"https:\/\/storitgroup.com\/fi\/wp-json\/wp\/v2\/product"}],"about":[{"href":"https:\/\/storitgroup.com\/fi\/wp-json\/wp\/v2\/types\/product"}],"wp:featuredmedia":[{"embeddable":true,"href":"https:\/\/storitgroup.com\/fi\/wp-json\/wp\/v2\/media\/224028"}],"wp:attachment":[{"href":"https:\/\/storitgroup.com\/fi\/wp-json\/wp\/v2\/media?parent=224003"}],"wp:term":[{"taxonomy":"product_brand","embeddable":true,"href":"https:\/\/storitgroup.com\/fi\/wp-json\/wp\/v2\/product_brand?post=224003"},{"taxonomy":"product_cat","embeddable":true,"href":"https:\/\/storitgroup.com\/fi\/wp-json\/wp\/v2\/product_cat?post=224003"},{"taxonomy":"product_tag","embeddable":true,"href":"https:\/\/storitgroup.com\/fi\/wp-json\/wp\/v2\/product_tag?post=224003"}],"curies":[{"name":"wp","href":"https:\/\/api.w.org\/{rel}","templated":true}]}}