{"id":223874,"date":"2025-09-03T15:08:05","date_gmt":"2025-09-03T12:08:05","guid":{"rendered":"https:\/\/storitgroup.com\/?post_type=product&#038;p=223874"},"modified":"2026-04-21T16:37:39","modified_gmt":"2026-04-21T13:37:39","slug":"tormayssuoja-kumia-180x125x70mm-plk","status":"publish","type":"product","link":"https:\/\/storitgroup.com\/fi\/tuote\/tormayssuoja-kumia-180x125x70mm-plk\/","title":{"rendered":"T\u00f6rm\u00e4yssuoja, kumia, 180x125x70mm (plk), 1 kpl"},"content":{"rendered":"<p>Viimeinen pari kumipuskureita edulliseen hintaan! <\/p>\n<p>Kumipuskuri eli t\u00f6rm\u00e4yskumi toimii energiaa vaimentavana elementtin\u00e4, joka pehment\u00e4\u00e4 iskuja, v\u00e4hent\u00e4\u00e4 melutasoa sek\u00e4 est\u00e4\u00e4 mekaanisten osien kulumista ja vaurioitumista. <br \/>Pituus (alhaalta \/ ylh\u00e4\u00e4lt\u00e4): 180 \/ 177 mm<br \/>Leveys (alhaalta \/ ylh\u00e4\u00e4lt\u00e4): 125 \/ 98 mm<br \/>Korkeus: 70 mm<br \/>Kiinnitysreiki\u00e4: 4 kpl<br \/>Paino: 1,7 kg<\/p>\n<p>Helppo asentaa esimerkiksi sein\u00e4\u00e4n, jossa se toimii luotettavasti teht\u00e4v\u00e4ss\u00e4\u00e4n.<\/p>\n","protected":false},"excerpt":{"rendered":"<p>Viimeinen pari kumipuskureita edulliseen hintaan! <\/p>\n<p>Kumipuskuri eli t\u00f6rm\u00e4yskumi toimii energiaa vaimentavana elementtin\u00e4, joka pehment\u00e4\u00e4 iskuja, v\u00e4hent\u00e4\u00e4 melutasoa sek\u00e4 est\u00e4\u00e4 mekaanisten osien kulumista ja vaurioitumista. <\/p>\n","protected":false},"featured_media":223923,"template":"","meta":{"_acf_changed":false},"product_brand":[],"product_cat":[7109],"product_tag":[],"class_list":{"0":"post-223874","1":"product","2":"type-product","3":"status-publish","4":"has-post-thumbnail","6":"product_cat-loytonurkkaus","8":"first","9":"instock","10":"taxable","11":"shipping-taxable","12":"purchasable","13":"product-type-simple"},"acf":[],"yoast_head":"<!-- This site is optimized with the Yoast SEO plugin v27.4 - https:\/\/yoast.com\/product\/yoast-seo-wordpress\/ -->\n<title>T\u00f6rm\u00e4yssuoja, kumia, 180x125x70mm (plk), 1 kpl &#8226; Storit<\/title>\n<meta name=\"description\" content=\"T\u00f6rm\u00e4yssuoja, kumia, 180x125x70mm (plk), 1 kpl \u2014 kohtuulliseen hintaan. Toimitukset kaikkialle Suomeen! \u261b Tutustu tuotteeseen ja tilaa k\u00e4tev\u00e4sti STORIT-verkkokaupasta!\" \/>\n<meta name=\"robots\" content=\"index, follow, max-snippet:-1, max-image-preview:large, max-video-preview:-1\" \/>\n<link rel=\"canonical\" href=\"https:\/\/storitgroup.com\/fi\/tuote\/tormayssuoja-kumia-180x125x70mm-plk\/\" \/>\n<meta property=\"og:locale\" content=\"fi_FI\" \/>\n<meta property=\"og:type\" content=\"article\" \/>\n<meta property=\"og:title\" content=\"T\u00f6rm\u00e4yssuoja, kumia, 180x125x70mm (plk), 1 kpl &#8226; Storit\" \/>\n<meta property=\"og:description\" content=\"T\u00f6rm\u00e4yssuoja, kumia, 180x125x70mm (plk), 1 kpl \u2014 kohtuulliseen hintaan. Toimitukset kaikkialle Suomeen! \u261b Tutustu tuotteeseen ja tilaa k\u00e4tev\u00e4sti STORIT-verkkokaupasta!\" \/>\n<meta property=\"og:url\" content=\"https:\/\/storitgroup.com\/fi\/tuote\/tormayssuoja-kumia-180x125x70mm-plk\/\" \/>\n<meta property=\"og:site_name\" content=\"Storit\" \/>\n<meta property=\"article:modified_time\" content=\"2026-04-21T13:37:39+00:00\" \/>\n<meta property=\"og:image\" content=\"https:\/\/storitgroup.com\/uploads\/2025\/09\/itkkn-1.jpg\" \/>\n\t<meta property=\"og:image:width\" content=\"2281\" \/>\n\t<meta property=\"og:image:height\" content=\"1845\" \/>\n\t<meta property=\"og:image:type\" content=\"image\/jpeg\" \/>\n<meta name=\"twitter:card\" content=\"summary_large_image\" \/>\n<script type=\"application\/ld+json\" class=\"yoast-schema-graph\">{\"@context\":\"https:\\\/\\\/schema.org\",\"@graph\":[{\"@type\":[\"WebPage\",\"ItemPage\"],\"@id\":\"https:\\\/\\\/storitgroup.com\\\/fi\\\/tuote\\\/tormayssuoja-kumia-180x125x70mm-plk\\\/\",\"url\":\"https:\\\/\\\/storitgroup.com\\\/fi\\\/tuote\\\/tormayssuoja-kumia-180x125x70mm-plk\\\/\",\"name\":\"T\u00f6rm\u00e4yssuoja, kumia, 180x125x70mm (plk), 1 kpl &#8226; Storit\",\"isPartOf\":{\"@id\":\"https:\\\/\\\/storitgroup.com\\\/fi\\\/#website\"},\"primaryImageOfPage\":{\"@id\":\"https:\\\/\\\/storitgroup.com\\\/fi\\\/tuote\\\/tormayssuoja-kumia-180x125x70mm-plk\\\/#primaryimage\"},\"image\":{\"@id\":\"https:\\\/\\\/storitgroup.com\\\/fi\\\/tuote\\\/tormayssuoja-kumia-180x125x70mm-plk\\\/#primaryimage\"},\"thumbnailUrl\":\"https:\\\/\\\/storitgroup.com\\\/uploads\\\/2025\\\/09\\\/itkkn-1.jpg\",\"datePublished\":\"2025-09-03T12:08:05+00:00\",\"dateModified\":\"2026-04-21T13:37:39+00:00\",\"description\":\"T\u00f6rm\u00e4yssuoja, kumia, 180x125x70mm (plk), 1 kpl \u2014 kohtuulliseen hintaan. Toimitukset kaikkialle Suomeen! \u261b Tutustu tuotteeseen ja tilaa k\u00e4tev\u00e4sti STORIT-verkkokaupasta!\",\"breadcrumb\":{\"@id\":\"https:\\\/\\\/storitgroup.com\\\/fi\\\/tuote\\\/tormayssuoja-kumia-180x125x70mm-plk\\\/#breadcrumb\"},\"inLanguage\":\"fi\",\"potentialAction\":[{\"@type\":\"ReadAction\",\"target\":[\"https:\\\/\\\/storitgroup.com\\\/fi\\\/tuote\\\/tormayssuoja-kumia-180x125x70mm-plk\\\/\"]}]},{\"@type\":\"ImageObject\",\"inLanguage\":\"fi\",\"@id\":\"https:\\\/\\\/storitgroup.com\\\/fi\\\/tuote\\\/tormayssuoja-kumia-180x125x70mm-plk\\\/#primaryimage\",\"url\":\"https:\\\/\\\/storitgroup.com\\\/uploads\\\/2025\\\/09\\\/itkkn-1.jpg\",\"contentUrl\":\"https:\\\/\\\/storitgroup.com\\\/uploads\\\/2025\\\/09\\\/itkkn-1.jpg\",\"width\":2281,\"height\":1845},{\"@type\":\"BreadcrumbList\",\"@id\":\"https:\\\/\\\/storitgroup.com\\\/fi\\\/tuote\\\/tormayssuoja-kumia-180x125x70mm-plk\\\/#breadcrumb\",\"itemListElement\":[{\"@type\":\"ListItem\",\"position\":1,\"name\":\"Kotisivu\",\"item\":\"https:\\\/\\\/storitgroup.com\\\/fi\\\/\"},{\"@type\":\"ListItem\",\"position\":2,\"name\":\"Tuotteet\",\"item\":\"https:\\\/\\\/storitgroup.com\\\/fi\\\/tuotteet\\\/\"},{\"@type\":\"ListItem\",\"position\":3,\"name\":\"L\u00f6yt\u00f6nurkkaus\",\"item\":\"https:\\\/\\\/storitgroup.com\\\/fi\\\/tuotteet\\\/loytonurkkaus\\\/\"},{\"@type\":\"ListItem\",\"position\":4,\"name\":\"T\u00f6rm\u00e4yssuoja, kumia, 180x125x70mm (plk), 1 kpl\"}]},{\"@type\":\"WebSite\",\"@id\":\"https:\\\/\\\/storitgroup.com\\\/fi\\\/#website\",\"url\":\"https:\\\/\\\/storitgroup.com\\\/fi\\\/\",\"name\":\"Storit\",\"description\":\"\",\"potentialAction\":[{\"@type\":\"SearchAction\",\"target\":{\"@type\":\"EntryPoint\",\"urlTemplate\":\"https:\\\/\\\/storitgroup.com\\\/fi\\\/?s={search_term_string}\"},\"query-input\":{\"@type\":\"PropertyValueSpecification\",\"valueRequired\":true,\"valueName\":\"search_term_string\"}}],\"inLanguage\":\"fi\"}]}<\/script>\n<!-- \/ Yoast SEO plugin. -->","yoast_head_json":{"title":"T\u00f6rm\u00e4yssuoja, kumia, 180x125x70mm (plk), 1 kpl &#8226; Storit","description":"T\u00f6rm\u00e4yssuoja, kumia, 180x125x70mm (plk), 1 kpl \u2014 kohtuulliseen hintaan. Toimitukset kaikkialle Suomeen! \u261b Tutustu tuotteeseen ja tilaa k\u00e4tev\u00e4sti STORIT-verkkokaupasta!","robots":{"index":"index","follow":"follow","max-snippet":"max-snippet:-1","max-image-preview":"max-image-preview:large","max-video-preview":"max-video-preview:-1"},"canonical":"https:\/\/storitgroup.com\/fi\/tuote\/tormayssuoja-kumia-180x125x70mm-plk\/","og_locale":"fi_FI","og_type":"article","og_title":"T\u00f6rm\u00e4yssuoja, kumia, 180x125x70mm (plk), 1 kpl &#8226; Storit","og_description":"T\u00f6rm\u00e4yssuoja, kumia, 180x125x70mm (plk), 1 kpl \u2014 kohtuulliseen hintaan. Toimitukset kaikkialle Suomeen! \u261b Tutustu tuotteeseen ja tilaa k\u00e4tev\u00e4sti STORIT-verkkokaupasta!","og_url":"https:\/\/storitgroup.com\/fi\/tuote\/tormayssuoja-kumia-180x125x70mm-plk\/","og_site_name":"Storit","article_modified_time":"2026-04-21T13:37:39+00:00","og_image":[{"width":2281,"height":1845,"url":"https:\/\/storitgroup.com\/uploads\/2025\/09\/itkkn-1.jpg","type":"image\/jpeg"}],"twitter_card":"summary_large_image","schema":{"@context":"https:\/\/schema.org","@graph":[{"@type":["WebPage","ItemPage"],"@id":"https:\/\/storitgroup.com\/fi\/tuote\/tormayssuoja-kumia-180x125x70mm-plk\/","url":"https:\/\/storitgroup.com\/fi\/tuote\/tormayssuoja-kumia-180x125x70mm-plk\/","name":"T\u00f6rm\u00e4yssuoja, kumia, 180x125x70mm (plk), 1 kpl &#8226; Storit","isPartOf":{"@id":"https:\/\/storitgroup.com\/fi\/#website"},"primaryImageOfPage":{"@id":"https:\/\/storitgroup.com\/fi\/tuote\/tormayssuoja-kumia-180x125x70mm-plk\/#primaryimage"},"image":{"@id":"https:\/\/storitgroup.com\/fi\/tuote\/tormayssuoja-kumia-180x125x70mm-plk\/#primaryimage"},"thumbnailUrl":"https:\/\/storitgroup.com\/uploads\/2025\/09\/itkkn-1.jpg","datePublished":"2025-09-03T12:08:05+00:00","dateModified":"2026-04-21T13:37:39+00:00","description":"T\u00f6rm\u00e4yssuoja, kumia, 180x125x70mm (plk), 1 kpl \u2014 kohtuulliseen hintaan. Toimitukset kaikkialle Suomeen! \u261b Tutustu tuotteeseen ja tilaa k\u00e4tev\u00e4sti STORIT-verkkokaupasta!","breadcrumb":{"@id":"https:\/\/storitgroup.com\/fi\/tuote\/tormayssuoja-kumia-180x125x70mm-plk\/#breadcrumb"},"inLanguage":"fi","potentialAction":[{"@type":"ReadAction","target":["https:\/\/storitgroup.com\/fi\/tuote\/tormayssuoja-kumia-180x125x70mm-plk\/"]}]},{"@type":"ImageObject","inLanguage":"fi","@id":"https:\/\/storitgroup.com\/fi\/tuote\/tormayssuoja-kumia-180x125x70mm-plk\/#primaryimage","url":"https:\/\/storitgroup.com\/uploads\/2025\/09\/itkkn-1.jpg","contentUrl":"https:\/\/storitgroup.com\/uploads\/2025\/09\/itkkn-1.jpg","width":2281,"height":1845},{"@type":"BreadcrumbList","@id":"https:\/\/storitgroup.com\/fi\/tuote\/tormayssuoja-kumia-180x125x70mm-plk\/#breadcrumb","itemListElement":[{"@type":"ListItem","position":1,"name":"Kotisivu","item":"https:\/\/storitgroup.com\/fi\/"},{"@type":"ListItem","position":2,"name":"Tuotteet","item":"https:\/\/storitgroup.com\/fi\/tuotteet\/"},{"@type":"ListItem","position":3,"name":"L\u00f6yt\u00f6nurkkaus","item":"https:\/\/storitgroup.com\/fi\/tuotteet\/loytonurkkaus\/"},{"@type":"ListItem","position":4,"name":"T\u00f6rm\u00e4yssuoja, kumia, 180x125x70mm (plk), 1 kpl"}]},{"@type":"WebSite","@id":"https:\/\/storitgroup.com\/fi\/#website","url":"https:\/\/storitgroup.com\/fi\/","name":"Storit","description":"","potentialAction":[{"@type":"SearchAction","target":{"@type":"EntryPoint","urlTemplate":"https:\/\/storitgroup.com\/fi\/?s={search_term_string}"},"query-input":{"@type":"PropertyValueSpecification","valueRequired":true,"valueName":"search_term_string"}}],"inLanguage":"fi"}]}},"_links":{"self":[{"href":"https:\/\/storitgroup.com\/fi\/wp-json\/wp\/v2\/product\/223874","targetHints":{"allow":["GET"]}}],"collection":[{"href":"https:\/\/storitgroup.com\/fi\/wp-json\/wp\/v2\/product"}],"about":[{"href":"https:\/\/storitgroup.com\/fi\/wp-json\/wp\/v2\/types\/product"}],"wp:featuredmedia":[{"embeddable":true,"href":"https:\/\/storitgroup.com\/fi\/wp-json\/wp\/v2\/media\/223923"}],"wp:attachment":[{"href":"https:\/\/storitgroup.com\/fi\/wp-json\/wp\/v2\/media?parent=223874"}],"wp:term":[{"taxonomy":"product_brand","embeddable":true,"href":"https:\/\/storitgroup.com\/fi\/wp-json\/wp\/v2\/product_brand?post=223874"},{"taxonomy":"product_cat","embeddable":true,"href":"https:\/\/storitgroup.com\/fi\/wp-json\/wp\/v2\/product_cat?post=223874"},{"taxonomy":"product_tag","embeddable":true,"href":"https:\/\/storitgroup.com\/fi\/wp-json\/wp\/v2\/product_tag?post=223874"}],"curies":[{"name":"wp","href":"https:\/\/api.w.org\/{rel}","templated":true}]}}