{"id":223862,"date":"2025-09-02T15:25:29","date_gmt":"2025-09-02T12:25:29","guid":{"rendered":"https:\/\/storitgroup.com\/?post_type=product&#038;p=223862"},"modified":"2026-04-09T00:02:38","modified_gmt":"2026-04-08T21:02:38","slug":"akkukayttoinen-pinoamisvaunu-pramac-gy-12-30-tasainen-nosto","status":"publish","type":"product","link":"https:\/\/storitgroup.com\/fi\/tuote\/akkukayttoinen-pinoamisvaunu-pramac-gy-12-30-tasainen-nosto\/","title":{"rendered":"Akkuk\u00e4ytt\u00f6inen pinoamisvaunu Pramac GY 12\/30, tasainen nosto"},"content":{"rendered":"<p>Nostokyky 1200 kg<br \/>Nostokorkeus 3000 mm<br \/>Kaksiosainen vakiomasto<br \/>Maston sulkukorkeus: 1980 mm<br \/>Maston avauskorkeus: 3435 mm<br \/>Haarukan sulkukorkeus: 90 mm<br \/>Pinoamisvaunun pituus haarukoihin: 561 mm<br \/>K\u00e4\u00e4nt\u00f6s\u00e4de: 1490 mm<br \/>Ty\u00f6skentelyk\u00e4yt\u00e4v\u00e4: EUR-lavalla (800&#215;1200 mm): 1952 mm<br \/>FIN-lavalla (1000&#215;1200 mm): 1997 mm<br \/>Ajonopeus (kuormalla\/ilman): 4\/4,5 km\/h<br \/>Nostonopeus (kuormalla\/ilman): 87\/130 mm\/s<br \/>Laskunopeus (kuormalla\/ilman): 137\/167 mm\/s<br \/>Sallittu kallistuskulma (kuormalla\/ilman): 5\/15 %<br \/>V\u00e4li: 30 mm<br \/>Rullat: tandem<br \/>Akku: 2 x 12 V \/ 71 Ah<br \/>Sis\u00e4\u00e4nrakennettu laturi 10 A<br \/>Paino 71 Ah akun kanssa: 614 kg<\/p>\n","protected":false},"excerpt":{"rendered":"<p>Nostokyky 1200 kg<br \/>\nNostokorkeus 3000 mm<br \/>\nKaksiosainen vakiomasto<\/p>\n","protected":false},"featured_media":224069,"template":"","meta":{"_acf_changed":false},"product_brand":[],"product_cat":[7044],"product_tag":[],"class_list":{"0":"post-223862","1":"product","2":"type-product","3":"status-publish","4":"has-post-thumbnail","6":"product_room-pieni-varasto","7":"product_room-nostovalinet","8":"product_room-kuljetus-ja-logistiikka","9":"product_room-iso-varasto","10":"product_room-varasto-pitkille-tavaroille-ja-levymateriaaleille","11":"product_cat-sahkoiset-pinoamisvaunut","13":"first","14":"onbackorder","15":"taxable","16":"shipping-taxable","17":"purchasable","18":"product-type-simple"},"acf":[],"yoast_head":"<!-- This site is optimized with the Yoast SEO plugin v27.2 - https:\/\/yoast.com\/product\/yoast-seo-wordpress\/ -->\n<title>Akkuk\u00e4ytt\u00f6inen pinoamisvaunu Pramac GY 12\/30, tasainen nosto &#8226; Storit<\/title>\n<meta name=\"description\" content=\"Akkuk\u00e4ytt\u00f6inen pinoamisvaunu Pramac GY 12\/30, tasainen nosto \u2014 kohtuulliseen hintaan. Toimitukset kaikkialle Suomeen! \u261b Tutustu tuotteeseen ja tilaa k\u00e4tev\u00e4sti STORIT-verkkokaupasta!\" \/>\n<meta name=\"robots\" content=\"index, follow, max-snippet:-1, max-image-preview:large, max-video-preview:-1\" \/>\n<link rel=\"canonical\" href=\"https:\/\/storitgroup.com\/fi\/tuote\/akkukayttoinen-pinoamisvaunu-pramac-gy-12-30-tasainen-nosto\/\" \/>\n<meta property=\"og:locale\" content=\"fi_FI\" \/>\n<meta property=\"og:type\" content=\"article\" \/>\n<meta property=\"og:title\" content=\"Akkuk\u00e4ytt\u00f6inen pinoamisvaunu Pramac GY 12\/30, tasainen nosto &#8226; Storit\" \/>\n<meta property=\"og:description\" content=\"Akkuk\u00e4ytt\u00f6inen pinoamisvaunu Pramac GY 12\/30, tasainen nosto \u2014 kohtuulliseen hintaan. Toimitukset kaikkialle Suomeen! \u261b Tutustu tuotteeseen ja tilaa k\u00e4tev\u00e4sti STORIT-verkkokaupasta!\" \/>\n<meta property=\"og:url\" content=\"https:\/\/storitgroup.com\/fi\/tuote\/akkukayttoinen-pinoamisvaunu-pramac-gy-12-30-tasainen-nosto\/\" \/>\n<meta property=\"og:site_name\" content=\"Storit\" \/>\n<meta property=\"article:modified_time\" content=\"2026-04-08T21:02:38+00:00\" \/>\n<meta property=\"og:image\" content=\"https:\/\/storitgroup.com\/uploads\/2025\/09\/lifter-gy12.30.jpg\" \/>\n\t<meta property=\"og:image:width\" content=\"238\" \/>\n\t<meta property=\"og:image:height\" content=\"538\" \/>\n\t<meta property=\"og:image:type\" content=\"image\/jpeg\" \/>\n<meta name=\"twitter:card\" content=\"summary_large_image\" \/>\n<script type=\"application\/ld+json\" class=\"yoast-schema-graph\">{\"@context\":\"https:\/\/schema.org\",\"@graph\":[{\"@type\":[\"WebPage\",\"ItemPage\"],\"@id\":\"https:\/\/storitgroup.com\/fi\/tuote\/akkukayttoinen-pinoamisvaunu-pramac-gy-12-30-tasainen-nosto\/\",\"url\":\"https:\/\/storitgroup.com\/fi\/tuote\/akkukayttoinen-pinoamisvaunu-pramac-gy-12-30-tasainen-nosto\/\",\"name\":\"Akkuk\u00e4ytt\u00f6inen pinoamisvaunu Pramac GY 12\/30, tasainen nosto &#8226; Storit\",\"isPartOf\":{\"@id\":\"https:\/\/storitgroup.com\/fi\/#website\"},\"primaryImageOfPage\":{\"@id\":\"https:\/\/storitgroup.com\/fi\/tuote\/akkukayttoinen-pinoamisvaunu-pramac-gy-12-30-tasainen-nosto\/#primaryimage\"},\"image\":{\"@id\":\"https:\/\/storitgroup.com\/fi\/tuote\/akkukayttoinen-pinoamisvaunu-pramac-gy-12-30-tasainen-nosto\/#primaryimage\"},\"thumbnailUrl\":\"https:\/\/storitgroup.com\/uploads\/2025\/09\/lifter-gy12.30.jpg\",\"datePublished\":\"2025-09-02T12:25:29+00:00\",\"dateModified\":\"2026-04-08T21:02:38+00:00\",\"description\":\"Akkuk\u00e4ytt\u00f6inen pinoamisvaunu Pramac GY 12\/30, tasainen nosto \u2014 kohtuulliseen hintaan. Toimitukset kaikkialle Suomeen! \u261b Tutustu tuotteeseen ja tilaa k\u00e4tev\u00e4sti STORIT-verkkokaupasta!\",\"breadcrumb\":{\"@id\":\"https:\/\/storitgroup.com\/fi\/tuote\/akkukayttoinen-pinoamisvaunu-pramac-gy-12-30-tasainen-nosto\/#breadcrumb\"},\"inLanguage\":\"fi\",\"potentialAction\":[{\"@type\":\"ReadAction\",\"target\":[\"https:\/\/storitgroup.com\/fi\/tuote\/akkukayttoinen-pinoamisvaunu-pramac-gy-12-30-tasainen-nosto\/\"]}]},{\"@type\":\"ImageObject\",\"inLanguage\":\"fi\",\"@id\":\"https:\/\/storitgroup.com\/fi\/tuote\/akkukayttoinen-pinoamisvaunu-pramac-gy-12-30-tasainen-nosto\/#primaryimage\",\"url\":\"https:\/\/storitgroup.com\/uploads\/2025\/09\/lifter-gy12.30.jpg\",\"contentUrl\":\"https:\/\/storitgroup.com\/uploads\/2025\/09\/lifter-gy12.30.jpg\",\"width\":238,\"height\":538},{\"@type\":\"BreadcrumbList\",\"@id\":\"https:\/\/storitgroup.com\/fi\/tuote\/akkukayttoinen-pinoamisvaunu-pramac-gy-12-30-tasainen-nosto\/#breadcrumb\",\"itemListElement\":[{\"@type\":\"ListItem\",\"position\":1,\"name\":\"Kotisivu\",\"item\":\"https:\/\/storitgroup.com\/fi\/\"},{\"@type\":\"ListItem\",\"position\":2,\"name\":\"Tuotteet\",\"item\":\"https:\/\/storitgroup.com\/fi\/tuotteet\/\"},{\"@type\":\"ListItem\",\"position\":3,\"name\":\"Varastotrukit, nostolavat, tarvikkeet\",\"item\":\"https:\/\/storitgroup.com\/fi\/varastotrukit-nostolavat-tarvikkeet\/\"},{\"@type\":\"ListItem\",\"position\":4,\"name\":\"Pinoamisvaunut\",\"item\":\"https:\/\/storitgroup.com\/fi\/varastotrukit-nostolavat-tarvikkeet\/pinoamisvaunut\/\"},{\"@type\":\"ListItem\",\"position\":5,\"name\":\"S\u00e4hk\u00f6iset pinoamisvaunut\",\"item\":\"https:\/\/storitgroup.com\/fi\/varastotrukit-nostolavat-tarvikkeet\/pinoamisvaunut\/sahkoiset-pinoamisvaunut\/\"},{\"@type\":\"ListItem\",\"position\":6,\"name\":\"Akkuk\u00e4ytt\u00f6inen pinoamisvaunu Pramac GY 12\/30, tasainen nosto\"}]},{\"@type\":\"WebSite\",\"@id\":\"https:\/\/storitgroup.com\/fi\/#website\",\"url\":\"https:\/\/storitgroup.com\/fi\/\",\"name\":\"Storit\",\"description\":\"\",\"potentialAction\":[{\"@type\":\"SearchAction\",\"target\":{\"@type\":\"EntryPoint\",\"urlTemplate\":\"https:\/\/storitgroup.com\/fi\/?s={search_term_string}\"},\"query-input\":{\"@type\":\"PropertyValueSpecification\",\"valueRequired\":true,\"valueName\":\"search_term_string\"}}],\"inLanguage\":\"fi\"}]}<\/script>\n<!-- \/ Yoast SEO plugin. -->","yoast_head_json":{"title":"Akkuk\u00e4ytt\u00f6inen pinoamisvaunu Pramac GY 12\/30, tasainen nosto &#8226; Storit","description":"Akkuk\u00e4ytt\u00f6inen pinoamisvaunu Pramac GY 12\/30, tasainen nosto \u2014 kohtuulliseen hintaan. Toimitukset kaikkialle Suomeen! \u261b Tutustu tuotteeseen ja tilaa k\u00e4tev\u00e4sti STORIT-verkkokaupasta!","robots":{"index":"index","follow":"follow","max-snippet":"max-snippet:-1","max-image-preview":"max-image-preview:large","max-video-preview":"max-video-preview:-1"},"canonical":"https:\/\/storitgroup.com\/fi\/tuote\/akkukayttoinen-pinoamisvaunu-pramac-gy-12-30-tasainen-nosto\/","og_locale":"fi_FI","og_type":"article","og_title":"Akkuk\u00e4ytt\u00f6inen pinoamisvaunu Pramac GY 12\/30, tasainen nosto &#8226; Storit","og_description":"Akkuk\u00e4ytt\u00f6inen pinoamisvaunu Pramac GY 12\/30, tasainen nosto \u2014 kohtuulliseen hintaan. Toimitukset kaikkialle Suomeen! \u261b Tutustu tuotteeseen ja tilaa k\u00e4tev\u00e4sti STORIT-verkkokaupasta!","og_url":"https:\/\/storitgroup.com\/fi\/tuote\/akkukayttoinen-pinoamisvaunu-pramac-gy-12-30-tasainen-nosto\/","og_site_name":"Storit","article_modified_time":"2026-04-08T21:02:38+00:00","og_image":[{"width":238,"height":538,"url":"https:\/\/storitgroup.com\/uploads\/2025\/09\/lifter-gy12.30.jpg","type":"image\/jpeg"}],"twitter_card":"summary_large_image","schema":{"@context":"https:\/\/schema.org","@graph":[{"@type":["WebPage","ItemPage"],"@id":"https:\/\/storitgroup.com\/fi\/tuote\/akkukayttoinen-pinoamisvaunu-pramac-gy-12-30-tasainen-nosto\/","url":"https:\/\/storitgroup.com\/fi\/tuote\/akkukayttoinen-pinoamisvaunu-pramac-gy-12-30-tasainen-nosto\/","name":"Akkuk\u00e4ytt\u00f6inen pinoamisvaunu Pramac GY 12\/30, tasainen nosto &#8226; Storit","isPartOf":{"@id":"https:\/\/storitgroup.com\/fi\/#website"},"primaryImageOfPage":{"@id":"https:\/\/storitgroup.com\/fi\/tuote\/akkukayttoinen-pinoamisvaunu-pramac-gy-12-30-tasainen-nosto\/#primaryimage"},"image":{"@id":"https:\/\/storitgroup.com\/fi\/tuote\/akkukayttoinen-pinoamisvaunu-pramac-gy-12-30-tasainen-nosto\/#primaryimage"},"thumbnailUrl":"https:\/\/storitgroup.com\/uploads\/2025\/09\/lifter-gy12.30.jpg","datePublished":"2025-09-02T12:25:29+00:00","dateModified":"2026-04-08T21:02:38+00:00","description":"Akkuk\u00e4ytt\u00f6inen pinoamisvaunu Pramac GY 12\/30, tasainen nosto \u2014 kohtuulliseen hintaan. Toimitukset kaikkialle Suomeen! \u261b Tutustu tuotteeseen ja tilaa k\u00e4tev\u00e4sti STORIT-verkkokaupasta!","breadcrumb":{"@id":"https:\/\/storitgroup.com\/fi\/tuote\/akkukayttoinen-pinoamisvaunu-pramac-gy-12-30-tasainen-nosto\/#breadcrumb"},"inLanguage":"fi","potentialAction":[{"@type":"ReadAction","target":["https:\/\/storitgroup.com\/fi\/tuote\/akkukayttoinen-pinoamisvaunu-pramac-gy-12-30-tasainen-nosto\/"]}]},{"@type":"ImageObject","inLanguage":"fi","@id":"https:\/\/storitgroup.com\/fi\/tuote\/akkukayttoinen-pinoamisvaunu-pramac-gy-12-30-tasainen-nosto\/#primaryimage","url":"https:\/\/storitgroup.com\/uploads\/2025\/09\/lifter-gy12.30.jpg","contentUrl":"https:\/\/storitgroup.com\/uploads\/2025\/09\/lifter-gy12.30.jpg","width":238,"height":538},{"@type":"BreadcrumbList","@id":"https:\/\/storitgroup.com\/fi\/tuote\/akkukayttoinen-pinoamisvaunu-pramac-gy-12-30-tasainen-nosto\/#breadcrumb","itemListElement":[{"@type":"ListItem","position":1,"name":"Kotisivu","item":"https:\/\/storitgroup.com\/fi\/"},{"@type":"ListItem","position":2,"name":"Tuotteet","item":"https:\/\/storitgroup.com\/fi\/tuotteet\/"},{"@type":"ListItem","position":3,"name":"Varastotrukit, nostolavat, tarvikkeet","item":"https:\/\/storitgroup.com\/fi\/varastotrukit-nostolavat-tarvikkeet\/"},{"@type":"ListItem","position":4,"name":"Pinoamisvaunut","item":"https:\/\/storitgroup.com\/fi\/varastotrukit-nostolavat-tarvikkeet\/pinoamisvaunut\/"},{"@type":"ListItem","position":5,"name":"S\u00e4hk\u00f6iset pinoamisvaunut","item":"https:\/\/storitgroup.com\/fi\/varastotrukit-nostolavat-tarvikkeet\/pinoamisvaunut\/sahkoiset-pinoamisvaunut\/"},{"@type":"ListItem","position":6,"name":"Akkuk\u00e4ytt\u00f6inen pinoamisvaunu Pramac GY 12\/30, tasainen nosto"}]},{"@type":"WebSite","@id":"https:\/\/storitgroup.com\/fi\/#website","url":"https:\/\/storitgroup.com\/fi\/","name":"Storit","description":"","potentialAction":[{"@type":"SearchAction","target":{"@type":"EntryPoint","urlTemplate":"https:\/\/storitgroup.com\/fi\/?s={search_term_string}"},"query-input":{"@type":"PropertyValueSpecification","valueRequired":true,"valueName":"search_term_string"}}],"inLanguage":"fi"}]}},"_links":{"self":[{"href":"https:\/\/storitgroup.com\/fi\/wp-json\/wp\/v2\/product\/223862","targetHints":{"allow":["GET"]}}],"collection":[{"href":"https:\/\/storitgroup.com\/fi\/wp-json\/wp\/v2\/product"}],"about":[{"href":"https:\/\/storitgroup.com\/fi\/wp-json\/wp\/v2\/types\/product"}],"wp:featuredmedia":[{"embeddable":true,"href":"https:\/\/storitgroup.com\/fi\/wp-json\/wp\/v2\/media\/224069"}],"wp:attachment":[{"href":"https:\/\/storitgroup.com\/fi\/wp-json\/wp\/v2\/media?parent=223862"}],"wp:term":[{"taxonomy":"product_brand","embeddable":true,"href":"https:\/\/storitgroup.com\/fi\/wp-json\/wp\/v2\/product_brand?post=223862"},{"taxonomy":"product_cat","embeddable":true,"href":"https:\/\/storitgroup.com\/fi\/wp-json\/wp\/v2\/product_cat?post=223862"},{"taxonomy":"product_tag","embeddable":true,"href":"https:\/\/storitgroup.com\/fi\/wp-json\/wp\/v2\/product_tag?post=223862"}],"curies":[{"name":"wp","href":"https:\/\/api.w.org\/{rel}","templated":true}]}}