{"id":223845,"date":"2025-08-26T13:26:33","date_gmt":"2025-08-26T10:26:33","guid":{"rendered":"https:\/\/storitgroup.com\/?post_type=product&#038;p=223845"},"modified":"2026-05-10T10:35:45","modified_gmt":"2026-05-10T07:35:45","slug":"muovilaatikko-400x300x267-mm-sininen","status":"publish","type":"product","link":"https:\/\/storitgroup.com\/fi\/tuote\/muovilaatikko-400x300x267-mm-sininen\/","title":{"rendered":"Muovilaatikko 400x300x267 mm, sininen"},"content":{"rendered":"<p>Muovilaatikko on vahvasti rakennettu, mik\u00e4 tekee siit\u00e4 kest\u00e4v\u00e4n kuormitukselle ja ulkoisille tekij\u00f6ille. Kevyt paino ja mukavat kahvat tekev\u00e4t laatikosta ergonomisen ja helposti k\u00e4sitelt\u00e4v\u00e4n.<\/p>\n","protected":false},"excerpt":{"rendered":"<p>Muovilaatikko on vahvasti rakennettu, mik\u00e4 tekee siit\u00e4 kest\u00e4v\u00e4n kuormitukselle ja ulkoisille tekij\u00f6ille. Kevyt paino ja mukavat kahvat tekev\u00e4t laatikosta ergonomisen ja helposti k\u00e4sitelt\u00e4v\u00e4n.<\/p>\n","protected":false},"featured_media":0,"template":"","meta":{"_acf_changed":false},"product_brand":[],"product_cat":[7102],"product_tag":[],"class_list":{"0":"post-223845","1":"product","2":"type-product","3":"status-publish","5":"product_room-ruuan-kasittely","6":"product_room-kaupankaynti-ja-myymalat","7":"product_room-iso-varasto","8":"product_room-pieni-varasto","9":"product_room-kotiratkaisut","10":"product_cat-muovilaatikot-muovisailiot","12":"first","13":"instock","14":"taxable","15":"shipping-taxable","16":"purchasable","17":"product-type-simple"},"acf":[],"yoast_head":"<!-- This site is optimized with the Yoast SEO plugin v27.5 - https:\/\/yoast.com\/product\/yoast-seo-wordpress\/ -->\n<title>Muovilaatikko 400x300x267 mm, sininen &#8226; Storit<\/title>\n<meta name=\"description\" content=\"Muovilaatikko 400x300x267 mm, sininen \u2014 kohtuulliseen hintaan. Toimitukset kaikkialle Suomeen! \u261b Tutustu tuotteeseen ja tilaa k\u00e4tev\u00e4sti STORIT-verkkokaupasta!\" \/>\n<meta name=\"robots\" content=\"index, follow, max-snippet:-1, max-image-preview:large, max-video-preview:-1\" \/>\n<link rel=\"canonical\" href=\"https:\/\/storitgroup.com\/fi\/tuote\/muovilaatikko-400x300x267-mm-sininen\/\" \/>\n<meta property=\"og:locale\" content=\"fi_FI\" \/>\n<meta property=\"og:type\" content=\"article\" \/>\n<meta property=\"og:title\" content=\"Muovilaatikko 400x300x267 mm, sininen &#8226; Storit\" \/>\n<meta property=\"og:description\" content=\"Muovilaatikko 400x300x267 mm, sininen \u2014 kohtuulliseen hintaan. Toimitukset kaikkialle Suomeen! \u261b Tutustu tuotteeseen ja tilaa k\u00e4tev\u00e4sti STORIT-verkkokaupasta!\" \/>\n<meta property=\"og:url\" content=\"https:\/\/storitgroup.com\/fi\/tuote\/muovilaatikko-400x300x267-mm-sininen\/\" \/>\n<meta property=\"og:site_name\" content=\"Storit\" \/>\n<meta property=\"article:modified_time\" content=\"2026-05-10T07:35:45+00:00\" \/>\n<meta name=\"twitter:card\" content=\"summary_large_image\" \/>\n<script type=\"application\/ld+json\" class=\"yoast-schema-graph\">{\"@context\":\"https:\\\/\\\/schema.org\",\"@graph\":[{\"@type\":[\"WebPage\",\"ItemPage\"],\"@id\":\"https:\\\/\\\/storitgroup.com\\\/fi\\\/tuote\\\/muovilaatikko-400x300x267-mm-sininen\\\/\",\"url\":\"https:\\\/\\\/storitgroup.com\\\/fi\\\/tuote\\\/muovilaatikko-400x300x267-mm-sininen\\\/\",\"name\":\"Muovilaatikko 400x300x267 mm, sininen &#8226; Storit\",\"isPartOf\":{\"@id\":\"https:\\\/\\\/storitgroup.com\\\/fi\\\/#website\"},\"datePublished\":\"2025-08-26T10:26:33+00:00\",\"dateModified\":\"2026-05-10T07:35:45+00:00\",\"description\":\"Muovilaatikko 400x300x267 mm, sininen \u2014 kohtuulliseen hintaan. Toimitukset kaikkialle Suomeen! \u261b Tutustu tuotteeseen ja tilaa k\u00e4tev\u00e4sti STORIT-verkkokaupasta!\",\"breadcrumb\":{\"@id\":\"https:\\\/\\\/storitgroup.com\\\/fi\\\/tuote\\\/muovilaatikko-400x300x267-mm-sininen\\\/#breadcrumb\"},\"inLanguage\":\"fi\",\"potentialAction\":[{\"@type\":\"ReadAction\",\"target\":[\"https:\\\/\\\/storitgroup.com\\\/fi\\\/tuote\\\/muovilaatikko-400x300x267-mm-sininen\\\/\"]}]},{\"@type\":\"BreadcrumbList\",\"@id\":\"https:\\\/\\\/storitgroup.com\\\/fi\\\/tuote\\\/muovilaatikko-400x300x267-mm-sininen\\\/#breadcrumb\",\"itemListElement\":[{\"@type\":\"ListItem\",\"position\":1,\"name\":\"Kotisivu\",\"item\":\"https:\\\/\\\/storitgroup.com\\\/fi\\\/\"},{\"@type\":\"ListItem\",\"position\":2,\"name\":\"Tuotteet\",\"item\":\"https:\\\/\\\/storitgroup.com\\\/fi\\\/tuotteet\\\/\"},{\"@type\":\"ListItem\",\"position\":3,\"name\":\"Varastolaatikot, s\u00e4ilytyslaatikot\",\"item\":\"https:\\\/\\\/storitgroup.com\\\/fi\\\/tuotteet\\\/varastolaatikot-sailytyslaatikot\\\/\"},{\"@type\":\"ListItem\",\"position\":4,\"name\":\"Muovilaatikot, muovis\u00e4ili\u00f6t\",\"item\":\"https:\\\/\\\/storitgroup.com\\\/fi\\\/tuotteet\\\/varastolaatikot-sailytyslaatikot\\\/muovilaatikot-muovisailiot\\\/\"},{\"@type\":\"ListItem\",\"position\":5,\"name\":\"Muovilaatikko 400x300x267 mm, sininen\"}]},{\"@type\":\"WebSite\",\"@id\":\"https:\\\/\\\/storitgroup.com\\\/fi\\\/#website\",\"url\":\"https:\\\/\\\/storitgroup.com\\\/fi\\\/\",\"name\":\"Storit\",\"description\":\"\",\"potentialAction\":[{\"@type\":\"SearchAction\",\"target\":{\"@type\":\"EntryPoint\",\"urlTemplate\":\"https:\\\/\\\/storitgroup.com\\\/fi\\\/?s={search_term_string}\"},\"query-input\":{\"@type\":\"PropertyValueSpecification\",\"valueRequired\":true,\"valueName\":\"search_term_string\"}}],\"inLanguage\":\"fi\"}]}<\/script>\n<!-- \/ Yoast SEO plugin. -->","yoast_head_json":{"title":"Muovilaatikko 400x300x267 mm, sininen &#8226; Storit","description":"Muovilaatikko 400x300x267 mm, sininen \u2014 kohtuulliseen hintaan. Toimitukset kaikkialle Suomeen! \u261b Tutustu tuotteeseen ja tilaa k\u00e4tev\u00e4sti STORIT-verkkokaupasta!","robots":{"index":"index","follow":"follow","max-snippet":"max-snippet:-1","max-image-preview":"max-image-preview:large","max-video-preview":"max-video-preview:-1"},"canonical":"https:\/\/storitgroup.com\/fi\/tuote\/muovilaatikko-400x300x267-mm-sininen\/","og_locale":"fi_FI","og_type":"article","og_title":"Muovilaatikko 400x300x267 mm, sininen &#8226; Storit","og_description":"Muovilaatikko 400x300x267 mm, sininen \u2014 kohtuulliseen hintaan. Toimitukset kaikkialle Suomeen! \u261b Tutustu tuotteeseen ja tilaa k\u00e4tev\u00e4sti STORIT-verkkokaupasta!","og_url":"https:\/\/storitgroup.com\/fi\/tuote\/muovilaatikko-400x300x267-mm-sininen\/","og_site_name":"Storit","article_modified_time":"2026-05-10T07:35:45+00:00","twitter_card":"summary_large_image","schema":{"@context":"https:\/\/schema.org","@graph":[{"@type":["WebPage","ItemPage"],"@id":"https:\/\/storitgroup.com\/fi\/tuote\/muovilaatikko-400x300x267-mm-sininen\/","url":"https:\/\/storitgroup.com\/fi\/tuote\/muovilaatikko-400x300x267-mm-sininen\/","name":"Muovilaatikko 400x300x267 mm, sininen &#8226; Storit","isPartOf":{"@id":"https:\/\/storitgroup.com\/fi\/#website"},"datePublished":"2025-08-26T10:26:33+00:00","dateModified":"2026-05-10T07:35:45+00:00","description":"Muovilaatikko 400x300x267 mm, sininen \u2014 kohtuulliseen hintaan. Toimitukset kaikkialle Suomeen! \u261b Tutustu tuotteeseen ja tilaa k\u00e4tev\u00e4sti STORIT-verkkokaupasta!","breadcrumb":{"@id":"https:\/\/storitgroup.com\/fi\/tuote\/muovilaatikko-400x300x267-mm-sininen\/#breadcrumb"},"inLanguage":"fi","potentialAction":[{"@type":"ReadAction","target":["https:\/\/storitgroup.com\/fi\/tuote\/muovilaatikko-400x300x267-mm-sininen\/"]}]},{"@type":"BreadcrumbList","@id":"https:\/\/storitgroup.com\/fi\/tuote\/muovilaatikko-400x300x267-mm-sininen\/#breadcrumb","itemListElement":[{"@type":"ListItem","position":1,"name":"Kotisivu","item":"https:\/\/storitgroup.com\/fi\/"},{"@type":"ListItem","position":2,"name":"Tuotteet","item":"https:\/\/storitgroup.com\/fi\/tuotteet\/"},{"@type":"ListItem","position":3,"name":"Varastolaatikot, s\u00e4ilytyslaatikot","item":"https:\/\/storitgroup.com\/fi\/tuotteet\/varastolaatikot-sailytyslaatikot\/"},{"@type":"ListItem","position":4,"name":"Muovilaatikot, muovis\u00e4ili\u00f6t","item":"https:\/\/storitgroup.com\/fi\/tuotteet\/varastolaatikot-sailytyslaatikot\/muovilaatikot-muovisailiot\/"},{"@type":"ListItem","position":5,"name":"Muovilaatikko 400x300x267 mm, sininen"}]},{"@type":"WebSite","@id":"https:\/\/storitgroup.com\/fi\/#website","url":"https:\/\/storitgroup.com\/fi\/","name":"Storit","description":"","potentialAction":[{"@type":"SearchAction","target":{"@type":"EntryPoint","urlTemplate":"https:\/\/storitgroup.com\/fi\/?s={search_term_string}"},"query-input":{"@type":"PropertyValueSpecification","valueRequired":true,"valueName":"search_term_string"}}],"inLanguage":"fi"}]}},"_links":{"self":[{"href":"https:\/\/storitgroup.com\/fi\/wp-json\/wp\/v2\/product\/223845","targetHints":{"allow":["GET"]}}],"collection":[{"href":"https:\/\/storitgroup.com\/fi\/wp-json\/wp\/v2\/product"}],"about":[{"href":"https:\/\/storitgroup.com\/fi\/wp-json\/wp\/v2\/types\/product"}],"wp:attachment":[{"href":"https:\/\/storitgroup.com\/fi\/wp-json\/wp\/v2\/media?parent=223845"}],"wp:term":[{"taxonomy":"product_brand","embeddable":true,"href":"https:\/\/storitgroup.com\/fi\/wp-json\/wp\/v2\/product_brand?post=223845"},{"taxonomy":"product_cat","embeddable":true,"href":"https:\/\/storitgroup.com\/fi\/wp-json\/wp\/v2\/product_cat?post=223845"},{"taxonomy":"product_tag","embeddable":true,"href":"https:\/\/storitgroup.com\/fi\/wp-json\/wp\/v2\/product_tag?post=223845"}],"curies":[{"name":"wp","href":"https:\/\/api.w.org\/{rel}","templated":true}]}}